{"id":87616,"date":"2024-03-21T17:18:40","date_gmt":"2024-03-21T17:18:40","guid":{"rendered":"https:\/\/www.lifenatura.com\/produto\/glutation-30-capsulas-liposomia\/"},"modified":"2024-03-21T18:23:23","modified_gmt":"2024-03-21T18:23:23","slug":"glutation-30-capsulas-liposomia","status":"publish","type":"product","link":"https:\/\/www.lifenatura.com\/es\/produto\/glutation-30-capsulas-liposomia\/","title":{"rendered":"Glutati\u00f3n 30 c\u00e1psulas &#8211; Liposomia"},"content":{"rendered":"<h2 style=\"text-align: left;\">Glutati\u00f3n El principal antioxidante del organismo<\/h2>\n<p>&nbsp;<\/p>\n<p>El glutati\u00f3n es un suplemento nutricional revolucionario dise\u00f1ado para proporcionar protecci\u00f3n antioxidante y desintoxicaci\u00f3n celular avanzada. Con una f\u00f3rmula que utiliza la tecnolog\u00eda liposomal para mejorar la absorci\u00f3n, este producto ofrece una forma muy eficaz de obtener los beneficios del glutati\u00f3n, un potente antioxidante producido naturalmente por el organismo. Con un aporte adicional de otros nutrientes que potencian su acci\u00f3n, este suplemento es la opci\u00f3n ideal para quienes buscan una forma eficaz de proteger las c\u00e9lulas contra los da\u00f1os causados por los radicales libres y promover una salud \u00f3ptima.<\/p>\n<p><strong>Principales ventajas:<\/strong><\/p>\n<ul>\n<li><strong>Protecci\u00f3n antioxidante:<\/strong> el glutati\u00f3n es uno de los antioxidantes m\u00e1s potentes producidos por el cuerpo humano. Desempe\u00f1a un papel fundamental en la neutralizaci\u00f3n de los radicales libres, protegiendo a las c\u00e9lulas de los da\u00f1os causados por el estr\u00e9s oxidativo. El Complejo de Glutati\u00f3n ayuda a reforzar las defensas antioxidantes del organismo, previniendo el envejecimiento prematuro y favoreciendo una piel m\u00e1s sana.<\/li>\n<li><strong>Desintoxicaci\u00f3n celular:<\/strong> adem\u00e1s de su papel como antioxidante, el glutati\u00f3n tambi\u00e9n es conocido por sus propiedades desintoxicantes. Ayuda a eliminar toxinas y sustancias nocivas del organismo, protegiendo el h\u00edgado y otros \u00f3rganos de posibles da\u00f1os y favoreciendo la salud del sistema de desintoxicaci\u00f3n del cuerpo.<\/li>\n<li><strong>Apoyo al sistema inmunitario:<\/strong> el glutati\u00f3n desempe\u00f1a un papel crucial en el buen funcionamiento del sistema inmunitario, ayudando a reforzar las defensas del organismo contra infecciones y enfermedades. Este suplemento refuerza el sistema inmunitario, garantizando que el organismo disponga de los recursos necesarios para combatir eficazmente las amenazas para la salud.<\/li>\n<li><strong>Fomento de la salud cardiovascular:<\/strong> los estudios sugieren que el glutati\u00f3n puede ayudar a proteger la salud cardiovascular reduciendo el riesgo de enfermedades cardiovasculares. Ayuda a reducir la inflamaci\u00f3n y el estr\u00e9s oxidativo, mejorando la funci\u00f3n de los vasos sangu\u00edneos y favoreciendo una circulaci\u00f3n adecuada.<\/li>\n<\/ul>\n<p><strong>PRESENTACI\u00d3N<\/strong><\/p>\n<p>30 c\u00e1psulas<\/p>\n<p>&nbsp;<\/p>\n","protected":false},"excerpt":{"rendered":"<p>El glutati\u00f3n es un suplemento que proporciona protecci\u00f3n antioxidante y desintoxicaci\u00f3n celular avanzada. Con un aporte adicional de otros nutrientes que potencian su acci\u00f3n. [&#8230;]<\/p>\n<p><a class=\"btn btn-secondary understrap-read-more-link\" href=\"https:\/\/www.lifenatura.com\/es\/produto\/glutation-30-capsulas-liposomia\/\">Leer m\u00e1s&#8230;<span class=\"screen-reader-text\"> from Glutati\u00f3n 30 c\u00e1psulas &#8211; Liposomia<\/span><\/a><\/p>\n","protected":false},"featured_media":87290,"template":"","meta":{"_acf_changed":false},"product_brand":[8448],"product_cat":[7236,7211,7179],"product_tag":[],"class_list":{"0":"post-87616","1":"product","2":"type-product","3":"status-publish","4":"has-post-thumbnail","6":"product_brand-liposomia","7":"product_cat-antioxidantes-salud","8":"product_cat-reforza-la-inmunidad-salud","9":"product_cat-salud","11":"first","12":"instock","13":"shipping-taxable","14":"purchasable","15":"product-type-simple","16":"add-to-wishlist-before_image"},"acf":[],"yoast_head":"<!-- This site is optimized with the Yoast SEO Premium plugin v27.1 (Yoast SEO v27.5) - https:\/\/yoast.com\/product\/yoast-seo-premium-wordpress\/ -->\n<title>Glutati\u00f3n 30 c\u00e1psulas - Liposomia - Na Lifenatura ao Melhor Pre\u00e7o | Envio em 48h<\/title>\n<meta name=\"description\" content=\"El glutati\u00f3n de Liposomia proporciona una protecci\u00f3n antioxidante y una desintoxicaci\u00f3n celular avanzada. Con nutrientes adicionalesque potencian su acci\u00f3n.\" \/>\n<meta name=\"robots\" content=\"index, follow, max-snippet:-1, max-image-preview:large, max-video-preview:-1\" \/>\n<link rel=\"canonical\" href=\"https:\/\/www.lifenatura.com\/es\/produto\/glutation-30-capsulas-liposomia\/\" \/>\n<meta property=\"og:locale\" content=\"es_ES\" \/>\n<meta property=\"og:type\" content=\"article\" \/>\n<meta property=\"og:title\" content=\"Glutati\u00f3n 30 c\u00e1psulas - Liposomia - Na Lifenatura ao Melhor Pre\u00e7o | Envio 48h\" \/>\n<meta property=\"og:description\" content=\"Compre Glutati\u00f3n 30 c\u00e1psulas - Liposomia com envio r\u00e1pido. Entrega em 48h e portes gr\u00e1tis em compras &gt;35\u20ac. Aproveite j\u00e1 na Lifenatura\" \/>\n<meta property=\"og:url\" content=\"https:\/\/www.lifenatura.com\/es\/produto\/glutation-30-capsulas-liposomia\/\" \/>\n<meta property=\"og:site_name\" content=\"Lifenatura\" \/>\n<meta property=\"article:publisher\" content=\"https:\/\/www.facebook.com\/lifenatura\" \/>\n<meta property=\"article:modified_time\" content=\"2024-03-21T18:23:23+00:00\" \/>\n<meta property=\"og:image\" content=\"https:\/\/www.lifenatura.com\/wp-content\/uploads\/2024\/03\/Glutathion-30-capsulas-Liposomia.jpg\" \/>\n\t<meta property=\"og:image:width\" content=\"1000\" \/>\n\t<meta property=\"og:image:height\" content=\"1000\" \/>\n\t<meta property=\"og:image:type\" content=\"image\/jpeg\" \/>\n<meta name=\"twitter:card\" content=\"summary_large_image\" \/>\n<meta name=\"twitter:label1\" content=\"Precio\" \/>\n\t<meta name=\"twitter:data1\" content=\"25,55&nbsp;&euro;\" \/>\n\t<meta name=\"twitter:label2\" content=\"Disponibilidad\" \/>\n\t<meta name=\"twitter:data2\" content=\"Disponible\" \/>\n<script type=\"application\/ld+json\" class=\"yoast-schema-graph\">{\"@context\":\"https:\\\/\\\/schema.org\",\"@graph\":[{\"@type\":\"WebPage\",\"@id\":\"https:\\\/\\\/www.lifenatura.com\\\/es\\\/produto\\\/glutation-30-capsulas-liposomia\\\/\",\"url\":\"https:\\\/\\\/www.lifenatura.com\\\/es\\\/produto\\\/glutation-30-capsulas-liposomia\\\/\",\"name\":\"Glutati\u00f3n 30 c\u00e1psulas - Liposomia - Na Lifenatura ao Melhor Pre\u00e7o | Envio em 48h\",\"isPartOf\":{\"@id\":\"https:\\\/\\\/www.lifenatura.com\\\/es\\\/#website\"},\"primaryImageOfPage\":{\"@id\":\"https:\\\/\\\/www.lifenatura.com\\\/es\\\/produto\\\/glutation-30-capsulas-liposomia\\\/#primaryimage\"},\"image\":{\"@id\":\"https:\\\/\\\/www.lifenatura.com\\\/es\\\/produto\\\/glutation-30-capsulas-liposomia\\\/#primaryimage\"},\"thumbnailUrl\":\"https:\\\/\\\/www.lifenatura.com\\\/wp-content\\\/uploads\\\/2024\\\/03\\\/Glutathion-30-capsulas-Liposomia.jpg\",\"datePublished\":\"2024-03-21T17:18:40+00:00\",\"dateModified\":\"2024-03-21T18:23:23+00:00\",\"description\":\"El glutati\u00f3n de Liposomia proporciona una protecci\u00f3n antioxidante y una desintoxicaci\u00f3n celular avanzada. Con nutrientes adicionalesque potencian su acci\u00f3n.\",\"breadcrumb\":{\"@id\":\"https:\\\/\\\/www.lifenatura.com\\\/es\\\/produto\\\/glutation-30-capsulas-liposomia\\\/#breadcrumb\"},\"inLanguage\":\"es\",\"potentialAction\":[{\"@type\":\"ReadAction\",\"target\":[\"https:\\\/\\\/www.lifenatura.com\\\/es\\\/produto\\\/glutation-30-capsulas-liposomia\\\/\"]}]},{\"@type\":\"ImageObject\",\"inLanguage\":\"es\",\"@id\":\"https:\\\/\\\/www.lifenatura.com\\\/es\\\/produto\\\/glutation-30-capsulas-liposomia\\\/#primaryimage\",\"url\":\"https:\\\/\\\/www.lifenatura.com\\\/wp-content\\\/uploads\\\/2024\\\/03\\\/Glutathion-30-capsulas-Liposomia.jpg\",\"contentUrl\":\"https:\\\/\\\/www.lifenatura.com\\\/wp-content\\\/uploads\\\/2024\\\/03\\\/Glutathion-30-capsulas-Liposomia.jpg\",\"width\":1000,\"height\":1000,\"caption\":\"Glutati\u00f3n 30 c\u00e1psulas - Liposomia\"},{\"@type\":\"BreadcrumbList\",\"@id\":\"https:\\\/\\\/www.lifenatura.com\\\/es\\\/produto\\\/glutation-30-capsulas-liposomia\\\/#breadcrumb\",\"itemListElement\":[{\"@type\":\"ListItem\",\"position\":1,\"name\":\"In\u00edcio\",\"item\":\"https:\\\/\\\/www.lifenatura.com\\\/es\\\/\"},{\"@type\":\"ListItem\",\"position\":2,\"name\":\"Todos los Productos\",\"item\":\"https:\\\/\\\/www.lifenatura.com\\\/es\\\/tienda\\\/\"},{\"@type\":\"ListItem\",\"position\":3,\"name\":\"Glutati\u00f3n 30 c\u00e1psulas &#8211; Liposomia\"}]},{\"@type\":\"WebSite\",\"@id\":\"https:\\\/\\\/www.lifenatura.com\\\/es\\\/#website\",\"url\":\"https:\\\/\\\/www.lifenatura.com\\\/es\\\/\",\"name\":\"Lifenatura\",\"description\":\"A Lifenatura \u00e9 uma loja de produtos naturais, cosm\u00e9tica natural e alimenta\u00e7\u00e3o Biol\u00f3gica.\",\"publisher\":{\"@id\":\"https:\\\/\\\/www.lifenatura.com\\\/es\\\/#organization\"},\"potentialAction\":[{\"@type\":\"SearchAction\",\"target\":{\"@type\":\"EntryPoint\",\"urlTemplate\":\"https:\\\/\\\/www.lifenatura.com\\\/es\\\/?s={search_term_string}\"},\"query-input\":{\"@type\":\"PropertyValueSpecification\",\"valueRequired\":true,\"valueName\":\"search_term_string\"}}],\"inLanguage\":\"es\"},{\"@type\":\"Organization\",\"@id\":\"https:\\\/\\\/www.lifenatura.com\\\/es\\\/#organization\",\"name\":\"Lifenatura\",\"url\":\"https:\\\/\\\/www.lifenatura.com\\\/es\\\/\",\"logo\":{\"@type\":\"ImageObject\",\"inLanguage\":\"es\",\"@id\":\"https:\\\/\\\/www.lifenatura.com\\\/es\\\/#\\\/schema\\\/logo\\\/image\\\/\",\"url\":\"https:\\\/\\\/www.lifenatura.com\\\/wp-content\\\/uploads\\\/2021\\\/07\\\/logo.png\",\"contentUrl\":\"https:\\\/\\\/www.lifenatura.com\\\/wp-content\\\/uploads\\\/2021\\\/07\\\/logo.png\",\"width\":175,\"height\":55,\"caption\":\"Lifenatura\"},\"image\":{\"@id\":\"https:\\\/\\\/www.lifenatura.com\\\/es\\\/#\\\/schema\\\/logo\\\/image\\\/\"},\"sameAs\":[\"https:\\\/\\\/www.facebook.com\\\/lifenatura\",\"https:\\\/\\\/www.instagram.com\\\/lifenaturapt\\\/\"],\"hasMerchantReturnPolicy\":{\"@type\":\"MerchantReturnPolicy\",\"merchantReturnLink\":\"https:\\\/\\\/www.lifenatura.com\\\/termos-condicoes-lifenatura\\\/\"}}]}<\/script>\n<meta property=\"product:price:amount\" content=\"25.55\" \/>\n<meta property=\"product:price:currency\" content=\"EUR\" \/>\n<meta property=\"og:availability\" content=\"instock\" \/>\n<meta property=\"product:availability\" content=\"instock\" \/>\n<meta property=\"product:retailer_item_id\" content=\"3760293914626\" \/>\n<meta property=\"product:condition\" content=\"new\" \/>\n<!-- \/ Yoast SEO Premium plugin. -->","yoast_head_json":{"title":"Glutati\u00f3n 30 c\u00e1psulas - Liposomia - Na Lifenatura ao Melhor Pre\u00e7o | Envio em 48h","description":"El glutati\u00f3n de Liposomia proporciona una protecci\u00f3n antioxidante y una desintoxicaci\u00f3n celular avanzada. Con nutrientes adicionalesque potencian su acci\u00f3n.","robots":{"index":"index","follow":"follow","max-snippet":"max-snippet:-1","max-image-preview":"max-image-preview:large","max-video-preview":"max-video-preview:-1"},"canonical":"https:\/\/www.lifenatura.com\/es\/produto\/glutation-30-capsulas-liposomia\/","og_locale":"es_ES","og_type":"article","og_title":"Glutati\u00f3n 30 c\u00e1psulas - Liposomia - Na Lifenatura ao Melhor Pre\u00e7o | Envio 48h","og_description":"Compre Glutati\u00f3n 30 c\u00e1psulas - Liposomia com envio r\u00e1pido. Entrega em 48h e portes gr\u00e1tis em compras >35\u20ac. Aproveite j\u00e1 na Lifenatura","og_url":"https:\/\/www.lifenatura.com\/es\/produto\/glutation-30-capsulas-liposomia\/","og_site_name":"Lifenatura","article_publisher":"https:\/\/www.facebook.com\/lifenatura","article_modified_time":"2024-03-21T18:23:23+00:00","og_image":[{"width":1000,"height":1000,"url":"https:\/\/www.lifenatura.com\/wp-content\/uploads\/2024\/03\/Glutathion-30-capsulas-Liposomia.jpg","type":"image\/jpeg"}],"twitter_card":"summary_large_image","twitter_misc":{"Precio":"25,55&nbsp;&euro;","Disponibilidad":"Disponible"},"schema":{"@context":"https:\/\/schema.org","@graph":[{"@type":"WebPage","@id":"https:\/\/www.lifenatura.com\/es\/produto\/glutation-30-capsulas-liposomia\/","url":"https:\/\/www.lifenatura.com\/es\/produto\/glutation-30-capsulas-liposomia\/","name":"Glutati\u00f3n 30 c\u00e1psulas - Liposomia - Na Lifenatura ao Melhor Pre\u00e7o | Envio em 48h","isPartOf":{"@id":"https:\/\/www.lifenatura.com\/es\/#website"},"primaryImageOfPage":{"@id":"https:\/\/www.lifenatura.com\/es\/produto\/glutation-30-capsulas-liposomia\/#primaryimage"},"image":{"@id":"https:\/\/www.lifenatura.com\/es\/produto\/glutation-30-capsulas-liposomia\/#primaryimage"},"thumbnailUrl":"https:\/\/www.lifenatura.com\/wp-content\/uploads\/2024\/03\/Glutathion-30-capsulas-Liposomia.jpg","datePublished":"2024-03-21T17:18:40+00:00","dateModified":"2024-03-21T18:23:23+00:00","description":"El glutati\u00f3n de Liposomia proporciona una protecci\u00f3n antioxidante y una desintoxicaci\u00f3n celular avanzada. Con nutrientes adicionalesque potencian su acci\u00f3n.","breadcrumb":{"@id":"https:\/\/www.lifenatura.com\/es\/produto\/glutation-30-capsulas-liposomia\/#breadcrumb"},"inLanguage":"es","potentialAction":[{"@type":"ReadAction","target":["https:\/\/www.lifenatura.com\/es\/produto\/glutation-30-capsulas-liposomia\/"]}]},{"@type":"ImageObject","inLanguage":"es","@id":"https:\/\/www.lifenatura.com\/es\/produto\/glutation-30-capsulas-liposomia\/#primaryimage","url":"https:\/\/www.lifenatura.com\/wp-content\/uploads\/2024\/03\/Glutathion-30-capsulas-Liposomia.jpg","contentUrl":"https:\/\/www.lifenatura.com\/wp-content\/uploads\/2024\/03\/Glutathion-30-capsulas-Liposomia.jpg","width":1000,"height":1000,"caption":"Glutati\u00f3n 30 c\u00e1psulas - Liposomia"},{"@type":"BreadcrumbList","@id":"https:\/\/www.lifenatura.com\/es\/produto\/glutation-30-capsulas-liposomia\/#breadcrumb","itemListElement":[{"@type":"ListItem","position":1,"name":"In\u00edcio","item":"https:\/\/www.lifenatura.com\/es\/"},{"@type":"ListItem","position":2,"name":"Todos los Productos","item":"https:\/\/www.lifenatura.com\/es\/tienda\/"},{"@type":"ListItem","position":3,"name":"Glutati\u00f3n 30 c\u00e1psulas &#8211; Liposomia"}]},{"@type":"WebSite","@id":"https:\/\/www.lifenatura.com\/es\/#website","url":"https:\/\/www.lifenatura.com\/es\/","name":"Lifenatura","description":"A Lifenatura \u00e9 uma loja de produtos naturais, cosm\u00e9tica natural e alimenta\u00e7\u00e3o Biol\u00f3gica.","publisher":{"@id":"https:\/\/www.lifenatura.com\/es\/#organization"},"potentialAction":[{"@type":"SearchAction","target":{"@type":"EntryPoint","urlTemplate":"https:\/\/www.lifenatura.com\/es\/?s={search_term_string}"},"query-input":{"@type":"PropertyValueSpecification","valueRequired":true,"valueName":"search_term_string"}}],"inLanguage":"es"},{"@type":"Organization","@id":"https:\/\/www.lifenatura.com\/es\/#organization","name":"Lifenatura","url":"https:\/\/www.lifenatura.com\/es\/","logo":{"@type":"ImageObject","inLanguage":"es","@id":"https:\/\/www.lifenatura.com\/es\/#\/schema\/logo\/image\/","url":"https:\/\/www.lifenatura.com\/wp-content\/uploads\/2021\/07\/logo.png","contentUrl":"https:\/\/www.lifenatura.com\/wp-content\/uploads\/2021\/07\/logo.png","width":175,"height":55,"caption":"Lifenatura"},"image":{"@id":"https:\/\/www.lifenatura.com\/es\/#\/schema\/logo\/image\/"},"sameAs":["https:\/\/www.facebook.com\/lifenatura","https:\/\/www.instagram.com\/lifenaturapt\/"],"hasMerchantReturnPolicy":{"@type":"MerchantReturnPolicy","merchantReturnLink":"https:\/\/www.lifenatura.com\/termos-condicoes-lifenatura\/"}}]},"product_price_amount":"25.55","product_price_currency":"EUR","og_availability":"instock","product_availability":"instock","product_retailer_item_id":"3760293914626","product_condition":"new"},"df_price":25.55,"df_sale_price":"","df_regular_price":25.55,"df_image_link":"https:\/\/www.lifenatura.com\/wp-content\/uploads\/2024\/03\/Glutathion-30-capsulas-Liposomia-300x300.jpg","_links":{"self":[{"href":"https:\/\/www.lifenatura.com\/es\/wp-json\/wp\/v2\/product\/87616","targetHints":{"allow":["GET"]}}],"collection":[{"href":"https:\/\/www.lifenatura.com\/es\/wp-json\/wp\/v2\/product"}],"about":[{"href":"https:\/\/www.lifenatura.com\/es\/wp-json\/wp\/v2\/types\/product"}],"wp:featuredmedia":[{"embeddable":true,"href":"https:\/\/www.lifenatura.com\/es\/wp-json\/wp\/v2\/media\/87290"}],"wp:attachment":[{"href":"https:\/\/www.lifenatura.com\/es\/wp-json\/wp\/v2\/media?parent=87616"}],"wp:term":[{"taxonomy":"product_brand","embeddable":true,"href":"https:\/\/www.lifenatura.com\/es\/wp-json\/wp\/v2\/product_brand?post=87616"},{"taxonomy":"product_cat","embeddable":true,"href":"https:\/\/www.lifenatura.com\/es\/wp-json\/wp\/v2\/product_cat?post=87616"},{"taxonomy":"product_tag","embeddable":true,"href":"https:\/\/www.lifenatura.com\/es\/wp-json\/wp\/v2\/product_tag?post=87616"}],"curies":[{"name":"wp","href":"https:\/\/api.w.org\/{rel}","templated":true}]}}