{"id":87614,"date":"2024-03-21T17:40:22","date_gmt":"2024-03-21T17:40:22","guid":{"rendered":"https:\/\/www.lifenatura.com\/produto\/magnesio-60-capsulas-liposomia\/"},"modified":"2026-04-21T00:01:51","modified_gmt":"2026-04-21T00:01:51","slug":"magnesio-60-capsulas-liposomia","status":"publish","type":"product","link":"https:\/\/www.lifenatura.com\/es\/produto\/magnesio-60-capsulas-liposomia\/","title":{"rendered":"Magnesio+ 60 c\u00e1psulas &#8211; Liposomia"},"content":{"rendered":"<h2 style=\"text-align: left;\">El magnesio+ contribuye a la funci\u00f3n muscular y regula el sistema nervioso<\/h2>\n<p>&nbsp;<\/p>\n<p>Magnesio+ es un suplemento nutricional innovador dise\u00f1ado para promover la salud \u00f3sea y muscular, adem\u00e1s de ofrecer otros beneficios para el organismo. Con una f\u00f3rmula que utiliza la tecnolog\u00eda liposomal para mejorar la absorci\u00f3n, este producto ofrece una forma muy eficaz de obtener los beneficios del magnesio, un mineral esencial para el buen funcionamiento del organismo.<\/p>\n<p>Con un aporte adicional de otros nutrientes que mejoran su absorci\u00f3n, este suplemento es la opci\u00f3n ideal para quienes buscan una forma eficaz de fortalecer los huesos, promover la salud muscular y mejorar el bienestar general.<\/p>\n<p><strong>Principales ventajas<\/strong><\/p>\n<ul>\n<li><strong>Salud \u00f3sea:<\/strong> El magnesio desempe\u00f1a un papel crucial en la salud \u00f3sea, ayudando a fortalecer los huesos y a prevenir enfermedades como la osteoporosis. Magnesio+ aporta una dosis adecuada de este mineral esencial, favoreciendo la formaci\u00f3n y el mantenimiento de unos huesos fuertes y sanos.<\/li>\n<li><strong>Salud muscular:<\/strong> Adem\u00e1s de su importancia para los huesos, el magnesio tambi\u00e9n es esencial para la salud muscular. Ayuda a relajar los m\u00fasculos, reduciendo la tensi\u00f3n y evitando calambres y espasmos. Magnesio+ favorece la funci\u00f3n muscular adecuada, fomentando el rendimiento f\u00edsico y la recuperaci\u00f3n despu\u00e9s del ejercicio.<\/li>\n<li><strong>Regulaci\u00f3n del metabolismo:<\/strong> El magnesio desempe\u00f1a un papel crucial en diversos procesos metab\u00f3licos del organismo, como la producci\u00f3n de energ\u00eda y la s\u00edntesis de prote\u00ednas. Magnesio+ ayuda a regular el metabolismo, garantizando que el organismo disponga de los nutrientes que necesita para funcionar eficazmente.<\/li>\n<li><strong>Reducci\u00f3n del estr\u00e9s y la ansiedad:<\/strong> Los estudios demuestran que el magnesio puede ayudar a reducir los niveles de estr\u00e9s y ansiedad, fomentando una sensaci\u00f3n de calma y bienestar. Magnesium+ proporciona apoyo al sistema nervioso, ayudando a aliviar el estr\u00e9s y a promover una mejor calidad de vida.<\/li>\n<\/ul>\n<p><strong>PRESENTACI\u00d3N<\/strong><\/p>\n<p>60 c\u00e1psulas<\/p>\n<p>&nbsp;<\/p>\n","protected":false},"excerpt":{"rendered":"<p>Magnesio+ Liposom\u00eda ofrece una forma muy eficaz de obtener los beneficios del magnesio, un mineral esencial para el buen funcionamiento del organismo. Desarrollado para promover la salud \u00f3sea y muscular, adem\u00e1s de ofrecer otros beneficios para el organismo. [&#8230;]<\/p>\n<p><a class=\"btn btn-secondary understrap-read-more-link\" href=\"https:\/\/www.lifenatura.com\/es\/produto\/magnesio-60-capsulas-liposomia\/\">Leer m\u00e1s&#8230;<span class=\"screen-reader-text\"> from Magnesio+ 60 c\u00e1psulas &#8211; Liposomia<\/span><\/a><\/p>\n","protected":false},"featured_media":87292,"template":"","meta":{"_acf_changed":false},"product_brand":[8448],"product_cat":[7205,7740,7206],"product_tag":[],"class_list":{"0":"post-87614","1":"product","2":"type-product","3":"status-publish","4":"has-post-thumbnail","6":"product_brand-liposomia","7":"product_cat-articulaciones","8":"product_cat-magnesio-es","9":"product_cat-musculos-salud","11":"first","12":"instock","13":"sale","14":"featured","15":"shipping-taxable","16":"purchasable","17":"product-type-simple","18":"add-to-wishlist-before_image"},"acf":[],"yoast_head":"<!-- This site is optimized with the Yoast SEO Premium plugin v27.1 (Yoast SEO v27.4) - https:\/\/yoast.com\/product\/yoast-seo-premium-wordpress\/ -->\n<title>Magnesio+ 60 c\u00e1psulas - Liposomia - Na Lifenatura ao Melhor Pre\u00e7o | Envio em 48h<\/title>\n<meta name=\"description\" content=\"Magnesio+ Liposom\u00eda es un suplemento dise\u00f1ado para promover la salud \u00f3sea y muscular, adem\u00e1s de ofrecer otros beneficios para el organismo.\" \/>\n<meta name=\"robots\" content=\"index, follow, max-snippet:-1, max-image-preview:large, max-video-preview:-1\" \/>\n<link rel=\"canonical\" href=\"https:\/\/www.lifenatura.com\/es\/produto\/magnesio-60-capsulas-liposomia\/\" \/>\n<meta property=\"og:locale\" content=\"es_ES\" \/>\n<meta property=\"og:type\" content=\"article\" \/>\n<meta property=\"og:title\" content=\"Magnesio+ 60 c\u00e1psulas - Liposomia - Na Lifenatura ao Melhor Pre\u00e7o | Envio 48h\" \/>\n<meta property=\"og:description\" content=\"Compre Magnesio+ 60 c\u00e1psulas - Liposomia com envio r\u00e1pido. Entrega em 48h e portes gr\u00e1tis em compras &gt;35\u20ac. Aproveite j\u00e1 na Lifenatura\" \/>\n<meta property=\"og:url\" content=\"https:\/\/www.lifenatura.com\/es\/produto\/magnesio-60-capsulas-liposomia\/\" \/>\n<meta property=\"og:site_name\" content=\"Lifenatura\" \/>\n<meta property=\"article:publisher\" content=\"https:\/\/www.facebook.com\/lifenatura\" \/>\n<meta property=\"article:modified_time\" content=\"2026-04-21T00:01:51+00:00\" \/>\n<meta property=\"og:image\" content=\"https:\/\/www.lifenatura.com\/wp-content\/uploads\/2024\/03\/Magnesium-60-capsulas-Liposomia-.jpg\" \/>\n\t<meta property=\"og:image:width\" content=\"1000\" \/>\n\t<meta property=\"og:image:height\" content=\"1000\" \/>\n\t<meta property=\"og:image:type\" content=\"image\/jpeg\" \/>\n<meta name=\"twitter:card\" content=\"summary_large_image\" \/>\n<meta name=\"twitter:label1\" content=\"Precio\" \/>\n\t<meta name=\"twitter:data1\" content=\"18,61&nbsp;&euro;\" \/>\n\t<meta name=\"twitter:label2\" content=\"Disponibilidad\" \/>\n\t<meta name=\"twitter:data2\" content=\"Disponible\" \/>\n<script type=\"application\/ld+json\" class=\"yoast-schema-graph\">{\"@context\":\"https:\\\/\\\/schema.org\",\"@graph\":[{\"@type\":\"WebPage\",\"@id\":\"https:\\\/\\\/www.lifenatura.com\\\/es\\\/produto\\\/magnesio-60-capsulas-liposomia\\\/\",\"url\":\"https:\\\/\\\/www.lifenatura.com\\\/es\\\/produto\\\/magnesio-60-capsulas-liposomia\\\/\",\"name\":\"Magnesio+ 60 c\u00e1psulas - Liposomia - Na Lifenatura ao Melhor Pre\u00e7o | Envio em 48h\",\"isPartOf\":{\"@id\":\"https:\\\/\\\/www.lifenatura.com\\\/es\\\/#website\"},\"primaryImageOfPage\":{\"@id\":\"https:\\\/\\\/www.lifenatura.com\\\/es\\\/produto\\\/magnesio-60-capsulas-liposomia\\\/#primaryimage\"},\"image\":{\"@id\":\"https:\\\/\\\/www.lifenatura.com\\\/es\\\/produto\\\/magnesio-60-capsulas-liposomia\\\/#primaryimage\"},\"thumbnailUrl\":\"https:\\\/\\\/www.lifenatura.com\\\/wp-content\\\/uploads\\\/2024\\\/03\\\/Magnesium-60-capsulas-Liposomia-.jpg\",\"datePublished\":\"2024-03-21T17:40:22+00:00\",\"dateModified\":\"2026-04-21T00:01:51+00:00\",\"description\":\"Magnesio+ Liposom\u00eda es un suplemento dise\u00f1ado para promover la salud \u00f3sea y muscular, adem\u00e1s de ofrecer otros beneficios para el organismo.\",\"breadcrumb\":{\"@id\":\"https:\\\/\\\/www.lifenatura.com\\\/es\\\/produto\\\/magnesio-60-capsulas-liposomia\\\/#breadcrumb\"},\"inLanguage\":\"es\",\"potentialAction\":[{\"@type\":\"ReadAction\",\"target\":[\"https:\\\/\\\/www.lifenatura.com\\\/es\\\/produto\\\/magnesio-60-capsulas-liposomia\\\/\"]}]},{\"@type\":\"ImageObject\",\"inLanguage\":\"es\",\"@id\":\"https:\\\/\\\/www.lifenatura.com\\\/es\\\/produto\\\/magnesio-60-capsulas-liposomia\\\/#primaryimage\",\"url\":\"https:\\\/\\\/www.lifenatura.com\\\/wp-content\\\/uploads\\\/2024\\\/03\\\/Magnesium-60-capsulas-Liposomia-.jpg\",\"contentUrl\":\"https:\\\/\\\/www.lifenatura.com\\\/wp-content\\\/uploads\\\/2024\\\/03\\\/Magnesium-60-capsulas-Liposomia-.jpg\",\"width\":1000,\"height\":1000,\"caption\":\"Magnesio+ 60 c\u00e1psulas - Liposomia\"},{\"@type\":\"BreadcrumbList\",\"@id\":\"https:\\\/\\\/www.lifenatura.com\\\/es\\\/produto\\\/magnesio-60-capsulas-liposomia\\\/#breadcrumb\",\"itemListElement\":[{\"@type\":\"ListItem\",\"position\":1,\"name\":\"In\u00edcio\",\"item\":\"https:\\\/\\\/www.lifenatura.com\\\/es\\\/\"},{\"@type\":\"ListItem\",\"position\":2,\"name\":\"Todos los Productos\",\"item\":\"https:\\\/\\\/www.lifenatura.com\\\/es\\\/tienda\\\/\"},{\"@type\":\"ListItem\",\"position\":3,\"name\":\"Magnesio+ 60 c\u00e1psulas &#8211; Liposomia\"}]},{\"@type\":\"WebSite\",\"@id\":\"https:\\\/\\\/www.lifenatura.com\\\/es\\\/#website\",\"url\":\"https:\\\/\\\/www.lifenatura.com\\\/es\\\/\",\"name\":\"Lifenatura\",\"description\":\"A Lifenatura \u00e9 uma loja de produtos naturais, cosm\u00e9tica natural e alimenta\u00e7\u00e3o Biol\u00f3gica.\",\"publisher\":{\"@id\":\"https:\\\/\\\/www.lifenatura.com\\\/es\\\/#organization\"},\"potentialAction\":[{\"@type\":\"SearchAction\",\"target\":{\"@type\":\"EntryPoint\",\"urlTemplate\":\"https:\\\/\\\/www.lifenatura.com\\\/es\\\/?s={search_term_string}\"},\"query-input\":{\"@type\":\"PropertyValueSpecification\",\"valueRequired\":true,\"valueName\":\"search_term_string\"}}],\"inLanguage\":\"es\"},{\"@type\":\"Organization\",\"@id\":\"https:\\\/\\\/www.lifenatura.com\\\/es\\\/#organization\",\"name\":\"Lifenatura\",\"url\":\"https:\\\/\\\/www.lifenatura.com\\\/es\\\/\",\"logo\":{\"@type\":\"ImageObject\",\"inLanguage\":\"es\",\"@id\":\"https:\\\/\\\/www.lifenatura.com\\\/es\\\/#\\\/schema\\\/logo\\\/image\\\/\",\"url\":\"https:\\\/\\\/www.lifenatura.com\\\/wp-content\\\/uploads\\\/2021\\\/07\\\/logo.png\",\"contentUrl\":\"https:\\\/\\\/www.lifenatura.com\\\/wp-content\\\/uploads\\\/2021\\\/07\\\/logo.png\",\"width\":175,\"height\":55,\"caption\":\"Lifenatura\"},\"image\":{\"@id\":\"https:\\\/\\\/www.lifenatura.com\\\/es\\\/#\\\/schema\\\/logo\\\/image\\\/\"},\"sameAs\":[\"https:\\\/\\\/www.facebook.com\\\/lifenatura\",\"https:\\\/\\\/www.instagram.com\\\/lifenaturapt\\\/\"],\"hasMerchantReturnPolicy\":{\"@type\":\"MerchantReturnPolicy\",\"merchantReturnLink\":\"https:\\\/\\\/www.lifenatura.com\\\/termos-condicoes-lifenatura\\\/\"}}]}<\/script>\n<meta property=\"product:price:amount\" content=\"18.61\" \/>\n<meta property=\"product:price:currency\" content=\"EUR\" \/>\n<meta property=\"og:availability\" content=\"instock\" \/>\n<meta property=\"product:availability\" content=\"instock\" \/>\n<meta property=\"product:retailer_item_id\" content=\"3401560572605\" \/>\n<meta property=\"product:condition\" content=\"new\" \/>\n<!-- \/ Yoast SEO Premium plugin. -->","yoast_head_json":{"title":"Magnesio+ 60 c\u00e1psulas - Liposomia - Na Lifenatura ao Melhor Pre\u00e7o | Envio em 48h","description":"Magnesio+ Liposom\u00eda es un suplemento dise\u00f1ado para promover la salud \u00f3sea y muscular, adem\u00e1s de ofrecer otros beneficios para el organismo.","robots":{"index":"index","follow":"follow","max-snippet":"max-snippet:-1","max-image-preview":"max-image-preview:large","max-video-preview":"max-video-preview:-1"},"canonical":"https:\/\/www.lifenatura.com\/es\/produto\/magnesio-60-capsulas-liposomia\/","og_locale":"es_ES","og_type":"article","og_title":"Magnesio+ 60 c\u00e1psulas - Liposomia - Na Lifenatura ao Melhor Pre\u00e7o | Envio 48h","og_description":"Compre Magnesio+ 60 c\u00e1psulas - Liposomia com envio r\u00e1pido. Entrega em 48h e portes gr\u00e1tis em compras >35\u20ac. Aproveite j\u00e1 na Lifenatura","og_url":"https:\/\/www.lifenatura.com\/es\/produto\/magnesio-60-capsulas-liposomia\/","og_site_name":"Lifenatura","article_publisher":"https:\/\/www.facebook.com\/lifenatura","article_modified_time":"2026-04-21T00:01:51+00:00","og_image":[{"width":1000,"height":1000,"url":"https:\/\/www.lifenatura.com\/wp-content\/uploads\/2024\/03\/Magnesium-60-capsulas-Liposomia-.jpg","type":"image\/jpeg"}],"twitter_card":"summary_large_image","twitter_misc":{"Precio":"18,61&nbsp;&euro;","Disponibilidad":"Disponible"},"schema":{"@context":"https:\/\/schema.org","@graph":[{"@type":"WebPage","@id":"https:\/\/www.lifenatura.com\/es\/produto\/magnesio-60-capsulas-liposomia\/","url":"https:\/\/www.lifenatura.com\/es\/produto\/magnesio-60-capsulas-liposomia\/","name":"Magnesio+ 60 c\u00e1psulas - Liposomia - Na Lifenatura ao Melhor Pre\u00e7o | Envio em 48h","isPartOf":{"@id":"https:\/\/www.lifenatura.com\/es\/#website"},"primaryImageOfPage":{"@id":"https:\/\/www.lifenatura.com\/es\/produto\/magnesio-60-capsulas-liposomia\/#primaryimage"},"image":{"@id":"https:\/\/www.lifenatura.com\/es\/produto\/magnesio-60-capsulas-liposomia\/#primaryimage"},"thumbnailUrl":"https:\/\/www.lifenatura.com\/wp-content\/uploads\/2024\/03\/Magnesium-60-capsulas-Liposomia-.jpg","datePublished":"2024-03-21T17:40:22+00:00","dateModified":"2026-04-21T00:01:51+00:00","description":"Magnesio+ Liposom\u00eda es un suplemento dise\u00f1ado para promover la salud \u00f3sea y muscular, adem\u00e1s de ofrecer otros beneficios para el organismo.","breadcrumb":{"@id":"https:\/\/www.lifenatura.com\/es\/produto\/magnesio-60-capsulas-liposomia\/#breadcrumb"},"inLanguage":"es","potentialAction":[{"@type":"ReadAction","target":["https:\/\/www.lifenatura.com\/es\/produto\/magnesio-60-capsulas-liposomia\/"]}]},{"@type":"ImageObject","inLanguage":"es","@id":"https:\/\/www.lifenatura.com\/es\/produto\/magnesio-60-capsulas-liposomia\/#primaryimage","url":"https:\/\/www.lifenatura.com\/wp-content\/uploads\/2024\/03\/Magnesium-60-capsulas-Liposomia-.jpg","contentUrl":"https:\/\/www.lifenatura.com\/wp-content\/uploads\/2024\/03\/Magnesium-60-capsulas-Liposomia-.jpg","width":1000,"height":1000,"caption":"Magnesio+ 60 c\u00e1psulas - Liposomia"},{"@type":"BreadcrumbList","@id":"https:\/\/www.lifenatura.com\/es\/produto\/magnesio-60-capsulas-liposomia\/#breadcrumb","itemListElement":[{"@type":"ListItem","position":1,"name":"In\u00edcio","item":"https:\/\/www.lifenatura.com\/es\/"},{"@type":"ListItem","position":2,"name":"Todos los Productos","item":"https:\/\/www.lifenatura.com\/es\/tienda\/"},{"@type":"ListItem","position":3,"name":"Magnesio+ 60 c\u00e1psulas &#8211; Liposomia"}]},{"@type":"WebSite","@id":"https:\/\/www.lifenatura.com\/es\/#website","url":"https:\/\/www.lifenatura.com\/es\/","name":"Lifenatura","description":"A Lifenatura \u00e9 uma loja de produtos naturais, cosm\u00e9tica natural e alimenta\u00e7\u00e3o Biol\u00f3gica.","publisher":{"@id":"https:\/\/www.lifenatura.com\/es\/#organization"},"potentialAction":[{"@type":"SearchAction","target":{"@type":"EntryPoint","urlTemplate":"https:\/\/www.lifenatura.com\/es\/?s={search_term_string}"},"query-input":{"@type":"PropertyValueSpecification","valueRequired":true,"valueName":"search_term_string"}}],"inLanguage":"es"},{"@type":"Organization","@id":"https:\/\/www.lifenatura.com\/es\/#organization","name":"Lifenatura","url":"https:\/\/www.lifenatura.com\/es\/","logo":{"@type":"ImageObject","inLanguage":"es","@id":"https:\/\/www.lifenatura.com\/es\/#\/schema\/logo\/image\/","url":"https:\/\/www.lifenatura.com\/wp-content\/uploads\/2021\/07\/logo.png","contentUrl":"https:\/\/www.lifenatura.com\/wp-content\/uploads\/2021\/07\/logo.png","width":175,"height":55,"caption":"Lifenatura"},"image":{"@id":"https:\/\/www.lifenatura.com\/es\/#\/schema\/logo\/image\/"},"sameAs":["https:\/\/www.facebook.com\/lifenatura","https:\/\/www.instagram.com\/lifenaturapt\/"],"hasMerchantReturnPolicy":{"@type":"MerchantReturnPolicy","merchantReturnLink":"https:\/\/www.lifenatura.com\/termos-condicoes-lifenatura\/"}}]},"product_price_amount":"18.61","product_price_currency":"EUR","og_availability":"instock","product_availability":"instock","product_retailer_item_id":"3401560572605","product_condition":"new"},"df_price":18.61,"df_sale_price":18.61,"df_regular_price":21.89,"df_image_link":"https:\/\/www.lifenatura.com\/wp-content\/uploads\/2024\/03\/Magnesium-60-capsulas-Liposomia--300x300.jpg","_links":{"self":[{"href":"https:\/\/www.lifenatura.com\/es\/wp-json\/wp\/v2\/product\/87614","targetHints":{"allow":["GET"]}}],"collection":[{"href":"https:\/\/www.lifenatura.com\/es\/wp-json\/wp\/v2\/product"}],"about":[{"href":"https:\/\/www.lifenatura.com\/es\/wp-json\/wp\/v2\/types\/product"}],"wp:featuredmedia":[{"embeddable":true,"href":"https:\/\/www.lifenatura.com\/es\/wp-json\/wp\/v2\/media\/87292"}],"wp:attachment":[{"href":"https:\/\/www.lifenatura.com\/es\/wp-json\/wp\/v2\/media?parent=87614"}],"wp:term":[{"taxonomy":"product_brand","embeddable":true,"href":"https:\/\/www.lifenatura.com\/es\/wp-json\/wp\/v2\/product_brand?post=87614"},{"taxonomy":"product_cat","embeddable":true,"href":"https:\/\/www.lifenatura.com\/es\/wp-json\/wp\/v2\/product_cat?post=87614"},{"taxonomy":"product_tag","embeddable":true,"href":"https:\/\/www.lifenatura.com\/es\/wp-json\/wp\/v2\/product_tag?post=87614"}],"curies":[{"name":"wp","href":"https:\/\/api.w.org\/{rel}","templated":true}]}}