{"id":87552,"date":"2024-03-20T20:10:13","date_gmt":"2024-03-20T20:10:13","guid":{"rendered":"https:\/\/www.lifenatura.com\/?post_type=product&#038;p=87552"},"modified":"2026-04-21T00:03:17","modified_gmt":"2026-04-21T00:03:17","slug":"disponible-en-somni-pack-vegafarma","status":"publish","type":"product","link":"https:\/\/www.lifenatura.com\/es\/produto\/disponible-en-somni-pack-vegafarma\/","title":{"rendered":"Somni Pack &#8211; Vegafarma"},"content":{"rendered":"<h2>Somni reduce la ansiedad y regula el sue\u00f1o<\/h2>\n<p>&nbsp;<\/p>\n<p>Sommi de Vegafarma est\u00e1 compuesto por plantas y otros ingredientes naturales que contribuyen a regularizar los ciclos y la calidad del sue\u00f1o. Estos ingredientes confieren a este producto cualidades tales como regular el sistema nervioso, calmar e inducir el sue\u00f1o. Reduce el periodo de latencia y mejora la calidad del sue\u00f1o, permitiendo despertarse tranquilo y sereno.<\/p>\n<p><strong>Ahora disponible en pack promocional de 3 unidades<\/strong><\/p>\n<p>Los amino\u00e1cidos presentes en esta formulaci\u00f3n desempe\u00f1an un papel fundamental en la producci\u00f3n de serotonina en el sistema nervioso central, el neurotransmisor responsable del proceso bioqu\u00edmico del sue\u00f1o y del estado de \u00e1nimo.<\/p>\n<p>Somni Vegafarma es un complemento natural destinado a favorecer un sue\u00f1o reparador y de calidad. Formulado con una combinaci\u00f3n \u00fanica de ingredientes bot\u00e1nicos y nutrientes esenciales, este producto favorece la relajaci\u00f3n, la tranquilidad mental y un ciclo de sue\u00f1o saludable.<\/p>\n<p><strong>Los 3 beneficios principales:<\/strong><\/p>\n<ul>\n<li><strong>Inducci\u00f3n del sue\u00f1o:<\/strong> Contiene una mezcla de extractos bot\u00e1nicos y nutrientes que ayudan a inducir el sue\u00f1o de forma natural. Ingredientes como la valeriana, la pasiflora y la manzanilla tienen propiedades relajantes y sedantes que ayudan a calmar la mente y el cuerpo, facilitando as\u00ed la transici\u00f3n a un sue\u00f1o tranquilo y reparador.<\/li>\n<li><strong>Mejora la calidad del sue\u00f1o:<\/strong> Adem\u00e1s de favorecer la inducci\u00f3n del sue\u00f1o, tambi\u00e9n ayuda a mejorar su calidad. Los ingredientes activos de este suplemento nutricional ayudan a prolongar la duraci\u00f3n del sue\u00f1o profundo y reparador, permiti\u00e9ndole as\u00ed despertarse sinti\u00e9ndose fresco y revitalizado cada ma\u00f1ana.<\/li>\n<li><strong>Reducci\u00f3n del estr\u00e9s y la ansiedad:<\/strong> El estr\u00e9s y la ansiedad pueden interferir en la calidad del sue\u00f1o y dificultar un descanso adecuado. Somni Vegafarma ayuda a reducir los niveles de estr\u00e9s y ansiedad, favoreciendo as\u00ed un estado de relajaci\u00f3n y tranquilidad esencial para un sue\u00f1o reparador.<\/li>\n<\/ul>\n<p>Su efecto serotonin\u00e9rgico debido a su combinaci\u00f3n con tript\u00f3fano, 5-HTP y melatonina ayuda tambi\u00e9n a regular el estado de \u00e1nimo y el apetito, reduciendo los niveles de cortisol y asegurando una suave acci\u00f3n antidepresiva. Es especialmente \u00fatil en casos de ansiedad, p\u00e1nico y trastornos del sue\u00f1o, estr\u00e9s, cambios neurovegetativos asociados al climaterio y en la tercera edad, as\u00ed como en s\u00edndromes de abstinencia.<\/p>\n<p><strong>PRESENTACI\u00d3N<\/strong><\/p>\n<p>60 c\u00e1psulas x 3<\/p>\n<p>&nbsp;<\/p>\n","protected":false},"excerpt":{"rendered":"<p>Somni Vegafarma ahora en pack promocional ofrece un apoyo natural para un sue\u00f1o reparador y de calidad, una f\u00f3rmula natural de alta calidad. [&#8230;]<\/p>\n<p><a class=\"btn btn-secondary understrap-read-more-link\" href=\"https:\/\/www.lifenatura.com\/es\/produto\/disponible-en-somni-pack-vegafarma\/\">Leer m\u00e1s&#8230;<span class=\"screen-reader-text\"> from Somni Pack &#8211; Vegafarma<\/span><\/a><\/p>\n","protected":false},"featured_media":112008,"template":"","meta":{"_acf_changed":false},"product_brand":[8389],"product_cat":[7214,7263,7179],"product_tag":[],"class_list":{"0":"post-87552","1":"product","2":"type-product","3":"status-publish","4":"has-post-thumbnail","6":"product_brand-vegafarma","7":"product_cat-para-dormir","8":"product_cat-packs-de-salud","9":"product_cat-salud","11":"first","12":"instock","13":"sale","14":"shipping-taxable","15":"purchasable","16":"product-type-simple","17":"add-to-wishlist-before_image"},"acf":[],"yoast_head":"<!-- This site is optimized with the Yoast SEO Premium plugin v27.1 (Yoast SEO v27.5) - https:\/\/yoast.com\/product\/yoast-seo-premium-wordpress\/ -->\n<title>Somni Pack - Vegafarma - Na Lifenatura ao Melhor Pre\u00e7o | Envio em 48h<\/title>\n<meta name=\"description\" content=\"Somni Vegafarma ahora en pack promocional ofrece un apoyo natural para un sue\u00f1o reparador y de calidad, una f\u00f3rmula natural de alta calidad.\" \/>\n<meta name=\"robots\" content=\"index, follow, max-snippet:-1, max-image-preview:large, max-video-preview:-1\" \/>\n<link rel=\"canonical\" href=\"https:\/\/www.lifenatura.com\/es\/produto\/disponible-en-somni-pack-vegafarma\/\" \/>\n<meta property=\"og:locale\" content=\"es_ES\" \/>\n<meta property=\"og:type\" content=\"article\" \/>\n<meta property=\"og:title\" content=\"Somni Pack - Vegafarma - Na Lifenatura ao Melhor Pre\u00e7o | Envio 48h\" \/>\n<meta property=\"og:description\" content=\"Compre Somni Pack - Vegafarma com envio r\u00e1pido. Entrega em 48h e portes gr\u00e1tis em compras &gt;35\u20ac. Aproveite j\u00e1 na Lifenatura\" \/>\n<meta property=\"og:url\" content=\"https:\/\/www.lifenatura.com\/es\/produto\/disponible-en-somni-pack-vegafarma\/\" \/>\n<meta property=\"og:site_name\" content=\"Lifenatura\" \/>\n<meta property=\"article:publisher\" content=\"https:\/\/www.facebook.com\/lifenatura\" \/>\n<meta property=\"article:modified_time\" content=\"2026-04-21T00:03:17+00:00\" \/>\n<meta property=\"og:image\" content=\"https:\/\/www.lifenatura.com\/wp-content\/uploads\/2025\/05\/somni-pack-vegafarma.jpg\" \/>\n\t<meta property=\"og:image:width\" content=\"1000\" \/>\n\t<meta property=\"og:image:height\" content=\"1000\" \/>\n\t<meta property=\"og:image:type\" content=\"image\/jpeg\" \/>\n<meta name=\"twitter:card\" content=\"summary_large_image\" \/>\n<meta name=\"twitter:label1\" content=\"Precio\" \/>\n\t<meta name=\"twitter:data1\" content=\"52,73&nbsp;&euro;\" \/>\n\t<meta name=\"twitter:label2\" content=\"Disponibilidad\" \/>\n\t<meta name=\"twitter:data2\" content=\"Disponible\" \/>\n<script type=\"application\/ld+json\" class=\"yoast-schema-graph\">{\"@context\":\"https:\\\/\\\/schema.org\",\"@graph\":[{\"@type\":\"WebPage\",\"@id\":\"https:\\\/\\\/www.lifenatura.com\\\/es\\\/produto\\\/disponible-en-somni-pack-vegafarma\\\/\",\"url\":\"https:\\\/\\\/www.lifenatura.com\\\/es\\\/produto\\\/disponible-en-somni-pack-vegafarma\\\/\",\"name\":\"Somni Pack - Vegafarma - Na Lifenatura ao Melhor Pre\u00e7o | Envio em 48h\",\"isPartOf\":{\"@id\":\"https:\\\/\\\/www.lifenatura.com\\\/es\\\/#website\"},\"primaryImageOfPage\":{\"@id\":\"https:\\\/\\\/www.lifenatura.com\\\/es\\\/produto\\\/disponible-en-somni-pack-vegafarma\\\/#primaryimage\"},\"image\":{\"@id\":\"https:\\\/\\\/www.lifenatura.com\\\/es\\\/produto\\\/disponible-en-somni-pack-vegafarma\\\/#primaryimage\"},\"thumbnailUrl\":\"https:\\\/\\\/www.lifenatura.com\\\/wp-content\\\/uploads\\\/2025\\\/05\\\/somni-pack-vegafarma.jpg\",\"datePublished\":\"2024-03-20T20:10:13+00:00\",\"dateModified\":\"2026-04-21T00:03:17+00:00\",\"description\":\"Somni Vegafarma ahora en pack promocional ofrece un apoyo natural para un sue\u00f1o reparador y de calidad, una f\u00f3rmula natural de alta calidad.\",\"breadcrumb\":{\"@id\":\"https:\\\/\\\/www.lifenatura.com\\\/es\\\/produto\\\/disponible-en-somni-pack-vegafarma\\\/#breadcrumb\"},\"inLanguage\":\"es\",\"potentialAction\":[{\"@type\":\"ReadAction\",\"target\":[\"https:\\\/\\\/www.lifenatura.com\\\/es\\\/produto\\\/disponible-en-somni-pack-vegafarma\\\/\"]}]},{\"@type\":\"ImageObject\",\"inLanguage\":\"es\",\"@id\":\"https:\\\/\\\/www.lifenatura.com\\\/es\\\/produto\\\/disponible-en-somni-pack-vegafarma\\\/#primaryimage\",\"url\":\"https:\\\/\\\/www.lifenatura.com\\\/wp-content\\\/uploads\\\/2025\\\/05\\\/somni-pack-vegafarma.jpg\",\"contentUrl\":\"https:\\\/\\\/www.lifenatura.com\\\/wp-content\\\/uploads\\\/2025\\\/05\\\/somni-pack-vegafarma.jpg\",\"width\":1000,\"height\":1000,\"caption\":\"Pack Somni da marca Vegafarma\"},{\"@type\":\"BreadcrumbList\",\"@id\":\"https:\\\/\\\/www.lifenatura.com\\\/es\\\/produto\\\/disponible-en-somni-pack-vegafarma\\\/#breadcrumb\",\"itemListElement\":[{\"@type\":\"ListItem\",\"position\":1,\"name\":\"In\u00edcio\",\"item\":\"https:\\\/\\\/www.lifenatura.com\\\/es\\\/\"},{\"@type\":\"ListItem\",\"position\":2,\"name\":\"Todos los Productos\",\"item\":\"https:\\\/\\\/www.lifenatura.com\\\/es\\\/tienda\\\/\"},{\"@type\":\"ListItem\",\"position\":3,\"name\":\"Somni Pack &#8211; Vegafarma\"}]},{\"@type\":\"WebSite\",\"@id\":\"https:\\\/\\\/www.lifenatura.com\\\/es\\\/#website\",\"url\":\"https:\\\/\\\/www.lifenatura.com\\\/es\\\/\",\"name\":\"Lifenatura\",\"description\":\"A Lifenatura \u00e9 uma loja de produtos naturais, cosm\u00e9tica natural e alimenta\u00e7\u00e3o Biol\u00f3gica.\",\"publisher\":{\"@id\":\"https:\\\/\\\/www.lifenatura.com\\\/es\\\/#organization\"},\"potentialAction\":[{\"@type\":\"SearchAction\",\"target\":{\"@type\":\"EntryPoint\",\"urlTemplate\":\"https:\\\/\\\/www.lifenatura.com\\\/es\\\/?s={search_term_string}\"},\"query-input\":{\"@type\":\"PropertyValueSpecification\",\"valueRequired\":true,\"valueName\":\"search_term_string\"}}],\"inLanguage\":\"es\"},{\"@type\":\"Organization\",\"@id\":\"https:\\\/\\\/www.lifenatura.com\\\/es\\\/#organization\",\"name\":\"Lifenatura\",\"url\":\"https:\\\/\\\/www.lifenatura.com\\\/es\\\/\",\"logo\":{\"@type\":\"ImageObject\",\"inLanguage\":\"es\",\"@id\":\"https:\\\/\\\/www.lifenatura.com\\\/es\\\/#\\\/schema\\\/logo\\\/image\\\/\",\"url\":\"https:\\\/\\\/www.lifenatura.com\\\/wp-content\\\/uploads\\\/2021\\\/07\\\/logo.png\",\"contentUrl\":\"https:\\\/\\\/www.lifenatura.com\\\/wp-content\\\/uploads\\\/2021\\\/07\\\/logo.png\",\"width\":175,\"height\":55,\"caption\":\"Lifenatura\"},\"image\":{\"@id\":\"https:\\\/\\\/www.lifenatura.com\\\/es\\\/#\\\/schema\\\/logo\\\/image\\\/\"},\"sameAs\":[\"https:\\\/\\\/www.facebook.com\\\/lifenatura\",\"https:\\\/\\\/www.instagram.com\\\/lifenaturapt\\\/\"],\"hasMerchantReturnPolicy\":{\"@type\":\"MerchantReturnPolicy\",\"merchantReturnLink\":\"https:\\\/\\\/www.lifenatura.com\\\/termos-condicoes-lifenatura\\\/\"}}]}<\/script>\n<meta property=\"product:price:amount\" content=\"52.73\" \/>\n<meta property=\"product:price:currency\" content=\"EUR\" \/>\n<meta property=\"og:availability\" content=\"instock\" \/>\n<meta property=\"product:availability\" content=\"instock\" \/>\n<meta property=\"product:retailer_item_id\" content=\"5600493200151pack\" \/>\n<meta property=\"product:condition\" content=\"new\" \/>\n<!-- \/ Yoast SEO Premium plugin. -->","yoast_head_json":{"title":"Somni Pack - Vegafarma - Na Lifenatura ao Melhor Pre\u00e7o | Envio em 48h","description":"Somni Vegafarma ahora en pack promocional ofrece un apoyo natural para un sue\u00f1o reparador y de calidad, una f\u00f3rmula natural de alta calidad.","robots":{"index":"index","follow":"follow","max-snippet":"max-snippet:-1","max-image-preview":"max-image-preview:large","max-video-preview":"max-video-preview:-1"},"canonical":"https:\/\/www.lifenatura.com\/es\/produto\/disponible-en-somni-pack-vegafarma\/","og_locale":"es_ES","og_type":"article","og_title":"Somni Pack - Vegafarma - Na Lifenatura ao Melhor Pre\u00e7o | Envio 48h","og_description":"Compre Somni Pack - Vegafarma com envio r\u00e1pido. Entrega em 48h e portes gr\u00e1tis em compras >35\u20ac. Aproveite j\u00e1 na Lifenatura","og_url":"https:\/\/www.lifenatura.com\/es\/produto\/disponible-en-somni-pack-vegafarma\/","og_site_name":"Lifenatura","article_publisher":"https:\/\/www.facebook.com\/lifenatura","article_modified_time":"2026-04-21T00:03:17+00:00","og_image":[{"width":1000,"height":1000,"url":"https:\/\/www.lifenatura.com\/wp-content\/uploads\/2025\/05\/somni-pack-vegafarma.jpg","type":"image\/jpeg"}],"twitter_card":"summary_large_image","twitter_misc":{"Precio":"52,73&nbsp;&euro;","Disponibilidad":"Disponible"},"schema":{"@context":"https:\/\/schema.org","@graph":[{"@type":"WebPage","@id":"https:\/\/www.lifenatura.com\/es\/produto\/disponible-en-somni-pack-vegafarma\/","url":"https:\/\/www.lifenatura.com\/es\/produto\/disponible-en-somni-pack-vegafarma\/","name":"Somni Pack - Vegafarma - Na Lifenatura ao Melhor Pre\u00e7o | Envio em 48h","isPartOf":{"@id":"https:\/\/www.lifenatura.com\/es\/#website"},"primaryImageOfPage":{"@id":"https:\/\/www.lifenatura.com\/es\/produto\/disponible-en-somni-pack-vegafarma\/#primaryimage"},"image":{"@id":"https:\/\/www.lifenatura.com\/es\/produto\/disponible-en-somni-pack-vegafarma\/#primaryimage"},"thumbnailUrl":"https:\/\/www.lifenatura.com\/wp-content\/uploads\/2025\/05\/somni-pack-vegafarma.jpg","datePublished":"2024-03-20T20:10:13+00:00","dateModified":"2026-04-21T00:03:17+00:00","description":"Somni Vegafarma ahora en pack promocional ofrece un apoyo natural para un sue\u00f1o reparador y de calidad, una f\u00f3rmula natural de alta calidad.","breadcrumb":{"@id":"https:\/\/www.lifenatura.com\/es\/produto\/disponible-en-somni-pack-vegafarma\/#breadcrumb"},"inLanguage":"es","potentialAction":[{"@type":"ReadAction","target":["https:\/\/www.lifenatura.com\/es\/produto\/disponible-en-somni-pack-vegafarma\/"]}]},{"@type":"ImageObject","inLanguage":"es","@id":"https:\/\/www.lifenatura.com\/es\/produto\/disponible-en-somni-pack-vegafarma\/#primaryimage","url":"https:\/\/www.lifenatura.com\/wp-content\/uploads\/2025\/05\/somni-pack-vegafarma.jpg","contentUrl":"https:\/\/www.lifenatura.com\/wp-content\/uploads\/2025\/05\/somni-pack-vegafarma.jpg","width":1000,"height":1000,"caption":"Pack Somni da marca Vegafarma"},{"@type":"BreadcrumbList","@id":"https:\/\/www.lifenatura.com\/es\/produto\/disponible-en-somni-pack-vegafarma\/#breadcrumb","itemListElement":[{"@type":"ListItem","position":1,"name":"In\u00edcio","item":"https:\/\/www.lifenatura.com\/es\/"},{"@type":"ListItem","position":2,"name":"Todos los Productos","item":"https:\/\/www.lifenatura.com\/es\/tienda\/"},{"@type":"ListItem","position":3,"name":"Somni Pack &#8211; Vegafarma"}]},{"@type":"WebSite","@id":"https:\/\/www.lifenatura.com\/es\/#website","url":"https:\/\/www.lifenatura.com\/es\/","name":"Lifenatura","description":"A Lifenatura \u00e9 uma loja de produtos naturais, cosm\u00e9tica natural e alimenta\u00e7\u00e3o Biol\u00f3gica.","publisher":{"@id":"https:\/\/www.lifenatura.com\/es\/#organization"},"potentialAction":[{"@type":"SearchAction","target":{"@type":"EntryPoint","urlTemplate":"https:\/\/www.lifenatura.com\/es\/?s={search_term_string}"},"query-input":{"@type":"PropertyValueSpecification","valueRequired":true,"valueName":"search_term_string"}}],"inLanguage":"es"},{"@type":"Organization","@id":"https:\/\/www.lifenatura.com\/es\/#organization","name":"Lifenatura","url":"https:\/\/www.lifenatura.com\/es\/","logo":{"@type":"ImageObject","inLanguage":"es","@id":"https:\/\/www.lifenatura.com\/es\/#\/schema\/logo\/image\/","url":"https:\/\/www.lifenatura.com\/wp-content\/uploads\/2021\/07\/logo.png","contentUrl":"https:\/\/www.lifenatura.com\/wp-content\/uploads\/2021\/07\/logo.png","width":175,"height":55,"caption":"Lifenatura"},"image":{"@id":"https:\/\/www.lifenatura.com\/es\/#\/schema\/logo\/image\/"},"sameAs":["https:\/\/www.facebook.com\/lifenatura","https:\/\/www.instagram.com\/lifenaturapt\/"],"hasMerchantReturnPolicy":{"@type":"MerchantReturnPolicy","merchantReturnLink":"https:\/\/www.lifenatura.com\/termos-condicoes-lifenatura\/"}}]},"product_price_amount":"52.73","product_price_currency":"EUR","og_availability":"instock","product_availability":"instock","product_retailer_item_id":"5600493200151pack","product_condition":"new"},"df_price":52.73,"df_sale_price":52.73,"df_regular_price":69.83,"df_image_link":"https:\/\/www.lifenatura.com\/wp-content\/uploads\/2025\/05\/somni-pack-vegafarma-300x300.jpg","_links":{"self":[{"href":"https:\/\/www.lifenatura.com\/es\/wp-json\/wp\/v2\/product\/87552","targetHints":{"allow":["GET"]}}],"collection":[{"href":"https:\/\/www.lifenatura.com\/es\/wp-json\/wp\/v2\/product"}],"about":[{"href":"https:\/\/www.lifenatura.com\/es\/wp-json\/wp\/v2\/types\/product"}],"wp:featuredmedia":[{"embeddable":true,"href":"https:\/\/www.lifenatura.com\/es\/wp-json\/wp\/v2\/media\/112008"}],"wp:attachment":[{"href":"https:\/\/www.lifenatura.com\/es\/wp-json\/wp\/v2\/media?parent=87552"}],"wp:term":[{"taxonomy":"product_brand","embeddable":true,"href":"https:\/\/www.lifenatura.com\/es\/wp-json\/wp\/v2\/product_brand?post=87552"},{"taxonomy":"product_cat","embeddable":true,"href":"https:\/\/www.lifenatura.com\/es\/wp-json\/wp\/v2\/product_cat?post=87552"},{"taxonomy":"product_tag","embeddable":true,"href":"https:\/\/www.lifenatura.com\/es\/wp-json\/wp\/v2\/product_tag?post=87552"}],"curies":[{"name":"wp","href":"https:\/\/api.w.org\/{rel}","templated":true}]}}