{"id":87520,"date":"2024-03-20T15:56:16","date_gmt":"2024-03-20T15:56:16","guid":{"rendered":"https:\/\/www.lifenatura.com\/?post_type=product&#038;p=87520"},"modified":"2026-04-21T00:03:16","modified_gmt":"2026-04-21T00:03:16","slug":"omega-3-max-power-pack-vegafarma","status":"publish","type":"product","link":"https:\/\/www.lifenatura.com\/es\/produto\/omega-3-max-power-pack-vegafarma\/","title":{"rendered":"Omega 3 Max Power Pack &#8211; Vegafarma"},"content":{"rendered":"<h2>Omega 3 Max Power controla los niveles de colesterol<\/h2>\n<p>&nbsp;<\/p>\n<p>Omega 3 Max Power es un complemento alimenticio natural ideal para aportar EPA y DHA, esenciales para el buen funcionamiento del coraz\u00f3n. Una de las principales caracter\u00edsticas del Omega 3 es que contribuye al funcionamiento normal del coraz\u00f3n y ayuda a controlar los niveles de colesterol en sangre.<\/p>\n<p><strong>Pack promocional de 3 unidades ya disponible.<\/strong><\/p>\n<p>Omega-3 MaxPower contiene EPA 700 mg y DHA 500 mg por dosis diaria.<\/p>\n<p>Los 3 principales \u00e1cidos grasos omega 3 son el \u00e1cido alfa-linol\u00e9nico (ALA), el \u00e1cido eicosapentaenoico (EPA) y el \u00e1cido docosahexaenoico (DHA). Son importantes en<\/p>\n<p>diversas funciones org\u00e1nicas, como la actividad muscular, la coagulaci\u00f3n de la sangre, la digesti\u00f3n, la fertilidad, la divisi\u00f3n celular y el crecimiento. El <strong>DHA<\/strong> es importante en el desarrollo y la funci\u00f3n cerebral y el <strong>ALA<\/strong> es un \u00e1cido graso esencial. El EPA es un \u00e1cido graso poliinsaturado.<\/p>\n<p><strong>Los 3 principales beneficios de Omega 3 Max Power:<\/strong><\/p>\n<ul>\n<li><strong>Salud cardiovascular: <\/strong>Es conocido por sus beneficios en la promoci\u00f3n de la salud cardiovascular. El EPA y el DHA presentes en el Omega 3 ayudan a reducir los niveles de triglic\u00e9ridos en sangre, aumentan el colesterol HDL (conocido como &#8220;bueno&#8221;) y reducen la inflamaci\u00f3n de los vasos sangu\u00edneos. Esto puede ayudar a reducir el riesgo de enfermedades del coraz\u00f3n, derrames cerebrales e infartos.<\/li>\n<li><strong>Cerebro y salud mental: <\/strong>El omega 3 desempe\u00f1a un papel crucial en el desarrollo y la funci\u00f3n saludables del cerebro. El DHA, en particular, es un componente importante de las membranas de las c\u00e9lulas cerebrales y se asocia con la mejora de la funci\u00f3n cognitiva, la memoria y el estado de \u00e1nimo. El consumo regular de Omega 3 Max Power ayuda a mantener la salud mental y a reducir el riesgo de enfermedades neurodegenerativas.<\/li>\n<li><strong>Salud ocular: <\/strong>El DHA tambi\u00e9n se encuentra en altas concentraciones en la retina del ojo, donde desempe\u00f1a un papel vital en la salud ocular. El consumo de Omega 3 ayuda a prevenir la degeneraci\u00f3n macular asociada a la edad y otros problemas oculares, adem\u00e1s de favorecer la salud ocular general y la agudeza visual.<\/li>\n<\/ul>\n<p><strong>PRESENTACI\u00d3N<\/strong><\/p>\n<p>60 c\u00e1psulas x 3<\/p>\n<p>&nbsp;<\/p>\n","protected":false},"excerpt":{"rendered":"<p>Las c\u00e1psulas de Omega 3 de Vegafarma ya est\u00e1n disponibles en un pack promocional de 3 unidades, ideal para fortalecer el coraz\u00f3n y el cerebro. [&#8230;]<\/p>\n<p><a class=\"btn btn-secondary understrap-read-more-link\" href=\"https:\/\/www.lifenatura.com\/es\/produto\/omega-3-max-power-pack-vegafarma\/\">Leer m\u00e1s&#8230;<span class=\"screen-reader-text\"> from Omega 3 Max Power Pack &#8211; Vegafarma<\/span><\/a><\/p>\n","protected":false},"featured_media":112000,"template":"","meta":{"_acf_changed":false},"product_brand":[8389],"product_cat":[7222,7659,7755,7263,7179],"product_tag":[],"class_list":{"0":"post-87520","1":"product","2":"type-product","3":"status-publish","4":"has-post-thumbnail","6":"product_brand-vegafarma","7":"product_cat-colesterol-salud","8":"product_cat-ingrediente-natural-bio","9":"product_cat-omega-3-es","10":"product_cat-packs-de-salud","11":"product_cat-salud","13":"first","14":"instock","15":"sale","16":"shipping-taxable","17":"purchasable","18":"product-type-simple","19":"add-to-wishlist-before_image"},"acf":[],"yoast_head":"<!-- This site is optimized with the Yoast SEO Premium plugin v27.1 (Yoast SEO v27.5) - https:\/\/yoast.com\/product\/yoast-seo-premium-wordpress\/ -->\n<title>Omega 3 Max Power Pack Vegafarma - Lifenatura<\/title>\n<meta name=\"description\" content=\"Las c\u00e1psulas de Omega 3 de Vegafarma ya est\u00e1n disponibles en un pack promocional de 3 unidades, ideal para fortalecer el coraz\u00f3n y el cerebro.\" \/>\n<meta name=\"robots\" content=\"index, follow, max-snippet:-1, max-image-preview:large, max-video-preview:-1\" \/>\n<link rel=\"canonical\" href=\"https:\/\/www.lifenatura.com\/es\/produto\/omega-3-max-power-pack-vegafarma\/\" \/>\n<meta property=\"og:locale\" content=\"es_ES\" \/>\n<meta property=\"og:type\" content=\"article\" \/>\n<meta property=\"og:title\" content=\"Omega 3 Max Power Pack - Vegafarma - Na Lifenatura ao Melhor Pre\u00e7o | Envio 48h\" \/>\n<meta property=\"og:description\" content=\"Compre Omega 3 Max Power Pack - Vegafarma com envio r\u00e1pido. Entrega em 48h e portes gr\u00e1tis em compras &gt;35\u20ac. Aproveite j\u00e1 na Lifenatura\" \/>\n<meta property=\"og:url\" content=\"https:\/\/www.lifenatura.com\/es\/produto\/omega-3-max-power-pack-vegafarma\/\" \/>\n<meta property=\"og:site_name\" content=\"Lifenatura\" \/>\n<meta property=\"article:publisher\" content=\"https:\/\/www.facebook.com\/lifenatura\" \/>\n<meta property=\"article:modified_time\" content=\"2026-04-21T00:03:16+00:00\" \/>\n<meta property=\"og:image\" content=\"https:\/\/www.lifenatura.com\/wp-content\/uploads\/2021\/09\/omega-3-maxpower-pack-vegafarma.jpg\" \/>\n\t<meta property=\"og:image:width\" content=\"1000\" \/>\n\t<meta property=\"og:image:height\" content=\"1000\" \/>\n\t<meta property=\"og:image:type\" content=\"image\/jpeg\" \/>\n<meta name=\"twitter:card\" content=\"summary_large_image\" \/>\n<meta name=\"twitter:label1\" content=\"Precio\" \/>\n\t<meta name=\"twitter:data1\" content=\"53,87&nbsp;&euro;\" \/>\n\t<meta name=\"twitter:label2\" content=\"Disponibilidad\" \/>\n\t<meta name=\"twitter:data2\" content=\"Disponible\" \/>\n<script type=\"application\/ld+json\" class=\"yoast-schema-graph\">{\"@context\":\"https:\\\/\\\/schema.org\",\"@graph\":[{\"@type\":\"WebPage\",\"@id\":\"https:\\\/\\\/www.lifenatura.com\\\/es\\\/produto\\\/omega-3-max-power-pack-vegafarma\\\/\",\"url\":\"https:\\\/\\\/www.lifenatura.com\\\/es\\\/produto\\\/omega-3-max-power-pack-vegafarma\\\/\",\"name\":\"Omega 3 Max Power Pack Vegafarma - Lifenatura\",\"isPartOf\":{\"@id\":\"https:\\\/\\\/www.lifenatura.com\\\/es\\\/#website\"},\"primaryImageOfPage\":{\"@id\":\"https:\\\/\\\/www.lifenatura.com\\\/es\\\/produto\\\/omega-3-max-power-pack-vegafarma\\\/#primaryimage\"},\"image\":{\"@id\":\"https:\\\/\\\/www.lifenatura.com\\\/es\\\/produto\\\/omega-3-max-power-pack-vegafarma\\\/#primaryimage\"},\"thumbnailUrl\":\"https:\\\/\\\/www.lifenatura.com\\\/wp-content\\\/uploads\\\/2025\\\/05\\\/omega3-caps-pack-vegafarma.jpg\",\"datePublished\":\"2024-03-20T15:56:16+00:00\",\"dateModified\":\"2026-04-21T00:03:16+00:00\",\"description\":\"Las c\u00e1psulas de Omega 3 de Vegafarma ya est\u00e1n disponibles en un pack promocional de 3 unidades, ideal para fortalecer el coraz\u00f3n y el cerebro.\",\"breadcrumb\":{\"@id\":\"https:\\\/\\\/www.lifenatura.com\\\/es\\\/produto\\\/omega-3-max-power-pack-vegafarma\\\/#breadcrumb\"},\"inLanguage\":\"es\",\"potentialAction\":[{\"@type\":\"ReadAction\",\"target\":[\"https:\\\/\\\/www.lifenatura.com\\\/es\\\/produto\\\/omega-3-max-power-pack-vegafarma\\\/\"]}]},{\"@type\":\"ImageObject\",\"inLanguage\":\"es\",\"@id\":\"https:\\\/\\\/www.lifenatura.com\\\/es\\\/produto\\\/omega-3-max-power-pack-vegafarma\\\/#primaryimage\",\"url\":\"https:\\\/\\\/www.lifenatura.com\\\/wp-content\\\/uploads\\\/2025\\\/05\\\/omega3-caps-pack-vegafarma.jpg\",\"contentUrl\":\"https:\\\/\\\/www.lifenatura.com\\\/wp-content\\\/uploads\\\/2025\\\/05\\\/omega3-caps-pack-vegafarma.jpg\",\"width\":1000,\"height\":1000,\"caption\":\"Pack Omega 3 da marca Vegafarma\"},{\"@type\":\"BreadcrumbList\",\"@id\":\"https:\\\/\\\/www.lifenatura.com\\\/es\\\/produto\\\/omega-3-max-power-pack-vegafarma\\\/#breadcrumb\",\"itemListElement\":[{\"@type\":\"ListItem\",\"position\":1,\"name\":\"In\u00edcio\",\"item\":\"https:\\\/\\\/www.lifenatura.com\\\/es\\\/\"},{\"@type\":\"ListItem\",\"position\":2,\"name\":\"Todos los Productos\",\"item\":\"https:\\\/\\\/www.lifenatura.com\\\/es\\\/tienda\\\/\"},{\"@type\":\"ListItem\",\"position\":3,\"name\":\"Omega 3 Max Power Pack &#8211; Vegafarma\"}]},{\"@type\":\"WebSite\",\"@id\":\"https:\\\/\\\/www.lifenatura.com\\\/es\\\/#website\",\"url\":\"https:\\\/\\\/www.lifenatura.com\\\/es\\\/\",\"name\":\"Lifenatura\",\"description\":\"A Lifenatura \u00e9 uma loja de produtos naturais, cosm\u00e9tica natural e alimenta\u00e7\u00e3o Biol\u00f3gica.\",\"publisher\":{\"@id\":\"https:\\\/\\\/www.lifenatura.com\\\/es\\\/#organization\"},\"potentialAction\":[{\"@type\":\"SearchAction\",\"target\":{\"@type\":\"EntryPoint\",\"urlTemplate\":\"https:\\\/\\\/www.lifenatura.com\\\/es\\\/?s={search_term_string}\"},\"query-input\":{\"@type\":\"PropertyValueSpecification\",\"valueRequired\":true,\"valueName\":\"search_term_string\"}}],\"inLanguage\":\"es\"},{\"@type\":\"Organization\",\"@id\":\"https:\\\/\\\/www.lifenatura.com\\\/es\\\/#organization\",\"name\":\"Lifenatura\",\"url\":\"https:\\\/\\\/www.lifenatura.com\\\/es\\\/\",\"logo\":{\"@type\":\"ImageObject\",\"inLanguage\":\"es\",\"@id\":\"https:\\\/\\\/www.lifenatura.com\\\/es\\\/#\\\/schema\\\/logo\\\/image\\\/\",\"url\":\"https:\\\/\\\/www.lifenatura.com\\\/wp-content\\\/uploads\\\/2021\\\/07\\\/logo.png\",\"contentUrl\":\"https:\\\/\\\/www.lifenatura.com\\\/wp-content\\\/uploads\\\/2021\\\/07\\\/logo.png\",\"width\":175,\"height\":55,\"caption\":\"Lifenatura\"},\"image\":{\"@id\":\"https:\\\/\\\/www.lifenatura.com\\\/es\\\/#\\\/schema\\\/logo\\\/image\\\/\"},\"sameAs\":[\"https:\\\/\\\/www.facebook.com\\\/lifenatura\",\"https:\\\/\\\/www.instagram.com\\\/lifenaturapt\\\/\"],\"hasMerchantReturnPolicy\":{\"@type\":\"MerchantReturnPolicy\",\"merchantReturnLink\":\"https:\\\/\\\/www.lifenatura.com\\\/termos-condicoes-lifenatura\\\/\"}}]}<\/script>\n<meta property=\"product:price:amount\" content=\"53.87\" \/>\n<meta property=\"product:price:currency\" content=\"EUR\" \/>\n<meta property=\"og:availability\" content=\"instock\" \/>\n<meta property=\"product:availability\" content=\"instock\" \/>\n<meta property=\"product:retailer_item_id\" content=\"5600493200595pack\" \/>\n<meta property=\"product:condition\" content=\"new\" \/>\n<!-- \/ Yoast SEO Premium plugin. -->","yoast_head_json":{"title":"Omega 3 Max Power Pack Vegafarma - Lifenatura","description":"Las c\u00e1psulas de Omega 3 de Vegafarma ya est\u00e1n disponibles en un pack promocional de 3 unidades, ideal para fortalecer el coraz\u00f3n y el cerebro.","robots":{"index":"index","follow":"follow","max-snippet":"max-snippet:-1","max-image-preview":"max-image-preview:large","max-video-preview":"max-video-preview:-1"},"canonical":"https:\/\/www.lifenatura.com\/es\/produto\/omega-3-max-power-pack-vegafarma\/","og_locale":"es_ES","og_type":"article","og_title":"Omega 3 Max Power Pack - Vegafarma - Na Lifenatura ao Melhor Pre\u00e7o | Envio 48h","og_description":"Compre Omega 3 Max Power Pack - Vegafarma com envio r\u00e1pido. Entrega em 48h e portes gr\u00e1tis em compras >35\u20ac. Aproveite j\u00e1 na Lifenatura","og_url":"https:\/\/www.lifenatura.com\/es\/produto\/omega-3-max-power-pack-vegafarma\/","og_site_name":"Lifenatura","article_publisher":"https:\/\/www.facebook.com\/lifenatura","article_modified_time":"2026-04-21T00:03:16+00:00","og_image":[{"width":1000,"height":1000,"url":"https:\/\/www.lifenatura.com\/wp-content\/uploads\/2021\/09\/omega-3-maxpower-pack-vegafarma.jpg","type":"image\/jpeg"}],"twitter_card":"summary_large_image","twitter_misc":{"Precio":"53,87&nbsp;&euro;","Disponibilidad":"Disponible"},"schema":{"@context":"https:\/\/schema.org","@graph":[{"@type":"WebPage","@id":"https:\/\/www.lifenatura.com\/es\/produto\/omega-3-max-power-pack-vegafarma\/","url":"https:\/\/www.lifenatura.com\/es\/produto\/omega-3-max-power-pack-vegafarma\/","name":"Omega 3 Max Power Pack Vegafarma - Lifenatura","isPartOf":{"@id":"https:\/\/www.lifenatura.com\/es\/#website"},"primaryImageOfPage":{"@id":"https:\/\/www.lifenatura.com\/es\/produto\/omega-3-max-power-pack-vegafarma\/#primaryimage"},"image":{"@id":"https:\/\/www.lifenatura.com\/es\/produto\/omega-3-max-power-pack-vegafarma\/#primaryimage"},"thumbnailUrl":"https:\/\/www.lifenatura.com\/wp-content\/uploads\/2025\/05\/omega3-caps-pack-vegafarma.jpg","datePublished":"2024-03-20T15:56:16+00:00","dateModified":"2026-04-21T00:03:16+00:00","description":"Las c\u00e1psulas de Omega 3 de Vegafarma ya est\u00e1n disponibles en un pack promocional de 3 unidades, ideal para fortalecer el coraz\u00f3n y el cerebro.","breadcrumb":{"@id":"https:\/\/www.lifenatura.com\/es\/produto\/omega-3-max-power-pack-vegafarma\/#breadcrumb"},"inLanguage":"es","potentialAction":[{"@type":"ReadAction","target":["https:\/\/www.lifenatura.com\/es\/produto\/omega-3-max-power-pack-vegafarma\/"]}]},{"@type":"ImageObject","inLanguage":"es","@id":"https:\/\/www.lifenatura.com\/es\/produto\/omega-3-max-power-pack-vegafarma\/#primaryimage","url":"https:\/\/www.lifenatura.com\/wp-content\/uploads\/2025\/05\/omega3-caps-pack-vegafarma.jpg","contentUrl":"https:\/\/www.lifenatura.com\/wp-content\/uploads\/2025\/05\/omega3-caps-pack-vegafarma.jpg","width":1000,"height":1000,"caption":"Pack Omega 3 da marca Vegafarma"},{"@type":"BreadcrumbList","@id":"https:\/\/www.lifenatura.com\/es\/produto\/omega-3-max-power-pack-vegafarma\/#breadcrumb","itemListElement":[{"@type":"ListItem","position":1,"name":"In\u00edcio","item":"https:\/\/www.lifenatura.com\/es\/"},{"@type":"ListItem","position":2,"name":"Todos los Productos","item":"https:\/\/www.lifenatura.com\/es\/tienda\/"},{"@type":"ListItem","position":3,"name":"Omega 3 Max Power Pack &#8211; Vegafarma"}]},{"@type":"WebSite","@id":"https:\/\/www.lifenatura.com\/es\/#website","url":"https:\/\/www.lifenatura.com\/es\/","name":"Lifenatura","description":"A Lifenatura \u00e9 uma loja de produtos naturais, cosm\u00e9tica natural e alimenta\u00e7\u00e3o Biol\u00f3gica.","publisher":{"@id":"https:\/\/www.lifenatura.com\/es\/#organization"},"potentialAction":[{"@type":"SearchAction","target":{"@type":"EntryPoint","urlTemplate":"https:\/\/www.lifenatura.com\/es\/?s={search_term_string}"},"query-input":{"@type":"PropertyValueSpecification","valueRequired":true,"valueName":"search_term_string"}}],"inLanguage":"es"},{"@type":"Organization","@id":"https:\/\/www.lifenatura.com\/es\/#organization","name":"Lifenatura","url":"https:\/\/www.lifenatura.com\/es\/","logo":{"@type":"ImageObject","inLanguage":"es","@id":"https:\/\/www.lifenatura.com\/es\/#\/schema\/logo\/image\/","url":"https:\/\/www.lifenatura.com\/wp-content\/uploads\/2021\/07\/logo.png","contentUrl":"https:\/\/www.lifenatura.com\/wp-content\/uploads\/2021\/07\/logo.png","width":175,"height":55,"caption":"Lifenatura"},"image":{"@id":"https:\/\/www.lifenatura.com\/es\/#\/schema\/logo\/image\/"},"sameAs":["https:\/\/www.facebook.com\/lifenatura","https:\/\/www.instagram.com\/lifenaturapt\/"],"hasMerchantReturnPolicy":{"@type":"MerchantReturnPolicy","merchantReturnLink":"https:\/\/www.lifenatura.com\/termos-condicoes-lifenatura\/"}}]},"product_price_amount":"53.87","product_price_currency":"EUR","og_availability":"instock","product_availability":"instock","product_retailer_item_id":"5600493200595pack","product_condition":"new"},"df_price":53.87,"df_sale_price":53.87,"df_regular_price":68.46,"df_image_link":"https:\/\/www.lifenatura.com\/wp-content\/uploads\/2025\/05\/omega3-caps-pack-vegafarma-300x300.jpg","_links":{"self":[{"href":"https:\/\/www.lifenatura.com\/es\/wp-json\/wp\/v2\/product\/87520","targetHints":{"allow":["GET"]}}],"collection":[{"href":"https:\/\/www.lifenatura.com\/es\/wp-json\/wp\/v2\/product"}],"about":[{"href":"https:\/\/www.lifenatura.com\/es\/wp-json\/wp\/v2\/types\/product"}],"wp:featuredmedia":[{"embeddable":true,"href":"https:\/\/www.lifenatura.com\/es\/wp-json\/wp\/v2\/media\/112000"}],"wp:attachment":[{"href":"https:\/\/www.lifenatura.com\/es\/wp-json\/wp\/v2\/media?parent=87520"}],"wp:term":[{"taxonomy":"product_brand","embeddable":true,"href":"https:\/\/www.lifenatura.com\/es\/wp-json\/wp\/v2\/product_brand?post=87520"},{"taxonomy":"product_cat","embeddable":true,"href":"https:\/\/www.lifenatura.com\/es\/wp-json\/wp\/v2\/product_cat?post=87520"},{"taxonomy":"product_tag","embeddable":true,"href":"https:\/\/www.lifenatura.com\/es\/wp-json\/wp\/v2\/product_tag?post=87520"}],"curies":[{"name":"wp","href":"https:\/\/api.w.org\/{rel}","templated":true}]}}