{"id":87312,"date":"2024-03-15T17:40:54","date_gmt":"2024-03-15T17:40:54","guid":{"rendered":"https:\/\/www.lifenatura.com\/produto\/coenzima-q10-30-capsulas-liposomia\/"},"modified":"2026-04-21T00:01:50","modified_gmt":"2026-04-21T00:01:50","slug":"coenzima-q10-30-capsulas-liposomia","status":"publish","type":"product","link":"https:\/\/www.lifenatura.com\/es\/produto\/coenzima-q10-30-capsulas-liposomia\/","title":{"rendered":"Coenzima Q10 30 C\u00e1psulas &#8211; Liposomia"},"content":{"rendered":"<h2 style=\"text-align: left;\">Coenzima Q10 Metabolismo energ\u00e9tico, muscular y antioxidante<\/h2>\n<p>&nbsp;<\/p>\n<p>Coenzima Q10 Liposomia es un suplemento innovador que ofrece una forma avanzada de coenzima Q10, un nutriente esencial para la producci\u00f3n de energ\u00eda celular y la protecci\u00f3n antioxidante. Desarrollado con tecnolog\u00eda liposomal, este producto proporciona un aporte optimizado al organismo, lo que permite una absorci\u00f3n m\u00e1s eficaz y una mayor biodisponibilidad. Con su f\u00f3rmula avanzada, este suplemento de Liposomia ofrece un apoyo vital para la salud celular y el bienestar general.<\/p>\n<p>Sus principales objetivos son:<\/p>\n<ul>\n<li><strong>Producci\u00f3n de energ\u00eda celular: <\/strong>La CoQ10 desempe\u00f1a un papel clave en la producci\u00f3n de energ\u00eda en las c\u00e9lulas, especialmente en las mitocondrias, las &#8220;centrales energ\u00e9ticas&#8221; del organismo. Proporciona un impulso energ\u00e9tico esencial, ayudando a aumentar los niveles de ATP (trifosfato de adenosina) y fomentando la vitalidad y el vigor f\u00edsico;<\/li>\n<li><strong>Protecci\u00f3n antioxidante: <\/strong>Adem\u00e1s de su papel en la producci\u00f3n de energ\u00eda, la CoQ10 es tambi\u00e9n un potente antioxidante, que ayuda a proteger las c\u00e9lulas contra los da\u00f1os causados por los radicales libres y el estr\u00e9s oxidativo. Al neutralizar los radicales libres, este suplemento ayuda a proteger las c\u00e9lulas y los tejidos contra el envejecimiento prematuro y los da\u00f1os medioambientales;<\/li>\n<li><strong>Salud cardiovascular: <\/strong>desempe\u00f1a un papel crucial en la salud cardiovascular, ayudando a mantener el buen funcionamiento del coraz\u00f3n y los vasos sangu\u00edneos. Los estudios han demostrado que la suplementaci\u00f3n con CoQ10 puede ayudar a reducir la presi\u00f3n arterial, mejorar la funci\u00f3n endotelial y reducir el riesgo de enfermedades cardiovasculares;<\/li>\n<li>Con <strong>todas las estaninas<\/strong>, el principal efecto beneficioso de las estatinas es reducir los niveles de colesterol en sangre, disminuir los triglic\u00e9ridos, mejorar la funci\u00f3n del endotelio de los vasos y estabilizar las placas ateroscler\u00f3ticas, entre otras cosas.<\/li>\n<\/ul>\n<p>Al tratarse de un suplemento liposomal, mejora la biodisponibilidad, facilitando la absorci\u00f3n del principio activo y, en consecuencia, su eficacia.<\/p>\n<p><strong>PRESENTACI\u00d3N<\/strong><\/p>\n<p>30 c\u00e1psulas<\/p>\n<p>&nbsp;<\/p>\n","protected":false},"excerpt":{"rendered":"<p>La coenzima Q10 proporciona un aporte optimizado de CoQ10 al organismo, lo que permite una absorci\u00f3n m\u00e1s eficaz y una mayor biodisponibilidad. [&#8230;]<\/p>\n<p><a class=\"btn btn-secondary understrap-read-more-link\" href=\"https:\/\/www.lifenatura.com\/es\/produto\/coenzima-q10-30-capsulas-liposomia\/\">Leer m\u00e1s&#8230;<span class=\"screen-reader-text\"> from Coenzima Q10 30 C\u00e1psulas &#8211; Liposomia<\/span><\/a><\/p>\n","protected":false},"featured_media":87216,"template":"","meta":{"_acf_changed":false},"product_brand":[8448],"product_cat":[7236,7238,7179],"product_tag":[],"class_list":{"0":"post-87312","1":"product","2":"type-product","3":"status-publish","4":"has-post-thumbnail","6":"product_brand-liposomia","7":"product_cat-antioxidantes-salud","8":"product_cat-energizante-natural","9":"product_cat-salud","11":"first","12":"instock","13":"sale","14":"featured","15":"shipping-taxable","16":"purchasable","17":"product-type-simple","18":"add-to-wishlist-before_image"},"acf":[],"yoast_head":"<!-- This site is optimized with the Yoast SEO Premium plugin v27.1 (Yoast SEO v27.5) - https:\/\/yoast.com\/product\/yoast-seo-premium-wordpress\/ -->\n<title>Coenzima Q10 30 C\u00e1psulas - Liposomia - Na Lifenatura ao Melhor Pre\u00e7o | Envio em 48h<\/title>\n<meta name=\"description\" content=\"La coenzima Q10 proporciona un aporte optimizado de CoQ10 al organismo, lo que permite una absorci\u00f3n m\u00e1s eficaz y una mayor biodisponibilidad.\" \/>\n<meta name=\"robots\" content=\"index, follow, max-snippet:-1, max-image-preview:large, max-video-preview:-1\" \/>\n<link rel=\"canonical\" href=\"https:\/\/www.lifenatura.com\/es\/produto\/coenzima-q10-30-capsulas-liposomia\/\" \/>\n<meta property=\"og:locale\" content=\"es_ES\" \/>\n<meta property=\"og:type\" content=\"article\" \/>\n<meta property=\"og:title\" content=\"Coenzima Q10 30 C\u00e1psulas - Liposomia - Na Lifenatura ao Melhor Pre\u00e7o | Envio 48h\" \/>\n<meta property=\"og:description\" content=\"Compre Coenzima Q10 30 C\u00e1psulas - Liposomia com envio r\u00e1pido. Entrega em 48h e portes gr\u00e1tis em compras &gt;35\u20ac. Aproveite j\u00e1 na Lifenatura\" \/>\n<meta property=\"og:url\" content=\"https:\/\/www.lifenatura.com\/es\/produto\/coenzima-q10-30-capsulas-liposomia\/\" \/>\n<meta property=\"og:site_name\" content=\"Lifenatura\" \/>\n<meta property=\"article:publisher\" content=\"https:\/\/www.facebook.com\/lifenatura\" \/>\n<meta property=\"article:modified_time\" content=\"2026-04-21T00:01:50+00:00\" \/>\n<meta property=\"og:image\" content=\"https:\/\/www.lifenatura.com\/wp-content\/uploads\/2024\/03\/Coenzyme-Q10-30-Capsulas-Liposomia-.jpg\" \/>\n\t<meta property=\"og:image:width\" content=\"1000\" \/>\n\t<meta property=\"og:image:height\" content=\"1000\" \/>\n\t<meta property=\"og:image:type\" content=\"image\/jpeg\" \/>\n<meta name=\"twitter:card\" content=\"summary_large_image\" \/>\n<meta name=\"twitter:label1\" content=\"Precio\" \/>\n\t<meta name=\"twitter:data1\" content=\"22,51&nbsp;&euro;\" \/>\n\t<meta name=\"twitter:label2\" content=\"Disponibilidad\" \/>\n\t<meta name=\"twitter:data2\" content=\"Disponible\" \/>\n<script type=\"application\/ld+json\" class=\"yoast-schema-graph\">{\"@context\":\"https:\\\/\\\/schema.org\",\"@graph\":[{\"@type\":\"WebPage\",\"@id\":\"https:\\\/\\\/www.lifenatura.com\\\/es\\\/produto\\\/coenzima-q10-30-capsulas-liposomia\\\/\",\"url\":\"https:\\\/\\\/www.lifenatura.com\\\/es\\\/produto\\\/coenzima-q10-30-capsulas-liposomia\\\/\",\"name\":\"Coenzima Q10 30 C\u00e1psulas - Liposomia - Na Lifenatura ao Melhor Pre\u00e7o | Envio em 48h\",\"isPartOf\":{\"@id\":\"https:\\\/\\\/www.lifenatura.com\\\/es\\\/#website\"},\"primaryImageOfPage\":{\"@id\":\"https:\\\/\\\/www.lifenatura.com\\\/es\\\/produto\\\/coenzima-q10-30-capsulas-liposomia\\\/#primaryimage\"},\"image\":{\"@id\":\"https:\\\/\\\/www.lifenatura.com\\\/es\\\/produto\\\/coenzima-q10-30-capsulas-liposomia\\\/#primaryimage\"},\"thumbnailUrl\":\"https:\\\/\\\/www.lifenatura.com\\\/wp-content\\\/uploads\\\/2024\\\/03\\\/Coenzyme-Q10-30-Capsulas-Liposomia-.jpg\",\"datePublished\":\"2024-03-15T17:40:54+00:00\",\"dateModified\":\"2026-04-21T00:01:50+00:00\",\"description\":\"La coenzima Q10 proporciona un aporte optimizado de CoQ10 al organismo, lo que permite una absorci\u00f3n m\u00e1s eficaz y una mayor biodisponibilidad.\",\"breadcrumb\":{\"@id\":\"https:\\\/\\\/www.lifenatura.com\\\/es\\\/produto\\\/coenzima-q10-30-capsulas-liposomia\\\/#breadcrumb\"},\"inLanguage\":\"es\",\"potentialAction\":[{\"@type\":\"ReadAction\",\"target\":[\"https:\\\/\\\/www.lifenatura.com\\\/es\\\/produto\\\/coenzima-q10-30-capsulas-liposomia\\\/\"]}]},{\"@type\":\"ImageObject\",\"inLanguage\":\"es\",\"@id\":\"https:\\\/\\\/www.lifenatura.com\\\/es\\\/produto\\\/coenzima-q10-30-capsulas-liposomia\\\/#primaryimage\",\"url\":\"https:\\\/\\\/www.lifenatura.com\\\/wp-content\\\/uploads\\\/2024\\\/03\\\/Coenzyme-Q10-30-Capsulas-Liposomia-.jpg\",\"contentUrl\":\"https:\\\/\\\/www.lifenatura.com\\\/wp-content\\\/uploads\\\/2024\\\/03\\\/Coenzyme-Q10-30-Capsulas-Liposomia-.jpg\",\"width\":1000,\"height\":1000,\"caption\":\"Coenzima Q10 30 C\u00e1psulas - Liposomia\"},{\"@type\":\"BreadcrumbList\",\"@id\":\"https:\\\/\\\/www.lifenatura.com\\\/es\\\/produto\\\/coenzima-q10-30-capsulas-liposomia\\\/#breadcrumb\",\"itemListElement\":[{\"@type\":\"ListItem\",\"position\":1,\"name\":\"In\u00edcio\",\"item\":\"https:\\\/\\\/www.lifenatura.com\\\/es\\\/\"},{\"@type\":\"ListItem\",\"position\":2,\"name\":\"Todos los Productos\",\"item\":\"https:\\\/\\\/www.lifenatura.com\\\/es\\\/tienda\\\/\"},{\"@type\":\"ListItem\",\"position\":3,\"name\":\"Coenzima Q10 30 C\u00e1psulas &#8211; Liposomia\"}]},{\"@type\":\"WebSite\",\"@id\":\"https:\\\/\\\/www.lifenatura.com\\\/es\\\/#website\",\"url\":\"https:\\\/\\\/www.lifenatura.com\\\/es\\\/\",\"name\":\"Lifenatura\",\"description\":\"A Lifenatura \u00e9 uma loja de produtos naturais, cosm\u00e9tica natural e alimenta\u00e7\u00e3o Biol\u00f3gica.\",\"publisher\":{\"@id\":\"https:\\\/\\\/www.lifenatura.com\\\/es\\\/#organization\"},\"potentialAction\":[{\"@type\":\"SearchAction\",\"target\":{\"@type\":\"EntryPoint\",\"urlTemplate\":\"https:\\\/\\\/www.lifenatura.com\\\/es\\\/?s={search_term_string}\"},\"query-input\":{\"@type\":\"PropertyValueSpecification\",\"valueRequired\":true,\"valueName\":\"search_term_string\"}}],\"inLanguage\":\"es\"},{\"@type\":\"Organization\",\"@id\":\"https:\\\/\\\/www.lifenatura.com\\\/es\\\/#organization\",\"name\":\"Lifenatura\",\"url\":\"https:\\\/\\\/www.lifenatura.com\\\/es\\\/\",\"logo\":{\"@type\":\"ImageObject\",\"inLanguage\":\"es\",\"@id\":\"https:\\\/\\\/www.lifenatura.com\\\/es\\\/#\\\/schema\\\/logo\\\/image\\\/\",\"url\":\"https:\\\/\\\/www.lifenatura.com\\\/wp-content\\\/uploads\\\/2021\\\/07\\\/logo.png\",\"contentUrl\":\"https:\\\/\\\/www.lifenatura.com\\\/wp-content\\\/uploads\\\/2021\\\/07\\\/logo.png\",\"width\":175,\"height\":55,\"caption\":\"Lifenatura\"},\"image\":{\"@id\":\"https:\\\/\\\/www.lifenatura.com\\\/es\\\/#\\\/schema\\\/logo\\\/image\\\/\"},\"sameAs\":[\"https:\\\/\\\/www.facebook.com\\\/lifenatura\",\"https:\\\/\\\/www.instagram.com\\\/lifenaturapt\\\/\"],\"hasMerchantReturnPolicy\":{\"@type\":\"MerchantReturnPolicy\",\"merchantReturnLink\":\"https:\\\/\\\/www.lifenatura.com\\\/termos-condicoes-lifenatura\\\/\"}}]}<\/script>\n<meta property=\"product:price:amount\" content=\"22.51\" \/>\n<meta property=\"product:price:currency\" content=\"EUR\" \/>\n<meta property=\"og:availability\" content=\"instock\" \/>\n<meta property=\"product:availability\" content=\"instock\" \/>\n<meta property=\"product:retailer_item_id\" content=\"3760293914619\" \/>\n<meta property=\"product:condition\" content=\"new\" \/>\n<!-- \/ Yoast SEO Premium plugin. -->","yoast_head_json":{"title":"Coenzima Q10 30 C\u00e1psulas - Liposomia - Na Lifenatura ao Melhor Pre\u00e7o | Envio em 48h","description":"La coenzima Q10 proporciona un aporte optimizado de CoQ10 al organismo, lo que permite una absorci\u00f3n m\u00e1s eficaz y una mayor biodisponibilidad.","robots":{"index":"index","follow":"follow","max-snippet":"max-snippet:-1","max-image-preview":"max-image-preview:large","max-video-preview":"max-video-preview:-1"},"canonical":"https:\/\/www.lifenatura.com\/es\/produto\/coenzima-q10-30-capsulas-liposomia\/","og_locale":"es_ES","og_type":"article","og_title":"Coenzima Q10 30 C\u00e1psulas - Liposomia - Na Lifenatura ao Melhor Pre\u00e7o | Envio 48h","og_description":"Compre Coenzima Q10 30 C\u00e1psulas - Liposomia com envio r\u00e1pido. Entrega em 48h e portes gr\u00e1tis em compras >35\u20ac. Aproveite j\u00e1 na Lifenatura","og_url":"https:\/\/www.lifenatura.com\/es\/produto\/coenzima-q10-30-capsulas-liposomia\/","og_site_name":"Lifenatura","article_publisher":"https:\/\/www.facebook.com\/lifenatura","article_modified_time":"2026-04-21T00:01:50+00:00","og_image":[{"width":1000,"height":1000,"url":"https:\/\/www.lifenatura.com\/wp-content\/uploads\/2024\/03\/Coenzyme-Q10-30-Capsulas-Liposomia-.jpg","type":"image\/jpeg"}],"twitter_card":"summary_large_image","twitter_misc":{"Precio":"22,51&nbsp;&euro;","Disponibilidad":"Disponible"},"schema":{"@context":"https:\/\/schema.org","@graph":[{"@type":"WebPage","@id":"https:\/\/www.lifenatura.com\/es\/produto\/coenzima-q10-30-capsulas-liposomia\/","url":"https:\/\/www.lifenatura.com\/es\/produto\/coenzima-q10-30-capsulas-liposomia\/","name":"Coenzima Q10 30 C\u00e1psulas - Liposomia - Na Lifenatura ao Melhor Pre\u00e7o | Envio em 48h","isPartOf":{"@id":"https:\/\/www.lifenatura.com\/es\/#website"},"primaryImageOfPage":{"@id":"https:\/\/www.lifenatura.com\/es\/produto\/coenzima-q10-30-capsulas-liposomia\/#primaryimage"},"image":{"@id":"https:\/\/www.lifenatura.com\/es\/produto\/coenzima-q10-30-capsulas-liposomia\/#primaryimage"},"thumbnailUrl":"https:\/\/www.lifenatura.com\/wp-content\/uploads\/2024\/03\/Coenzyme-Q10-30-Capsulas-Liposomia-.jpg","datePublished":"2024-03-15T17:40:54+00:00","dateModified":"2026-04-21T00:01:50+00:00","description":"La coenzima Q10 proporciona un aporte optimizado de CoQ10 al organismo, lo que permite una absorci\u00f3n m\u00e1s eficaz y una mayor biodisponibilidad.","breadcrumb":{"@id":"https:\/\/www.lifenatura.com\/es\/produto\/coenzima-q10-30-capsulas-liposomia\/#breadcrumb"},"inLanguage":"es","potentialAction":[{"@type":"ReadAction","target":["https:\/\/www.lifenatura.com\/es\/produto\/coenzima-q10-30-capsulas-liposomia\/"]}]},{"@type":"ImageObject","inLanguage":"es","@id":"https:\/\/www.lifenatura.com\/es\/produto\/coenzima-q10-30-capsulas-liposomia\/#primaryimage","url":"https:\/\/www.lifenatura.com\/wp-content\/uploads\/2024\/03\/Coenzyme-Q10-30-Capsulas-Liposomia-.jpg","contentUrl":"https:\/\/www.lifenatura.com\/wp-content\/uploads\/2024\/03\/Coenzyme-Q10-30-Capsulas-Liposomia-.jpg","width":1000,"height":1000,"caption":"Coenzima Q10 30 C\u00e1psulas - Liposomia"},{"@type":"BreadcrumbList","@id":"https:\/\/www.lifenatura.com\/es\/produto\/coenzima-q10-30-capsulas-liposomia\/#breadcrumb","itemListElement":[{"@type":"ListItem","position":1,"name":"In\u00edcio","item":"https:\/\/www.lifenatura.com\/es\/"},{"@type":"ListItem","position":2,"name":"Todos los Productos","item":"https:\/\/www.lifenatura.com\/es\/tienda\/"},{"@type":"ListItem","position":3,"name":"Coenzima Q10 30 C\u00e1psulas &#8211; Liposomia"}]},{"@type":"WebSite","@id":"https:\/\/www.lifenatura.com\/es\/#website","url":"https:\/\/www.lifenatura.com\/es\/","name":"Lifenatura","description":"A Lifenatura \u00e9 uma loja de produtos naturais, cosm\u00e9tica natural e alimenta\u00e7\u00e3o Biol\u00f3gica.","publisher":{"@id":"https:\/\/www.lifenatura.com\/es\/#organization"},"potentialAction":[{"@type":"SearchAction","target":{"@type":"EntryPoint","urlTemplate":"https:\/\/www.lifenatura.com\/es\/?s={search_term_string}"},"query-input":{"@type":"PropertyValueSpecification","valueRequired":true,"valueName":"search_term_string"}}],"inLanguage":"es"},{"@type":"Organization","@id":"https:\/\/www.lifenatura.com\/es\/#organization","name":"Lifenatura","url":"https:\/\/www.lifenatura.com\/es\/","logo":{"@type":"ImageObject","inLanguage":"es","@id":"https:\/\/www.lifenatura.com\/es\/#\/schema\/logo\/image\/","url":"https:\/\/www.lifenatura.com\/wp-content\/uploads\/2021\/07\/logo.png","contentUrl":"https:\/\/www.lifenatura.com\/wp-content\/uploads\/2021\/07\/logo.png","width":175,"height":55,"caption":"Lifenatura"},"image":{"@id":"https:\/\/www.lifenatura.com\/es\/#\/schema\/logo\/image\/"},"sameAs":["https:\/\/www.facebook.com\/lifenatura","https:\/\/www.instagram.com\/lifenaturapt\/"],"hasMerchantReturnPolicy":{"@type":"MerchantReturnPolicy","merchantReturnLink":"https:\/\/www.lifenatura.com\/termos-condicoes-lifenatura\/"}}]},"product_price_amount":"22.51","product_price_currency":"EUR","og_availability":"instock","product_availability":"instock","product_retailer_item_id":"3760293914619","product_condition":"new"},"df_price":22.51,"df_sale_price":22.51,"df_regular_price":26.48,"df_image_link":"https:\/\/www.lifenatura.com\/wp-content\/uploads\/2024\/03\/Coenzyme-Q10-30-Capsulas-Liposomia--300x300.jpg","_links":{"self":[{"href":"https:\/\/www.lifenatura.com\/es\/wp-json\/wp\/v2\/product\/87312","targetHints":{"allow":["GET"]}}],"collection":[{"href":"https:\/\/www.lifenatura.com\/es\/wp-json\/wp\/v2\/product"}],"about":[{"href":"https:\/\/www.lifenatura.com\/es\/wp-json\/wp\/v2\/types\/product"}],"wp:featuredmedia":[{"embeddable":true,"href":"https:\/\/www.lifenatura.com\/es\/wp-json\/wp\/v2\/media\/87216"}],"wp:attachment":[{"href":"https:\/\/www.lifenatura.com\/es\/wp-json\/wp\/v2\/media?parent=87312"}],"wp:term":[{"taxonomy":"product_brand","embeddable":true,"href":"https:\/\/www.lifenatura.com\/es\/wp-json\/wp\/v2\/product_brand?post=87312"},{"taxonomy":"product_cat","embeddable":true,"href":"https:\/\/www.lifenatura.com\/es\/wp-json\/wp\/v2\/product_cat?post=87312"},{"taxonomy":"product_tag","embeddable":true,"href":"https:\/\/www.lifenatura.com\/es\/wp-json\/wp\/v2\/product_tag?post=87312"}],"curies":[{"name":"wp","href":"https:\/\/api.w.org\/{rel}","templated":true}]}}