{"id":87279,"date":"2024-03-15T15:05:48","date_gmt":"2024-03-15T15:05:48","guid":{"rendered":"https:\/\/www.lifenatura.com\/?post_type=product&#038;p=87279"},"modified":"2026-04-04T00:43:20","modified_gmt":"2026-04-04T00:43:20","slug":"hepacom-advanced-pack-vegafarma","status":"publish","type":"product","link":"https:\/\/www.lifenatura.com\/es\/produto\/hepacom-advanced-pack-vegafarma\/","title":{"rendered":"Hepacom Advanced Pack &#8211; Vegafarma"},"content":{"rendered":"<h2>Hepacom Advanced desintoxica el h\u00edgado y la ves\u00edcula biliar<\/h2>\n<p>&nbsp;<\/p>\n<p>Hepacom de vegafarma es un producto natural compuesto por plantas que tienen un efecto beneficioso sobre el h\u00edgado y la ves\u00edcula biliar. El glutati\u00f3n, uno de los ingredientes principales, regula la actividad de otros antioxidantes y desempe\u00f1a un papel importante en la desintoxicaci\u00f3n de los radicales libres.<\/p>\n<p><strong>Ahora disponible en pack familiar promocional<\/strong><\/p>\n<p>Act\u00faa como agente desintoxicante y tiene un efecto beneficioso en la reparaci\u00f3n de los l\u00edpidos.<\/p>\n<p>Hepacom es una formulaci\u00f3n \u00fanica que reconoce la importancia del sistema del Glutati\u00f3n (GSH) en la salud humana y pretende actuar directamente sobre su homeostasis, combinado con un potente cuarteto de hierbas medicinales &#8211; <strong>Cardo<\/strong> mariano <strong>, Diente de le\u00f3n, Achicoria y Alcachofa<\/strong> &#8211; reconocidas por su acci\u00f3n beneficiosa sobre el sistema digestivo (especialmente a nivel hep\u00e1tico y depurativo) que restauran el organismo da\u00f1ado por un mal funcionamiento de la ves\u00edcula biliar con o sin litiasis, enfermedades hep\u00e1ticas como la hepatitis y la cirrosis.<\/p>\n<p>Hepacom tambi\u00e9n puede utilizarse para prevenir la aterosclerosis gracias a sus propiedades normalizadoras de los l\u00edpidos s\u00e9ricos, el Alzheimer y la demencia, la enfermedad de Huntington, la enfermedad de Tourette, la ataxia cerebral, algunos cuadros convulsivos y la esquizofrenia, y en nutrici\u00f3n deportiva es \u00fatil para aumentar la resistencia, reducir la fatiga y aumentar el crecimiento muscular.<\/p>\n<p><strong>Los 3 principales beneficios de Hepacom:<\/strong><\/p>\n<ul>\n<li><strong>Detox del H\u00edgado:<\/strong> Contiene una mezcla de extractos de plantas y nutrientes que ayudan a desintoxicar el h\u00edgado, permiti\u00e9ndole eliminar eficazmente las toxinas y los residuos acumulados. Ingredientes como el cardo mariano, la alcachofa y la c\u00farcuma tienen propiedades desintoxicantes que ayudan a limpiar el h\u00edgado y a eliminar las sustancias nocivas.<\/li>\n<li><strong>Apoyo a la funci\u00f3n hep\u00e1tica:<\/strong> Este suplemento nutricional ofrece apoyo espec\u00edfico para la salud del h\u00edgado, ayudando a promover una funci\u00f3n hep\u00e1tica saludable y eficiente. Los ingredientes activos ayudan a estimular la producci\u00f3n de enzimas hep\u00e1ticas, mejoran la circulaci\u00f3n sangu\u00ednea en el h\u00edgado y protegen las c\u00e9lulas hep\u00e1ticas de los da\u00f1os.<\/li>\n<li><strong>Regeneraci\u00f3n y reparaci\u00f3n:<\/strong> Adem\u00e1s de desintoxicar el h\u00edgado, tambi\u00e9n ayuda a promover la regeneraci\u00f3n y reparaci\u00f3n del tejido hep\u00e1tico da\u00f1ado. Ingredientes como la silimarina y el selenio tienen propiedades antioxidantes y antiinflamatorias que ayudan a proteger las c\u00e9lulas hep\u00e1ticas y favorecen la cicatrizaci\u00f3n.<\/li>\n<\/ul>\n<p><strong>PRESENTACI\u00d3N<\/strong><\/p>\n<p>250 ml x 3<\/p>\n<p>&nbsp;<\/p>\n","protected":false},"excerpt":{"rendered":"<p>Hepacom ofrece un apoyo nutricional esencial para un h\u00edgado sano y una funci\u00f3n hep\u00e1tica \u00f3ptima. Pack promocional ya disponible. [&#8230;]<\/p>\n<p><a class=\"btn btn-secondary understrap-read-more-link\" href=\"https:\/\/www.lifenatura.com\/es\/produto\/hepacom-advanced-pack-vegafarma\/\">Leer m\u00e1s&#8230;<span class=\"screen-reader-text\"> from Hepacom Advanced Pack &#8211; Vegafarma<\/span><\/a><\/p>\n","protected":false},"featured_media":111994,"template":"","meta":{"_acf_changed":false},"product_brand":[8389],"product_cat":[7254,7263,7179],"product_tag":[],"class_list":{"0":"post-87279","1":"product","2":"type-product","3":"status-publish","4":"has-post-thumbnail","6":"product_brand-vegafarma","7":"product_cat-higado-vesicula","8":"product_cat-packs-de-salud","9":"product_cat-salud","11":"first","12":"instock","13":"shipping-taxable","14":"purchasable","15":"product-type-simple","16":"add-to-wishlist-before_image"},"acf":[],"yoast_head":"<!-- This site is optimized with the Yoast SEO Premium plugin v27.1 (Yoast SEO v27.3) - https:\/\/yoast.com\/product\/yoast-seo-premium-wordpress\/ -->\n<title>Hepacom Advanced Pack Vegafarma - Lifenatura<\/title>\n<meta name=\"description\" content=\"Hepacom ofrece un apoyo nutricional esencial para un h\u00edgado sano y una funci\u00f3n hep\u00e1tica \u00f3ptima. Pack promocional ya disponible.\" \/>\n<meta name=\"robots\" content=\"index, follow, max-snippet:-1, max-image-preview:large, max-video-preview:-1\" \/>\n<link rel=\"canonical\" href=\"https:\/\/www.lifenatura.com\/es\/produto\/hepacom-advanced-pack-vegafarma\/\" \/>\n<meta property=\"og:locale\" content=\"es_ES\" \/>\n<meta property=\"og:type\" content=\"article\" \/>\n<meta property=\"og:title\" content=\"Hepacom Advanced Pack - Vegafarma - Lifenatura\" \/>\n<meta property=\"og:description\" content=\"Compre aqui o seu Hepacom Advanced Pack - Vegafarma e a Lifenatura Online envia em 48 H com Portes Gratis &gt;35\u20ac de Pedido.\" \/>\n<meta property=\"og:url\" content=\"https:\/\/www.lifenatura.com\/es\/produto\/hepacom-advanced-pack-vegafarma\/\" \/>\n<meta property=\"og:site_name\" content=\"Lifenatura\" \/>\n<meta property=\"article:publisher\" content=\"https:\/\/www.facebook.com\/lifenatura\" \/>\n<meta property=\"article:modified_time\" content=\"2026-04-04T00:43:20+00:00\" \/>\n<meta property=\"og:image\" content=\"https:\/\/www.lifenatura.com\/wp-content\/uploads\/2021\/09\/hepacom-pack-vegafarma.jpg\" \/>\n\t<meta property=\"og:image:width\" content=\"1000\" \/>\n\t<meta property=\"og:image:height\" content=\"1000\" \/>\n\t<meta property=\"og:image:type\" content=\"image\/jpeg\" \/>\n<meta name=\"twitter:card\" content=\"summary_large_image\" \/>\n<meta name=\"twitter:label1\" content=\"Precio\" \/>\n\t<meta name=\"twitter:data1\" content=\"80,38&nbsp;&euro;\" \/>\n\t<meta name=\"twitter:label2\" content=\"Disponibilidad\" \/>\n\t<meta name=\"twitter:data2\" content=\"Disponible\" \/>\n<meta property=\"product:price:amount\" content=\"80.38\" \/>\n<meta property=\"product:price:currency\" content=\"EUR\" \/>\n<meta property=\"og:availability\" content=\"instock\" \/>\n<meta property=\"product:availability\" content=\"instock\" \/>\n<meta property=\"product:retailer_item_id\" content=\"5600493200458pack\" \/>\n<meta property=\"product:condition\" content=\"new\" \/>\n<!-- \/ Yoast SEO Premium plugin. -->","yoast_head_json":{"title":"Hepacom Advanced Pack Vegafarma - Lifenatura","description":"Hepacom ofrece un apoyo nutricional esencial para un h\u00edgado sano y una funci\u00f3n hep\u00e1tica \u00f3ptima. Pack promocional ya disponible.","robots":{"index":"index","follow":"follow","max-snippet":"max-snippet:-1","max-image-preview":"max-image-preview:large","max-video-preview":"max-video-preview:-1"},"canonical":"https:\/\/www.lifenatura.com\/es\/produto\/hepacom-advanced-pack-vegafarma\/","og_locale":"es_ES","og_type":"article","og_title":"Hepacom Advanced Pack - Vegafarma - Lifenatura","og_description":"Compre aqui o seu Hepacom Advanced Pack - Vegafarma e a Lifenatura Online envia em 48 H com Portes Gratis >35\u20ac de Pedido.","og_url":"https:\/\/www.lifenatura.com\/es\/produto\/hepacom-advanced-pack-vegafarma\/","og_site_name":"Lifenatura","article_publisher":"https:\/\/www.facebook.com\/lifenatura","article_modified_time":"2026-04-04T00:43:20+00:00","og_image":[{"width":1000,"height":1000,"url":"https:\/\/www.lifenatura.com\/wp-content\/uploads\/2021\/09\/hepacom-pack-vegafarma.jpg","type":"image\/jpeg"}],"twitter_card":"summary_large_image","twitter_misc":{"Precio":"80,38&nbsp;&euro;","Disponibilidad":"Disponible"},"schema":{"@context":"https:\/\/schema.org","@graph":[{"@type":"WebPage","@id":"https:\/\/www.lifenatura.com\/es\/produto\/hepacom-advanced-pack-vegafarma\/","url":"https:\/\/www.lifenatura.com\/es\/produto\/hepacom-advanced-pack-vegafarma\/","name":"Hepacom Advanced Pack Vegafarma - Lifenatura","isPartOf":{"@id":"https:\/\/www.lifenatura.com\/es\/#website"},"primaryImageOfPage":{"@id":"https:\/\/www.lifenatura.com\/es\/produto\/hepacom-advanced-pack-vegafarma\/#primaryimage"},"image":{"@id":"https:\/\/www.lifenatura.com\/es\/produto\/hepacom-advanced-pack-vegafarma\/#primaryimage"},"thumbnailUrl":"https:\/\/www.lifenatura.com\/wp-content\/uploads\/2025\/05\/hepacom-pack-vegafarma.jpg","datePublished":"2024-03-15T15:05:48+00:00","dateModified":"2026-04-04T00:43:20+00:00","description":"Hepacom ofrece un apoyo nutricional esencial para un h\u00edgado sano y una funci\u00f3n hep\u00e1tica \u00f3ptima. Pack promocional ya disponible.","breadcrumb":{"@id":"https:\/\/www.lifenatura.com\/es\/produto\/hepacom-advanced-pack-vegafarma\/#breadcrumb"},"inLanguage":"es","potentialAction":[{"@type":"ReadAction","target":["https:\/\/www.lifenatura.com\/es\/produto\/hepacom-advanced-pack-vegafarma\/"]}]},{"@type":"ImageObject","inLanguage":"es","@id":"https:\/\/www.lifenatura.com\/es\/produto\/hepacom-advanced-pack-vegafarma\/#primaryimage","url":"https:\/\/www.lifenatura.com\/wp-content\/uploads\/2025\/05\/hepacom-pack-vegafarma.jpg","contentUrl":"https:\/\/www.lifenatura.com\/wp-content\/uploads\/2025\/05\/hepacom-pack-vegafarma.jpg","width":1000,"height":1000,"caption":"Hepacom pack da marca Vegafarma"},{"@type":"BreadcrumbList","@id":"https:\/\/www.lifenatura.com\/es\/produto\/hepacom-advanced-pack-vegafarma\/#breadcrumb","itemListElement":[{"@type":"ListItem","position":1,"name":"In\u00edcio","item":"https:\/\/www.lifenatura.com\/es\/"},{"@type":"ListItem","position":2,"name":"Todos los Productos","item":"https:\/\/www.lifenatura.com\/es\/tienda\/"},{"@type":"ListItem","position":3,"name":"Hepacom Advanced Pack &#8211; Vegafarma"}]},{"@type":"WebSite","@id":"https:\/\/www.lifenatura.com\/es\/#website","url":"https:\/\/www.lifenatura.com\/es\/","name":"Lifenatura","description":"A Lifenatura \u00e9 uma loja de produtos naturais, cosm\u00e9tica natural e alimenta\u00e7\u00e3o Biol\u00f3gica.","publisher":{"@id":"https:\/\/www.lifenatura.com\/es\/#organization"},"potentialAction":[{"@type":"SearchAction","target":{"@type":"EntryPoint","urlTemplate":"https:\/\/www.lifenatura.com\/es\/?s={search_term_string}"},"query-input":{"@type":"PropertyValueSpecification","valueRequired":true,"valueName":"search_term_string"}}],"inLanguage":"es"},{"@type":"Organization","@id":"https:\/\/www.lifenatura.com\/es\/#organization","name":"Lifenatura","url":"https:\/\/www.lifenatura.com\/es\/","logo":{"@type":"ImageObject","inLanguage":"es","@id":"https:\/\/www.lifenatura.com\/es\/#\/schema\/logo\/image\/","url":"https:\/\/www.lifenatura.com\/wp-content\/uploads\/2021\/11\/logo.png","contentUrl":"https:\/\/www.lifenatura.com\/wp-content\/uploads\/2021\/11\/logo.png","width":175,"height":55,"caption":"Lifenatura"},"image":{"@id":"https:\/\/www.lifenatura.com\/es\/#\/schema\/logo\/image\/"},"sameAs":["https:\/\/www.facebook.com\/lifenatura","https:\/\/www.instagram.com\/lifenaturapt\/"]}]},"product_price_amount":"80.38","product_price_currency":"EUR","og_availability":"instock","product_availability":"instock","product_retailer_item_id":"5600493200458pack","product_condition":"new"},"df_price":80.38,"df_sale_price":61.28,"df_regular_price":80.38,"df_image_link":"https:\/\/www.lifenatura.com\/wp-content\/uploads\/2025\/05\/hepacom-pack-vegafarma-300x300.jpg","_links":{"self":[{"href":"https:\/\/www.lifenatura.com\/es\/wp-json\/wp\/v2\/product\/87279","targetHints":{"allow":["GET"]}}],"collection":[{"href":"https:\/\/www.lifenatura.com\/es\/wp-json\/wp\/v2\/product"}],"about":[{"href":"https:\/\/www.lifenatura.com\/es\/wp-json\/wp\/v2\/types\/product"}],"wp:featuredmedia":[{"embeddable":true,"href":"https:\/\/www.lifenatura.com\/es\/wp-json\/wp\/v2\/media\/111994"}],"wp:attachment":[{"href":"https:\/\/www.lifenatura.com\/es\/wp-json\/wp\/v2\/media?parent=87279"}],"wp:term":[{"taxonomy":"product_brand","embeddable":true,"href":"https:\/\/www.lifenatura.com\/es\/wp-json\/wp\/v2\/product_brand?post=87279"},{"taxonomy":"product_cat","embeddable":true,"href":"https:\/\/www.lifenatura.com\/es\/wp-json\/wp\/v2\/product_cat?post=87279"},{"taxonomy":"product_tag","embeddable":true,"href":"https:\/\/www.lifenatura.com\/es\/wp-json\/wp\/v2\/product_tag?post=87279"}],"curies":[{"name":"wp","href":"https:\/\/api.w.org\/{rel}","templated":true}]}}