{"id":87052,"date":"2024-03-11T18:59:52","date_gmt":"2024-03-11T18:59:52","guid":{"rendered":"https:\/\/www.lifenatura.com\/?post_type=product&#038;p=87052"},"modified":"2026-04-21T00:03:09","modified_gmt":"2026-04-21T00:03:09","slug":"articolagen-limon-pack-forte-pharma","status":"publish","type":"product","link":"https:\/\/www.lifenatura.com\/es\/produto\/articolagen-limon-pack-forte-pharma\/","title":{"rendered":"Articolagen Lim\u00f3n polvo Pack &#8211; Forte Pharma"},"content":{"rendered":"<h2 style=\"text-align: left;\"><strong>Articolagen Lim\u00f3n para el mantenimiento de tus huesos de Forte Pharma<\/strong><\/h2>\n<p>&nbsp;<\/p>\n<p>Articolagen Lim\u00f3n contribuye a la formaci\u00f3n normal de col\u00e1geno y al funcionamiento normal del cart\u00edlago. Tiene un efecto lubricante y mejora la movilidad y flexibilidad de las articulaciones y tambi\u00e9n tiene el beneficio de aumentar la fuerza muscular.<\/p>\n<p><strong>Ahora disponible en pack familiar 3 unidades<\/strong><\/p>\n<p>Tambi\u00e9n contiene prote\u00ednas que contribuyen al mantenimiento de cart\u00edlagos, m\u00fasculos y huesos.<\/p>\n<p>Es adecuado para personas de cualquier edad que deseen mantener sus articulaciones en forma, especialmente indicado para deportistas y personas activas. Puede tomarse regularmente para obtener un efecto protector y preventivo progresivo.<\/p>\n<p>F\u00f3rmula a base de col\u00e1geno, \u00e1cido hialur\u00f3nico, magnesio y vitamina C.<\/p>\n<p>De f\u00e1cil disoluci\u00f3n, se presenta en forma de polvo hidrosoluble con un excelente sabor a lim\u00f3n.<\/p>\n<p><strong>PRESENTACI\u00d3N<\/strong><\/p>\n<p>350g<\/p>\n<p>&nbsp;<\/p>\n","protected":false},"excerpt":{"rendered":"<p>Forte Pharma Articolagen Lim\u00f3n en polvo agora en pack familiar para 3 meses, se recomienda para personas con articulaciones especialmente desgastadas. [&#8230;]<\/p>\n<p><a class=\"btn btn-secondary understrap-read-more-link\" href=\"https:\/\/www.lifenatura.com\/es\/produto\/articolagen-limon-pack-forte-pharma\/\">Leer m\u00e1s&#8230;<span class=\"screen-reader-text\"> from Articolagen Lim\u00f3n polvo Pack &#8211; Forte Pharma<\/span><\/a><\/p>\n","protected":false},"featured_media":87054,"template":"","meta":{"_acf_changed":false},"product_brand":[8557],"product_cat":[7665,7205,7689,7659,7740,7179],"product_tag":[],"class_list":{"0":"post-87052","1":"product","2":"type-product","3":"status-publish","4":"has-post-thumbnail","6":"product_brand-forte-pharma","7":"product_cat-acido-hialuronico-bio","8":"product_cat-articulaciones","9":"product_cat-colagenio-natural","10":"product_cat-ingrediente-natural-bio","11":"product_cat-magnesio-es","12":"product_cat-salud","13":"pa_dicas-forte-pharma-articulaciones-fortes","15":"first","16":"instock","17":"sale","18":"shipping-taxable","19":"purchasable","20":"product-type-simple","21":"add-to-wishlist-before_image"},"acf":[],"yoast_head":"<!-- This site is optimized with the Yoast SEO Premium plugin v27.1 (Yoast SEO v27.5) - https:\/\/yoast.com\/product\/yoast-seo-premium-wordpress\/ -->\n<title>Articolagen Lim\u00f3n polvo Pack - Forte Pharma - Na Lifenatura ao Melhor Pre\u00e7o | Envio em 48h<\/title>\n<meta name=\"description\" content=\"Forte Pharma Articolagen Lim\u00f3n en polvo agora en pack familiar para 3 meses, se recomienda para personas con articulaciones especialmente desgastadas.\" \/>\n<meta name=\"robots\" content=\"index, follow, max-snippet:-1, max-image-preview:large, max-video-preview:-1\" \/>\n<link rel=\"canonical\" href=\"https:\/\/www.lifenatura.com\/es\/produto\/articolagen-limon-pack-forte-pharma\/\" \/>\n<meta property=\"og:locale\" content=\"es_ES\" \/>\n<meta property=\"og:type\" content=\"article\" \/>\n<meta property=\"og:title\" content=\"Articolagen Lim\u00f3n polvo Pack - Forte Pharma - Na Lifenatura ao Melhor Pre\u00e7o | Envio 48h\" \/>\n<meta property=\"og:description\" content=\"Compre Articolagen Lim\u00f3n polvo Pack - Forte Pharma com envio r\u00e1pido. Entrega em 48h e portes gr\u00e1tis em compras &gt;35\u20ac. Aproveite j\u00e1 na Lifenatura\" \/>\n<meta property=\"og:url\" content=\"https:\/\/www.lifenatura.com\/es\/produto\/articolagen-limon-pack-forte-pharma\/\" \/>\n<meta property=\"og:site_name\" content=\"Lifenatura\" \/>\n<meta property=\"article:publisher\" content=\"https:\/\/www.facebook.com\/lifenatura\" \/>\n<meta property=\"article:modified_time\" content=\"2026-04-21T00:03:09+00:00\" \/>\n<meta property=\"og:image\" content=\"https:\/\/www.lifenatura.com\/wp-content\/uploads\/2024\/03\/articolageno-pack-forte-pharma.jpg\" \/>\n\t<meta property=\"og:image:width\" content=\"1000\" \/>\n\t<meta property=\"og:image:height\" content=\"1000\" \/>\n\t<meta property=\"og:image:type\" content=\"image\/jpeg\" \/>\n<meta name=\"twitter:card\" content=\"summary_large_image\" \/>\n<meta name=\"twitter:label1\" content=\"Precio\" \/>\n\t<meta name=\"twitter:data1\" content=\"62,91&nbsp;&euro;\" \/>\n\t<meta name=\"twitter:label2\" content=\"Disponibilidad\" \/>\n\t<meta name=\"twitter:data2\" content=\"Disponible\" \/>\n<script type=\"application\/ld+json\" class=\"yoast-schema-graph\">{\"@context\":\"https:\\\/\\\/schema.org\",\"@graph\":[{\"@type\":\"WebPage\",\"@id\":\"https:\\\/\\\/www.lifenatura.com\\\/es\\\/produto\\\/articolagen-limon-pack-forte-pharma\\\/\",\"url\":\"https:\\\/\\\/www.lifenatura.com\\\/es\\\/produto\\\/articolagen-limon-pack-forte-pharma\\\/\",\"name\":\"Articolagen Lim\u00f3n polvo Pack - Forte Pharma - Na Lifenatura ao Melhor Pre\u00e7o | Envio em 48h\",\"isPartOf\":{\"@id\":\"https:\\\/\\\/www.lifenatura.com\\\/es\\\/#website\"},\"primaryImageOfPage\":{\"@id\":\"https:\\\/\\\/www.lifenatura.com\\\/es\\\/produto\\\/articolagen-limon-pack-forte-pharma\\\/#primaryimage\"},\"image\":{\"@id\":\"https:\\\/\\\/www.lifenatura.com\\\/es\\\/produto\\\/articolagen-limon-pack-forte-pharma\\\/#primaryimage\"},\"thumbnailUrl\":\"https:\\\/\\\/www.lifenatura.com\\\/wp-content\\\/uploads\\\/2024\\\/03\\\/articolageno-pack-forte-pharma.jpg\",\"datePublished\":\"2024-03-11T18:59:52+00:00\",\"dateModified\":\"2026-04-21T00:03:09+00:00\",\"description\":\"Forte Pharma Articolagen Lim\u00f3n en polvo agora en pack familiar para 3 meses, se recomienda para personas con articulaciones especialmente desgastadas.\",\"breadcrumb\":{\"@id\":\"https:\\\/\\\/www.lifenatura.com\\\/es\\\/produto\\\/articolagen-limon-pack-forte-pharma\\\/#breadcrumb\"},\"inLanguage\":\"es\",\"potentialAction\":[{\"@type\":\"ReadAction\",\"target\":[\"https:\\\/\\\/www.lifenatura.com\\\/es\\\/produto\\\/articolagen-limon-pack-forte-pharma\\\/\"]}]},{\"@type\":\"ImageObject\",\"inLanguage\":\"es\",\"@id\":\"https:\\\/\\\/www.lifenatura.com\\\/es\\\/produto\\\/articolagen-limon-pack-forte-pharma\\\/#primaryimage\",\"url\":\"https:\\\/\\\/www.lifenatura.com\\\/wp-content\\\/uploads\\\/2024\\\/03\\\/articolageno-pack-forte-pharma.jpg\",\"contentUrl\":\"https:\\\/\\\/www.lifenatura.com\\\/wp-content\\\/uploads\\\/2024\\\/03\\\/articolageno-pack-forte-pharma.jpg\",\"width\":1000,\"height\":1000,\"caption\":\"Pack familiar forte pharma articolageno lim\u00e3o\"},{\"@type\":\"BreadcrumbList\",\"@id\":\"https:\\\/\\\/www.lifenatura.com\\\/es\\\/produto\\\/articolagen-limon-pack-forte-pharma\\\/#breadcrumb\",\"itemListElement\":[{\"@type\":\"ListItem\",\"position\":1,\"name\":\"In\u00edcio\",\"item\":\"https:\\\/\\\/www.lifenatura.com\\\/es\\\/\"},{\"@type\":\"ListItem\",\"position\":2,\"name\":\"Todos los Productos\",\"item\":\"https:\\\/\\\/www.lifenatura.com\\\/es\\\/tienda\\\/\"},{\"@type\":\"ListItem\",\"position\":3,\"name\":\"Articolagen Lim\u00f3n polvo Pack &#8211; Forte Pharma\"}]},{\"@type\":\"WebSite\",\"@id\":\"https:\\\/\\\/www.lifenatura.com\\\/es\\\/#website\",\"url\":\"https:\\\/\\\/www.lifenatura.com\\\/es\\\/\",\"name\":\"Lifenatura\",\"description\":\"A Lifenatura \u00e9 uma loja de produtos naturais, cosm\u00e9tica natural e alimenta\u00e7\u00e3o Biol\u00f3gica.\",\"publisher\":{\"@id\":\"https:\\\/\\\/www.lifenatura.com\\\/es\\\/#organization\"},\"potentialAction\":[{\"@type\":\"SearchAction\",\"target\":{\"@type\":\"EntryPoint\",\"urlTemplate\":\"https:\\\/\\\/www.lifenatura.com\\\/es\\\/?s={search_term_string}\"},\"query-input\":{\"@type\":\"PropertyValueSpecification\",\"valueRequired\":true,\"valueName\":\"search_term_string\"}}],\"inLanguage\":\"es\"},{\"@type\":\"Organization\",\"@id\":\"https:\\\/\\\/www.lifenatura.com\\\/es\\\/#organization\",\"name\":\"Lifenatura\",\"url\":\"https:\\\/\\\/www.lifenatura.com\\\/es\\\/\",\"logo\":{\"@type\":\"ImageObject\",\"inLanguage\":\"es\",\"@id\":\"https:\\\/\\\/www.lifenatura.com\\\/es\\\/#\\\/schema\\\/logo\\\/image\\\/\",\"url\":\"https:\\\/\\\/www.lifenatura.com\\\/wp-content\\\/uploads\\\/2021\\\/07\\\/logo.png\",\"contentUrl\":\"https:\\\/\\\/www.lifenatura.com\\\/wp-content\\\/uploads\\\/2021\\\/07\\\/logo.png\",\"width\":175,\"height\":55,\"caption\":\"Lifenatura\"},\"image\":{\"@id\":\"https:\\\/\\\/www.lifenatura.com\\\/es\\\/#\\\/schema\\\/logo\\\/image\\\/\"},\"sameAs\":[\"https:\\\/\\\/www.facebook.com\\\/lifenatura\",\"https:\\\/\\\/www.instagram.com\\\/lifenaturapt\\\/\"],\"hasMerchantReturnPolicy\":{\"@type\":\"MerchantReturnPolicy\",\"merchantReturnLink\":\"https:\\\/\\\/www.lifenatura.com\\\/termos-condicoes-lifenatura\\\/\"}}]}<\/script>\n<meta property=\"product:price:amount\" content=\"62.91\" \/>\n<meta property=\"product:price:currency\" content=\"EUR\" \/>\n<meta property=\"og:availability\" content=\"instock\" \/>\n<meta property=\"product:availability\" content=\"instock\" \/>\n<meta property=\"product:retailer_item_id\" content=\"7125765pack\" \/>\n<meta property=\"product:condition\" content=\"new\" \/>\n<!-- \/ Yoast SEO Premium plugin. -->","yoast_head_json":{"title":"Articolagen Lim\u00f3n polvo Pack - Forte Pharma - Na Lifenatura ao Melhor Pre\u00e7o | Envio em 48h","description":"Forte Pharma Articolagen Lim\u00f3n en polvo agora en pack familiar para 3 meses, se recomienda para personas con articulaciones especialmente desgastadas.","robots":{"index":"index","follow":"follow","max-snippet":"max-snippet:-1","max-image-preview":"max-image-preview:large","max-video-preview":"max-video-preview:-1"},"canonical":"https:\/\/www.lifenatura.com\/es\/produto\/articolagen-limon-pack-forte-pharma\/","og_locale":"es_ES","og_type":"article","og_title":"Articolagen Lim\u00f3n polvo Pack - Forte Pharma - Na Lifenatura ao Melhor Pre\u00e7o | Envio 48h","og_description":"Compre Articolagen Lim\u00f3n polvo Pack - Forte Pharma com envio r\u00e1pido. Entrega em 48h e portes gr\u00e1tis em compras >35\u20ac. Aproveite j\u00e1 na Lifenatura","og_url":"https:\/\/www.lifenatura.com\/es\/produto\/articolagen-limon-pack-forte-pharma\/","og_site_name":"Lifenatura","article_publisher":"https:\/\/www.facebook.com\/lifenatura","article_modified_time":"2026-04-21T00:03:09+00:00","og_image":[{"width":1000,"height":1000,"url":"https:\/\/www.lifenatura.com\/wp-content\/uploads\/2024\/03\/articolageno-pack-forte-pharma.jpg","type":"image\/jpeg"}],"twitter_card":"summary_large_image","twitter_misc":{"Precio":"62,91&nbsp;&euro;","Disponibilidad":"Disponible"},"schema":{"@context":"https:\/\/schema.org","@graph":[{"@type":"WebPage","@id":"https:\/\/www.lifenatura.com\/es\/produto\/articolagen-limon-pack-forte-pharma\/","url":"https:\/\/www.lifenatura.com\/es\/produto\/articolagen-limon-pack-forte-pharma\/","name":"Articolagen Lim\u00f3n polvo Pack - Forte Pharma - Na Lifenatura ao Melhor Pre\u00e7o | Envio em 48h","isPartOf":{"@id":"https:\/\/www.lifenatura.com\/es\/#website"},"primaryImageOfPage":{"@id":"https:\/\/www.lifenatura.com\/es\/produto\/articolagen-limon-pack-forte-pharma\/#primaryimage"},"image":{"@id":"https:\/\/www.lifenatura.com\/es\/produto\/articolagen-limon-pack-forte-pharma\/#primaryimage"},"thumbnailUrl":"https:\/\/www.lifenatura.com\/wp-content\/uploads\/2024\/03\/articolageno-pack-forte-pharma.jpg","datePublished":"2024-03-11T18:59:52+00:00","dateModified":"2026-04-21T00:03:09+00:00","description":"Forte Pharma Articolagen Lim\u00f3n en polvo agora en pack familiar para 3 meses, se recomienda para personas con articulaciones especialmente desgastadas.","breadcrumb":{"@id":"https:\/\/www.lifenatura.com\/es\/produto\/articolagen-limon-pack-forte-pharma\/#breadcrumb"},"inLanguage":"es","potentialAction":[{"@type":"ReadAction","target":["https:\/\/www.lifenatura.com\/es\/produto\/articolagen-limon-pack-forte-pharma\/"]}]},{"@type":"ImageObject","inLanguage":"es","@id":"https:\/\/www.lifenatura.com\/es\/produto\/articolagen-limon-pack-forte-pharma\/#primaryimage","url":"https:\/\/www.lifenatura.com\/wp-content\/uploads\/2024\/03\/articolageno-pack-forte-pharma.jpg","contentUrl":"https:\/\/www.lifenatura.com\/wp-content\/uploads\/2024\/03\/articolageno-pack-forte-pharma.jpg","width":1000,"height":1000,"caption":"Pack familiar forte pharma articolageno lim\u00e3o"},{"@type":"BreadcrumbList","@id":"https:\/\/www.lifenatura.com\/es\/produto\/articolagen-limon-pack-forte-pharma\/#breadcrumb","itemListElement":[{"@type":"ListItem","position":1,"name":"In\u00edcio","item":"https:\/\/www.lifenatura.com\/es\/"},{"@type":"ListItem","position":2,"name":"Todos los Productos","item":"https:\/\/www.lifenatura.com\/es\/tienda\/"},{"@type":"ListItem","position":3,"name":"Articolagen Lim\u00f3n polvo Pack &#8211; Forte Pharma"}]},{"@type":"WebSite","@id":"https:\/\/www.lifenatura.com\/es\/#website","url":"https:\/\/www.lifenatura.com\/es\/","name":"Lifenatura","description":"A Lifenatura \u00e9 uma loja de produtos naturais, cosm\u00e9tica natural e alimenta\u00e7\u00e3o Biol\u00f3gica.","publisher":{"@id":"https:\/\/www.lifenatura.com\/es\/#organization"},"potentialAction":[{"@type":"SearchAction","target":{"@type":"EntryPoint","urlTemplate":"https:\/\/www.lifenatura.com\/es\/?s={search_term_string}"},"query-input":{"@type":"PropertyValueSpecification","valueRequired":true,"valueName":"search_term_string"}}],"inLanguage":"es"},{"@type":"Organization","@id":"https:\/\/www.lifenatura.com\/es\/#organization","name":"Lifenatura","url":"https:\/\/www.lifenatura.com\/es\/","logo":{"@type":"ImageObject","inLanguage":"es","@id":"https:\/\/www.lifenatura.com\/es\/#\/schema\/logo\/image\/","url":"https:\/\/www.lifenatura.com\/wp-content\/uploads\/2021\/07\/logo.png","contentUrl":"https:\/\/www.lifenatura.com\/wp-content\/uploads\/2021\/07\/logo.png","width":175,"height":55,"caption":"Lifenatura"},"image":{"@id":"https:\/\/www.lifenatura.com\/es\/#\/schema\/logo\/image\/"},"sameAs":["https:\/\/www.facebook.com\/lifenatura","https:\/\/www.instagram.com\/lifenaturapt\/"],"hasMerchantReturnPolicy":{"@type":"MerchantReturnPolicy","merchantReturnLink":"https:\/\/www.lifenatura.com\/termos-condicoes-lifenatura\/"}}]},"product_price_amount":"62.91","product_price_currency":"EUR","og_availability":"instock","product_availability":"instock","product_retailer_item_id":"7125765pack","product_condition":"new"},"df_price":62.91,"df_sale_price":62.91,"df_regular_price":94.61,"df_image_link":"https:\/\/www.lifenatura.com\/wp-content\/uploads\/2024\/03\/articolageno-pack-forte-pharma-300x300.jpg","_links":{"self":[{"href":"https:\/\/www.lifenatura.com\/es\/wp-json\/wp\/v2\/product\/87052","targetHints":{"allow":["GET"]}}],"collection":[{"href":"https:\/\/www.lifenatura.com\/es\/wp-json\/wp\/v2\/product"}],"about":[{"href":"https:\/\/www.lifenatura.com\/es\/wp-json\/wp\/v2\/types\/product"}],"wp:featuredmedia":[{"embeddable":true,"href":"https:\/\/www.lifenatura.com\/es\/wp-json\/wp\/v2\/media\/87054"}],"wp:attachment":[{"href":"https:\/\/www.lifenatura.com\/es\/wp-json\/wp\/v2\/media?parent=87052"}],"wp:term":[{"taxonomy":"product_brand","embeddable":true,"href":"https:\/\/www.lifenatura.com\/es\/wp-json\/wp\/v2\/product_brand?post=87052"},{"taxonomy":"product_cat","embeddable":true,"href":"https:\/\/www.lifenatura.com\/es\/wp-json\/wp\/v2\/product_cat?post=87052"},{"taxonomy":"product_tag","embeddable":true,"href":"https:\/\/www.lifenatura.com\/es\/wp-json\/wp\/v2\/product_tag?post=87052"}],"curies":[{"name":"wp","href":"https:\/\/api.w.org\/{rel}","templated":true}]}}