{"id":86232,"date":"2024-02-27T12:30:55","date_gmt":"2024-02-27T12:30:55","guid":{"rendered":"https:\/\/www.lifenatura.com\/?post_type=product&#038;p=86232"},"modified":"2025-02-03T00:01:57","modified_gmt":"2025-02-03T00:01:57","slug":"ultimate-omega-2x-60-softgels-nordic-naturals-copia","status":"publish","type":"product","link":"https:\/\/www.lifenatura.com\/es\/produto\/ultimate-omega-2x-60-softgels-nordic-naturals-copia\/","title":{"rendered":"Ultimate Omega 2x 120 c\u00e1psulas blandas &#8211; Nordic Naturals"},"content":{"rendered":"<h2 style=\"text-align: left;\"><strong>Ultimate Omega El suplemento de Omega 3 para la salud del coraz\u00f3n y el cerebro<\/strong><\/h2>\n<p>&nbsp;<\/p>\n<p>Ultimate Omega 2x contiene el doble de Omega-3, con la mayor concentraci\u00f3n de aceite de pescado Omega-3 en forma de triglic\u00e9ridos (la forma que se encuentra naturalmente en el pescado), proporcionando una absorci\u00f3n superior y los m\u00e1ximos beneficios.<\/p>\n<p>Con 1000 mg de EPA y DHA en cada gel blando, este potente concentrado satisface una amplia gama de necesidades nutricionales y es ideal para las personas que buscan una alta concentraci\u00f3n de Omega 3 por c\u00e1psula.<\/p>\n<p>Ultimate Omega de Nordic Naturals es un suplemento de Omega 3 dise\u00f1ado para promover la salud del coraz\u00f3n, el cerebro y el sistema nervioso. Su avanzada f\u00f3rmula est\u00e1 formulada con aceite de pescado de aguas profundas, rico en \u00e1cidos grasos esenciales Omega 3, EPA (\u00e1cido eicosapentaenoico) y DHA (\u00e1cido docosahexaenoico), conocidos por sus numerosos beneficios para la salud.<\/p>\n<p><strong>Las 3 ventajas principales:<\/strong><\/p>\n<ul>\n<li><strong>Salud cardiovascular:<\/strong> El EPA y el DHA son conocidos por sus efectos positivos sobre la salud cardiovascular, ya que ayudan a reducir los niveles de triglic\u00e9ridos en sangre, mejoran la funci\u00f3n de los vasos sangu\u00edneos y reducen el riesgo de enfermedades cardiacas.<\/li>\n<li><strong>Funci\u00f3n cerebral y nerviosa:<\/strong> El DHA es un componente esencial de las membranas celulares del cerebro y el sistema nervioso, y su ingesta adecuada se asocia a una mejora de la cognici\u00f3n, la memoria y la funci\u00f3n cerebral.<\/li>\n<li><strong>Salud ocular:<\/strong> El DHA tambi\u00e9n desempe\u00f1a un papel importante en la salud ocular, y los suplementos de Omega 3 pueden ayudar a reducir el riesgo de enfermedades oculares relacionadas con la edad, como la degeneraci\u00f3n macular.<\/li>\n<\/ul>\n<p><strong>PRESENTACI\u00d3N <\/strong><\/p>\n<p>120 c\u00e1psulas blandas<\/p>\n<p>&nbsp;<\/p>\n","protected":false},"excerpt":{"rendered":"<p>Ultimate Omega 2X 120 c\u00e1psulas blandas tiene el doble de concentraci\u00f3n de Omega 3, proporcionando una absorci\u00f3n superior y los m\u00e1ximos beneficios. [&#8230;]<\/p>\n<p><a class=\"btn btn-secondary understrap-read-more-link\" href=\"https:\/\/www.lifenatura.com\/es\/produto\/ultimate-omega-2x-60-softgels-nordic-naturals-copia\/\">Leer m\u00e1s&#8230;<span class=\"screen-reader-text\"> from Ultimate Omega 2x 120 c\u00e1psulas blandas &#8211; Nordic Naturals<\/span><\/a><\/p>\n","protected":false},"featured_media":86235,"template":"","meta":{"_acf_changed":false},"product_brand":[8431],"product_cat":[7222,7659,7755,7179],"product_tag":[],"class_list":{"0":"post-86232","1":"product","2":"type-product","3":"status-publish","4":"has-post-thumbnail","6":"product_brand-nordic-naturals","7":"product_cat-colesterol-salud","8":"product_cat-ingrediente-natural-bio","9":"product_cat-omega-3-es","10":"product_cat-salud","11":"pa_caracteristicas-sin-omg","12":"pa_dicas-ultima-omega-nordic-naturals-es","14":"first","15":"outofstock","16":"sale","17":"shipping-taxable","18":"purchasable","19":"product-type-simple","20":"add-to-wishlist-before_image"},"acf":[],"yoast_head":"<!-- This site is optimized with the Yoast SEO Premium plugin v27.1 (Yoast SEO v27.4) - https:\/\/yoast.com\/product\/yoast-seo-premium-wordpress\/ -->\n<title>Ultimate Omega 2x 120 c\u00e1psulas blandas - Nordic Naturals - Na Lifenatura ao Melhor Pre\u00e7o | Envio em 48h<\/title>\n<meta name=\"description\" content=\"Ultimate Omega 2X 120 c\u00e1psulas blandas tiene el doble de concentraci\u00f3n de Omega 3, proporcionando una absorci\u00f3n superior y los m\u00e1ximos beneficios.\" \/>\n<meta name=\"robots\" content=\"index, follow, max-snippet:-1, max-image-preview:large, max-video-preview:-1\" \/>\n<link rel=\"canonical\" href=\"https:\/\/www.lifenatura.com\/es\/produto\/ultimate-omega-2x-60-softgels-nordic-naturals-copia\/\" \/>\n<meta property=\"og:locale\" content=\"es_ES\" \/>\n<meta property=\"og:type\" content=\"article\" \/>\n<meta property=\"og:title\" content=\"Ultimate Omega 2x 120 c\u00e1psulas blandas - Nordic Naturals - Na Lifenatura ao Melhor Pre\u00e7o | Envio 48h\" \/>\n<meta property=\"og:description\" content=\"Compre Ultimate Omega 2x 120 c\u00e1psulas blandas - Nordic Naturals com envio r\u00e1pido. Entrega em 48h e portes gr\u00e1tis em compras &gt;35\u20ac. Aproveite j\u00e1 na Lifenatura\" \/>\n<meta property=\"og:url\" content=\"https:\/\/www.lifenatura.com\/es\/produto\/ultimate-omega-2x-60-softgels-nordic-naturals-copia\/\" \/>\n<meta property=\"og:site_name\" content=\"Lifenatura\" \/>\n<meta property=\"article:publisher\" content=\"https:\/\/www.facebook.com\/lifenatura\" \/>\n<meta property=\"article:modified_time\" content=\"2025-02-03T00:01:57+00:00\" \/>\n<meta property=\"og:image\" content=\"https:\/\/www.lifenatura.com\/wp-content\/uploads\/2024\/02\/ultimate-omega3-120caps-nordic-naturals.jpg\" \/>\n\t<meta property=\"og:image:width\" content=\"1000\" \/>\n\t<meta property=\"og:image:height\" content=\"1000\" \/>\n\t<meta property=\"og:image:type\" content=\"image\/jpeg\" \/>\n<meta name=\"twitter:card\" content=\"summary_large_image\" \/>\n<meta name=\"twitter:label1\" content=\"Precio\" \/>\n\t<meta name=\"twitter:data1\" content=\"122,86&nbsp;&euro;\" \/>\n\t<meta name=\"twitter:label2\" content=\"Disponibilidad\" \/>\n\t<meta name=\"twitter:data2\" content=\"Sin existencias\" \/>\n<script type=\"application\/ld+json\" class=\"yoast-schema-graph\">{\"@context\":\"https:\\\/\\\/schema.org\",\"@graph\":[{\"@type\":\"WebPage\",\"@id\":\"https:\\\/\\\/www.lifenatura.com\\\/es\\\/produto\\\/ultimate-omega-2x-60-softgels-nordic-naturals-copia\\\/\",\"url\":\"https:\\\/\\\/www.lifenatura.com\\\/es\\\/produto\\\/ultimate-omega-2x-60-softgels-nordic-naturals-copia\\\/\",\"name\":\"Ultimate Omega 2x 120 c\u00e1psulas blandas - Nordic Naturals - Na Lifenatura ao Melhor Pre\u00e7o | Envio em 48h\",\"isPartOf\":{\"@id\":\"https:\\\/\\\/www.lifenatura.com\\\/es\\\/#website\"},\"primaryImageOfPage\":{\"@id\":\"https:\\\/\\\/www.lifenatura.com\\\/es\\\/produto\\\/ultimate-omega-2x-60-softgels-nordic-naturals-copia\\\/#primaryimage\"},\"image\":{\"@id\":\"https:\\\/\\\/www.lifenatura.com\\\/es\\\/produto\\\/ultimate-omega-2x-60-softgels-nordic-naturals-copia\\\/#primaryimage\"},\"thumbnailUrl\":\"https:\\\/\\\/www.lifenatura.com\\\/wp-content\\\/uploads\\\/2024\\\/02\\\/ultimate-omega3-120caps-nordic-naturals.jpg\",\"datePublished\":\"2024-02-27T12:30:55+00:00\",\"dateModified\":\"2025-02-03T00:01:57+00:00\",\"description\":\"Ultimate Omega 2X 120 c\u00e1psulas blandas tiene el doble de concentraci\u00f3n de Omega 3, proporcionando una absorci\u00f3n superior y los m\u00e1ximos beneficios.\",\"breadcrumb\":{\"@id\":\"https:\\\/\\\/www.lifenatura.com\\\/es\\\/produto\\\/ultimate-omega-2x-60-softgels-nordic-naturals-copia\\\/#breadcrumb\"},\"inLanguage\":\"es\",\"potentialAction\":[{\"@type\":\"ReadAction\",\"target\":[\"https:\\\/\\\/www.lifenatura.com\\\/es\\\/produto\\\/ultimate-omega-2x-60-softgels-nordic-naturals-copia\\\/\"]}]},{\"@type\":\"ImageObject\",\"inLanguage\":\"es\",\"@id\":\"https:\\\/\\\/www.lifenatura.com\\\/es\\\/produto\\\/ultimate-omega-2x-60-softgels-nordic-naturals-copia\\\/#primaryimage\",\"url\":\"https:\\\/\\\/www.lifenatura.com\\\/wp-content\\\/uploads\\\/2024\\\/02\\\/ultimate-omega3-120caps-nordic-naturals.jpg\",\"contentUrl\":\"https:\\\/\\\/www.lifenatura.com\\\/wp-content\\\/uploads\\\/2024\\\/02\\\/ultimate-omega3-120caps-nordic-naturals.jpg\",\"width\":1000,\"height\":1000,\"caption\":\"Ultimate omega 3 2x de 120 c\u00e1psulas blandas\"},{\"@type\":\"BreadcrumbList\",\"@id\":\"https:\\\/\\\/www.lifenatura.com\\\/es\\\/produto\\\/ultimate-omega-2x-60-softgels-nordic-naturals-copia\\\/#breadcrumb\",\"itemListElement\":[{\"@type\":\"ListItem\",\"position\":1,\"name\":\"In\u00edcio\",\"item\":\"https:\\\/\\\/www.lifenatura.com\\\/es\\\/\"},{\"@type\":\"ListItem\",\"position\":2,\"name\":\"Todos los Productos\",\"item\":\"https:\\\/\\\/www.lifenatura.com\\\/es\\\/tienda\\\/\"},{\"@type\":\"ListItem\",\"position\":3,\"name\":\"Ultimate Omega 2x 120 c\u00e1psulas blandas &#8211; Nordic Naturals\"}]},{\"@type\":\"WebSite\",\"@id\":\"https:\\\/\\\/www.lifenatura.com\\\/es\\\/#website\",\"url\":\"https:\\\/\\\/www.lifenatura.com\\\/es\\\/\",\"name\":\"Lifenatura\",\"description\":\"A Lifenatura \u00e9 uma loja de produtos naturais, cosm\u00e9tica natural e alimenta\u00e7\u00e3o Biol\u00f3gica.\",\"publisher\":{\"@id\":\"https:\\\/\\\/www.lifenatura.com\\\/es\\\/#organization\"},\"potentialAction\":[{\"@type\":\"SearchAction\",\"target\":{\"@type\":\"EntryPoint\",\"urlTemplate\":\"https:\\\/\\\/www.lifenatura.com\\\/es\\\/?s={search_term_string}\"},\"query-input\":{\"@type\":\"PropertyValueSpecification\",\"valueRequired\":true,\"valueName\":\"search_term_string\"}}],\"inLanguage\":\"es\"},{\"@type\":\"Organization\",\"@id\":\"https:\\\/\\\/www.lifenatura.com\\\/es\\\/#organization\",\"name\":\"Lifenatura\",\"url\":\"https:\\\/\\\/www.lifenatura.com\\\/es\\\/\",\"logo\":{\"@type\":\"ImageObject\",\"inLanguage\":\"es\",\"@id\":\"https:\\\/\\\/www.lifenatura.com\\\/es\\\/#\\\/schema\\\/logo\\\/image\\\/\",\"url\":\"https:\\\/\\\/www.lifenatura.com\\\/wp-content\\\/uploads\\\/2021\\\/07\\\/logo.png\",\"contentUrl\":\"https:\\\/\\\/www.lifenatura.com\\\/wp-content\\\/uploads\\\/2021\\\/07\\\/logo.png\",\"width\":175,\"height\":55,\"caption\":\"Lifenatura\"},\"image\":{\"@id\":\"https:\\\/\\\/www.lifenatura.com\\\/es\\\/#\\\/schema\\\/logo\\\/image\\\/\"},\"sameAs\":[\"https:\\\/\\\/www.facebook.com\\\/lifenatura\",\"https:\\\/\\\/www.instagram.com\\\/lifenaturapt\\\/\"],\"hasMerchantReturnPolicy\":{\"@type\":\"MerchantReturnPolicy\",\"merchantReturnLink\":\"https:\\\/\\\/www.lifenatura.com\\\/termos-condicoes-lifenatura\\\/\"}}]}<\/script>\n<meta property=\"product:price:amount\" content=\"122.86\" \/>\n<meta property=\"product:price:currency\" content=\"EUR\" \/>\n<meta property=\"og:availability\" content=\"out of stock\" \/>\n<meta property=\"product:availability\" content=\"out of stock\" \/>\n<meta property=\"product:retailer_item_id\" content=\"0768990891052\" \/>\n<meta property=\"product:condition\" content=\"new\" \/>\n<!-- \/ Yoast SEO Premium plugin. -->","yoast_head_json":{"title":"Ultimate Omega 2x 120 c\u00e1psulas blandas - Nordic Naturals - Na Lifenatura ao Melhor Pre\u00e7o | Envio em 48h","description":"Ultimate Omega 2X 120 c\u00e1psulas blandas tiene el doble de concentraci\u00f3n de Omega 3, proporcionando una absorci\u00f3n superior y los m\u00e1ximos beneficios.","robots":{"index":"index","follow":"follow","max-snippet":"max-snippet:-1","max-image-preview":"max-image-preview:large","max-video-preview":"max-video-preview:-1"},"canonical":"https:\/\/www.lifenatura.com\/es\/produto\/ultimate-omega-2x-60-softgels-nordic-naturals-copia\/","og_locale":"es_ES","og_type":"article","og_title":"Ultimate Omega 2x 120 c\u00e1psulas blandas - Nordic Naturals - Na Lifenatura ao Melhor Pre\u00e7o | Envio 48h","og_description":"Compre Ultimate Omega 2x 120 c\u00e1psulas blandas - Nordic Naturals com envio r\u00e1pido. Entrega em 48h e portes gr\u00e1tis em compras >35\u20ac. Aproveite j\u00e1 na Lifenatura","og_url":"https:\/\/www.lifenatura.com\/es\/produto\/ultimate-omega-2x-60-softgels-nordic-naturals-copia\/","og_site_name":"Lifenatura","article_publisher":"https:\/\/www.facebook.com\/lifenatura","article_modified_time":"2025-02-03T00:01:57+00:00","og_image":[{"width":1000,"height":1000,"url":"https:\/\/www.lifenatura.com\/wp-content\/uploads\/2024\/02\/ultimate-omega3-120caps-nordic-naturals.jpg","type":"image\/jpeg"}],"twitter_card":"summary_large_image","twitter_misc":{"Precio":"122,86&nbsp;&euro;","Disponibilidad":"Sin existencias"},"schema":{"@context":"https:\/\/schema.org","@graph":[{"@type":"WebPage","@id":"https:\/\/www.lifenatura.com\/es\/produto\/ultimate-omega-2x-60-softgels-nordic-naturals-copia\/","url":"https:\/\/www.lifenatura.com\/es\/produto\/ultimate-omega-2x-60-softgels-nordic-naturals-copia\/","name":"Ultimate Omega 2x 120 c\u00e1psulas blandas - Nordic Naturals - Na Lifenatura ao Melhor Pre\u00e7o | Envio em 48h","isPartOf":{"@id":"https:\/\/www.lifenatura.com\/es\/#website"},"primaryImageOfPage":{"@id":"https:\/\/www.lifenatura.com\/es\/produto\/ultimate-omega-2x-60-softgels-nordic-naturals-copia\/#primaryimage"},"image":{"@id":"https:\/\/www.lifenatura.com\/es\/produto\/ultimate-omega-2x-60-softgels-nordic-naturals-copia\/#primaryimage"},"thumbnailUrl":"https:\/\/www.lifenatura.com\/wp-content\/uploads\/2024\/02\/ultimate-omega3-120caps-nordic-naturals.jpg","datePublished":"2024-02-27T12:30:55+00:00","dateModified":"2025-02-03T00:01:57+00:00","description":"Ultimate Omega 2X 120 c\u00e1psulas blandas tiene el doble de concentraci\u00f3n de Omega 3, proporcionando una absorci\u00f3n superior y los m\u00e1ximos beneficios.","breadcrumb":{"@id":"https:\/\/www.lifenatura.com\/es\/produto\/ultimate-omega-2x-60-softgels-nordic-naturals-copia\/#breadcrumb"},"inLanguage":"es","potentialAction":[{"@type":"ReadAction","target":["https:\/\/www.lifenatura.com\/es\/produto\/ultimate-omega-2x-60-softgels-nordic-naturals-copia\/"]}]},{"@type":"ImageObject","inLanguage":"es","@id":"https:\/\/www.lifenatura.com\/es\/produto\/ultimate-omega-2x-60-softgels-nordic-naturals-copia\/#primaryimage","url":"https:\/\/www.lifenatura.com\/wp-content\/uploads\/2024\/02\/ultimate-omega3-120caps-nordic-naturals.jpg","contentUrl":"https:\/\/www.lifenatura.com\/wp-content\/uploads\/2024\/02\/ultimate-omega3-120caps-nordic-naturals.jpg","width":1000,"height":1000,"caption":"Ultimate omega 3 2x de 120 c\u00e1psulas blandas"},{"@type":"BreadcrumbList","@id":"https:\/\/www.lifenatura.com\/es\/produto\/ultimate-omega-2x-60-softgels-nordic-naturals-copia\/#breadcrumb","itemListElement":[{"@type":"ListItem","position":1,"name":"In\u00edcio","item":"https:\/\/www.lifenatura.com\/es\/"},{"@type":"ListItem","position":2,"name":"Todos los Productos","item":"https:\/\/www.lifenatura.com\/es\/tienda\/"},{"@type":"ListItem","position":3,"name":"Ultimate Omega 2x 120 c\u00e1psulas blandas &#8211; Nordic Naturals"}]},{"@type":"WebSite","@id":"https:\/\/www.lifenatura.com\/es\/#website","url":"https:\/\/www.lifenatura.com\/es\/","name":"Lifenatura","description":"A Lifenatura \u00e9 uma loja de produtos naturais, cosm\u00e9tica natural e alimenta\u00e7\u00e3o Biol\u00f3gica.","publisher":{"@id":"https:\/\/www.lifenatura.com\/es\/#organization"},"potentialAction":[{"@type":"SearchAction","target":{"@type":"EntryPoint","urlTemplate":"https:\/\/www.lifenatura.com\/es\/?s={search_term_string}"},"query-input":{"@type":"PropertyValueSpecification","valueRequired":true,"valueName":"search_term_string"}}],"inLanguage":"es"},{"@type":"Organization","@id":"https:\/\/www.lifenatura.com\/es\/#organization","name":"Lifenatura","url":"https:\/\/www.lifenatura.com\/es\/","logo":{"@type":"ImageObject","inLanguage":"es","@id":"https:\/\/www.lifenatura.com\/es\/#\/schema\/logo\/image\/","url":"https:\/\/www.lifenatura.com\/wp-content\/uploads\/2021\/07\/logo.png","contentUrl":"https:\/\/www.lifenatura.com\/wp-content\/uploads\/2021\/07\/logo.png","width":175,"height":55,"caption":"Lifenatura"},"image":{"@id":"https:\/\/www.lifenatura.com\/es\/#\/schema\/logo\/image\/"},"sameAs":["https:\/\/www.facebook.com\/lifenatura","https:\/\/www.instagram.com\/lifenaturapt\/"],"hasMerchantReturnPolicy":{"@type":"MerchantReturnPolicy","merchantReturnLink":"https:\/\/www.lifenatura.com\/termos-condicoes-lifenatura\/"}}]},"product_price_amount":"122.86","product_price_currency":"EUR","og_availability":"out of stock","product_availability":"out of stock","product_retailer_item_id":"0768990891052","product_condition":"new"},"df_price":122.86,"df_sale_price":122.86,"df_regular_price":172,"df_image_link":"https:\/\/www.lifenatura.com\/wp-content\/uploads\/2024\/02\/ultimate-omega3-120caps-nordic-naturals-300x300.jpg","_links":{"self":[{"href":"https:\/\/www.lifenatura.com\/es\/wp-json\/wp\/v2\/product\/86232","targetHints":{"allow":["GET"]}}],"collection":[{"href":"https:\/\/www.lifenatura.com\/es\/wp-json\/wp\/v2\/product"}],"about":[{"href":"https:\/\/www.lifenatura.com\/es\/wp-json\/wp\/v2\/types\/product"}],"wp:featuredmedia":[{"embeddable":true,"href":"https:\/\/www.lifenatura.com\/es\/wp-json\/wp\/v2\/media\/86235"}],"wp:attachment":[{"href":"https:\/\/www.lifenatura.com\/es\/wp-json\/wp\/v2\/media?parent=86232"}],"wp:term":[{"taxonomy":"product_brand","embeddable":true,"href":"https:\/\/www.lifenatura.com\/es\/wp-json\/wp\/v2\/product_brand?post=86232"},{"taxonomy":"product_cat","embeddable":true,"href":"https:\/\/www.lifenatura.com\/es\/wp-json\/wp\/v2\/product_cat?post=86232"},{"taxonomy":"product_tag","embeddable":true,"href":"https:\/\/www.lifenatura.com\/es\/wp-json\/wp\/v2\/product_tag?post=86232"}],"curies":[{"name":"wp","href":"https:\/\/api.w.org\/{rel}","templated":true}]}}