{"id":86178,"date":"2024-02-21T18:42:01","date_gmt":"2024-02-26T18:27:14","guid":{"rendered":"https:\/\/www.lifenatura.com\/produto\/sexy-hour-endurance-30-capsulas-dietmed\/"},"modified":"2025-06-17T06:47:39","modified_gmt":"2025-06-17T06:47:39","slug":"sexy-hour-endurance-30-capsulas-dietmed","status":"publish","type":"product","link":"https:\/\/www.lifenatura.com\/es\/produto\/sexy-hour-endurance-30-capsulas-dietmed\/","title":{"rendered":"Sexy Hour Endurance 30 C\u00e1psulas &#8211; Dietmed"},"content":{"rendered":"<h2 style=\"text-align: left;\"><strong>Sexy Hour Endurance &#8211; Suplemento de Dietmed para la energ\u00eda y el rendimiento<\/strong><\/h2>\n<p>&nbsp;<\/p>\n<p>Sexy Hour Endurance de Dietmed es un complemento alimenticio innovador dise\u00f1ado para aumentar la energ\u00eda, mejorar el rendimiento f\u00edsico y mental y promover la vitalidad. Formulado con ginseng, guaran\u00e1, maca peruana, vitamina B12 y zinc, este producto es ideal para quienes buscan un impulso natural para hacer frente al cansancio, el estr\u00e9s y la falta de energ\u00eda.<\/p>\n<p>Su potente f\u00f3rmula ha sido cuidadosamente dise\u00f1ada para proporcionar una sensaci\u00f3n de energ\u00eda duradera y ayudar a mejorar el rendimiento en momentos de mayor exigencia.<\/p>\n<p>El ginseng y el guaran\u00e1 son conocidos por sus propiedades estimulantes, que ayudan a aumentar la energ\u00eda y la resistencia f\u00edsica. La maca peruana, por su parte, es ampliamente conocida por sus efectos beneficiosos sobre la libido y el equilibrio hormonal. La vitamina B12 y el zinc son esenciales para el buen funcionamiento del sistema nervioso y del metabolismo energ\u00e9tico, contribuyendo a combatir el cansancio y a mejorar el rendimiento diario.<\/p>\n<p><strong>Sexy Hour Endurance es un suplemento a base de plantas con una combinaci\u00f3n de ingredientes activos naturales que ayudan a..:<\/strong><\/p>\n<ul>\n<li><strong>Retrasar la eyaculaci\u00f3n:<\/strong> Shatavari (Asparagus racemosus) puede ayudar a retrasar la eyaculaci\u00f3n precoz.<\/li>\n<li><strong>Fertilidad, reproducci\u00f3n y testosterona:<\/strong> El zinc contribuye a la fertilidad y reproducci\u00f3n normales y al mantenimiento de niveles normales de testosterona en la sangre.<\/li>\n<li><strong>Energ\u00eda:<\/strong> La vitamina B1 (tiamina), la vitamina B6 y la vitamina B12 contribuyen al metabolismo energ\u00e9tico normal.<\/li>\n<li><strong>Cansancio y fatiga<\/strong>: La vitamina B6 y la vitamina B12 contribuyen a reducir el cansancio y la fatiga.<\/li>\n<\/ul>\n<p><strong>Principales beneficios:<\/strong><\/p>\n<ul>\n<li><strong>Aumento de la energ\u00eda y la resistencia:<\/strong> El ginseng y el guaran\u00e1 ayudan a combatir el cansancio f\u00edsico y mental, proporcion\u00e1ndole m\u00e1s energ\u00eda y resistencia.<\/li>\n<li><strong>Mejora del rendimiento sexual y hormonal:<\/strong> La maca peruana tiene propiedades que favorecen el equilibrio hormonal y aumentan la libido, mejorando la salud sexual.<\/li>\n<li><strong>Acci\u00f3n antioxidante e inmunol\u00f3gica:<\/strong> El zinc y la vitamina B12 protegen las c\u00e9lulas contra el estr\u00e9s oxidativo y ayudan a fortalecer el sistema inmunol\u00f3gico.<\/li>\n<li><strong>Mejora del rendimiento diario:<\/strong> La combinaci\u00f3n de ingredientes estimula la funci\u00f3n cognitiva y el rendimiento f\u00edsico, aumentando la concentraci\u00f3n y la energ\u00eda.<\/li>\n<\/ul>\n<p><strong>PRESENTACI\u00d3N<\/strong><\/p>\n<p>30 c\u00e1psulas<\/p>\n<p>&nbsp;<\/p>\n","protected":false},"excerpt":{"rendered":"<p>Sexy Hour Endurance es un suplemento a base de hierbas que ayuda a la duraci\u00f3n de las relaciones sexuales (retrasa la eyaculaci\u00f3n), le da m\u00e1s energ\u00eda y mejora la libido. [&#8230;]<\/p>\n<p><a class=\"btn btn-secondary understrap-read-more-link\" href=\"https:\/\/www.lifenatura.com\/es\/produto\/sexy-hour-endurance-30-capsulas-dietmed\/\">Leer m\u00e1s&#8230;<span class=\"screen-reader-text\"> from Sexy Hour Endurance 30 C\u00e1psulas &#8211; Dietmed<\/span><\/a><\/p>\n","protected":false},"featured_media":85733,"template":"","meta":{"_acf_changed":false},"product_brand":[8509],"product_cat":[7179,7245],"product_tag":[],"class_list":{"0":"post-86178","1":"product","2":"type-product","3":"status-publish","4":"has-post-thumbnail","6":"product_brand-dietmed-es","7":"product_cat-salud","8":"product_cat-salud-sexual","10":"first","11":"instock","12":"shipping-taxable","13":"purchasable","14":"product-type-simple","15":"add-to-wishlist-before_image"},"acf":[],"yoast_head":"<!-- This site is optimized with the Yoast SEO Premium plugin v27.1 (Yoast SEO v27.5) - https:\/\/yoast.com\/product\/yoast-seo-premium-wordpress\/ -->\n<title>Sexy Hour Endurance 30 C\u00e1psulas - Dietmed - Na Lifenatura ao Melhor Pre\u00e7o | Envio em 48h<\/title>\n<meta name=\"description\" content=\"Sexy Hour Endurance es un suplemento a base de hierbas que ayuda a la duraci\u00f3n de las relaciones sexuales, le da m\u00e1s energ\u00eda y mejora la libido.\" \/>\n<meta name=\"robots\" content=\"index, follow, max-snippet:-1, max-image-preview:large, max-video-preview:-1\" \/>\n<link rel=\"canonical\" href=\"https:\/\/www.lifenatura.com\/es\/produto\/sexy-hour-endurance-30-capsulas-dietmed\/\" \/>\n<meta property=\"og:locale\" content=\"es_ES\" \/>\n<meta property=\"og:type\" content=\"article\" \/>\n<meta property=\"og:title\" content=\"Sexy Hour Endurance 30 C\u00e1psulas - Dietmed - Na Lifenatura ao Melhor Pre\u00e7o | Envio 48h\" \/>\n<meta property=\"og:description\" content=\"Compre Sexy Hour Endurance 30 C\u00e1psulas - Dietmed com envio r\u00e1pido. Entrega em 48h e portes gr\u00e1tis em compras &gt;35\u20ac. Aproveite j\u00e1 na Lifenatura\" \/>\n<meta property=\"og:url\" content=\"https:\/\/www.lifenatura.com\/es\/produto\/sexy-hour-endurance-30-capsulas-dietmed\/\" \/>\n<meta property=\"og:site_name\" content=\"Lifenatura\" \/>\n<meta property=\"article:publisher\" content=\"https:\/\/www.facebook.com\/lifenatura\" \/>\n<meta property=\"article:modified_time\" content=\"2025-06-17T06:47:39+00:00\" \/>\n<meta property=\"og:image\" content=\"https:\/\/www.lifenatura.com\/wp-content\/uploads\/2024\/02\/Sexy-Hour-Endurance-30-Capsulas-Dietmed.jpg\" \/>\n\t<meta property=\"og:image:width\" content=\"1000\" \/>\n\t<meta property=\"og:image:height\" content=\"1000\" \/>\n\t<meta property=\"og:image:type\" content=\"image\/jpeg\" \/>\n<meta name=\"twitter:card\" content=\"summary_large_image\" \/>\n<meta name=\"twitter:label1\" content=\"Precio\" \/>\n\t<meta name=\"twitter:data1\" content=\"22,02&nbsp;&euro;\" \/>\n\t<meta name=\"twitter:label2\" content=\"Disponibilidad\" \/>\n\t<meta name=\"twitter:data2\" content=\"Disponible\" \/>\n<script type=\"application\/ld+json\" class=\"yoast-schema-graph\">{\"@context\":\"https:\\\/\\\/schema.org\",\"@graph\":[{\"@type\":\"WebPage\",\"@id\":\"https:\\\/\\\/www.lifenatura.com\\\/es\\\/produto\\\/sexy-hour-endurance-30-capsulas-dietmed\\\/\",\"url\":\"https:\\\/\\\/www.lifenatura.com\\\/es\\\/produto\\\/sexy-hour-endurance-30-capsulas-dietmed\\\/\",\"name\":\"Sexy Hour Endurance 30 C\u00e1psulas - Dietmed - Na Lifenatura ao Melhor Pre\u00e7o | Envio em 48h\",\"isPartOf\":{\"@id\":\"https:\\\/\\\/www.lifenatura.com\\\/es\\\/#website\"},\"primaryImageOfPage\":{\"@id\":\"https:\\\/\\\/www.lifenatura.com\\\/es\\\/produto\\\/sexy-hour-endurance-30-capsulas-dietmed\\\/#primaryimage\"},\"image\":{\"@id\":\"https:\\\/\\\/www.lifenatura.com\\\/es\\\/produto\\\/sexy-hour-endurance-30-capsulas-dietmed\\\/#primaryimage\"},\"thumbnailUrl\":\"https:\\\/\\\/www.lifenatura.com\\\/wp-content\\\/uploads\\\/2024\\\/02\\\/Sexy-Hour-Endurance-30-Capsulas-Dietmed.jpg\",\"datePublished\":\"2024-02-26T18:27:14+00:00\",\"dateModified\":\"2025-06-17T06:47:39+00:00\",\"description\":\"Sexy Hour Endurance es un suplemento a base de hierbas que ayuda a la duraci\u00f3n de las relaciones sexuales, le da m\u00e1s energ\u00eda y mejora la libido.\",\"breadcrumb\":{\"@id\":\"https:\\\/\\\/www.lifenatura.com\\\/es\\\/produto\\\/sexy-hour-endurance-30-capsulas-dietmed\\\/#breadcrumb\"},\"inLanguage\":\"es\",\"potentialAction\":[{\"@type\":\"ReadAction\",\"target\":[\"https:\\\/\\\/www.lifenatura.com\\\/es\\\/produto\\\/sexy-hour-endurance-30-capsulas-dietmed\\\/\"]}]},{\"@type\":\"ImageObject\",\"inLanguage\":\"es\",\"@id\":\"https:\\\/\\\/www.lifenatura.com\\\/es\\\/produto\\\/sexy-hour-endurance-30-capsulas-dietmed\\\/#primaryimage\",\"url\":\"https:\\\/\\\/www.lifenatura.com\\\/wp-content\\\/uploads\\\/2024\\\/02\\\/Sexy-Hour-Endurance-30-Capsulas-Dietmed.jpg\",\"contentUrl\":\"https:\\\/\\\/www.lifenatura.com\\\/wp-content\\\/uploads\\\/2024\\\/02\\\/Sexy-Hour-Endurance-30-Capsulas-Dietmed.jpg\",\"width\":1000,\"height\":1000,\"caption\":\"Sexy Hour Endurance 30 C\u00e1psulas - Dietmed\"},{\"@type\":\"BreadcrumbList\",\"@id\":\"https:\\\/\\\/www.lifenatura.com\\\/es\\\/produto\\\/sexy-hour-endurance-30-capsulas-dietmed\\\/#breadcrumb\",\"itemListElement\":[{\"@type\":\"ListItem\",\"position\":1,\"name\":\"In\u00edcio\",\"item\":\"https:\\\/\\\/www.lifenatura.com\\\/es\\\/\"},{\"@type\":\"ListItem\",\"position\":2,\"name\":\"Todos los Productos\",\"item\":\"https:\\\/\\\/www.lifenatura.com\\\/es\\\/tienda\\\/\"},{\"@type\":\"ListItem\",\"position\":3,\"name\":\"Sexy Hour Endurance 30 C\u00e1psulas &#8211; Dietmed\"}]},{\"@type\":\"WebSite\",\"@id\":\"https:\\\/\\\/www.lifenatura.com\\\/es\\\/#website\",\"url\":\"https:\\\/\\\/www.lifenatura.com\\\/es\\\/\",\"name\":\"Lifenatura\",\"description\":\"A Lifenatura \u00e9 uma loja de produtos naturais, cosm\u00e9tica natural e alimenta\u00e7\u00e3o Biol\u00f3gica.\",\"publisher\":{\"@id\":\"https:\\\/\\\/www.lifenatura.com\\\/es\\\/#organization\"},\"potentialAction\":[{\"@type\":\"SearchAction\",\"target\":{\"@type\":\"EntryPoint\",\"urlTemplate\":\"https:\\\/\\\/www.lifenatura.com\\\/es\\\/?s={search_term_string}\"},\"query-input\":{\"@type\":\"PropertyValueSpecification\",\"valueRequired\":true,\"valueName\":\"search_term_string\"}}],\"inLanguage\":\"es\"},{\"@type\":\"Organization\",\"@id\":\"https:\\\/\\\/www.lifenatura.com\\\/es\\\/#organization\",\"name\":\"Lifenatura\",\"url\":\"https:\\\/\\\/www.lifenatura.com\\\/es\\\/\",\"logo\":{\"@type\":\"ImageObject\",\"inLanguage\":\"es\",\"@id\":\"https:\\\/\\\/www.lifenatura.com\\\/es\\\/#\\\/schema\\\/logo\\\/image\\\/\",\"url\":\"https:\\\/\\\/www.lifenatura.com\\\/wp-content\\\/uploads\\\/2021\\\/07\\\/logo.png\",\"contentUrl\":\"https:\\\/\\\/www.lifenatura.com\\\/wp-content\\\/uploads\\\/2021\\\/07\\\/logo.png\",\"width\":175,\"height\":55,\"caption\":\"Lifenatura\"},\"image\":{\"@id\":\"https:\\\/\\\/www.lifenatura.com\\\/es\\\/#\\\/schema\\\/logo\\\/image\\\/\"},\"sameAs\":[\"https:\\\/\\\/www.facebook.com\\\/lifenatura\",\"https:\\\/\\\/www.instagram.com\\\/lifenaturapt\\\/\"],\"hasMerchantReturnPolicy\":{\"@type\":\"MerchantReturnPolicy\",\"merchantReturnLink\":\"https:\\\/\\\/www.lifenatura.com\\\/termos-condicoes-lifenatura\\\/\"}}]}<\/script>\n<meta property=\"product:price:amount\" content=\"22.02\" \/>\n<meta property=\"product:price:currency\" content=\"EUR\" \/>\n<meta property=\"og:availability\" content=\"instock\" \/>\n<meta property=\"product:availability\" content=\"instock\" \/>\n<meta property=\"product:retailer_item_id\" content=\"5605481109225\" \/>\n<meta property=\"product:condition\" content=\"new\" \/>\n<!-- \/ Yoast SEO Premium plugin. -->","yoast_head_json":{"title":"Sexy Hour Endurance 30 C\u00e1psulas - Dietmed - Na Lifenatura ao Melhor Pre\u00e7o | Envio em 48h","description":"Sexy Hour Endurance es un suplemento a base de hierbas que ayuda a la duraci\u00f3n de las relaciones sexuales, le da m\u00e1s energ\u00eda y mejora la libido.","robots":{"index":"index","follow":"follow","max-snippet":"max-snippet:-1","max-image-preview":"max-image-preview:large","max-video-preview":"max-video-preview:-1"},"canonical":"https:\/\/www.lifenatura.com\/es\/produto\/sexy-hour-endurance-30-capsulas-dietmed\/","og_locale":"es_ES","og_type":"article","og_title":"Sexy Hour Endurance 30 C\u00e1psulas - Dietmed - Na Lifenatura ao Melhor Pre\u00e7o | Envio 48h","og_description":"Compre Sexy Hour Endurance 30 C\u00e1psulas - Dietmed com envio r\u00e1pido. Entrega em 48h e portes gr\u00e1tis em compras >35\u20ac. Aproveite j\u00e1 na Lifenatura","og_url":"https:\/\/www.lifenatura.com\/es\/produto\/sexy-hour-endurance-30-capsulas-dietmed\/","og_site_name":"Lifenatura","article_publisher":"https:\/\/www.facebook.com\/lifenatura","article_modified_time":"2025-06-17T06:47:39+00:00","og_image":[{"width":1000,"height":1000,"url":"https:\/\/www.lifenatura.com\/wp-content\/uploads\/2024\/02\/Sexy-Hour-Endurance-30-Capsulas-Dietmed.jpg","type":"image\/jpeg"}],"twitter_card":"summary_large_image","twitter_misc":{"Precio":"22,02&nbsp;&euro;","Disponibilidad":"Disponible"},"schema":{"@context":"https:\/\/schema.org","@graph":[{"@type":"WebPage","@id":"https:\/\/www.lifenatura.com\/es\/produto\/sexy-hour-endurance-30-capsulas-dietmed\/","url":"https:\/\/www.lifenatura.com\/es\/produto\/sexy-hour-endurance-30-capsulas-dietmed\/","name":"Sexy Hour Endurance 30 C\u00e1psulas - Dietmed - Na Lifenatura ao Melhor Pre\u00e7o | Envio em 48h","isPartOf":{"@id":"https:\/\/www.lifenatura.com\/es\/#website"},"primaryImageOfPage":{"@id":"https:\/\/www.lifenatura.com\/es\/produto\/sexy-hour-endurance-30-capsulas-dietmed\/#primaryimage"},"image":{"@id":"https:\/\/www.lifenatura.com\/es\/produto\/sexy-hour-endurance-30-capsulas-dietmed\/#primaryimage"},"thumbnailUrl":"https:\/\/www.lifenatura.com\/wp-content\/uploads\/2024\/02\/Sexy-Hour-Endurance-30-Capsulas-Dietmed.jpg","datePublished":"2024-02-26T18:27:14+00:00","dateModified":"2025-06-17T06:47:39+00:00","description":"Sexy Hour Endurance es un suplemento a base de hierbas que ayuda a la duraci\u00f3n de las relaciones sexuales, le da m\u00e1s energ\u00eda y mejora la libido.","breadcrumb":{"@id":"https:\/\/www.lifenatura.com\/es\/produto\/sexy-hour-endurance-30-capsulas-dietmed\/#breadcrumb"},"inLanguage":"es","potentialAction":[{"@type":"ReadAction","target":["https:\/\/www.lifenatura.com\/es\/produto\/sexy-hour-endurance-30-capsulas-dietmed\/"]}]},{"@type":"ImageObject","inLanguage":"es","@id":"https:\/\/www.lifenatura.com\/es\/produto\/sexy-hour-endurance-30-capsulas-dietmed\/#primaryimage","url":"https:\/\/www.lifenatura.com\/wp-content\/uploads\/2024\/02\/Sexy-Hour-Endurance-30-Capsulas-Dietmed.jpg","contentUrl":"https:\/\/www.lifenatura.com\/wp-content\/uploads\/2024\/02\/Sexy-Hour-Endurance-30-Capsulas-Dietmed.jpg","width":1000,"height":1000,"caption":"Sexy Hour Endurance 30 C\u00e1psulas - Dietmed"},{"@type":"BreadcrumbList","@id":"https:\/\/www.lifenatura.com\/es\/produto\/sexy-hour-endurance-30-capsulas-dietmed\/#breadcrumb","itemListElement":[{"@type":"ListItem","position":1,"name":"In\u00edcio","item":"https:\/\/www.lifenatura.com\/es\/"},{"@type":"ListItem","position":2,"name":"Todos los Productos","item":"https:\/\/www.lifenatura.com\/es\/tienda\/"},{"@type":"ListItem","position":3,"name":"Sexy Hour Endurance 30 C\u00e1psulas &#8211; Dietmed"}]},{"@type":"WebSite","@id":"https:\/\/www.lifenatura.com\/es\/#website","url":"https:\/\/www.lifenatura.com\/es\/","name":"Lifenatura","description":"A Lifenatura \u00e9 uma loja de produtos naturais, cosm\u00e9tica natural e alimenta\u00e7\u00e3o Biol\u00f3gica.","publisher":{"@id":"https:\/\/www.lifenatura.com\/es\/#organization"},"potentialAction":[{"@type":"SearchAction","target":{"@type":"EntryPoint","urlTemplate":"https:\/\/www.lifenatura.com\/es\/?s={search_term_string}"},"query-input":{"@type":"PropertyValueSpecification","valueRequired":true,"valueName":"search_term_string"}}],"inLanguage":"es"},{"@type":"Organization","@id":"https:\/\/www.lifenatura.com\/es\/#organization","name":"Lifenatura","url":"https:\/\/www.lifenatura.com\/es\/","logo":{"@type":"ImageObject","inLanguage":"es","@id":"https:\/\/www.lifenatura.com\/es\/#\/schema\/logo\/image\/","url":"https:\/\/www.lifenatura.com\/wp-content\/uploads\/2021\/07\/logo.png","contentUrl":"https:\/\/www.lifenatura.com\/wp-content\/uploads\/2021\/07\/logo.png","width":175,"height":55,"caption":"Lifenatura"},"image":{"@id":"https:\/\/www.lifenatura.com\/es\/#\/schema\/logo\/image\/"},"sameAs":["https:\/\/www.facebook.com\/lifenatura","https:\/\/www.instagram.com\/lifenaturapt\/"],"hasMerchantReturnPolicy":{"@type":"MerchantReturnPolicy","merchantReturnLink":"https:\/\/www.lifenatura.com\/termos-condicoes-lifenatura\/"}}]},"product_price_amount":"22.02","product_price_currency":"EUR","og_availability":"instock","product_availability":"instock","product_retailer_item_id":"5605481109225","product_condition":"new"},"df_price":22.02,"df_sale_price":"","df_regular_price":22.02,"df_image_link":"https:\/\/www.lifenatura.com\/wp-content\/uploads\/2024\/02\/Sexy-Hour-Endurance-30-Capsulas-Dietmed-300x300.jpg","_links":{"self":[{"href":"https:\/\/www.lifenatura.com\/es\/wp-json\/wp\/v2\/product\/86178","targetHints":{"allow":["GET"]}}],"collection":[{"href":"https:\/\/www.lifenatura.com\/es\/wp-json\/wp\/v2\/product"}],"about":[{"href":"https:\/\/www.lifenatura.com\/es\/wp-json\/wp\/v2\/types\/product"}],"wp:featuredmedia":[{"embeddable":true,"href":"https:\/\/www.lifenatura.com\/es\/wp-json\/wp\/v2\/media\/85733"}],"wp:attachment":[{"href":"https:\/\/www.lifenatura.com\/es\/wp-json\/wp\/v2\/media?parent=86178"}],"wp:term":[{"taxonomy":"product_brand","embeddable":true,"href":"https:\/\/www.lifenatura.com\/es\/wp-json\/wp\/v2\/product_brand?post=86178"},{"taxonomy":"product_cat","embeddable":true,"href":"https:\/\/www.lifenatura.com\/es\/wp-json\/wp\/v2\/product_cat?post=86178"},{"taxonomy":"product_tag","embeddable":true,"href":"https:\/\/www.lifenatura.com\/es\/wp-json\/wp\/v2\/product_tag?post=86178"}],"curies":[{"name":"wp","href":"https:\/\/api.w.org\/{rel}","templated":true}]}}