{"id":86175,"date":"2023-09-21T16:48:37","date_gmt":"2023-09-21T16:48:37","guid":{"rendered":"https:\/\/www.lifenatura.com\/produto\/aceite-esencial-de-camomila-romana-bio-5-ml-ladrome\/"},"modified":"2024-02-26T18:23:56","modified_gmt":"2024-02-26T18:23:56","slug":"aceite-esencial-de-camomila-romana-bio-5-ml-ladrome","status":"publish","type":"product","link":"https:\/\/www.lifenatura.com\/es\/produto\/aceite-esencial-de-camomila-romana-bio-5-ml-ladrome\/","title":{"rendered":"Aceite esencial de Camomila romana Bio 5 ml &#8211; Ladr\u00f4me"},"content":{"rendered":"<h2 style=\"text-align: left;\">Aceite esencial de manzanilla romana<\/h2>\n<p>&nbsp;<\/p>\n<p>La manzanilla romana es una planta perenne que crece de forma silvestre hasta una altura de 10 a 30 cent\u00edmetros y prospera en suelos ligeros y arenosos. Sus flores se destilan para producir un aceite esencial raro y precioso con una fragancia sutil y estimulante. A nivel f\u00edsico, act\u00faa como antiinflamatorio, espasmol\u00edtico, eup\u00e9ptico, colagogo y carminativo, y est\u00e1 especialmente recomendado para las enfermedades inflamatorias del tubo digestivo. A nivel psicol\u00f3gico, act\u00faa como calmante, relajante y antidepresivo, y se recomienda para aliviar la ansiedad, el nerviosismo y la angustia, as\u00ed como todos los dolores de naturaleza nerviosa. Aplicado en masaje, relaja m\u00fasculos y articulaciones y estimula las funciones cicatrizante, antial\u00e9rgica y calmante de la piel. Al ser muy suave, es uno de los aceites esenciales especialmente indicados para beb\u00e9s de m\u00e1s de 3 meses y mujeres embarazadas a partir del tercer mes de gestaci\u00f3n.<\/p>\n<p><strong>Propiedades terap\u00e9uticas<\/strong><\/p>\n<p>Sedante del sistema nervioso central, Preanest\u00e9sico, Analg\u00e9sico, Antineur\u00e1lgico, Antiespasm\u00f3dico, Antiinflamatorio, T\u00f3nico digestivo, Estomacal, Antiespasm\u00f3dico, Carminativo, Colagogo, T\u00f3nico hep\u00e1tico, Antiespasm\u00f3dico, Cicatrizante, Antial\u00e9rgico, Bactericida, Antis\u00e9ptico, Antiparasitario.<\/p>\n<p><strong>Principales indicaciones<\/strong><\/p>\n<p>Ansiedad, Nerviosismo, Insomnio, Agitaci\u00f3n, Depresi\u00f3n, Shock nervioso, C\u00f3lera, Preocupaci\u00f3n, Diston\u00eda neurovegetativa: Asma y dispepsia de origen nervioso, C\u00f3licos intestinales y c\u00f3licos de origen nervioso, Colitis espasm\u00f3dica, Ardor de est\u00f3mago, Hipo, Aerofagia, Flatulencia, Dismenorrea, Eczema, Psoriasis relacionada con el estr\u00e9s, Dolor de origen nervioso, Preparaci\u00f3n para la cirug\u00eda y el parto, Neuralgia, Cefaleas, Espasmofilia, Hipertensi\u00f3n, Zumbido de o\u00eddos, \u00dalceras, Gastritis, Dispepsia, Inapetencia, C\u00f3licos, N\u00e1useas, V\u00f3mitos, Flatulencia, Insuficiencia hepatobiliar, Litiasis, Tos ferina, Calambres musculares, Gingivitis, Cistitis, Prurito, Dermatitis, Alergias cut\u00e1neas, Eczema, Acn\u00e9, Psoriasis, Cuperosis, Cortes, Heridas infectadas, \u00dalceras, Picaduras de insectos, Par\u00e1sitos intestinales (Oxyuris, Gardia lamblia, Taenia, Anquilostomas).<\/p>\n<p><strong>PRESENTACI\u00d3N<\/strong><\/p>\n<p>5 ml<\/p>\n<p>&nbsp;<\/p>\n","protected":false},"excerpt":{"rendered":"<p>La manzanilla romana es antiinflamatoria, espasmol\u00edtica, eup\u00e9ptica, calmante, relajante, antidepresiva, estimula la cicatrizaci\u00f3n y tiene funciones antial\u00e9rgicas. [&#8230;]<\/p>\n<p><a class=\"btn btn-secondary understrap-read-more-link\" href=\"https:\/\/www.lifenatura.com\/es\/produto\/aceite-esencial-de-camomila-romana-bio-5-ml-ladrome\/\">Leer m\u00e1s&#8230;<span class=\"screen-reader-text\"> from Aceite esencial de Camomila romana Bio 5 ml &#8211; Ladr\u00f4me<\/span><\/a><\/p>\n","protected":false},"featured_media":77541,"template":"","meta":{"_acf_changed":false},"product_brand":[8338],"product_cat":[7213,7201,7205,7253,7206,7929],"product_tag":[],"class_list":{"0":"post-86175","1":"product","2":"type-product","3":"status-publish","4":"has-post-thumbnail","6":"product_brand-ladrome-es","7":"product_cat-ansiedad-y-depresion","8":"product_cat-aromaterapia-salud","9":"product_cat-articulaciones","10":"product_cat-digestion","11":"product_cat-musculos-salud","12":"product_cat-sin-categoria","14":"first","15":"instock","16":"sale","17":"featured","18":"shipping-taxable","19":"purchasable","20":"product-type-simple","21":"add-to-wishlist-before_image"},"acf":[],"yoast_head":"<!-- This site is optimized with the Yoast SEO Premium plugin v27.1 (Yoast SEO v27.5) - https:\/\/yoast.com\/product\/yoast-seo-premium-wordpress\/ -->\n<title>Aceite esencial de Camomila romana Bio 5 ml - Ladr\u00f4me - Na Lifenatura ao Melhor Pre\u00e7o | Envio em 48h<\/title>\n<meta name=\"description\" content=\"La manzanilla romana es antiinflamatoria, espasmol\u00edtica, eup\u00e9ptica, calmante, relajante, antidepresiva, estimula la cicatrizaci\u00f3n y tiene funciones antial\u00e9rgicas.\" \/>\n<meta name=\"robots\" content=\"index, follow, max-snippet:-1, max-image-preview:large, max-video-preview:-1\" \/>\n<link rel=\"canonical\" href=\"https:\/\/www.lifenatura.com\/es\/produto\/aceite-esencial-de-camomila-romana-bio-5-ml-ladrome\/\" \/>\n<meta property=\"og:locale\" content=\"es_ES\" \/>\n<meta property=\"og:type\" content=\"article\" \/>\n<meta property=\"og:title\" content=\"Aceite esencial de Camomila romana Bio 5 ml - Ladr\u00f4me - Na Lifenatura ao Melhor Pre\u00e7o | Envio 48h\" \/>\n<meta property=\"og:description\" content=\"Compre Aceite esencial de Camomila romana Bio 5 ml - Ladr\u00f4me com envio r\u00e1pido. Entrega em 48h e portes gr\u00e1tis em compras &gt;35\u20ac. Aproveite j\u00e1 na Lifenatura\" \/>\n<meta property=\"og:url\" content=\"https:\/\/www.lifenatura.com\/es\/produto\/aceite-esencial-de-camomila-romana-bio-5-ml-ladrome\/\" \/>\n<meta property=\"og:site_name\" content=\"Lifenatura\" \/>\n<meta property=\"article:publisher\" content=\"https:\/\/www.facebook.com\/lifenatura\" \/>\n<meta property=\"article:modified_time\" content=\"2024-02-26T18:23:56+00:00\" \/>\n<meta property=\"og:image\" content=\"https:\/\/www.lifenatura.com\/wp-content\/uploads\/2023\/09\/oleo-essencial-camomila-romana-5ml-ladrome.jpg\" \/>\n\t<meta property=\"og:image:width\" content=\"1000\" \/>\n\t<meta property=\"og:image:height\" content=\"1000\" \/>\n\t<meta property=\"og:image:type\" content=\"image\/jpeg\" \/>\n<meta name=\"twitter:card\" content=\"summary_large_image\" \/>\n<meta name=\"twitter:label1\" content=\"Precio\" \/>\n\t<meta name=\"twitter:data1\" content=\"36,99&nbsp;&euro;\" \/>\n\t<meta name=\"twitter:label2\" content=\"Disponibilidad\" \/>\n\t<meta name=\"twitter:data2\" content=\"Disponible\" \/>\n<script type=\"application\/ld+json\" class=\"yoast-schema-graph\">{\"@context\":\"https:\\\/\\\/schema.org\",\"@graph\":[{\"@type\":\"WebPage\",\"@id\":\"https:\\\/\\\/www.lifenatura.com\\\/es\\\/produto\\\/aceite-esencial-de-camomila-romana-bio-5-ml-ladrome\\\/\",\"url\":\"https:\\\/\\\/www.lifenatura.com\\\/es\\\/produto\\\/aceite-esencial-de-camomila-romana-bio-5-ml-ladrome\\\/\",\"name\":\"Aceite esencial de Camomila romana Bio 5 ml - Ladr\u00f4me - Na Lifenatura ao Melhor Pre\u00e7o | Envio em 48h\",\"isPartOf\":{\"@id\":\"https:\\\/\\\/www.lifenatura.com\\\/es\\\/#website\"},\"primaryImageOfPage\":{\"@id\":\"https:\\\/\\\/www.lifenatura.com\\\/es\\\/produto\\\/aceite-esencial-de-camomila-romana-bio-5-ml-ladrome\\\/#primaryimage\"},\"image\":{\"@id\":\"https:\\\/\\\/www.lifenatura.com\\\/es\\\/produto\\\/aceite-esencial-de-camomila-romana-bio-5-ml-ladrome\\\/#primaryimage\"},\"thumbnailUrl\":\"https:\\\/\\\/www.lifenatura.com\\\/wp-content\\\/uploads\\\/2023\\\/09\\\/oleo-essencial-camomila-romana-5ml-ladrome.jpg\",\"datePublished\":\"2023-09-21T16:48:37+00:00\",\"dateModified\":\"2024-02-26T18:23:56+00:00\",\"description\":\"La manzanilla romana es antiinflamatoria, espasmol\u00edtica, eup\u00e9ptica, calmante, relajante, antidepresiva, estimula la cicatrizaci\u00f3n y tiene funciones antial\u00e9rgicas.\",\"breadcrumb\":{\"@id\":\"https:\\\/\\\/www.lifenatura.com\\\/es\\\/produto\\\/aceite-esencial-de-camomila-romana-bio-5-ml-ladrome\\\/#breadcrumb\"},\"inLanguage\":\"es\",\"potentialAction\":[{\"@type\":\"ReadAction\",\"target\":[\"https:\\\/\\\/www.lifenatura.com\\\/es\\\/produto\\\/aceite-esencial-de-camomila-romana-bio-5-ml-ladrome\\\/\"]}]},{\"@type\":\"ImageObject\",\"inLanguage\":\"es\",\"@id\":\"https:\\\/\\\/www.lifenatura.com\\\/es\\\/produto\\\/aceite-esencial-de-camomila-romana-bio-5-ml-ladrome\\\/#primaryimage\",\"url\":\"https:\\\/\\\/www.lifenatura.com\\\/wp-content\\\/uploads\\\/2023\\\/09\\\/oleo-essencial-camomila-romana-5ml-ladrome.jpg\",\"contentUrl\":\"https:\\\/\\\/www.lifenatura.com\\\/wp-content\\\/uploads\\\/2023\\\/09\\\/oleo-essencial-camomila-romana-5ml-ladrome.jpg\",\"width\":1000,\"height\":1000,\"caption\":\"Aceite esencial de Camomila romana 5 ml - Ladr\u00f4me\"},{\"@type\":\"BreadcrumbList\",\"@id\":\"https:\\\/\\\/www.lifenatura.com\\\/es\\\/produto\\\/aceite-esencial-de-camomila-romana-bio-5-ml-ladrome\\\/#breadcrumb\",\"itemListElement\":[{\"@type\":\"ListItem\",\"position\":1,\"name\":\"In\u00edcio\",\"item\":\"https:\\\/\\\/www.lifenatura.com\\\/es\\\/\"},{\"@type\":\"ListItem\",\"position\":2,\"name\":\"Todos los Productos\",\"item\":\"https:\\\/\\\/www.lifenatura.com\\\/es\\\/tienda\\\/\"},{\"@type\":\"ListItem\",\"position\":3,\"name\":\"Aceite esencial de Camomila romana Bio 5 ml &#8211; Ladr\u00f4me\"}]},{\"@type\":\"WebSite\",\"@id\":\"https:\\\/\\\/www.lifenatura.com\\\/es\\\/#website\",\"url\":\"https:\\\/\\\/www.lifenatura.com\\\/es\\\/\",\"name\":\"Lifenatura\",\"description\":\"A Lifenatura \u00e9 uma loja de produtos naturais, cosm\u00e9tica natural e alimenta\u00e7\u00e3o Biol\u00f3gica.\",\"publisher\":{\"@id\":\"https:\\\/\\\/www.lifenatura.com\\\/es\\\/#organization\"},\"potentialAction\":[{\"@type\":\"SearchAction\",\"target\":{\"@type\":\"EntryPoint\",\"urlTemplate\":\"https:\\\/\\\/www.lifenatura.com\\\/es\\\/?s={search_term_string}\"},\"query-input\":{\"@type\":\"PropertyValueSpecification\",\"valueRequired\":true,\"valueName\":\"search_term_string\"}}],\"inLanguage\":\"es\"},{\"@type\":\"Organization\",\"@id\":\"https:\\\/\\\/www.lifenatura.com\\\/es\\\/#organization\",\"name\":\"Lifenatura\",\"url\":\"https:\\\/\\\/www.lifenatura.com\\\/es\\\/\",\"logo\":{\"@type\":\"ImageObject\",\"inLanguage\":\"es\",\"@id\":\"https:\\\/\\\/www.lifenatura.com\\\/es\\\/#\\\/schema\\\/logo\\\/image\\\/\",\"url\":\"https:\\\/\\\/www.lifenatura.com\\\/wp-content\\\/uploads\\\/2021\\\/07\\\/logo.png\",\"contentUrl\":\"https:\\\/\\\/www.lifenatura.com\\\/wp-content\\\/uploads\\\/2021\\\/07\\\/logo.png\",\"width\":175,\"height\":55,\"caption\":\"Lifenatura\"},\"image\":{\"@id\":\"https:\\\/\\\/www.lifenatura.com\\\/es\\\/#\\\/schema\\\/logo\\\/image\\\/\"},\"sameAs\":[\"https:\\\/\\\/www.facebook.com\\\/lifenatura\",\"https:\\\/\\\/www.instagram.com\\\/lifenaturapt\\\/\"],\"hasMerchantReturnPolicy\":{\"@type\":\"MerchantReturnPolicy\",\"merchantReturnLink\":\"https:\\\/\\\/www.lifenatura.com\\\/termos-condicoes-lifenatura\\\/\"}}]}<\/script>\n<meta property=\"product:price:amount\" content=\"36.99\" \/>\n<meta property=\"product:price:currency\" content=\"EUR\" \/>\n<meta property=\"og:availability\" content=\"instock\" \/>\n<meta property=\"product:availability\" content=\"instock\" \/>\n<meta property=\"product:retailer_item_id\" content=\"3486330128039\" \/>\n<meta property=\"product:condition\" content=\"new\" \/>\n<!-- \/ Yoast SEO Premium plugin. -->","yoast_head_json":{"title":"Aceite esencial de Camomila romana Bio 5 ml - Ladr\u00f4me - Na Lifenatura ao Melhor Pre\u00e7o | Envio em 48h","description":"La manzanilla romana es antiinflamatoria, espasmol\u00edtica, eup\u00e9ptica, calmante, relajante, antidepresiva, estimula la cicatrizaci\u00f3n y tiene funciones antial\u00e9rgicas.","robots":{"index":"index","follow":"follow","max-snippet":"max-snippet:-1","max-image-preview":"max-image-preview:large","max-video-preview":"max-video-preview:-1"},"canonical":"https:\/\/www.lifenatura.com\/es\/produto\/aceite-esencial-de-camomila-romana-bio-5-ml-ladrome\/","og_locale":"es_ES","og_type":"article","og_title":"Aceite esencial de Camomila romana Bio 5 ml - Ladr\u00f4me - Na Lifenatura ao Melhor Pre\u00e7o | Envio 48h","og_description":"Compre Aceite esencial de Camomila romana Bio 5 ml - Ladr\u00f4me com envio r\u00e1pido. Entrega em 48h e portes gr\u00e1tis em compras >35\u20ac. Aproveite j\u00e1 na Lifenatura","og_url":"https:\/\/www.lifenatura.com\/es\/produto\/aceite-esencial-de-camomila-romana-bio-5-ml-ladrome\/","og_site_name":"Lifenatura","article_publisher":"https:\/\/www.facebook.com\/lifenatura","article_modified_time":"2024-02-26T18:23:56+00:00","og_image":[{"width":1000,"height":1000,"url":"https:\/\/www.lifenatura.com\/wp-content\/uploads\/2023\/09\/oleo-essencial-camomila-romana-5ml-ladrome.jpg","type":"image\/jpeg"}],"twitter_card":"summary_large_image","twitter_misc":{"Precio":"36,99&nbsp;&euro;","Disponibilidad":"Disponible"},"schema":{"@context":"https:\/\/schema.org","@graph":[{"@type":"WebPage","@id":"https:\/\/www.lifenatura.com\/es\/produto\/aceite-esencial-de-camomila-romana-bio-5-ml-ladrome\/","url":"https:\/\/www.lifenatura.com\/es\/produto\/aceite-esencial-de-camomila-romana-bio-5-ml-ladrome\/","name":"Aceite esencial de Camomila romana Bio 5 ml - Ladr\u00f4me - Na Lifenatura ao Melhor Pre\u00e7o | Envio em 48h","isPartOf":{"@id":"https:\/\/www.lifenatura.com\/es\/#website"},"primaryImageOfPage":{"@id":"https:\/\/www.lifenatura.com\/es\/produto\/aceite-esencial-de-camomila-romana-bio-5-ml-ladrome\/#primaryimage"},"image":{"@id":"https:\/\/www.lifenatura.com\/es\/produto\/aceite-esencial-de-camomila-romana-bio-5-ml-ladrome\/#primaryimage"},"thumbnailUrl":"https:\/\/www.lifenatura.com\/wp-content\/uploads\/2023\/09\/oleo-essencial-camomila-romana-5ml-ladrome.jpg","datePublished":"2023-09-21T16:48:37+00:00","dateModified":"2024-02-26T18:23:56+00:00","description":"La manzanilla romana es antiinflamatoria, espasmol\u00edtica, eup\u00e9ptica, calmante, relajante, antidepresiva, estimula la cicatrizaci\u00f3n y tiene funciones antial\u00e9rgicas.","breadcrumb":{"@id":"https:\/\/www.lifenatura.com\/es\/produto\/aceite-esencial-de-camomila-romana-bio-5-ml-ladrome\/#breadcrumb"},"inLanguage":"es","potentialAction":[{"@type":"ReadAction","target":["https:\/\/www.lifenatura.com\/es\/produto\/aceite-esencial-de-camomila-romana-bio-5-ml-ladrome\/"]}]},{"@type":"ImageObject","inLanguage":"es","@id":"https:\/\/www.lifenatura.com\/es\/produto\/aceite-esencial-de-camomila-romana-bio-5-ml-ladrome\/#primaryimage","url":"https:\/\/www.lifenatura.com\/wp-content\/uploads\/2023\/09\/oleo-essencial-camomila-romana-5ml-ladrome.jpg","contentUrl":"https:\/\/www.lifenatura.com\/wp-content\/uploads\/2023\/09\/oleo-essencial-camomila-romana-5ml-ladrome.jpg","width":1000,"height":1000,"caption":"Aceite esencial de Camomila romana 5 ml - Ladr\u00f4me"},{"@type":"BreadcrumbList","@id":"https:\/\/www.lifenatura.com\/es\/produto\/aceite-esencial-de-camomila-romana-bio-5-ml-ladrome\/#breadcrumb","itemListElement":[{"@type":"ListItem","position":1,"name":"In\u00edcio","item":"https:\/\/www.lifenatura.com\/es\/"},{"@type":"ListItem","position":2,"name":"Todos los Productos","item":"https:\/\/www.lifenatura.com\/es\/tienda\/"},{"@type":"ListItem","position":3,"name":"Aceite esencial de Camomila romana Bio 5 ml &#8211; Ladr\u00f4me"}]},{"@type":"WebSite","@id":"https:\/\/www.lifenatura.com\/es\/#website","url":"https:\/\/www.lifenatura.com\/es\/","name":"Lifenatura","description":"A Lifenatura \u00e9 uma loja de produtos naturais, cosm\u00e9tica natural e alimenta\u00e7\u00e3o Biol\u00f3gica.","publisher":{"@id":"https:\/\/www.lifenatura.com\/es\/#organization"},"potentialAction":[{"@type":"SearchAction","target":{"@type":"EntryPoint","urlTemplate":"https:\/\/www.lifenatura.com\/es\/?s={search_term_string}"},"query-input":{"@type":"PropertyValueSpecification","valueRequired":true,"valueName":"search_term_string"}}],"inLanguage":"es"},{"@type":"Organization","@id":"https:\/\/www.lifenatura.com\/es\/#organization","name":"Lifenatura","url":"https:\/\/www.lifenatura.com\/es\/","logo":{"@type":"ImageObject","inLanguage":"es","@id":"https:\/\/www.lifenatura.com\/es\/#\/schema\/logo\/image\/","url":"https:\/\/www.lifenatura.com\/wp-content\/uploads\/2021\/07\/logo.png","contentUrl":"https:\/\/www.lifenatura.com\/wp-content\/uploads\/2021\/07\/logo.png","width":175,"height":55,"caption":"Lifenatura"},"image":{"@id":"https:\/\/www.lifenatura.com\/es\/#\/schema\/logo\/image\/"},"sameAs":["https:\/\/www.facebook.com\/lifenatura","https:\/\/www.instagram.com\/lifenaturapt\/"],"hasMerchantReturnPolicy":{"@type":"MerchantReturnPolicy","merchantReturnLink":"https:\/\/www.lifenatura.com\/termos-condicoes-lifenatura\/"}}]},"product_price_amount":"36.99","product_price_currency":"EUR","og_availability":"instock","product_availability":"instock","product_retailer_item_id":"3486330128039","product_condition":"new"},"df_price":36.99,"df_sale_price":36.99,"df_regular_price":46.24,"df_image_link":"https:\/\/www.lifenatura.com\/wp-content\/uploads\/2023\/09\/oleo-essencial-camomila-romana-5ml-ladrome-300x300.jpg","_links":{"self":[{"href":"https:\/\/www.lifenatura.com\/es\/wp-json\/wp\/v2\/product\/86175","targetHints":{"allow":["GET"]}}],"collection":[{"href":"https:\/\/www.lifenatura.com\/es\/wp-json\/wp\/v2\/product"}],"about":[{"href":"https:\/\/www.lifenatura.com\/es\/wp-json\/wp\/v2\/types\/product"}],"wp:featuredmedia":[{"embeddable":true,"href":"https:\/\/www.lifenatura.com\/es\/wp-json\/wp\/v2\/media\/77541"}],"wp:attachment":[{"href":"https:\/\/www.lifenatura.com\/es\/wp-json\/wp\/v2\/media?parent=86175"}],"wp:term":[{"taxonomy":"product_brand","embeddable":true,"href":"https:\/\/www.lifenatura.com\/es\/wp-json\/wp\/v2\/product_brand?post=86175"},{"taxonomy":"product_cat","embeddable":true,"href":"https:\/\/www.lifenatura.com\/es\/wp-json\/wp\/v2\/product_cat?post=86175"},{"taxonomy":"product_tag","embeddable":true,"href":"https:\/\/www.lifenatura.com\/es\/wp-json\/wp\/v2\/product_tag?post=86175"}],"curies":[{"name":"wp","href":"https:\/\/api.w.org\/{rel}","templated":true}]}}