{"id":85645,"date":"2024-02-20T17:39:19","date_gmt":"2024-02-20T17:39:19","guid":{"rendered":"https:\/\/www.lifenatura.com\/?post_type=product&#038;p=85645"},"modified":"2026-04-21T00:03:05","modified_gmt":"2026-04-21T00:03:05","slug":"l-glutation-coenzima-q10-pack-juventus","status":"publish","type":"product","link":"https:\/\/www.lifenatura.com\/es\/produto\/l-glutation-coenzima-q10-pack-juventus\/","title":{"rendered":"L-Glutati\u00f3n + Coenzima Q10 Llev o3 Pago 2 &#8211; Juventus"},"content":{"rendered":"<h2><strong>El L-Glutati\u00f3n y la Coenzima Q10 para un importante papel como antioxidantes<\/strong><\/h2>\n<p>&nbsp;<\/p>\n<p>L-Glutati\u00f3n + Coenzima Q10 es un complemento alimenticio en c\u00e1psulas que contiene L-Glutati\u00f3n y Coenzima Q10.<\/p>\n<p><strong>Ahora disponible en Pack familiar Llevo 3 Pago 2<\/strong><\/p>\n<p>Juventus Premium L-Glutathione + Coenzyme Q10 es un suplemento nutricional avanzado que combina dos potentes antioxidantes, L-glutathione y coenzima Q10, para promover la salud celular y el bienestar general.<\/p>\n<p><strong>El L-glutati\u00f3n<\/strong> es un antioxidante end\u00f3geno que desempe\u00f1a un papel vital en la protecci\u00f3n de las c\u00e9lulas frente al da\u00f1o oxidativo, mientras que <strong>la<\/strong> coenzima Q10 es una sustancia natural que ayuda a generar energ\u00eda en las c\u00e9lulas. Combinados, estos nutrientes ayudan a neutralizar los radicales libres, favorecen la salud cardiovascular, refuerzan la funci\u00f3n inmunitaria y mejoran la vitalidad general del organismo.<\/p>\n<p><strong>Los 3 beneficios principales:<\/strong><\/p>\n<ul>\n<li><strong>Protecci\u00f3n antioxidante:<\/strong> El L-glutati\u00f3n y la coenzima Q10 ayudan a neutralizar los radicales libres y a proteger las c\u00e9lulas frente al da\u00f1o oxidativo, ayudando a prevenir el envejecimiento prematuro y el desarrollo de enfermedades cr\u00f3nicas.<\/li>\n<li><strong>Salud cardiovascular:<\/strong> La coenzima Q10 es conocida por sus efectos beneficiosos sobre la salud del coraz\u00f3n, ayudando a reducir el riesgo de enfermedades cardiovasculares, favoreciendo la salud de las arterias y regulando la presi\u00f3n sangu\u00ednea.<\/li>\n<li><strong>Apoyo inmunitario:<\/strong> El L-glutati\u00f3n desempe\u00f1a un papel importante en la funci\u00f3n inmunitaria, ayudando a reforzar las defensas del organismo contra las infecciones y las enfermedades.<\/li>\n<\/ul>\n<p><strong>PRESENTACI\u00d3N<\/strong><\/p>\n<p>60 c\u00e1psulas x 3<\/p>\n<p>&nbsp;<\/p>\n","protected":false},"excerpt":{"rendered":"<p>L-Glutathione con Coenzima Q10 ahora en pack familiar Lleva 3 y Paga 2 es un super suplemento antioxidante con beneficios cardiovasculares. [&#8230;]<\/p>\n<p><a class=\"btn btn-secondary understrap-read-more-link\" href=\"https:\/\/www.lifenatura.com\/es\/produto\/l-glutation-coenzima-q10-pack-juventus\/\">Leer m\u00e1s&#8230;<span class=\"screen-reader-text\"> from L-Glutati\u00f3n + Coenzima Q10 Llev o3 Pago 2 &#8211; Juventus<\/span><\/a><\/p>\n","protected":false},"featured_media":85642,"template":"","meta":{"_acf_changed":false},"product_brand":[8463],"product_cat":[7236,7276,7263,7179],"product_tag":[],"class_list":{"0":"post-85645","1":"product","2":"type-product","3":"status-publish","4":"has-post-thumbnail","6":"product_brand-juventus-es","7":"product_cat-antioxidantes-salud","8":"product_cat-lleve-3-pago-2","9":"product_cat-packs-de-salud","10":"product_cat-salud","12":"first","13":"outofstock","14":"sale","15":"shipping-taxable","16":"purchasable","17":"product-type-simple","18":"add-to-wishlist-before_image"},"acf":[],"yoast_head":"<!-- This site is optimized with the Yoast SEO Premium plugin v27.1 (Yoast SEO v27.5) - https:\/\/yoast.com\/product\/yoast-seo-premium-wordpress\/ -->\n<title>L-Glutati\u00f3n + Coenzima Q10 Llev o3 Pago 2 - Juventus - Na Lifenatura ao Melhor Pre\u00e7o | Envio em 48h<\/title>\n<meta name=\"description\" content=\"L-Glutathione con Coenzima Q10 ahora en pack familiar Lleva 3 y Paga 2 es un super suplemento antioxidante con beneficios cardiovasculares.\" \/>\n<meta name=\"robots\" content=\"index, follow, max-snippet:-1, max-image-preview:large, max-video-preview:-1\" \/>\n<link rel=\"canonical\" href=\"https:\/\/www.lifenatura.com\/es\/produto\/l-glutation-coenzima-q10-pack-juventus\/\" \/>\n<meta property=\"og:locale\" content=\"es_ES\" \/>\n<meta property=\"og:type\" content=\"article\" \/>\n<meta property=\"og:title\" content=\"L-Glutati\u00f3n + Coenzima Q10 Llev o3 Pago 2 - Juventus - Na Lifenatura ao Melhor Pre\u00e7o | Envio 48h\" \/>\n<meta property=\"og:description\" content=\"Compre L-Glutati\u00f3n + Coenzima Q10 Llev o3 Pago 2 - Juventus com envio r\u00e1pido. Entrega em 48h e portes gr\u00e1tis em compras &gt;35\u20ac. Aproveite j\u00e1 na Lifenatura\" \/>\n<meta property=\"og:url\" content=\"https:\/\/www.lifenatura.com\/es\/produto\/l-glutation-coenzima-q10-pack-juventus\/\" \/>\n<meta property=\"og:site_name\" content=\"Lifenatura\" \/>\n<meta property=\"article:publisher\" content=\"https:\/\/www.facebook.com\/lifenatura\" \/>\n<meta property=\"article:modified_time\" content=\"2026-04-21T00:03:05+00:00\" \/>\n<meta property=\"og:image\" content=\"https:\/\/www.lifenatura.com\/wp-content\/uploads\/2023\/05\/l-glutationa-coenzima-q10-pack-juventus.jpg\" \/>\n\t<meta property=\"og:image:width\" content=\"1000\" \/>\n\t<meta property=\"og:image:height\" content=\"1000\" \/>\n\t<meta property=\"og:image:type\" content=\"image\/jpeg\" \/>\n<meta name=\"twitter:card\" content=\"summary_large_image\" \/>\n<meta name=\"twitter:label1\" content=\"Precio\" \/>\n\t<meta name=\"twitter:data1\" content=\"100,03&nbsp;&euro;\" \/>\n\t<meta name=\"twitter:label2\" content=\"Disponibilidad\" \/>\n\t<meta name=\"twitter:data2\" content=\"Sin existencias\" \/>\n<script type=\"application\/ld+json\" class=\"yoast-schema-graph\">{\"@context\":\"https:\\\/\\\/schema.org\",\"@graph\":[{\"@type\":\"WebPage\",\"@id\":\"https:\\\/\\\/www.lifenatura.com\\\/es\\\/produto\\\/l-glutation-coenzima-q10-pack-juventus\\\/\",\"url\":\"https:\\\/\\\/www.lifenatura.com\\\/es\\\/produto\\\/l-glutation-coenzima-q10-pack-juventus\\\/\",\"name\":\"L-Glutati\u00f3n + Coenzima Q10 Llev o3 Pago 2 - Juventus - Na Lifenatura ao Melhor Pre\u00e7o | Envio em 48h\",\"isPartOf\":{\"@id\":\"https:\\\/\\\/www.lifenatura.com\\\/es\\\/#website\"},\"primaryImageOfPage\":{\"@id\":\"https:\\\/\\\/www.lifenatura.com\\\/es\\\/produto\\\/l-glutation-coenzima-q10-pack-juventus\\\/#primaryimage\"},\"image\":{\"@id\":\"https:\\\/\\\/www.lifenatura.com\\\/es\\\/produto\\\/l-glutation-coenzima-q10-pack-juventus\\\/#primaryimage\"},\"thumbnailUrl\":\"https:\\\/\\\/www.lifenatura.com\\\/wp-content\\\/uploads\\\/2023\\\/05\\\/l-glutationa-coenzima-q10-pack-juventus.jpg\",\"datePublished\":\"2024-02-20T17:39:19+00:00\",\"dateModified\":\"2026-04-21T00:03:05+00:00\",\"description\":\"L-Glutathione con Coenzima Q10 ahora en pack familiar Lleva 3 y Paga 2 es un super suplemento antioxidante con beneficios cardiovasculares.\",\"breadcrumb\":{\"@id\":\"https:\\\/\\\/www.lifenatura.com\\\/es\\\/produto\\\/l-glutation-coenzima-q10-pack-juventus\\\/#breadcrumb\"},\"inLanguage\":\"es\",\"potentialAction\":[{\"@type\":\"ReadAction\",\"target\":[\"https:\\\/\\\/www.lifenatura.com\\\/es\\\/produto\\\/l-glutation-coenzima-q10-pack-juventus\\\/\"]}]},{\"@type\":\"ImageObject\",\"inLanguage\":\"es\",\"@id\":\"https:\\\/\\\/www.lifenatura.com\\\/es\\\/produto\\\/l-glutation-coenzima-q10-pack-juventus\\\/#primaryimage\",\"url\":\"https:\\\/\\\/www.lifenatura.com\\\/wp-content\\\/uploads\\\/2023\\\/05\\\/l-glutationa-coenzima-q10-pack-juventus.jpg\",\"contentUrl\":\"https:\\\/\\\/www.lifenatura.com\\\/wp-content\\\/uploads\\\/2023\\\/05\\\/l-glutationa-coenzima-q10-pack-juventus.jpg\",\"width\":1000,\"height\":1000,\"caption\":\"L-glutationa + Coenzima Q10 pack da marca Juventus\"},{\"@type\":\"BreadcrumbList\",\"@id\":\"https:\\\/\\\/www.lifenatura.com\\\/es\\\/produto\\\/l-glutation-coenzima-q10-pack-juventus\\\/#breadcrumb\",\"itemListElement\":[{\"@type\":\"ListItem\",\"position\":1,\"name\":\"In\u00edcio\",\"item\":\"https:\\\/\\\/www.lifenatura.com\\\/es\\\/\"},{\"@type\":\"ListItem\",\"position\":2,\"name\":\"Todos los Productos\",\"item\":\"https:\\\/\\\/www.lifenatura.com\\\/es\\\/tienda\\\/\"},{\"@type\":\"ListItem\",\"position\":3,\"name\":\"L-Glutati\u00f3n + Coenzima Q10 Llev o3 Pago 2 &#8211; Juventus\"}]},{\"@type\":\"WebSite\",\"@id\":\"https:\\\/\\\/www.lifenatura.com\\\/es\\\/#website\",\"url\":\"https:\\\/\\\/www.lifenatura.com\\\/es\\\/\",\"name\":\"Lifenatura\",\"description\":\"A Lifenatura \u00e9 uma loja de produtos naturais, cosm\u00e9tica natural e alimenta\u00e7\u00e3o Biol\u00f3gica.\",\"publisher\":{\"@id\":\"https:\\\/\\\/www.lifenatura.com\\\/es\\\/#organization\"},\"potentialAction\":[{\"@type\":\"SearchAction\",\"target\":{\"@type\":\"EntryPoint\",\"urlTemplate\":\"https:\\\/\\\/www.lifenatura.com\\\/es\\\/?s={search_term_string}\"},\"query-input\":{\"@type\":\"PropertyValueSpecification\",\"valueRequired\":true,\"valueName\":\"search_term_string\"}}],\"inLanguage\":\"es\"},{\"@type\":\"Organization\",\"@id\":\"https:\\\/\\\/www.lifenatura.com\\\/es\\\/#organization\",\"name\":\"Lifenatura\",\"url\":\"https:\\\/\\\/www.lifenatura.com\\\/es\\\/\",\"logo\":{\"@type\":\"ImageObject\",\"inLanguage\":\"es\",\"@id\":\"https:\\\/\\\/www.lifenatura.com\\\/es\\\/#\\\/schema\\\/logo\\\/image\\\/\",\"url\":\"https:\\\/\\\/www.lifenatura.com\\\/wp-content\\\/uploads\\\/2021\\\/07\\\/logo.png\",\"contentUrl\":\"https:\\\/\\\/www.lifenatura.com\\\/wp-content\\\/uploads\\\/2021\\\/07\\\/logo.png\",\"width\":175,\"height\":55,\"caption\":\"Lifenatura\"},\"image\":{\"@id\":\"https:\\\/\\\/www.lifenatura.com\\\/es\\\/#\\\/schema\\\/logo\\\/image\\\/\"},\"sameAs\":[\"https:\\\/\\\/www.facebook.com\\\/lifenatura\",\"https:\\\/\\\/www.instagram.com\\\/lifenaturapt\\\/\"],\"hasMerchantReturnPolicy\":{\"@type\":\"MerchantReturnPolicy\",\"merchantReturnLink\":\"https:\\\/\\\/www.lifenatura.com\\\/termos-condicoes-lifenatura\\\/\"}}]}<\/script>\n<meta property=\"product:price:amount\" content=\"100.03\" \/>\n<meta property=\"product:price:currency\" content=\"EUR\" \/>\n<meta property=\"og:availability\" content=\"out of stock\" \/>\n<meta property=\"product:availability\" content=\"out of stock\" \/>\n<meta property=\"product:retailer_item_id\" content=\"5601653018067pack\" \/>\n<meta property=\"product:condition\" content=\"new\" \/>\n<!-- \/ Yoast SEO Premium plugin. -->","yoast_head_json":{"title":"L-Glutati\u00f3n + Coenzima Q10 Llev o3 Pago 2 - Juventus - Na Lifenatura ao Melhor Pre\u00e7o | Envio em 48h","description":"L-Glutathione con Coenzima Q10 ahora en pack familiar Lleva 3 y Paga 2 es un super suplemento antioxidante con beneficios cardiovasculares.","robots":{"index":"index","follow":"follow","max-snippet":"max-snippet:-1","max-image-preview":"max-image-preview:large","max-video-preview":"max-video-preview:-1"},"canonical":"https:\/\/www.lifenatura.com\/es\/produto\/l-glutation-coenzima-q10-pack-juventus\/","og_locale":"es_ES","og_type":"article","og_title":"L-Glutati\u00f3n + Coenzima Q10 Llev o3 Pago 2 - Juventus - Na Lifenatura ao Melhor Pre\u00e7o | Envio 48h","og_description":"Compre L-Glutati\u00f3n + Coenzima Q10 Llev o3 Pago 2 - Juventus com envio r\u00e1pido. Entrega em 48h e portes gr\u00e1tis em compras >35\u20ac. Aproveite j\u00e1 na Lifenatura","og_url":"https:\/\/www.lifenatura.com\/es\/produto\/l-glutation-coenzima-q10-pack-juventus\/","og_site_name":"Lifenatura","article_publisher":"https:\/\/www.facebook.com\/lifenatura","article_modified_time":"2026-04-21T00:03:05+00:00","og_image":[{"width":1000,"height":1000,"url":"https:\/\/www.lifenatura.com\/wp-content\/uploads\/2023\/05\/l-glutationa-coenzima-q10-pack-juventus.jpg","type":"image\/jpeg"}],"twitter_card":"summary_large_image","twitter_misc":{"Precio":"100,03&nbsp;&euro;","Disponibilidad":"Sin existencias"},"schema":{"@context":"https:\/\/schema.org","@graph":[{"@type":"WebPage","@id":"https:\/\/www.lifenatura.com\/es\/produto\/l-glutation-coenzima-q10-pack-juventus\/","url":"https:\/\/www.lifenatura.com\/es\/produto\/l-glutation-coenzima-q10-pack-juventus\/","name":"L-Glutati\u00f3n + Coenzima Q10 Llev o3 Pago 2 - Juventus - Na Lifenatura ao Melhor Pre\u00e7o | Envio em 48h","isPartOf":{"@id":"https:\/\/www.lifenatura.com\/es\/#website"},"primaryImageOfPage":{"@id":"https:\/\/www.lifenatura.com\/es\/produto\/l-glutation-coenzima-q10-pack-juventus\/#primaryimage"},"image":{"@id":"https:\/\/www.lifenatura.com\/es\/produto\/l-glutation-coenzima-q10-pack-juventus\/#primaryimage"},"thumbnailUrl":"https:\/\/www.lifenatura.com\/wp-content\/uploads\/2023\/05\/l-glutationa-coenzima-q10-pack-juventus.jpg","datePublished":"2024-02-20T17:39:19+00:00","dateModified":"2026-04-21T00:03:05+00:00","description":"L-Glutathione con Coenzima Q10 ahora en pack familiar Lleva 3 y Paga 2 es un super suplemento antioxidante con beneficios cardiovasculares.","breadcrumb":{"@id":"https:\/\/www.lifenatura.com\/es\/produto\/l-glutation-coenzima-q10-pack-juventus\/#breadcrumb"},"inLanguage":"es","potentialAction":[{"@type":"ReadAction","target":["https:\/\/www.lifenatura.com\/es\/produto\/l-glutation-coenzima-q10-pack-juventus\/"]}]},{"@type":"ImageObject","inLanguage":"es","@id":"https:\/\/www.lifenatura.com\/es\/produto\/l-glutation-coenzima-q10-pack-juventus\/#primaryimage","url":"https:\/\/www.lifenatura.com\/wp-content\/uploads\/2023\/05\/l-glutationa-coenzima-q10-pack-juventus.jpg","contentUrl":"https:\/\/www.lifenatura.com\/wp-content\/uploads\/2023\/05\/l-glutationa-coenzima-q10-pack-juventus.jpg","width":1000,"height":1000,"caption":"L-glutationa + Coenzima Q10 pack da marca Juventus"},{"@type":"BreadcrumbList","@id":"https:\/\/www.lifenatura.com\/es\/produto\/l-glutation-coenzima-q10-pack-juventus\/#breadcrumb","itemListElement":[{"@type":"ListItem","position":1,"name":"In\u00edcio","item":"https:\/\/www.lifenatura.com\/es\/"},{"@type":"ListItem","position":2,"name":"Todos los Productos","item":"https:\/\/www.lifenatura.com\/es\/tienda\/"},{"@type":"ListItem","position":3,"name":"L-Glutati\u00f3n + Coenzima Q10 Llev o3 Pago 2 &#8211; Juventus"}]},{"@type":"WebSite","@id":"https:\/\/www.lifenatura.com\/es\/#website","url":"https:\/\/www.lifenatura.com\/es\/","name":"Lifenatura","description":"A Lifenatura \u00e9 uma loja de produtos naturais, cosm\u00e9tica natural e alimenta\u00e7\u00e3o Biol\u00f3gica.","publisher":{"@id":"https:\/\/www.lifenatura.com\/es\/#organization"},"potentialAction":[{"@type":"SearchAction","target":{"@type":"EntryPoint","urlTemplate":"https:\/\/www.lifenatura.com\/es\/?s={search_term_string}"},"query-input":{"@type":"PropertyValueSpecification","valueRequired":true,"valueName":"search_term_string"}}],"inLanguage":"es"},{"@type":"Organization","@id":"https:\/\/www.lifenatura.com\/es\/#organization","name":"Lifenatura","url":"https:\/\/www.lifenatura.com\/es\/","logo":{"@type":"ImageObject","inLanguage":"es","@id":"https:\/\/www.lifenatura.com\/es\/#\/schema\/logo\/image\/","url":"https:\/\/www.lifenatura.com\/wp-content\/uploads\/2021\/07\/logo.png","contentUrl":"https:\/\/www.lifenatura.com\/wp-content\/uploads\/2021\/07\/logo.png","width":175,"height":55,"caption":"Lifenatura"},"image":{"@id":"https:\/\/www.lifenatura.com\/es\/#\/schema\/logo\/image\/"},"sameAs":["https:\/\/www.facebook.com\/lifenatura","https:\/\/www.instagram.com\/lifenaturapt\/"],"hasMerchantReturnPolicy":{"@type":"MerchantReturnPolicy","merchantReturnLink":"https:\/\/www.lifenatura.com\/termos-condicoes-lifenatura\/"}}]},"product_price_amount":"100.03","product_price_currency":"EUR","og_availability":"out of stock","product_availability":"out of stock","product_retailer_item_id":"5601653018067pack","product_condition":"new"},"df_price":100.03,"df_sale_price":100.03,"df_regular_price":176.52,"df_image_link":"https:\/\/www.lifenatura.com\/wp-content\/uploads\/2023\/05\/l-glutationa-coenzima-q10-pack-juventus-300x300.jpg","_links":{"self":[{"href":"https:\/\/www.lifenatura.com\/es\/wp-json\/wp\/v2\/product\/85645","targetHints":{"allow":["GET"]}}],"collection":[{"href":"https:\/\/www.lifenatura.com\/es\/wp-json\/wp\/v2\/product"}],"about":[{"href":"https:\/\/www.lifenatura.com\/es\/wp-json\/wp\/v2\/types\/product"}],"wp:featuredmedia":[{"embeddable":true,"href":"https:\/\/www.lifenatura.com\/es\/wp-json\/wp\/v2\/media\/85642"}],"wp:attachment":[{"href":"https:\/\/www.lifenatura.com\/es\/wp-json\/wp\/v2\/media?parent=85645"}],"wp:term":[{"taxonomy":"product_brand","embeddable":true,"href":"https:\/\/www.lifenatura.com\/es\/wp-json\/wp\/v2\/product_brand?post=85645"},{"taxonomy":"product_cat","embeddable":true,"href":"https:\/\/www.lifenatura.com\/es\/wp-json\/wp\/v2\/product_cat?post=85645"},{"taxonomy":"product_tag","embeddable":true,"href":"https:\/\/www.lifenatura.com\/es\/wp-json\/wp\/v2\/product_tag?post=85645"}],"curies":[{"name":"wp","href":"https:\/\/api.w.org\/{rel}","templated":true}]}}