{"id":85567,"date":"2024-02-19T21:38:06","date_gmt":"2024-02-19T21:38:06","guid":{"rendered":"https:\/\/www.lifenatura.com\/?post_type=product&#038;p=85567"},"modified":"2026-04-21T00:03:04","modified_gmt":"2026-04-21T00:03:04","slug":"citrato-de-magnesio-pack-juventus","status":"publish","type":"product","link":"https:\/\/www.lifenatura.com\/es\/produto\/citrato-de-magnesio-pack-juventus\/","title":{"rendered":"Citrato de Magn\u00e9sio Lleve 3 Pago 2 &#8211; Juventus"},"content":{"rendered":"<h2><strong>El citrato de magnesio ayuda a mantener un buen rendimiento muscular<\/strong><\/h2>\n<p>&nbsp;<\/p>\n<p>El pack de citrato de magnesio es una forma de magnesio unido al \u00e1cido c\u00edtrico y es una de las formulaciones de magnesio m\u00e1s comunes. Existen pruebas de que el citrato de magnesio se encuentra entre las formas m\u00e1s biodisponibles de magnesio, lo que significa que es f\u00e1cilmente absorbido por el tracto digestivo.<\/p>\n<p><strong>Ahora disponible en pack familiar Lleve 3 Pago 2<\/strong><\/p>\n<p>El Citrato de Magnesio Premium Juventus est\u00e1 formulado para promover una serie de beneficios para la salud, incluyendo el apoyo a la salud \u00f3sea, muscular, cardiovascular y nerviosa. Su objetivo es proporcionar al cuerpo una fuente concentrada de magnesio, un mineral esencial que desempe\u00f1a un papel vital en muchas de las funciones del organismo.<\/p>\n<p><strong>Los 3 principales beneficios:<\/strong><\/p>\n<ul>\n<li>Salud <strong>\u00f3sea<\/strong>: El magnesio es necesario para la formaci\u00f3n y el mantenimiento de los huesos, ayudando a prevenir la p\u00e9rdida \u00f3sea y el desarrollo de enfermedades como la osteoporosis.<\/li>\n<li>Salud <strong>muscular<\/strong>: El magnesio es esencial para la correcta contracci\u00f3n muscular, ayudando a prevenir calambres musculares, espasmos y fatiga.<\/li>\n<li>Salud cardiovascular<strong>:<\/strong> El magnesio desempe\u00f1a un papel importante en la regulaci\u00f3n del ritmo card\u00edaco y la salud de los vasos sangu\u00edneos, ayudando a reducir el riesgo de enfermedades card\u00edacas.<\/li>\n<\/ul>\n<p><strong>PRESENTACI\u00d3N<\/strong><\/p>\n<p>60 comprimidos x 3<\/p>\n<p>&nbsp;<\/p>\n","protected":false},"excerpt":{"rendered":"<p>Pack Lleve 3 Pago 2 de Citrato de Magnesio de alta biodisponibilidad, ideal para fortalecer la salud muscular, \u00f3sea y cardiovascular. [&#8230;]<\/p>\n<p><a class=\"btn btn-secondary understrap-read-more-link\" href=\"https:\/\/www.lifenatura.com\/es\/produto\/citrato-de-magnesio-pack-juventus\/\">Leer m\u00e1s&#8230;<span class=\"screen-reader-text\"> from Citrato de Magn\u00e9sio Lleve 3 Pago 2 &#8211; Juventus<\/span><\/a><\/p>\n","protected":false},"featured_media":85565,"template":"","meta":{"_acf_changed":false},"product_brand":[8463],"product_cat":[7659,7276,7740,7206,7263,7179],"product_tag":[],"class_list":{"0":"post-85567","1":"product","2":"type-product","3":"status-publish","4":"has-post-thumbnail","6":"product_brand-juventus-es","7":"product_cat-ingrediente-natural-bio","8":"product_cat-lleve-3-pago-2","9":"product_cat-magnesio-es","10":"product_cat-musculos-salud","11":"product_cat-packs-de-salud","12":"product_cat-salud","14":"first","15":"instock","16":"sale","17":"shipping-taxable","18":"purchasable","19":"product-type-simple","20":"add-to-wishlist-before_image"},"acf":[],"yoast_head":"<!-- This site is optimized with the Yoast SEO Premium plugin v27.1 (Yoast SEO v27.6) - https:\/\/yoast.com\/product\/yoast-seo-premium-wordpress\/ -->\n<title>Citrato de Magn\u00e9sio Lleve 3 Pago 2 - Juventus - Na Lifenatura ao Melhor Pre\u00e7o | Envio em 48h<\/title>\n<meta name=\"description\" content=\"Pack Lleve 3 Pago 2 de Citrato de Magnesio de alta biodisponibilidad, ideal para fortalecer la salud muscular, \u00f3sea y cardiovascular.\" \/>\n<meta name=\"robots\" content=\"index, follow, max-snippet:-1, max-image-preview:large, max-video-preview:-1\" \/>\n<link rel=\"canonical\" href=\"https:\/\/www.lifenatura.com\/es\/produto\/citrato-de-magnesio-pack-juventus\/\" \/>\n<meta property=\"og:locale\" content=\"es_ES\" \/>\n<meta property=\"og:type\" content=\"article\" \/>\n<meta property=\"og:title\" content=\"Citrato de Magn\u00e9sio Lleve 3 Pago 2 - Juventus - Na Lifenatura ao Melhor Pre\u00e7o | Envio 48h\" \/>\n<meta property=\"og:description\" content=\"Compre Citrato de Magn\u00e9sio Lleve 3 Pago 2 - Juventus com envio r\u00e1pido. Entrega em 48h e portes gr\u00e1tis em compras &gt;35\u20ac. Aproveite j\u00e1 na Lifenatura\" \/>\n<meta property=\"og:url\" content=\"https:\/\/www.lifenatura.com\/es\/produto\/citrato-de-magnesio-pack-juventus\/\" \/>\n<meta property=\"og:site_name\" content=\"Lifenatura\" \/>\n<meta property=\"article:publisher\" content=\"https:\/\/www.facebook.com\/lifenatura\" \/>\n<meta property=\"article:modified_time\" content=\"2026-04-21T00:03:04+00:00\" \/>\n<meta property=\"og:image\" content=\"https:\/\/www.lifenatura.com\/wp-content\/uploads\/2023\/05\/citrato-magnesio-pack-juventus.jpg\" \/>\n\t<meta property=\"og:image:width\" content=\"1000\" \/>\n\t<meta property=\"og:image:height\" content=\"1000\" \/>\n\t<meta property=\"og:image:type\" content=\"image\/jpeg\" \/>\n<meta name=\"twitter:card\" content=\"summary_large_image\" \/>\n<meta name=\"twitter:label1\" content=\"Precio\" \/>\n\t<meta name=\"twitter:data1\" content=\"20,25&nbsp;&euro;\" \/>\n\t<meta name=\"twitter:label2\" content=\"Disponibilidad\" \/>\n\t<meta name=\"twitter:data2\" content=\"Disponible\" \/>\n<script type=\"application\/ld+json\" class=\"yoast-schema-graph\">{\"@context\":\"https:\\\/\\\/schema.org\",\"@graph\":[{\"@type\":\"WebPage\",\"@id\":\"https:\\\/\\\/www.lifenatura.com\\\/es\\\/produto\\\/citrato-de-magnesio-pack-juventus\\\/\",\"url\":\"https:\\\/\\\/www.lifenatura.com\\\/es\\\/produto\\\/citrato-de-magnesio-pack-juventus\\\/\",\"name\":\"Citrato de Magn\u00e9sio Lleve 3 Pago 2 - Juventus - Na Lifenatura ao Melhor Pre\u00e7o | Envio em 48h\",\"isPartOf\":{\"@id\":\"https:\\\/\\\/www.lifenatura.com\\\/es\\\/#website\"},\"primaryImageOfPage\":{\"@id\":\"https:\\\/\\\/www.lifenatura.com\\\/es\\\/produto\\\/citrato-de-magnesio-pack-juventus\\\/#primaryimage\"},\"image\":{\"@id\":\"https:\\\/\\\/www.lifenatura.com\\\/es\\\/produto\\\/citrato-de-magnesio-pack-juventus\\\/#primaryimage\"},\"thumbnailUrl\":\"https:\\\/\\\/www.lifenatura.com\\\/wp-content\\\/uploads\\\/2023\\\/05\\\/citrato-magnesio-pack-juventus.jpg\",\"datePublished\":\"2024-02-19T21:38:06+00:00\",\"dateModified\":\"2026-04-21T00:03:04+00:00\",\"description\":\"Pack Lleve 3 Pago 2 de Citrato de Magnesio de alta biodisponibilidad, ideal para fortalecer la salud muscular, \u00f3sea y cardiovascular.\",\"breadcrumb\":{\"@id\":\"https:\\\/\\\/www.lifenatura.com\\\/es\\\/produto\\\/citrato-de-magnesio-pack-juventus\\\/#breadcrumb\"},\"inLanguage\":\"es\",\"potentialAction\":[{\"@type\":\"ReadAction\",\"target\":[\"https:\\\/\\\/www.lifenatura.com\\\/es\\\/produto\\\/citrato-de-magnesio-pack-juventus\\\/\"]}]},{\"@type\":\"ImageObject\",\"inLanguage\":\"es\",\"@id\":\"https:\\\/\\\/www.lifenatura.com\\\/es\\\/produto\\\/citrato-de-magnesio-pack-juventus\\\/#primaryimage\",\"url\":\"https:\\\/\\\/www.lifenatura.com\\\/wp-content\\\/uploads\\\/2023\\\/05\\\/citrato-magnesio-pack-juventus.jpg\",\"contentUrl\":\"https:\\\/\\\/www.lifenatura.com\\\/wp-content\\\/uploads\\\/2023\\\/05\\\/citrato-magnesio-pack-juventus.jpg\",\"width\":1000,\"height\":1000,\"caption\":\"Pack de citrato de magnesio da marca juventus\"},{\"@type\":\"BreadcrumbList\",\"@id\":\"https:\\\/\\\/www.lifenatura.com\\\/es\\\/produto\\\/citrato-de-magnesio-pack-juventus\\\/#breadcrumb\",\"itemListElement\":[{\"@type\":\"ListItem\",\"position\":1,\"name\":\"In\u00edcio\",\"item\":\"https:\\\/\\\/www.lifenatura.com\\\/es\\\/\"},{\"@type\":\"ListItem\",\"position\":2,\"name\":\"Todos los Productos\",\"item\":\"https:\\\/\\\/www.lifenatura.com\\\/es\\\/tienda\\\/\"},{\"@type\":\"ListItem\",\"position\":3,\"name\":\"Citrato de Magn\u00e9sio Lleve 3 Pago 2 &#8211; Juventus\"}]},{\"@type\":\"WebSite\",\"@id\":\"https:\\\/\\\/www.lifenatura.com\\\/es\\\/#website\",\"url\":\"https:\\\/\\\/www.lifenatura.com\\\/es\\\/\",\"name\":\"Lifenatura\",\"description\":\"A Lifenatura \u00e9 uma loja de produtos naturais, cosm\u00e9tica natural e alimenta\u00e7\u00e3o Biol\u00f3gica.\",\"publisher\":{\"@id\":\"https:\\\/\\\/www.lifenatura.com\\\/es\\\/#organization\"},\"potentialAction\":[{\"@type\":\"SearchAction\",\"target\":{\"@type\":\"EntryPoint\",\"urlTemplate\":\"https:\\\/\\\/www.lifenatura.com\\\/es\\\/?s={search_term_string}\"},\"query-input\":{\"@type\":\"PropertyValueSpecification\",\"valueRequired\":true,\"valueName\":\"search_term_string\"}}],\"inLanguage\":\"es\"},{\"@type\":\"Organization\",\"@id\":\"https:\\\/\\\/www.lifenatura.com\\\/es\\\/#organization\",\"name\":\"Lifenatura\",\"url\":\"https:\\\/\\\/www.lifenatura.com\\\/es\\\/\",\"logo\":{\"@type\":\"ImageObject\",\"inLanguage\":\"es\",\"@id\":\"https:\\\/\\\/www.lifenatura.com\\\/es\\\/#\\\/schema\\\/logo\\\/image\\\/\",\"url\":\"https:\\\/\\\/www.lifenatura.com\\\/wp-content\\\/uploads\\\/2021\\\/07\\\/logo.png\",\"contentUrl\":\"https:\\\/\\\/www.lifenatura.com\\\/wp-content\\\/uploads\\\/2021\\\/07\\\/logo.png\",\"width\":175,\"height\":55,\"caption\":\"Lifenatura\"},\"image\":{\"@id\":\"https:\\\/\\\/www.lifenatura.com\\\/es\\\/#\\\/schema\\\/logo\\\/image\\\/\"},\"sameAs\":[\"https:\\\/\\\/www.facebook.com\\\/lifenatura\",\"https:\\\/\\\/www.instagram.com\\\/lifenaturapt\\\/\"],\"hasMerchantReturnPolicy\":{\"@type\":\"MerchantReturnPolicy\",\"merchantReturnLink\":\"https:\\\/\\\/www.lifenatura.com\\\/termos-condicoes-lifenatura\\\/\"}}]}<\/script>\n<meta property=\"product:price:amount\" content=\"20.25\" \/>\n<meta property=\"product:price:currency\" content=\"EUR\" \/>\n<meta property=\"og:availability\" content=\"instock\" \/>\n<meta property=\"product:availability\" content=\"instock\" \/>\n<meta property=\"product:retailer_item_id\" content=\"5601653018074pack\" \/>\n<meta property=\"product:condition\" content=\"new\" \/>\n<!-- \/ Yoast SEO Premium plugin. -->","yoast_head_json":{"title":"Citrato de Magn\u00e9sio Lleve 3 Pago 2 - Juventus - Na Lifenatura ao Melhor Pre\u00e7o | Envio em 48h","description":"Pack Lleve 3 Pago 2 de Citrato de Magnesio de alta biodisponibilidad, ideal para fortalecer la salud muscular, \u00f3sea y cardiovascular.","robots":{"index":"index","follow":"follow","max-snippet":"max-snippet:-1","max-image-preview":"max-image-preview:large","max-video-preview":"max-video-preview:-1"},"canonical":"https:\/\/www.lifenatura.com\/es\/produto\/citrato-de-magnesio-pack-juventus\/","og_locale":"es_ES","og_type":"article","og_title":"Citrato de Magn\u00e9sio Lleve 3 Pago 2 - Juventus - Na Lifenatura ao Melhor Pre\u00e7o | Envio 48h","og_description":"Compre Citrato de Magn\u00e9sio Lleve 3 Pago 2 - Juventus com envio r\u00e1pido. Entrega em 48h e portes gr\u00e1tis em compras >35\u20ac. Aproveite j\u00e1 na Lifenatura","og_url":"https:\/\/www.lifenatura.com\/es\/produto\/citrato-de-magnesio-pack-juventus\/","og_site_name":"Lifenatura","article_publisher":"https:\/\/www.facebook.com\/lifenatura","article_modified_time":"2026-04-21T00:03:04+00:00","og_image":[{"width":1000,"height":1000,"url":"https:\/\/www.lifenatura.com\/wp-content\/uploads\/2023\/05\/citrato-magnesio-pack-juventus.jpg","type":"image\/jpeg"}],"twitter_card":"summary_large_image","twitter_misc":{"Precio":"20,25&nbsp;&euro;","Disponibilidad":"Disponible"},"schema":{"@context":"https:\/\/schema.org","@graph":[{"@type":"WebPage","@id":"https:\/\/www.lifenatura.com\/es\/produto\/citrato-de-magnesio-pack-juventus\/","url":"https:\/\/www.lifenatura.com\/es\/produto\/citrato-de-magnesio-pack-juventus\/","name":"Citrato de Magn\u00e9sio Lleve 3 Pago 2 - Juventus - Na Lifenatura ao Melhor Pre\u00e7o | Envio em 48h","isPartOf":{"@id":"https:\/\/www.lifenatura.com\/es\/#website"},"primaryImageOfPage":{"@id":"https:\/\/www.lifenatura.com\/es\/produto\/citrato-de-magnesio-pack-juventus\/#primaryimage"},"image":{"@id":"https:\/\/www.lifenatura.com\/es\/produto\/citrato-de-magnesio-pack-juventus\/#primaryimage"},"thumbnailUrl":"https:\/\/www.lifenatura.com\/wp-content\/uploads\/2023\/05\/citrato-magnesio-pack-juventus.jpg","datePublished":"2024-02-19T21:38:06+00:00","dateModified":"2026-04-21T00:03:04+00:00","description":"Pack Lleve 3 Pago 2 de Citrato de Magnesio de alta biodisponibilidad, ideal para fortalecer la salud muscular, \u00f3sea y cardiovascular.","breadcrumb":{"@id":"https:\/\/www.lifenatura.com\/es\/produto\/citrato-de-magnesio-pack-juventus\/#breadcrumb"},"inLanguage":"es","potentialAction":[{"@type":"ReadAction","target":["https:\/\/www.lifenatura.com\/es\/produto\/citrato-de-magnesio-pack-juventus\/"]}]},{"@type":"ImageObject","inLanguage":"es","@id":"https:\/\/www.lifenatura.com\/es\/produto\/citrato-de-magnesio-pack-juventus\/#primaryimage","url":"https:\/\/www.lifenatura.com\/wp-content\/uploads\/2023\/05\/citrato-magnesio-pack-juventus.jpg","contentUrl":"https:\/\/www.lifenatura.com\/wp-content\/uploads\/2023\/05\/citrato-magnesio-pack-juventus.jpg","width":1000,"height":1000,"caption":"Pack de citrato de magnesio da marca juventus"},{"@type":"BreadcrumbList","@id":"https:\/\/www.lifenatura.com\/es\/produto\/citrato-de-magnesio-pack-juventus\/#breadcrumb","itemListElement":[{"@type":"ListItem","position":1,"name":"In\u00edcio","item":"https:\/\/www.lifenatura.com\/es\/"},{"@type":"ListItem","position":2,"name":"Todos los Productos","item":"https:\/\/www.lifenatura.com\/es\/tienda\/"},{"@type":"ListItem","position":3,"name":"Citrato de Magn\u00e9sio Lleve 3 Pago 2 &#8211; Juventus"}]},{"@type":"WebSite","@id":"https:\/\/www.lifenatura.com\/es\/#website","url":"https:\/\/www.lifenatura.com\/es\/","name":"Lifenatura","description":"A Lifenatura \u00e9 uma loja de produtos naturais, cosm\u00e9tica natural e alimenta\u00e7\u00e3o Biol\u00f3gica.","publisher":{"@id":"https:\/\/www.lifenatura.com\/es\/#organization"},"potentialAction":[{"@type":"SearchAction","target":{"@type":"EntryPoint","urlTemplate":"https:\/\/www.lifenatura.com\/es\/?s={search_term_string}"},"query-input":{"@type":"PropertyValueSpecification","valueRequired":true,"valueName":"search_term_string"}}],"inLanguage":"es"},{"@type":"Organization","@id":"https:\/\/www.lifenatura.com\/es\/#organization","name":"Lifenatura","url":"https:\/\/www.lifenatura.com\/es\/","logo":{"@type":"ImageObject","inLanguage":"es","@id":"https:\/\/www.lifenatura.com\/es\/#\/schema\/logo\/image\/","url":"https:\/\/www.lifenatura.com\/wp-content\/uploads\/2021\/07\/logo.png","contentUrl":"https:\/\/www.lifenatura.com\/wp-content\/uploads\/2021\/07\/logo.png","width":175,"height":55,"caption":"Lifenatura"},"image":{"@id":"https:\/\/www.lifenatura.com\/es\/#\/schema\/logo\/image\/"},"sameAs":["https:\/\/www.facebook.com\/lifenatura","https:\/\/www.instagram.com\/lifenaturapt\/"],"hasMerchantReturnPolicy":{"@type":"MerchantReturnPolicy","merchantReturnLink":"https:\/\/www.lifenatura.com\/termos-condicoes-lifenatura\/"}}]},"product_price_amount":"20.25","product_price_currency":"EUR","og_availability":"instock","product_availability":"instock","product_retailer_item_id":"5601653018074pack","product_condition":"new"},"df_price":20.25,"df_sale_price":20.25,"df_regular_price":35.73,"df_image_link":"https:\/\/www.lifenatura.com\/wp-content\/uploads\/2023\/05\/citrato-magnesio-pack-juventus-300x300.jpg","_links":{"self":[{"href":"https:\/\/www.lifenatura.com\/es\/wp-json\/wp\/v2\/product\/85567","targetHints":{"allow":["GET"]}}],"collection":[{"href":"https:\/\/www.lifenatura.com\/es\/wp-json\/wp\/v2\/product"}],"about":[{"href":"https:\/\/www.lifenatura.com\/es\/wp-json\/wp\/v2\/types\/product"}],"wp:featuredmedia":[{"embeddable":true,"href":"https:\/\/www.lifenatura.com\/es\/wp-json\/wp\/v2\/media\/85565"}],"wp:attachment":[{"href":"https:\/\/www.lifenatura.com\/es\/wp-json\/wp\/v2\/media?parent=85567"}],"wp:term":[{"taxonomy":"product_brand","embeddable":true,"href":"https:\/\/www.lifenatura.com\/es\/wp-json\/wp\/v2\/product_brand?post=85567"},{"taxonomy":"product_cat","embeddable":true,"href":"https:\/\/www.lifenatura.com\/es\/wp-json\/wp\/v2\/product_cat?post=85567"},{"taxonomy":"product_tag","embeddable":true,"href":"https:\/\/www.lifenatura.com\/es\/wp-json\/wp\/v2\/product_tag?post=85567"}],"curies":[{"name":"wp","href":"https:\/\/api.w.org\/{rel}","templated":true}]}}