{"id":85367,"date":"2024-02-16T11:50:13","date_gmt":"2024-02-16T11:50:13","guid":{"rendered":"https:\/\/www.lifenatura.com\/?post_type=product&#038;p=85367"},"modified":"2026-04-17T02:28:14","modified_gmt":"2026-04-17T02:28:14","slug":"biobalance-tensio-farmodietica","status":"publish","type":"product","link":"https:\/\/www.lifenatura.com\/es\/produto\/biobalance-tensio-farmodietica\/","title":{"rendered":"Biobalance Tensio 60 comprimidos &#8211; Farmodi\u00e9tica"},"content":{"rendered":"<h2><strong>Biobalance Tensio para el control de la hipertensi\u00f3n arterial<\/strong><\/h2>\n<p>&nbsp;<\/p>\n<p>Biobalance Tensio es un complemento alimenticio desarrollado pensando en su salud cardiovascular y es un aliado en el control de la hipertensi\u00f3n arterial. Con una f\u00f3rmula rica en Espino Blanco, Enebro, Hibisco, Pino Mar\u00edtimo, Granada y un alto contenido en vitaminas del complejo B y vitamina C.<\/p>\n<p>Biobalance Tensio es un complemento dise\u00f1ado para ayudar a controlar de forma natural la tensi\u00f3n arterial y promover una vida m\u00e1s saludable. Su f\u00f3rmula \u00fanica combina ingredientes naturales con propiedades vasodilatadoras, antioxidantes y antiinflamatorias, proporcionando un apoyo eficaz al sistema cardiovascular.<\/p>\n<p>Con este suplemento natural, puede promover el equilibrio de la presi\u00f3n arterial de forma natural y segura, lo que permite una vida m\u00e1s activa y plena.<\/p>\n<p><strong>3 beneficios principales:<\/strong><\/p>\n<ul>\n<li><strong>Control de la presi\u00f3n arterial:<\/strong> Los ingredientes activos de Biobalance Tensio ayudan a relajar los vasos sangu\u00edneos, favoreciendo una circulaci\u00f3n m\u00e1s fluida y reduciendo la presi\u00f3n arterial.<\/li>\n<li><strong>Antiinflamatorio natural<\/strong>: Algunos de los ingredientes de Biobalance Tensio tienen propiedades antiinflamatorias, que ayudan a reducir la inflamaci\u00f3n de los vasos sangu\u00edneos y a mejorar la salud cardiovascular.<\/li>\n<li><strong>Apoyo cardiovascular:<\/strong> Gracias a su eficaz apoyo al sistema cardiovascular, Biobalance Tensio ayuda a mantener la salud del coraz\u00f3n y de los vasos sangu\u00edneos, favoreciendo una vida m\u00e1s activa y sana.<\/li>\n<\/ul>\n<p><strong>PRESENTACI\u00d3N<\/strong><\/p>\n<p>60 comprimidos<\/p>\n<p>&nbsp;<\/p>\n","protected":false},"excerpt":{"rendered":"<p>Biobalance Tensio es un complemento alimenticio desarrollado pensando en su salud cardiovascular y que ayuda a controlar la hipertensi\u00f3n arterial. [&#8230;]<\/p>\n<p><a class=\"btn btn-secondary understrap-read-more-link\" href=\"https:\/\/www.lifenatura.com\/es\/produto\/biobalance-tensio-farmodietica\/\">Leer m\u00e1s&#8230;<span class=\"screen-reader-text\"> from Biobalance Tensio 60 comprimidos &#8211; Farmodi\u00e9tica<\/span><\/a><\/p>\n","protected":false},"featured_media":131284,"template":"","meta":{"_acf_changed":false},"product_brand":[8488],"product_cat":[7179,7228],"product_tag":[8699],"class_list":{"0":"post-85367","1":"product","2":"type-product","3":"status-publish","4":"has-post-thumbnail","6":"product_brand-farmodietica","7":"product_cat-salud","8":"product_cat-tension-arterial","9":"product_tag-farmodietica","11":"first","12":"instock","13":"sale","14":"featured","15":"shipping-taxable","16":"purchasable","17":"product-type-simple","18":"add-to-wishlist-before_image"},"acf":[],"yoast_head":"<!-- This site is optimized with the Yoast SEO Premium plugin v27.1 (Yoast SEO v27.4) - https:\/\/yoast.com\/product\/yoast-seo-premium-wordpress\/ -->\n<title>Biobalance Tensio Farmodi\u00e9tica - Lifenatura<\/title>\n<meta name=\"description\" content=\"Biobalance Tensio es un complemento alimenticio desarrollado pensando en su salud cardiovascular y que ayuda a controlar la hipertensi\u00f3n arterial.\" \/>\n<meta name=\"robots\" content=\"index, follow, max-snippet:-1, max-image-preview:large, max-video-preview:-1\" \/>\n<link rel=\"canonical\" href=\"https:\/\/www.lifenatura.com\/es\/produto\/biobalance-tensio-farmodietica\/\" \/>\n<meta property=\"og:locale\" content=\"es_ES\" \/>\n<meta property=\"og:type\" content=\"article\" \/>\n<meta property=\"og:title\" content=\"Biobalance Tensio 60 comprimidos - Farmodi\u00e9tica - Lifenatura\" \/>\n<meta property=\"og:description\" content=\"Compre aqui o seu Biobalance Tensio 60 comprimidos - Farmodi\u00e9tica e a Lifenatura Online envia em 48 H com Portes Gratis &gt;35\u20ac de Pedido.\" \/>\n<meta property=\"og:url\" content=\"https:\/\/www.lifenatura.com\/es\/produto\/biobalance-tensio-farmodietica\/\" \/>\n<meta property=\"og:site_name\" content=\"Lifenatura\" \/>\n<meta property=\"article:publisher\" content=\"https:\/\/www.facebook.com\/lifenatura\" \/>\n<meta property=\"article:modified_time\" content=\"2026-04-17T02:28:14+00:00\" \/>\n<meta property=\"og:image\" content=\"https:\/\/www.lifenatura.com\/wp-content\/uploads\/2021\/09\/gd_biobalance-tensio-60-comprimidos-farmodietica.jpg\" \/>\n\t<meta property=\"og:image:width\" content=\"1000\" \/>\n\t<meta property=\"og:image:height\" content=\"1000\" \/>\n\t<meta property=\"og:image:type\" content=\"image\/jpeg\" \/>\n<meta name=\"twitter:card\" content=\"summary_large_image\" \/>\n<meta name=\"twitter:label1\" content=\"Precio\" \/>\n\t<meta name=\"twitter:data1\" content=\"20,57&nbsp;&euro;\" \/>\n\t<meta name=\"twitter:label2\" content=\"Disponibilidad\" \/>\n\t<meta name=\"twitter:data2\" content=\"Disponible\" \/>\n<meta property=\"product:price:amount\" content=\"20.57\" \/>\n<meta property=\"product:price:currency\" content=\"EUR\" \/>\n<meta property=\"og:availability\" content=\"instock\" \/>\n<meta property=\"product:availability\" content=\"instock\" \/>\n<meta property=\"product:retailer_item_id\" content=\"5601653009331\" \/>\n<meta property=\"product:condition\" content=\"new\" \/>\n<!-- \/ Yoast SEO Premium plugin. -->","yoast_head_json":{"title":"Biobalance Tensio Farmodi\u00e9tica - Lifenatura","description":"Biobalance Tensio es un complemento alimenticio desarrollado pensando en su salud cardiovascular y que ayuda a controlar la hipertensi\u00f3n arterial.","robots":{"index":"index","follow":"follow","max-snippet":"max-snippet:-1","max-image-preview":"max-image-preview:large","max-video-preview":"max-video-preview:-1"},"canonical":"https:\/\/www.lifenatura.com\/es\/produto\/biobalance-tensio-farmodietica\/","og_locale":"es_ES","og_type":"article","og_title":"Biobalance Tensio 60 comprimidos - Farmodi\u00e9tica - Lifenatura","og_description":"Compre aqui o seu Biobalance Tensio 60 comprimidos - Farmodi\u00e9tica e a Lifenatura Online envia em 48 H com Portes Gratis >35\u20ac de Pedido.","og_url":"https:\/\/www.lifenatura.com\/es\/produto\/biobalance-tensio-farmodietica\/","og_site_name":"Lifenatura","article_publisher":"https:\/\/www.facebook.com\/lifenatura","article_modified_time":"2026-04-17T02:28:14+00:00","og_image":[{"width":1000,"height":1000,"url":"https:\/\/www.lifenatura.com\/wp-content\/uploads\/2021\/09\/gd_biobalance-tensio-60-comprimidos-farmodietica.jpg","type":"image\/jpeg"}],"twitter_card":"summary_large_image","twitter_misc":{"Precio":"20,57&nbsp;&euro;","Disponibilidad":"Disponible"},"schema":{"@context":"https:\/\/schema.org","@graph":[{"@type":"WebPage","@id":"https:\/\/www.lifenatura.com\/es\/produto\/biobalance-tensio-farmodietica\/","url":"https:\/\/www.lifenatura.com\/es\/produto\/biobalance-tensio-farmodietica\/","name":"Biobalance Tensio Farmodi\u00e9tica - Lifenatura","isPartOf":{"@id":"https:\/\/www.lifenatura.com\/es\/#website"},"primaryImageOfPage":{"@id":"https:\/\/www.lifenatura.com\/es\/produto\/biobalance-tensio-farmodietica\/#primaryimage"},"image":{"@id":"https:\/\/www.lifenatura.com\/es\/produto\/biobalance-tensio-farmodietica\/#primaryimage"},"thumbnailUrl":"https:\/\/www.lifenatura.com\/wp-content\/uploads\/2026\/03\/d66c643-cir057-tensio-biobalance-60comprimidos-farmodietica.jpg","datePublished":"2024-02-16T11:50:13+00:00","dateModified":"2026-04-17T02:28:14+00:00","description":"Biobalance Tensio es un complemento alimenticio desarrollado pensando en su salud cardiovascular y que ayuda a controlar la hipertensi\u00f3n arterial.","breadcrumb":{"@id":"https:\/\/www.lifenatura.com\/es\/produto\/biobalance-tensio-farmodietica\/#breadcrumb"},"inLanguage":"es","potentialAction":[{"@type":"ReadAction","target":["https:\/\/www.lifenatura.com\/es\/produto\/biobalance-tensio-farmodietica\/"]}]},{"@type":"ImageObject","inLanguage":"es","@id":"https:\/\/www.lifenatura.com\/es\/produto\/biobalance-tensio-farmodietica\/#primaryimage","url":"https:\/\/www.lifenatura.com\/wp-content\/uploads\/2026\/03\/d66c643-cir057-tensio-biobalance-60comprimidos-farmodietica.jpg","contentUrl":"https:\/\/www.lifenatura.com\/wp-content\/uploads\/2026\/03\/d66c643-cir057-tensio-biobalance-60comprimidos-farmodietica.jpg","width":668,"height":668},{"@type":"BreadcrumbList","@id":"https:\/\/www.lifenatura.com\/es\/produto\/biobalance-tensio-farmodietica\/#breadcrumb","itemListElement":[{"@type":"ListItem","position":1,"name":"In\u00edcio","item":"https:\/\/www.lifenatura.com\/es\/"},{"@type":"ListItem","position":2,"name":"Todos los Productos","item":"https:\/\/www.lifenatura.com\/es\/tienda\/"},{"@type":"ListItem","position":3,"name":"Biobalance Tensio 60 comprimidos &#8211; Farmodi\u00e9tica"}]},{"@type":"WebSite","@id":"https:\/\/www.lifenatura.com\/es\/#website","url":"https:\/\/www.lifenatura.com\/es\/","name":"Lifenatura","description":"A Lifenatura \u00e9 uma loja de produtos naturais, cosm\u00e9tica natural e alimenta\u00e7\u00e3o Biol\u00f3gica.","publisher":{"@id":"https:\/\/www.lifenatura.com\/es\/#organization"},"potentialAction":[{"@type":"SearchAction","target":{"@type":"EntryPoint","urlTemplate":"https:\/\/www.lifenatura.com\/es\/?s={search_term_string}"},"query-input":{"@type":"PropertyValueSpecification","valueRequired":true,"valueName":"search_term_string"}}],"inLanguage":"es"},{"@type":"Organization","@id":"https:\/\/www.lifenatura.com\/es\/#organization","name":"Lifenatura","url":"https:\/\/www.lifenatura.com\/es\/","logo":{"@type":"ImageObject","inLanguage":"es","@id":"https:\/\/www.lifenatura.com\/es\/#\/schema\/logo\/image\/","url":"https:\/\/www.lifenatura.com\/wp-content\/uploads\/2021\/11\/logo.png","contentUrl":"https:\/\/www.lifenatura.com\/wp-content\/uploads\/2021\/11\/logo.png","width":175,"height":55,"caption":"Lifenatura"},"image":{"@id":"https:\/\/www.lifenatura.com\/es\/#\/schema\/logo\/image\/"},"sameAs":["https:\/\/www.facebook.com\/lifenatura","https:\/\/www.instagram.com\/lifenaturapt\/"]}]},"product_price_amount":"20.57","product_price_currency":"EUR","og_availability":"instock","product_availability":"instock","product_retailer_item_id":"5601653009331","product_condition":"new"},"df_price":20.57,"df_sale_price":20.57,"df_regular_price":37.4,"df_image_link":"https:\/\/www.lifenatura.com\/wp-content\/uploads\/2026\/03\/d66c643-cir057-tensio-biobalance-60comprimidos-farmodietica-300x300.jpg","_links":{"self":[{"href":"https:\/\/www.lifenatura.com\/es\/wp-json\/wp\/v2\/product\/85367","targetHints":{"allow":["GET"]}}],"collection":[{"href":"https:\/\/www.lifenatura.com\/es\/wp-json\/wp\/v2\/product"}],"about":[{"href":"https:\/\/www.lifenatura.com\/es\/wp-json\/wp\/v2\/types\/product"}],"wp:featuredmedia":[{"embeddable":true,"href":"https:\/\/www.lifenatura.com\/es\/wp-json\/wp\/v2\/media\/131284"}],"wp:attachment":[{"href":"https:\/\/www.lifenatura.com\/es\/wp-json\/wp\/v2\/media?parent=85367"}],"wp:term":[{"taxonomy":"product_brand","embeddable":true,"href":"https:\/\/www.lifenatura.com\/es\/wp-json\/wp\/v2\/product_brand?post=85367"},{"taxonomy":"product_cat","embeddable":true,"href":"https:\/\/www.lifenatura.com\/es\/wp-json\/wp\/v2\/product_cat?post=85367"},{"taxonomy":"product_tag","embeddable":true,"href":"https:\/\/www.lifenatura.com\/es\/wp-json\/wp\/v2\/product_tag?post=85367"}],"curies":[{"name":"wp","href":"https:\/\/api.w.org\/{rel}","templated":true}]}}