{"id":85004,"date":"2024-02-09T19:10:40","date_gmt":"2024-02-09T19:10:40","guid":{"rendered":"https:\/\/www.lifenatura.com\/produto\/quercetina-liposomal-125mg-60-capsulas-purovitalis\/"},"modified":"2026-04-15T15:34:13","modified_gmt":"2026-04-15T15:34:13","slug":"quercetina-liposomal-125mg-60-capsulas-purovitalis","status":"publish","type":"product","link":"https:\/\/www.lifenatura.com\/es\/produto\/quercetina-liposomal-125mg-60-capsulas-purovitalis\/","title":{"rendered":"Quercetina Liposomal 125mg 30 C\u00e1psulas &#8211; Purovitalis"},"content":{"rendered":"<h2><strong>Quercetina el antioxidante que refuerza el sistema inmunitario  <\/strong><\/h2>\n<p>&nbsp;<\/p>\n<p>La quercetina es un pigmento natural (flavonoide) que se encuentra en frutas y verduras. Este pigmento confiere a estos alimentos su color brillante. Dado que la quercetina no se produce de forma natural en nuestro organismo, es importante obtener esta sustancia beneficiosa tanto de fuentes alimentarias saludables como de suplementos.<\/p>\n<p>Este complemento alimenticio ha demostrado cient\u00edficamente su eficacia para:<\/p>\n<ul>\n<li>Lucha contra los radicales libres &#8211; Antioxidante<\/li>\n<li>Reducir la inflamaci\u00f3n<\/li>\n<li>Fortalecimiento del sistema inmunitario<\/li>\n<\/ul>\n<p>Purovitalis ha desarrollado c\u00e1psulas \u00fanicas recubiertas de liposomas. Estos liposomas se comportan de la misma manera que las c\u00e9lulas de nuestro cuerpo, permitiendo que la quercetina sea absorbida de forma \u00f3ptima por el organismo.<\/p>\n<p><strong>PRESENTACI\u00d3N<\/strong><\/p>\n<p>30 c\u00e1psulas<\/p>\n<p>&nbsp;<\/p>\n","protected":false},"excerpt":{"rendered":"<p>La quercetina es un suplemento natural que el organismo no sintetiza y que tiene efectos antioxidantes, antiinflamatorios e inmunitarios. [&#8230;]<\/p>\n<p><a class=\"btn btn-secondary understrap-read-more-link\" href=\"https:\/\/www.lifenatura.com\/es\/produto\/quercetina-liposomal-125mg-60-capsulas-purovitalis\/\">Leer m\u00e1s&#8230;<span class=\"screen-reader-text\"> from Quercetina Liposomal 125mg 30 C\u00e1psulas &#8211; Purovitalis<\/span><\/a><\/p>\n","protected":false},"featured_media":133665,"template":"","meta":{"_acf_changed":false},"product_brand":[8348],"product_cat":[7236,7211,7179],"product_tag":[],"class_list":{"0":"post-85004","1":"product","2":"type-product","3":"status-publish","4":"has-post-thumbnail","6":"product_brand-purovitalis-es","7":"product_cat-antioxidantes-salud","8":"product_cat-reforza-la-inmunidad-salud","9":"product_cat-salud","11":"first","12":"instock","13":"sale","14":"shipping-taxable","15":"purchasable","16":"product-type-simple","17":"add-to-wishlist-before_image"},"acf":[],"yoast_head":"<!-- This site is optimized with the Yoast SEO Premium plugin v27.1 (Yoast SEO v27.5) - https:\/\/yoast.com\/product\/yoast-seo-premium-wordpress\/ -->\n<title>Quercetina Liposomal 125mg 30 C\u00e1psulas - Purovitalis - Na Lifenatura ao Melhor Pre\u00e7o | Envio em 48h<\/title>\n<meta name=\"description\" content=\"La quercetina es un suplemento natural que el organismo no sintetiza y que tiene efectos antioxidantes, antiinflamatorios e inmunitarios.\" \/>\n<meta name=\"robots\" content=\"index, follow, max-snippet:-1, max-image-preview:large, max-video-preview:-1\" \/>\n<link rel=\"canonical\" href=\"https:\/\/www.lifenatura.com\/es\/produto\/quercetina-liposomal-125mg-60-capsulas-purovitalis\/\" \/>\n<meta property=\"og:locale\" content=\"es_ES\" \/>\n<meta property=\"og:type\" content=\"article\" \/>\n<meta property=\"og:title\" content=\"Quercetina Liposomal 125mg 30 C\u00e1psulas - Purovitalis - Na Lifenatura ao Melhor Pre\u00e7o | Envio 48h\" \/>\n<meta property=\"og:description\" content=\"Compre Quercetina Liposomal 125mg 30 C\u00e1psulas - Purovitalis com envio r\u00e1pido. Entrega em 48h e portes gr\u00e1tis em compras &gt;35\u20ac. Aproveite j\u00e1 na Lifenatura\" \/>\n<meta property=\"og:url\" content=\"https:\/\/www.lifenatura.com\/es\/produto\/quercetina-liposomal-125mg-60-capsulas-purovitalis\/\" \/>\n<meta property=\"og:site_name\" content=\"Lifenatura\" \/>\n<meta property=\"article:publisher\" content=\"https:\/\/www.facebook.com\/lifenatura\" \/>\n<meta property=\"article:modified_time\" content=\"2026-04-15T15:34:13+00:00\" \/>\n<meta property=\"og:image\" content=\"https:\/\/www.lifenatura.com\/wp-content\/uploads\/2026\/04\/quercetin-30-2000px-768x768-1.webp\" \/>\n\t<meta property=\"og:image:width\" content=\"768\" \/>\n\t<meta property=\"og:image:height\" content=\"768\" \/>\n\t<meta property=\"og:image:type\" content=\"image\/webp\" \/>\n<meta name=\"twitter:card\" content=\"summary_large_image\" \/>\n<meta name=\"twitter:label1\" content=\"Precio\" \/>\n\t<meta name=\"twitter:data1\" content=\"34,29&nbsp;&euro;\" \/>\n\t<meta name=\"twitter:label2\" content=\"Disponibilidad\" \/>\n\t<meta name=\"twitter:data2\" content=\"Disponible\" \/>\n<script type=\"application\/ld+json\" class=\"yoast-schema-graph\">{\"@context\":\"https:\\\/\\\/schema.org\",\"@graph\":[{\"@type\":\"WebPage\",\"@id\":\"https:\\\/\\\/www.lifenatura.com\\\/es\\\/produto\\\/quercetina-liposomal-125mg-60-capsulas-purovitalis\\\/\",\"url\":\"https:\\\/\\\/www.lifenatura.com\\\/es\\\/produto\\\/quercetina-liposomal-125mg-60-capsulas-purovitalis\\\/\",\"name\":\"Quercetina Liposomal 125mg 30 C\u00e1psulas - Purovitalis - Na Lifenatura ao Melhor Pre\u00e7o | Envio em 48h\",\"isPartOf\":{\"@id\":\"https:\\\/\\\/www.lifenatura.com\\\/es\\\/#website\"},\"primaryImageOfPage\":{\"@id\":\"https:\\\/\\\/www.lifenatura.com\\\/es\\\/produto\\\/quercetina-liposomal-125mg-60-capsulas-purovitalis\\\/#primaryimage\"},\"image\":{\"@id\":\"https:\\\/\\\/www.lifenatura.com\\\/es\\\/produto\\\/quercetina-liposomal-125mg-60-capsulas-purovitalis\\\/#primaryimage\"},\"thumbnailUrl\":\"https:\\\/\\\/www.lifenatura.com\\\/wp-content\\\/uploads\\\/2026\\\/04\\\/quercetin-30-2000px-768x768-1.webp\",\"datePublished\":\"2024-02-09T19:10:40+00:00\",\"dateModified\":\"2026-04-15T15:34:13+00:00\",\"description\":\"La quercetina es un suplemento natural que el organismo no sintetiza y que tiene efectos antioxidantes, antiinflamatorios e inmunitarios.\",\"breadcrumb\":{\"@id\":\"https:\\\/\\\/www.lifenatura.com\\\/es\\\/produto\\\/quercetina-liposomal-125mg-60-capsulas-purovitalis\\\/#breadcrumb\"},\"inLanguage\":\"es\",\"potentialAction\":[{\"@type\":\"ReadAction\",\"target\":[\"https:\\\/\\\/www.lifenatura.com\\\/es\\\/produto\\\/quercetina-liposomal-125mg-60-capsulas-purovitalis\\\/\"]}]},{\"@type\":\"ImageObject\",\"inLanguage\":\"es\",\"@id\":\"https:\\\/\\\/www.lifenatura.com\\\/es\\\/produto\\\/quercetina-liposomal-125mg-60-capsulas-purovitalis\\\/#primaryimage\",\"url\":\"https:\\\/\\\/www.lifenatura.com\\\/wp-content\\\/uploads\\\/2026\\\/04\\\/quercetin-30-2000px-768x768-1.webp\",\"contentUrl\":\"https:\\\/\\\/www.lifenatura.com\\\/wp-content\\\/uploads\\\/2026\\\/04\\\/quercetin-30-2000px-768x768-1.webp\",\"width\":768,\"height\":768},{\"@type\":\"BreadcrumbList\",\"@id\":\"https:\\\/\\\/www.lifenatura.com\\\/es\\\/produto\\\/quercetina-liposomal-125mg-60-capsulas-purovitalis\\\/#breadcrumb\",\"itemListElement\":[{\"@type\":\"ListItem\",\"position\":1,\"name\":\"In\u00edcio\",\"item\":\"https:\\\/\\\/www.lifenatura.com\\\/es\\\/\"},{\"@type\":\"ListItem\",\"position\":2,\"name\":\"Todos los Productos\",\"item\":\"https:\\\/\\\/www.lifenatura.com\\\/es\\\/tienda\\\/\"},{\"@type\":\"ListItem\",\"position\":3,\"name\":\"Quercetina Liposomal 125mg 30 C\u00e1psulas &#8211; Purovitalis\"}]},{\"@type\":\"WebSite\",\"@id\":\"https:\\\/\\\/www.lifenatura.com\\\/es\\\/#website\",\"url\":\"https:\\\/\\\/www.lifenatura.com\\\/es\\\/\",\"name\":\"Lifenatura\",\"description\":\"A Lifenatura \u00e9 uma loja de produtos naturais, cosm\u00e9tica natural e alimenta\u00e7\u00e3o Biol\u00f3gica.\",\"publisher\":{\"@id\":\"https:\\\/\\\/www.lifenatura.com\\\/es\\\/#organization\"},\"potentialAction\":[{\"@type\":\"SearchAction\",\"target\":{\"@type\":\"EntryPoint\",\"urlTemplate\":\"https:\\\/\\\/www.lifenatura.com\\\/es\\\/?s={search_term_string}\"},\"query-input\":{\"@type\":\"PropertyValueSpecification\",\"valueRequired\":true,\"valueName\":\"search_term_string\"}}],\"inLanguage\":\"es\"},{\"@type\":\"Organization\",\"@id\":\"https:\\\/\\\/www.lifenatura.com\\\/es\\\/#organization\",\"name\":\"Lifenatura\",\"url\":\"https:\\\/\\\/www.lifenatura.com\\\/es\\\/\",\"logo\":{\"@type\":\"ImageObject\",\"inLanguage\":\"es\",\"@id\":\"https:\\\/\\\/www.lifenatura.com\\\/es\\\/#\\\/schema\\\/logo\\\/image\\\/\",\"url\":\"https:\\\/\\\/www.lifenatura.com\\\/wp-content\\\/uploads\\\/2021\\\/07\\\/logo.png\",\"contentUrl\":\"https:\\\/\\\/www.lifenatura.com\\\/wp-content\\\/uploads\\\/2021\\\/07\\\/logo.png\",\"width\":175,\"height\":55,\"caption\":\"Lifenatura\"},\"image\":{\"@id\":\"https:\\\/\\\/www.lifenatura.com\\\/es\\\/#\\\/schema\\\/logo\\\/image\\\/\"},\"sameAs\":[\"https:\\\/\\\/www.facebook.com\\\/lifenatura\",\"https:\\\/\\\/www.instagram.com\\\/lifenaturapt\\\/\"],\"hasMerchantReturnPolicy\":{\"@type\":\"MerchantReturnPolicy\",\"merchantReturnLink\":\"https:\\\/\\\/www.lifenatura.com\\\/termos-condicoes-lifenatura\\\/\"}}]}<\/script>\n<meta property=\"product:price:amount\" content=\"34.29\" \/>\n<meta property=\"product:price:currency\" content=\"EUR\" \/>\n<meta property=\"og:availability\" content=\"instock\" \/>\n<meta property=\"product:availability\" content=\"instock\" \/>\n<meta property=\"product:retailer_item_id\" content=\"8720726160438\" \/>\n<meta property=\"product:condition\" content=\"new\" \/>\n<!-- \/ Yoast SEO Premium plugin. -->","yoast_head_json":{"title":"Quercetina Liposomal 125mg 30 C\u00e1psulas - Purovitalis - Na Lifenatura ao Melhor Pre\u00e7o | Envio em 48h","description":"La quercetina es un suplemento natural que el organismo no sintetiza y que tiene efectos antioxidantes, antiinflamatorios e inmunitarios.","robots":{"index":"index","follow":"follow","max-snippet":"max-snippet:-1","max-image-preview":"max-image-preview:large","max-video-preview":"max-video-preview:-1"},"canonical":"https:\/\/www.lifenatura.com\/es\/produto\/quercetina-liposomal-125mg-60-capsulas-purovitalis\/","og_locale":"es_ES","og_type":"article","og_title":"Quercetina Liposomal 125mg 30 C\u00e1psulas - Purovitalis - Na Lifenatura ao Melhor Pre\u00e7o | Envio 48h","og_description":"Compre Quercetina Liposomal 125mg 30 C\u00e1psulas - Purovitalis com envio r\u00e1pido. Entrega em 48h e portes gr\u00e1tis em compras >35\u20ac. Aproveite j\u00e1 na Lifenatura","og_url":"https:\/\/www.lifenatura.com\/es\/produto\/quercetina-liposomal-125mg-60-capsulas-purovitalis\/","og_site_name":"Lifenatura","article_publisher":"https:\/\/www.facebook.com\/lifenatura","article_modified_time":"2026-04-15T15:34:13+00:00","og_image":[{"width":768,"height":768,"url":"https:\/\/www.lifenatura.com\/wp-content\/uploads\/2026\/04\/quercetin-30-2000px-768x768-1.webp","type":"image\/webp"}],"twitter_card":"summary_large_image","twitter_misc":{"Precio":"34,29&nbsp;&euro;","Disponibilidad":"Disponible"},"schema":{"@context":"https:\/\/schema.org","@graph":[{"@type":"WebPage","@id":"https:\/\/www.lifenatura.com\/es\/produto\/quercetina-liposomal-125mg-60-capsulas-purovitalis\/","url":"https:\/\/www.lifenatura.com\/es\/produto\/quercetina-liposomal-125mg-60-capsulas-purovitalis\/","name":"Quercetina Liposomal 125mg 30 C\u00e1psulas - Purovitalis - Na Lifenatura ao Melhor Pre\u00e7o | Envio em 48h","isPartOf":{"@id":"https:\/\/www.lifenatura.com\/es\/#website"},"primaryImageOfPage":{"@id":"https:\/\/www.lifenatura.com\/es\/produto\/quercetina-liposomal-125mg-60-capsulas-purovitalis\/#primaryimage"},"image":{"@id":"https:\/\/www.lifenatura.com\/es\/produto\/quercetina-liposomal-125mg-60-capsulas-purovitalis\/#primaryimage"},"thumbnailUrl":"https:\/\/www.lifenatura.com\/wp-content\/uploads\/2026\/04\/quercetin-30-2000px-768x768-1.webp","datePublished":"2024-02-09T19:10:40+00:00","dateModified":"2026-04-15T15:34:13+00:00","description":"La quercetina es un suplemento natural que el organismo no sintetiza y que tiene efectos antioxidantes, antiinflamatorios e inmunitarios.","breadcrumb":{"@id":"https:\/\/www.lifenatura.com\/es\/produto\/quercetina-liposomal-125mg-60-capsulas-purovitalis\/#breadcrumb"},"inLanguage":"es","potentialAction":[{"@type":"ReadAction","target":["https:\/\/www.lifenatura.com\/es\/produto\/quercetina-liposomal-125mg-60-capsulas-purovitalis\/"]}]},{"@type":"ImageObject","inLanguage":"es","@id":"https:\/\/www.lifenatura.com\/es\/produto\/quercetina-liposomal-125mg-60-capsulas-purovitalis\/#primaryimage","url":"https:\/\/www.lifenatura.com\/wp-content\/uploads\/2026\/04\/quercetin-30-2000px-768x768-1.webp","contentUrl":"https:\/\/www.lifenatura.com\/wp-content\/uploads\/2026\/04\/quercetin-30-2000px-768x768-1.webp","width":768,"height":768},{"@type":"BreadcrumbList","@id":"https:\/\/www.lifenatura.com\/es\/produto\/quercetina-liposomal-125mg-60-capsulas-purovitalis\/#breadcrumb","itemListElement":[{"@type":"ListItem","position":1,"name":"In\u00edcio","item":"https:\/\/www.lifenatura.com\/es\/"},{"@type":"ListItem","position":2,"name":"Todos los Productos","item":"https:\/\/www.lifenatura.com\/es\/tienda\/"},{"@type":"ListItem","position":3,"name":"Quercetina Liposomal 125mg 30 C\u00e1psulas &#8211; Purovitalis"}]},{"@type":"WebSite","@id":"https:\/\/www.lifenatura.com\/es\/#website","url":"https:\/\/www.lifenatura.com\/es\/","name":"Lifenatura","description":"A Lifenatura \u00e9 uma loja de produtos naturais, cosm\u00e9tica natural e alimenta\u00e7\u00e3o Biol\u00f3gica.","publisher":{"@id":"https:\/\/www.lifenatura.com\/es\/#organization"},"potentialAction":[{"@type":"SearchAction","target":{"@type":"EntryPoint","urlTemplate":"https:\/\/www.lifenatura.com\/es\/?s={search_term_string}"},"query-input":{"@type":"PropertyValueSpecification","valueRequired":true,"valueName":"search_term_string"}}],"inLanguage":"es"},{"@type":"Organization","@id":"https:\/\/www.lifenatura.com\/es\/#organization","name":"Lifenatura","url":"https:\/\/www.lifenatura.com\/es\/","logo":{"@type":"ImageObject","inLanguage":"es","@id":"https:\/\/www.lifenatura.com\/es\/#\/schema\/logo\/image\/","url":"https:\/\/www.lifenatura.com\/wp-content\/uploads\/2021\/07\/logo.png","contentUrl":"https:\/\/www.lifenatura.com\/wp-content\/uploads\/2021\/07\/logo.png","width":175,"height":55,"caption":"Lifenatura"},"image":{"@id":"https:\/\/www.lifenatura.com\/es\/#\/schema\/logo\/image\/"},"sameAs":["https:\/\/www.facebook.com\/lifenatura","https:\/\/www.instagram.com\/lifenaturapt\/"],"hasMerchantReturnPolicy":{"@type":"MerchantReturnPolicy","merchantReturnLink":"https:\/\/www.lifenatura.com\/termos-condicoes-lifenatura\/"}}]},"product_price_amount":"34.29","product_price_currency":"EUR","og_availability":"instock","product_availability":"instock","product_retailer_item_id":"8720726160438","product_condition":"new"},"df_price":34.29,"df_sale_price":34.29,"df_regular_price":40.34,"df_image_link":"https:\/\/www.lifenatura.com\/wp-content\/uploads\/2026\/04\/quercetin-30-2000px-768x768-1-300x300.webp","_links":{"self":[{"href":"https:\/\/www.lifenatura.com\/es\/wp-json\/wp\/v2\/product\/85004","targetHints":{"allow":["GET"]}}],"collection":[{"href":"https:\/\/www.lifenatura.com\/es\/wp-json\/wp\/v2\/product"}],"about":[{"href":"https:\/\/www.lifenatura.com\/es\/wp-json\/wp\/v2\/types\/product"}],"wp:featuredmedia":[{"embeddable":true,"href":"https:\/\/www.lifenatura.com\/es\/wp-json\/wp\/v2\/media\/133665"}],"wp:attachment":[{"href":"https:\/\/www.lifenatura.com\/es\/wp-json\/wp\/v2\/media?parent=85004"}],"wp:term":[{"taxonomy":"product_brand","embeddable":true,"href":"https:\/\/www.lifenatura.com\/es\/wp-json\/wp\/v2\/product_brand?post=85004"},{"taxonomy":"product_cat","embeddable":true,"href":"https:\/\/www.lifenatura.com\/es\/wp-json\/wp\/v2\/product_cat?post=85004"},{"taxonomy":"product_tag","embeddable":true,"href":"https:\/\/www.lifenatura.com\/es\/wp-json\/wp\/v2\/product_tag?post=85004"}],"curies":[{"name":"wp","href":"https:\/\/api.w.org\/{rel}","templated":true}]}}