{"id":84898,"date":"2023-01-20T12:26:33","date_gmt":"2023-01-20T12:26:33","guid":{"rendered":"https:\/\/www.lifenatura.com\/produto\/enzimas-digestivas-90-comprimidos-ecogenetics\/"},"modified":"2026-04-04T00:41:18","modified_gmt":"2026-04-04T00:41:18","slug":"enzimas-digestivas-90-comprimidos-ecogenetics","status":"publish","type":"product","link":"https:\/\/www.lifenatura.com\/es\/produto\/enzimas-digestivas-90-comprimidos-ecogenetics\/","title":{"rendered":"Enzimas digestivas 90 comprimidos &#8211; Ecogenetics"},"content":{"rendered":"<h2 style=\"text-align: left;\">Las enzimas digestivas mejoran la absorci\u00f3n de nutrientes<\/h2>\n<p>&nbsp;<\/p>\n<p>Digestive Enzymes proporciona enzimas catal\u00edticamente activas que son espec\u00edficas para las grasas, los hidratos de carbono y las prote\u00ednas y que, en t\u00e9rminos de eficacia, son similares a las enzimas digestivas derivadas de la pancreasa. Este complemento alimenticio <strong>es ideal para todos aquellos que deseen completar su dieta con enzimas digestivas de origen no animal<\/strong>.<\/p>\n<p>Producidas principalmente en el p\u00e1ncreas y el intestino delgado, las enzimas digestivas ayudan a descomponer los alimentos en nutrientes para su posterior absorci\u00f3n por el organismo. Si no tenemos suficientes enzimas digestivas, no podemos desdoblarnos correctamente, lo que significa que aunque estemos comiendo bien, no estamos absorbiendo los nutrientes que necesitamos.<\/p>\n<p><strong>\u00bfQu\u00e9 puede hacer que las enzimas digestivas dejen de funcionar correctamente en el organismo?<\/strong><\/p>\n<ul>\n<li>Problemas pancre\u00e1ticos, como fibrosis qu\u00edstica, c\u00e1ncer de p\u00e1ncreas y pancreatitis aguda o cr\u00f3nica.<\/li>\n<li>Disfunci\u00f3n de las velocidades intestinales, siendo la m\u00e1s grave la enfermedad cel\u00edaca, en la que se destruyen las velocidades intestinales.<\/li>\n<li>Otras enfermedades, como la de Crohn, tambi\u00e9n pueden causar problemas graves.<\/li>\n<li>Estr\u00e9s cr\u00f3nico: es la causa m\u00e1s frecuente de problemas con las enzimas digestivas.<\/li>\n<\/ul>\n<p>La mejor forma de saber si debe tomar enzimas es mediante an\u00e1lisis de heces para evaluar lo bien que digiere los alimentos y lo bien que su p\u00e1ncreas produce enzimas digestivas.<\/p>\n<p>Otros s\u00edntomas que sugieren que puede tener problemas con sus enzimas digestivas son: gases e hinchaz\u00f3n despu\u00e9s de las comidas; sensaci\u00f3n de comida atascada en el est\u00f3mago (&#8220;como si tuviera una piedra&#8221;); sensaci\u00f3n de saciedad despu\u00e9s de comer s\u00f3lo unos pocos trozos de comida; alimentos sin digerir en las heces; y heces flotantes permanentes.<\/p>\n<p><strong>PRESENTACI\u00d3N<\/strong><\/p>\n<p>90 comprimidos<\/p>\n<p>&nbsp;<\/p>\n","protected":false},"excerpt":{"rendered":"<p>Digestive Enzymes proporciona enzimas muy eficaces, catal\u00edticamente activas, espec\u00edficas para la digesti\u00f3n de grasas, hidratos de carbono y prote\u00ednas. [&#8230;]<\/p>\n<p><a class=\"btn btn-secondary understrap-read-more-link\" href=\"https:\/\/www.lifenatura.com\/es\/produto\/enzimas-digestivas-90-comprimidos-ecogenetics\/\">Leer m\u00e1s&#8230;<span class=\"screen-reader-text\"> from Enzimas digestivas 90 comprimidos &#8211; Ecogenetics<\/span><\/a><\/p>\n","protected":false},"featured_media":58903,"template":"","meta":{"_acf_changed":false},"product_brand":[8496],"product_cat":[7253,7179],"product_tag":[],"class_list":{"0":"post-84898","1":"product","2":"type-product","3":"status-publish","4":"has-post-thumbnail","6":"product_brand-ecogenetics","7":"product_cat-digestion","8":"product_cat-salud","10":"first","11":"instock","12":"featured","13":"shipping-taxable","14":"purchasable","15":"product-type-simple","16":"add-to-wishlist-before_image"},"acf":[],"yoast_head":"<!-- This site is optimized with the Yoast SEO Premium plugin v27.1 (Yoast SEO v27.3) - https:\/\/yoast.com\/product\/yoast-seo-premium-wordpress\/ -->\n<title>Enzimas digestivas 90 comprimidos - Ecogenetics - Lifenatura<\/title>\n<meta name=\"description\" content=\"Compre aqui o seu Enzimas digestivas 90 comprimidos - Ecogenetics e a Lifenatura Online envia em 48 H com Portes Gratis &gt;35\u20ac de Pedido.\" \/>\n<meta name=\"robots\" content=\"index, follow, max-snippet:-1, max-image-preview:large, max-video-preview:-1\" \/>\n<link rel=\"canonical\" href=\"https:\/\/www.lifenatura.com\/es\/produto\/enzimas-digestivas-90-comprimidos-ecogenetics\/\" \/>\n<meta property=\"og:locale\" content=\"es_ES\" \/>\n<meta property=\"og:type\" content=\"article\" \/>\n<meta property=\"og:title\" content=\"Enzimas digestivas 90 comprimidos - Ecogenetics - Lifenatura\" \/>\n<meta property=\"og:description\" content=\"Compre aqui o seu Enzimas digestivas 90 comprimidos - Ecogenetics e a Lifenatura Online envia em 48 H com Portes Gratis &gt;35\u20ac de Pedido.\" \/>\n<meta property=\"og:url\" content=\"https:\/\/www.lifenatura.com\/es\/produto\/enzimas-digestivas-90-comprimidos-ecogenetics\/\" \/>\n<meta property=\"og:site_name\" content=\"Lifenatura\" \/>\n<meta property=\"article:publisher\" content=\"https:\/\/www.facebook.com\/lifenatura\" \/>\n<meta property=\"article:modified_time\" content=\"2026-04-04T00:41:18+00:00\" \/>\n<meta property=\"og:image\" content=\"https:\/\/www.lifenatura.com\/wp-content\/uploads\/2023\/01\/enzimas-digestivas-ecogenetics.jpg\" \/>\n\t<meta property=\"og:image:width\" content=\"1000\" \/>\n\t<meta property=\"og:image:height\" content=\"1000\" \/>\n\t<meta property=\"og:image:type\" content=\"image\/jpeg\" \/>\n<meta name=\"twitter:card\" content=\"summary_large_image\" \/>\n<meta name=\"twitter:label1\" content=\"Precio\" \/>\n\t<meta name=\"twitter:data1\" content=\"31,39&nbsp;&euro;\" \/>\n\t<meta name=\"twitter:label2\" content=\"Disponibilidad\" \/>\n\t<meta name=\"twitter:data2\" content=\"Disponible\" \/>\n<meta property=\"product:price:amount\" content=\"31.39\" \/>\n<meta property=\"product:price:currency\" content=\"EUR\" \/>\n<meta property=\"og:availability\" content=\"instock\" \/>\n<meta property=\"product:availability\" content=\"instock\" \/>\n<meta property=\"product:retailer_item_id\" content=\"5600283759173\" \/>\n<meta property=\"product:condition\" content=\"new\" \/>\n<!-- \/ Yoast SEO Premium plugin. -->","yoast_head_json":{"title":"Enzimas digestivas 90 comprimidos - Ecogenetics - Lifenatura","description":"Compre aqui o seu Enzimas digestivas 90 comprimidos - Ecogenetics e a Lifenatura Online envia em 48 H com Portes Gratis >35\u20ac de Pedido.","robots":{"index":"index","follow":"follow","max-snippet":"max-snippet:-1","max-image-preview":"max-image-preview:large","max-video-preview":"max-video-preview:-1"},"canonical":"https:\/\/www.lifenatura.com\/es\/produto\/enzimas-digestivas-90-comprimidos-ecogenetics\/","og_locale":"es_ES","og_type":"article","og_title":"Enzimas digestivas 90 comprimidos - Ecogenetics - Lifenatura","og_description":"Compre aqui o seu Enzimas digestivas 90 comprimidos - Ecogenetics e a Lifenatura Online envia em 48 H com Portes Gratis >35\u20ac de Pedido.","og_url":"https:\/\/www.lifenatura.com\/es\/produto\/enzimas-digestivas-90-comprimidos-ecogenetics\/","og_site_name":"Lifenatura","article_publisher":"https:\/\/www.facebook.com\/lifenatura","article_modified_time":"2026-04-04T00:41:18+00:00","og_image":[{"width":1000,"height":1000,"url":"https:\/\/www.lifenatura.com\/wp-content\/uploads\/2023\/01\/enzimas-digestivas-ecogenetics.jpg","type":"image\/jpeg"}],"twitter_card":"summary_large_image","twitter_misc":{"Precio":"31,39&nbsp;&euro;","Disponibilidad":"Disponible"},"schema":{"@context":"https:\/\/schema.org","@graph":[{"@type":"WebPage","@id":"https:\/\/www.lifenatura.com\/es\/produto\/enzimas-digestivas-90-comprimidos-ecogenetics\/","url":"https:\/\/www.lifenatura.com\/es\/produto\/enzimas-digestivas-90-comprimidos-ecogenetics\/","name":"Enzimas digestivas 90 comprimidos - Ecogenetics - Lifenatura","isPartOf":{"@id":"https:\/\/www.lifenatura.com\/es\/#website"},"primaryImageOfPage":{"@id":"https:\/\/www.lifenatura.com\/es\/produto\/enzimas-digestivas-90-comprimidos-ecogenetics\/#primaryimage"},"image":{"@id":"https:\/\/www.lifenatura.com\/es\/produto\/enzimas-digestivas-90-comprimidos-ecogenetics\/#primaryimage"},"thumbnailUrl":"https:\/\/www.lifenatura.com\/wp-content\/uploads\/2023\/01\/enzimas-digestivas-ecogenetics.jpg","datePublished":"2023-01-20T12:26:33+00:00","dateModified":"2026-04-04T00:41:18+00:00","description":"Compre aqui o seu Enzimas digestivas 90 comprimidos - Ecogenetics e a Lifenatura Online envia em 48 H com Portes Gratis >35\u20ac de Pedido.","breadcrumb":{"@id":"https:\/\/www.lifenatura.com\/es\/produto\/enzimas-digestivas-90-comprimidos-ecogenetics\/#breadcrumb"},"inLanguage":"es","potentialAction":[{"@type":"ReadAction","target":["https:\/\/www.lifenatura.com\/es\/produto\/enzimas-digestivas-90-comprimidos-ecogenetics\/"]}]},{"@type":"ImageObject","inLanguage":"es","@id":"https:\/\/www.lifenatura.com\/es\/produto\/enzimas-digestivas-90-comprimidos-ecogenetics\/#primaryimage","url":"https:\/\/www.lifenatura.com\/wp-content\/uploads\/2023\/01\/enzimas-digestivas-ecogenetics.jpg","contentUrl":"https:\/\/www.lifenatura.com\/wp-content\/uploads\/2023\/01\/enzimas-digestivas-ecogenetics.jpg","width":1000,"height":1000,"caption":"Enzimas digestivas ecogen\u00e9ticas"},{"@type":"BreadcrumbList","@id":"https:\/\/www.lifenatura.com\/es\/produto\/enzimas-digestivas-90-comprimidos-ecogenetics\/#breadcrumb","itemListElement":[{"@type":"ListItem","position":1,"name":"In\u00edcio","item":"https:\/\/www.lifenatura.com\/es\/"},{"@type":"ListItem","position":2,"name":"Todos los Productos","item":"https:\/\/www.lifenatura.com\/es\/tienda\/"},{"@type":"ListItem","position":3,"name":"Enzimas digestivas 90 comprimidos &#8211; Ecogenetics"}]},{"@type":"WebSite","@id":"https:\/\/www.lifenatura.com\/es\/#website","url":"https:\/\/www.lifenatura.com\/es\/","name":"Lifenatura","description":"A Lifenatura \u00e9 uma loja de produtos naturais, cosm\u00e9tica natural e alimenta\u00e7\u00e3o Biol\u00f3gica.","publisher":{"@id":"https:\/\/www.lifenatura.com\/es\/#organization"},"potentialAction":[{"@type":"SearchAction","target":{"@type":"EntryPoint","urlTemplate":"https:\/\/www.lifenatura.com\/es\/?s={search_term_string}"},"query-input":{"@type":"PropertyValueSpecification","valueRequired":true,"valueName":"search_term_string"}}],"inLanguage":"es"},{"@type":"Organization","@id":"https:\/\/www.lifenatura.com\/es\/#organization","name":"Lifenatura","url":"https:\/\/www.lifenatura.com\/es\/","logo":{"@type":"ImageObject","inLanguage":"es","@id":"https:\/\/www.lifenatura.com\/es\/#\/schema\/logo\/image\/","url":"https:\/\/www.lifenatura.com\/wp-content\/uploads\/2021\/11\/logo.png","contentUrl":"https:\/\/www.lifenatura.com\/wp-content\/uploads\/2021\/11\/logo.png","width":175,"height":55,"caption":"Lifenatura"},"image":{"@id":"https:\/\/www.lifenatura.com\/es\/#\/schema\/logo\/image\/"},"sameAs":["https:\/\/www.facebook.com\/lifenatura","https:\/\/www.instagram.com\/lifenaturapt\/"]}]},"product_price_amount":"31.39","product_price_currency":"EUR","og_availability":"instock","product_availability":"instock","product_retailer_item_id":"5600283759173","product_condition":"new"},"df_price":31.39,"df_sale_price":27.26,"df_regular_price":31.39,"df_image_link":"https:\/\/www.lifenatura.com\/wp-content\/uploads\/2023\/01\/enzimas-digestivas-ecogenetics-300x300.jpg","_links":{"self":[{"href":"https:\/\/www.lifenatura.com\/es\/wp-json\/wp\/v2\/product\/84898","targetHints":{"allow":["GET"]}}],"collection":[{"href":"https:\/\/www.lifenatura.com\/es\/wp-json\/wp\/v2\/product"}],"about":[{"href":"https:\/\/www.lifenatura.com\/es\/wp-json\/wp\/v2\/types\/product"}],"wp:featuredmedia":[{"embeddable":true,"href":"https:\/\/www.lifenatura.com\/es\/wp-json\/wp\/v2\/media\/58903"}],"wp:attachment":[{"href":"https:\/\/www.lifenatura.com\/es\/wp-json\/wp\/v2\/media?parent=84898"}],"wp:term":[{"taxonomy":"product_brand","embeddable":true,"href":"https:\/\/www.lifenatura.com\/es\/wp-json\/wp\/v2\/product_brand?post=84898"},{"taxonomy":"product_cat","embeddable":true,"href":"https:\/\/www.lifenatura.com\/es\/wp-json\/wp\/v2\/product_cat?post=84898"},{"taxonomy":"product_tag","embeddable":true,"href":"https:\/\/www.lifenatura.com\/es\/wp-json\/wp\/v2\/product_tag?post=84898"}],"curies":[{"name":"wp","href":"https:\/\/api.w.org\/{rel}","templated":true}]}}