{"id":84897,"date":"2023-01-19T21:05:53","date_gmt":"2023-01-19T21:05:53","guid":{"rendered":"https:\/\/www.lifenatura.com\/produto\/digestion-60-capsulas-ecogenetics\/"},"modified":"2026-04-05T00:50:55","modified_gmt":"2026-04-05T00:50:55","slug":"digestion-60-capsulas-ecogenetics","status":"publish","type":"product","link":"https:\/\/www.lifenatura.com\/es\/produto\/digestion-60-capsulas-ecogenetics\/","title":{"rendered":"Digesti\u00f3n 60 c\u00e1psulas &#8211; Ecogenetics"},"content":{"rendered":"<h2 style=\"text-align: left;\">Digesti\u00f3n para un sistema digestivo sano<\/h2>\n<p>&nbsp;<\/p>\n<p>La marca para la digesti\u00f3n Ecogenetics tiene una combinaci\u00f3n \u00fanica de probi\u00f3ticos, hierbas y nutrientes adicionales que ayudan a mantener un sistema digestivo sano.<\/p>\n<p>Adem\u00e1s de vitamina C y zinc, cada c\u00e1psula contiene una suave mezcla de prebi\u00f3ticos (fructooligosac\u00e1ridos FOS), NAG (N-acetilglucosamina), probi\u00f3ticos, aloe vera, menta piperita y jengibre, que..:<\/p>\n<ul>\n<li>Ayuda a reducir los s\u00edntomas de gases e hinchaz\u00f3n<\/li>\n<li>Ayuda a prevenir los antojos de comida descontrolados<\/li>\n<li>Favorece y regulariza la funci\u00f3n intestinal<\/li>\n<li>Bloquea las lectinas (prote\u00ednas presentes en algunos alimentos que interfieren con la digesti\u00f3n y la salud en general)<\/li>\n<\/ul>\n<p>Por todas estas razones, Digestion puede ser un complemento nutricional ideal para las personas que desean apoyar su funci\u00f3n digestiva y regular la funci\u00f3n intestinal.<\/p>\n<p><strong>PRESENTACI\u00d3N<\/strong><\/p>\n<p>60 c\u00e1psulas<\/p>\n<p>&nbsp;<\/p>\n","protected":false},"excerpt":{"rendered":"<p>Digesti\u00f3n tiene una combinaci\u00f3n \u00fanica de probi\u00f3ticos, prebi\u00f3ticos, hierbas y nutrientes adicionales que ayudan a mantener un sistema digestivo sano. [&#8230;]<\/p>\n<p><a class=\"btn btn-secondary understrap-read-more-link\" href=\"https:\/\/www.lifenatura.com\/es\/produto\/digestion-60-capsulas-ecogenetics\/\">Leer m\u00e1s&#8230;<span class=\"screen-reader-text\"> from Digesti\u00f3n 60 c\u00e1psulas &#8211; Ecogenetics<\/span><\/a><\/p>\n","protected":false},"featured_media":58787,"template":"","meta":{"_acf_changed":false},"product_brand":[8496],"product_cat":[7253,7179],"product_tag":[],"class_list":{"0":"post-84897","1":"product","2":"type-product","3":"status-publish","4":"has-post-thumbnail","6":"product_brand-ecogenetics","7":"product_cat-digestion","8":"product_cat-salud","10":"first","11":"instock","12":"featured","13":"shipping-taxable","14":"purchasable","15":"product-type-simple","16":"add-to-wishlist-before_image"},"acf":[],"yoast_head":"<!-- This site is optimized with the Yoast SEO Premium plugin v27.1 (Yoast SEO v27.3) - https:\/\/yoast.com\/product\/yoast-seo-premium-wordpress\/ -->\n<title>Digesti\u00f3n 60 c\u00e1psulas - Ecogenetics - Lifenatura<\/title>\n<meta name=\"description\" content=\"Digestion tiene una combinaci\u00f3n \u00fanica de probi\u00f3ticos, prebi\u00f3ticos, hierbas y nutrientes adicionales que ayudan a mantener un sistema digestivo sano.\" \/>\n<meta name=\"robots\" content=\"index, follow, max-snippet:-1, max-image-preview:large, max-video-preview:-1\" \/>\n<link rel=\"canonical\" href=\"https:\/\/www.lifenatura.com\/es\/produto\/digestion-60-capsulas-ecogenetics\/\" \/>\n<meta property=\"og:locale\" content=\"es_ES\" \/>\n<meta property=\"og:type\" content=\"article\" \/>\n<meta property=\"og:title\" content=\"Digesti\u00f3n 60 c\u00e1psulas - Ecogenetics - Lifenatura\" \/>\n<meta property=\"og:description\" content=\"Compre aqui o seu Digesti\u00f3n 60 c\u00e1psulas - Ecogenetics e a Lifenatura Online envia em 48 H com Portes Gratis &gt;35\u20ac de Pedido.\" \/>\n<meta property=\"og:url\" content=\"https:\/\/www.lifenatura.com\/es\/produto\/digestion-60-capsulas-ecogenetics\/\" \/>\n<meta property=\"og:site_name\" content=\"Lifenatura\" \/>\n<meta property=\"article:publisher\" content=\"https:\/\/www.facebook.com\/lifenatura\" \/>\n<meta property=\"article:modified_time\" content=\"2026-04-05T00:50:55+00:00\" \/>\n<meta property=\"og:image\" content=\"https:\/\/www.lifenatura.com\/wp-content\/uploads\/2023\/01\/digestao-ecogenetics.jpg\" \/>\n\t<meta property=\"og:image:width\" content=\"1000\" \/>\n\t<meta property=\"og:image:height\" content=\"1000\" \/>\n\t<meta property=\"og:image:type\" content=\"image\/jpeg\" \/>\n<meta name=\"twitter:card\" content=\"summary_large_image\" \/>\n<meta name=\"twitter:label1\" content=\"Precio\" \/>\n\t<meta name=\"twitter:data1\" content=\"23,73&nbsp;&euro;\" \/>\n\t<meta name=\"twitter:label2\" content=\"Disponibilidad\" \/>\n\t<meta name=\"twitter:data2\" content=\"Disponible\" \/>\n<meta property=\"product:price:amount\" content=\"23.73\" \/>\n<meta property=\"product:price:currency\" content=\"EUR\" \/>\n<meta property=\"og:availability\" content=\"instock\" \/>\n<meta property=\"product:availability\" content=\"instock\" \/>\n<meta property=\"product:retailer_item_id\" content=\"5600283759159\" \/>\n<meta property=\"product:condition\" content=\"new\" \/>\n<!-- \/ Yoast SEO Premium plugin. -->","yoast_head_json":{"title":"Digesti\u00f3n 60 c\u00e1psulas - Ecogenetics - Lifenatura","description":"Digestion tiene una combinaci\u00f3n \u00fanica de probi\u00f3ticos, prebi\u00f3ticos, hierbas y nutrientes adicionales que ayudan a mantener un sistema digestivo sano.","robots":{"index":"index","follow":"follow","max-snippet":"max-snippet:-1","max-image-preview":"max-image-preview:large","max-video-preview":"max-video-preview:-1"},"canonical":"https:\/\/www.lifenatura.com\/es\/produto\/digestion-60-capsulas-ecogenetics\/","og_locale":"es_ES","og_type":"article","og_title":"Digesti\u00f3n 60 c\u00e1psulas - Ecogenetics - Lifenatura","og_description":"Compre aqui o seu Digesti\u00f3n 60 c\u00e1psulas - Ecogenetics e a Lifenatura Online envia em 48 H com Portes Gratis >35\u20ac de Pedido.","og_url":"https:\/\/www.lifenatura.com\/es\/produto\/digestion-60-capsulas-ecogenetics\/","og_site_name":"Lifenatura","article_publisher":"https:\/\/www.facebook.com\/lifenatura","article_modified_time":"2026-04-05T00:50:55+00:00","og_image":[{"width":1000,"height":1000,"url":"https:\/\/www.lifenatura.com\/wp-content\/uploads\/2023\/01\/digestao-ecogenetics.jpg","type":"image\/jpeg"}],"twitter_card":"summary_large_image","twitter_misc":{"Precio":"23,73&nbsp;&euro;","Disponibilidad":"Disponible"},"schema":{"@context":"https:\/\/schema.org","@graph":[{"@type":"WebPage","@id":"https:\/\/www.lifenatura.com\/es\/produto\/digestion-60-capsulas-ecogenetics\/","url":"https:\/\/www.lifenatura.com\/es\/produto\/digestion-60-capsulas-ecogenetics\/","name":"Digesti\u00f3n 60 c\u00e1psulas - Ecogenetics - Lifenatura","isPartOf":{"@id":"https:\/\/www.lifenatura.com\/es\/#website"},"primaryImageOfPage":{"@id":"https:\/\/www.lifenatura.com\/es\/produto\/digestion-60-capsulas-ecogenetics\/#primaryimage"},"image":{"@id":"https:\/\/www.lifenatura.com\/es\/produto\/digestion-60-capsulas-ecogenetics\/#primaryimage"},"thumbnailUrl":"https:\/\/www.lifenatura.com\/wp-content\/uploads\/2023\/01\/digestao-ecogenetics.jpg","datePublished":"2023-01-19T21:05:53+00:00","dateModified":"2026-04-05T00:50:55+00:00","description":"Digestion tiene una combinaci\u00f3n \u00fanica de probi\u00f3ticos, prebi\u00f3ticos, hierbas y nutrientes adicionales que ayudan a mantener un sistema digestivo sano.","breadcrumb":{"@id":"https:\/\/www.lifenatura.com\/es\/produto\/digestion-60-capsulas-ecogenetics\/#breadcrumb"},"inLanguage":"es","potentialAction":[{"@type":"ReadAction","target":["https:\/\/www.lifenatura.com\/es\/produto\/digestion-60-capsulas-ecogenetics\/"]}]},{"@type":"ImageObject","inLanguage":"es","@id":"https:\/\/www.lifenatura.com\/es\/produto\/digestion-60-capsulas-ecogenetics\/#primaryimage","url":"https:\/\/www.lifenatura.com\/wp-content\/uploads\/2023\/01\/digestao-ecogenetics.jpg","contentUrl":"https:\/\/www.lifenatura.com\/wp-content\/uploads\/2023\/01\/digestao-ecogenetics.jpg","width":1000,"height":1000,"caption":"Ecogen\u00e9tica marca digesti\u00f3n"},{"@type":"BreadcrumbList","@id":"https:\/\/www.lifenatura.com\/es\/produto\/digestion-60-capsulas-ecogenetics\/#breadcrumb","itemListElement":[{"@type":"ListItem","position":1,"name":"In\u00edcio","item":"https:\/\/www.lifenatura.com\/es\/"},{"@type":"ListItem","position":2,"name":"Todos los Productos","item":"https:\/\/www.lifenatura.com\/es\/tienda\/"},{"@type":"ListItem","position":3,"name":"Digesti\u00f3n 60 c\u00e1psulas &#8211; Ecogenetics"}]},{"@type":"WebSite","@id":"https:\/\/www.lifenatura.com\/es\/#website","url":"https:\/\/www.lifenatura.com\/es\/","name":"Lifenatura","description":"A Lifenatura \u00e9 uma loja de produtos naturais, cosm\u00e9tica natural e alimenta\u00e7\u00e3o Biol\u00f3gica.","publisher":{"@id":"https:\/\/www.lifenatura.com\/es\/#organization"},"potentialAction":[{"@type":"SearchAction","target":{"@type":"EntryPoint","urlTemplate":"https:\/\/www.lifenatura.com\/es\/?s={search_term_string}"},"query-input":{"@type":"PropertyValueSpecification","valueRequired":true,"valueName":"search_term_string"}}],"inLanguage":"es"},{"@type":"Organization","@id":"https:\/\/www.lifenatura.com\/es\/#organization","name":"Lifenatura","url":"https:\/\/www.lifenatura.com\/es\/","logo":{"@type":"ImageObject","inLanguage":"es","@id":"https:\/\/www.lifenatura.com\/es\/#\/schema\/logo\/image\/","url":"https:\/\/www.lifenatura.com\/wp-content\/uploads\/2021\/11\/logo.png","contentUrl":"https:\/\/www.lifenatura.com\/wp-content\/uploads\/2021\/11\/logo.png","width":175,"height":55,"caption":"Lifenatura"},"image":{"@id":"https:\/\/www.lifenatura.com\/es\/#\/schema\/logo\/image\/"},"sameAs":["https:\/\/www.facebook.com\/lifenatura","https:\/\/www.instagram.com\/lifenaturapt\/"]}]},"product_price_amount":"23.73","product_price_currency":"EUR","og_availability":"instock","product_availability":"instock","product_retailer_item_id":"5600283759159","product_condition":"new"},"df_price":23.73,"df_sale_price":20.61,"df_regular_price":23.73,"df_image_link":"https:\/\/www.lifenatura.com\/wp-content\/uploads\/2023\/01\/digestao-ecogenetics-300x300.jpg","_links":{"self":[{"href":"https:\/\/www.lifenatura.com\/es\/wp-json\/wp\/v2\/product\/84897","targetHints":{"allow":["GET"]}}],"collection":[{"href":"https:\/\/www.lifenatura.com\/es\/wp-json\/wp\/v2\/product"}],"about":[{"href":"https:\/\/www.lifenatura.com\/es\/wp-json\/wp\/v2\/types\/product"}],"wp:featuredmedia":[{"embeddable":true,"href":"https:\/\/www.lifenatura.com\/es\/wp-json\/wp\/v2\/media\/58787"}],"wp:attachment":[{"href":"https:\/\/www.lifenatura.com\/es\/wp-json\/wp\/v2\/media?parent=84897"}],"wp:term":[{"taxonomy":"product_brand","embeddable":true,"href":"https:\/\/www.lifenatura.com\/es\/wp-json\/wp\/v2\/product_brand?post=84897"},{"taxonomy":"product_cat","embeddable":true,"href":"https:\/\/www.lifenatura.com\/es\/wp-json\/wp\/v2\/product_cat?post=84897"},{"taxonomy":"product_tag","embeddable":true,"href":"https:\/\/www.lifenatura.com\/es\/wp-json\/wp\/v2\/product_tag?post=84897"}],"curies":[{"name":"wp","href":"https:\/\/api.w.org\/{rel}","templated":true}]}}