{"id":84892,"date":"2023-01-22T16:20:09","date_gmt":"2023-01-22T16:20:09","guid":{"rendered":"https:\/\/www.lifenatura.com\/produto\/multinutrientes-60-capsulas-ecogenetics\/"},"modified":"2024-02-09T14:07:13","modified_gmt":"2024-02-09T14:07:13","slug":"multinutrientes-60-capsulas-ecogenetics","status":"publish","type":"product","link":"https:\/\/www.lifenatura.com\/es\/produto\/multinutrientes-60-capsulas-ecogenetics\/","title":{"rendered":"Multinutrientes 60 c\u00e1psulas &#8211; Ecogenetics"},"content":{"rendered":"<h2 style=\"text-align: left;\">Multinutrientes: vitaminas y nutrientes esenciales<\/h2>\n<p>&nbsp;<\/p>\n<p>Multinutrientes es un suplemento dise\u00f1ado para cubrir las necesidades nutricionales diarias de las personas muy activas, aport\u00e1ndoles una serie de beneficios:<\/p>\n<ul>\n<li>aumento de la energ\u00eda,<\/li>\n<li>protecci\u00f3n del organismo frente a la acci\u00f3n de los radicales libres<\/li>\n<li>mejorar su estado general de salud para vivir con m\u00e1s energ\u00eda y vitalidad.<\/li>\n<\/ul>\n<p>Su f\u00f3rmula contiene un conjunto de vitaminas y minerales con antioxidantes que act\u00faan sin\u00e9rgicamente para proporcionar una mayor biodisponibilidad.<\/p>\n<p>Gracias a un cuidadoso desarrollo por parte de expertos en nutrici\u00f3n ortomolecular, Multinutrientes contiene las proporciones correctas de vitaminas, minerales, oligoelementos y otros nutrientes, sin peligro de acumular efectos t\u00f3xicos o de otro tipo.<\/p>\n<p>Cada ingrediente se seleccion\u00f3 teniendo en cuenta su capacidad de absorci\u00f3n, su relaci\u00f3n competitiva con otros nutrientes, su potencial alerg\u00e9nico y su seguridad a largo plazo.<\/p>\n<p>Ciertos nutrientes como el betacaroteno, la vitamina C, la vitamina E y las vitaminas del grupo B se incluyen en cantidades de alta potencia debido a las funciones vitales que desempe\u00f1an en la protecci\u00f3n antioxidante, la producci\u00f3n de energ\u00eda, el mantenimiento de c\u00e9lulas sangu\u00edneas sanas, el sistema nervioso, el equilibrio hormonal y mucho m\u00e1s.<\/p>\n<p><strong>PRESENTACI\u00d3N<\/strong><\/p>\n<p>60 c\u00e1psulas<\/p>\n<p>&nbsp;<\/p>\n","protected":false},"excerpt":{"rendered":"<p>Multinutrientes es un suplemento dise\u00f1ado para cubrir las necesidades nutricionales diarias de las personas muy activas, aport\u00e1ndoles una serie de beneficios. [&#8230;]<\/p>\n<p><a class=\"btn btn-secondary understrap-read-more-link\" href=\"https:\/\/www.lifenatura.com\/es\/produto\/multinutrientes-60-capsulas-ecogenetics\/\">Leer m\u00e1s&#8230;<span class=\"screen-reader-text\"> from Multinutrientes 60 c\u00e1psulas &#8211; Ecogenetics<\/span><\/a><\/p>\n","protected":false},"featured_media":58809,"template":"","meta":{"_acf_changed":false},"product_brand":[8496],"product_cat":[7259,7179,7883],"product_tag":[],"class_list":{"0":"post-84892","1":"product","2":"type-product","3":"status-publish","4":"has-post-thumbnail","6":"product_brand-ecogenetics","7":"product_cat-vitaminas-y-minerales","8":"product_cat-salud","9":"product_cat-suplementos-alimenticios","11":"first","12":"instock","13":"sale","14":"featured","15":"shipping-taxable","16":"purchasable","17":"product-type-simple","18":"add-to-wishlist-before_image"},"acf":[],"yoast_head":"<!-- This site is optimized with the Yoast SEO Premium plugin v27.1 (Yoast SEO v27.4) - https:\/\/yoast.com\/product\/yoast-seo-premium-wordpress\/ -->\n<title>Multinutrientes 60 c\u00e1psulas - Ecogenetics - Lifenatura<\/title>\n<meta name=\"description\" content=\"Multinutrientes un suplemento dise\u00f1ado para cubrir las necesidades nutricionales diarias de las personas muy activas, aport\u00e1ndoles una serie de beneficios.\" \/>\n<meta name=\"robots\" content=\"index, follow, max-snippet:-1, max-image-preview:large, max-video-preview:-1\" \/>\n<link rel=\"canonical\" href=\"https:\/\/www.lifenatura.com\/es\/produto\/multinutrientes-60-capsulas-ecogenetics\/\" \/>\n<meta property=\"og:locale\" content=\"es_ES\" \/>\n<meta property=\"og:type\" content=\"article\" \/>\n<meta property=\"og:title\" content=\"Multinutrientes 60 c\u00e1psulas - Ecogenetics - Lifenatura\" \/>\n<meta property=\"og:description\" content=\"Compre aqui o seu Multinutrientes 60 c\u00e1psulas - Ecogenetics e a Lifenatura Online envia em 48 H com Portes Gratis &gt;35\u20ac de Pedido.\" \/>\n<meta property=\"og:url\" content=\"https:\/\/www.lifenatura.com\/es\/produto\/multinutrientes-60-capsulas-ecogenetics\/\" \/>\n<meta property=\"og:site_name\" content=\"Lifenatura\" \/>\n<meta property=\"article:publisher\" content=\"https:\/\/www.facebook.com\/lifenatura\" \/>\n<meta property=\"article:modified_time\" content=\"2024-02-09T14:07:13+00:00\" \/>\n<meta property=\"og:image\" content=\"https:\/\/www.lifenatura.com\/wp-content\/uploads\/2023\/01\/multinutrientes-ecogenetics.jpg\" \/>\n\t<meta property=\"og:image:width\" content=\"1000\" \/>\n\t<meta property=\"og:image:height\" content=\"1000\" \/>\n\t<meta property=\"og:image:type\" content=\"image\/jpeg\" \/>\n<meta name=\"twitter:card\" content=\"summary_large_image\" \/>\n<meta name=\"twitter:label1\" content=\"Precio\" \/>\n\t<meta name=\"twitter:data1\" content=\"42,83&nbsp;&euro;\" \/>\n\t<meta name=\"twitter:label2\" content=\"Disponibilidad\" \/>\n\t<meta name=\"twitter:data2\" content=\"Disponible\" \/>\n<meta property=\"product:price:amount\" content=\"42.83\" \/>\n<meta property=\"product:price:currency\" content=\"EUR\" \/>\n<meta property=\"og:availability\" content=\"instock\" \/>\n<meta property=\"product:availability\" content=\"instock\" \/>\n<meta property=\"product:retailer_item_id\" content=\"5600283759234\" \/>\n<meta property=\"product:condition\" content=\"new\" \/>\n<!-- \/ Yoast SEO Premium plugin. -->","yoast_head_json":{"title":"Multinutrientes 60 c\u00e1psulas - Ecogenetics - Lifenatura","description":"Multinutrientes un suplemento dise\u00f1ado para cubrir las necesidades nutricionales diarias de las personas muy activas, aport\u00e1ndoles una serie de beneficios.","robots":{"index":"index","follow":"follow","max-snippet":"max-snippet:-1","max-image-preview":"max-image-preview:large","max-video-preview":"max-video-preview:-1"},"canonical":"https:\/\/www.lifenatura.com\/es\/produto\/multinutrientes-60-capsulas-ecogenetics\/","og_locale":"es_ES","og_type":"article","og_title":"Multinutrientes 60 c\u00e1psulas - Ecogenetics - Lifenatura","og_description":"Compre aqui o seu Multinutrientes 60 c\u00e1psulas - Ecogenetics e a Lifenatura Online envia em 48 H com Portes Gratis >35\u20ac de Pedido.","og_url":"https:\/\/www.lifenatura.com\/es\/produto\/multinutrientes-60-capsulas-ecogenetics\/","og_site_name":"Lifenatura","article_publisher":"https:\/\/www.facebook.com\/lifenatura","article_modified_time":"2024-02-09T14:07:13+00:00","og_image":[{"width":1000,"height":1000,"url":"https:\/\/www.lifenatura.com\/wp-content\/uploads\/2023\/01\/multinutrientes-ecogenetics.jpg","type":"image\/jpeg"}],"twitter_card":"summary_large_image","twitter_misc":{"Precio":"42,83&nbsp;&euro;","Disponibilidad":"Disponible"},"schema":{"@context":"https:\/\/schema.org","@graph":[{"@type":"WebPage","@id":"https:\/\/www.lifenatura.com\/es\/produto\/multinutrientes-60-capsulas-ecogenetics\/","url":"https:\/\/www.lifenatura.com\/es\/produto\/multinutrientes-60-capsulas-ecogenetics\/","name":"Multinutrientes 60 c\u00e1psulas - Ecogenetics - Lifenatura","isPartOf":{"@id":"https:\/\/www.lifenatura.com\/es\/#website"},"primaryImageOfPage":{"@id":"https:\/\/www.lifenatura.com\/es\/produto\/multinutrientes-60-capsulas-ecogenetics\/#primaryimage"},"image":{"@id":"https:\/\/www.lifenatura.com\/es\/produto\/multinutrientes-60-capsulas-ecogenetics\/#primaryimage"},"thumbnailUrl":"https:\/\/www.lifenatura.com\/wp-content\/uploads\/2023\/01\/multinutrientes-ecogenetics.jpg","datePublished":"2023-01-22T16:20:09+00:00","dateModified":"2024-02-09T14:07:13+00:00","description":"Multinutrientes un suplemento dise\u00f1ado para cubrir las necesidades nutricionales diarias de las personas muy activas, aport\u00e1ndoles una serie de beneficios.","breadcrumb":{"@id":"https:\/\/www.lifenatura.com\/es\/produto\/multinutrientes-60-capsulas-ecogenetics\/#breadcrumb"},"inLanguage":"es","potentialAction":[{"@type":"ReadAction","target":["https:\/\/www.lifenatura.com\/es\/produto\/multinutrientes-60-capsulas-ecogenetics\/"]}]},{"@type":"ImageObject","inLanguage":"es","@id":"https:\/\/www.lifenatura.com\/es\/produto\/multinutrientes-60-capsulas-ecogenetics\/#primaryimage","url":"https:\/\/www.lifenatura.com\/wp-content\/uploads\/2023\/01\/multinutrientes-ecogenetics.jpg","contentUrl":"https:\/\/www.lifenatura.com\/wp-content\/uploads\/2023\/01\/multinutrientes-ecogenetics.jpg","width":1000,"height":1000,"caption":"Multinutrientes de la marca ecogenetics"},{"@type":"BreadcrumbList","@id":"https:\/\/www.lifenatura.com\/es\/produto\/multinutrientes-60-capsulas-ecogenetics\/#breadcrumb","itemListElement":[{"@type":"ListItem","position":1,"name":"In\u00edcio","item":"https:\/\/www.lifenatura.com\/es\/"},{"@type":"ListItem","position":2,"name":"Todos los Productos","item":"https:\/\/www.lifenatura.com\/es\/tienda\/"},{"@type":"ListItem","position":3,"name":"Multinutrientes 60 c\u00e1psulas &#8211; Ecogenetics"}]},{"@type":"WebSite","@id":"https:\/\/www.lifenatura.com\/es\/#website","url":"https:\/\/www.lifenatura.com\/es\/","name":"Lifenatura","description":"A Lifenatura \u00e9 uma loja de produtos naturais, cosm\u00e9tica natural e alimenta\u00e7\u00e3o Biol\u00f3gica.","publisher":{"@id":"https:\/\/www.lifenatura.com\/es\/#organization"},"potentialAction":[{"@type":"SearchAction","target":{"@type":"EntryPoint","urlTemplate":"https:\/\/www.lifenatura.com\/es\/?s={search_term_string}"},"query-input":{"@type":"PropertyValueSpecification","valueRequired":true,"valueName":"search_term_string"}}],"inLanguage":"es"},{"@type":"Organization","@id":"https:\/\/www.lifenatura.com\/es\/#organization","name":"Lifenatura","url":"https:\/\/www.lifenatura.com\/es\/","logo":{"@type":"ImageObject","inLanguage":"es","@id":"https:\/\/www.lifenatura.com\/es\/#\/schema\/logo\/image\/","url":"https:\/\/www.lifenatura.com\/wp-content\/uploads\/2021\/11\/logo.png","contentUrl":"https:\/\/www.lifenatura.com\/wp-content\/uploads\/2021\/11\/logo.png","width":175,"height":55,"caption":"Lifenatura"},"image":{"@id":"https:\/\/www.lifenatura.com\/es\/#\/schema\/logo\/image\/"},"sameAs":["https:\/\/www.facebook.com\/lifenatura","https:\/\/www.instagram.com\/lifenaturapt\/"]}]},"product_price_amount":"42.83","product_price_currency":"EUR","og_availability":"instock","product_availability":"instock","product_retailer_item_id":"5600283759234","product_condition":"new"},"df_price":42.83,"df_sale_price":42.83,"df_regular_price":49.32,"df_image_link":"https:\/\/www.lifenatura.com\/wp-content\/uploads\/2023\/01\/multinutrientes-ecogenetics-300x300.jpg","_links":{"self":[{"href":"https:\/\/www.lifenatura.com\/es\/wp-json\/wp\/v2\/product\/84892","targetHints":{"allow":["GET"]}}],"collection":[{"href":"https:\/\/www.lifenatura.com\/es\/wp-json\/wp\/v2\/product"}],"about":[{"href":"https:\/\/www.lifenatura.com\/es\/wp-json\/wp\/v2\/types\/product"}],"wp:featuredmedia":[{"embeddable":true,"href":"https:\/\/www.lifenatura.com\/es\/wp-json\/wp\/v2\/media\/58809"}],"wp:attachment":[{"href":"https:\/\/www.lifenatura.com\/es\/wp-json\/wp\/v2\/media?parent=84892"}],"wp:term":[{"taxonomy":"product_brand","embeddable":true,"href":"https:\/\/www.lifenatura.com\/es\/wp-json\/wp\/v2\/product_brand?post=84892"},{"taxonomy":"product_cat","embeddable":true,"href":"https:\/\/www.lifenatura.com\/es\/wp-json\/wp\/v2\/product_cat?post=84892"},{"taxonomy":"product_tag","embeddable":true,"href":"https:\/\/www.lifenatura.com\/es\/wp-json\/wp\/v2\/product_tag?post=84892"}],"curies":[{"name":"wp","href":"https:\/\/api.w.org\/{rel}","templated":true}]}}