{"id":84886,"date":"2023-01-22T11:48:41","date_gmt":"2023-01-22T11:48:41","guid":{"rendered":"https:\/\/www.lifenatura.com\/produto\/mineral-118-ml-ecogenetica\/"},"modified":"2026-04-10T01:32:44","modified_gmt":"2026-04-10T01:32:44","slug":"mineral-118-ml-ecogenetica","status":"publish","type":"product","link":"https:\/\/www.lifenatura.com\/es\/produto\/mineral-118-ml-ecogenetica\/","title":{"rendered":"Mineral 118 ML &#8211; Ecogen\u00e9tica"},"content":{"rendered":"<h2 style=\"text-align: left;\">Mineral 118 ML, un complejo potente y vers\u00e1til<\/h2>\n<p>&nbsp;<\/p>\n<p>Ecogenetics Mineral es un incre\u00edble complejo de m\u00e1s de 72 minerales i\u00f3nicos hechos por la Madre Naturaleza. Adem\u00e1s de aportar a nuestro organismo todos los minerales que necesita, es un fenomenal regulador natural del pH.<\/p>\n<p>Los minerales i\u00f3nicos de Mineral\u00ae tambi\u00e9n tienen el extraordinario poder de mantener y mejorar el equilibrio del pH en todo el organismo. Este equilibrio \u00e1cido-base del organismo es fundamental para prevenir las enfermedades degenerativas.<\/p>\n<ul>\n<li><strong>Reposici\u00f3n de electrolitos<\/strong> &#8211; m\u00e1s energ\u00eda, m\u00e1s vitalidad, reponiendo los electrolitos del cuerpo. Los minerales solubles (electrolitos) son los que conducen la energ\u00eda el\u00e9ctrica del cuerpo.<\/li>\n<li><strong>Equilibrio del pH<\/strong> &#8211; Los nutrientes m\u00e1s importantes de nuestro organismo para mantener el equilibrio \u00e1cido-base son los minerales, como los que se encuentran en MINERAL\u00ae.<\/li>\n<li><strong>Mascotas<\/strong>: \u00bfse ha dado cuenta de que su mascota a veces se come la hierba o la basura? Es m\u00e1s que probable que a su mascota le falten minerales esenciales. A\u00f1adir MINERAL\u00ae al agua de su mascota es la forma de reponer estos minerales y acabar con estos malos h\u00e1bitos.<\/li>\n<li><strong>Atletas y rendimiento &#8211;<\/strong> hay muchos estudios que demuestran un claro aumento del rendimiento en los atletas cuando se suplementan con electrolitos.<\/li>\n<li>Culturismo<strong>:<\/strong> se ha demostrado que la reposici\u00f3n de electrolitos como los presentes en MINERAL\u00ae aumenta la fuerza y el rendimiento y reduce las lesiones en culturistas.<\/li>\n<li><strong>Magnesio<\/strong> &#8211; MINERAL\u00ae ofrece altas dosis de cloruro de magnesio, que es natural, de la m\u00e1s alta calidad y uno de los m\u00e1s f\u00e1cilmente asimilables por el organismo.<\/li>\n<li><strong>Cocinar<\/strong>: los estudios han demostrado el agotamiento de los minerales en nuestros suelos durante d\u00e9cadas. De ello se deduce que no estamos obteniendo los minerales que necesitamos de los alimentos que comemos. MINERAL\u00ae remineraliza estos alimentos y les a\u00f1ade sabor.<\/li>\n<\/ul>\n<p><strong>PRESENTACI\u00d3N<\/strong><\/p>\n<p>Envase de 118 ml<\/p>\n<p>&nbsp;<\/p>\n","protected":false},"excerpt":{"rendered":"<p>Ecogenetics Mineral es un complemento alimenticio \u00fatil para quienes deseen complementar su dieta con este incre\u00edble complejo de m\u00e1s de 72 minerales i\u00f3nicos. [&#8230;]<\/p>\n<p><a class=\"btn btn-secondary understrap-read-more-link\" href=\"https:\/\/www.lifenatura.com\/es\/produto\/mineral-118-ml-ecogenetica\/\">Leer m\u00e1s&#8230;<span class=\"screen-reader-text\"> from Mineral 118 ML &#8211; Ecogen\u00e9tica<\/span><\/a><\/p>\n","protected":false},"featured_media":58807,"template":"","meta":{"_acf_changed":false},"product_brand":[8496],"product_cat":[7259,7179,7883,7273],"product_tag":[],"class_list":{"0":"post-84886","1":"product","2":"type-product","3":"status-publish","4":"has-post-thumbnail","6":"product_brand-ecogenetics","7":"product_cat-vitaminas-y-minerales","8":"product_cat-salud","9":"product_cat-suplementos-alimenticios","10":"product_cat-top-10-ventas","12":"first","13":"instock","14":"featured","15":"shipping-taxable","16":"purchasable","17":"product-type-simple","18":"add-to-wishlist-before_image"},"acf":[],"yoast_head":"<!-- This site is optimized with the Yoast SEO Premium plugin v27.1 (Yoast SEO v27.3) - https:\/\/yoast.com\/product\/yoast-seo-premium-wordpress\/ -->\n<title>Mineral 118 ML - Ecogen\u00e9tica - Lifenatura<\/title>\n<meta name=\"description\" content=\"Ecogenetics Mineral es un complemento alimenticio \u00fatil para quienes deseen complementar su dieta con este incre\u00edble complejo de m\u00e1s de 72 minerales i\u00f3nicos.\" \/>\n<meta name=\"robots\" content=\"index, follow, max-snippet:-1, max-image-preview:large, max-video-preview:-1\" \/>\n<link rel=\"canonical\" href=\"https:\/\/www.lifenatura.com\/es\/produto\/mineral-118-ml-ecogenetica\/\" \/>\n<meta property=\"og:locale\" content=\"es_ES\" \/>\n<meta property=\"og:type\" content=\"article\" \/>\n<meta property=\"og:title\" content=\"Mineral 118 ML - Ecogen\u00e9tica - Lifenatura\" \/>\n<meta property=\"og:description\" content=\"Compre aqui o seu Mineral 118 ML - Ecogen\u00e9tica e a Lifenatura Online envia em 48 H com Portes Gratis &gt;35\u20ac de Pedido.\" \/>\n<meta property=\"og:url\" content=\"https:\/\/www.lifenatura.com\/es\/produto\/mineral-118-ml-ecogenetica\/\" \/>\n<meta property=\"og:site_name\" content=\"Lifenatura\" \/>\n<meta property=\"article:publisher\" content=\"https:\/\/www.facebook.com\/lifenatura\" \/>\n<meta property=\"article:modified_time\" content=\"2026-04-10T01:32:44+00:00\" \/>\n<meta property=\"og:image\" content=\"https:\/\/www.lifenatura.com\/wp-content\/uploads\/2023\/01\/mineral-ecogenetics.jpg\" \/>\n\t<meta property=\"og:image:width\" content=\"1000\" \/>\n\t<meta property=\"og:image:height\" content=\"1000\" \/>\n\t<meta property=\"og:image:type\" content=\"image\/jpeg\" \/>\n<meta name=\"twitter:card\" content=\"summary_large_image\" \/>\n<meta name=\"twitter:label1\" content=\"Precio\" \/>\n\t<meta name=\"twitter:data1\" content=\"33,93&nbsp;&euro;\" \/>\n\t<meta name=\"twitter:label2\" content=\"Disponibilidad\" \/>\n\t<meta name=\"twitter:data2\" content=\"Disponible\" \/>\n<meta property=\"product:price:amount\" content=\"33.93\" \/>\n<meta property=\"product:price:currency\" content=\"EUR\" \/>\n<meta property=\"og:availability\" content=\"instock\" \/>\n<meta property=\"product:availability\" content=\"instock\" \/>\n<meta property=\"product:retailer_item_id\" content=\"5600283759043\" \/>\n<meta property=\"product:condition\" content=\"new\" \/>\n<!-- \/ Yoast SEO Premium plugin. -->","yoast_head_json":{"title":"Mineral 118 ML - Ecogen\u00e9tica - Lifenatura","description":"Ecogenetics Mineral es un complemento alimenticio \u00fatil para quienes deseen complementar su dieta con este incre\u00edble complejo de m\u00e1s de 72 minerales i\u00f3nicos.","robots":{"index":"index","follow":"follow","max-snippet":"max-snippet:-1","max-image-preview":"max-image-preview:large","max-video-preview":"max-video-preview:-1"},"canonical":"https:\/\/www.lifenatura.com\/es\/produto\/mineral-118-ml-ecogenetica\/","og_locale":"es_ES","og_type":"article","og_title":"Mineral 118 ML - Ecogen\u00e9tica - Lifenatura","og_description":"Compre aqui o seu Mineral 118 ML - Ecogen\u00e9tica e a Lifenatura Online envia em 48 H com Portes Gratis >35\u20ac de Pedido.","og_url":"https:\/\/www.lifenatura.com\/es\/produto\/mineral-118-ml-ecogenetica\/","og_site_name":"Lifenatura","article_publisher":"https:\/\/www.facebook.com\/lifenatura","article_modified_time":"2026-04-10T01:32:44+00:00","og_image":[{"width":1000,"height":1000,"url":"https:\/\/www.lifenatura.com\/wp-content\/uploads\/2023\/01\/mineral-ecogenetics.jpg","type":"image\/jpeg"}],"twitter_card":"summary_large_image","twitter_misc":{"Precio":"33,93&nbsp;&euro;","Disponibilidad":"Disponible"},"schema":{"@context":"https:\/\/schema.org","@graph":[{"@type":"WebPage","@id":"https:\/\/www.lifenatura.com\/es\/produto\/mineral-118-ml-ecogenetica\/","url":"https:\/\/www.lifenatura.com\/es\/produto\/mineral-118-ml-ecogenetica\/","name":"Mineral 118 ML - Ecogen\u00e9tica - Lifenatura","isPartOf":{"@id":"https:\/\/www.lifenatura.com\/es\/#website"},"primaryImageOfPage":{"@id":"https:\/\/www.lifenatura.com\/es\/produto\/mineral-118-ml-ecogenetica\/#primaryimage"},"image":{"@id":"https:\/\/www.lifenatura.com\/es\/produto\/mineral-118-ml-ecogenetica\/#primaryimage"},"thumbnailUrl":"https:\/\/www.lifenatura.com\/wp-content\/uploads\/2023\/01\/mineral-ecogenetics.jpg","datePublished":"2023-01-22T11:48:41+00:00","dateModified":"2026-04-10T01:32:44+00:00","description":"Ecogenetics Mineral es un complemento alimenticio \u00fatil para quienes deseen complementar su dieta con este incre\u00edble complejo de m\u00e1s de 72 minerales i\u00f3nicos.","breadcrumb":{"@id":"https:\/\/www.lifenatura.com\/es\/produto\/mineral-118-ml-ecogenetica\/#breadcrumb"},"inLanguage":"es","potentialAction":[{"@type":"ReadAction","target":["https:\/\/www.lifenatura.com\/es\/produto\/mineral-118-ml-ecogenetica\/"]}]},{"@type":"ImageObject","inLanguage":"es","@id":"https:\/\/www.lifenatura.com\/es\/produto\/mineral-118-ml-ecogenetica\/#primaryimage","url":"https:\/\/www.lifenatura.com\/wp-content\/uploads\/2023\/01\/mineral-ecogenetics.jpg","contentUrl":"https:\/\/www.lifenatura.com\/wp-content\/uploads\/2023\/01\/mineral-ecogenetics.jpg","width":1000,"height":1000,"caption":"Mineral de la marca ecogenetics"},{"@type":"BreadcrumbList","@id":"https:\/\/www.lifenatura.com\/es\/produto\/mineral-118-ml-ecogenetica\/#breadcrumb","itemListElement":[{"@type":"ListItem","position":1,"name":"In\u00edcio","item":"https:\/\/www.lifenatura.com\/es\/"},{"@type":"ListItem","position":2,"name":"Todos los Productos","item":"https:\/\/www.lifenatura.com\/es\/tienda\/"},{"@type":"ListItem","position":3,"name":"Mineral 118 ML &#8211; Ecogen\u00e9tica"}]},{"@type":"WebSite","@id":"https:\/\/www.lifenatura.com\/es\/#website","url":"https:\/\/www.lifenatura.com\/es\/","name":"Lifenatura","description":"A Lifenatura \u00e9 uma loja de produtos naturais, cosm\u00e9tica natural e alimenta\u00e7\u00e3o Biol\u00f3gica.","publisher":{"@id":"https:\/\/www.lifenatura.com\/es\/#organization"},"potentialAction":[{"@type":"SearchAction","target":{"@type":"EntryPoint","urlTemplate":"https:\/\/www.lifenatura.com\/es\/?s={search_term_string}"},"query-input":{"@type":"PropertyValueSpecification","valueRequired":true,"valueName":"search_term_string"}}],"inLanguage":"es"},{"@type":"Organization","@id":"https:\/\/www.lifenatura.com\/es\/#organization","name":"Lifenatura","url":"https:\/\/www.lifenatura.com\/es\/","logo":{"@type":"ImageObject","inLanguage":"es","@id":"https:\/\/www.lifenatura.com\/es\/#\/schema\/logo\/image\/","url":"https:\/\/www.lifenatura.com\/wp-content\/uploads\/2021\/11\/logo.png","contentUrl":"https:\/\/www.lifenatura.com\/wp-content\/uploads\/2021\/11\/logo.png","width":175,"height":55,"caption":"Lifenatura"},"image":{"@id":"https:\/\/www.lifenatura.com\/es\/#\/schema\/logo\/image\/"},"sameAs":["https:\/\/www.facebook.com\/lifenatura","https:\/\/www.instagram.com\/lifenaturapt\/"]}]},"product_price_amount":"33.93","product_price_currency":"EUR","og_availability":"instock","product_availability":"instock","product_retailer_item_id":"5600283759043","product_condition":"new"},"df_price":33.93,"df_sale_price":29.47,"df_regular_price":33.93,"df_image_link":"https:\/\/www.lifenatura.com\/wp-content\/uploads\/2023\/01\/mineral-ecogenetics-300x300.jpg","_links":{"self":[{"href":"https:\/\/www.lifenatura.com\/es\/wp-json\/wp\/v2\/product\/84886","targetHints":{"allow":["GET"]}}],"collection":[{"href":"https:\/\/www.lifenatura.com\/es\/wp-json\/wp\/v2\/product"}],"about":[{"href":"https:\/\/www.lifenatura.com\/es\/wp-json\/wp\/v2\/types\/product"}],"wp:featuredmedia":[{"embeddable":true,"href":"https:\/\/www.lifenatura.com\/es\/wp-json\/wp\/v2\/media\/58807"}],"wp:attachment":[{"href":"https:\/\/www.lifenatura.com\/es\/wp-json\/wp\/v2\/media?parent=84886"}],"wp:term":[{"taxonomy":"product_brand","embeddable":true,"href":"https:\/\/www.lifenatura.com\/es\/wp-json\/wp\/v2\/product_brand?post=84886"},{"taxonomy":"product_cat","embeddable":true,"href":"https:\/\/www.lifenatura.com\/es\/wp-json\/wp\/v2\/product_cat?post=84886"},{"taxonomy":"product_tag","embeddable":true,"href":"https:\/\/www.lifenatura.com\/es\/wp-json\/wp\/v2\/product_tag?post=84886"}],"curies":[{"name":"wp","href":"https:\/\/api.w.org\/{rel}","templated":true}]}}