{"id":84883,"date":"2023-01-22T16:03:49","date_gmt":"2023-01-22T16:03:49","guid":{"rendered":"https:\/\/www.lifenatura.com\/produto\/hierro-60-capsulas-ecogenetics\/"},"modified":"2026-04-09T01:24:43","modified_gmt":"2026-04-09T01:24:43","slug":"hierro-60-capsulas-ecogenetics","status":"publish","type":"product","link":"https:\/\/www.lifenatura.com\/es\/produto\/hierro-60-capsulas-ecogenetics\/","title":{"rendered":"Hierro + 60 c\u00e1psulas &#8211; Ecogenetics"},"content":{"rendered":"<h2 style=\"text-align: left;\">Hierro+ para las personas con s\u00edntomas de anemia<\/h2>\n<p>&nbsp;<\/p>\n<p>Ferro+ es un suplemento que destaca en el mercado por contener una combinaci\u00f3n sin\u00e9rgica de hierro con varias vitaminas, como la vitamina C, y otros nutrientes para una mayor biodisponibilidad del hierro, consiguiendo as\u00ed una mayor tasa de absorci\u00f3n de este mineral que productos id\u00e9nticos.<\/p>\n<p>Ferro+ es un complemento alimenticio dise\u00f1ado para cubrir las necesidades nutricionales diarias de hierro, complementado con diversas vitaminas y otros nutrientes para facilitar su absorci\u00f3n y complementar\/reforzar su acci\u00f3n.<\/p>\n<p>Su objetivo es compensar los niveles bajos de hierro en casos de anemia, o de grandes p\u00e9rdidas de sangre (menstruaciones abundantes), mujeres embarazadas o deportistas que realizan grandes esfuerzos f\u00edsicos.<\/p>\n<p><strong>El hierro contribuye a<\/strong><\/p>\n<ul>\n<li>la funci\u00f3n cognitiva y el metabolismo energ\u00e9tico normal;<\/li>\n<li>la formaci\u00f3n normal de gl\u00f3bulos rojos, hemoglobina y el transporte normal de ox\u00edgeno en el organismo;<\/li>\n<li>el funcionamiento normal del sistema inmunitario;<\/li>\n<li>reducci\u00f3n del cansancio y la fatiga;<\/li>\n<li>el proceso de divisi\u00f3n celular.<\/li>\n<\/ul>\n<p>El hierro tambi\u00e9n es <strong>esencial para los deportistas<\/strong> de alta competici\u00f3n, o con exigencias f\u00edsicas muy elevadas, ya que en estos casos la p\u00e9rdida y demanda de este mineral es mucho mayor. As\u00ed que en estos casos va el<em> Hierro+<\/em>:<\/p>\n<ul>\n<li>act\u00faan en el proceso respiratorio de transporte de ox\u00edgeno a los tejidos;<\/li>\n<li>forman parte de las enzimas que act\u00faan en el proceso de respiraci\u00f3n celular;<\/li>\n<li>proporcionan m\u00e1s energ\u00eda a todo el organismo.<\/li>\n<\/ul>\n<p>La vitamina C ayuda a la absorci\u00f3n del hierro y, como todas las dem\u00e1s vitaminas de esta f\u00f3rmula, contribuye al funcionamiento normal del sistema nervioso y reduce la fatiga.<\/p>\n<p><strong>PRESENTACI\u00d3N<\/strong><\/p>\n<p>60 c\u00e1psulas<\/p>\n<p>&nbsp;<\/p>\n","protected":false},"excerpt":{"rendered":"<p>Ferro+ es un suplemento que cubre las necesidades nutricionales diarias de hierro, complementado con diversos nutrientes para facilitar su absorci\u00f3n. [&#8230;]<\/p>\n<p><a class=\"btn btn-secondary understrap-read-more-link\" href=\"https:\/\/www.lifenatura.com\/es\/produto\/hierro-60-capsulas-ecogenetics\/\">Leer m\u00e1s&#8230;<span class=\"screen-reader-text\"> from Hierro + 60 c\u00e1psulas &#8211; Ecogenetics<\/span><\/a><\/p>\n","protected":false},"featured_media":58789,"template":"","meta":{"_acf_changed":false},"product_brand":[8496],"product_cat":[7220,7179],"product_tag":[],"class_list":{"0":"post-84883","1":"product","2":"type-product","3":"status-publish","4":"has-post-thumbnail","6":"product_brand-ecogenetics","7":"product_cat-anemia-salud","8":"product_cat-salud","10":"first","11":"instock","12":"featured","13":"shipping-taxable","14":"purchasable","15":"product-type-simple","16":"add-to-wishlist-before_image"},"acf":[],"yoast_head":"<!-- This site is optimized with the Yoast SEO Premium plugin v27.1 (Yoast SEO v27.3) - https:\/\/yoast.com\/product\/yoast-seo-premium-wordpress\/ -->\n<title>Hierro + 60 c\u00e1psulas - Ecogenetics - Lifenatura<\/title>\n<meta name=\"description\" content=\"Ferro+ es un suplemento que cubre las necesidades nutricionales diarias de hierro, complementado con diversos nutrientes para facilitar su absorci\u00f3n.\" \/>\n<meta name=\"robots\" content=\"index, follow, max-snippet:-1, max-image-preview:large, max-video-preview:-1\" \/>\n<link rel=\"canonical\" href=\"https:\/\/www.lifenatura.com\/es\/produto\/hierro-60-capsulas-ecogenetics\/\" \/>\n<meta property=\"og:locale\" content=\"es_ES\" \/>\n<meta property=\"og:type\" content=\"article\" \/>\n<meta property=\"og:title\" content=\"Hierro + 60 c\u00e1psulas - Ecogenetics - Lifenatura\" \/>\n<meta property=\"og:description\" content=\"Compre aqui o seu Hierro + 60 c\u00e1psulas - Ecogenetics e a Lifenatura Online envia em 48 H com Portes Gratis &gt;35\u20ac de Pedido.\" \/>\n<meta property=\"og:url\" content=\"https:\/\/www.lifenatura.com\/es\/produto\/hierro-60-capsulas-ecogenetics\/\" \/>\n<meta property=\"og:site_name\" content=\"Lifenatura\" \/>\n<meta property=\"article:publisher\" content=\"https:\/\/www.facebook.com\/lifenatura\" \/>\n<meta property=\"article:modified_time\" content=\"2026-04-09T01:24:43+00:00\" \/>\n<meta property=\"og:image\" content=\"https:\/\/www.lifenatura.com\/wp-content\/uploads\/2023\/01\/ferro-ecogenetics.jpg\" \/>\n\t<meta property=\"og:image:width\" content=\"1000\" \/>\n\t<meta property=\"og:image:height\" content=\"1000\" \/>\n\t<meta property=\"og:image:type\" content=\"image\/jpeg\" \/>\n<meta name=\"twitter:card\" content=\"summary_large_image\" \/>\n<meta name=\"twitter:label1\" content=\"Precio\" \/>\n\t<meta name=\"twitter:data1\" content=\"13,68&nbsp;&euro;\" \/>\n\t<meta name=\"twitter:label2\" content=\"Disponibilidad\" \/>\n\t<meta name=\"twitter:data2\" content=\"Disponible\" \/>\n<meta property=\"product:price:amount\" content=\"13.68\" \/>\n<meta property=\"product:price:currency\" content=\"EUR\" \/>\n<meta property=\"og:availability\" content=\"instock\" \/>\n<meta property=\"product:availability\" content=\"instock\" \/>\n<meta property=\"product:retailer_item_id\" content=\"5600283759050\" \/>\n<meta property=\"product:condition\" content=\"new\" \/>\n<!-- \/ Yoast SEO Premium plugin. -->","yoast_head_json":{"title":"Hierro + 60 c\u00e1psulas - Ecogenetics - Lifenatura","description":"Ferro+ es un suplemento que cubre las necesidades nutricionales diarias de hierro, complementado con diversos nutrientes para facilitar su absorci\u00f3n.","robots":{"index":"index","follow":"follow","max-snippet":"max-snippet:-1","max-image-preview":"max-image-preview:large","max-video-preview":"max-video-preview:-1"},"canonical":"https:\/\/www.lifenatura.com\/es\/produto\/hierro-60-capsulas-ecogenetics\/","og_locale":"es_ES","og_type":"article","og_title":"Hierro + 60 c\u00e1psulas - Ecogenetics - Lifenatura","og_description":"Compre aqui o seu Hierro + 60 c\u00e1psulas - Ecogenetics e a Lifenatura Online envia em 48 H com Portes Gratis >35\u20ac de Pedido.","og_url":"https:\/\/www.lifenatura.com\/es\/produto\/hierro-60-capsulas-ecogenetics\/","og_site_name":"Lifenatura","article_publisher":"https:\/\/www.facebook.com\/lifenatura","article_modified_time":"2026-04-09T01:24:43+00:00","og_image":[{"width":1000,"height":1000,"url":"https:\/\/www.lifenatura.com\/wp-content\/uploads\/2023\/01\/ferro-ecogenetics.jpg","type":"image\/jpeg"}],"twitter_card":"summary_large_image","twitter_misc":{"Precio":"13,68&nbsp;&euro;","Disponibilidad":"Disponible"},"schema":{"@context":"https:\/\/schema.org","@graph":[{"@type":"WebPage","@id":"https:\/\/www.lifenatura.com\/es\/produto\/hierro-60-capsulas-ecogenetics\/","url":"https:\/\/www.lifenatura.com\/es\/produto\/hierro-60-capsulas-ecogenetics\/","name":"Hierro + 60 c\u00e1psulas - Ecogenetics - Lifenatura","isPartOf":{"@id":"https:\/\/www.lifenatura.com\/es\/#website"},"primaryImageOfPage":{"@id":"https:\/\/www.lifenatura.com\/es\/produto\/hierro-60-capsulas-ecogenetics\/#primaryimage"},"image":{"@id":"https:\/\/www.lifenatura.com\/es\/produto\/hierro-60-capsulas-ecogenetics\/#primaryimage"},"thumbnailUrl":"https:\/\/www.lifenatura.com\/wp-content\/uploads\/2023\/01\/ferro-ecogenetics.jpg","datePublished":"2023-01-22T16:03:49+00:00","dateModified":"2026-04-09T01:24:43+00:00","description":"Ferro+ es un suplemento que cubre las necesidades nutricionales diarias de hierro, complementado con diversos nutrientes para facilitar su absorci\u00f3n.","breadcrumb":{"@id":"https:\/\/www.lifenatura.com\/es\/produto\/hierro-60-capsulas-ecogenetics\/#breadcrumb"},"inLanguage":"es","potentialAction":[{"@type":"ReadAction","target":["https:\/\/www.lifenatura.com\/es\/produto\/hierro-60-capsulas-ecogenetics\/"]}]},{"@type":"ImageObject","inLanguage":"es","@id":"https:\/\/www.lifenatura.com\/es\/produto\/hierro-60-capsulas-ecogenetics\/#primaryimage","url":"https:\/\/www.lifenatura.com\/wp-content\/uploads\/2023\/01\/ferro-ecogenetics.jpg","contentUrl":"https:\/\/www.lifenatura.com\/wp-content\/uploads\/2023\/01\/ferro-ecogenetics.jpg","width":1000,"height":1000,"caption":"Plancha m\u00e1s de ecogen\u00e9tica"},{"@type":"BreadcrumbList","@id":"https:\/\/www.lifenatura.com\/es\/produto\/hierro-60-capsulas-ecogenetics\/#breadcrumb","itemListElement":[{"@type":"ListItem","position":1,"name":"In\u00edcio","item":"https:\/\/www.lifenatura.com\/es\/"},{"@type":"ListItem","position":2,"name":"Todos los Productos","item":"https:\/\/www.lifenatura.com\/es\/tienda\/"},{"@type":"ListItem","position":3,"name":"Hierro + 60 c\u00e1psulas &#8211; Ecogenetics"}]},{"@type":"WebSite","@id":"https:\/\/www.lifenatura.com\/es\/#website","url":"https:\/\/www.lifenatura.com\/es\/","name":"Lifenatura","description":"A Lifenatura \u00e9 uma loja de produtos naturais, cosm\u00e9tica natural e alimenta\u00e7\u00e3o Biol\u00f3gica.","publisher":{"@id":"https:\/\/www.lifenatura.com\/es\/#organization"},"potentialAction":[{"@type":"SearchAction","target":{"@type":"EntryPoint","urlTemplate":"https:\/\/www.lifenatura.com\/es\/?s={search_term_string}"},"query-input":{"@type":"PropertyValueSpecification","valueRequired":true,"valueName":"search_term_string"}}],"inLanguage":"es"},{"@type":"Organization","@id":"https:\/\/www.lifenatura.com\/es\/#organization","name":"Lifenatura","url":"https:\/\/www.lifenatura.com\/es\/","logo":{"@type":"ImageObject","inLanguage":"es","@id":"https:\/\/www.lifenatura.com\/es\/#\/schema\/logo\/image\/","url":"https:\/\/www.lifenatura.com\/wp-content\/uploads\/2021\/11\/logo.png","contentUrl":"https:\/\/www.lifenatura.com\/wp-content\/uploads\/2021\/11\/logo.png","width":175,"height":55,"caption":"Lifenatura"},"image":{"@id":"https:\/\/www.lifenatura.com\/es\/#\/schema\/logo\/image\/"},"sameAs":["https:\/\/www.facebook.com\/lifenatura","https:\/\/www.instagram.com\/lifenaturapt\/"]}]},"product_price_amount":"13.68","product_price_currency":"EUR","og_availability":"instock","product_availability":"instock","product_retailer_item_id":"5600283759050","product_condition":"new"},"df_price":13.68,"df_sale_price":11.88,"df_regular_price":13.68,"df_image_link":"https:\/\/www.lifenatura.com\/wp-content\/uploads\/2023\/01\/ferro-ecogenetics-300x300.jpg","_links":{"self":[{"href":"https:\/\/www.lifenatura.com\/es\/wp-json\/wp\/v2\/product\/84883","targetHints":{"allow":["GET"]}}],"collection":[{"href":"https:\/\/www.lifenatura.com\/es\/wp-json\/wp\/v2\/product"}],"about":[{"href":"https:\/\/www.lifenatura.com\/es\/wp-json\/wp\/v2\/types\/product"}],"wp:featuredmedia":[{"embeddable":true,"href":"https:\/\/www.lifenatura.com\/es\/wp-json\/wp\/v2\/media\/58789"}],"wp:attachment":[{"href":"https:\/\/www.lifenatura.com\/es\/wp-json\/wp\/v2\/media?parent=84883"}],"wp:term":[{"taxonomy":"product_brand","embeddable":true,"href":"https:\/\/www.lifenatura.com\/es\/wp-json\/wp\/v2\/product_brand?post=84883"},{"taxonomy":"product_cat","embeddable":true,"href":"https:\/\/www.lifenatura.com\/es\/wp-json\/wp\/v2\/product_cat?post=84883"},{"taxonomy":"product_tag","embeddable":true,"href":"https:\/\/www.lifenatura.com\/es\/wp-json\/wp\/v2\/product_tag?post=84883"}],"curies":[{"name":"wp","href":"https:\/\/api.w.org\/{rel}","templated":true}]}}