{"id":84882,"date":"2023-01-21T21:16:53","date_gmt":"2023-01-21T21:16:53","guid":{"rendered":"https:\/\/www.lifenatura.com\/produto\/vitamina-c-alcalina-60-capsulas-ecogenetics\/"},"modified":"2026-04-04T00:41:16","modified_gmt":"2026-04-04T00:41:16","slug":"vitamina-c-alcalina-60-capsulas-ecogenetics","status":"publish","type":"product","link":"https:\/\/www.lifenatura.com\/es\/produto\/vitamina-c-alcalina-60-capsulas-ecogenetics\/","title":{"rendered":"Vitamina C Alcalina 60 c\u00e1psulas &#8211; Ecogenetics"},"content":{"rendered":"<h2 style=\"text-align: left;\">Vitamina C alcalina: el antioxidante que refuerza la inmunidad<\/h2>\n<p>&nbsp;<\/p>\n<p>Alkaline Vitamin C contiene una forma de vitamina C no \u00e1cida a base de ascorbato de calcio, combinada con potentes antioxidantes para favorecer el funcionamiento saludable de todo el organismo.<\/p>\n<p>Sus principales ventajas son:<\/p>\n<ul>\n<li>combatir los radicales libres,<\/li>\n<li>ayudar a prevenir las enfermedades cardiovasculares,<\/li>\n<li>favorecen la salud ocular,<\/li>\n<li>prevenir los resfriados y la gripe y ayudar a reducir los s\u00edntomas de la gripe,<\/li>\n<li>aumentar el metabolismo de las grasas,<\/li>\n<li>reducir los efectos negativos del consumo de alcohol,<\/li>\n<li>contrarrestar los efectos adversos de la quimioterapia,<\/li>\n<li>mejorar la calidad y el aspecto de la piel, el cabello y las u\u00f1as,<\/li>\n<li>Ayuda en caso de enfermedades vasculares, varices y hemorroides,<\/li>\n<li>favorecer la reducci\u00f3n de los niveles de colesterol malo (LDL),<\/li>\n<li>reforzar el sistema inmunitario contra las infecciones,<\/li>\n<li>proteger la producci\u00f3n de hormonas,<\/li>\n<li>limpiar los intestinos y ayudar a restablecer la microflora.<\/li>\n<\/ul>\n<p>La Vitamina C Alcalina puede ser un complemento alimenticio \u00fatil para quienes deseen complementar su dieta con esta mezcla \u00fanica de vitamina C no \u00e1cida, bioflavonoides c\u00edtricos, Hesperidina y Naringina.<\/p>\n<p><strong>PRESENTACI\u00d3N<\/strong><\/p>\n<p>60 c\u00e1psulas<\/p>\n<p>&nbsp;<\/p>\n","protected":false},"excerpt":{"rendered":"<p>Alkaline Vitamin C contiene una forma no \u00e1cida de vitamina C, combinada con potentes antioxidantes para favorecer el funcionamiento saludable de todo el organismo. [&#8230;]<\/p>\n<p><a class=\"btn btn-secondary understrap-read-more-link\" href=\"https:\/\/www.lifenatura.com\/es\/produto\/vitamina-c-alcalina-60-capsulas-ecogenetics\/\">Leer m\u00e1s&#8230;<span class=\"screen-reader-text\"> from Vitamina C Alcalina 60 c\u00e1psulas &#8211; Ecogenetics<\/span><\/a><\/p>\n","protected":false},"featured_media":58827,"template":"","meta":{"_acf_changed":false},"product_brand":[8496],"product_cat":[7179,7883,7260],"product_tag":[],"class_list":{"0":"post-84882","1":"product","2":"type-product","3":"status-publish","4":"has-post-thumbnail","6":"product_brand-ecogenetics","7":"product_cat-salud","8":"product_cat-suplementos-alimenticios","9":"product_cat-vitamina-c-salud","11":"first","12":"instock","13":"featured","14":"shipping-taxable","15":"purchasable","16":"product-type-simple","17":"add-to-wishlist-before_image"},"acf":[],"yoast_head":"<!-- This site is optimized with the Yoast SEO Premium plugin v27.1 (Yoast SEO v27.3) - https:\/\/yoast.com\/product\/yoast-seo-premium-wordpress\/ -->\n<title>Vitamina C Alcalina 60 c\u00e1psulas - Ecogenetics - Lifenatura<\/title>\n<meta name=\"description\" content=\"Alkaline Vitamin C una forma no \u00e1cida de vitamina C, combinada con potentes antioxidantes para favorecer el funcionamiento saludable de todo el organismo.\" \/>\n<meta name=\"robots\" content=\"index, follow, max-snippet:-1, max-image-preview:large, max-video-preview:-1\" \/>\n<link rel=\"canonical\" href=\"https:\/\/www.lifenatura.com\/es\/produto\/vitamina-c-alcalina-60-capsulas-ecogenetics\/\" \/>\n<meta property=\"og:locale\" content=\"es_ES\" \/>\n<meta property=\"og:type\" content=\"article\" \/>\n<meta property=\"og:title\" content=\"Vitamina C Alcalina 60 c\u00e1psulas - Ecogenetics - Lifenatura\" \/>\n<meta property=\"og:description\" content=\"Compre aqui o seu Vitamina C Alcalina 60 c\u00e1psulas - Ecogenetics e a Lifenatura Online envia em 48 H com Portes Gratis &gt;35\u20ac de Pedido.\" \/>\n<meta property=\"og:url\" content=\"https:\/\/www.lifenatura.com\/es\/produto\/vitamina-c-alcalina-60-capsulas-ecogenetics\/\" \/>\n<meta property=\"og:site_name\" content=\"Lifenatura\" \/>\n<meta property=\"article:publisher\" content=\"https:\/\/www.facebook.com\/lifenatura\" \/>\n<meta property=\"article:modified_time\" content=\"2026-04-04T00:41:16+00:00\" \/>\n<meta property=\"og:image\" content=\"https:\/\/www.lifenatura.com\/wp-content\/uploads\/2023\/01\/vitamina-c-alcalina-ecogenetics.jpg\" \/>\n\t<meta property=\"og:image:width\" content=\"1000\" \/>\n\t<meta property=\"og:image:height\" content=\"1000\" \/>\n\t<meta property=\"og:image:type\" content=\"image\/jpeg\" \/>\n<meta name=\"twitter:card\" content=\"summary_large_image\" \/>\n<meta name=\"twitter:label1\" content=\"Precio\" \/>\n\t<meta name=\"twitter:data1\" content=\"22,42&nbsp;&euro;\" \/>\n\t<meta name=\"twitter:label2\" content=\"Disponibilidad\" \/>\n\t<meta name=\"twitter:data2\" content=\"Disponible\" \/>\n<meta property=\"product:price:amount\" content=\"22.42\" \/>\n<meta property=\"product:price:currency\" content=\"EUR\" \/>\n<meta property=\"og:availability\" content=\"instock\" \/>\n<meta property=\"product:availability\" content=\"instock\" \/>\n<meta property=\"product:retailer_item_id\" content=\"5600283759098\" \/>\n<meta property=\"product:condition\" content=\"new\" \/>\n<!-- \/ Yoast SEO Premium plugin. -->","yoast_head_json":{"title":"Vitamina C Alcalina 60 c\u00e1psulas - Ecogenetics - Lifenatura","description":"Alkaline Vitamin C una forma no \u00e1cida de vitamina C, combinada con potentes antioxidantes para favorecer el funcionamiento saludable de todo el organismo.","robots":{"index":"index","follow":"follow","max-snippet":"max-snippet:-1","max-image-preview":"max-image-preview:large","max-video-preview":"max-video-preview:-1"},"canonical":"https:\/\/www.lifenatura.com\/es\/produto\/vitamina-c-alcalina-60-capsulas-ecogenetics\/","og_locale":"es_ES","og_type":"article","og_title":"Vitamina C Alcalina 60 c\u00e1psulas - Ecogenetics - Lifenatura","og_description":"Compre aqui o seu Vitamina C Alcalina 60 c\u00e1psulas - Ecogenetics e a Lifenatura Online envia em 48 H com Portes Gratis >35\u20ac de Pedido.","og_url":"https:\/\/www.lifenatura.com\/es\/produto\/vitamina-c-alcalina-60-capsulas-ecogenetics\/","og_site_name":"Lifenatura","article_publisher":"https:\/\/www.facebook.com\/lifenatura","article_modified_time":"2026-04-04T00:41:16+00:00","og_image":[{"width":1000,"height":1000,"url":"https:\/\/www.lifenatura.com\/wp-content\/uploads\/2023\/01\/vitamina-c-alcalina-ecogenetics.jpg","type":"image\/jpeg"}],"twitter_card":"summary_large_image","twitter_misc":{"Precio":"22,42&nbsp;&euro;","Disponibilidad":"Disponible"},"schema":{"@context":"https:\/\/schema.org","@graph":[{"@type":"WebPage","@id":"https:\/\/www.lifenatura.com\/es\/produto\/vitamina-c-alcalina-60-capsulas-ecogenetics\/","url":"https:\/\/www.lifenatura.com\/es\/produto\/vitamina-c-alcalina-60-capsulas-ecogenetics\/","name":"Vitamina C Alcalina 60 c\u00e1psulas - Ecogenetics - Lifenatura","isPartOf":{"@id":"https:\/\/www.lifenatura.com\/es\/#website"},"primaryImageOfPage":{"@id":"https:\/\/www.lifenatura.com\/es\/produto\/vitamina-c-alcalina-60-capsulas-ecogenetics\/#primaryimage"},"image":{"@id":"https:\/\/www.lifenatura.com\/es\/produto\/vitamina-c-alcalina-60-capsulas-ecogenetics\/#primaryimage"},"thumbnailUrl":"https:\/\/www.lifenatura.com\/wp-content\/uploads\/2023\/01\/vitamina-c-alcalina-ecogenetics.jpg","datePublished":"2023-01-21T21:16:53+00:00","dateModified":"2026-04-04T00:41:16+00:00","description":"Alkaline Vitamin C una forma no \u00e1cida de vitamina C, combinada con potentes antioxidantes para favorecer el funcionamiento saludable de todo el organismo.","breadcrumb":{"@id":"https:\/\/www.lifenatura.com\/es\/produto\/vitamina-c-alcalina-60-capsulas-ecogenetics\/#breadcrumb"},"inLanguage":"es","potentialAction":[{"@type":"ReadAction","target":["https:\/\/www.lifenatura.com\/es\/produto\/vitamina-c-alcalina-60-capsulas-ecogenetics\/"]}]},{"@type":"ImageObject","inLanguage":"es","@id":"https:\/\/www.lifenatura.com\/es\/produto\/vitamina-c-alcalina-60-capsulas-ecogenetics\/#primaryimage","url":"https:\/\/www.lifenatura.com\/wp-content\/uploads\/2023\/01\/vitamina-c-alcalina-ecogenetics.jpg","contentUrl":"https:\/\/www.lifenatura.com\/wp-content\/uploads\/2023\/01\/vitamina-c-alcalina-ecogenetics.jpg","width":1000,"height":1000,"caption":"Vitamina C alcalina de la ecogen\u00e9tica"},{"@type":"BreadcrumbList","@id":"https:\/\/www.lifenatura.com\/es\/produto\/vitamina-c-alcalina-60-capsulas-ecogenetics\/#breadcrumb","itemListElement":[{"@type":"ListItem","position":1,"name":"In\u00edcio","item":"https:\/\/www.lifenatura.com\/es\/"},{"@type":"ListItem","position":2,"name":"Todos los Productos","item":"https:\/\/www.lifenatura.com\/es\/tienda\/"},{"@type":"ListItem","position":3,"name":"Vitamina C Alcalina 60 c\u00e1psulas &#8211; Ecogenetics"}]},{"@type":"WebSite","@id":"https:\/\/www.lifenatura.com\/es\/#website","url":"https:\/\/www.lifenatura.com\/es\/","name":"Lifenatura","description":"A Lifenatura \u00e9 uma loja de produtos naturais, cosm\u00e9tica natural e alimenta\u00e7\u00e3o Biol\u00f3gica.","publisher":{"@id":"https:\/\/www.lifenatura.com\/es\/#organization"},"potentialAction":[{"@type":"SearchAction","target":{"@type":"EntryPoint","urlTemplate":"https:\/\/www.lifenatura.com\/es\/?s={search_term_string}"},"query-input":{"@type":"PropertyValueSpecification","valueRequired":true,"valueName":"search_term_string"}}],"inLanguage":"es"},{"@type":"Organization","@id":"https:\/\/www.lifenatura.com\/es\/#organization","name":"Lifenatura","url":"https:\/\/www.lifenatura.com\/es\/","logo":{"@type":"ImageObject","inLanguage":"es","@id":"https:\/\/www.lifenatura.com\/es\/#\/schema\/logo\/image\/","url":"https:\/\/www.lifenatura.com\/wp-content\/uploads\/2021\/11\/logo.png","contentUrl":"https:\/\/www.lifenatura.com\/wp-content\/uploads\/2021\/11\/logo.png","width":175,"height":55,"caption":"Lifenatura"},"image":{"@id":"https:\/\/www.lifenatura.com\/es\/#\/schema\/logo\/image\/"},"sameAs":["https:\/\/www.facebook.com\/lifenatura","https:\/\/www.instagram.com\/lifenaturapt\/"]}]},"product_price_amount":"22.42","product_price_currency":"EUR","og_availability":"instock","product_availability":"instock","product_retailer_item_id":"5600283759098","product_condition":"new"},"df_price":22.42,"df_sale_price":19.47,"df_regular_price":22.42,"df_image_link":"https:\/\/www.lifenatura.com\/wp-content\/uploads\/2023\/01\/vitamina-c-alcalina-ecogenetics-300x300.jpg","_links":{"self":[{"href":"https:\/\/www.lifenatura.com\/es\/wp-json\/wp\/v2\/product\/84882","targetHints":{"allow":["GET"]}}],"collection":[{"href":"https:\/\/www.lifenatura.com\/es\/wp-json\/wp\/v2\/product"}],"about":[{"href":"https:\/\/www.lifenatura.com\/es\/wp-json\/wp\/v2\/types\/product"}],"wp:featuredmedia":[{"embeddable":true,"href":"https:\/\/www.lifenatura.com\/es\/wp-json\/wp\/v2\/media\/58827"}],"wp:attachment":[{"href":"https:\/\/www.lifenatura.com\/es\/wp-json\/wp\/v2\/media?parent=84882"}],"wp:term":[{"taxonomy":"product_brand","embeddable":true,"href":"https:\/\/www.lifenatura.com\/es\/wp-json\/wp\/v2\/product_brand?post=84882"},{"taxonomy":"product_cat","embeddable":true,"href":"https:\/\/www.lifenatura.com\/es\/wp-json\/wp\/v2\/product_cat?post=84882"},{"taxonomy":"product_tag","embeddable":true,"href":"https:\/\/www.lifenatura.com\/es\/wp-json\/wp\/v2\/product_tag?post=84882"}],"curies":[{"name":"wp","href":"https:\/\/api.w.org\/{rel}","templated":true}]}}