{"id":84878,"date":"2024-01-26T17:33:20","date_gmt":"2024-01-26T17:33:20","guid":{"rendered":"https:\/\/www.lifenatura.com\/produto\/manzana-fibra-bio-200g-iswari\/"},"modified":"2024-02-09T14:03:25","modified_gmt":"2024-02-09T14:03:25","slug":"manzana-fibra-bio-200g-iswari","status":"publish","type":"product","link":"https:\/\/www.lifenatura.com\/es\/produto\/manzana-fibra-bio-200g-iswari\/","title":{"rendered":"Manzana Fibra Bio 200g &#8211; Iswari"},"content":{"rendered":"<h2 style=\"text-align: left;\">Fibra de manzana ecol\u00f3gica<\/h2>\n<p>&nbsp;<\/p>\n<p>La fibra de manzana se obtiene secando y triturando manzanas Mallus Mill para producir un polvo fino y dulce muy vers\u00e1til que puede utilizarse en batidos, zumos y mucho m\u00e1s. La fibra soluble se disuelve en agua y act\u00faa m\u00e1s en el est\u00f3mago. Regula la digesti\u00f3n aumentando el efecto saciante, reduce la capacidad de absorci\u00f3n de grasas y ralentiza la absorci\u00f3n de az\u00facares, ayudando a mantener niveles normales de az\u00facar en sangre.<\/p>\n<p>La fibra insoluble (el tipo de fibra con mayor porcentaje presente en la fibra de la manzana) no sufre digesti\u00f3n ni absorci\u00f3n y act\u00faa principalmente a nivel intestinal. Favorece los movimientos intestinales regulares, previniendo el estre\u00f1imiento, y facilita la eliminaci\u00f3n de los subproductos resultantes de la digesti\u00f3n, ayudando a mantener un intestino sano.<\/p>\n<p>Con un alto contenido en fibra, no s\u00f3lo soluble sino principalmente insoluble, es ideal para quienes desean aumentar su ingesta diaria de fibra.<\/p>\n<p><strong>PRESENTACI\u00d3N<\/strong><\/p>\n<p>200g<\/p>\n<p>&nbsp;<\/p>\n","protected":false},"excerpt":{"rendered":"<p>Una dieta rica en fibra combinada con una hidrataci\u00f3n adecuada es la combinaci\u00f3n ideal para mantener el bienestar general del organismo, as\u00ed que prueba ya la Fibra de Manzana Ecol\u00f3gica de Iswari. [&#8230;]<\/p>\n<p><a class=\"btn btn-secondary understrap-read-more-link\" href=\"https:\/\/www.lifenatura.com\/es\/produto\/manzana-fibra-bio-200g-iswari\/\">Leer m\u00e1s&#8230;<span class=\"screen-reader-text\"> from Manzana Fibra Bio 200g &#8211; Iswari<\/span><\/a><\/p>\n","protected":false},"featured_media":129782,"template":"","meta":{"_acf_changed":false},"product_brand":[8466],"product_cat":[7064,7100],"product_tag":[],"class_list":{"0":"post-84878","1":"product","2":"type-product","3":"status-publish","4":"has-post-thumbnail","6":"product_brand-iswari-es","7":"product_cat-alimentacion-sana","8":"product_cat-superalimentos-bio","9":"pa_caracteristicas-sin-gluten","11":"first","12":"instock","13":"shipping-taxable","14":"purchasable","15":"product-type-simple","16":"add-to-wishlist-before_image"},"acf":[],"yoast_head":"<!-- This site is optimized with the Yoast SEO Premium plugin v27.1 (Yoast SEO v27.5) - https:\/\/yoast.com\/product\/yoast-seo-premium-wordpress\/ -->\n<title>Manzana Fibra Bio 200g - Iswari - Na Lifenatura ao Melhor Pre\u00e7o | Envio em 48h<\/title>\n<meta name=\"description\" content=\"Una dieta rica en fibra combinada con hidrataci\u00f3n es la combinaci\u00f3n ideal para el bienestar general, as\u00ed que prueba ya la Fibra de Manzana Ecol\u00f3gica de Iswari.\" \/>\n<meta name=\"robots\" content=\"index, follow, max-snippet:-1, max-image-preview:large, max-video-preview:-1\" \/>\n<link rel=\"canonical\" href=\"https:\/\/www.lifenatura.com\/es\/produto\/manzana-fibra-bio-200g-iswari\/\" \/>\n<meta property=\"og:locale\" content=\"es_ES\" \/>\n<meta property=\"og:type\" content=\"article\" \/>\n<meta property=\"og:title\" content=\"Manzana Fibra Bio 200g - Iswari - Na Lifenatura ao Melhor Pre\u00e7o | Envio 48h\" \/>\n<meta property=\"og:description\" content=\"Compre Manzana Fibra Bio 200g - Iswari com envio r\u00e1pido. Entrega em 48h e portes gr\u00e1tis em compras &gt;35\u20ac. Aproveite j\u00e1 na Lifenatura\" \/>\n<meta property=\"og:url\" content=\"https:\/\/www.lifenatura.com\/es\/produto\/manzana-fibra-bio-200g-iswari\/\" \/>\n<meta property=\"og:site_name\" content=\"Lifenatura\" \/>\n<meta property=\"article:publisher\" content=\"https:\/\/www.facebook.com\/lifenatura\" \/>\n<meta property=\"article:modified_time\" content=\"2024-02-09T14:03:25+00:00\" \/>\n<meta property=\"og:image\" content=\"https:\/\/www.lifenatura.com\/wp-content\/uploads\/2024\/01\/Fibra-de-Maca-Bio-200g-Iswari.jpg\" \/>\n\t<meta property=\"og:image:width\" content=\"1000\" \/>\n\t<meta property=\"og:image:height\" content=\"1000\" \/>\n\t<meta property=\"og:image:type\" content=\"image\/jpeg\" \/>\n<meta name=\"twitter:card\" content=\"summary_large_image\" \/>\n<meta name=\"twitter:label1\" content=\"Precio\" \/>\n\t<meta name=\"twitter:data1\" content=\"9,21&nbsp;&euro;\" \/>\n\t<meta name=\"twitter:label2\" content=\"Disponibilidad\" \/>\n\t<meta name=\"twitter:data2\" content=\"Disponible\" \/>\n<script type=\"application\/ld+json\" class=\"yoast-schema-graph\">{\"@context\":\"https:\\\/\\\/schema.org\",\"@graph\":[{\"@type\":\"WebPage\",\"@id\":\"https:\\\/\\\/www.lifenatura.com\\\/es\\\/produto\\\/manzana-fibra-bio-200g-iswari\\\/\",\"url\":\"https:\\\/\\\/www.lifenatura.com\\\/es\\\/produto\\\/manzana-fibra-bio-200g-iswari\\\/\",\"name\":\"Manzana Fibra Bio 200g - Iswari - Na Lifenatura ao Melhor Pre\u00e7o | Envio em 48h\",\"isPartOf\":{\"@id\":\"https:\\\/\\\/www.lifenatura.com\\\/es\\\/#website\"},\"primaryImageOfPage\":{\"@id\":\"https:\\\/\\\/www.lifenatura.com\\\/es\\\/produto\\\/manzana-fibra-bio-200g-iswari\\\/#primaryimage\"},\"image\":{\"@id\":\"https:\\\/\\\/www.lifenatura.com\\\/es\\\/produto\\\/manzana-fibra-bio-200g-iswari\\\/#primaryimage\"},\"thumbnailUrl\":\"https:\\\/\\\/www.lifenatura.com\\\/wp-content\\\/uploads\\\/2024\\\/01\\\/fibra-maca-iswari.jpg\",\"datePublished\":\"2024-01-26T17:33:20+00:00\",\"dateModified\":\"2024-02-09T14:03:25+00:00\",\"description\":\"Una dieta rica en fibra combinada con hidrataci\u00f3n es la combinaci\u00f3n ideal para el bienestar general, as\u00ed que prueba ya la Fibra de Manzana Ecol\u00f3gica de Iswari.\",\"breadcrumb\":{\"@id\":\"https:\\\/\\\/www.lifenatura.com\\\/es\\\/produto\\\/manzana-fibra-bio-200g-iswari\\\/#breadcrumb\"},\"inLanguage\":\"es\",\"potentialAction\":[{\"@type\":\"ReadAction\",\"target\":[\"https:\\\/\\\/www.lifenatura.com\\\/es\\\/produto\\\/manzana-fibra-bio-200g-iswari\\\/\"]}]},{\"@type\":\"ImageObject\",\"inLanguage\":\"es\",\"@id\":\"https:\\\/\\\/www.lifenatura.com\\\/es\\\/produto\\\/manzana-fibra-bio-200g-iswari\\\/#primaryimage\",\"url\":\"https:\\\/\\\/www.lifenatura.com\\\/wp-content\\\/uploads\\\/2024\\\/01\\\/fibra-maca-iswari.jpg\",\"contentUrl\":\"https:\\\/\\\/www.lifenatura.com\\\/wp-content\\\/uploads\\\/2024\\\/01\\\/fibra-maca-iswari.jpg\",\"width\":1080,\"height\":1080,\"caption\":\"Fibra de Ma\u00e7\u00e3 Iswari\"},{\"@type\":\"BreadcrumbList\",\"@id\":\"https:\\\/\\\/www.lifenatura.com\\\/es\\\/produto\\\/manzana-fibra-bio-200g-iswari\\\/#breadcrumb\",\"itemListElement\":[{\"@type\":\"ListItem\",\"position\":1,\"name\":\"In\u00edcio\",\"item\":\"https:\\\/\\\/www.lifenatura.com\\\/es\\\/\"},{\"@type\":\"ListItem\",\"position\":2,\"name\":\"Todos los Productos\",\"item\":\"https:\\\/\\\/www.lifenatura.com\\\/es\\\/tienda\\\/\"},{\"@type\":\"ListItem\",\"position\":3,\"name\":\"Manzana Fibra Bio 200g &#8211; Iswari\"}]},{\"@type\":\"WebSite\",\"@id\":\"https:\\\/\\\/www.lifenatura.com\\\/es\\\/#website\",\"url\":\"https:\\\/\\\/www.lifenatura.com\\\/es\\\/\",\"name\":\"Lifenatura\",\"description\":\"A Lifenatura \u00e9 uma loja de produtos naturais, cosm\u00e9tica natural e alimenta\u00e7\u00e3o Biol\u00f3gica.\",\"publisher\":{\"@id\":\"https:\\\/\\\/www.lifenatura.com\\\/es\\\/#organization\"},\"potentialAction\":[{\"@type\":\"SearchAction\",\"target\":{\"@type\":\"EntryPoint\",\"urlTemplate\":\"https:\\\/\\\/www.lifenatura.com\\\/es\\\/?s={search_term_string}\"},\"query-input\":{\"@type\":\"PropertyValueSpecification\",\"valueRequired\":true,\"valueName\":\"search_term_string\"}}],\"inLanguage\":\"es\"},{\"@type\":\"Organization\",\"@id\":\"https:\\\/\\\/www.lifenatura.com\\\/es\\\/#organization\",\"name\":\"Lifenatura\",\"url\":\"https:\\\/\\\/www.lifenatura.com\\\/es\\\/\",\"logo\":{\"@type\":\"ImageObject\",\"inLanguage\":\"es\",\"@id\":\"https:\\\/\\\/www.lifenatura.com\\\/es\\\/#\\\/schema\\\/logo\\\/image\\\/\",\"url\":\"https:\\\/\\\/www.lifenatura.com\\\/wp-content\\\/uploads\\\/2021\\\/07\\\/logo.png\",\"contentUrl\":\"https:\\\/\\\/www.lifenatura.com\\\/wp-content\\\/uploads\\\/2021\\\/07\\\/logo.png\",\"width\":175,\"height\":55,\"caption\":\"Lifenatura\"},\"image\":{\"@id\":\"https:\\\/\\\/www.lifenatura.com\\\/es\\\/#\\\/schema\\\/logo\\\/image\\\/\"},\"sameAs\":[\"https:\\\/\\\/www.facebook.com\\\/lifenatura\",\"https:\\\/\\\/www.instagram.com\\\/lifenaturapt\\\/\"],\"hasMerchantReturnPolicy\":{\"@type\":\"MerchantReturnPolicy\",\"merchantReturnLink\":\"https:\\\/\\\/www.lifenatura.com\\\/termos-condicoes-lifenatura\\\/\"}}]}<\/script>\n<meta property=\"product:price:amount\" content=\"9.21\" \/>\n<meta property=\"product:price:currency\" content=\"EUR\" \/>\n<meta property=\"og:availability\" content=\"instock\" \/>\n<meta property=\"product:availability\" content=\"instock\" \/>\n<meta property=\"product:retailer_item_id\" content=\"5600872804659\" \/>\n<meta property=\"product:condition\" content=\"new\" \/>\n<!-- \/ Yoast SEO Premium plugin. -->","yoast_head_json":{"title":"Manzana Fibra Bio 200g - Iswari - Na Lifenatura ao Melhor Pre\u00e7o | Envio em 48h","description":"Una dieta rica en fibra combinada con hidrataci\u00f3n es la combinaci\u00f3n ideal para el bienestar general, as\u00ed que prueba ya la Fibra de Manzana Ecol\u00f3gica de Iswari.","robots":{"index":"index","follow":"follow","max-snippet":"max-snippet:-1","max-image-preview":"max-image-preview:large","max-video-preview":"max-video-preview:-1"},"canonical":"https:\/\/www.lifenatura.com\/es\/produto\/manzana-fibra-bio-200g-iswari\/","og_locale":"es_ES","og_type":"article","og_title":"Manzana Fibra Bio 200g - Iswari - Na Lifenatura ao Melhor Pre\u00e7o | Envio 48h","og_description":"Compre Manzana Fibra Bio 200g - Iswari com envio r\u00e1pido. Entrega em 48h e portes gr\u00e1tis em compras >35\u20ac. Aproveite j\u00e1 na Lifenatura","og_url":"https:\/\/www.lifenatura.com\/es\/produto\/manzana-fibra-bio-200g-iswari\/","og_site_name":"Lifenatura","article_publisher":"https:\/\/www.facebook.com\/lifenatura","article_modified_time":"2024-02-09T14:03:25+00:00","og_image":[{"width":1000,"height":1000,"url":"https:\/\/www.lifenatura.com\/wp-content\/uploads\/2024\/01\/Fibra-de-Maca-Bio-200g-Iswari.jpg","type":"image\/jpeg"}],"twitter_card":"summary_large_image","twitter_misc":{"Precio":"9,21&nbsp;&euro;","Disponibilidad":"Disponible"},"schema":{"@context":"https:\/\/schema.org","@graph":[{"@type":"WebPage","@id":"https:\/\/www.lifenatura.com\/es\/produto\/manzana-fibra-bio-200g-iswari\/","url":"https:\/\/www.lifenatura.com\/es\/produto\/manzana-fibra-bio-200g-iswari\/","name":"Manzana Fibra Bio 200g - Iswari - Na Lifenatura ao Melhor Pre\u00e7o | Envio em 48h","isPartOf":{"@id":"https:\/\/www.lifenatura.com\/es\/#website"},"primaryImageOfPage":{"@id":"https:\/\/www.lifenatura.com\/es\/produto\/manzana-fibra-bio-200g-iswari\/#primaryimage"},"image":{"@id":"https:\/\/www.lifenatura.com\/es\/produto\/manzana-fibra-bio-200g-iswari\/#primaryimage"},"thumbnailUrl":"https:\/\/www.lifenatura.com\/wp-content\/uploads\/2024\/01\/fibra-maca-iswari.jpg","datePublished":"2024-01-26T17:33:20+00:00","dateModified":"2024-02-09T14:03:25+00:00","description":"Una dieta rica en fibra combinada con hidrataci\u00f3n es la combinaci\u00f3n ideal para el bienestar general, as\u00ed que prueba ya la Fibra de Manzana Ecol\u00f3gica de Iswari.","breadcrumb":{"@id":"https:\/\/www.lifenatura.com\/es\/produto\/manzana-fibra-bio-200g-iswari\/#breadcrumb"},"inLanguage":"es","potentialAction":[{"@type":"ReadAction","target":["https:\/\/www.lifenatura.com\/es\/produto\/manzana-fibra-bio-200g-iswari\/"]}]},{"@type":"ImageObject","inLanguage":"es","@id":"https:\/\/www.lifenatura.com\/es\/produto\/manzana-fibra-bio-200g-iswari\/#primaryimage","url":"https:\/\/www.lifenatura.com\/wp-content\/uploads\/2024\/01\/fibra-maca-iswari.jpg","contentUrl":"https:\/\/www.lifenatura.com\/wp-content\/uploads\/2024\/01\/fibra-maca-iswari.jpg","width":1080,"height":1080,"caption":"Fibra de Ma\u00e7\u00e3 Iswari"},{"@type":"BreadcrumbList","@id":"https:\/\/www.lifenatura.com\/es\/produto\/manzana-fibra-bio-200g-iswari\/#breadcrumb","itemListElement":[{"@type":"ListItem","position":1,"name":"In\u00edcio","item":"https:\/\/www.lifenatura.com\/es\/"},{"@type":"ListItem","position":2,"name":"Todos los Productos","item":"https:\/\/www.lifenatura.com\/es\/tienda\/"},{"@type":"ListItem","position":3,"name":"Manzana Fibra Bio 200g &#8211; Iswari"}]},{"@type":"WebSite","@id":"https:\/\/www.lifenatura.com\/es\/#website","url":"https:\/\/www.lifenatura.com\/es\/","name":"Lifenatura","description":"A Lifenatura \u00e9 uma loja de produtos naturais, cosm\u00e9tica natural e alimenta\u00e7\u00e3o Biol\u00f3gica.","publisher":{"@id":"https:\/\/www.lifenatura.com\/es\/#organization"},"potentialAction":[{"@type":"SearchAction","target":{"@type":"EntryPoint","urlTemplate":"https:\/\/www.lifenatura.com\/es\/?s={search_term_string}"},"query-input":{"@type":"PropertyValueSpecification","valueRequired":true,"valueName":"search_term_string"}}],"inLanguage":"es"},{"@type":"Organization","@id":"https:\/\/www.lifenatura.com\/es\/#organization","name":"Lifenatura","url":"https:\/\/www.lifenatura.com\/es\/","logo":{"@type":"ImageObject","inLanguage":"es","@id":"https:\/\/www.lifenatura.com\/es\/#\/schema\/logo\/image\/","url":"https:\/\/www.lifenatura.com\/wp-content\/uploads\/2021\/07\/logo.png","contentUrl":"https:\/\/www.lifenatura.com\/wp-content\/uploads\/2021\/07\/logo.png","width":175,"height":55,"caption":"Lifenatura"},"image":{"@id":"https:\/\/www.lifenatura.com\/es\/#\/schema\/logo\/image\/"},"sameAs":["https:\/\/www.facebook.com\/lifenatura","https:\/\/www.instagram.com\/lifenaturapt\/"],"hasMerchantReturnPolicy":{"@type":"MerchantReturnPolicy","merchantReturnLink":"https:\/\/www.lifenatura.com\/termos-condicoes-lifenatura\/"}}]},"product_price_amount":"9.21","product_price_currency":"EUR","og_availability":"instock","product_availability":"instock","product_retailer_item_id":"5600872804659","product_condition":"new"},"df_price":9.21,"df_sale_price":"","df_regular_price":9.21,"df_image_link":"https:\/\/www.lifenatura.com\/wp-content\/uploads\/2024\/01\/fibra-maca-iswari-300x300.jpg","_links":{"self":[{"href":"https:\/\/www.lifenatura.com\/es\/wp-json\/wp\/v2\/product\/84878","targetHints":{"allow":["GET"]}}],"collection":[{"href":"https:\/\/www.lifenatura.com\/es\/wp-json\/wp\/v2\/product"}],"about":[{"href":"https:\/\/www.lifenatura.com\/es\/wp-json\/wp\/v2\/types\/product"}],"wp:featuredmedia":[{"embeddable":true,"href":"https:\/\/www.lifenatura.com\/es\/wp-json\/wp\/v2\/media\/129782"}],"wp:attachment":[{"href":"https:\/\/www.lifenatura.com\/es\/wp-json\/wp\/v2\/media?parent=84878"}],"wp:term":[{"taxonomy":"product_brand","embeddable":true,"href":"https:\/\/www.lifenatura.com\/es\/wp-json\/wp\/v2\/product_brand?post=84878"},{"taxonomy":"product_cat","embeddable":true,"href":"https:\/\/www.lifenatura.com\/es\/wp-json\/wp\/v2\/product_cat?post=84878"},{"taxonomy":"product_tag","embeddable":true,"href":"https:\/\/www.lifenatura.com\/es\/wp-json\/wp\/v2\/product_tag?post=84878"}],"curies":[{"name":"wp","href":"https:\/\/api.w.org\/{rel}","templated":true}]}}