{"id":84818,"date":"2024-02-08T12:24:10","date_gmt":"2024-02-08T12:24:10","guid":{"rendered":"https:\/\/www.lifenatura.com\/produto\/formula-antioxidante-avanzada-60-capsulas-solgar\/"},"modified":"2026-04-04T00:41:49","modified_gmt":"2026-04-04T00:41:49","slug":"formula-antioxidante-avanzada-60-capsulas-solgar","status":"publish","type":"product","link":"https:\/\/www.lifenatura.com\/es\/produto\/formula-antioxidante-avanzada-60-capsulas-solgar\/","title":{"rendered":"F\u00f3rmula Antioxidante Avanzada 60 C\u00e1psulas &#8211; Solgar"},"content":{"rendered":"<h2 style=\"text-align: left;\">F\u00f3rmula antioxidante avanzada<\/h2>\n<p>&nbsp;<\/p>\n<p>Hoy en d\u00eda, muchos factores contribuyen a una producci\u00f3n exagerada de radicales libres (alimentaci\u00f3n, contaminaci\u00f3n, etc.), que son poderosas estructuras qu\u00edmicas que atacan las c\u00e9lulas de nuestro organismo. Estos radicales libres pueden provocar el desarrollo de ciertas enfermedades, como enfermedades pulmonares, c\u00e1ncer y otras. Algunos nutrientes tienen la capacidad de neutralizar los radicales libres, protegiendo las c\u00e9lulas y el AON (material gen\u00e9tico que coordina toda la actividad celular).<br \/>\nLos distintos antioxidantes conocidos act\u00faan de formas diferentes, por lo que es aconsejable tomar una variedad de estos agentes para obtener el m\u00e1ximo beneficio.<\/p>\n<ul>\n<li>Las vitaminas C y E y el betacaroteno pueden captar directamente los radicales libres.<\/li>\n<li>Los minerales (selenio, zinc, manganeso y cobre) no act\u00faan directamente, pero son necesarios para la producci\u00f3n de enzimas antioxidantes. Uno de ellos es la super\u00f3xido dismutasa (SOO), que es una enzima con un alto poder antioxidante y el organismo necesita estos minerales para producirla, por lo que se denominan inductores de SOO.<\/li>\n<li>Las vitaminas del grupo B no son utilizadas inmediatamente por el organismo, ya que est\u00e1n unidas a un grupo fosfato. La vitamina B6 se utiliza en forma de piridoxal-S-fosfato y la vitamina B2 en forma de riboflavina-S-fosfato.<\/li>\n<\/ul>\n<p>La F\u00f3rmula Antioxidante Avanzada de Solgar es una f\u00f3rmula antioxidante m\u00faltiple con vitaminas (A, C y E, betacaroteno), minerales, selenio y una combinaci\u00f3n de cobre, zinc y manganeso (inductores de SOO), amino\u00e1cidos (ciste\u00edna, taurina), antioxidantes fitoalimentarios (espirulina, cardo mariano, ginkgo y gotukola); glutati\u00f3n (enzima antioxidante) y coenzimas B2 y B6.<\/p>\n<p><strong>PRESENTACI\u00d3N<\/strong><\/p>\n<p>60 c\u00e1psulas<\/p>\n<p>&nbsp;<\/p>\n","protected":false},"excerpt":{"rendered":"<p><strong>Fecha de expiraci\u00f3n: mayo de 2024<\/strong><\/p>\n<p>La F\u00f3rmula Antioxidante Avanzada de Solgar es una f\u00f3rmula antioxidante m\u00faltiple con vitaminas (A, C y E, betacaroteno), minerales, selenio y una combinaci\u00f3n de cobre, zinc y manganeso (inductores de SOO), amino\u00e1cidos (ciste\u00edna, taurina), antioxidantes fitoalimentarios (espirulina, cardo mariano, ginkgo y gotukola); glutati\u00f3n (enzima antioxidante) y coenzimas B2 y B6. [&#8230;]<\/p>\n<p><a class=\"btn btn-secondary understrap-read-more-link\" href=\"https:\/\/www.lifenatura.com\/es\/produto\/formula-antioxidante-avanzada-60-capsulas-solgar\/\">Leer m\u00e1s&#8230;<span class=\"screen-reader-text\"> from F\u00f3rmula Antioxidante Avanzada 60 C\u00e1psulas &#8211; Solgar<\/span><\/a><\/p>\n","protected":false},"featured_media":128992,"template":"","meta":{"_acf_changed":false},"product_brand":[8365],"product_cat":[7236,7211,7179],"product_tag":[8682],"class_list":{"0":"post-84818","1":"product","2":"type-product","3":"status-publish","4":"has-post-thumbnail","6":"product_brand-solgar","7":"product_cat-antioxidantes-salud","8":"product_cat-reforza-la-inmunidad-salud","9":"product_cat-salud","10":"product_tag-dietimport","12":"first","13":"outofstock","14":"featured","15":"shipping-taxable","16":"purchasable","17":"product-type-simple","18":"add-to-wishlist-before_image"},"acf":[],"yoast_head":"<!-- This site is optimized with the Yoast SEO Premium plugin v27.1 (Yoast SEO v27.3) - https:\/\/yoast.com\/product\/yoast-seo-premium-wordpress\/ -->\n<title>F\u00f3rmula Antioxidante Avanzada 60 C\u00e1psulas - Solgar - Lifenatura<\/title>\n<meta name=\"description\" content=\"Advanced Antioxidant Formula de Solgar es una f\u00f3rmula antioxidante m\u00faltiple con vitaminas (A, C y E, betacaroteno), minerales, amino\u00e1cidos, coenzima B2,...\" \/>\n<meta name=\"robots\" content=\"index, follow, max-snippet:-1, max-image-preview:large, max-video-preview:-1\" \/>\n<link rel=\"canonical\" href=\"https:\/\/www.lifenatura.com\/es\/produto\/formula-antioxidante-avanzada-60-capsulas-solgar\/\" \/>\n<meta property=\"og:locale\" content=\"es_ES\" \/>\n<meta property=\"og:type\" content=\"article\" \/>\n<meta property=\"og:title\" content=\"F\u00f3rmula Antioxidante Avanzada 60 C\u00e1psulas - Solgar - Lifenatura\" \/>\n<meta property=\"og:description\" content=\"Compre aqui o seu F\u00f3rmula Antioxidante Avanzada 60 C\u00e1psulas - Solgar e a Lifenatura Online envia em 48 H com Portes Gratis &gt;35\u20ac de Pedido.\" \/>\n<meta property=\"og:url\" content=\"https:\/\/www.lifenatura.com\/es\/produto\/formula-antioxidante-avanzada-60-capsulas-solgar\/\" \/>\n<meta property=\"og:site_name\" content=\"Lifenatura\" \/>\n<meta property=\"article:publisher\" content=\"https:\/\/www.facebook.com\/lifenatura\" \/>\n<meta property=\"article:modified_time\" content=\"2026-04-04T00:41:49+00:00\" \/>\n<meta property=\"og:image\" content=\"https:\/\/www.lifenatura.com\/wp-content\/uploads\/2024\/02\/Advanced-Antioxidant-Formula-60-Capsulas-Solgar.jpg\" \/>\n\t<meta property=\"og:image:width\" content=\"1000\" \/>\n\t<meta property=\"og:image:height\" content=\"1000\" \/>\n\t<meta property=\"og:image:type\" content=\"image\/jpeg\" \/>\n<meta name=\"twitter:card\" content=\"summary_large_image\" \/>\n<meta name=\"twitter:label1\" content=\"Precio\" \/>\n\t<meta name=\"twitter:data1\" content=\"38,39&nbsp;&euro;\" \/>\n\t<meta name=\"twitter:label2\" content=\"Disponibilidad\" \/>\n\t<meta name=\"twitter:data2\" content=\"Sin existencias\" \/>\n<meta property=\"product:price:amount\" content=\"38.39\" \/>\n<meta property=\"product:price:currency\" content=\"EUR\" \/>\n<meta property=\"og:availability\" content=\"out of stock\" \/>\n<meta property=\"product:availability\" content=\"out of stock\" \/>\n<meta property=\"product:retailer_item_id\" content=\"33984010338\" \/>\n<meta property=\"product:condition\" content=\"new\" \/>\n<!-- \/ Yoast SEO Premium plugin. -->","yoast_head_json":{"title":"F\u00f3rmula Antioxidante Avanzada 60 C\u00e1psulas - Solgar - Lifenatura","description":"Advanced Antioxidant Formula de Solgar es una f\u00f3rmula antioxidante m\u00faltiple con vitaminas (A, C y E, betacaroteno), minerales, amino\u00e1cidos, coenzima B2,...","robots":{"index":"index","follow":"follow","max-snippet":"max-snippet:-1","max-image-preview":"max-image-preview:large","max-video-preview":"max-video-preview:-1"},"canonical":"https:\/\/www.lifenatura.com\/es\/produto\/formula-antioxidante-avanzada-60-capsulas-solgar\/","og_locale":"es_ES","og_type":"article","og_title":"F\u00f3rmula Antioxidante Avanzada 60 C\u00e1psulas - Solgar - Lifenatura","og_description":"Compre aqui o seu F\u00f3rmula Antioxidante Avanzada 60 C\u00e1psulas - Solgar e a Lifenatura Online envia em 48 H com Portes Gratis >35\u20ac de Pedido.","og_url":"https:\/\/www.lifenatura.com\/es\/produto\/formula-antioxidante-avanzada-60-capsulas-solgar\/","og_site_name":"Lifenatura","article_publisher":"https:\/\/www.facebook.com\/lifenatura","article_modified_time":"2026-04-04T00:41:49+00:00","og_image":[{"width":1000,"height":1000,"url":"https:\/\/www.lifenatura.com\/wp-content\/uploads\/2024\/02\/Advanced-Antioxidant-Formula-60-Capsulas-Solgar.jpg","type":"image\/jpeg"}],"twitter_card":"summary_large_image","twitter_misc":{"Precio":"38,39&nbsp;&euro;","Disponibilidad":"Sin existencias"},"schema":{"@context":"https:\/\/schema.org","@graph":[{"@type":"WebPage","@id":"https:\/\/www.lifenatura.com\/es\/produto\/formula-antioxidante-avanzada-60-capsulas-solgar\/","url":"https:\/\/www.lifenatura.com\/es\/produto\/formula-antioxidante-avanzada-60-capsulas-solgar\/","name":"F\u00f3rmula Antioxidante Avanzada 60 C\u00e1psulas - Solgar - Lifenatura","isPartOf":{"@id":"https:\/\/www.lifenatura.com\/es\/#website"},"primaryImageOfPage":{"@id":"https:\/\/www.lifenatura.com\/es\/produto\/formula-antioxidante-avanzada-60-capsulas-solgar\/#primaryimage"},"image":{"@id":"https:\/\/www.lifenatura.com\/es\/produto\/formula-antioxidante-avanzada-60-capsulas-solgar\/#primaryimage"},"thumbnailUrl":"https:\/\/www.lifenatura.com\/wp-content\/uploads\/2026\/03\/Advanced-Antioxidant-Formula-60-Capsulas-Solgar.jpg.webp","datePublished":"2024-02-08T12:24:10+00:00","dateModified":"2026-04-04T00:41:49+00:00","description":"Advanced Antioxidant Formula de Solgar es una f\u00f3rmula antioxidante m\u00faltiple con vitaminas (A, C y E, betacaroteno), minerales, amino\u00e1cidos, coenzima B2,...","breadcrumb":{"@id":"https:\/\/www.lifenatura.com\/es\/produto\/formula-antioxidante-avanzada-60-capsulas-solgar\/#breadcrumb"},"inLanguage":"es","potentialAction":[{"@type":"ReadAction","target":["https:\/\/www.lifenatura.com\/es\/produto\/formula-antioxidante-avanzada-60-capsulas-solgar\/"]}]},{"@type":"ImageObject","inLanguage":"es","@id":"https:\/\/www.lifenatura.com\/es\/produto\/formula-antioxidante-avanzada-60-capsulas-solgar\/#primaryimage","url":"https:\/\/www.lifenatura.com\/wp-content\/uploads\/2026\/03\/Advanced-Antioxidant-Formula-60-Capsulas-Solgar.jpg.webp","contentUrl":"https:\/\/www.lifenatura.com\/wp-content\/uploads\/2026\/03\/Advanced-Antioxidant-Formula-60-Capsulas-Solgar.jpg.webp","width":1000,"height":1000},{"@type":"BreadcrumbList","@id":"https:\/\/www.lifenatura.com\/es\/produto\/formula-antioxidante-avanzada-60-capsulas-solgar\/#breadcrumb","itemListElement":[{"@type":"ListItem","position":1,"name":"In\u00edcio","item":"https:\/\/www.lifenatura.com\/es\/"},{"@type":"ListItem","position":2,"name":"Todos los Productos","item":"https:\/\/www.lifenatura.com\/es\/tienda\/"},{"@type":"ListItem","position":3,"name":"F\u00f3rmula Antioxidante Avanzada 60 C\u00e1psulas &#8211; Solgar"}]},{"@type":"WebSite","@id":"https:\/\/www.lifenatura.com\/es\/#website","url":"https:\/\/www.lifenatura.com\/es\/","name":"Lifenatura","description":"A Lifenatura \u00e9 uma loja de produtos naturais, cosm\u00e9tica natural e alimenta\u00e7\u00e3o Biol\u00f3gica.","publisher":{"@id":"https:\/\/www.lifenatura.com\/es\/#organization"},"potentialAction":[{"@type":"SearchAction","target":{"@type":"EntryPoint","urlTemplate":"https:\/\/www.lifenatura.com\/es\/?s={search_term_string}"},"query-input":{"@type":"PropertyValueSpecification","valueRequired":true,"valueName":"search_term_string"}}],"inLanguage":"es"},{"@type":"Organization","@id":"https:\/\/www.lifenatura.com\/es\/#organization","name":"Lifenatura","url":"https:\/\/www.lifenatura.com\/es\/","logo":{"@type":"ImageObject","inLanguage":"es","@id":"https:\/\/www.lifenatura.com\/es\/#\/schema\/logo\/image\/","url":"https:\/\/www.lifenatura.com\/wp-content\/uploads\/2021\/11\/logo.png","contentUrl":"https:\/\/www.lifenatura.com\/wp-content\/uploads\/2021\/11\/logo.png","width":175,"height":55,"caption":"Lifenatura"},"image":{"@id":"https:\/\/www.lifenatura.com\/es\/#\/schema\/logo\/image\/"},"sameAs":["https:\/\/www.facebook.com\/lifenatura","https:\/\/www.instagram.com\/lifenaturapt\/"]}]},"product_price_amount":"38.39","product_price_currency":"EUR","og_availability":"out of stock","product_availability":"out of stock","product_retailer_item_id":"33984010338","product_condition":"new"},"df_price":38.39,"df_sale_price":28.79,"df_regular_price":38.39,"df_image_link":"https:\/\/www.lifenatura.com\/wp-content\/uploads\/2026\/03\/Advanced-Antioxidant-Formula-60-Capsulas-Solgar.jpg-300x300.webp","_links":{"self":[{"href":"https:\/\/www.lifenatura.com\/es\/wp-json\/wp\/v2\/product\/84818","targetHints":{"allow":["GET"]}}],"collection":[{"href":"https:\/\/www.lifenatura.com\/es\/wp-json\/wp\/v2\/product"}],"about":[{"href":"https:\/\/www.lifenatura.com\/es\/wp-json\/wp\/v2\/types\/product"}],"wp:featuredmedia":[{"embeddable":true,"href":"https:\/\/www.lifenatura.com\/es\/wp-json\/wp\/v2\/media\/128992"}],"wp:attachment":[{"href":"https:\/\/www.lifenatura.com\/es\/wp-json\/wp\/v2\/media?parent=84818"}],"wp:term":[{"taxonomy":"product_brand","embeddable":true,"href":"https:\/\/www.lifenatura.com\/es\/wp-json\/wp\/v2\/product_brand?post=84818"},{"taxonomy":"product_cat","embeddable":true,"href":"https:\/\/www.lifenatura.com\/es\/wp-json\/wp\/v2\/product_cat?post=84818"},{"taxonomy":"product_tag","embeddable":true,"href":"https:\/\/www.lifenatura.com\/es\/wp-json\/wp\/v2\/product_tag?post=84818"}],"curies":[{"name":"wp","href":"https:\/\/api.w.org\/{rel}","templated":true}]}}