{"id":84736,"date":"2023-09-21T16:51:05","date_gmt":"2023-09-21T16:51:05","guid":{"rendered":"https:\/\/www.lifenatura.com\/produto\/aceite-esencial-de-laurel-bio-5-ml-ladrome\/"},"modified":"2024-02-26T18:13:23","modified_gmt":"2024-02-26T18:13:23","slug":"aceite-esencial-de-laurel-bio-5-ml-ladrome","status":"publish","type":"product","link":"https:\/\/www.lifenatura.com\/es\/produto\/aceite-esencial-de-laurel-bio-5-ml-ladrome\/","title":{"rendered":"Aceite esencial de Laurel Bio 5 ml &#8211; Ladr\u00f4me"},"content":{"rendered":"<h2 style=\"text-align: left;\">Aceite esencial de laurel ecol\u00f3gico<\/h2>\n<p>&nbsp;<\/p>\n<p>El laurel es un arbusto de entre 2 y 15 metros de altura, originario de la cuenca mediterr\u00e1nea, con hojas de color verde oscuro, flores blancas y bayas negras. Tradicionalmente utilizado para tratar trastornos del tracto digestivo superior y dolores artr\u00edticos. En aromaterapia, el aceite esencial se utiliza principalmente para aliviar dolores musculares y articulares, para estimular la resistencia natural, como expectorante y mucol\u00edtico, para purificar la piel grasa y propensa al acn\u00e9, para estimular el apetito y la secreci\u00f3n de jugos g\u00e1stricos, como armonizante y calmante (miedo y ansiedad).<\/p>\n<p><strong>Propiedades terap\u00e9uticas<\/strong><\/p>\n<ul>\n<li>Antial\u00e9rgico, Antineur\u00e1lgico, Antirreum\u00e1tico, Antiespasm\u00f3dico, Mucol\u00edtico Expectorante, Antimicrobiano (antibacteriano, antiv\u00edrico, antif\u00fangico), Antimicrobiano, Astringente, Cicatrizante, Equilibrante (entre parasimp\u00e1tico y ortosimp\u00e1tico), Neurot\u00f3nico, Estimulante mental.<\/li>\n<\/ul>\n<p><strong>Principales indicaciones<\/strong><\/p>\n<ul>\n<li>Dolor, artritis, reumatismo articular y muscular, atrosis, contracturas, calambres y dolores musculares, esguinces, neuralgias, ci\u00e1tica, lumbago, bronquitis cr\u00f3nica, sinusitis, amigdalitis, otitis, gripe, estomatitis, odontalgia, aftas, gingivitis, hepatitis v\u00edrica y enterocolitis, Cistitis, Vaginitis, Adenitis, Acn\u00e9, For\u00fanculos, P\u00fastulas, Abscesos, Heridas infectadas, \u00dalceras, Piel grasa, Micosis, Verrugas, Callosidades, Diston\u00eda neurovegetativa, Ansiedad, Indecisi\u00f3n, Falta de fuerza de voluntad, Conflicto, Depresi\u00f3n, Insomnio, Nefritis v\u00edrica Parto.<\/li>\n<\/ul>\n<p><strong>PRESENTACI\u00d3N<\/strong><\/p>\n<p>5 ml<\/p>\n","protected":false},"excerpt":{"rendered":"<p>El Aceite Esencial de Laurel Bio se utiliza principalmente para aliviar los m\u00fasculos y las articulaciones doloridas, estimular la resistencia natural, como expectorante y mucol\u00edtico, purificar las pieles grasas y con tendencia al acn\u00e9, estimular el apetito y la secreci\u00f3n de jugos g\u00e1stricos, como armonizante y calmante (miedo, ansiedad,&#8230;). [&#8230;]<\/p>\n<p><a class=\"btn btn-secondary understrap-read-more-link\" href=\"https:\/\/www.lifenatura.com\/es\/produto\/aceite-esencial-de-laurel-bio-5-ml-ladrome\/\">Leer m\u00e1s&#8230;<span class=\"screen-reader-text\"> from Aceite esencial de Laurel Bio 5 ml &#8211; Ladr\u00f4me<\/span><\/a><\/p>\n","protected":false},"featured_media":77565,"template":"","meta":{"_acf_changed":false},"product_brand":[8338],"product_cat":[7929,7213,7201,7184,7206,7211,7179],"product_tag":[],"class_list":{"0":"post-84736","1":"product","2":"type-product","3":"status-publish","4":"has-post-thumbnail","6":"product_brand-ladrome-es","7":"product_cat-sin-categoria","8":"product_cat-ansiedad-y-depresion","9":"product_cat-aromaterapia-salud","10":"product_cat-estimulante-del-apetito","11":"product_cat-musculos-salud","12":"product_cat-reforza-la-inmunidad-salud","13":"product_cat-salud","15":"first","16":"instock","17":"sale","18":"featured","19":"shipping-taxable","20":"purchasable","21":"product-type-simple","22":"add-to-wishlist-before_image"},"acf":[],"yoast_head":"<!-- This site is optimized with the Yoast SEO Premium plugin v27.1 (Yoast SEO v27.4) - https:\/\/yoast.com\/product\/yoast-seo-premium-wordpress\/ -->\n<title>Aceite esencial de Laurel Bio 5 ml - Ladr\u00f4me - Lifenatura<\/title>\n<meta name=\"description\" content=\"El aceite esencial de laurel se utiliza principalmente para aliviar dolores musculares y articulares, estimular la resistencia natural y mucho m\u00e1s.\" \/>\n<meta name=\"robots\" content=\"index, follow, max-snippet:-1, max-image-preview:large, max-video-preview:-1\" \/>\n<link rel=\"canonical\" href=\"https:\/\/www.lifenatura.com\/es\/produto\/aceite-esencial-de-laurel-bio-5-ml-ladrome\/\" \/>\n<meta property=\"og:locale\" content=\"es_ES\" \/>\n<meta property=\"og:type\" content=\"article\" \/>\n<meta property=\"og:title\" content=\"Aceite esencial de Laurel Bio 5 ml - Ladr\u00f4me - Lifenatura\" \/>\n<meta property=\"og:description\" content=\"Compre aqui o seu Aceite esencial de Laurel Bio 5 ml - Ladr\u00f4me e a Lifenatura Online envia em 48 H com Portes Gratis &gt;35\u20ac de Pedido.\" \/>\n<meta property=\"og:url\" content=\"https:\/\/www.lifenatura.com\/es\/produto\/aceite-esencial-de-laurel-bio-5-ml-ladrome\/\" \/>\n<meta property=\"og:site_name\" content=\"Lifenatura\" \/>\n<meta property=\"article:publisher\" content=\"https:\/\/www.facebook.com\/lifenatura\" \/>\n<meta property=\"article:modified_time\" content=\"2024-02-26T18:13:23+00:00\" \/>\n<meta property=\"og:image\" content=\"https:\/\/www.lifenatura.com\/wp-content\/uploads\/2023\/09\/oleo-essencial-louro-5ml-ladrome.jpg\" \/>\n\t<meta property=\"og:image:width\" content=\"1000\" \/>\n\t<meta property=\"og:image:height\" content=\"1000\" \/>\n\t<meta property=\"og:image:type\" content=\"image\/jpeg\" \/>\n<meta name=\"twitter:card\" content=\"summary_large_image\" \/>\n<meta name=\"twitter:label1\" content=\"Precio\" \/>\n\t<meta name=\"twitter:data1\" content=\"16,16&nbsp;&euro;\" \/>\n\t<meta name=\"twitter:label2\" content=\"Disponibilidad\" \/>\n\t<meta name=\"twitter:data2\" content=\"Disponible\" \/>\n<meta property=\"product:price:amount\" content=\"16.16\" \/>\n<meta property=\"product:price:currency\" content=\"EUR\" \/>\n<meta property=\"og:availability\" content=\"instock\" \/>\n<meta property=\"product:availability\" content=\"instock\" \/>\n<meta property=\"product:retailer_item_id\" content=\"3486330128299\" \/>\n<meta property=\"product:condition\" content=\"new\" \/>\n<!-- \/ Yoast SEO Premium plugin. -->","yoast_head_json":{"title":"Aceite esencial de Laurel Bio 5 ml - Ladr\u00f4me - Lifenatura","description":"El aceite esencial de laurel se utiliza principalmente para aliviar dolores musculares y articulares, estimular la resistencia natural y mucho m\u00e1s.","robots":{"index":"index","follow":"follow","max-snippet":"max-snippet:-1","max-image-preview":"max-image-preview:large","max-video-preview":"max-video-preview:-1"},"canonical":"https:\/\/www.lifenatura.com\/es\/produto\/aceite-esencial-de-laurel-bio-5-ml-ladrome\/","og_locale":"es_ES","og_type":"article","og_title":"Aceite esencial de Laurel Bio 5 ml - Ladr\u00f4me - Lifenatura","og_description":"Compre aqui o seu Aceite esencial de Laurel Bio 5 ml - Ladr\u00f4me e a Lifenatura Online envia em 48 H com Portes Gratis >35\u20ac de Pedido.","og_url":"https:\/\/www.lifenatura.com\/es\/produto\/aceite-esencial-de-laurel-bio-5-ml-ladrome\/","og_site_name":"Lifenatura","article_publisher":"https:\/\/www.facebook.com\/lifenatura","article_modified_time":"2024-02-26T18:13:23+00:00","og_image":[{"width":1000,"height":1000,"url":"https:\/\/www.lifenatura.com\/wp-content\/uploads\/2023\/09\/oleo-essencial-louro-5ml-ladrome.jpg","type":"image\/jpeg"}],"twitter_card":"summary_large_image","twitter_misc":{"Precio":"16,16&nbsp;&euro;","Disponibilidad":"Disponible"},"schema":{"@context":"https:\/\/schema.org","@graph":[{"@type":"WebPage","@id":"https:\/\/www.lifenatura.com\/es\/produto\/aceite-esencial-de-laurel-bio-5-ml-ladrome\/","url":"https:\/\/www.lifenatura.com\/es\/produto\/aceite-esencial-de-laurel-bio-5-ml-ladrome\/","name":"Aceite esencial de Laurel Bio 5 ml - Ladr\u00f4me - Lifenatura","isPartOf":{"@id":"https:\/\/www.lifenatura.com\/es\/#website"},"primaryImageOfPage":{"@id":"https:\/\/www.lifenatura.com\/es\/produto\/aceite-esencial-de-laurel-bio-5-ml-ladrome\/#primaryimage"},"image":{"@id":"https:\/\/www.lifenatura.com\/es\/produto\/aceite-esencial-de-laurel-bio-5-ml-ladrome\/#primaryimage"},"thumbnailUrl":"https:\/\/www.lifenatura.com\/wp-content\/uploads\/2023\/09\/oleo-essencial-louro-5ml-ladrome.jpg","datePublished":"2023-09-21T16:51:05+00:00","dateModified":"2024-02-26T18:13:23+00:00","description":"El aceite esencial de laurel se utiliza principalmente para aliviar dolores musculares y articulares, estimular la resistencia natural y mucho m\u00e1s.","breadcrumb":{"@id":"https:\/\/www.lifenatura.com\/es\/produto\/aceite-esencial-de-laurel-bio-5-ml-ladrome\/#breadcrumb"},"inLanguage":"es","potentialAction":[{"@type":"ReadAction","target":["https:\/\/www.lifenatura.com\/es\/produto\/aceite-esencial-de-laurel-bio-5-ml-ladrome\/"]}]},{"@type":"ImageObject","inLanguage":"es","@id":"https:\/\/www.lifenatura.com\/es\/produto\/aceite-esencial-de-laurel-bio-5-ml-ladrome\/#primaryimage","url":"https:\/\/www.lifenatura.com\/wp-content\/uploads\/2023\/09\/oleo-essencial-louro-5ml-ladrome.jpg","contentUrl":"https:\/\/www.lifenatura.com\/wp-content\/uploads\/2023\/09\/oleo-essencial-louro-5ml-ladrome.jpg","width":1000,"height":1000,"caption":"Aceite esencial de Laurel 5 ml - Ladr\u00f4me"},{"@type":"BreadcrumbList","@id":"https:\/\/www.lifenatura.com\/es\/produto\/aceite-esencial-de-laurel-bio-5-ml-ladrome\/#breadcrumb","itemListElement":[{"@type":"ListItem","position":1,"name":"In\u00edcio","item":"https:\/\/www.lifenatura.com\/es\/"},{"@type":"ListItem","position":2,"name":"Todos los Productos","item":"https:\/\/www.lifenatura.com\/es\/tienda\/"},{"@type":"ListItem","position":3,"name":"Aceite esencial de Laurel Bio 5 ml &#8211; Ladr\u00f4me"}]},{"@type":"WebSite","@id":"https:\/\/www.lifenatura.com\/es\/#website","url":"https:\/\/www.lifenatura.com\/es\/","name":"Lifenatura","description":"A Lifenatura \u00e9 uma loja de produtos naturais, cosm\u00e9tica natural e alimenta\u00e7\u00e3o Biol\u00f3gica.","publisher":{"@id":"https:\/\/www.lifenatura.com\/es\/#organization"},"potentialAction":[{"@type":"SearchAction","target":{"@type":"EntryPoint","urlTemplate":"https:\/\/www.lifenatura.com\/es\/?s={search_term_string}"},"query-input":{"@type":"PropertyValueSpecification","valueRequired":true,"valueName":"search_term_string"}}],"inLanguage":"es"},{"@type":"Organization","@id":"https:\/\/www.lifenatura.com\/es\/#organization","name":"Lifenatura","url":"https:\/\/www.lifenatura.com\/es\/","logo":{"@type":"ImageObject","inLanguage":"es","@id":"https:\/\/www.lifenatura.com\/es\/#\/schema\/logo\/image\/","url":"https:\/\/www.lifenatura.com\/wp-content\/uploads\/2021\/11\/logo.png","contentUrl":"https:\/\/www.lifenatura.com\/wp-content\/uploads\/2021\/11\/logo.png","width":175,"height":55,"caption":"Lifenatura"},"image":{"@id":"https:\/\/www.lifenatura.com\/es\/#\/schema\/logo\/image\/"},"sameAs":["https:\/\/www.facebook.com\/lifenatura","https:\/\/www.instagram.com\/lifenaturapt\/"]}]},"product_price_amount":"16.16","product_price_currency":"EUR","og_availability":"instock","product_availability":"instock","product_retailer_item_id":"3486330128299","product_condition":"new"},"df_price":16.16,"df_sale_price":16.16,"df_regular_price":19.01,"df_image_link":"https:\/\/www.lifenatura.com\/wp-content\/uploads\/2023\/09\/oleo-essencial-louro-5ml-ladrome-300x300.jpg","_links":{"self":[{"href":"https:\/\/www.lifenatura.com\/es\/wp-json\/wp\/v2\/product\/84736","targetHints":{"allow":["GET"]}}],"collection":[{"href":"https:\/\/www.lifenatura.com\/es\/wp-json\/wp\/v2\/product"}],"about":[{"href":"https:\/\/www.lifenatura.com\/es\/wp-json\/wp\/v2\/types\/product"}],"wp:featuredmedia":[{"embeddable":true,"href":"https:\/\/www.lifenatura.com\/es\/wp-json\/wp\/v2\/media\/77565"}],"wp:attachment":[{"href":"https:\/\/www.lifenatura.com\/es\/wp-json\/wp\/v2\/media?parent=84736"}],"wp:term":[{"taxonomy":"product_brand","embeddable":true,"href":"https:\/\/www.lifenatura.com\/es\/wp-json\/wp\/v2\/product_brand?post=84736"},{"taxonomy":"product_cat","embeddable":true,"href":"https:\/\/www.lifenatura.com\/es\/wp-json\/wp\/v2\/product_cat?post=84736"},{"taxonomy":"product_tag","embeddable":true,"href":"https:\/\/www.lifenatura.com\/es\/wp-json\/wp\/v2\/product_tag?post=84736"}],"curies":[{"name":"wp","href":"https:\/\/api.w.org\/{rel}","templated":true}]}}