{"id":84734,"date":"2023-09-21T16:51:28","date_gmt":"2023-09-21T16:51:28","guid":{"rendered":"https:\/\/www.lifenatura.com\/produto\/aceite-esencial-de-niaouli-bio-10-ml-ladrome\/"},"modified":"2024-02-26T18:13:21","modified_gmt":"2024-02-26T18:13:21","slug":"aceite-esencial-de-niaouli-bio-10-ml-ladrome","status":"publish","type":"product","link":"https:\/\/www.lifenatura.com\/es\/produto\/aceite-esencial-de-niaouli-bio-10-ml-ladrome\/","title":{"rendered":"Aceite esencial de Niaouli Bio 10 ml &#8211; Ladr\u00f4me"},"content":{"rendered":"<h2 style=\"text-align: left;\">Aceite esencial de Niaouli Bio<\/h2>\n<p>&nbsp;<\/p>\n<p>El niaouli es un \u00e1rbol abundante, de unos quince metros de altura, originario de Nueva Caledonia. El g\u00e9nero Melaleuca incluye varias especies (el \u00e1rbol del t\u00e9 y el cajeput son las m\u00e1s conocidas). Este aceite esencial es indispensable para muchas afecciones de las v\u00edas respiratorias por sus propiedades antivirales, expectorantes y mucol\u00edticas. M\u00e1s generalmente antiinfeccioso, est\u00e1 indicado para ayudar a combatir infecciones cut\u00e1neas como el herpes. Este aceite esencial tambi\u00e9n puede utilizarse en afecciones cut\u00e1neas como las quemaduras causadas por la radioterapia.<\/p>\n<p><strong>Propiedades terap\u00e9uticas<\/strong><\/p>\n<ul>\n<li>Antimicrobiano (antibacteriano, antiviral, antif\u00fangico); Antis\u00e9ptico pulmonar, genitourinario e intestinal, Antiparasitario, Expectorante, Anticatarral, Febr\u00edfugo, Antiinflamatorio, Inmunoestimulante; Descongestionante venoso y linf\u00e1tico, Antiinflamatorio, Analg\u00e9sico, Antirreum\u00e1tico; Antiinflamatorio, T\u00f3nico cut\u00e1neo, Protector cut\u00e1neo, Radioprotector, Cicatrizante, Antipruriginoso, Antibacteriano, Antimic\u00f3tico, Estimulante hepatocelular, Antil\u00edtico.<\/li>\n<\/ul>\n<p><strong>Principales indicaciones<\/strong><\/p>\n<ul>\n<li>Infecciones respiratorias cr\u00f3nicas, Catarro pulmonar, Bronquitis, Sinusitis, Laringitis, Tos, Otitis, Gripe, Rinitis, Rinofaringitis, Amigdalitis, Cistitis, Uretritis, Prostatitis, Herpes genital, Displasia cervical, Virus del papiloma humano Vaginitis, Vulvovaginitis, Leucorrea, Salpingitis, Gastritis, \u00dalceras gastroduodenales, Diarrea Enteritis v\u00edrica C\u00f3lera, Disenter\u00eda, Hepatitis v\u00edrica Inmunodeficiencia, Mononucleosis, Fiebre, Varices, Hemorroides, Mala circulaci\u00f3n, Edema venoso y linfedema, Artritis, Cardiopat\u00eda coronaria Endocarditis Aterosclerosis, Menopausia, Dolores musculares y reum\u00e1ticos, Artritis reumatoide, Quemaduras por radioterapia (prevenci\u00f3n y tratamiento), Heridas por electrocoagulaci\u00f3n, Heridas sobreinfectadas, Acn\u00e9, For\u00fanculos, Abscesos, Dermatosis f\u00fangicas, Micosis, Picaduras de insectos, Psoriasis, Arrugas, Piel fl\u00e1cida, Insuficiencia hep\u00e1tica, Litiasis biliar.<\/li>\n<\/ul>\n<p><strong>PRESENTACI\u00d3N<\/strong><\/p>\n<p>10 ml<\/p>\n<p>&nbsp;<\/p>\n","protected":false},"excerpt":{"rendered":"<p>El Aceite Esencial Niaouli Bio est\u00e1 indicado para afecciones de las v\u00edas respiratorias, infecciones cut\u00e1neas (herpes) y tambi\u00e9n puede utilizarse para enfermedades de la piel como las quemaduras causadas por la radioterapia. [&#8230;]<\/p>\n<p><a class=\"btn btn-secondary understrap-read-more-link\" href=\"https:\/\/www.lifenatura.com\/es\/produto\/aceite-esencial-de-niaouli-bio-10-ml-ladrome\/\">Leer m\u00e1s&#8230;<span class=\"screen-reader-text\"> from Aceite esencial de Niaouli Bio 10 ml &#8211; Ladr\u00f4me<\/span><\/a><\/p>\n","protected":false},"featured_media":77563,"template":"","meta":{"_acf_changed":false},"product_brand":[8338],"product_cat":[7201,7231,7211,7183,7179,7244,7929],"product_tag":[],"class_list":{"0":"post-84734","1":"product","2":"type-product","3":"status-publish","4":"has-post-thumbnail","6":"product_brand-ladrome-es","7":"product_cat-aromaterapia-salud","8":"product_cat-gripe","9":"product_cat-reforza-la-inmunidad-salud","10":"product_cat-reforza-la-inmunidad","11":"product_cat-salud","12":"product_cat-salud-de-la-mujer","13":"product_cat-sin-categoria","15":"first","16":"instock","17":"sale","18":"featured","19":"shipping-taxable","20":"purchasable","21":"product-type-simple","22":"add-to-wishlist-before_image"},"acf":[],"yoast_head":"<!-- This site is optimized with the Yoast SEO Premium plugin v27.1 (Yoast SEO v27.5) - https:\/\/yoast.com\/product\/yoast-seo-premium-wordpress\/ -->\n<title>Aceite esencial de Niaouli Bio 10 ml - Ladr\u00f4me - Na Lifenatura ao Melhor Pre\u00e7o | Envio em 48h<\/title>\n<meta name=\"description\" content=\"El Aceite Esencial Niaouli Bio est\u00e1 indicado para afecciones de las v\u00edas respiratorias, infecciones cut\u00e1neas (herpes), quemaduras causadas por radioterapia, ...\" \/>\n<meta name=\"robots\" content=\"index, follow, max-snippet:-1, max-image-preview:large, max-video-preview:-1\" \/>\n<link rel=\"canonical\" href=\"https:\/\/www.lifenatura.com\/es\/produto\/aceite-esencial-de-niaouli-bio-10-ml-ladrome\/\" \/>\n<meta property=\"og:locale\" content=\"es_ES\" \/>\n<meta property=\"og:type\" content=\"article\" \/>\n<meta property=\"og:title\" content=\"Aceite esencial de Niaouli Bio 10 ml - Ladr\u00f4me - Na Lifenatura ao Melhor Pre\u00e7o | Envio 48h\" \/>\n<meta property=\"og:description\" content=\"Compre Aceite esencial de Niaouli Bio 10 ml - Ladr\u00f4me com envio r\u00e1pido. Entrega em 48h e portes gr\u00e1tis em compras &gt;35\u20ac. Aproveite j\u00e1 na Lifenatura\" \/>\n<meta property=\"og:url\" content=\"https:\/\/www.lifenatura.com\/es\/produto\/aceite-esencial-de-niaouli-bio-10-ml-ladrome\/\" \/>\n<meta property=\"og:site_name\" content=\"Lifenatura\" \/>\n<meta property=\"article:publisher\" content=\"https:\/\/www.facebook.com\/lifenatura\" \/>\n<meta property=\"article:modified_time\" content=\"2024-02-26T18:13:21+00:00\" \/>\n<meta property=\"og:image\" content=\"https:\/\/www.lifenatura.com\/wp-content\/uploads\/2023\/09\/oleo-essencial-niaouli-10ml-ladrome.jpg\" \/>\n\t<meta property=\"og:image:width\" content=\"1000\" \/>\n\t<meta property=\"og:image:height\" content=\"1000\" \/>\n\t<meta property=\"og:image:type\" content=\"image\/jpeg\" \/>\n<meta name=\"twitter:card\" content=\"summary_large_image\" \/>\n<meta name=\"twitter:label1\" content=\"Precio\" \/>\n\t<meta name=\"twitter:data1\" content=\"7,71&nbsp;&euro;\" \/>\n\t<meta name=\"twitter:label2\" content=\"Disponibilidad\" \/>\n\t<meta name=\"twitter:data2\" content=\"Disponible\" \/>\n<script type=\"application\/ld+json\" class=\"yoast-schema-graph\">{\"@context\":\"https:\\\/\\\/schema.org\",\"@graph\":[{\"@type\":\"WebPage\",\"@id\":\"https:\\\/\\\/www.lifenatura.com\\\/es\\\/produto\\\/aceite-esencial-de-niaouli-bio-10-ml-ladrome\\\/\",\"url\":\"https:\\\/\\\/www.lifenatura.com\\\/es\\\/produto\\\/aceite-esencial-de-niaouli-bio-10-ml-ladrome\\\/\",\"name\":\"Aceite esencial de Niaouli Bio 10 ml - Ladr\u00f4me - Na Lifenatura ao Melhor Pre\u00e7o | Envio em 48h\",\"isPartOf\":{\"@id\":\"https:\\\/\\\/www.lifenatura.com\\\/es\\\/#website\"},\"primaryImageOfPage\":{\"@id\":\"https:\\\/\\\/www.lifenatura.com\\\/es\\\/produto\\\/aceite-esencial-de-niaouli-bio-10-ml-ladrome\\\/#primaryimage\"},\"image\":{\"@id\":\"https:\\\/\\\/www.lifenatura.com\\\/es\\\/produto\\\/aceite-esencial-de-niaouli-bio-10-ml-ladrome\\\/#primaryimage\"},\"thumbnailUrl\":\"https:\\\/\\\/www.lifenatura.com\\\/wp-content\\\/uploads\\\/2023\\\/09\\\/oleo-essencial-niaouli-10ml-ladrome.jpg\",\"datePublished\":\"2023-09-21T16:51:28+00:00\",\"dateModified\":\"2024-02-26T18:13:21+00:00\",\"description\":\"El Aceite Esencial Niaouli Bio est\u00e1 indicado para afecciones de las v\u00edas respiratorias, infecciones cut\u00e1neas (herpes), quemaduras causadas por radioterapia, ...\",\"breadcrumb\":{\"@id\":\"https:\\\/\\\/www.lifenatura.com\\\/es\\\/produto\\\/aceite-esencial-de-niaouli-bio-10-ml-ladrome\\\/#breadcrumb\"},\"inLanguage\":\"es\",\"potentialAction\":[{\"@type\":\"ReadAction\",\"target\":[\"https:\\\/\\\/www.lifenatura.com\\\/es\\\/produto\\\/aceite-esencial-de-niaouli-bio-10-ml-ladrome\\\/\"]}]},{\"@type\":\"ImageObject\",\"inLanguage\":\"es\",\"@id\":\"https:\\\/\\\/www.lifenatura.com\\\/es\\\/produto\\\/aceite-esencial-de-niaouli-bio-10-ml-ladrome\\\/#primaryimage\",\"url\":\"https:\\\/\\\/www.lifenatura.com\\\/wp-content\\\/uploads\\\/2023\\\/09\\\/oleo-essencial-niaouli-10ml-ladrome.jpg\",\"contentUrl\":\"https:\\\/\\\/www.lifenatura.com\\\/wp-content\\\/uploads\\\/2023\\\/09\\\/oleo-essencial-niaouli-10ml-ladrome.jpg\",\"width\":1000,\"height\":1000,\"caption\":\"Aceite esencial de Niaouli 10 ml - Ladr\u00f4me\"},{\"@type\":\"BreadcrumbList\",\"@id\":\"https:\\\/\\\/www.lifenatura.com\\\/es\\\/produto\\\/aceite-esencial-de-niaouli-bio-10-ml-ladrome\\\/#breadcrumb\",\"itemListElement\":[{\"@type\":\"ListItem\",\"position\":1,\"name\":\"In\u00edcio\",\"item\":\"https:\\\/\\\/www.lifenatura.com\\\/es\\\/\"},{\"@type\":\"ListItem\",\"position\":2,\"name\":\"Todos los Productos\",\"item\":\"https:\\\/\\\/www.lifenatura.com\\\/es\\\/tienda\\\/\"},{\"@type\":\"ListItem\",\"position\":3,\"name\":\"Aceite esencial de Niaouli Bio 10 ml &#8211; Ladr\u00f4me\"}]},{\"@type\":\"WebSite\",\"@id\":\"https:\\\/\\\/www.lifenatura.com\\\/es\\\/#website\",\"url\":\"https:\\\/\\\/www.lifenatura.com\\\/es\\\/\",\"name\":\"Lifenatura\",\"description\":\"A Lifenatura \u00e9 uma loja de produtos naturais, cosm\u00e9tica natural e alimenta\u00e7\u00e3o Biol\u00f3gica.\",\"publisher\":{\"@id\":\"https:\\\/\\\/www.lifenatura.com\\\/es\\\/#organization\"},\"potentialAction\":[{\"@type\":\"SearchAction\",\"target\":{\"@type\":\"EntryPoint\",\"urlTemplate\":\"https:\\\/\\\/www.lifenatura.com\\\/es\\\/?s={search_term_string}\"},\"query-input\":{\"@type\":\"PropertyValueSpecification\",\"valueRequired\":true,\"valueName\":\"search_term_string\"}}],\"inLanguage\":\"es\"},{\"@type\":\"Organization\",\"@id\":\"https:\\\/\\\/www.lifenatura.com\\\/es\\\/#organization\",\"name\":\"Lifenatura\",\"url\":\"https:\\\/\\\/www.lifenatura.com\\\/es\\\/\",\"logo\":{\"@type\":\"ImageObject\",\"inLanguage\":\"es\",\"@id\":\"https:\\\/\\\/www.lifenatura.com\\\/es\\\/#\\\/schema\\\/logo\\\/image\\\/\",\"url\":\"https:\\\/\\\/www.lifenatura.com\\\/wp-content\\\/uploads\\\/2021\\\/07\\\/logo.png\",\"contentUrl\":\"https:\\\/\\\/www.lifenatura.com\\\/wp-content\\\/uploads\\\/2021\\\/07\\\/logo.png\",\"width\":175,\"height\":55,\"caption\":\"Lifenatura\"},\"image\":{\"@id\":\"https:\\\/\\\/www.lifenatura.com\\\/es\\\/#\\\/schema\\\/logo\\\/image\\\/\"},\"sameAs\":[\"https:\\\/\\\/www.facebook.com\\\/lifenatura\",\"https:\\\/\\\/www.instagram.com\\\/lifenaturapt\\\/\"],\"hasMerchantReturnPolicy\":{\"@type\":\"MerchantReturnPolicy\",\"merchantReturnLink\":\"https:\\\/\\\/www.lifenatura.com\\\/termos-condicoes-lifenatura\\\/\"}}]}<\/script>\n<meta property=\"product:price:amount\" content=\"7.71\" \/>\n<meta property=\"product:price:currency\" content=\"EUR\" \/>\n<meta property=\"og:availability\" content=\"instock\" \/>\n<meta property=\"product:availability\" content=\"instock\" \/>\n<meta property=\"product:retailer_item_id\" content=\"3486330128725\" \/>\n<meta property=\"product:condition\" content=\"new\" \/>\n<!-- \/ Yoast SEO Premium plugin. -->","yoast_head_json":{"title":"Aceite esencial de Niaouli Bio 10 ml - Ladr\u00f4me - Na Lifenatura ao Melhor Pre\u00e7o | Envio em 48h","description":"El Aceite Esencial Niaouli Bio est\u00e1 indicado para afecciones de las v\u00edas respiratorias, infecciones cut\u00e1neas (herpes), quemaduras causadas por radioterapia, ...","robots":{"index":"index","follow":"follow","max-snippet":"max-snippet:-1","max-image-preview":"max-image-preview:large","max-video-preview":"max-video-preview:-1"},"canonical":"https:\/\/www.lifenatura.com\/es\/produto\/aceite-esencial-de-niaouli-bio-10-ml-ladrome\/","og_locale":"es_ES","og_type":"article","og_title":"Aceite esencial de Niaouli Bio 10 ml - Ladr\u00f4me - Na Lifenatura ao Melhor Pre\u00e7o | Envio 48h","og_description":"Compre Aceite esencial de Niaouli Bio 10 ml - Ladr\u00f4me com envio r\u00e1pido. Entrega em 48h e portes gr\u00e1tis em compras >35\u20ac. Aproveite j\u00e1 na Lifenatura","og_url":"https:\/\/www.lifenatura.com\/es\/produto\/aceite-esencial-de-niaouli-bio-10-ml-ladrome\/","og_site_name":"Lifenatura","article_publisher":"https:\/\/www.facebook.com\/lifenatura","article_modified_time":"2024-02-26T18:13:21+00:00","og_image":[{"width":1000,"height":1000,"url":"https:\/\/www.lifenatura.com\/wp-content\/uploads\/2023\/09\/oleo-essencial-niaouli-10ml-ladrome.jpg","type":"image\/jpeg"}],"twitter_card":"summary_large_image","twitter_misc":{"Precio":"7,71&nbsp;&euro;","Disponibilidad":"Disponible"},"schema":{"@context":"https:\/\/schema.org","@graph":[{"@type":"WebPage","@id":"https:\/\/www.lifenatura.com\/es\/produto\/aceite-esencial-de-niaouli-bio-10-ml-ladrome\/","url":"https:\/\/www.lifenatura.com\/es\/produto\/aceite-esencial-de-niaouli-bio-10-ml-ladrome\/","name":"Aceite esencial de Niaouli Bio 10 ml - Ladr\u00f4me - Na Lifenatura ao Melhor Pre\u00e7o | Envio em 48h","isPartOf":{"@id":"https:\/\/www.lifenatura.com\/es\/#website"},"primaryImageOfPage":{"@id":"https:\/\/www.lifenatura.com\/es\/produto\/aceite-esencial-de-niaouli-bio-10-ml-ladrome\/#primaryimage"},"image":{"@id":"https:\/\/www.lifenatura.com\/es\/produto\/aceite-esencial-de-niaouli-bio-10-ml-ladrome\/#primaryimage"},"thumbnailUrl":"https:\/\/www.lifenatura.com\/wp-content\/uploads\/2023\/09\/oleo-essencial-niaouli-10ml-ladrome.jpg","datePublished":"2023-09-21T16:51:28+00:00","dateModified":"2024-02-26T18:13:21+00:00","description":"El Aceite Esencial Niaouli Bio est\u00e1 indicado para afecciones de las v\u00edas respiratorias, infecciones cut\u00e1neas (herpes), quemaduras causadas por radioterapia, ...","breadcrumb":{"@id":"https:\/\/www.lifenatura.com\/es\/produto\/aceite-esencial-de-niaouli-bio-10-ml-ladrome\/#breadcrumb"},"inLanguage":"es","potentialAction":[{"@type":"ReadAction","target":["https:\/\/www.lifenatura.com\/es\/produto\/aceite-esencial-de-niaouli-bio-10-ml-ladrome\/"]}]},{"@type":"ImageObject","inLanguage":"es","@id":"https:\/\/www.lifenatura.com\/es\/produto\/aceite-esencial-de-niaouli-bio-10-ml-ladrome\/#primaryimage","url":"https:\/\/www.lifenatura.com\/wp-content\/uploads\/2023\/09\/oleo-essencial-niaouli-10ml-ladrome.jpg","contentUrl":"https:\/\/www.lifenatura.com\/wp-content\/uploads\/2023\/09\/oleo-essencial-niaouli-10ml-ladrome.jpg","width":1000,"height":1000,"caption":"Aceite esencial de Niaouli 10 ml - Ladr\u00f4me"},{"@type":"BreadcrumbList","@id":"https:\/\/www.lifenatura.com\/es\/produto\/aceite-esencial-de-niaouli-bio-10-ml-ladrome\/#breadcrumb","itemListElement":[{"@type":"ListItem","position":1,"name":"In\u00edcio","item":"https:\/\/www.lifenatura.com\/es\/"},{"@type":"ListItem","position":2,"name":"Todos los Productos","item":"https:\/\/www.lifenatura.com\/es\/tienda\/"},{"@type":"ListItem","position":3,"name":"Aceite esencial de Niaouli Bio 10 ml &#8211; Ladr\u00f4me"}]},{"@type":"WebSite","@id":"https:\/\/www.lifenatura.com\/es\/#website","url":"https:\/\/www.lifenatura.com\/es\/","name":"Lifenatura","description":"A Lifenatura \u00e9 uma loja de produtos naturais, cosm\u00e9tica natural e alimenta\u00e7\u00e3o Biol\u00f3gica.","publisher":{"@id":"https:\/\/www.lifenatura.com\/es\/#organization"},"potentialAction":[{"@type":"SearchAction","target":{"@type":"EntryPoint","urlTemplate":"https:\/\/www.lifenatura.com\/es\/?s={search_term_string}"},"query-input":{"@type":"PropertyValueSpecification","valueRequired":true,"valueName":"search_term_string"}}],"inLanguage":"es"},{"@type":"Organization","@id":"https:\/\/www.lifenatura.com\/es\/#organization","name":"Lifenatura","url":"https:\/\/www.lifenatura.com\/es\/","logo":{"@type":"ImageObject","inLanguage":"es","@id":"https:\/\/www.lifenatura.com\/es\/#\/schema\/logo\/image\/","url":"https:\/\/www.lifenatura.com\/wp-content\/uploads\/2021\/07\/logo.png","contentUrl":"https:\/\/www.lifenatura.com\/wp-content\/uploads\/2021\/07\/logo.png","width":175,"height":55,"caption":"Lifenatura"},"image":{"@id":"https:\/\/www.lifenatura.com\/es\/#\/schema\/logo\/image\/"},"sameAs":["https:\/\/www.facebook.com\/lifenatura","https:\/\/www.instagram.com\/lifenaturapt\/"],"hasMerchantReturnPolicy":{"@type":"MerchantReturnPolicy","merchantReturnLink":"https:\/\/www.lifenatura.com\/termos-condicoes-lifenatura\/"}}]},"product_price_amount":"7.71","product_price_currency":"EUR","og_availability":"instock","product_availability":"instock","product_retailer_item_id":"3486330128725","product_condition":"new"},"df_price":7.71,"df_sale_price":7.71,"df_regular_price":9.64,"df_image_link":"https:\/\/www.lifenatura.com\/wp-content\/uploads\/2023\/09\/oleo-essencial-niaouli-10ml-ladrome-300x300.jpg","_links":{"self":[{"href":"https:\/\/www.lifenatura.com\/es\/wp-json\/wp\/v2\/product\/84734","targetHints":{"allow":["GET"]}}],"collection":[{"href":"https:\/\/www.lifenatura.com\/es\/wp-json\/wp\/v2\/product"}],"about":[{"href":"https:\/\/www.lifenatura.com\/es\/wp-json\/wp\/v2\/types\/product"}],"wp:featuredmedia":[{"embeddable":true,"href":"https:\/\/www.lifenatura.com\/es\/wp-json\/wp\/v2\/media\/77563"}],"wp:attachment":[{"href":"https:\/\/www.lifenatura.com\/es\/wp-json\/wp\/v2\/media?parent=84734"}],"wp:term":[{"taxonomy":"product_brand","embeddable":true,"href":"https:\/\/www.lifenatura.com\/es\/wp-json\/wp\/v2\/product_brand?post=84734"},{"taxonomy":"product_cat","embeddable":true,"href":"https:\/\/www.lifenatura.com\/es\/wp-json\/wp\/v2\/product_cat?post=84734"},{"taxonomy":"product_tag","embeddable":true,"href":"https:\/\/www.lifenatura.com\/es\/wp-json\/wp\/v2\/product_tag?post=84734"}],"curies":[{"name":"wp","href":"https:\/\/api.w.org\/{rel}","templated":true}]}}