{"id":84491,"date":"2024-02-02T15:31:01","date_gmt":"2024-02-02T15:31:01","guid":{"rendered":"https:\/\/www.lifenatura.com\/produto\/desayuno-super-vegano-algarroba-y-avellana-750g-iswari\/"},"modified":"2024-02-02T18:51:36","modified_gmt":"2024-02-02T18:51:36","slug":"desayuno-super-vegano-algarroba-y-avellana-750g-iswari","status":"publish","type":"product","link":"https:\/\/www.lifenatura.com\/es\/produto\/desayuno-super-vegano-algarroba-y-avellana-750g-iswari\/","title":{"rendered":"Desayuno Super Vegano Algarroba y Avellana 750g &#8211; Iswari"},"content":{"rendered":"<h2 style=\"text-align: left;\">Desayuno Super Vegano Algarroba y Avellana<\/h2>\n<p>&nbsp;<\/p>\n<p>Super Vegan Breakfast Algarroba y Avellana es ideal para empezar el d\u00eda lleno de energ\u00eda. Contiene 15 g de prote\u00ednas y 10 g de fibra por raci\u00f3n (60 g). Este desayuno instant\u00e1neo combina cereales integrales molidos, semillas, prote\u00ednas vegetales, fruta y mantequilla de avellana. Sin az\u00facares a\u00f1adidos y con hidratos de carbono complejos.<\/p>\n<p>Con hidratos de carbono complejos que proporcionan una saciedad prolongada debido a su digesti\u00f3n m\u00e1s lenta, son a\u00fan m\u00e1s eficaces cuando se consumen enteros, ya que las fibras hacen que el est\u00f3mago se sienta lleno durante m\u00e1s tiempo. Super Vegan Breakfast demuestra que es posible combinar un producto instant\u00e1neo y c\u00f3modo con calidad nutricional y alimentos integrales de origen vegetal. Para ofrecer un desayuno o una merienda ricos en prote\u00ednas, minerales esenciales para la salud del organismo, un rendimiento s\u00f3lido y sostenible a largo plazo.<\/p>\n<p><strong>PRESENTACI\u00d3N<\/strong><\/p>\n<p>750g<\/p>\n<p>&nbsp;<\/p>\n","protected":false},"excerpt":{"rendered":"<p>Super Vegan Breakfast Algarroba y Avellana es ideal para empezar el d\u00eda lleno de energ\u00eda. Contiene 15 g de prote\u00ednas y 10 g de fibra por raci\u00f3n (60 g). Ofrece un desayuno o tentempi\u00e9 rico en prote\u00ednas y minerales, dando lugar a un rendimiento s\u00f3lido y sostenible a largo plazo. [&#8230;]<\/p>\n<p><a class=\"btn btn-secondary understrap-read-more-link\" href=\"https:\/\/www.lifenatura.com\/es\/produto\/desayuno-super-vegano-algarroba-y-avellana-750g-iswari\/\">Leer m\u00e1s&#8230;<span class=\"screen-reader-text\"> from Desayuno Super Vegano Algarroba y Avellana 750g &#8211; Iswari<\/span><\/a><\/p>\n","protected":false},"featured_media":84435,"template":"","meta":{"_acf_changed":false},"product_brand":[8466],"product_cat":[7146,7064,7149,7152,7659,7293,7176,7791],"product_tag":[],"class_list":{"0":"post-84491","1":"product","2":"type-product","3":"status-publish","4":"has-post-thumbnail","6":"product_brand-iswari-es","7":"product_cat-algarroba","8":"product_cat-alimentacion-sana","9":"product_cat-avena","10":"product_cat-cacao","11":"product_cat-ingrediente-natural-bio","12":"product_cat-nutricion-deportiva","13":"product_cat-proteina-nutricion","14":"product_cat-trigo-sarraceno-es","15":"pa_caracteristicas-biologico","16":"pa_caracteristicas-sin-gluten","17":"pa_caracteristicas-vegano","19":"first","20":"instock","21":"shipping-taxable","22":"purchasable","23":"product-type-simple","24":"add-to-wishlist-before_image"},"acf":[],"yoast_head":"<!-- This site is optimized with the Yoast SEO Premium plugin v27.1 (Yoast SEO v27.5) - https:\/\/yoast.com\/product\/yoast-seo-premium-wordpress\/ -->\n<title>Desayuno Super Vegano Algarroba y Avellana 750g - Iswari - Na Lifenatura ao Melhor Pre\u00e7o | Envio em 48h<\/title>\n<meta name=\"description\" content=\"Super Vegan Breakfast Algarroba y Avellana es ideal para empezar el d\u00eda lleno de energ\u00eda. Contiene 15 g de prote\u00ednas y 10 g de fibra por raci\u00f3n (60 g).\" \/>\n<meta name=\"robots\" content=\"index, follow, max-snippet:-1, max-image-preview:large, max-video-preview:-1\" \/>\n<link rel=\"canonical\" href=\"https:\/\/www.lifenatura.com\/es\/produto\/desayuno-super-vegano-algarroba-y-avellana-750g-iswari\/\" \/>\n<meta property=\"og:locale\" content=\"es_ES\" \/>\n<meta property=\"og:type\" content=\"article\" \/>\n<meta property=\"og:title\" content=\"Desayuno Super Vegano Algarroba y Avellana 750g - Iswari - Na Lifenatura ao Melhor Pre\u00e7o | Envio 48h\" \/>\n<meta property=\"og:description\" content=\"Compre Desayuno Super Vegano Algarroba y Avellana 750g - Iswari com envio r\u00e1pido. Entrega em 48h e portes gr\u00e1tis em compras &gt;35\u20ac. Aproveite j\u00e1 na Lifenatura\" \/>\n<meta property=\"og:url\" content=\"https:\/\/www.lifenatura.com\/es\/produto\/desayuno-super-vegano-algarroba-y-avellana-750g-iswari\/\" \/>\n<meta property=\"og:site_name\" content=\"Lifenatura\" \/>\n<meta property=\"article:publisher\" content=\"https:\/\/www.facebook.com\/lifenatura\" \/>\n<meta property=\"article:modified_time\" content=\"2024-02-02T18:51:36+00:00\" \/>\n<meta property=\"og:image\" content=\"https:\/\/www.lifenatura.com\/wp-content\/uploads\/2024\/02\/Super-Vegan-Breakfast-Alfarroba-Avela-750g-Iswari-1.jpg\" \/>\n\t<meta property=\"og:image:width\" content=\"1000\" \/>\n\t<meta property=\"og:image:height\" content=\"1000\" \/>\n\t<meta property=\"og:image:type\" content=\"image\/jpeg\" \/>\n<meta name=\"twitter:card\" content=\"summary_large_image\" \/>\n<meta name=\"twitter:label1\" content=\"Precio\" \/>\n\t<meta name=\"twitter:data1\" content=\"28,68&nbsp;&euro;\" \/>\n\t<meta name=\"twitter:label2\" content=\"Disponibilidad\" \/>\n\t<meta name=\"twitter:data2\" content=\"Disponible\" \/>\n<script type=\"application\/ld+json\" class=\"yoast-schema-graph\">{\"@context\":\"https:\\\/\\\/schema.org\",\"@graph\":[{\"@type\":\"WebPage\",\"@id\":\"https:\\\/\\\/www.lifenatura.com\\\/es\\\/produto\\\/desayuno-super-vegano-algarroba-y-avellana-750g-iswari\\\/\",\"url\":\"https:\\\/\\\/www.lifenatura.com\\\/es\\\/produto\\\/desayuno-super-vegano-algarroba-y-avellana-750g-iswari\\\/\",\"name\":\"Desayuno Super Vegano Algarroba y Avellana 750g - Iswari - Na Lifenatura ao Melhor Pre\u00e7o | Envio em 48h\",\"isPartOf\":{\"@id\":\"https:\\\/\\\/www.lifenatura.com\\\/es\\\/#website\"},\"primaryImageOfPage\":{\"@id\":\"https:\\\/\\\/www.lifenatura.com\\\/es\\\/produto\\\/desayuno-super-vegano-algarroba-y-avellana-750g-iswari\\\/#primaryimage\"},\"image\":{\"@id\":\"https:\\\/\\\/www.lifenatura.com\\\/es\\\/produto\\\/desayuno-super-vegano-algarroba-y-avellana-750g-iswari\\\/#primaryimage\"},\"thumbnailUrl\":\"https:\\\/\\\/www.lifenatura.com\\\/wp-content\\\/uploads\\\/2024\\\/02\\\/Super-Vegan-Breakfast-Alfarroba-Avela-750g-Iswari-1.jpg\",\"datePublished\":\"2024-02-02T15:31:01+00:00\",\"dateModified\":\"2024-02-02T18:51:36+00:00\",\"description\":\"Super Vegan Breakfast Algarroba y Avellana es ideal para empezar el d\u00eda lleno de energ\u00eda. Contiene 15 g de prote\u00ednas y 10 g de fibra por raci\u00f3n (60 g).\",\"breadcrumb\":{\"@id\":\"https:\\\/\\\/www.lifenatura.com\\\/es\\\/produto\\\/desayuno-super-vegano-algarroba-y-avellana-750g-iswari\\\/#breadcrumb\"},\"inLanguage\":\"es\",\"potentialAction\":[{\"@type\":\"ReadAction\",\"target\":[\"https:\\\/\\\/www.lifenatura.com\\\/es\\\/produto\\\/desayuno-super-vegano-algarroba-y-avellana-750g-iswari\\\/\"]}]},{\"@type\":\"ImageObject\",\"inLanguage\":\"es\",\"@id\":\"https:\\\/\\\/www.lifenatura.com\\\/es\\\/produto\\\/desayuno-super-vegano-algarroba-y-avellana-750g-iswari\\\/#primaryimage\",\"url\":\"https:\\\/\\\/www.lifenatura.com\\\/wp-content\\\/uploads\\\/2024\\\/02\\\/Super-Vegan-Breakfast-Alfarroba-Avela-750g-Iswari-1.jpg\",\"contentUrl\":\"https:\\\/\\\/www.lifenatura.com\\\/wp-content\\\/uploads\\\/2024\\\/02\\\/Super-Vegan-Breakfast-Alfarroba-Avela-750g-Iswari-1.jpg\",\"width\":1000,\"height\":1000,\"caption\":\"Desayuno Super Vegano Algarroba y Avellana 750g - Iswari\"},{\"@type\":\"BreadcrumbList\",\"@id\":\"https:\\\/\\\/www.lifenatura.com\\\/es\\\/produto\\\/desayuno-super-vegano-algarroba-y-avellana-750g-iswari\\\/#breadcrumb\",\"itemListElement\":[{\"@type\":\"ListItem\",\"position\":1,\"name\":\"In\u00edcio\",\"item\":\"https:\\\/\\\/www.lifenatura.com\\\/es\\\/\"},{\"@type\":\"ListItem\",\"position\":2,\"name\":\"Todos los Productos\",\"item\":\"https:\\\/\\\/www.lifenatura.com\\\/es\\\/tienda\\\/\"},{\"@type\":\"ListItem\",\"position\":3,\"name\":\"Desayuno Super Vegano Algarroba y Avellana 750g &#8211; Iswari\"}]},{\"@type\":\"WebSite\",\"@id\":\"https:\\\/\\\/www.lifenatura.com\\\/es\\\/#website\",\"url\":\"https:\\\/\\\/www.lifenatura.com\\\/es\\\/\",\"name\":\"Lifenatura\",\"description\":\"A Lifenatura \u00e9 uma loja de produtos naturais, cosm\u00e9tica natural e alimenta\u00e7\u00e3o Biol\u00f3gica.\",\"publisher\":{\"@id\":\"https:\\\/\\\/www.lifenatura.com\\\/es\\\/#organization\"},\"potentialAction\":[{\"@type\":\"SearchAction\",\"target\":{\"@type\":\"EntryPoint\",\"urlTemplate\":\"https:\\\/\\\/www.lifenatura.com\\\/es\\\/?s={search_term_string}\"},\"query-input\":{\"@type\":\"PropertyValueSpecification\",\"valueRequired\":true,\"valueName\":\"search_term_string\"}}],\"inLanguage\":\"es\"},{\"@type\":\"Organization\",\"@id\":\"https:\\\/\\\/www.lifenatura.com\\\/es\\\/#organization\",\"name\":\"Lifenatura\",\"url\":\"https:\\\/\\\/www.lifenatura.com\\\/es\\\/\",\"logo\":{\"@type\":\"ImageObject\",\"inLanguage\":\"es\",\"@id\":\"https:\\\/\\\/www.lifenatura.com\\\/es\\\/#\\\/schema\\\/logo\\\/image\\\/\",\"url\":\"https:\\\/\\\/www.lifenatura.com\\\/wp-content\\\/uploads\\\/2021\\\/07\\\/logo.png\",\"contentUrl\":\"https:\\\/\\\/www.lifenatura.com\\\/wp-content\\\/uploads\\\/2021\\\/07\\\/logo.png\",\"width\":175,\"height\":55,\"caption\":\"Lifenatura\"},\"image\":{\"@id\":\"https:\\\/\\\/www.lifenatura.com\\\/es\\\/#\\\/schema\\\/logo\\\/image\\\/\"},\"sameAs\":[\"https:\\\/\\\/www.facebook.com\\\/lifenatura\",\"https:\\\/\\\/www.instagram.com\\\/lifenaturapt\\\/\"],\"hasMerchantReturnPolicy\":{\"@type\":\"MerchantReturnPolicy\",\"merchantReturnLink\":\"https:\\\/\\\/www.lifenatura.com\\\/termos-condicoes-lifenatura\\\/\"}}]}<\/script>\n<meta property=\"product:price:amount\" content=\"28.68\" \/>\n<meta property=\"product:price:currency\" content=\"EUR\" \/>\n<meta property=\"og:availability\" content=\"instock\" \/>\n<meta property=\"product:availability\" content=\"instock\" \/>\n<meta property=\"product:retailer_item_id\" content=\"5600872802310\" \/>\n<meta property=\"product:condition\" content=\"new\" \/>\n<!-- \/ Yoast SEO Premium plugin. -->","yoast_head_json":{"title":"Desayuno Super Vegano Algarroba y Avellana 750g - Iswari - Na Lifenatura ao Melhor Pre\u00e7o | Envio em 48h","description":"Super Vegan Breakfast Algarroba y Avellana es ideal para empezar el d\u00eda lleno de energ\u00eda. Contiene 15 g de prote\u00ednas y 10 g de fibra por raci\u00f3n (60 g).","robots":{"index":"index","follow":"follow","max-snippet":"max-snippet:-1","max-image-preview":"max-image-preview:large","max-video-preview":"max-video-preview:-1"},"canonical":"https:\/\/www.lifenatura.com\/es\/produto\/desayuno-super-vegano-algarroba-y-avellana-750g-iswari\/","og_locale":"es_ES","og_type":"article","og_title":"Desayuno Super Vegano Algarroba y Avellana 750g - Iswari - Na Lifenatura ao Melhor Pre\u00e7o | Envio 48h","og_description":"Compre Desayuno Super Vegano Algarroba y Avellana 750g - Iswari com envio r\u00e1pido. Entrega em 48h e portes gr\u00e1tis em compras >35\u20ac. Aproveite j\u00e1 na Lifenatura","og_url":"https:\/\/www.lifenatura.com\/es\/produto\/desayuno-super-vegano-algarroba-y-avellana-750g-iswari\/","og_site_name":"Lifenatura","article_publisher":"https:\/\/www.facebook.com\/lifenatura","article_modified_time":"2024-02-02T18:51:36+00:00","og_image":[{"width":1000,"height":1000,"url":"https:\/\/www.lifenatura.com\/wp-content\/uploads\/2024\/02\/Super-Vegan-Breakfast-Alfarroba-Avela-750g-Iswari-1.jpg","type":"image\/jpeg"}],"twitter_card":"summary_large_image","twitter_misc":{"Precio":"28,68&nbsp;&euro;","Disponibilidad":"Disponible"},"schema":{"@context":"https:\/\/schema.org","@graph":[{"@type":"WebPage","@id":"https:\/\/www.lifenatura.com\/es\/produto\/desayuno-super-vegano-algarroba-y-avellana-750g-iswari\/","url":"https:\/\/www.lifenatura.com\/es\/produto\/desayuno-super-vegano-algarroba-y-avellana-750g-iswari\/","name":"Desayuno Super Vegano Algarroba y Avellana 750g - Iswari - Na Lifenatura ao Melhor Pre\u00e7o | Envio em 48h","isPartOf":{"@id":"https:\/\/www.lifenatura.com\/es\/#website"},"primaryImageOfPage":{"@id":"https:\/\/www.lifenatura.com\/es\/produto\/desayuno-super-vegano-algarroba-y-avellana-750g-iswari\/#primaryimage"},"image":{"@id":"https:\/\/www.lifenatura.com\/es\/produto\/desayuno-super-vegano-algarroba-y-avellana-750g-iswari\/#primaryimage"},"thumbnailUrl":"https:\/\/www.lifenatura.com\/wp-content\/uploads\/2024\/02\/Super-Vegan-Breakfast-Alfarroba-Avela-750g-Iswari-1.jpg","datePublished":"2024-02-02T15:31:01+00:00","dateModified":"2024-02-02T18:51:36+00:00","description":"Super Vegan Breakfast Algarroba y Avellana es ideal para empezar el d\u00eda lleno de energ\u00eda. Contiene 15 g de prote\u00ednas y 10 g de fibra por raci\u00f3n (60 g).","breadcrumb":{"@id":"https:\/\/www.lifenatura.com\/es\/produto\/desayuno-super-vegano-algarroba-y-avellana-750g-iswari\/#breadcrumb"},"inLanguage":"es","potentialAction":[{"@type":"ReadAction","target":["https:\/\/www.lifenatura.com\/es\/produto\/desayuno-super-vegano-algarroba-y-avellana-750g-iswari\/"]}]},{"@type":"ImageObject","inLanguage":"es","@id":"https:\/\/www.lifenatura.com\/es\/produto\/desayuno-super-vegano-algarroba-y-avellana-750g-iswari\/#primaryimage","url":"https:\/\/www.lifenatura.com\/wp-content\/uploads\/2024\/02\/Super-Vegan-Breakfast-Alfarroba-Avela-750g-Iswari-1.jpg","contentUrl":"https:\/\/www.lifenatura.com\/wp-content\/uploads\/2024\/02\/Super-Vegan-Breakfast-Alfarroba-Avela-750g-Iswari-1.jpg","width":1000,"height":1000,"caption":"Desayuno Super Vegano Algarroba y Avellana 750g - Iswari"},{"@type":"BreadcrumbList","@id":"https:\/\/www.lifenatura.com\/es\/produto\/desayuno-super-vegano-algarroba-y-avellana-750g-iswari\/#breadcrumb","itemListElement":[{"@type":"ListItem","position":1,"name":"In\u00edcio","item":"https:\/\/www.lifenatura.com\/es\/"},{"@type":"ListItem","position":2,"name":"Todos los Productos","item":"https:\/\/www.lifenatura.com\/es\/tienda\/"},{"@type":"ListItem","position":3,"name":"Desayuno Super Vegano Algarroba y Avellana 750g &#8211; Iswari"}]},{"@type":"WebSite","@id":"https:\/\/www.lifenatura.com\/es\/#website","url":"https:\/\/www.lifenatura.com\/es\/","name":"Lifenatura","description":"A Lifenatura \u00e9 uma loja de produtos naturais, cosm\u00e9tica natural e alimenta\u00e7\u00e3o Biol\u00f3gica.","publisher":{"@id":"https:\/\/www.lifenatura.com\/es\/#organization"},"potentialAction":[{"@type":"SearchAction","target":{"@type":"EntryPoint","urlTemplate":"https:\/\/www.lifenatura.com\/es\/?s={search_term_string}"},"query-input":{"@type":"PropertyValueSpecification","valueRequired":true,"valueName":"search_term_string"}}],"inLanguage":"es"},{"@type":"Organization","@id":"https:\/\/www.lifenatura.com\/es\/#organization","name":"Lifenatura","url":"https:\/\/www.lifenatura.com\/es\/","logo":{"@type":"ImageObject","inLanguage":"es","@id":"https:\/\/www.lifenatura.com\/es\/#\/schema\/logo\/image\/","url":"https:\/\/www.lifenatura.com\/wp-content\/uploads\/2021\/07\/logo.png","contentUrl":"https:\/\/www.lifenatura.com\/wp-content\/uploads\/2021\/07\/logo.png","width":175,"height":55,"caption":"Lifenatura"},"image":{"@id":"https:\/\/www.lifenatura.com\/es\/#\/schema\/logo\/image\/"},"sameAs":["https:\/\/www.facebook.com\/lifenatura","https:\/\/www.instagram.com\/lifenaturapt\/"],"hasMerchantReturnPolicy":{"@type":"MerchantReturnPolicy","merchantReturnLink":"https:\/\/www.lifenatura.com\/termos-condicoes-lifenatura\/"}}]},"product_price_amount":"28.68","product_price_currency":"EUR","og_availability":"instock","product_availability":"instock","product_retailer_item_id":"5600872802310","product_condition":"new"},"df_price":28.68,"df_sale_price":"","df_regular_price":28.68,"df_image_link":"https:\/\/www.lifenatura.com\/wp-content\/uploads\/2024\/02\/Super-Vegan-Breakfast-Alfarroba-Avela-750g-Iswari-1-300x300.jpg","_links":{"self":[{"href":"https:\/\/www.lifenatura.com\/es\/wp-json\/wp\/v2\/product\/84491","targetHints":{"allow":["GET"]}}],"collection":[{"href":"https:\/\/www.lifenatura.com\/es\/wp-json\/wp\/v2\/product"}],"about":[{"href":"https:\/\/www.lifenatura.com\/es\/wp-json\/wp\/v2\/types\/product"}],"wp:featuredmedia":[{"embeddable":true,"href":"https:\/\/www.lifenatura.com\/es\/wp-json\/wp\/v2\/media\/84435"}],"wp:attachment":[{"href":"https:\/\/www.lifenatura.com\/es\/wp-json\/wp\/v2\/media?parent=84491"}],"wp:term":[{"taxonomy":"product_brand","embeddable":true,"href":"https:\/\/www.lifenatura.com\/es\/wp-json\/wp\/v2\/product_brand?post=84491"},{"taxonomy":"product_cat","embeddable":true,"href":"https:\/\/www.lifenatura.com\/es\/wp-json\/wp\/v2\/product_cat?post=84491"},{"taxonomy":"product_tag","embeddable":true,"href":"https:\/\/www.lifenatura.com\/es\/wp-json\/wp\/v2\/product_tag?post=84491"}],"curies":[{"name":"wp","href":"https:\/\/api.w.org\/{rel}","templated":true}]}}