{"id":83641,"date":"2024-01-24T11:49:25","date_gmt":"2024-01-24T11:49:25","guid":{"rendered":"https:\/\/www.lifenatura.com\/?post_type=product&#038;p=83641"},"modified":"2025-08-15T22:29:01","modified_gmt":"2025-08-15T22:29:01","slug":"azucar-de-coco-ecologico-500g-iswari","status":"publish","type":"product","link":"https:\/\/www.lifenatura.com\/es\/produto\/azucar-de-coco-ecologico-500g-iswari\/","title":{"rendered":"Az\u00facar de coco ecol\u00f3gico 500g &#8211; Iswari"},"content":{"rendered":"<div class=\"excerpt\">\n<h2 style=\"text-align: left;\"><strong>Az\u00facar de coco ecol\u00f3gico de la marca Iswari<\/strong><\/h2>\n<p>&nbsp;<\/p>\n<p>El az\u00facar de coco de Iswari es una alternativa m\u00e1s saludable al az\u00facar blanco com\u00fan. Procedente del n\u00e9ctar de la flor del coco, se cuece hasta cristalizar, dando as\u00ed origen al az\u00facar.<\/p>\n<p>El az\u00facar de coco de Iswari es una alternativa 100 % natural al az\u00facar blanco refinado, obtenido a partir del n\u00e9ctar de las flores del cocotero. De origen ecol\u00f3gico y producido de forma sostenible, este edulcorante conserva importantes nutrientes y tiene un sabor suave, con notas de caramelo, que combina a la perfecci\u00f3n con bebidas, postres y recetas culinarias.<\/p>\n<p>No se somete a ning\u00fan proceso de refinado, por lo que conserva sus propiedades, con un alto nivel de mineralizaci\u00f3n, especialmente calcio y potasio.<\/p>\n<p><strong>Beneficios principales:<\/strong><\/p>\n<ul>\n<li>\u00cdndice gluc\u00e9mico m\u00e1s bajo que el az\u00facar blanco;<\/li>\n<li>Fuente natural de minerales como hierro, zinc y potasio;<\/li>\n<li>Sabor suave con notas de caramelo;<\/li>\n<li>100 % ecol\u00f3gico y sin refinar;<\/li>\n<li>Adecuado para una alimentaci\u00f3n equilibrada.<\/li>\n<\/ul>\n<p><strong>Indicaciones:<\/strong><\/p>\n<ul>\n<li>El az\u00facar de coco Iswari est\u00e1 indicado para:<\/li>\n<li>Quienes buscan alternativas m\u00e1s saludables al az\u00facar blanco;<\/li>\n<li>Personas que desean controlar mejor sus niveles de glucemia;<\/li>\n<li>Dietas veganas, vegetarianas o sin gluten;<\/li>\n<li>Uso en bebidas, postres y recetas culinarias.<\/li>\n<\/ul>\n<p>Tiene un \u00edndice gluc\u00e9mico bajo, no est\u00e1 blanqueado, no contiene conservantes, tiene un sabor suavemente caramelizado, es muy vers\u00e1til y se puede utilizar en la misma cantidad que el az\u00facar blanco convencional.<\/p>\n<p><strong>PRESENTACI\u00d3N<\/strong><\/p>\n<p>500 g<\/p>\n<\/div>\n<div><\/div>\n","protected":false},"excerpt":{"rendered":"<p>El az\u00facar de coco Iswari es una alternativa m\u00e1s sana al az\u00facar blanco com\u00fan y posee un alto nivel de mineralizaci\u00f3n, en particular calcio y potasio.<\/p>\n<p>&nbsp;<\/p>\n<p>&nbsp; [&#8230;]<\/p>\n<p><a class=\"btn btn-secondary understrap-read-more-link\" href=\"https:\/\/www.lifenatura.com\/es\/produto\/azucar-de-coco-ecologico-500g-iswari\/\">Leer m\u00e1s&#8230;<span class=\"screen-reader-text\"> from Az\u00facar de coco ecol\u00f3gico 500g &#8211; Iswari<\/span><\/a><\/p>\n","protected":false},"featured_media":0,"template":"","meta":{"_acf_changed":false},"product_brand":[8466],"product_cat":[7064,7289,7686,7659,7074],"product_tag":[],"class_list":{"0":"post-83641","1":"product","2":"type-product","3":"status-publish","5":"product_brand-iswari-es","6":"product_cat-alimentacion-sana","7":"product_cat-azucar-edulcorantes","8":"product_cat-coco-bio","9":"product_cat-ingrediente-natural-bio","10":"product_cat-productos-alimenticios","11":"pa_caracteristicas-vegano","13":"first","14":"instock","15":"shipping-taxable","16":"purchasable","17":"product-type-simple","18":"add-to-wishlist-before_image"},"acf":[],"yoast_head":"<!-- This site is optimized with the Yoast SEO Premium plugin v27.1 (Yoast SEO v27.5) - https:\/\/yoast.com\/product\/yoast-seo-premium-wordpress\/ -->\n<title>Az\u00facar de coco ecol\u00f3gico 500g - Iswari - Na Lifenatura ao Melhor Pre\u00e7o | Envio em 48h<\/title>\n<meta name=\"description\" content=\"El az\u00facar de coco Iswari es una alternativa m\u00e1s sana al az\u00facar blanco com\u00fan y posee un alto nivel de mineralizaci\u00f3n, en particular calcio y potasio.\" \/>\n<meta name=\"robots\" content=\"index, follow, max-snippet:-1, max-image-preview:large, max-video-preview:-1\" \/>\n<link rel=\"canonical\" href=\"https:\/\/www.lifenatura.com\/es\/produto\/azucar-de-coco-ecologico-500g-iswari\/\" \/>\n<meta property=\"og:locale\" content=\"es_ES\" \/>\n<meta property=\"og:type\" content=\"article\" \/>\n<meta property=\"og:title\" content=\"Az\u00facar de coco ecol\u00f3gico 500g - Iswari - Na Lifenatura ao Melhor Pre\u00e7o | Envio 48h\" \/>\n<meta property=\"og:description\" content=\"Compre Az\u00facar de coco ecol\u00f3gico 500g - Iswari com envio r\u00e1pido. Entrega em 48h e portes gr\u00e1tis em compras &gt;35\u20ac. Aproveite j\u00e1 na Lifenatura\" \/>\n<meta property=\"og:url\" content=\"https:\/\/www.lifenatura.com\/es\/produto\/azucar-de-coco-ecologico-500g-iswari\/\" \/>\n<meta property=\"og:site_name\" content=\"Lifenatura\" \/>\n<meta property=\"article:publisher\" content=\"https:\/\/www.facebook.com\/lifenatura\" \/>\n<meta property=\"article:modified_time\" content=\"2025-08-15T22:29:01+00:00\" \/>\n<meta property=\"og:image\" content=\"https:\/\/www.lifenatura.com\/wp-content\/uploads\/2021\/07\/logo.png\" \/>\n\t<meta property=\"og:image:width\" content=\"175\" \/>\n\t<meta property=\"og:image:height\" content=\"55\" \/>\n\t<meta property=\"og:image:type\" content=\"image\/png\" \/>\n<meta name=\"twitter:card\" content=\"summary_large_image\" \/>\n<meta name=\"twitter:label1\" content=\"Precio\" \/>\n\t<meta name=\"twitter:data1\" content=\"7,99&nbsp;&euro;\" \/>\n\t<meta name=\"twitter:label2\" content=\"Disponibilidad\" \/>\n\t<meta name=\"twitter:data2\" content=\"Disponible\" \/>\n<script type=\"application\/ld+json\" class=\"yoast-schema-graph\">{\"@context\":\"https:\\\/\\\/schema.org\",\"@graph\":[{\"@type\":\"WebPage\",\"@id\":\"https:\\\/\\\/www.lifenatura.com\\\/es\\\/produto\\\/azucar-de-coco-ecologico-500g-iswari\\\/\",\"url\":\"https:\\\/\\\/www.lifenatura.com\\\/es\\\/produto\\\/azucar-de-coco-ecologico-500g-iswari\\\/\",\"name\":\"Az\u00facar de coco ecol\u00f3gico 500g - Iswari - Na Lifenatura ao Melhor Pre\u00e7o | Envio em 48h\",\"isPartOf\":{\"@id\":\"https:\\\/\\\/www.lifenatura.com\\\/es\\\/#website\"},\"datePublished\":\"2024-01-24T11:49:25+00:00\",\"dateModified\":\"2025-08-15T22:29:01+00:00\",\"description\":\"El az\u00facar de coco Iswari es una alternativa m\u00e1s sana al az\u00facar blanco com\u00fan y posee un alto nivel de mineralizaci\u00f3n, en particular calcio y potasio.\",\"breadcrumb\":{\"@id\":\"https:\\\/\\\/www.lifenatura.com\\\/es\\\/produto\\\/azucar-de-coco-ecologico-500g-iswari\\\/#breadcrumb\"},\"inLanguage\":\"es\",\"potentialAction\":[{\"@type\":\"ReadAction\",\"target\":[\"https:\\\/\\\/www.lifenatura.com\\\/es\\\/produto\\\/azucar-de-coco-ecologico-500g-iswari\\\/\"]}]},{\"@type\":\"BreadcrumbList\",\"@id\":\"https:\\\/\\\/www.lifenatura.com\\\/es\\\/produto\\\/azucar-de-coco-ecologico-500g-iswari\\\/#breadcrumb\",\"itemListElement\":[{\"@type\":\"ListItem\",\"position\":1,\"name\":\"In\u00edcio\",\"item\":\"https:\\\/\\\/www.lifenatura.com\\\/es\\\/\"},{\"@type\":\"ListItem\",\"position\":2,\"name\":\"Todos los Productos\",\"item\":\"https:\\\/\\\/www.lifenatura.com\\\/es\\\/tienda\\\/\"},{\"@type\":\"ListItem\",\"position\":3,\"name\":\"Az\u00facar de coco ecol\u00f3gico 500g &#8211; Iswari\"}]},{\"@type\":\"WebSite\",\"@id\":\"https:\\\/\\\/www.lifenatura.com\\\/es\\\/#website\",\"url\":\"https:\\\/\\\/www.lifenatura.com\\\/es\\\/\",\"name\":\"Lifenatura\",\"description\":\"A Lifenatura \u00e9 uma loja de produtos naturais, cosm\u00e9tica natural e alimenta\u00e7\u00e3o Biol\u00f3gica.\",\"publisher\":{\"@id\":\"https:\\\/\\\/www.lifenatura.com\\\/es\\\/#organization\"},\"potentialAction\":[{\"@type\":\"SearchAction\",\"target\":{\"@type\":\"EntryPoint\",\"urlTemplate\":\"https:\\\/\\\/www.lifenatura.com\\\/es\\\/?s={search_term_string}\"},\"query-input\":{\"@type\":\"PropertyValueSpecification\",\"valueRequired\":true,\"valueName\":\"search_term_string\"}}],\"inLanguage\":\"es\"},{\"@type\":\"Organization\",\"@id\":\"https:\\\/\\\/www.lifenatura.com\\\/es\\\/#organization\",\"name\":\"Lifenatura\",\"url\":\"https:\\\/\\\/www.lifenatura.com\\\/es\\\/\",\"logo\":{\"@type\":\"ImageObject\",\"inLanguage\":\"es\",\"@id\":\"https:\\\/\\\/www.lifenatura.com\\\/es\\\/#\\\/schema\\\/logo\\\/image\\\/\",\"url\":\"https:\\\/\\\/www.lifenatura.com\\\/wp-content\\\/uploads\\\/2021\\\/07\\\/logo.png\",\"contentUrl\":\"https:\\\/\\\/www.lifenatura.com\\\/wp-content\\\/uploads\\\/2021\\\/07\\\/logo.png\",\"width\":175,\"height\":55,\"caption\":\"Lifenatura\"},\"image\":{\"@id\":\"https:\\\/\\\/www.lifenatura.com\\\/es\\\/#\\\/schema\\\/logo\\\/image\\\/\"},\"sameAs\":[\"https:\\\/\\\/www.facebook.com\\\/lifenatura\",\"https:\\\/\\\/www.instagram.com\\\/lifenaturapt\\\/\"],\"hasMerchantReturnPolicy\":{\"@type\":\"MerchantReturnPolicy\",\"merchantReturnLink\":\"https:\\\/\\\/www.lifenatura.com\\\/termos-condicoes-lifenatura\\\/\"}}]}<\/script>\n<meta property=\"product:price:amount\" content=\"7.99\" \/>\n<meta property=\"product:price:currency\" content=\"EUR\" \/>\n<meta property=\"og:availability\" content=\"instock\" \/>\n<meta property=\"product:availability\" content=\"instock\" \/>\n<meta property=\"product:retailer_item_id\" content=\"5600317478278\" \/>\n<meta property=\"product:condition\" content=\"new\" \/>\n<!-- \/ Yoast SEO Premium plugin. -->","yoast_head_json":{"title":"Az\u00facar de coco ecol\u00f3gico 500g - Iswari - Na Lifenatura ao Melhor Pre\u00e7o | Envio em 48h","description":"El az\u00facar de coco Iswari es una alternativa m\u00e1s sana al az\u00facar blanco com\u00fan y posee un alto nivel de mineralizaci\u00f3n, en particular calcio y potasio.","robots":{"index":"index","follow":"follow","max-snippet":"max-snippet:-1","max-image-preview":"max-image-preview:large","max-video-preview":"max-video-preview:-1"},"canonical":"https:\/\/www.lifenatura.com\/es\/produto\/azucar-de-coco-ecologico-500g-iswari\/","og_locale":"es_ES","og_type":"article","og_title":"Az\u00facar de coco ecol\u00f3gico 500g - Iswari - Na Lifenatura ao Melhor Pre\u00e7o | Envio 48h","og_description":"Compre Az\u00facar de coco ecol\u00f3gico 500g - Iswari com envio r\u00e1pido. Entrega em 48h e portes gr\u00e1tis em compras >35\u20ac. Aproveite j\u00e1 na Lifenatura","og_url":"https:\/\/www.lifenatura.com\/es\/produto\/azucar-de-coco-ecologico-500g-iswari\/","og_site_name":"Lifenatura","article_publisher":"https:\/\/www.facebook.com\/lifenatura","article_modified_time":"2025-08-15T22:29:01+00:00","og_image":[{"width":175,"height":55,"url":"https:\/\/www.lifenatura.com\/wp-content\/uploads\/2021\/07\/logo.png","type":"image\/png"}],"twitter_card":"summary_large_image","twitter_misc":{"Precio":"7,99&nbsp;&euro;","Disponibilidad":"Disponible"},"schema":{"@context":"https:\/\/schema.org","@graph":[{"@type":"WebPage","@id":"https:\/\/www.lifenatura.com\/es\/produto\/azucar-de-coco-ecologico-500g-iswari\/","url":"https:\/\/www.lifenatura.com\/es\/produto\/azucar-de-coco-ecologico-500g-iswari\/","name":"Az\u00facar de coco ecol\u00f3gico 500g - Iswari - Na Lifenatura ao Melhor Pre\u00e7o | Envio em 48h","isPartOf":{"@id":"https:\/\/www.lifenatura.com\/es\/#website"},"datePublished":"2024-01-24T11:49:25+00:00","dateModified":"2025-08-15T22:29:01+00:00","description":"El az\u00facar de coco Iswari es una alternativa m\u00e1s sana al az\u00facar blanco com\u00fan y posee un alto nivel de mineralizaci\u00f3n, en particular calcio y potasio.","breadcrumb":{"@id":"https:\/\/www.lifenatura.com\/es\/produto\/azucar-de-coco-ecologico-500g-iswari\/#breadcrumb"},"inLanguage":"es","potentialAction":[{"@type":"ReadAction","target":["https:\/\/www.lifenatura.com\/es\/produto\/azucar-de-coco-ecologico-500g-iswari\/"]}]},{"@type":"BreadcrumbList","@id":"https:\/\/www.lifenatura.com\/es\/produto\/azucar-de-coco-ecologico-500g-iswari\/#breadcrumb","itemListElement":[{"@type":"ListItem","position":1,"name":"In\u00edcio","item":"https:\/\/www.lifenatura.com\/es\/"},{"@type":"ListItem","position":2,"name":"Todos los Productos","item":"https:\/\/www.lifenatura.com\/es\/tienda\/"},{"@type":"ListItem","position":3,"name":"Az\u00facar de coco ecol\u00f3gico 500g &#8211; Iswari"}]},{"@type":"WebSite","@id":"https:\/\/www.lifenatura.com\/es\/#website","url":"https:\/\/www.lifenatura.com\/es\/","name":"Lifenatura","description":"A Lifenatura \u00e9 uma loja de produtos naturais, cosm\u00e9tica natural e alimenta\u00e7\u00e3o Biol\u00f3gica.","publisher":{"@id":"https:\/\/www.lifenatura.com\/es\/#organization"},"potentialAction":[{"@type":"SearchAction","target":{"@type":"EntryPoint","urlTemplate":"https:\/\/www.lifenatura.com\/es\/?s={search_term_string}"},"query-input":{"@type":"PropertyValueSpecification","valueRequired":true,"valueName":"search_term_string"}}],"inLanguage":"es"},{"@type":"Organization","@id":"https:\/\/www.lifenatura.com\/es\/#organization","name":"Lifenatura","url":"https:\/\/www.lifenatura.com\/es\/","logo":{"@type":"ImageObject","inLanguage":"es","@id":"https:\/\/www.lifenatura.com\/es\/#\/schema\/logo\/image\/","url":"https:\/\/www.lifenatura.com\/wp-content\/uploads\/2021\/07\/logo.png","contentUrl":"https:\/\/www.lifenatura.com\/wp-content\/uploads\/2021\/07\/logo.png","width":175,"height":55,"caption":"Lifenatura"},"image":{"@id":"https:\/\/www.lifenatura.com\/es\/#\/schema\/logo\/image\/"},"sameAs":["https:\/\/www.facebook.com\/lifenatura","https:\/\/www.instagram.com\/lifenaturapt\/"],"hasMerchantReturnPolicy":{"@type":"MerchantReturnPolicy","merchantReturnLink":"https:\/\/www.lifenatura.com\/termos-condicoes-lifenatura\/"}}]},"product_price_amount":"7.99","product_price_currency":"EUR","og_availability":"instock","product_availability":"instock","product_retailer_item_id":"5600317478278","product_condition":"new"},"df_price":7.99,"df_sale_price":"","df_regular_price":7.99,"df_image_link":"https:\/\/www.lifenatura.com\/wp-content\/uploads\/woocommerce-placeholder-300x300.png","_links":{"self":[{"href":"https:\/\/www.lifenatura.com\/es\/wp-json\/wp\/v2\/product\/83641","targetHints":{"allow":["GET"]}}],"collection":[{"href":"https:\/\/www.lifenatura.com\/es\/wp-json\/wp\/v2\/product"}],"about":[{"href":"https:\/\/www.lifenatura.com\/es\/wp-json\/wp\/v2\/types\/product"}],"wp:attachment":[{"href":"https:\/\/www.lifenatura.com\/es\/wp-json\/wp\/v2\/media?parent=83641"}],"wp:term":[{"taxonomy":"product_brand","embeddable":true,"href":"https:\/\/www.lifenatura.com\/es\/wp-json\/wp\/v2\/product_brand?post=83641"},{"taxonomy":"product_cat","embeddable":true,"href":"https:\/\/www.lifenatura.com\/es\/wp-json\/wp\/v2\/product_cat?post=83641"},{"taxonomy":"product_tag","embeddable":true,"href":"https:\/\/www.lifenatura.com\/es\/wp-json\/wp\/v2\/product_tag?post=83641"}],"curies":[{"name":"wp","href":"https:\/\/api.w.org\/{rel}","templated":true}]}}