{"id":83184,"date":"2024-01-15T18:14:08","date_gmt":"2024-01-15T18:14:08","guid":{"rendered":"https:\/\/www.lifenatura.com\/?post_type=product&#038;p=83184"},"modified":"2026-04-20T14:37:03","modified_gmt":"2026-04-20T14:37:03","slug":"ergykid-immuno-150ml-nutergia","status":"publish","type":"product","link":"https:\/\/www.lifenatura.com\/es\/produto\/ergykid-immuno-150ml-nutergia\/","title":{"rendered":"Ergykid Immuno+ 150ml &#8211; Nutergia"},"content":{"rendered":"<h2 style=\"text-align: left;\"><strong>Ergykid Immuno+ para el sistema inmunitario de los ni\u00f1os<\/strong><\/h2>\n<p>&nbsp;<\/p>\n<p>Ergykid Immuno+ es una sinergia exclusiva de plantas, vitaminas, minerales y oligoelementos marinos, cient\u00edficamente desarrollada y especialmente adaptada a las necesidades de los ni\u00f1os.<\/p>\n<p>Su f\u00f3rmula combina ingredientes cuidadosamente seleccionados para reforzar el sistema inmunitario, como la vitamina C, la vitamina D3, el zinc y el cobre, reconocidos por sus propiedades inmunoestimulantes. Tambi\u00e9n contiene extracto de sa\u00faco, una planta utilizada tradicionalmente para prevenir y aliviar los s\u00edntomas de las infecciones respiratorias, y oligoelementos que contribuyen al equilibrio general del organismo<\/p>\n<ul>\n<li>La vitamina D3 ayuda a mantener el buen funcionamiento del sistema inmunitario de los ni\u00f1os, especialmente durante los meses de invierno.<\/li>\n<li>Las bayas de sa\u00faco, el er\u00edsimo, la vitamina C y el tr\u00edo zinc, manganeso y cobre completan la f\u00f3rmula.<\/li>\n<\/ul>\n<p>Con un sabor agradable y un formato l\u00edquido f\u00e1cil de tomar, Ergykid Immuno est\u00e1 especialmente dise\u00f1ado para las necesidades de los ni\u00f1os, reforzando de forma natural sus defensas sin recurrir a sustancias artificiales o estimulantes agresivos.<\/p>\n<p><strong>Principales beneficios:<\/strong><\/p>\n<ul>\n<li>Refuerza el sistema inmunitario de los ni\u00f1os;<\/li>\n<li>Ayuda a prevenir las infecciones respiratorias estacionales;<\/li>\n<li>Ayuda al organismo en los per\u00edodos de mayor fragilidad;<\/li>\n<li>Contribuye al funcionamiento normal de las defensas naturales;<\/li>\n<li>F\u00f3rmula natural, segura y f\u00e1cil de tomar.<\/li>\n<\/ul>\n<p><strong>Indicaciones:<\/strong><\/p>\n<ul>\n<li>Asisten a guarder\u00edas, jardines de infancia o escuelas;<\/li>\n<li>Son propensos a resfriados o infecciones repetidas;<\/li>\n<li>Necesitan un refuerzo inmunitario en oto\u00f1o\/invierno;<\/li>\n<li>Est\u00e1n convalecientes o recuper\u00e1ndose.<\/li>\n<\/ul>\n<p>Ideal para un uso preventivo o como apoyo en periodos cr\u00edticos, Ergykid Immuno es el aliado ideal para mantener a los m\u00e1s peque\u00f1os protegidos y sanos durante todo el a\u00f1o.<\/p>\n<p>El formato l\u00edquido listo para usar con tap\u00f3n dosificador facilita su toma a partir de los 3 a\u00f1os.<\/p>\n<p>Sabor a grosella espinosa probado por ni\u00f1os. Sin al\u00e9rgenos, colorantes ni edulcorantes.<\/p>\n<p><strong>PRESENTACI\u00d3N<\/strong><\/p>\n<p>150 ml<\/p>\n<p>&nbsp;<\/p>\n","protected":false},"excerpt":{"rendered":"<p>Ergykid Immuno+ complemento alimenticio con bayas de sa\u00faco, erissimum, vitaminas y minerales para el sistema inmunitario de los ni\u00f1os. [&#8230;]<\/p>\n<p><a class=\"btn btn-secondary understrap-read-more-link\" href=\"https:\/\/www.lifenatura.com\/es\/produto\/ergykid-immuno-150ml-nutergia\/\">Leer m\u00e1s&#8230;<span class=\"screen-reader-text\"> from Ergykid Immuno+ 150ml &#8211; Nutergia<\/span><\/a><\/p>\n","protected":false},"featured_media":135355,"template":"","meta":{"_acf_changed":false},"product_brand":[8427],"product_cat":[7180,7183,7179],"product_tag":[8726],"class_list":{"0":"post-83184","1":"product","2":"type-product","3":"status-publish","4":"has-post-thumbnail","6":"product_brand-nutergia","7":"product_cat-para-los-ninos","8":"product_cat-reforza-la-inmunidad","9":"product_cat-salud","10":"product_tag-nutergia","11":"pa_dicas-nutergia-para-ninos-es","13":"first","14":"instock","15":"sale","16":"featured","17":"shipping-taxable","18":"purchasable","19":"product-type-simple","20":"add-to-wishlist-before_image"},"acf":[],"yoast_head":"<!-- This site is optimized with the Yoast SEO Premium plugin v27.1 (Yoast SEO v27.5) - https:\/\/yoast.com\/product\/yoast-seo-premium-wordpress\/ -->\n<title>Ergykid Immuno+ 150ml - Nutergia - Na Lifenatura ao Melhor Pre\u00e7o | Envio em 48h<\/title>\n<meta name=\"description\" content=\"Ergykid Immuno+ complemento alimenticio con bayas de sa\u00faco, erissimum, vitaminas y minerales para el sistema inmunitario de los ni\u00f1os.\" \/>\n<meta name=\"robots\" content=\"index, follow, max-snippet:-1, max-image-preview:large, max-video-preview:-1\" \/>\n<link rel=\"canonical\" href=\"https:\/\/www.lifenatura.com\/es\/produto\/ergykid-immuno-150ml-nutergia\/\" \/>\n<meta property=\"og:locale\" content=\"es_ES\" \/>\n<meta property=\"og:type\" content=\"article\" \/>\n<meta property=\"og:title\" content=\"Ergykid Immuno+ 150ml - Nutergia - Na Lifenatura ao Melhor Pre\u00e7o | Envio 48h\" \/>\n<meta property=\"og:description\" content=\"Compre Ergykid Immuno+ 150ml - Nutergia com envio r\u00e1pido. Entrega em 48h e portes gr\u00e1tis em compras &gt;35\u20ac. Aproveite j\u00e1 na Lifenatura\" \/>\n<meta property=\"og:url\" content=\"https:\/\/www.lifenatura.com\/es\/produto\/ergykid-immuno-150ml-nutergia\/\" \/>\n<meta property=\"og:site_name\" content=\"Lifenatura\" \/>\n<meta property=\"article:publisher\" content=\"https:\/\/www.facebook.com\/lifenatura\" \/>\n<meta property=\"article:modified_time\" content=\"2026-04-20T14:37:03+00:00\" \/>\n<meta property=\"og:image\" content=\"https:\/\/www.lifenatura.com\/wp-content\/uploads\/2024\/01\/670654-nutergia-ergykid-immuno-150ml-150-ml-ltr-nutergia20260330144551.webp\" \/>\n\t<meta property=\"og:image:width\" content=\"600\" \/>\n\t<meta property=\"og:image:height\" content=\"600\" \/>\n\t<meta property=\"og:image:type\" content=\"image\/webp\" \/>\n<meta name=\"twitter:card\" content=\"summary_large_image\" \/>\n<meta name=\"twitter:label1\" content=\"Precio\" \/>\n\t<meta name=\"twitter:data1\" content=\"12,45&nbsp;&euro;\" \/>\n\t<meta name=\"twitter:label2\" content=\"Disponibilidad\" \/>\n\t<meta name=\"twitter:data2\" content=\"Disponible\" \/>\n<script type=\"application\/ld+json\" class=\"yoast-schema-graph\">{\"@context\":\"https:\\\/\\\/schema.org\",\"@graph\":[{\"@type\":\"WebPage\",\"@id\":\"https:\\\/\\\/www.lifenatura.com\\\/es\\\/produto\\\/ergykid-immuno-150ml-nutergia\\\/\",\"url\":\"https:\\\/\\\/www.lifenatura.com\\\/es\\\/produto\\\/ergykid-immuno-150ml-nutergia\\\/\",\"name\":\"Ergykid Immuno+ 150ml - Nutergia - Na Lifenatura ao Melhor Pre\u00e7o | Envio em 48h\",\"isPartOf\":{\"@id\":\"https:\\\/\\\/www.lifenatura.com\\\/es\\\/#website\"},\"primaryImageOfPage\":{\"@id\":\"https:\\\/\\\/www.lifenatura.com\\\/es\\\/produto\\\/ergykid-immuno-150ml-nutergia\\\/#primaryimage\"},\"image\":{\"@id\":\"https:\\\/\\\/www.lifenatura.com\\\/es\\\/produto\\\/ergykid-immuno-150ml-nutergia\\\/#primaryimage\"},\"thumbnailUrl\":\"https:\\\/\\\/www.lifenatura.com\\\/wp-content\\\/uploads\\\/2024\\\/01\\\/670654-nutergia-ergykid-immuno-150ml-150-ml-ltr-nutergia20260330144551.webp\",\"datePublished\":\"2024-01-15T18:14:08+00:00\",\"dateModified\":\"2026-04-20T14:37:03+00:00\",\"description\":\"Ergykid Immuno+ complemento alimenticio con bayas de sa\u00faco, erissimum, vitaminas y minerales para el sistema inmunitario de los ni\u00f1os.\",\"breadcrumb\":{\"@id\":\"https:\\\/\\\/www.lifenatura.com\\\/es\\\/produto\\\/ergykid-immuno-150ml-nutergia\\\/#breadcrumb\"},\"inLanguage\":\"es\",\"potentialAction\":[{\"@type\":\"ReadAction\",\"target\":[\"https:\\\/\\\/www.lifenatura.com\\\/es\\\/produto\\\/ergykid-immuno-150ml-nutergia\\\/\"]}]},{\"@type\":\"ImageObject\",\"inLanguage\":\"es\",\"@id\":\"https:\\\/\\\/www.lifenatura.com\\\/es\\\/produto\\\/ergykid-immuno-150ml-nutergia\\\/#primaryimage\",\"url\":\"https:\\\/\\\/www.lifenatura.com\\\/wp-content\\\/uploads\\\/2024\\\/01\\\/670654-nutergia-ergykid-immuno-150ml-150-ml-ltr-nutergia20260330144551.webp\",\"contentUrl\":\"https:\\\/\\\/www.lifenatura.com\\\/wp-content\\\/uploads\\\/2024\\\/01\\\/670654-nutergia-ergykid-immuno-150ml-150-ml-ltr-nutergia20260330144551.webp\",\"width\":600,\"height\":600},{\"@type\":\"BreadcrumbList\",\"@id\":\"https:\\\/\\\/www.lifenatura.com\\\/es\\\/produto\\\/ergykid-immuno-150ml-nutergia\\\/#breadcrumb\",\"itemListElement\":[{\"@type\":\"ListItem\",\"position\":1,\"name\":\"In\u00edcio\",\"item\":\"https:\\\/\\\/www.lifenatura.com\\\/es\\\/\"},{\"@type\":\"ListItem\",\"position\":2,\"name\":\"Todos los Productos\",\"item\":\"https:\\\/\\\/www.lifenatura.com\\\/es\\\/tienda\\\/\"},{\"@type\":\"ListItem\",\"position\":3,\"name\":\"Ergykid Immuno+ 150ml &#8211; Nutergia\"}]},{\"@type\":\"WebSite\",\"@id\":\"https:\\\/\\\/www.lifenatura.com\\\/es\\\/#website\",\"url\":\"https:\\\/\\\/www.lifenatura.com\\\/es\\\/\",\"name\":\"Lifenatura\",\"description\":\"A Lifenatura \u00e9 uma loja de produtos naturais, cosm\u00e9tica natural e alimenta\u00e7\u00e3o Biol\u00f3gica.\",\"publisher\":{\"@id\":\"https:\\\/\\\/www.lifenatura.com\\\/es\\\/#organization\"},\"potentialAction\":[{\"@type\":\"SearchAction\",\"target\":{\"@type\":\"EntryPoint\",\"urlTemplate\":\"https:\\\/\\\/www.lifenatura.com\\\/es\\\/?s={search_term_string}\"},\"query-input\":{\"@type\":\"PropertyValueSpecification\",\"valueRequired\":true,\"valueName\":\"search_term_string\"}}],\"inLanguage\":\"es\"},{\"@type\":\"Organization\",\"@id\":\"https:\\\/\\\/www.lifenatura.com\\\/es\\\/#organization\",\"name\":\"Lifenatura\",\"url\":\"https:\\\/\\\/www.lifenatura.com\\\/es\\\/\",\"logo\":{\"@type\":\"ImageObject\",\"inLanguage\":\"es\",\"@id\":\"https:\\\/\\\/www.lifenatura.com\\\/es\\\/#\\\/schema\\\/logo\\\/image\\\/\",\"url\":\"https:\\\/\\\/www.lifenatura.com\\\/wp-content\\\/uploads\\\/2021\\\/07\\\/logo.png\",\"contentUrl\":\"https:\\\/\\\/www.lifenatura.com\\\/wp-content\\\/uploads\\\/2021\\\/07\\\/logo.png\",\"width\":175,\"height\":55,\"caption\":\"Lifenatura\"},\"image\":{\"@id\":\"https:\\\/\\\/www.lifenatura.com\\\/es\\\/#\\\/schema\\\/logo\\\/image\\\/\"},\"sameAs\":[\"https:\\\/\\\/www.facebook.com\\\/lifenatura\",\"https:\\\/\\\/www.instagram.com\\\/lifenaturapt\\\/\"],\"hasMerchantReturnPolicy\":{\"@type\":\"MerchantReturnPolicy\",\"merchantReturnLink\":\"https:\\\/\\\/www.lifenatura.com\\\/termos-condicoes-lifenatura\\\/\"}}]}<\/script>\n<meta property=\"product:price:amount\" content=\"12.45\" \/>\n<meta property=\"product:price:currency\" content=\"EUR\" \/>\n<meta property=\"og:availability\" content=\"instock\" \/>\n<meta property=\"product:availability\" content=\"instock\" \/>\n<meta property=\"product:retailer_item_id\" content=\"3664524000747\" \/>\n<meta property=\"product:condition\" content=\"new\" \/>\n<!-- \/ Yoast SEO Premium plugin. -->","yoast_head_json":{"title":"Ergykid Immuno+ 150ml - Nutergia - Na Lifenatura ao Melhor Pre\u00e7o | Envio em 48h","description":"Ergykid Immuno+ complemento alimenticio con bayas de sa\u00faco, erissimum, vitaminas y minerales para el sistema inmunitario de los ni\u00f1os.","robots":{"index":"index","follow":"follow","max-snippet":"max-snippet:-1","max-image-preview":"max-image-preview:large","max-video-preview":"max-video-preview:-1"},"canonical":"https:\/\/www.lifenatura.com\/es\/produto\/ergykid-immuno-150ml-nutergia\/","og_locale":"es_ES","og_type":"article","og_title":"Ergykid Immuno+ 150ml - Nutergia - Na Lifenatura ao Melhor Pre\u00e7o | Envio 48h","og_description":"Compre Ergykid Immuno+ 150ml - Nutergia com envio r\u00e1pido. Entrega em 48h e portes gr\u00e1tis em compras >35\u20ac. Aproveite j\u00e1 na Lifenatura","og_url":"https:\/\/www.lifenatura.com\/es\/produto\/ergykid-immuno-150ml-nutergia\/","og_site_name":"Lifenatura","article_publisher":"https:\/\/www.facebook.com\/lifenatura","article_modified_time":"2026-04-20T14:37:03+00:00","og_image":[{"width":600,"height":600,"url":"https:\/\/www.lifenatura.com\/wp-content\/uploads\/2024\/01\/670654-nutergia-ergykid-immuno-150ml-150-ml-ltr-nutergia20260330144551.webp","type":"image\/webp"}],"twitter_card":"summary_large_image","twitter_misc":{"Precio":"12,45&nbsp;&euro;","Disponibilidad":"Disponible"},"schema":{"@context":"https:\/\/schema.org","@graph":[{"@type":"WebPage","@id":"https:\/\/www.lifenatura.com\/es\/produto\/ergykid-immuno-150ml-nutergia\/","url":"https:\/\/www.lifenatura.com\/es\/produto\/ergykid-immuno-150ml-nutergia\/","name":"Ergykid Immuno+ 150ml - Nutergia - Na Lifenatura ao Melhor Pre\u00e7o | Envio em 48h","isPartOf":{"@id":"https:\/\/www.lifenatura.com\/es\/#website"},"primaryImageOfPage":{"@id":"https:\/\/www.lifenatura.com\/es\/produto\/ergykid-immuno-150ml-nutergia\/#primaryimage"},"image":{"@id":"https:\/\/www.lifenatura.com\/es\/produto\/ergykid-immuno-150ml-nutergia\/#primaryimage"},"thumbnailUrl":"https:\/\/www.lifenatura.com\/wp-content\/uploads\/2024\/01\/670654-nutergia-ergykid-immuno-150ml-150-ml-ltr-nutergia20260330144551.webp","datePublished":"2024-01-15T18:14:08+00:00","dateModified":"2026-04-20T14:37:03+00:00","description":"Ergykid Immuno+ complemento alimenticio con bayas de sa\u00faco, erissimum, vitaminas y minerales para el sistema inmunitario de los ni\u00f1os.","breadcrumb":{"@id":"https:\/\/www.lifenatura.com\/es\/produto\/ergykid-immuno-150ml-nutergia\/#breadcrumb"},"inLanguage":"es","potentialAction":[{"@type":"ReadAction","target":["https:\/\/www.lifenatura.com\/es\/produto\/ergykid-immuno-150ml-nutergia\/"]}]},{"@type":"ImageObject","inLanguage":"es","@id":"https:\/\/www.lifenatura.com\/es\/produto\/ergykid-immuno-150ml-nutergia\/#primaryimage","url":"https:\/\/www.lifenatura.com\/wp-content\/uploads\/2024\/01\/670654-nutergia-ergykid-immuno-150ml-150-ml-ltr-nutergia20260330144551.webp","contentUrl":"https:\/\/www.lifenatura.com\/wp-content\/uploads\/2024\/01\/670654-nutergia-ergykid-immuno-150ml-150-ml-ltr-nutergia20260330144551.webp","width":600,"height":600},{"@type":"BreadcrumbList","@id":"https:\/\/www.lifenatura.com\/es\/produto\/ergykid-immuno-150ml-nutergia\/#breadcrumb","itemListElement":[{"@type":"ListItem","position":1,"name":"In\u00edcio","item":"https:\/\/www.lifenatura.com\/es\/"},{"@type":"ListItem","position":2,"name":"Todos los Productos","item":"https:\/\/www.lifenatura.com\/es\/tienda\/"},{"@type":"ListItem","position":3,"name":"Ergykid Immuno+ 150ml &#8211; Nutergia"}]},{"@type":"WebSite","@id":"https:\/\/www.lifenatura.com\/es\/#website","url":"https:\/\/www.lifenatura.com\/es\/","name":"Lifenatura","description":"A Lifenatura \u00e9 uma loja de produtos naturais, cosm\u00e9tica natural e alimenta\u00e7\u00e3o Biol\u00f3gica.","publisher":{"@id":"https:\/\/www.lifenatura.com\/es\/#organization"},"potentialAction":[{"@type":"SearchAction","target":{"@type":"EntryPoint","urlTemplate":"https:\/\/www.lifenatura.com\/es\/?s={search_term_string}"},"query-input":{"@type":"PropertyValueSpecification","valueRequired":true,"valueName":"search_term_string"}}],"inLanguage":"es"},{"@type":"Organization","@id":"https:\/\/www.lifenatura.com\/es\/#organization","name":"Lifenatura","url":"https:\/\/www.lifenatura.com\/es\/","logo":{"@type":"ImageObject","inLanguage":"es","@id":"https:\/\/www.lifenatura.com\/es\/#\/schema\/logo\/image\/","url":"https:\/\/www.lifenatura.com\/wp-content\/uploads\/2021\/07\/logo.png","contentUrl":"https:\/\/www.lifenatura.com\/wp-content\/uploads\/2021\/07\/logo.png","width":175,"height":55,"caption":"Lifenatura"},"image":{"@id":"https:\/\/www.lifenatura.com\/es\/#\/schema\/logo\/image\/"},"sameAs":["https:\/\/www.facebook.com\/lifenatura","https:\/\/www.instagram.com\/lifenaturapt\/"],"hasMerchantReturnPolicy":{"@type":"MerchantReturnPolicy","merchantReturnLink":"https:\/\/www.lifenatura.com\/termos-condicoes-lifenatura\/"}}]},"product_price_amount":"12.45","product_price_currency":"EUR","og_availability":"instock","product_availability":"instock","product_retailer_item_id":"3664524000747","product_condition":"new"},"df_price":12.45,"df_sale_price":12.45,"df_regular_price":15.56,"df_image_link":"https:\/\/www.lifenatura.com\/wp-content\/uploads\/2024\/01\/670654-nutergia-ergykid-immuno-150ml-150-ml-ltr-nutergia20260330144551-300x300.webp","_links":{"self":[{"href":"https:\/\/www.lifenatura.com\/es\/wp-json\/wp\/v2\/product\/83184","targetHints":{"allow":["GET"]}}],"collection":[{"href":"https:\/\/www.lifenatura.com\/es\/wp-json\/wp\/v2\/product"}],"about":[{"href":"https:\/\/www.lifenatura.com\/es\/wp-json\/wp\/v2\/types\/product"}],"wp:featuredmedia":[{"embeddable":true,"href":"https:\/\/www.lifenatura.com\/es\/wp-json\/wp\/v2\/media\/135355"}],"wp:attachment":[{"href":"https:\/\/www.lifenatura.com\/es\/wp-json\/wp\/v2\/media?parent=83184"}],"wp:term":[{"taxonomy":"product_brand","embeddable":true,"href":"https:\/\/www.lifenatura.com\/es\/wp-json\/wp\/v2\/product_brand?post=83184"},{"taxonomy":"product_cat","embeddable":true,"href":"https:\/\/www.lifenatura.com\/es\/wp-json\/wp\/v2\/product_cat?post=83184"},{"taxonomy":"product_tag","embeddable":true,"href":"https:\/\/www.lifenatura.com\/es\/wp-json\/wp\/v2\/product_tag?post=83184"}],"curies":[{"name":"wp","href":"https:\/\/api.w.org\/{rel}","templated":true}]}}