{"id":82905,"date":"2024-01-09T18:36:55","date_gmt":"2024-01-09T18:36:55","guid":{"rendered":"https:\/\/www.lifenatura.com\/?post_type=product&#038;p=82905"},"modified":"2026-04-04T00:43:05","modified_gmt":"2026-04-04T00:43:05","slug":"oligomax-manganeso-cobre-150ml-nutergia","status":"publish","type":"product","link":"https:\/\/www.lifenatura.com\/es\/produto\/oligomax-manganeso-cobre-150ml-nutergia\/","title":{"rendered":"Oligomax Manganeso Cobre 150ml &#8211; Nutergia"},"content":{"rendered":"<h2 style=\"text-align: left;\"><strong>Oligomax manganeso cobre para el funcionamiento normal del sistema inmunitario<\/strong><\/h2>\n<p>&nbsp;<\/p>\n<p>Oligomax manganeso cobre es una combinaci\u00f3n de un extracto franc\u00e9s patentado de algas litotamnium y un concentrado de agua de mar sin sodio, que aporta todos los oligoelementos y est\u00e1 enriquecido con cobre y manganeso.<\/p>\n<p>El cobre contribuye al funcionamiento normal del sistema inmunitario.<\/p>\n<p>Sin alcohol, sin az\u00facar, sin edulcorantes, sin aromas artificiales.<\/p>\n<p>Todos los productos Oligomax contienen agua de mar expuesta a la luz solar, un concentrado de agua de mar sin sodio muy rico en oligoelementos.<\/p>\n<p><strong>PRESENTACI\u00d3N<\/strong><\/p>\n<p>150 ml<\/p>\n<p>&nbsp;<\/p>\n","protected":false},"excerpt":{"rendered":"<p>Oligomax mangonese cobre para el funcionamiento normal del sistema inmunitario.<\/p>\n<p>&nbsp; [&#8230;]<\/p>\n<p><a class=\"btn btn-secondary understrap-read-more-link\" href=\"https:\/\/www.lifenatura.com\/es\/produto\/oligomax-manganeso-cobre-150ml-nutergia\/\">Leer m\u00e1s&#8230;<span class=\"screen-reader-text\"> from Oligomax Manganeso Cobre 150ml &#8211; Nutergia<\/span><\/a><\/p>\n","protected":false},"featured_media":83701,"template":"","meta":{"_acf_changed":false},"product_brand":[8427],"product_cat":[7211,7179],"product_tag":[],"class_list":{"0":"post-82905","1":"product","2":"type-product","3":"status-publish","4":"has-post-thumbnail","6":"product_brand-nutergia","7":"product_cat-reforza-la-inmunidad-salud","8":"product_cat-salud","9":"pa_caracteristicas-sin-azucares-anadidos","10":"pa_dicas-nutergia-gama-oligomax-es","12":"first","13":"instock","14":"shipping-taxable","15":"purchasable","16":"product-type-simple","17":"add-to-wishlist-before_image"},"acf":[],"yoast_head":"<!-- This site is optimized with the Yoast SEO Premium plugin v27.1 (Yoast SEO v27.3) - https:\/\/yoast.com\/product\/yoast-seo-premium-wordpress\/ -->\n<title>Oligomax Manganeso Cobre 150ml - Nutergia - Lifenatura<\/title>\n<meta name=\"description\" content=\"Oligomax cobre mangon\u00e9s, complemento alimenticio a base de una sinergia de oligoelementos, indicado para el funcionamiento normal del sistema inmunitario.\" \/>\n<meta name=\"robots\" content=\"index, follow, max-snippet:-1, max-image-preview:large, max-video-preview:-1\" \/>\n<link rel=\"canonical\" href=\"https:\/\/www.lifenatura.com\/es\/produto\/oligomax-manganeso-cobre-150ml-nutergia\/\" \/>\n<meta property=\"og:locale\" content=\"es_ES\" \/>\n<meta property=\"og:type\" content=\"article\" \/>\n<meta property=\"og:title\" content=\"Oligomax Manganeso Cobre 150ml - Nutergia - Lifenatura\" \/>\n<meta property=\"og:description\" content=\"Compre aqui o seu Oligomax Manganeso Cobre 150ml - Nutergia e a Lifenatura Online envia em 48 H com Portes Gratis &gt;35\u20ac de Pedido.\" \/>\n<meta property=\"og:url\" content=\"https:\/\/www.lifenatura.com\/es\/produto\/oligomax-manganeso-cobre-150ml-nutergia\/\" \/>\n<meta property=\"og:site_name\" content=\"Lifenatura\" \/>\n<meta property=\"article:publisher\" content=\"https:\/\/www.facebook.com\/lifenatura\" \/>\n<meta property=\"article:modified_time\" content=\"2026-04-04T00:43:05+00:00\" \/>\n<meta property=\"og:image\" content=\"https:\/\/www.lifenatura.com\/wp-content\/uploads\/2024\/01\/Oligomax-manganes-cobre-nutergia.jpg\" \/>\n\t<meta property=\"og:image:width\" content=\"1000\" \/>\n\t<meta property=\"og:image:height\" content=\"1000\" \/>\n\t<meta property=\"og:image:type\" content=\"image\/jpeg\" \/>\n<meta name=\"twitter:card\" content=\"summary_large_image\" \/>\n<meta name=\"twitter:label1\" content=\"Precio\" \/>\n\t<meta name=\"twitter:data1\" content=\"16,22&nbsp;&euro;\" \/>\n\t<meta name=\"twitter:label2\" content=\"Disponibilidad\" \/>\n\t<meta name=\"twitter:data2\" content=\"Disponible\" \/>\n<meta property=\"product:price:amount\" content=\"16.22\" \/>\n<meta property=\"product:price:currency\" content=\"EUR\" \/>\n<meta property=\"og:availability\" content=\"instock\" \/>\n<meta property=\"product:availability\" content=\"instock\" \/>\n<meta property=\"product:retailer_item_id\" content=\"3401560008623\" \/>\n<meta property=\"product:condition\" content=\"new\" \/>\n<!-- \/ Yoast SEO Premium plugin. -->","yoast_head_json":{"title":"Oligomax Manganeso Cobre 150ml - Nutergia - Lifenatura","description":"Oligomax cobre mangon\u00e9s, complemento alimenticio a base de una sinergia de oligoelementos, indicado para el funcionamiento normal del sistema inmunitario.","robots":{"index":"index","follow":"follow","max-snippet":"max-snippet:-1","max-image-preview":"max-image-preview:large","max-video-preview":"max-video-preview:-1"},"canonical":"https:\/\/www.lifenatura.com\/es\/produto\/oligomax-manganeso-cobre-150ml-nutergia\/","og_locale":"es_ES","og_type":"article","og_title":"Oligomax Manganeso Cobre 150ml - Nutergia - Lifenatura","og_description":"Compre aqui o seu Oligomax Manganeso Cobre 150ml - Nutergia e a Lifenatura Online envia em 48 H com Portes Gratis >35\u20ac de Pedido.","og_url":"https:\/\/www.lifenatura.com\/es\/produto\/oligomax-manganeso-cobre-150ml-nutergia\/","og_site_name":"Lifenatura","article_publisher":"https:\/\/www.facebook.com\/lifenatura","article_modified_time":"2026-04-04T00:43:05+00:00","og_image":[{"width":1000,"height":1000,"url":"https:\/\/www.lifenatura.com\/wp-content\/uploads\/2024\/01\/Oligomax-manganes-cobre-nutergia.jpg","type":"image\/jpeg"}],"twitter_card":"summary_large_image","twitter_misc":{"Precio":"16,22&nbsp;&euro;","Disponibilidad":"Disponible"},"schema":{"@context":"https:\/\/schema.org","@graph":[{"@type":"WebPage","@id":"https:\/\/www.lifenatura.com\/es\/produto\/oligomax-manganeso-cobre-150ml-nutergia\/","url":"https:\/\/www.lifenatura.com\/es\/produto\/oligomax-manganeso-cobre-150ml-nutergia\/","name":"Oligomax Manganeso Cobre 150ml - Nutergia - Lifenatura","isPartOf":{"@id":"https:\/\/www.lifenatura.com\/es\/#website"},"primaryImageOfPage":{"@id":"https:\/\/www.lifenatura.com\/es\/produto\/oligomax-manganeso-cobre-150ml-nutergia\/#primaryimage"},"image":{"@id":"https:\/\/www.lifenatura.com\/es\/produto\/oligomax-manganeso-cobre-150ml-nutergia\/#primaryimage"},"thumbnailUrl":"https:\/\/www.lifenatura.com\/wp-content\/uploads\/2024\/01\/Oligomax-manganes-cobre-nutergia.jpg","datePublished":"2024-01-09T18:36:55+00:00","dateModified":"2026-04-04T00:43:05+00:00","description":"Oligomax cobre mangon\u00e9s, complemento alimenticio a base de una sinergia de oligoelementos, indicado para el funcionamiento normal del sistema inmunitario.","breadcrumb":{"@id":"https:\/\/www.lifenatura.com\/es\/produto\/oligomax-manganeso-cobre-150ml-nutergia\/#breadcrumb"},"inLanguage":"es","potentialAction":[{"@type":"ReadAction","target":["https:\/\/www.lifenatura.com\/es\/produto\/oligomax-manganeso-cobre-150ml-nutergia\/"]}]},{"@type":"ImageObject","inLanguage":"es","@id":"https:\/\/www.lifenatura.com\/es\/produto\/oligomax-manganeso-cobre-150ml-nutergia\/#primaryimage","url":"https:\/\/www.lifenatura.com\/wp-content\/uploads\/2024\/01\/Oligomax-manganes-cobre-nutergia.jpg","contentUrl":"https:\/\/www.lifenatura.com\/wp-content\/uploads\/2024\/01\/Oligomax-manganes-cobre-nutergia.jpg","width":1000,"height":1000,"caption":"Oligomax mangan\u00eas cobre da marca nutergia"},{"@type":"BreadcrumbList","@id":"https:\/\/www.lifenatura.com\/es\/produto\/oligomax-manganeso-cobre-150ml-nutergia\/#breadcrumb","itemListElement":[{"@type":"ListItem","position":1,"name":"In\u00edcio","item":"https:\/\/www.lifenatura.com\/es\/"},{"@type":"ListItem","position":2,"name":"Todos los Productos","item":"https:\/\/www.lifenatura.com\/es\/tienda\/"},{"@type":"ListItem","position":3,"name":"Oligomax Manganeso Cobre 150ml &#8211; Nutergia"}]},{"@type":"WebSite","@id":"https:\/\/www.lifenatura.com\/es\/#website","url":"https:\/\/www.lifenatura.com\/es\/","name":"Lifenatura","description":"A Lifenatura \u00e9 uma loja de produtos naturais, cosm\u00e9tica natural e alimenta\u00e7\u00e3o Biol\u00f3gica.","publisher":{"@id":"https:\/\/www.lifenatura.com\/es\/#organization"},"potentialAction":[{"@type":"SearchAction","target":{"@type":"EntryPoint","urlTemplate":"https:\/\/www.lifenatura.com\/es\/?s={search_term_string}"},"query-input":{"@type":"PropertyValueSpecification","valueRequired":true,"valueName":"search_term_string"}}],"inLanguage":"es"},{"@type":"Organization","@id":"https:\/\/www.lifenatura.com\/es\/#organization","name":"Lifenatura","url":"https:\/\/www.lifenatura.com\/es\/","logo":{"@type":"ImageObject","inLanguage":"es","@id":"https:\/\/www.lifenatura.com\/es\/#\/schema\/logo\/image\/","url":"https:\/\/www.lifenatura.com\/wp-content\/uploads\/2021\/11\/logo.png","contentUrl":"https:\/\/www.lifenatura.com\/wp-content\/uploads\/2021\/11\/logo.png","width":175,"height":55,"caption":"Lifenatura"},"image":{"@id":"https:\/\/www.lifenatura.com\/es\/#\/schema\/logo\/image\/"},"sameAs":["https:\/\/www.facebook.com\/lifenatura","https:\/\/www.instagram.com\/lifenaturapt\/"]}]},"product_price_amount":"16.22","product_price_currency":"EUR","og_availability":"instock","product_availability":"instock","product_retailer_item_id":"3401560008623","product_condition":"new"},"df_price":16.22,"df_sale_price":14.5,"df_regular_price":16.22,"df_image_link":"https:\/\/www.lifenatura.com\/wp-content\/uploads\/2024\/01\/Oligomax-manganes-cobre-nutergia-300x300.jpg","_links":{"self":[{"href":"https:\/\/www.lifenatura.com\/es\/wp-json\/wp\/v2\/product\/82905","targetHints":{"allow":["GET"]}}],"collection":[{"href":"https:\/\/www.lifenatura.com\/es\/wp-json\/wp\/v2\/product"}],"about":[{"href":"https:\/\/www.lifenatura.com\/es\/wp-json\/wp\/v2\/types\/product"}],"wp:featuredmedia":[{"embeddable":true,"href":"https:\/\/www.lifenatura.com\/es\/wp-json\/wp\/v2\/media\/83701"}],"wp:attachment":[{"href":"https:\/\/www.lifenatura.com\/es\/wp-json\/wp\/v2\/media?parent=82905"}],"wp:term":[{"taxonomy":"product_brand","embeddable":true,"href":"https:\/\/www.lifenatura.com\/es\/wp-json\/wp\/v2\/product_brand?post=82905"},{"taxonomy":"product_cat","embeddable":true,"href":"https:\/\/www.lifenatura.com\/es\/wp-json\/wp\/v2\/product_cat?post=82905"},{"taxonomy":"product_tag","embeddable":true,"href":"https:\/\/www.lifenatura.com\/es\/wp-json\/wp\/v2\/product_tag?post=82905"}],"curies":[{"name":"wp","href":"https:\/\/api.w.org\/{rel}","templated":true}]}}