{"id":82698,"date":"2024-01-05T16:54:58","date_gmt":"2024-01-05T16:54:58","guid":{"rendered":"https:\/\/www.lifenatura.com\/?post_type=product&#038;p=82698"},"modified":"2026-04-06T01:02:06","modified_gmt":"2026-04-06T01:02:06","slug":"ergyprosta-60-capsulas-nutergia","status":"publish","type":"product","link":"https:\/\/www.lifenatura.com\/es\/produto\/ergyprosta-60-capsulas-nutergia\/","title":{"rendered":"Ergyprosta 60 C\u00e1psulas &#8211; Nutergia"},"content":{"rendered":"<h2 style=\"text-align: left;\"><strong>Ergyprosta para el cuidado de la pr\u00f3stata<\/strong><\/h2>\n<p>&nbsp;<\/p>\n<p>O Ergyprosta es un complemento alimenticio a base de plantas y principios activos vegetales, vitaminas y oligoelementos. Mantiene la pr\u00f3stata sana y es ideal para el confort urinario. Esta f\u00f3rmula exclusiva contiene una sinergia de 9 principios activos:<\/p>\n<ul>\n<li><strong>Epilobium<\/strong> &#8211; favorece el buen funcionamiento de la pr\u00f3stata y el confort urinario de los hombres;<\/li>\n<li><strong>Serenoa repens<\/strong> &#8211; tambi\u00e9n conocida como palma enana americana o palmera de Florida, se utiliza para mantener una funci\u00f3n urinaria normal en los hombres a partir de los 45 a\u00f1os. Ayuda a mantener el flujo m\u00e1ximo de orina;<\/li>\n<li><strong>Azafr\u00e1n<\/strong> &#8211; se utiliza para reducir la tensi\u00f3n y ayudar a dormir mejor. Ayuda a estimular la libido, mejorar la erecci\u00f3n y relajar los m\u00fasculos;<\/li>\n<li><strong>Las vitaminas C y E, el zinc y el selenio<\/strong> ayudan a proteger las c\u00e9lulas contra la oxidaci\u00f3n no deseada;<\/li>\n<li><strong>Licopeno<\/strong> &#8211; pigmento carotenoide responsable del color rojo, tiene propiedades antioxidantes y antiinflamatorias que protegen las c\u00e9lulas del organismo de los da\u00f1os causados por los radicales libres, previniendo el estr\u00e9s oxidativo;<\/li>\n<li><strong>Ortiga<\/strong> &#8211; planta medicinal rica en vitaminas A, C y K, polifenoles, flavonoides y minerales como calcio, hierro y magnesio. Tiene propiedades antiinflamatorias y antioxidantes.<\/li>\n<\/ul>\n<p>Ergyprosta puede recomendarse a los hombres para el buen funcionamiento de la pr\u00f3stata, la comodidad urinaria y el bienestar masculino.<\/p>\n<p><strong>PRESENTACI\u00d3N<\/strong><\/p>\n<p>60 c\u00e1psulas<\/p>\n<p>&nbsp;<\/p>\n","protected":false},"excerpt":{"rendered":"<p>Ergyprosta es un complemento alimenticio a base de plantas indicado para el buen funcionamiento de la pr\u00f3stata, el confort urinario y el bienestar masculino. [&#8230;]<\/p>\n<p><a class=\"btn btn-secondary understrap-read-more-link\" href=\"https:\/\/www.lifenatura.com\/es\/produto\/ergyprosta-60-capsulas-nutergia\/\">Leer m\u00e1s&#8230;<span class=\"screen-reader-text\"> from Ergyprosta 60 C\u00e1psulas &#8211; Nutergia<\/span><\/a><\/p>\n","protected":false},"featured_media":83664,"template":"","meta":{"_acf_changed":false},"product_brand":[8427],"product_cat":[7241,7179],"product_tag":[],"class_list":{"0":"post-82698","1":"product","2":"type-product","3":"status-publish","4":"has-post-thumbnail","6":"product_brand-nutergia","7":"product_cat-aparato-reproductor-masculino","8":"product_cat-salud","10":"first","11":"instock","12":"shipping-taxable","13":"purchasable","14":"product-type-simple","15":"add-to-wishlist-before_image"},"acf":[],"yoast_head":"<!-- This site is optimized with the Yoast SEO Premium plugin v27.1 (Yoast SEO v27.3) - https:\/\/yoast.com\/product\/yoast-seo-premium-wordpress\/ -->\n<title>Ergyprosta 60 C\u00e1psulas - Nutergia - Lifenatura<\/title>\n<meta name=\"description\" content=\"Ergyprosta un complemento alimenticio a base de plantas indicado para el buen funcionamiento de la pr\u00f3stata, el confort urinario y el bienestar masculino.\" \/>\n<meta name=\"robots\" content=\"index, follow, max-snippet:-1, max-image-preview:large, max-video-preview:-1\" \/>\n<link rel=\"canonical\" href=\"https:\/\/www.lifenatura.com\/es\/produto\/ergyprosta-60-capsulas-nutergia\/\" \/>\n<meta property=\"og:locale\" content=\"es_ES\" \/>\n<meta property=\"og:type\" content=\"article\" \/>\n<meta property=\"og:title\" content=\"Ergyprosta 60 C\u00e1psulas - Nutergia - Lifenatura\" \/>\n<meta property=\"og:description\" content=\"Compre aqui o seu Ergyprosta 60 C\u00e1psulas - Nutergia e a Lifenatura Online envia em 48 H com Portes Gratis &gt;35\u20ac de Pedido.\" \/>\n<meta property=\"og:url\" content=\"https:\/\/www.lifenatura.com\/es\/produto\/ergyprosta-60-capsulas-nutergia\/\" \/>\n<meta property=\"og:site_name\" content=\"Lifenatura\" \/>\n<meta property=\"article:publisher\" content=\"https:\/\/www.facebook.com\/lifenatura\" \/>\n<meta property=\"article:modified_time\" content=\"2026-04-06T01:02:06+00:00\" \/>\n<meta property=\"og:image\" content=\"https:\/\/www.lifenatura.com\/wp-content\/uploads\/2024\/01\/ergyprosta-nutergia.jpg\" \/>\n\t<meta property=\"og:image:width\" content=\"1000\" \/>\n\t<meta property=\"og:image:height\" content=\"1000\" \/>\n\t<meta property=\"og:image:type\" content=\"image\/jpeg\" \/>\n<meta name=\"twitter:card\" content=\"summary_large_image\" \/>\n<meta name=\"twitter:label1\" content=\"Precio\" \/>\n\t<meta name=\"twitter:data1\" content=\"23,80&nbsp;&euro;\" \/>\n\t<meta name=\"twitter:label2\" content=\"Disponibilidad\" \/>\n\t<meta name=\"twitter:data2\" content=\"Disponible\" \/>\n<meta property=\"product:price:amount\" content=\"23.80\" \/>\n<meta property=\"product:price:currency\" content=\"EUR\" \/>\n<meta property=\"og:availability\" content=\"instock\" \/>\n<meta property=\"product:availability\" content=\"instock\" \/>\n<meta property=\"product:retailer_item_id\" content=\"3664524000211\" \/>\n<meta property=\"product:condition\" content=\"new\" \/>\n<!-- \/ Yoast SEO Premium plugin. -->","yoast_head_json":{"title":"Ergyprosta 60 C\u00e1psulas - Nutergia - Lifenatura","description":"Ergyprosta un complemento alimenticio a base de plantas indicado para el buen funcionamiento de la pr\u00f3stata, el confort urinario y el bienestar masculino.","robots":{"index":"index","follow":"follow","max-snippet":"max-snippet:-1","max-image-preview":"max-image-preview:large","max-video-preview":"max-video-preview:-1"},"canonical":"https:\/\/www.lifenatura.com\/es\/produto\/ergyprosta-60-capsulas-nutergia\/","og_locale":"es_ES","og_type":"article","og_title":"Ergyprosta 60 C\u00e1psulas - Nutergia - Lifenatura","og_description":"Compre aqui o seu Ergyprosta 60 C\u00e1psulas - Nutergia e a Lifenatura Online envia em 48 H com Portes Gratis >35\u20ac de Pedido.","og_url":"https:\/\/www.lifenatura.com\/es\/produto\/ergyprosta-60-capsulas-nutergia\/","og_site_name":"Lifenatura","article_publisher":"https:\/\/www.facebook.com\/lifenatura","article_modified_time":"2026-04-06T01:02:06+00:00","og_image":[{"width":1000,"height":1000,"url":"https:\/\/www.lifenatura.com\/wp-content\/uploads\/2024\/01\/ergyprosta-nutergia.jpg","type":"image\/jpeg"}],"twitter_card":"summary_large_image","twitter_misc":{"Precio":"23,80&nbsp;&euro;","Disponibilidad":"Disponible"},"schema":{"@context":"https:\/\/schema.org","@graph":[{"@type":"WebPage","@id":"https:\/\/www.lifenatura.com\/es\/produto\/ergyprosta-60-capsulas-nutergia\/","url":"https:\/\/www.lifenatura.com\/es\/produto\/ergyprosta-60-capsulas-nutergia\/","name":"Ergyprosta 60 C\u00e1psulas - Nutergia - Lifenatura","isPartOf":{"@id":"https:\/\/www.lifenatura.com\/es\/#website"},"primaryImageOfPage":{"@id":"https:\/\/www.lifenatura.com\/es\/produto\/ergyprosta-60-capsulas-nutergia\/#primaryimage"},"image":{"@id":"https:\/\/www.lifenatura.com\/es\/produto\/ergyprosta-60-capsulas-nutergia\/#primaryimage"},"thumbnailUrl":"https:\/\/www.lifenatura.com\/wp-content\/uploads\/2024\/01\/ergyprosta-nutergia.jpg","datePublished":"2024-01-05T16:54:58+00:00","dateModified":"2026-04-06T01:02:06+00:00","description":"Ergyprosta un complemento alimenticio a base de plantas indicado para el buen funcionamiento de la pr\u00f3stata, el confort urinario y el bienestar masculino.","breadcrumb":{"@id":"https:\/\/www.lifenatura.com\/es\/produto\/ergyprosta-60-capsulas-nutergia\/#breadcrumb"},"inLanguage":"es","potentialAction":[{"@type":"ReadAction","target":["https:\/\/www.lifenatura.com\/es\/produto\/ergyprosta-60-capsulas-nutergia\/"]}]},{"@type":"ImageObject","inLanguage":"es","@id":"https:\/\/www.lifenatura.com\/es\/produto\/ergyprosta-60-capsulas-nutergia\/#primaryimage","url":"https:\/\/www.lifenatura.com\/wp-content\/uploads\/2024\/01\/ergyprosta-nutergia.jpg","contentUrl":"https:\/\/www.lifenatura.com\/wp-content\/uploads\/2024\/01\/ergyprosta-nutergia.jpg","width":1000,"height":1000,"caption":"Ergyprosta da marca nutergia"},{"@type":"BreadcrumbList","@id":"https:\/\/www.lifenatura.com\/es\/produto\/ergyprosta-60-capsulas-nutergia\/#breadcrumb","itemListElement":[{"@type":"ListItem","position":1,"name":"In\u00edcio","item":"https:\/\/www.lifenatura.com\/es\/"},{"@type":"ListItem","position":2,"name":"Todos los Productos","item":"https:\/\/www.lifenatura.com\/es\/tienda\/"},{"@type":"ListItem","position":3,"name":"Ergyprosta 60 C\u00e1psulas &#8211; Nutergia"}]},{"@type":"WebSite","@id":"https:\/\/www.lifenatura.com\/es\/#website","url":"https:\/\/www.lifenatura.com\/es\/","name":"Lifenatura","description":"A Lifenatura \u00e9 uma loja de produtos naturais, cosm\u00e9tica natural e alimenta\u00e7\u00e3o Biol\u00f3gica.","publisher":{"@id":"https:\/\/www.lifenatura.com\/es\/#organization"},"potentialAction":[{"@type":"SearchAction","target":{"@type":"EntryPoint","urlTemplate":"https:\/\/www.lifenatura.com\/es\/?s={search_term_string}"},"query-input":{"@type":"PropertyValueSpecification","valueRequired":true,"valueName":"search_term_string"}}],"inLanguage":"es"},{"@type":"Organization","@id":"https:\/\/www.lifenatura.com\/es\/#organization","name":"Lifenatura","url":"https:\/\/www.lifenatura.com\/es\/","logo":{"@type":"ImageObject","inLanguage":"es","@id":"https:\/\/www.lifenatura.com\/es\/#\/schema\/logo\/image\/","url":"https:\/\/www.lifenatura.com\/wp-content\/uploads\/2021\/11\/logo.png","contentUrl":"https:\/\/www.lifenatura.com\/wp-content\/uploads\/2021\/11\/logo.png","width":175,"height":55,"caption":"Lifenatura"},"image":{"@id":"https:\/\/www.lifenatura.com\/es\/#\/schema\/logo\/image\/"},"sameAs":["https:\/\/www.facebook.com\/lifenatura","https:\/\/www.instagram.com\/lifenaturapt\/"]}]},"product_price_amount":"23.80","product_price_currency":"EUR","og_availability":"instock","product_availability":"instock","product_retailer_item_id":"3664524000211","product_condition":"new"},"df_price":23.8,"df_sale_price":20.9,"df_regular_price":23.8,"df_image_link":"https:\/\/www.lifenatura.com\/wp-content\/uploads\/2024\/01\/ergyprosta-nutergia-300x300.jpg","_links":{"self":[{"href":"https:\/\/www.lifenatura.com\/es\/wp-json\/wp\/v2\/product\/82698","targetHints":{"allow":["GET"]}}],"collection":[{"href":"https:\/\/www.lifenatura.com\/es\/wp-json\/wp\/v2\/product"}],"about":[{"href":"https:\/\/www.lifenatura.com\/es\/wp-json\/wp\/v2\/types\/product"}],"wp:featuredmedia":[{"embeddable":true,"href":"https:\/\/www.lifenatura.com\/es\/wp-json\/wp\/v2\/media\/83664"}],"wp:attachment":[{"href":"https:\/\/www.lifenatura.com\/es\/wp-json\/wp\/v2\/media?parent=82698"}],"wp:term":[{"taxonomy":"product_brand","embeddable":true,"href":"https:\/\/www.lifenatura.com\/es\/wp-json\/wp\/v2\/product_brand?post=82698"},{"taxonomy":"product_cat","embeddable":true,"href":"https:\/\/www.lifenatura.com\/es\/wp-json\/wp\/v2\/product_cat?post=82698"},{"taxonomy":"product_tag","embeddable":true,"href":"https:\/\/www.lifenatura.com\/es\/wp-json\/wp\/v2\/product_tag?post=82698"}],"curies":[{"name":"wp","href":"https:\/\/api.w.org\/{rel}","templated":true}]}}