{"id":82367,"date":"2023-12-27T16:27:37","date_gmt":"2023-12-27T16:27:37","guid":{"rendered":"https:\/\/www.lifenatura.com\/?post_type=product&#038;p=82367"},"modified":"2026-04-04T00:43:02","modified_gmt":"2026-04-04T00:43:02","slug":"ergycapil-90-capsulas-nutergia","status":"publish","type":"product","link":"https:\/\/www.lifenatura.com\/es\/produto\/ergycapil-90-capsulas-nutergia\/","title":{"rendered":"Ergycapil 90 C\u00e1psulas \u2013 Nutergia"},"content":{"rendered":"<h2>Ergycapil Fortalecedor de cabello y u\u00f1as<\/h2>\n<p>&nbsp;<\/p>\n<p>ERGYCAPIL es una sinergia de amino\u00e1cidos y nutrientes para dar fuerza, resistencia y vitalidad al cabello y las u\u00f1as. Posee una f\u00f3rmula completa y sin\u00e9rgica de 4 amino\u00e1cidos, 6 vitaminas, entre ellas las vitaminas B6, B8 y D, y 3 minerales, entre ellos el zinc y el hierro.<\/p>\n<p>ERGYCAPIL es una f\u00f3rmula innovadora especialmente adaptada:<\/p>\n<ul>\n<li>Para fortalecer las u\u00f1as astilladas y quebradizas y reforzar el cabello apagado, debilitado y propenso a la ca\u00edda. El zinc contribuye a la s\u00edntesis normal de prote\u00ednas como la queratina y ayuda a mantener el cabello y las u\u00f1as en condiciones normales.<\/li>\n<li>Para un cabello m\u00e1s fuerte, brillante y resistente; la vitamina B8 mantiene el cabello sano. Se combina con la vitamina B6, que contribuye a regularizar la actividad hormonal.<\/li>\n<li>Para proteger contra el estr\u00e9s oxidativo; El zinc, el manganeso y la vitamina C ayudan a proteger las c\u00e9lulas contra el estr\u00e9s oxidativo.<\/li>\n<\/ul>\n<p><strong>PRESENTACI\u00d3N<\/strong><\/p>\n<p>90 c\u00e1psulas<\/p>\n","protected":false},"excerpt":{"rendered":"<p>Ergycapil es una sinergia natural de amino\u00e1cidos y nutrientes para dar fuerza, resistencia y vitalidad al cabello y las u\u00f1as. [&#8230;]<\/p>\n<p><a class=\"btn btn-secondary understrap-read-more-link\" href=\"https:\/\/www.lifenatura.com\/es\/produto\/ergycapil-90-capsulas-nutergia\/\">Leer m\u00e1s&#8230;<span class=\"screen-reader-text\"> from Ergycapil 90 C\u00e1psulas \u2013 Nutergia<\/span><\/a><\/p>\n","protected":false},"featured_media":83589,"template":"","meta":{"_acf_changed":false},"product_brand":[8427],"product_cat":[7237,7179],"product_tag":[],"class_list":{"0":"post-82367","1":"product","2":"type-product","3":"status-publish","4":"has-post-thumbnail","6":"product_brand-nutergia","7":"product_cat-pelo-unas","8":"product_cat-salud","10":"first","11":"instock","12":"shipping-taxable","13":"purchasable","14":"product-type-simple","15":"add-to-wishlist-before_image"},"acf":[],"yoast_head":"<!-- This site is optimized with the Yoast SEO Premium plugin v27.1 (Yoast SEO v27.3) - https:\/\/yoast.com\/product\/yoast-seo-premium-wordpress\/ -->\n<title>Ergycapil 90 C\u00e1psulas \u2013 Nutergia - Lifenatura<\/title>\n<meta name=\"description\" content=\"Ergycapil es una sinergia natural de amino\u00e1cidos y nutrientes para dar fuerza, resistencia y vitalidad al cabello y las u\u00f1as.\" \/>\n<meta name=\"robots\" content=\"index, follow, max-snippet:-1, max-image-preview:large, max-video-preview:-1\" \/>\n<link rel=\"canonical\" href=\"https:\/\/www.lifenatura.com\/es\/produto\/ergycapil-90-capsulas-nutergia\/\" \/>\n<meta property=\"og:locale\" content=\"es_ES\" \/>\n<meta property=\"og:type\" content=\"article\" \/>\n<meta property=\"og:title\" content=\"Ergycapil 90 C\u00e1psulas \u2013 Nutergia - Lifenatura\" \/>\n<meta property=\"og:description\" content=\"Compre aqui o seu Ergycapil 90 C\u00e1psulas \u2013 Nutergia e a Lifenatura Online envia em 48 H com Portes Gratis &gt;35\u20ac de Pedido.\" \/>\n<meta property=\"og:url\" content=\"https:\/\/www.lifenatura.com\/es\/produto\/ergycapil-90-capsulas-nutergia\/\" \/>\n<meta property=\"og:site_name\" content=\"Lifenatura\" \/>\n<meta property=\"article:publisher\" content=\"https:\/\/www.facebook.com\/lifenatura\" \/>\n<meta property=\"article:modified_time\" content=\"2026-04-04T00:43:02+00:00\" \/>\n<meta property=\"og:image\" content=\"https:\/\/www.lifenatura.com\/wp-content\/uploads\/2023\/12\/ergycapil-90caps-nutergia.jpg\" \/>\n\t<meta property=\"og:image:width\" content=\"1000\" \/>\n\t<meta property=\"og:image:height\" content=\"1000\" \/>\n\t<meta property=\"og:image:type\" content=\"image\/jpeg\" \/>\n<meta name=\"twitter:card\" content=\"summary_large_image\" \/>\n<meta name=\"twitter:label1\" content=\"Precio\" \/>\n\t<meta name=\"twitter:data1\" content=\"20,51&nbsp;&euro;\" \/>\n\t<meta name=\"twitter:label2\" content=\"Disponibilidad\" \/>\n\t<meta name=\"twitter:data2\" content=\"Disponible\" \/>\n<meta property=\"product:price:amount\" content=\"20.51\" \/>\n<meta property=\"product:price:currency\" content=\"EUR\" \/>\n<meta property=\"og:availability\" content=\"instock\" \/>\n<meta property=\"product:availability\" content=\"instock\" \/>\n<meta property=\"product:retailer_item_id\" content=\"3664524000808\" \/>\n<meta property=\"product:condition\" content=\"new\" \/>\n<!-- \/ Yoast SEO Premium plugin. -->","yoast_head_json":{"title":"Ergycapil 90 C\u00e1psulas \u2013 Nutergia - Lifenatura","description":"Ergycapil es una sinergia natural de amino\u00e1cidos y nutrientes para dar fuerza, resistencia y vitalidad al cabello y las u\u00f1as.","robots":{"index":"index","follow":"follow","max-snippet":"max-snippet:-1","max-image-preview":"max-image-preview:large","max-video-preview":"max-video-preview:-1"},"canonical":"https:\/\/www.lifenatura.com\/es\/produto\/ergycapil-90-capsulas-nutergia\/","og_locale":"es_ES","og_type":"article","og_title":"Ergycapil 90 C\u00e1psulas \u2013 Nutergia - Lifenatura","og_description":"Compre aqui o seu Ergycapil 90 C\u00e1psulas \u2013 Nutergia e a Lifenatura Online envia em 48 H com Portes Gratis >35\u20ac de Pedido.","og_url":"https:\/\/www.lifenatura.com\/es\/produto\/ergycapil-90-capsulas-nutergia\/","og_site_name":"Lifenatura","article_publisher":"https:\/\/www.facebook.com\/lifenatura","article_modified_time":"2026-04-04T00:43:02+00:00","og_image":[{"width":1000,"height":1000,"url":"https:\/\/www.lifenatura.com\/wp-content\/uploads\/2023\/12\/ergycapil-90caps-nutergia.jpg","type":"image\/jpeg"}],"twitter_card":"summary_large_image","twitter_misc":{"Precio":"20,51&nbsp;&euro;","Disponibilidad":"Disponible"},"schema":{"@context":"https:\/\/schema.org","@graph":[{"@type":"WebPage","@id":"https:\/\/www.lifenatura.com\/es\/produto\/ergycapil-90-capsulas-nutergia\/","url":"https:\/\/www.lifenatura.com\/es\/produto\/ergycapil-90-capsulas-nutergia\/","name":"Ergycapil 90 C\u00e1psulas \u2013 Nutergia - Lifenatura","isPartOf":{"@id":"https:\/\/www.lifenatura.com\/es\/#website"},"primaryImageOfPage":{"@id":"https:\/\/www.lifenatura.com\/es\/produto\/ergycapil-90-capsulas-nutergia\/#primaryimage"},"image":{"@id":"https:\/\/www.lifenatura.com\/es\/produto\/ergycapil-90-capsulas-nutergia\/#primaryimage"},"thumbnailUrl":"https:\/\/www.lifenatura.com\/wp-content\/uploads\/2023\/12\/ergycapil-90caps-nutergia.jpg","datePublished":"2023-12-27T16:27:37+00:00","dateModified":"2026-04-04T00:43:02+00:00","description":"Ergycapil es una sinergia natural de amino\u00e1cidos y nutrientes para dar fuerza, resistencia y vitalidad al cabello y las u\u00f1as.","breadcrumb":{"@id":"https:\/\/www.lifenatura.com\/es\/produto\/ergycapil-90-capsulas-nutergia\/#breadcrumb"},"inLanguage":"es","potentialAction":[{"@type":"ReadAction","target":["https:\/\/www.lifenatura.com\/es\/produto\/ergycapil-90-capsulas-nutergia\/"]}]},{"@type":"ImageObject","inLanguage":"es","@id":"https:\/\/www.lifenatura.com\/es\/produto\/ergycapil-90-capsulas-nutergia\/#primaryimage","url":"https:\/\/www.lifenatura.com\/wp-content\/uploads\/2023\/12\/ergycapil-90caps-nutergia.jpg","contentUrl":"https:\/\/www.lifenatura.com\/wp-content\/uploads\/2023\/12\/ergycapil-90caps-nutergia.jpg","width":1000,"height":1000,"caption":"Ergycapil da marca nutergia"},{"@type":"BreadcrumbList","@id":"https:\/\/www.lifenatura.com\/es\/produto\/ergycapil-90-capsulas-nutergia\/#breadcrumb","itemListElement":[{"@type":"ListItem","position":1,"name":"In\u00edcio","item":"https:\/\/www.lifenatura.com\/es\/"},{"@type":"ListItem","position":2,"name":"Todos los Productos","item":"https:\/\/www.lifenatura.com\/es\/tienda\/"},{"@type":"ListItem","position":3,"name":"Ergycapil 90 C\u00e1psulas \u2013 Nutergia"}]},{"@type":"WebSite","@id":"https:\/\/www.lifenatura.com\/es\/#website","url":"https:\/\/www.lifenatura.com\/es\/","name":"Lifenatura","description":"A Lifenatura \u00e9 uma loja de produtos naturais, cosm\u00e9tica natural e alimenta\u00e7\u00e3o Biol\u00f3gica.","publisher":{"@id":"https:\/\/www.lifenatura.com\/es\/#organization"},"potentialAction":[{"@type":"SearchAction","target":{"@type":"EntryPoint","urlTemplate":"https:\/\/www.lifenatura.com\/es\/?s={search_term_string}"},"query-input":{"@type":"PropertyValueSpecification","valueRequired":true,"valueName":"search_term_string"}}],"inLanguage":"es"},{"@type":"Organization","@id":"https:\/\/www.lifenatura.com\/es\/#organization","name":"Lifenatura","url":"https:\/\/www.lifenatura.com\/es\/","logo":{"@type":"ImageObject","inLanguage":"es","@id":"https:\/\/www.lifenatura.com\/es\/#\/schema\/logo\/image\/","url":"https:\/\/www.lifenatura.com\/wp-content\/uploads\/2021\/11\/logo.png","contentUrl":"https:\/\/www.lifenatura.com\/wp-content\/uploads\/2021\/11\/logo.png","width":175,"height":55,"caption":"Lifenatura"},"image":{"@id":"https:\/\/www.lifenatura.com\/es\/#\/schema\/logo\/image\/"},"sameAs":["https:\/\/www.facebook.com\/lifenatura","https:\/\/www.instagram.com\/lifenaturapt\/"]}]},"product_price_amount":"20.51","product_price_currency":"EUR","og_availability":"instock","product_availability":"instock","product_retailer_item_id":"3664524000808","product_condition":"new"},"df_price":20.51,"df_sale_price":18.9,"df_regular_price":20.51,"df_image_link":"https:\/\/www.lifenatura.com\/wp-content\/uploads\/2023\/12\/ergycapil-90caps-nutergia-300x300.jpg","_links":{"self":[{"href":"https:\/\/www.lifenatura.com\/es\/wp-json\/wp\/v2\/product\/82367","targetHints":{"allow":["GET"]}}],"collection":[{"href":"https:\/\/www.lifenatura.com\/es\/wp-json\/wp\/v2\/product"}],"about":[{"href":"https:\/\/www.lifenatura.com\/es\/wp-json\/wp\/v2\/types\/product"}],"wp:featuredmedia":[{"embeddable":true,"href":"https:\/\/www.lifenatura.com\/es\/wp-json\/wp\/v2\/media\/83589"}],"wp:attachment":[{"href":"https:\/\/www.lifenatura.com\/es\/wp-json\/wp\/v2\/media?parent=82367"}],"wp:term":[{"taxonomy":"product_brand","embeddable":true,"href":"https:\/\/www.lifenatura.com\/es\/wp-json\/wp\/v2\/product_brand?post=82367"},{"taxonomy":"product_cat","embeddable":true,"href":"https:\/\/www.lifenatura.com\/es\/wp-json\/wp\/v2\/product_cat?post=82367"},{"taxonomy":"product_tag","embeddable":true,"href":"https:\/\/www.lifenatura.com\/es\/wp-json\/wp\/v2\/product_tag?post=82367"}],"curies":[{"name":"wp","href":"https:\/\/api.w.org\/{rel}","templated":true}]}}