{"id":81979,"date":"2023-12-15T16:35:54","date_gmt":"2023-12-15T16:35:54","guid":{"rendered":"https:\/\/www.lifenatura.com\/?post_type=product&#038;p=81979"},"modified":"2024-11-12T12:28:44","modified_gmt":"2024-11-12T12:28:44","slug":"pferde-gel-colagenio-efecto-frio-200ml-swiss-medicus","status":"publish","type":"product","link":"https:\/\/www.lifenatura.com\/es\/produto\/pferde-gel-colagenio-efecto-frio-200ml-swiss-medicus\/","title":{"rendered":"Pferde Gel Colagenio efecto Frio 200ml &#8211; Swiss Medicus"},"content":{"rendered":"<h2><strong>Pferde gel con col\u00e1geno y efecto fr\u00edo para la piel y las articulaciones<\/strong><\/h2>\n<p>&nbsp;<\/p>\n<p>Se trata de un gel emulsi\u00f3n \u00fanico con col\u00e1geno marino, \u00e1cido hialur\u00f3nico y 25 extractos de plantas y hierbas, elaborado a partir de una f\u00f3rmula tradicional suiza y enriquecido con MSM, complejo de magnesio y silicio bioactivo procedente del extracto de cola de caballo.<\/p>\n<p>Este gel combina los efectos relajantes del s\u00edlice con los efectos beneficiosos de los extractos de hierbas, el col\u00e1geno marino, el \u00e1cido hialur\u00f3nico, el MSM y el magnesio. Algunos de los extractos de hierbas contienen sustancias conocidas por aliviar la tensi\u00f3n que acompa\u00f1a a los dolores articulares y musculares.<\/p>\n<p>Tambi\u00e9n es capaz de ayudar en problemas relacionados con afecciones reum\u00e1ticas, hinchaz\u00f3n de las articulaciones y afecciones isqu\u00e9micas.<\/p>\n<p>El gel emulsionado provoca r\u00e1pidamente una intensa sensaci\u00f3n de frescor y aumenta la circulaci\u00f3n sangu\u00ednea durante el masaje.<\/p>\n<p><strong>PRESENTACI\u00d3N<\/strong><\/p>\n<p>200 ml<\/p>\n<p>&nbsp;<\/p>\n","protected":false},"excerpt":{"rendered":"<p>Este gel Pferde de efecto fr\u00edo, rico en col\u00e1geno marino, msm, magnesio y s\u00edlice, es ideal para la piel y para reducir los dolores articulares y musculares. [&#8230;]<\/p>\n<p><a class=\"btn btn-secondary understrap-read-more-link\" href=\"https:\/\/www.lifenatura.com\/es\/produto\/pferde-gel-colagenio-efecto-frio-200ml-swiss-medicus\/\">Leer m\u00e1s&#8230;<span class=\"screen-reader-text\"> from Pferde Gel Colagenio efecto Frio 200ml &#8211; Swiss Medicus<\/span><\/a><\/p>\n","protected":false},"featured_media":81978,"template":"","meta":{"_acf_changed":false},"product_brand":[8353],"product_cat":[7205,7689,7659,7206,7179],"product_tag":[],"class_list":{"0":"post-81979","1":"product","2":"type-product","3":"status-publish","4":"has-post-thumbnail","6":"product_brand-swiss-medicus-es","7":"product_cat-articulaciones","8":"product_cat-colagenio-natural","9":"product_cat-ingrediente-natural-bio","10":"product_cat-musculos-salud","11":"product_cat-salud","13":"first","14":"outofstock","15":"shipping-taxable","16":"purchasable","17":"product-type-simple","18":"add-to-wishlist-before_image"},"acf":[],"yoast_head":"<!-- This site is optimized with the Yoast SEO Premium plugin v27.1 (Yoast SEO v27.5) - https:\/\/yoast.com\/product\/yoast-seo-premium-wordpress\/ -->\n<title>Pferde Gel Colagenio efecto Frio 200ml - Swiss Medicus - Na Lifenatura ao Melhor Pre\u00e7o | Envio em 48h<\/title>\n<meta name=\"description\" content=\"Este gel Pferde de efecto fr\u00edo, rico en col\u00e1geno marino, msm, magnesio y s\u00edlice, es ideal para la piel y para reducir los dolores articulares y musculares.\" \/>\n<meta name=\"robots\" content=\"index, follow, max-snippet:-1, max-image-preview:large, max-video-preview:-1\" \/>\n<link rel=\"canonical\" href=\"https:\/\/www.lifenatura.com\/es\/produto\/pferde-gel-colagenio-efecto-frio-200ml-swiss-medicus\/\" \/>\n<meta property=\"og:locale\" content=\"es_ES\" \/>\n<meta property=\"og:type\" content=\"article\" \/>\n<meta property=\"og:title\" content=\"Pferde Gel Colagenio efecto Frio 200ml - Swiss Medicus - Na Lifenatura ao Melhor Pre\u00e7o | Envio 48h\" \/>\n<meta property=\"og:description\" content=\"Compre Pferde Gel Colagenio efecto Frio 200ml - Swiss Medicus com envio r\u00e1pido. Entrega em 48h e portes gr\u00e1tis em compras &gt;35\u20ac. Aproveite j\u00e1 na Lifenatura\" \/>\n<meta property=\"og:url\" content=\"https:\/\/www.lifenatura.com\/es\/produto\/pferde-gel-colagenio-efecto-frio-200ml-swiss-medicus\/\" \/>\n<meta property=\"og:site_name\" content=\"Lifenatura\" \/>\n<meta property=\"article:publisher\" content=\"https:\/\/www.facebook.com\/lifenatura\" \/>\n<meta property=\"article:modified_time\" content=\"2024-11-12T12:28:44+00:00\" \/>\n<meta property=\"og:image\" content=\"https:\/\/www.lifenatura.com\/wp-content\/uploads\/2023\/12\/pferde-balsamo-colagenio-frio-swiss-medicus.jpg\" \/>\n\t<meta property=\"og:image:width\" content=\"1000\" \/>\n\t<meta property=\"og:image:height\" content=\"1000\" \/>\n\t<meta property=\"og:image:type\" content=\"image\/jpeg\" \/>\n<meta name=\"twitter:card\" content=\"summary_large_image\" \/>\n<meta name=\"twitter:label1\" content=\"Precio\" \/>\n\t<meta name=\"twitter:data1\" content=\"11,90&nbsp;&euro;\" \/>\n\t<meta name=\"twitter:label2\" content=\"Disponibilidad\" \/>\n\t<meta name=\"twitter:data2\" content=\"Sin existencias\" \/>\n<script type=\"application\/ld+json\" class=\"yoast-schema-graph\">{\"@context\":\"https:\\\/\\\/schema.org\",\"@graph\":[{\"@type\":\"WebPage\",\"@id\":\"https:\\\/\\\/www.lifenatura.com\\\/es\\\/produto\\\/pferde-gel-colagenio-efecto-frio-200ml-swiss-medicus\\\/\",\"url\":\"https:\\\/\\\/www.lifenatura.com\\\/es\\\/produto\\\/pferde-gel-colagenio-efecto-frio-200ml-swiss-medicus\\\/\",\"name\":\"Pferde Gel Colagenio efecto Frio 200ml - Swiss Medicus - Na Lifenatura ao Melhor Pre\u00e7o | Envio em 48h\",\"isPartOf\":{\"@id\":\"https:\\\/\\\/www.lifenatura.com\\\/es\\\/#website\"},\"primaryImageOfPage\":{\"@id\":\"https:\\\/\\\/www.lifenatura.com\\\/es\\\/produto\\\/pferde-gel-colagenio-efecto-frio-200ml-swiss-medicus\\\/#primaryimage\"},\"image\":{\"@id\":\"https:\\\/\\\/www.lifenatura.com\\\/es\\\/produto\\\/pferde-gel-colagenio-efecto-frio-200ml-swiss-medicus\\\/#primaryimage\"},\"thumbnailUrl\":\"https:\\\/\\\/www.lifenatura.com\\\/wp-content\\\/uploads\\\/2023\\\/12\\\/pferde-balsamo-colagenio-frio-swiss-medicus.jpg\",\"datePublished\":\"2023-12-15T16:35:54+00:00\",\"dateModified\":\"2024-11-12T12:28:44+00:00\",\"description\":\"Este gel Pferde de efecto fr\u00edo, rico en col\u00e1geno marino, msm, magnesio y s\u00edlice, es ideal para la piel y para reducir los dolores articulares y musculares.\",\"breadcrumb\":{\"@id\":\"https:\\\/\\\/www.lifenatura.com\\\/es\\\/produto\\\/pferde-gel-colagenio-efecto-frio-200ml-swiss-medicus\\\/#breadcrumb\"},\"inLanguage\":\"es\",\"potentialAction\":[{\"@type\":\"ReadAction\",\"target\":[\"https:\\\/\\\/www.lifenatura.com\\\/es\\\/produto\\\/pferde-gel-colagenio-efecto-frio-200ml-swiss-medicus\\\/\"]}]},{\"@type\":\"ImageObject\",\"inLanguage\":\"es\",\"@id\":\"https:\\\/\\\/www.lifenatura.com\\\/es\\\/produto\\\/pferde-gel-colagenio-efecto-frio-200ml-swiss-medicus\\\/#primaryimage\",\"url\":\"https:\\\/\\\/www.lifenatura.com\\\/wp-content\\\/uploads\\\/2023\\\/12\\\/pferde-balsamo-colagenio-frio-swiss-medicus.jpg\",\"contentUrl\":\"https:\\\/\\\/www.lifenatura.com\\\/wp-content\\\/uploads\\\/2023\\\/12\\\/pferde-balsamo-colagenio-frio-swiss-medicus.jpg\",\"width\":1000,\"height\":1000,\"caption\":\"Pferde gel rico em colag\u00e9nio efeito frio da swiss medicus\"},{\"@type\":\"BreadcrumbList\",\"@id\":\"https:\\\/\\\/www.lifenatura.com\\\/es\\\/produto\\\/pferde-gel-colagenio-efecto-frio-200ml-swiss-medicus\\\/#breadcrumb\",\"itemListElement\":[{\"@type\":\"ListItem\",\"position\":1,\"name\":\"In\u00edcio\",\"item\":\"https:\\\/\\\/www.lifenatura.com\\\/es\\\/\"},{\"@type\":\"ListItem\",\"position\":2,\"name\":\"Todos los Productos\",\"item\":\"https:\\\/\\\/www.lifenatura.com\\\/es\\\/tienda\\\/\"},{\"@type\":\"ListItem\",\"position\":3,\"name\":\"Pferde Gel Colagenio efecto Frio 200ml &#8211; Swiss Medicus\"}]},{\"@type\":\"WebSite\",\"@id\":\"https:\\\/\\\/www.lifenatura.com\\\/es\\\/#website\",\"url\":\"https:\\\/\\\/www.lifenatura.com\\\/es\\\/\",\"name\":\"Lifenatura\",\"description\":\"A Lifenatura \u00e9 uma loja de produtos naturais, cosm\u00e9tica natural e alimenta\u00e7\u00e3o Biol\u00f3gica.\",\"publisher\":{\"@id\":\"https:\\\/\\\/www.lifenatura.com\\\/es\\\/#organization\"},\"potentialAction\":[{\"@type\":\"SearchAction\",\"target\":{\"@type\":\"EntryPoint\",\"urlTemplate\":\"https:\\\/\\\/www.lifenatura.com\\\/es\\\/?s={search_term_string}\"},\"query-input\":{\"@type\":\"PropertyValueSpecification\",\"valueRequired\":true,\"valueName\":\"search_term_string\"}}],\"inLanguage\":\"es\"},{\"@type\":\"Organization\",\"@id\":\"https:\\\/\\\/www.lifenatura.com\\\/es\\\/#organization\",\"name\":\"Lifenatura\",\"url\":\"https:\\\/\\\/www.lifenatura.com\\\/es\\\/\",\"logo\":{\"@type\":\"ImageObject\",\"inLanguage\":\"es\",\"@id\":\"https:\\\/\\\/www.lifenatura.com\\\/es\\\/#\\\/schema\\\/logo\\\/image\\\/\",\"url\":\"https:\\\/\\\/www.lifenatura.com\\\/wp-content\\\/uploads\\\/2021\\\/07\\\/logo.png\",\"contentUrl\":\"https:\\\/\\\/www.lifenatura.com\\\/wp-content\\\/uploads\\\/2021\\\/07\\\/logo.png\",\"width\":175,\"height\":55,\"caption\":\"Lifenatura\"},\"image\":{\"@id\":\"https:\\\/\\\/www.lifenatura.com\\\/es\\\/#\\\/schema\\\/logo\\\/image\\\/\"},\"sameAs\":[\"https:\\\/\\\/www.facebook.com\\\/lifenatura\",\"https:\\\/\\\/www.instagram.com\\\/lifenaturapt\\\/\"],\"hasMerchantReturnPolicy\":{\"@type\":\"MerchantReturnPolicy\",\"merchantReturnLink\":\"https:\\\/\\\/www.lifenatura.com\\\/termos-condicoes-lifenatura\\\/\"}}]}<\/script>\n<meta property=\"product:price:amount\" content=\"11.90\" \/>\n<meta property=\"product:price:currency\" content=\"EUR\" \/>\n<meta property=\"og:availability\" content=\"out of stock\" \/>\n<meta property=\"product:availability\" content=\"out of stock\" \/>\n<meta property=\"product:retailer_item_id\" content=\"7640133072968\" \/>\n<meta property=\"product:condition\" content=\"new\" \/>\n<!-- \/ Yoast SEO Premium plugin. -->","yoast_head_json":{"title":"Pferde Gel Colagenio efecto Frio 200ml - Swiss Medicus - Na Lifenatura ao Melhor Pre\u00e7o | Envio em 48h","description":"Este gel Pferde de efecto fr\u00edo, rico en col\u00e1geno marino, msm, magnesio y s\u00edlice, es ideal para la piel y para reducir los dolores articulares y musculares.","robots":{"index":"index","follow":"follow","max-snippet":"max-snippet:-1","max-image-preview":"max-image-preview:large","max-video-preview":"max-video-preview:-1"},"canonical":"https:\/\/www.lifenatura.com\/es\/produto\/pferde-gel-colagenio-efecto-frio-200ml-swiss-medicus\/","og_locale":"es_ES","og_type":"article","og_title":"Pferde Gel Colagenio efecto Frio 200ml - Swiss Medicus - Na Lifenatura ao Melhor Pre\u00e7o | Envio 48h","og_description":"Compre Pferde Gel Colagenio efecto Frio 200ml - Swiss Medicus com envio r\u00e1pido. Entrega em 48h e portes gr\u00e1tis em compras >35\u20ac. Aproveite j\u00e1 na Lifenatura","og_url":"https:\/\/www.lifenatura.com\/es\/produto\/pferde-gel-colagenio-efecto-frio-200ml-swiss-medicus\/","og_site_name":"Lifenatura","article_publisher":"https:\/\/www.facebook.com\/lifenatura","article_modified_time":"2024-11-12T12:28:44+00:00","og_image":[{"width":1000,"height":1000,"url":"https:\/\/www.lifenatura.com\/wp-content\/uploads\/2023\/12\/pferde-balsamo-colagenio-frio-swiss-medicus.jpg","type":"image\/jpeg"}],"twitter_card":"summary_large_image","twitter_misc":{"Precio":"11,90&nbsp;&euro;","Disponibilidad":"Sin existencias"},"schema":{"@context":"https:\/\/schema.org","@graph":[{"@type":"WebPage","@id":"https:\/\/www.lifenatura.com\/es\/produto\/pferde-gel-colagenio-efecto-frio-200ml-swiss-medicus\/","url":"https:\/\/www.lifenatura.com\/es\/produto\/pferde-gel-colagenio-efecto-frio-200ml-swiss-medicus\/","name":"Pferde Gel Colagenio efecto Frio 200ml - Swiss Medicus - Na Lifenatura ao Melhor Pre\u00e7o | Envio em 48h","isPartOf":{"@id":"https:\/\/www.lifenatura.com\/es\/#website"},"primaryImageOfPage":{"@id":"https:\/\/www.lifenatura.com\/es\/produto\/pferde-gel-colagenio-efecto-frio-200ml-swiss-medicus\/#primaryimage"},"image":{"@id":"https:\/\/www.lifenatura.com\/es\/produto\/pferde-gel-colagenio-efecto-frio-200ml-swiss-medicus\/#primaryimage"},"thumbnailUrl":"https:\/\/www.lifenatura.com\/wp-content\/uploads\/2023\/12\/pferde-balsamo-colagenio-frio-swiss-medicus.jpg","datePublished":"2023-12-15T16:35:54+00:00","dateModified":"2024-11-12T12:28:44+00:00","description":"Este gel Pferde de efecto fr\u00edo, rico en col\u00e1geno marino, msm, magnesio y s\u00edlice, es ideal para la piel y para reducir los dolores articulares y musculares.","breadcrumb":{"@id":"https:\/\/www.lifenatura.com\/es\/produto\/pferde-gel-colagenio-efecto-frio-200ml-swiss-medicus\/#breadcrumb"},"inLanguage":"es","potentialAction":[{"@type":"ReadAction","target":["https:\/\/www.lifenatura.com\/es\/produto\/pferde-gel-colagenio-efecto-frio-200ml-swiss-medicus\/"]}]},{"@type":"ImageObject","inLanguage":"es","@id":"https:\/\/www.lifenatura.com\/es\/produto\/pferde-gel-colagenio-efecto-frio-200ml-swiss-medicus\/#primaryimage","url":"https:\/\/www.lifenatura.com\/wp-content\/uploads\/2023\/12\/pferde-balsamo-colagenio-frio-swiss-medicus.jpg","contentUrl":"https:\/\/www.lifenatura.com\/wp-content\/uploads\/2023\/12\/pferde-balsamo-colagenio-frio-swiss-medicus.jpg","width":1000,"height":1000,"caption":"Pferde gel rico em colag\u00e9nio efeito frio da swiss medicus"},{"@type":"BreadcrumbList","@id":"https:\/\/www.lifenatura.com\/es\/produto\/pferde-gel-colagenio-efecto-frio-200ml-swiss-medicus\/#breadcrumb","itemListElement":[{"@type":"ListItem","position":1,"name":"In\u00edcio","item":"https:\/\/www.lifenatura.com\/es\/"},{"@type":"ListItem","position":2,"name":"Todos los Productos","item":"https:\/\/www.lifenatura.com\/es\/tienda\/"},{"@type":"ListItem","position":3,"name":"Pferde Gel Colagenio efecto Frio 200ml &#8211; Swiss Medicus"}]},{"@type":"WebSite","@id":"https:\/\/www.lifenatura.com\/es\/#website","url":"https:\/\/www.lifenatura.com\/es\/","name":"Lifenatura","description":"A Lifenatura \u00e9 uma loja de produtos naturais, cosm\u00e9tica natural e alimenta\u00e7\u00e3o Biol\u00f3gica.","publisher":{"@id":"https:\/\/www.lifenatura.com\/es\/#organization"},"potentialAction":[{"@type":"SearchAction","target":{"@type":"EntryPoint","urlTemplate":"https:\/\/www.lifenatura.com\/es\/?s={search_term_string}"},"query-input":{"@type":"PropertyValueSpecification","valueRequired":true,"valueName":"search_term_string"}}],"inLanguage":"es"},{"@type":"Organization","@id":"https:\/\/www.lifenatura.com\/es\/#organization","name":"Lifenatura","url":"https:\/\/www.lifenatura.com\/es\/","logo":{"@type":"ImageObject","inLanguage":"es","@id":"https:\/\/www.lifenatura.com\/es\/#\/schema\/logo\/image\/","url":"https:\/\/www.lifenatura.com\/wp-content\/uploads\/2021\/07\/logo.png","contentUrl":"https:\/\/www.lifenatura.com\/wp-content\/uploads\/2021\/07\/logo.png","width":175,"height":55,"caption":"Lifenatura"},"image":{"@id":"https:\/\/www.lifenatura.com\/es\/#\/schema\/logo\/image\/"},"sameAs":["https:\/\/www.facebook.com\/lifenatura","https:\/\/www.instagram.com\/lifenaturapt\/"],"hasMerchantReturnPolicy":{"@type":"MerchantReturnPolicy","merchantReturnLink":"https:\/\/www.lifenatura.com\/termos-condicoes-lifenatura\/"}}]},"product_price_amount":"11.90","product_price_currency":"EUR","og_availability":"out of stock","product_availability":"out of stock","product_retailer_item_id":"7640133072968","product_condition":"new"},"df_price":11.9,"df_sale_price":"","df_regular_price":11.9,"df_image_link":"https:\/\/www.lifenatura.com\/wp-content\/uploads\/2023\/12\/pferde-balsamo-colagenio-frio-swiss-medicus-300x300.jpg","_links":{"self":[{"href":"https:\/\/www.lifenatura.com\/es\/wp-json\/wp\/v2\/product\/81979","targetHints":{"allow":["GET"]}}],"collection":[{"href":"https:\/\/www.lifenatura.com\/es\/wp-json\/wp\/v2\/product"}],"about":[{"href":"https:\/\/www.lifenatura.com\/es\/wp-json\/wp\/v2\/types\/product"}],"wp:featuredmedia":[{"embeddable":true,"href":"https:\/\/www.lifenatura.com\/es\/wp-json\/wp\/v2\/media\/81978"}],"wp:attachment":[{"href":"https:\/\/www.lifenatura.com\/es\/wp-json\/wp\/v2\/media?parent=81979"}],"wp:term":[{"taxonomy":"product_brand","embeddable":true,"href":"https:\/\/www.lifenatura.com\/es\/wp-json\/wp\/v2\/product_brand?post=81979"},{"taxonomy":"product_cat","embeddable":true,"href":"https:\/\/www.lifenatura.com\/es\/wp-json\/wp\/v2\/product_cat?post=81979"},{"taxonomy":"product_tag","embeddable":true,"href":"https:\/\/www.lifenatura.com\/es\/wp-json\/wp\/v2\/product_tag?post=81979"}],"curies":[{"name":"wp","href":"https:\/\/api.w.org\/{rel}","templated":true}]}}