{"id":81959,"date":"2023-12-15T13:26:55","date_gmt":"2023-12-15T13:26:55","guid":{"rendered":"https:\/\/www.lifenatura.com\/?post_type=product&#038;p=81959"},"modified":"2024-10-18T12:06:23","modified_gmt":"2024-10-18T12:06:23","slug":"pferde-balsamo-caliente-fuerte-500ml-swiss-medicus","status":"publish","type":"product","link":"https:\/\/www.lifenatura.com\/es\/produto\/pferde-balsamo-caliente-fuerte-500ml-swiss-medicus\/","title":{"rendered":"Pferde B\u00e1lsamo Caliente Fuerte 500ml &#8211; Swiss Medicus"},"content":{"rendered":"<h2 style=\"text-align: left;\"><strong>Nuevo b\u00e1lsamo para caballos Pferde Fuerte efecto calor<\/strong><\/h2>\n<p>&nbsp;<\/p>\n<p>Este b\u00e1lsamo es una versi\u00f3n mejorada del exclusivo b\u00e1lsamo para caballos Pferd, elaborado con una exclusiva receta suiza con 25 hierbas, se trata de una f\u00f3rmula m\u00e1s fuerte que ayuda con el dolor cr\u00f3nico:<\/p>\n<p>Dolor cr\u00f3nico en las articulaciones, los m\u00fasculos y la columna vertebral<br \/>\nMiotitis y contusiones musculares<\/p>\n<p>Este b\u00e1lsamo est\u00e1 dise\u00f1ado para tratar el dolor cr\u00f3nico articular y muscular. Su efecto calor es excelente para calentar los m\u00fasculos y las articulaciones antes del ejercicio, pero tambi\u00e9n en caso de dolor cr\u00f3nico.<\/p>\n<p>Su agradable calor facilita perfectamente la circulaci\u00f3n sangu\u00ednea en la zona tratada, ayudando a aliviar el dolor.<\/p>\n<p><strong>PRESENTACI\u00d3N<\/strong><\/p>\n<p>500 ml<\/p>\n<p>&nbsp;<\/p>\n","protected":false},"excerpt":{"rendered":"<p>Este b\u00e1lsamo para caballos de Pferde con un fuerte efecto calor es ideal para el tratamiento de hematomas cr\u00f3nicos tanto musculares como articulares. [&#8230;]<\/p>\n<p><a class=\"btn btn-secondary understrap-read-more-link\" href=\"https:\/\/www.lifenatura.com\/es\/produto\/pferde-balsamo-caliente-fuerte-500ml-swiss-medicus\/\">Leer m\u00e1s&#8230;<span class=\"screen-reader-text\"> from Pferde B\u00e1lsamo Caliente Fuerte 500ml &#8211; Swiss Medicus<\/span><\/a><\/p>\n","protected":false},"featured_media":81958,"template":"","meta":{"_acf_changed":false},"product_brand":[8353],"product_cat":[7205,7206,7179],"product_tag":[],"class_list":{"0":"post-81959","1":"product","2":"type-product","3":"status-publish","4":"has-post-thumbnail","6":"product_brand-swiss-medicus-es","7":"product_cat-articulaciones","8":"product_cat-musculos-salud","9":"product_cat-salud","11":"first","12":"outofstock","13":"shipping-taxable","14":"purchasable","15":"product-type-simple","16":"add-to-wishlist-before_image"},"acf":[],"yoast_head":"<!-- This site is optimized with the Yoast SEO Premium plugin v27.1 (Yoast SEO v27.4) - https:\/\/yoast.com\/product\/yoast-seo-premium-wordpress\/ -->\n<title>Pferde B\u00e1lsamo Caliente Fuerte 500ml - Swiss Medicus - Lifenatura<\/title>\n<meta name=\"description\" content=\"Este b\u00e1lsamo para caballos de Pferde con un fuerte efecto calor es ideal para el tratamiento de hematomas cr\u00f3nicos tanto musculares como articulares.\" \/>\n<meta name=\"robots\" content=\"index, follow, max-snippet:-1, max-image-preview:large, max-video-preview:-1\" \/>\n<link rel=\"canonical\" href=\"https:\/\/www.lifenatura.com\/es\/produto\/pferde-balsamo-caliente-fuerte-500ml-swiss-medicus\/\" \/>\n<meta property=\"og:locale\" content=\"es_ES\" \/>\n<meta property=\"og:type\" content=\"article\" \/>\n<meta property=\"og:title\" content=\"Pferde B\u00e1lsamo Caliente Fuerte 500ml - Swiss Medicus - Lifenatura\" \/>\n<meta property=\"og:description\" content=\"Compre aqui o seu Pferde B\u00e1lsamo Caliente Fuerte 500ml - Swiss Medicus e a Lifenatura Online envia em 48 H com Portes Gratis &gt;35\u20ac de Pedido.\" \/>\n<meta property=\"og:url\" content=\"https:\/\/www.lifenatura.com\/es\/produto\/pferde-balsamo-caliente-fuerte-500ml-swiss-medicus\/\" \/>\n<meta property=\"og:site_name\" content=\"Lifenatura\" \/>\n<meta property=\"article:publisher\" content=\"https:\/\/www.facebook.com\/lifenatura\" \/>\n<meta property=\"article:modified_time\" content=\"2024-10-18T12:06:23+00:00\" \/>\n<meta property=\"og:image\" content=\"https:\/\/www.lifenatura.com\/wp-content\/uploads\/2023\/12\/Pferde-balsamo-quente-forte-500ml-swiss-medicus.jpg\" \/>\n\t<meta property=\"og:image:width\" content=\"1000\" \/>\n\t<meta property=\"og:image:height\" content=\"1000\" \/>\n\t<meta property=\"og:image:type\" content=\"image\/jpeg\" \/>\n<meta name=\"twitter:card\" content=\"summary_large_image\" \/>\n<meta name=\"twitter:label1\" content=\"Precio\" \/>\n\t<meta name=\"twitter:data1\" content=\"22,50&nbsp;&euro;\" \/>\n\t<meta name=\"twitter:label2\" content=\"Disponibilidad\" \/>\n\t<meta name=\"twitter:data2\" content=\"Sin existencias\" \/>\n<meta property=\"product:price:amount\" content=\"22.50\" \/>\n<meta property=\"product:price:currency\" content=\"EUR\" \/>\n<meta property=\"og:availability\" content=\"out of stock\" \/>\n<meta property=\"product:availability\" content=\"out of stock\" \/>\n<meta property=\"product:retailer_item_id\" content=\"7640133071565\" \/>\n<meta property=\"product:condition\" content=\"new\" \/>\n<!-- \/ Yoast SEO Premium plugin. -->","yoast_head_json":{"title":"Pferde B\u00e1lsamo Caliente Fuerte 500ml - Swiss Medicus - Lifenatura","description":"Este b\u00e1lsamo para caballos de Pferde con un fuerte efecto calor es ideal para el tratamiento de hematomas cr\u00f3nicos tanto musculares como articulares.","robots":{"index":"index","follow":"follow","max-snippet":"max-snippet:-1","max-image-preview":"max-image-preview:large","max-video-preview":"max-video-preview:-1"},"canonical":"https:\/\/www.lifenatura.com\/es\/produto\/pferde-balsamo-caliente-fuerte-500ml-swiss-medicus\/","og_locale":"es_ES","og_type":"article","og_title":"Pferde B\u00e1lsamo Caliente Fuerte 500ml - Swiss Medicus - Lifenatura","og_description":"Compre aqui o seu Pferde B\u00e1lsamo Caliente Fuerte 500ml - Swiss Medicus e a Lifenatura Online envia em 48 H com Portes Gratis >35\u20ac de Pedido.","og_url":"https:\/\/www.lifenatura.com\/es\/produto\/pferde-balsamo-caliente-fuerte-500ml-swiss-medicus\/","og_site_name":"Lifenatura","article_publisher":"https:\/\/www.facebook.com\/lifenatura","article_modified_time":"2024-10-18T12:06:23+00:00","og_image":[{"width":1000,"height":1000,"url":"https:\/\/www.lifenatura.com\/wp-content\/uploads\/2023\/12\/Pferde-balsamo-quente-forte-500ml-swiss-medicus.jpg","type":"image\/jpeg"}],"twitter_card":"summary_large_image","twitter_misc":{"Precio":"22,50&nbsp;&euro;","Disponibilidad":"Sin existencias"},"schema":{"@context":"https:\/\/schema.org","@graph":[{"@type":"WebPage","@id":"https:\/\/www.lifenatura.com\/es\/produto\/pferde-balsamo-caliente-fuerte-500ml-swiss-medicus\/","url":"https:\/\/www.lifenatura.com\/es\/produto\/pferde-balsamo-caliente-fuerte-500ml-swiss-medicus\/","name":"Pferde B\u00e1lsamo Caliente Fuerte 500ml - Swiss Medicus - Lifenatura","isPartOf":{"@id":"https:\/\/www.lifenatura.com\/es\/#website"},"primaryImageOfPage":{"@id":"https:\/\/www.lifenatura.com\/es\/produto\/pferde-balsamo-caliente-fuerte-500ml-swiss-medicus\/#primaryimage"},"image":{"@id":"https:\/\/www.lifenatura.com\/es\/produto\/pferde-balsamo-caliente-fuerte-500ml-swiss-medicus\/#primaryimage"},"thumbnailUrl":"https:\/\/www.lifenatura.com\/wp-content\/uploads\/2023\/12\/Pferde-balsamo-quente-forte-500ml-swiss-medicus.jpg","datePublished":"2023-12-15T13:26:55+00:00","dateModified":"2024-10-18T12:06:23+00:00","description":"Este b\u00e1lsamo para caballos de Pferde con un fuerte efecto calor es ideal para el tratamiento de hematomas cr\u00f3nicos tanto musculares como articulares.","breadcrumb":{"@id":"https:\/\/www.lifenatura.com\/es\/produto\/pferde-balsamo-caliente-fuerte-500ml-swiss-medicus\/#breadcrumb"},"inLanguage":"es","potentialAction":[{"@type":"ReadAction","target":["https:\/\/www.lifenatura.com\/es\/produto\/pferde-balsamo-caliente-fuerte-500ml-swiss-medicus\/"]}]},{"@type":"ImageObject","inLanguage":"es","@id":"https:\/\/www.lifenatura.com\/es\/produto\/pferde-balsamo-caliente-fuerte-500ml-swiss-medicus\/#primaryimage","url":"https:\/\/www.lifenatura.com\/wp-content\/uploads\/2023\/12\/Pferde-balsamo-quente-forte-500ml-swiss-medicus.jpg","contentUrl":"https:\/\/www.lifenatura.com\/wp-content\/uploads\/2023\/12\/Pferde-balsamo-quente-forte-500ml-swiss-medicus.jpg","width":1000,"height":1000,"caption":"B\u00e1lsamo de Cavalo efeito quente Forte da Swiss Medicus"},{"@type":"BreadcrumbList","@id":"https:\/\/www.lifenatura.com\/es\/produto\/pferde-balsamo-caliente-fuerte-500ml-swiss-medicus\/#breadcrumb","itemListElement":[{"@type":"ListItem","position":1,"name":"In\u00edcio","item":"https:\/\/www.lifenatura.com\/es\/"},{"@type":"ListItem","position":2,"name":"Todos los Productos","item":"https:\/\/www.lifenatura.com\/es\/tienda\/"},{"@type":"ListItem","position":3,"name":"Pferde B\u00e1lsamo Caliente Fuerte 500ml &#8211; Swiss Medicus"}]},{"@type":"WebSite","@id":"https:\/\/www.lifenatura.com\/es\/#website","url":"https:\/\/www.lifenatura.com\/es\/","name":"Lifenatura","description":"A Lifenatura \u00e9 uma loja de produtos naturais, cosm\u00e9tica natural e alimenta\u00e7\u00e3o Biol\u00f3gica.","publisher":{"@id":"https:\/\/www.lifenatura.com\/es\/#organization"},"potentialAction":[{"@type":"SearchAction","target":{"@type":"EntryPoint","urlTemplate":"https:\/\/www.lifenatura.com\/es\/?s={search_term_string}"},"query-input":{"@type":"PropertyValueSpecification","valueRequired":true,"valueName":"search_term_string"}}],"inLanguage":"es"},{"@type":"Organization","@id":"https:\/\/www.lifenatura.com\/es\/#organization","name":"Lifenatura","url":"https:\/\/www.lifenatura.com\/es\/","logo":{"@type":"ImageObject","inLanguage":"es","@id":"https:\/\/www.lifenatura.com\/es\/#\/schema\/logo\/image\/","url":"https:\/\/www.lifenatura.com\/wp-content\/uploads\/2021\/11\/logo.png","contentUrl":"https:\/\/www.lifenatura.com\/wp-content\/uploads\/2021\/11\/logo.png","width":175,"height":55,"caption":"Lifenatura"},"image":{"@id":"https:\/\/www.lifenatura.com\/es\/#\/schema\/logo\/image\/"},"sameAs":["https:\/\/www.facebook.com\/lifenatura","https:\/\/www.instagram.com\/lifenaturapt\/"]}]},"product_price_amount":"22.50","product_price_currency":"EUR","og_availability":"out of stock","product_availability":"out of stock","product_retailer_item_id":"7640133071565","product_condition":"new"},"df_price":22.5,"df_sale_price":"","df_regular_price":22.5,"df_image_link":"https:\/\/www.lifenatura.com\/wp-content\/uploads\/2023\/12\/Pferde-balsamo-quente-forte-500ml-swiss-medicus-300x300.jpg","_links":{"self":[{"href":"https:\/\/www.lifenatura.com\/es\/wp-json\/wp\/v2\/product\/81959","targetHints":{"allow":["GET"]}}],"collection":[{"href":"https:\/\/www.lifenatura.com\/es\/wp-json\/wp\/v2\/product"}],"about":[{"href":"https:\/\/www.lifenatura.com\/es\/wp-json\/wp\/v2\/types\/product"}],"wp:featuredmedia":[{"embeddable":true,"href":"https:\/\/www.lifenatura.com\/es\/wp-json\/wp\/v2\/media\/81958"}],"wp:attachment":[{"href":"https:\/\/www.lifenatura.com\/es\/wp-json\/wp\/v2\/media?parent=81959"}],"wp:term":[{"taxonomy":"product_brand","embeddable":true,"href":"https:\/\/www.lifenatura.com\/es\/wp-json\/wp\/v2\/product_brand?post=81959"},{"taxonomy":"product_cat","embeddable":true,"href":"https:\/\/www.lifenatura.com\/es\/wp-json\/wp\/v2\/product_cat?post=81959"},{"taxonomy":"product_tag","embeddable":true,"href":"https:\/\/www.lifenatura.com\/es\/wp-json\/wp\/v2\/product_tag?post=81959"}],"curies":[{"name":"wp","href":"https:\/\/api.w.org\/{rel}","templated":true}]}}