{"id":81709,"date":"2023-12-09T22:59:04","date_gmt":"2023-12-09T22:59:04","guid":{"rendered":"https:\/\/www.lifenatura.com\/?post_type=product&#038;p=81709"},"modified":"2023-12-09T23:02:58","modified_gmt":"2023-12-09T23:02:58","slug":"pack-rutina-almendra-piel-sensible-oferta-weleda","status":"publish","type":"product","link":"https:\/\/www.lifenatura.com\/es\/produto\/pack-rutina-almendra-piel-sensible-oferta-weleda\/","title":{"rendered":"Pack Rutina Almendra Piel Sensible + Oferta &#8211; Weleda"},"content":{"rendered":"<h2 style=\"text-align: left;\"><strong>Pack Rutina Almendra de Weleda para pieles sensibles<\/strong><\/h2>\n<p>&nbsp;<\/p>\n<p>Un pack promocional con regalo de un masajeador exfoliante y un 20% de descuento ya incluido en el precio. Descubre m\u00e1s sobre los productos incluidos en el pack:<\/p>\n<p><strong>Leche limpiadora calmante y suave<\/strong> de textura untuosa, sin perfume y calmante, cuida suavemente las pieles sensibles preservando su equilibrio e hidrataci\u00f3n.<br \/>\nGracias a los aceites ecol\u00f3gicos de almendra dulce y hueso de ciruela, nutre suavemente la piel, dej\u00e1ndola suave, fresca y sin irritaciones.<\/p>\n<p><strong>Crema facial calmante de textura<\/strong> rica y sin perfume para pieles sensibles y secas refuerza la barrera protectora natural de la piel, protegi\u00e9ndola de las influencias externas e hidrat\u00e1ndola intensamente. Restablece el equilibrio hidrolip\u00eddico de la piel y reduce la irritaci\u00f3n y la constricci\u00f3n.<\/p>\n<p>Cosm\u00e9tica natural certificada, sin conservantes, colorantes, perfumes sint\u00e9ticos ni sustancias de origen petroqu\u00edmico. Sin gluten ni OGM. Recomendado para pieles sensibles y at\u00f3picas.<\/p>\n<p><strong>PRESENTACI\u00d3N<\/strong><\/p>\n<p>75 ml + 30 ml<\/p>\n<p>&nbsp;<\/p>\n","protected":false},"excerpt":{"rendered":"<p>Pack Weleda para pieles sensibles con un 20% de descuento y un masajeador exfoliante, una leche limpiadora y una crema hidratante y calmante. [&#8230;]<\/p>\n<p><a class=\"btn btn-secondary understrap-read-more-link\" href=\"https:\/\/www.lifenatura.com\/es\/produto\/pack-rutina-almendra-piel-sensible-oferta-weleda\/\">Leer m\u00e1s&#8230;<span class=\"screen-reader-text\"> from Pack Rutina Almendra Piel Sensible + Oferta &#8211; Weleda<\/span><\/a><\/p>\n","protected":false},"featured_media":81698,"template":"","meta":{"_acf_changed":false},"product_brand":[8381],"product_cat":[7653,7144,7122],"product_tag":[],"class_list":{"0":"post-81709","1":"product","2":"type-product","3":"status-publish","4":"has-post-thumbnail","6":"product_brand-weleda","7":"product_cat-cosmetica-natural-lifenatura","8":"product_cat-cosmetica-natural-packs-cosmetica-natural-lifenatura","9":"product_cat-limpieza-facial","11":"first","12":"outofstock","13":"sale","14":"shipping-taxable","15":"purchasable","16":"product-type-simple","17":"add-to-wishlist-before_image"},"acf":[],"yoast_head":"<!-- This site is optimized with the Yoast SEO Premium plugin v27.1 (Yoast SEO v27.5) - https:\/\/yoast.com\/product\/yoast-seo-premium-wordpress\/ -->\n<title>Pack Rutina Almendra Piel Sensible + Oferta - Weleda - Na Lifenatura ao Melhor Pre\u00e7o | Envio em 48h<\/title>\n<meta name=\"description\" content=\"Pack Weleda para pieles sensibles con un 20% de descuento y un masajeador exfoliante, una leche limpiadora y una crema hidratante y calmante.\" \/>\n<meta name=\"robots\" content=\"index, follow, max-snippet:-1, max-image-preview:large, max-video-preview:-1\" \/>\n<link rel=\"canonical\" href=\"https:\/\/www.lifenatura.com\/es\/produto\/pack-rutina-almendra-piel-sensible-oferta-weleda\/\" \/>\n<meta property=\"og:locale\" content=\"es_ES\" \/>\n<meta property=\"og:type\" content=\"article\" \/>\n<meta property=\"og:title\" content=\"Pack Rutina Almendra Piel Sensible + Oferta - Weleda - Na Lifenatura ao Melhor Pre\u00e7o | Envio 48h\" \/>\n<meta property=\"og:description\" content=\"Compre Pack Rutina Almendra Piel Sensible + Oferta - Weleda com envio r\u00e1pido. Entrega em 48h e portes gr\u00e1tis em compras &gt;35\u20ac. Aproveite j\u00e1 na Lifenatura\" \/>\n<meta property=\"og:url\" content=\"https:\/\/www.lifenatura.com\/es\/produto\/pack-rutina-almendra-piel-sensible-oferta-weleda\/\" \/>\n<meta property=\"og:site_name\" content=\"Lifenatura\" \/>\n<meta property=\"article:publisher\" content=\"https:\/\/www.facebook.com\/lifenatura\" \/>\n<meta property=\"article:modified_time\" content=\"2023-12-09T23:02:58+00:00\" \/>\n<meta property=\"og:image\" content=\"https:\/\/www.lifenatura.com\/wp-content\/uploads\/2023\/12\/pack-facial-pele-sensivel-weleda.jpg\" \/>\n\t<meta property=\"og:image:width\" content=\"1000\" \/>\n\t<meta property=\"og:image:height\" content=\"1001\" \/>\n\t<meta property=\"og:image:type\" content=\"image\/jpeg\" \/>\n<meta name=\"twitter:card\" content=\"summary_large_image\" \/>\n<meta name=\"twitter:label1\" content=\"Precio\" \/>\n\t<meta name=\"twitter:data1\" content=\"28,50&nbsp;&euro;\" \/>\n\t<meta name=\"twitter:label2\" content=\"Disponibilidad\" \/>\n\t<meta name=\"twitter:data2\" content=\"Sin existencias\" \/>\n<script type=\"application\/ld+json\" class=\"yoast-schema-graph\">{\"@context\":\"https:\\\/\\\/schema.org\",\"@graph\":[{\"@type\":\"WebPage\",\"@id\":\"https:\\\/\\\/www.lifenatura.com\\\/es\\\/produto\\\/pack-rutina-almendra-piel-sensible-oferta-weleda\\\/\",\"url\":\"https:\\\/\\\/www.lifenatura.com\\\/es\\\/produto\\\/pack-rutina-almendra-piel-sensible-oferta-weleda\\\/\",\"name\":\"Pack Rutina Almendra Piel Sensible + Oferta - Weleda - Na Lifenatura ao Melhor Pre\u00e7o | Envio em 48h\",\"isPartOf\":{\"@id\":\"https:\\\/\\\/www.lifenatura.com\\\/es\\\/#website\"},\"primaryImageOfPage\":{\"@id\":\"https:\\\/\\\/www.lifenatura.com\\\/es\\\/produto\\\/pack-rutina-almendra-piel-sensible-oferta-weleda\\\/#primaryimage\"},\"image\":{\"@id\":\"https:\\\/\\\/www.lifenatura.com\\\/es\\\/produto\\\/pack-rutina-almendra-piel-sensible-oferta-weleda\\\/#primaryimage\"},\"thumbnailUrl\":\"https:\\\/\\\/www.lifenatura.com\\\/wp-content\\\/uploads\\\/2023\\\/12\\\/pack-facial-pele-sensivel-weleda.jpg\",\"datePublished\":\"2023-12-09T22:59:04+00:00\",\"dateModified\":\"2023-12-09T23:02:58+00:00\",\"description\":\"Pack Weleda para pieles sensibles con un 20% de descuento y un masajeador exfoliante, una leche limpiadora y una crema hidratante y calmante.\",\"breadcrumb\":{\"@id\":\"https:\\\/\\\/www.lifenatura.com\\\/es\\\/produto\\\/pack-rutina-almendra-piel-sensible-oferta-weleda\\\/#breadcrumb\"},\"inLanguage\":\"es\",\"potentialAction\":[{\"@type\":\"ReadAction\",\"target\":[\"https:\\\/\\\/www.lifenatura.com\\\/es\\\/produto\\\/pack-rutina-almendra-piel-sensible-oferta-weleda\\\/\"]}]},{\"@type\":\"ImageObject\",\"inLanguage\":\"es\",\"@id\":\"https:\\\/\\\/www.lifenatura.com\\\/es\\\/produto\\\/pack-rutina-almendra-piel-sensible-oferta-weleda\\\/#primaryimage\",\"url\":\"https:\\\/\\\/www.lifenatura.com\\\/wp-content\\\/uploads\\\/2023\\\/12\\\/pack-facial-pele-sensivel-weleda.jpg\",\"contentUrl\":\"https:\\\/\\\/www.lifenatura.com\\\/wp-content\\\/uploads\\\/2023\\\/12\\\/pack-facial-pele-sensivel-weleda.jpg\",\"width\":1000,\"height\":1001,\"caption\":\"Weleda pack para peles sens\u00edveis\"},{\"@type\":\"BreadcrumbList\",\"@id\":\"https:\\\/\\\/www.lifenatura.com\\\/es\\\/produto\\\/pack-rutina-almendra-piel-sensible-oferta-weleda\\\/#breadcrumb\",\"itemListElement\":[{\"@type\":\"ListItem\",\"position\":1,\"name\":\"In\u00edcio\",\"item\":\"https:\\\/\\\/www.lifenatura.com\\\/es\\\/\"},{\"@type\":\"ListItem\",\"position\":2,\"name\":\"Todos los Productos\",\"item\":\"https:\\\/\\\/www.lifenatura.com\\\/es\\\/tienda\\\/\"},{\"@type\":\"ListItem\",\"position\":3,\"name\":\"Pack Rutina Almendra Piel Sensible + Oferta &#8211; Weleda\"}]},{\"@type\":\"WebSite\",\"@id\":\"https:\\\/\\\/www.lifenatura.com\\\/es\\\/#website\",\"url\":\"https:\\\/\\\/www.lifenatura.com\\\/es\\\/\",\"name\":\"Lifenatura\",\"description\":\"A Lifenatura \u00e9 uma loja de produtos naturais, cosm\u00e9tica natural e alimenta\u00e7\u00e3o Biol\u00f3gica.\",\"publisher\":{\"@id\":\"https:\\\/\\\/www.lifenatura.com\\\/es\\\/#organization\"},\"potentialAction\":[{\"@type\":\"SearchAction\",\"target\":{\"@type\":\"EntryPoint\",\"urlTemplate\":\"https:\\\/\\\/www.lifenatura.com\\\/es\\\/?s={search_term_string}\"},\"query-input\":{\"@type\":\"PropertyValueSpecification\",\"valueRequired\":true,\"valueName\":\"search_term_string\"}}],\"inLanguage\":\"es\"},{\"@type\":\"Organization\",\"@id\":\"https:\\\/\\\/www.lifenatura.com\\\/es\\\/#organization\",\"name\":\"Lifenatura\",\"url\":\"https:\\\/\\\/www.lifenatura.com\\\/es\\\/\",\"logo\":{\"@type\":\"ImageObject\",\"inLanguage\":\"es\",\"@id\":\"https:\\\/\\\/www.lifenatura.com\\\/es\\\/#\\\/schema\\\/logo\\\/image\\\/\",\"url\":\"https:\\\/\\\/www.lifenatura.com\\\/wp-content\\\/uploads\\\/2021\\\/07\\\/logo.png\",\"contentUrl\":\"https:\\\/\\\/www.lifenatura.com\\\/wp-content\\\/uploads\\\/2021\\\/07\\\/logo.png\",\"width\":175,\"height\":55,\"caption\":\"Lifenatura\"},\"image\":{\"@id\":\"https:\\\/\\\/www.lifenatura.com\\\/es\\\/#\\\/schema\\\/logo\\\/image\\\/\"},\"sameAs\":[\"https:\\\/\\\/www.facebook.com\\\/lifenatura\",\"https:\\\/\\\/www.instagram.com\\\/lifenaturapt\\\/\"],\"hasMerchantReturnPolicy\":{\"@type\":\"MerchantReturnPolicy\",\"merchantReturnLink\":\"https:\\\/\\\/www.lifenatura.com\\\/termos-condicoes-lifenatura\\\/\"}}]}<\/script>\n<meta property=\"product:price:amount\" content=\"28.50\" \/>\n<meta property=\"product:price:currency\" content=\"EUR\" \/>\n<meta property=\"og:availability\" content=\"out of stock\" \/>\n<meta property=\"product:availability\" content=\"out of stock\" \/>\n<meta property=\"product:retailer_item_id\" content=\"0000000011112pack\" \/>\n<meta property=\"product:condition\" content=\"new\" \/>\n<!-- \/ Yoast SEO Premium plugin. -->","yoast_head_json":{"title":"Pack Rutina Almendra Piel Sensible + Oferta - Weleda - Na Lifenatura ao Melhor Pre\u00e7o | Envio em 48h","description":"Pack Weleda para pieles sensibles con un 20% de descuento y un masajeador exfoliante, una leche limpiadora y una crema hidratante y calmante.","robots":{"index":"index","follow":"follow","max-snippet":"max-snippet:-1","max-image-preview":"max-image-preview:large","max-video-preview":"max-video-preview:-1"},"canonical":"https:\/\/www.lifenatura.com\/es\/produto\/pack-rutina-almendra-piel-sensible-oferta-weleda\/","og_locale":"es_ES","og_type":"article","og_title":"Pack Rutina Almendra Piel Sensible + Oferta - Weleda - Na Lifenatura ao Melhor Pre\u00e7o | Envio 48h","og_description":"Compre Pack Rutina Almendra Piel Sensible + Oferta - Weleda com envio r\u00e1pido. Entrega em 48h e portes gr\u00e1tis em compras >35\u20ac. Aproveite j\u00e1 na Lifenatura","og_url":"https:\/\/www.lifenatura.com\/es\/produto\/pack-rutina-almendra-piel-sensible-oferta-weleda\/","og_site_name":"Lifenatura","article_publisher":"https:\/\/www.facebook.com\/lifenatura","article_modified_time":"2023-12-09T23:02:58+00:00","og_image":[{"width":1000,"height":1001,"url":"https:\/\/www.lifenatura.com\/wp-content\/uploads\/2023\/12\/pack-facial-pele-sensivel-weleda.jpg","type":"image\/jpeg"}],"twitter_card":"summary_large_image","twitter_misc":{"Precio":"28,50&nbsp;&euro;","Disponibilidad":"Sin existencias"},"schema":{"@context":"https:\/\/schema.org","@graph":[{"@type":"WebPage","@id":"https:\/\/www.lifenatura.com\/es\/produto\/pack-rutina-almendra-piel-sensible-oferta-weleda\/","url":"https:\/\/www.lifenatura.com\/es\/produto\/pack-rutina-almendra-piel-sensible-oferta-weleda\/","name":"Pack Rutina Almendra Piel Sensible + Oferta - Weleda - Na Lifenatura ao Melhor Pre\u00e7o | Envio em 48h","isPartOf":{"@id":"https:\/\/www.lifenatura.com\/es\/#website"},"primaryImageOfPage":{"@id":"https:\/\/www.lifenatura.com\/es\/produto\/pack-rutina-almendra-piel-sensible-oferta-weleda\/#primaryimage"},"image":{"@id":"https:\/\/www.lifenatura.com\/es\/produto\/pack-rutina-almendra-piel-sensible-oferta-weleda\/#primaryimage"},"thumbnailUrl":"https:\/\/www.lifenatura.com\/wp-content\/uploads\/2023\/12\/pack-facial-pele-sensivel-weleda.jpg","datePublished":"2023-12-09T22:59:04+00:00","dateModified":"2023-12-09T23:02:58+00:00","description":"Pack Weleda para pieles sensibles con un 20% de descuento y un masajeador exfoliante, una leche limpiadora y una crema hidratante y calmante.","breadcrumb":{"@id":"https:\/\/www.lifenatura.com\/es\/produto\/pack-rutina-almendra-piel-sensible-oferta-weleda\/#breadcrumb"},"inLanguage":"es","potentialAction":[{"@type":"ReadAction","target":["https:\/\/www.lifenatura.com\/es\/produto\/pack-rutina-almendra-piel-sensible-oferta-weleda\/"]}]},{"@type":"ImageObject","inLanguage":"es","@id":"https:\/\/www.lifenatura.com\/es\/produto\/pack-rutina-almendra-piel-sensible-oferta-weleda\/#primaryimage","url":"https:\/\/www.lifenatura.com\/wp-content\/uploads\/2023\/12\/pack-facial-pele-sensivel-weleda.jpg","contentUrl":"https:\/\/www.lifenatura.com\/wp-content\/uploads\/2023\/12\/pack-facial-pele-sensivel-weleda.jpg","width":1000,"height":1001,"caption":"Weleda pack para peles sens\u00edveis"},{"@type":"BreadcrumbList","@id":"https:\/\/www.lifenatura.com\/es\/produto\/pack-rutina-almendra-piel-sensible-oferta-weleda\/#breadcrumb","itemListElement":[{"@type":"ListItem","position":1,"name":"In\u00edcio","item":"https:\/\/www.lifenatura.com\/es\/"},{"@type":"ListItem","position":2,"name":"Todos los Productos","item":"https:\/\/www.lifenatura.com\/es\/tienda\/"},{"@type":"ListItem","position":3,"name":"Pack Rutina Almendra Piel Sensible + Oferta &#8211; Weleda"}]},{"@type":"WebSite","@id":"https:\/\/www.lifenatura.com\/es\/#website","url":"https:\/\/www.lifenatura.com\/es\/","name":"Lifenatura","description":"A Lifenatura \u00e9 uma loja de produtos naturais, cosm\u00e9tica natural e alimenta\u00e7\u00e3o Biol\u00f3gica.","publisher":{"@id":"https:\/\/www.lifenatura.com\/es\/#organization"},"potentialAction":[{"@type":"SearchAction","target":{"@type":"EntryPoint","urlTemplate":"https:\/\/www.lifenatura.com\/es\/?s={search_term_string}"},"query-input":{"@type":"PropertyValueSpecification","valueRequired":true,"valueName":"search_term_string"}}],"inLanguage":"es"},{"@type":"Organization","@id":"https:\/\/www.lifenatura.com\/es\/#organization","name":"Lifenatura","url":"https:\/\/www.lifenatura.com\/es\/","logo":{"@type":"ImageObject","inLanguage":"es","@id":"https:\/\/www.lifenatura.com\/es\/#\/schema\/logo\/image\/","url":"https:\/\/www.lifenatura.com\/wp-content\/uploads\/2021\/07\/logo.png","contentUrl":"https:\/\/www.lifenatura.com\/wp-content\/uploads\/2021\/07\/logo.png","width":175,"height":55,"caption":"Lifenatura"},"image":{"@id":"https:\/\/www.lifenatura.com\/es\/#\/schema\/logo\/image\/"},"sameAs":["https:\/\/www.facebook.com\/lifenatura","https:\/\/www.instagram.com\/lifenaturapt\/"],"hasMerchantReturnPolicy":{"@type":"MerchantReturnPolicy","merchantReturnLink":"https:\/\/www.lifenatura.com\/termos-condicoes-lifenatura\/"}}]},"product_price_amount":"28.50","product_price_currency":"EUR","og_availability":"out of stock","product_availability":"out of stock","product_retailer_item_id":"0000000011112pack","product_condition":"new"},"df_price":28.5,"df_sale_price":28.5,"df_regular_price":35.62,"df_image_link":"https:\/\/www.lifenatura.com\/wp-content\/uploads\/2023\/12\/pack-facial-pele-sensivel-weleda-300x300.jpg","_links":{"self":[{"href":"https:\/\/www.lifenatura.com\/es\/wp-json\/wp\/v2\/product\/81709","targetHints":{"allow":["GET"]}}],"collection":[{"href":"https:\/\/www.lifenatura.com\/es\/wp-json\/wp\/v2\/product"}],"about":[{"href":"https:\/\/www.lifenatura.com\/es\/wp-json\/wp\/v2\/types\/product"}],"wp:featuredmedia":[{"embeddable":true,"href":"https:\/\/www.lifenatura.com\/es\/wp-json\/wp\/v2\/media\/81698"}],"wp:attachment":[{"href":"https:\/\/www.lifenatura.com\/es\/wp-json\/wp\/v2\/media?parent=81709"}],"wp:term":[{"taxonomy":"product_brand","embeddable":true,"href":"https:\/\/www.lifenatura.com\/es\/wp-json\/wp\/v2\/product_brand?post=81709"},{"taxonomy":"product_cat","embeddable":true,"href":"https:\/\/www.lifenatura.com\/es\/wp-json\/wp\/v2\/product_cat?post=81709"},{"taxonomy":"product_tag","embeddable":true,"href":"https:\/\/www.lifenatura.com\/es\/wp-json\/wp\/v2\/product_tag?post=81709"}],"curies":[{"name":"wp","href":"https:\/\/api.w.org\/{rel}","templated":true}]}}