{"id":78582,"date":"2023-10-26T08:23:59","date_gmt":"2023-10-26T08:23:59","guid":{"rendered":"https:\/\/www.lifenatura.com\/?post_type=product&#038;p=78582"},"modified":"2023-10-26T08:34:03","modified_gmt":"2023-10-26T08:34:03","slug":"bitamin-120-capsulas-biofil","status":"publish","type":"product","link":"https:\/\/www.lifenatura.com\/es\/produto\/bitamin-120-capsulas-biofil\/","title":{"rendered":"Bitamin 120 c\u00e1psulas &#8211; Biofil"},"content":{"rendered":"<h2 style=\"text-align: left\"><strong>Bitamin tu Multicomplejo de Vitaminas y Minerales de la A al Zinc<\/strong><\/h2>\n<p>&nbsp;<\/p>\n<p>BITAMIN\u2122 contiene vitaminas, minerales y oligoelementos de la A al Zinc. Juntos aportan un suplemento extra a la dieta diaria, permiten compensar carencias espec\u00edficas y satisfacen las necesidades de adultos y adolescentes para mantenerse en buena forma.<\/p>\n<p>Bitamin no contiene az\u00facares, almidones, gluten ni lactosa. No contiene colorantes, aromatizantes ni conservantes sint\u00e9ticos, ni ingredientes modificados gen\u00e9ticamente.<\/p>\n<p>Los ingredientes naturales pueden variar de color.<\/p>\n<p><strong>PRESENTACI\u00d3N<\/strong><\/p>\n<p>120 c\u00e1psulas<\/p>\n<p>&nbsp;<\/p>\n","protected":false},"excerpt":{"rendered":"<p>Bitamin es un multicomplejo de vitaminas y minerales de la A al Zinc que ayuda a reforzar el sistema inmunitario. Sin gluten ni lactosa. [&#8230;]<\/p>\n<p><a class=\"btn btn-secondary understrap-read-more-link\" href=\"https:\/\/www.lifenatura.com\/es\/produto\/bitamin-120-capsulas-biofil\/\">Leer m\u00e1s&#8230;<span class=\"screen-reader-text\"> from Bitamin 120 c\u00e1psulas &#8211; Biofil<\/span><\/a><\/p>\n","protected":false},"featured_media":78581,"template":"","meta":{"_acf_changed":false},"product_brand":[8532],"product_cat":[7259,7179,7883],"product_tag":[],"class_list":{"0":"post-78582","1":"product","2":"type-product","3":"status-publish","4":"has-post-thumbnail","6":"product_brand-biofil","7":"product_cat-vitaminas-y-minerales","8":"product_cat-salud","9":"product_cat-suplementos-alimenticios","11":"first","12":"instock","13":"shipping-taxable","14":"purchasable","15":"product-type-simple","16":"add-to-wishlist-before_image"},"acf":[],"yoast_head":"<!-- This site is optimized with the Yoast SEO Premium plugin v27.1 (Yoast SEO v27.3) - https:\/\/yoast.com\/product\/yoast-seo-premium-wordpress\/ -->\n<title>Bitamin 120 c\u00e1psulas - Biofil - Lifenatura<\/title>\n<meta name=\"description\" content=\"Bitamin es un multicomplejo de vitaminas y minerales de la A al Zinc que ayuda a reforzar el sistema inmunitario. Sin gluten ni lactosa.\" \/>\n<meta name=\"robots\" content=\"index, follow, max-snippet:-1, max-image-preview:large, max-video-preview:-1\" \/>\n<link rel=\"canonical\" href=\"https:\/\/www.lifenatura.com\/es\/produto\/bitamin-120-capsulas-biofil\/\" \/>\n<meta property=\"og:locale\" content=\"es_ES\" \/>\n<meta property=\"og:type\" content=\"article\" \/>\n<meta property=\"og:title\" content=\"Bitamin 120 c\u00e1psulas - Biofil - Lifenatura\" \/>\n<meta property=\"og:description\" content=\"Compre aqui o seu Bitamin 120 c\u00e1psulas - Biofil e a Lifenatura Online envia em 48 H com Portes Gratis &gt;35\u20ac de Pedido.\" \/>\n<meta property=\"og:url\" content=\"https:\/\/www.lifenatura.com\/es\/produto\/bitamin-120-capsulas-biofil\/\" \/>\n<meta property=\"og:site_name\" content=\"Lifenatura\" \/>\n<meta property=\"article:publisher\" content=\"https:\/\/www.facebook.com\/lifenatura\" \/>\n<meta property=\"article:modified_time\" content=\"2023-10-26T08:34:03+00:00\" \/>\n<meta property=\"og:image\" content=\"https:\/\/www.lifenatura.com\/wp-content\/uploads\/2023\/10\/bitamin-120-capsulas-biofil.jpg\" \/>\n\t<meta property=\"og:image:width\" content=\"1000\" \/>\n\t<meta property=\"og:image:height\" content=\"1000\" \/>\n\t<meta property=\"og:image:type\" content=\"image\/jpeg\" \/>\n<meta name=\"twitter:card\" content=\"summary_large_image\" \/>\n<meta name=\"twitter:label1\" content=\"Precio\" \/>\n\t<meta name=\"twitter:data1\" content=\"30,51&nbsp;&euro;\" \/>\n\t<meta name=\"twitter:label2\" content=\"Disponibilidad\" \/>\n\t<meta name=\"twitter:data2\" content=\"Disponible\" \/>\n<meta property=\"product:price:amount\" content=\"30.51\" \/>\n<meta property=\"product:price:currency\" content=\"EUR\" \/>\n<meta property=\"og:availability\" content=\"instock\" \/>\n<meta property=\"product:availability\" content=\"instock\" \/>\n<meta property=\"product:retailer_item_id\" content=\"5603877002594\" \/>\n<meta property=\"product:condition\" content=\"new\" \/>\n<!-- \/ Yoast SEO Premium plugin. -->","yoast_head_json":{"title":"Bitamin 120 c\u00e1psulas - Biofil - Lifenatura","description":"Bitamin es un multicomplejo de vitaminas y minerales de la A al Zinc que ayuda a reforzar el sistema inmunitario. Sin gluten ni lactosa.","robots":{"index":"index","follow":"follow","max-snippet":"max-snippet:-1","max-image-preview":"max-image-preview:large","max-video-preview":"max-video-preview:-1"},"canonical":"https:\/\/www.lifenatura.com\/es\/produto\/bitamin-120-capsulas-biofil\/","og_locale":"es_ES","og_type":"article","og_title":"Bitamin 120 c\u00e1psulas - Biofil - Lifenatura","og_description":"Compre aqui o seu Bitamin 120 c\u00e1psulas - Biofil e a Lifenatura Online envia em 48 H com Portes Gratis >35\u20ac de Pedido.","og_url":"https:\/\/www.lifenatura.com\/es\/produto\/bitamin-120-capsulas-biofil\/","og_site_name":"Lifenatura","article_publisher":"https:\/\/www.facebook.com\/lifenatura","article_modified_time":"2023-10-26T08:34:03+00:00","og_image":[{"width":1000,"height":1000,"url":"https:\/\/www.lifenatura.com\/wp-content\/uploads\/2023\/10\/bitamin-120-capsulas-biofil.jpg","type":"image\/jpeg"}],"twitter_card":"summary_large_image","twitter_misc":{"Precio":"30,51&nbsp;&euro;","Disponibilidad":"Disponible"},"schema":{"@context":"https:\/\/schema.org","@graph":[{"@type":"WebPage","@id":"https:\/\/www.lifenatura.com\/es\/produto\/bitamin-120-capsulas-biofil\/","url":"https:\/\/www.lifenatura.com\/es\/produto\/bitamin-120-capsulas-biofil\/","name":"Bitamin 120 c\u00e1psulas - Biofil - Lifenatura","isPartOf":{"@id":"https:\/\/www.lifenatura.com\/es\/#website"},"primaryImageOfPage":{"@id":"https:\/\/www.lifenatura.com\/es\/produto\/bitamin-120-capsulas-biofil\/#primaryimage"},"image":{"@id":"https:\/\/www.lifenatura.com\/es\/produto\/bitamin-120-capsulas-biofil\/#primaryimage"},"thumbnailUrl":"https:\/\/www.lifenatura.com\/wp-content\/uploads\/2023\/10\/bitamin-120-capsulas-biofil.jpg","datePublished":"2023-10-26T08:23:59+00:00","dateModified":"2023-10-26T08:34:03+00:00","description":"Bitamin es un multicomplejo de vitaminas y minerales de la A al Zinc que ayuda a reforzar el sistema inmunitario. Sin gluten ni lactosa.","breadcrumb":{"@id":"https:\/\/www.lifenatura.com\/es\/produto\/bitamin-120-capsulas-biofil\/#breadcrumb"},"inLanguage":"es","potentialAction":[{"@type":"ReadAction","target":["https:\/\/www.lifenatura.com\/es\/produto\/bitamin-120-capsulas-biofil\/"]}]},{"@type":"ImageObject","inLanguage":"es","@id":"https:\/\/www.lifenatura.com\/es\/produto\/bitamin-120-capsulas-biofil\/#primaryimage","url":"https:\/\/www.lifenatura.com\/wp-content\/uploads\/2023\/10\/bitamin-120-capsulas-biofil.jpg","contentUrl":"https:\/\/www.lifenatura.com\/wp-content\/uploads\/2023\/10\/bitamin-120-capsulas-biofil.jpg","width":1000,"height":1000,"caption":"Bitamin 120 c\u00e1psulas - Biofil"},{"@type":"BreadcrumbList","@id":"https:\/\/www.lifenatura.com\/es\/produto\/bitamin-120-capsulas-biofil\/#breadcrumb","itemListElement":[{"@type":"ListItem","position":1,"name":"In\u00edcio","item":"https:\/\/www.lifenatura.com\/es\/"},{"@type":"ListItem","position":2,"name":"Todos los Productos","item":"https:\/\/www.lifenatura.com\/es\/tienda\/"},{"@type":"ListItem","position":3,"name":"Bitamin 120 c\u00e1psulas &#8211; Biofil"}]},{"@type":"WebSite","@id":"https:\/\/www.lifenatura.com\/es\/#website","url":"https:\/\/www.lifenatura.com\/es\/","name":"Lifenatura","description":"A Lifenatura \u00e9 uma loja de produtos naturais, cosm\u00e9tica natural e alimenta\u00e7\u00e3o Biol\u00f3gica.","publisher":{"@id":"https:\/\/www.lifenatura.com\/es\/#organization"},"potentialAction":[{"@type":"SearchAction","target":{"@type":"EntryPoint","urlTemplate":"https:\/\/www.lifenatura.com\/es\/?s={search_term_string}"},"query-input":{"@type":"PropertyValueSpecification","valueRequired":true,"valueName":"search_term_string"}}],"inLanguage":"es"},{"@type":"Organization","@id":"https:\/\/www.lifenatura.com\/es\/#organization","name":"Lifenatura","url":"https:\/\/www.lifenatura.com\/es\/","logo":{"@type":"ImageObject","inLanguage":"es","@id":"https:\/\/www.lifenatura.com\/es\/#\/schema\/logo\/image\/","url":"https:\/\/www.lifenatura.com\/wp-content\/uploads\/2021\/11\/logo.png","contentUrl":"https:\/\/www.lifenatura.com\/wp-content\/uploads\/2021\/11\/logo.png","width":175,"height":55,"caption":"Lifenatura"},"image":{"@id":"https:\/\/www.lifenatura.com\/es\/#\/schema\/logo\/image\/"},"sameAs":["https:\/\/www.facebook.com\/lifenatura","https:\/\/www.instagram.com\/lifenaturapt\/"]}]},"product_price_amount":"30.51","product_price_currency":"EUR","og_availability":"instock","product_availability":"instock","product_retailer_item_id":"5603877002594","product_condition":"new"},"df_price":30.51,"df_sale_price":"","df_regular_price":30.51,"df_image_link":"https:\/\/www.lifenatura.com\/wp-content\/uploads\/2023\/10\/bitamin-120-capsulas-biofil-300x300.jpg","_links":{"self":[{"href":"https:\/\/www.lifenatura.com\/es\/wp-json\/wp\/v2\/product\/78582","targetHints":{"allow":["GET"]}}],"collection":[{"href":"https:\/\/www.lifenatura.com\/es\/wp-json\/wp\/v2\/product"}],"about":[{"href":"https:\/\/www.lifenatura.com\/es\/wp-json\/wp\/v2\/types\/product"}],"wp:featuredmedia":[{"embeddable":true,"href":"https:\/\/www.lifenatura.com\/es\/wp-json\/wp\/v2\/media\/78581"}],"wp:attachment":[{"href":"https:\/\/www.lifenatura.com\/es\/wp-json\/wp\/v2\/media?parent=78582"}],"wp:term":[{"taxonomy":"product_brand","embeddable":true,"href":"https:\/\/www.lifenatura.com\/es\/wp-json\/wp\/v2\/product_brand?post=78582"},{"taxonomy":"product_cat","embeddable":true,"href":"https:\/\/www.lifenatura.com\/es\/wp-json\/wp\/v2\/product_cat?post=78582"},{"taxonomy":"product_tag","embeddable":true,"href":"https:\/\/www.lifenatura.com\/es\/wp-json\/wp\/v2\/product_tag?post=78582"}],"curies":[{"name":"wp","href":"https:\/\/api.w.org\/{rel}","templated":true}]}}