{"id":78008,"date":"2023-10-17T16:14:26","date_gmt":"2023-10-17T16:14:26","guid":{"rendered":"https:\/\/www.lifenatura.com\/?post_type=product&#038;p=78008"},"modified":"2026-04-20T02:44:26","modified_gmt":"2026-04-20T02:44:26","slug":"propoleo-y-semillas-de-pomelo-bio-50-ml-ladrome","status":"publish","type":"product","link":"https:\/\/www.lifenatura.com\/es\/produto\/propoleo-y-semillas-de-pomelo-bio-50-ml-ladrome\/","title":{"rendered":"Prop\u00f3leo y Semillas de Pomelo Bio 50 ml &#8211; Ladr\u00f4me"},"content":{"rendered":"<h2 style=\"text-align: left\"><strong>Concentrado de Pr\u00f3polis y Semillas de Pomelo<\/strong><\/h2>\n<p>&nbsp;<\/p>\n<p>El Concentrado de Pr\u00f3polis y Semillas de Pomelo BIO 50 ml Ladr\u00f4me es un complemento alimenticio que combina los beneficios del extracto concentrado de pr\u00f3polis y del extracto de semillas de pomelo.<\/p>\n<p>Naturalmente rico en bioflavonoides (700 mg\/100 ml), compuestos con actividad antioxidante, antiinflamatoria y antis\u00e9ptica y acci\u00f3n positiva sobre el sistema inmunitario, este producto sin alcohol ni glicerina es ideal para estimular la resistencia natural de cada persona, especialmente durante el invierno.<\/p>\n<p><strong>PR\u00d3POLIS<\/strong><\/p>\n<p>Posee numerosas propiedades: es antis\u00e9ptico, en particular para luchar contra las bacterias y los hongos, y tambi\u00e9n es un agente antiv\u00edrico.<\/p>\n<p>Para garantizar una extracci\u00f3n m\u00e1s completa de los principios activos del pr\u00f3polis, Ladr\u00f4me elabora su propio extracto a partir de una mezcla de pr\u00f3polis marr\u00f3n y pr\u00f3polis verde.<\/p>\n<p><strong>SEMILLAS Y PULPA DE POMELO Y TORONJA<\/strong><\/p>\n<p>Estos extractos son naturalmente ricos en vitamina C y bioflavonoides, compuestos con reconocidas propiedades antioxidantes, antiinflamatorias, analg\u00e9sicas, sodilatadoras, desintoxicantes hep\u00e1ticas, anticancer\u00edgenas, antibi\u00f3ticas y antivirales.<\/p>\n<p><strong>PRESENTACI\u00d3N<\/strong><\/p>\n<p>50 ml<\/p>\n<p>&nbsp;<\/p>\n","protected":false},"excerpt":{"rendered":"<p>El Pr\u00f3polis y Semillas de Pomelo es un complemento antioxidante, antiinflamatorio y antis\u00e9ptico con un efecto positivo sobre el sistema inmunitario. [&#8230;]<\/p>\n<p><a class=\"btn btn-secondary understrap-read-more-link\" href=\"https:\/\/www.lifenatura.com\/es\/produto\/propoleo-y-semillas-de-pomelo-bio-50-ml-ladrome\/\">Leer m\u00e1s&#8230;<span class=\"screen-reader-text\"> from Prop\u00f3leo y Semillas de Pomelo Bio 50 ml &#8211; Ladr\u00f4me<\/span><\/a><\/p>\n","protected":false},"featured_media":78006,"template":"","meta":{"_acf_changed":false},"product_brand":[8338],"product_cat":[7231,7659,7773,7211,7179],"product_tag":[],"class_list":{"0":"post-78008","1":"product","2":"type-product","3":"status-publish","4":"has-post-thumbnail","6":"product_brand-ladrome-es","7":"product_cat-gripe","8":"product_cat-ingrediente-natural-bio","9":"product_cat-propolis-es","10":"product_cat-reforza-la-inmunidad-salud","11":"product_cat-salud","12":"pa_dicas-ladrome-gama-propolis-es","13":"pa_dicas-refuerce-inmunidad-este-invierno","15":"first","16":"instock","17":"sale","18":"featured","19":"shipping-taxable","20":"purchasable","21":"product-type-simple","22":"add-to-wishlist-before_image"},"acf":[],"yoast_head":"<!-- This site is optimized with the Yoast SEO Premium plugin v27.1 (Yoast SEO v27.6) - https:\/\/yoast.com\/product\/yoast-seo-premium-wordpress\/ -->\n<title>Prop\u00f3leo y Semillas de Pomelo Bio 50 ml - Ladr\u00f4me - Na Lifenatura ao Melhor Pre\u00e7o | Envio em 48h<\/title>\n<meta name=\"description\" content=\"El Pr\u00f3polis y Semillas de Pomelo es un complemento antioxidante, antiinflamatorio y antis\u00e9ptico con un efecto positivo sobre el sistema inmunitario.\" \/>\n<meta name=\"robots\" content=\"index, follow, max-snippet:-1, max-image-preview:large, max-video-preview:-1\" \/>\n<link rel=\"canonical\" href=\"https:\/\/www.lifenatura.com\/es\/produto\/propoleo-y-semillas-de-pomelo-bio-50-ml-ladrome\/\" \/>\n<meta property=\"og:locale\" content=\"es_ES\" \/>\n<meta property=\"og:type\" content=\"article\" \/>\n<meta property=\"og:title\" content=\"Prop\u00f3leo y Semillas de Pomelo Bio 50 ml - Ladr\u00f4me - Na Lifenatura ao Melhor Pre\u00e7o | Envio 48h\" \/>\n<meta property=\"og:description\" content=\"Compre Prop\u00f3leo y Semillas de Pomelo Bio 50 ml - Ladr\u00f4me com envio r\u00e1pido. Entrega em 48h e portes gr\u00e1tis em compras &gt;35\u20ac. Aproveite j\u00e1 na Lifenatura\" \/>\n<meta property=\"og:url\" content=\"https:\/\/www.lifenatura.com\/es\/produto\/propoleo-y-semillas-de-pomelo-bio-50-ml-ladrome\/\" \/>\n<meta property=\"og:site_name\" content=\"Lifenatura\" \/>\n<meta property=\"article:publisher\" content=\"https:\/\/www.facebook.com\/lifenatura\" \/>\n<meta property=\"article:modified_time\" content=\"2026-04-20T02:44:26+00:00\" \/>\n<meta property=\"og:image\" content=\"https:\/\/www.lifenatura.com\/wp-content\/uploads\/2023\/10\/propolis-sementes-toranja-50ml-ladrome.jpg\" \/>\n\t<meta property=\"og:image:width\" content=\"1000\" \/>\n\t<meta property=\"og:image:height\" content=\"1000\" \/>\n\t<meta property=\"og:image:type\" content=\"image\/jpeg\" \/>\n<meta name=\"twitter:card\" content=\"summary_large_image\" \/>\n<meta name=\"twitter:label1\" content=\"Precio\" \/>\n\t<meta name=\"twitter:data1\" content=\"20,13&nbsp;&euro;\" \/>\n\t<meta name=\"twitter:label2\" content=\"Disponibilidad\" \/>\n\t<meta name=\"twitter:data2\" content=\"Disponible\" \/>\n<script type=\"application\/ld+json\" class=\"yoast-schema-graph\">{\"@context\":\"https:\\\/\\\/schema.org\",\"@graph\":[{\"@type\":\"WebPage\",\"@id\":\"https:\\\/\\\/www.lifenatura.com\\\/es\\\/produto\\\/propoleo-y-semillas-de-pomelo-bio-50-ml-ladrome\\\/\",\"url\":\"https:\\\/\\\/www.lifenatura.com\\\/es\\\/produto\\\/propoleo-y-semillas-de-pomelo-bio-50-ml-ladrome\\\/\",\"name\":\"Prop\u00f3leo y Semillas de Pomelo Bio 50 ml - Ladr\u00f4me - Na Lifenatura ao Melhor Pre\u00e7o | Envio em 48h\",\"isPartOf\":{\"@id\":\"https:\\\/\\\/www.lifenatura.com\\\/es\\\/#website\"},\"primaryImageOfPage\":{\"@id\":\"https:\\\/\\\/www.lifenatura.com\\\/es\\\/produto\\\/propoleo-y-semillas-de-pomelo-bio-50-ml-ladrome\\\/#primaryimage\"},\"image\":{\"@id\":\"https:\\\/\\\/www.lifenatura.com\\\/es\\\/produto\\\/propoleo-y-semillas-de-pomelo-bio-50-ml-ladrome\\\/#primaryimage\"},\"thumbnailUrl\":\"https:\\\/\\\/www.lifenatura.com\\\/wp-content\\\/uploads\\\/2023\\\/10\\\/propolis-sementes-toranja-50ml-ladrome.jpg\",\"datePublished\":\"2023-10-17T16:14:26+00:00\",\"dateModified\":\"2026-04-20T02:44:26+00:00\",\"description\":\"El Pr\u00f3polis y Semillas de Pomelo es un complemento antioxidante, antiinflamatorio y antis\u00e9ptico con un efecto positivo sobre el sistema inmunitario.\",\"breadcrumb\":{\"@id\":\"https:\\\/\\\/www.lifenatura.com\\\/es\\\/produto\\\/propoleo-y-semillas-de-pomelo-bio-50-ml-ladrome\\\/#breadcrumb\"},\"inLanguage\":\"es\",\"potentialAction\":[{\"@type\":\"ReadAction\",\"target\":[\"https:\\\/\\\/www.lifenatura.com\\\/es\\\/produto\\\/propoleo-y-semillas-de-pomelo-bio-50-ml-ladrome\\\/\"]}]},{\"@type\":\"ImageObject\",\"inLanguage\":\"es\",\"@id\":\"https:\\\/\\\/www.lifenatura.com\\\/es\\\/produto\\\/propoleo-y-semillas-de-pomelo-bio-50-ml-ladrome\\\/#primaryimage\",\"url\":\"https:\\\/\\\/www.lifenatura.com\\\/wp-content\\\/uploads\\\/2023\\\/10\\\/propolis-sementes-toranja-50ml-ladrome.jpg\",\"contentUrl\":\"https:\\\/\\\/www.lifenatura.com\\\/wp-content\\\/uploads\\\/2023\\\/10\\\/propolis-sementes-toranja-50ml-ladrome.jpg\",\"width\":1000,\"height\":1000,\"caption\":\"Pr\u00f3polis Sementes Toranja 50 ml - Ladr\u00f4me\"},{\"@type\":\"BreadcrumbList\",\"@id\":\"https:\\\/\\\/www.lifenatura.com\\\/es\\\/produto\\\/propoleo-y-semillas-de-pomelo-bio-50-ml-ladrome\\\/#breadcrumb\",\"itemListElement\":[{\"@type\":\"ListItem\",\"position\":1,\"name\":\"In\u00edcio\",\"item\":\"https:\\\/\\\/www.lifenatura.com\\\/es\\\/\"},{\"@type\":\"ListItem\",\"position\":2,\"name\":\"Todos los Productos\",\"item\":\"https:\\\/\\\/www.lifenatura.com\\\/es\\\/tienda\\\/\"},{\"@type\":\"ListItem\",\"position\":3,\"name\":\"Prop\u00f3leo y Semillas de Pomelo Bio 50 ml &#8211; Ladr\u00f4me\"}]},{\"@type\":\"WebSite\",\"@id\":\"https:\\\/\\\/www.lifenatura.com\\\/es\\\/#website\",\"url\":\"https:\\\/\\\/www.lifenatura.com\\\/es\\\/\",\"name\":\"Lifenatura\",\"description\":\"A Lifenatura \u00e9 uma loja de produtos naturais, cosm\u00e9tica natural e alimenta\u00e7\u00e3o Biol\u00f3gica.\",\"publisher\":{\"@id\":\"https:\\\/\\\/www.lifenatura.com\\\/es\\\/#organization\"},\"potentialAction\":[{\"@type\":\"SearchAction\",\"target\":{\"@type\":\"EntryPoint\",\"urlTemplate\":\"https:\\\/\\\/www.lifenatura.com\\\/es\\\/?s={search_term_string}\"},\"query-input\":{\"@type\":\"PropertyValueSpecification\",\"valueRequired\":true,\"valueName\":\"search_term_string\"}}],\"inLanguage\":\"es\"},{\"@type\":\"Organization\",\"@id\":\"https:\\\/\\\/www.lifenatura.com\\\/es\\\/#organization\",\"name\":\"Lifenatura\",\"url\":\"https:\\\/\\\/www.lifenatura.com\\\/es\\\/\",\"logo\":{\"@type\":\"ImageObject\",\"inLanguage\":\"es\",\"@id\":\"https:\\\/\\\/www.lifenatura.com\\\/es\\\/#\\\/schema\\\/logo\\\/image\\\/\",\"url\":\"https:\\\/\\\/www.lifenatura.com\\\/wp-content\\\/uploads\\\/2021\\\/07\\\/logo.png\",\"contentUrl\":\"https:\\\/\\\/www.lifenatura.com\\\/wp-content\\\/uploads\\\/2021\\\/07\\\/logo.png\",\"width\":175,\"height\":55,\"caption\":\"Lifenatura\"},\"image\":{\"@id\":\"https:\\\/\\\/www.lifenatura.com\\\/es\\\/#\\\/schema\\\/logo\\\/image\\\/\"},\"sameAs\":[\"https:\\\/\\\/www.facebook.com\\\/lifenatura\",\"https:\\\/\\\/www.instagram.com\\\/lifenaturapt\\\/\"],\"hasMerchantReturnPolicy\":{\"@type\":\"MerchantReturnPolicy\",\"merchantReturnLink\":\"https:\\\/\\\/www.lifenatura.com\\\/termos-condicoes-lifenatura\\\/\"}}]}<\/script>\n<meta property=\"product:price:amount\" content=\"20.13\" \/>\n<meta property=\"product:price:currency\" content=\"EUR\" \/>\n<meta property=\"og:availability\" content=\"instock\" \/>\n<meta property=\"product:availability\" content=\"instock\" \/>\n<meta property=\"product:retailer_item_id\" content=\"3486330103388\" \/>\n<meta property=\"product:condition\" content=\"new\" \/>\n<!-- \/ Yoast SEO Premium plugin. -->","yoast_head_json":{"title":"Prop\u00f3leo y Semillas de Pomelo Bio 50 ml - Ladr\u00f4me - Na Lifenatura ao Melhor Pre\u00e7o | Envio em 48h","description":"El Pr\u00f3polis y Semillas de Pomelo es un complemento antioxidante, antiinflamatorio y antis\u00e9ptico con un efecto positivo sobre el sistema inmunitario.","robots":{"index":"index","follow":"follow","max-snippet":"max-snippet:-1","max-image-preview":"max-image-preview:large","max-video-preview":"max-video-preview:-1"},"canonical":"https:\/\/www.lifenatura.com\/es\/produto\/propoleo-y-semillas-de-pomelo-bio-50-ml-ladrome\/","og_locale":"es_ES","og_type":"article","og_title":"Prop\u00f3leo y Semillas de Pomelo Bio 50 ml - Ladr\u00f4me - Na Lifenatura ao Melhor Pre\u00e7o | Envio 48h","og_description":"Compre Prop\u00f3leo y Semillas de Pomelo Bio 50 ml - Ladr\u00f4me com envio r\u00e1pido. Entrega em 48h e portes gr\u00e1tis em compras >35\u20ac. Aproveite j\u00e1 na Lifenatura","og_url":"https:\/\/www.lifenatura.com\/es\/produto\/propoleo-y-semillas-de-pomelo-bio-50-ml-ladrome\/","og_site_name":"Lifenatura","article_publisher":"https:\/\/www.facebook.com\/lifenatura","article_modified_time":"2026-04-20T02:44:26+00:00","og_image":[{"width":1000,"height":1000,"url":"https:\/\/www.lifenatura.com\/wp-content\/uploads\/2023\/10\/propolis-sementes-toranja-50ml-ladrome.jpg","type":"image\/jpeg"}],"twitter_card":"summary_large_image","twitter_misc":{"Precio":"20,13&nbsp;&euro;","Disponibilidad":"Disponible"},"schema":{"@context":"https:\/\/schema.org","@graph":[{"@type":"WebPage","@id":"https:\/\/www.lifenatura.com\/es\/produto\/propoleo-y-semillas-de-pomelo-bio-50-ml-ladrome\/","url":"https:\/\/www.lifenatura.com\/es\/produto\/propoleo-y-semillas-de-pomelo-bio-50-ml-ladrome\/","name":"Prop\u00f3leo y Semillas de Pomelo Bio 50 ml - Ladr\u00f4me - Na Lifenatura ao Melhor Pre\u00e7o | Envio em 48h","isPartOf":{"@id":"https:\/\/www.lifenatura.com\/es\/#website"},"primaryImageOfPage":{"@id":"https:\/\/www.lifenatura.com\/es\/produto\/propoleo-y-semillas-de-pomelo-bio-50-ml-ladrome\/#primaryimage"},"image":{"@id":"https:\/\/www.lifenatura.com\/es\/produto\/propoleo-y-semillas-de-pomelo-bio-50-ml-ladrome\/#primaryimage"},"thumbnailUrl":"https:\/\/www.lifenatura.com\/wp-content\/uploads\/2023\/10\/propolis-sementes-toranja-50ml-ladrome.jpg","datePublished":"2023-10-17T16:14:26+00:00","dateModified":"2026-04-20T02:44:26+00:00","description":"El Pr\u00f3polis y Semillas de Pomelo es un complemento antioxidante, antiinflamatorio y antis\u00e9ptico con un efecto positivo sobre el sistema inmunitario.","breadcrumb":{"@id":"https:\/\/www.lifenatura.com\/es\/produto\/propoleo-y-semillas-de-pomelo-bio-50-ml-ladrome\/#breadcrumb"},"inLanguage":"es","potentialAction":[{"@type":"ReadAction","target":["https:\/\/www.lifenatura.com\/es\/produto\/propoleo-y-semillas-de-pomelo-bio-50-ml-ladrome\/"]}]},{"@type":"ImageObject","inLanguage":"es","@id":"https:\/\/www.lifenatura.com\/es\/produto\/propoleo-y-semillas-de-pomelo-bio-50-ml-ladrome\/#primaryimage","url":"https:\/\/www.lifenatura.com\/wp-content\/uploads\/2023\/10\/propolis-sementes-toranja-50ml-ladrome.jpg","contentUrl":"https:\/\/www.lifenatura.com\/wp-content\/uploads\/2023\/10\/propolis-sementes-toranja-50ml-ladrome.jpg","width":1000,"height":1000,"caption":"Pr\u00f3polis Sementes Toranja 50 ml - Ladr\u00f4me"},{"@type":"BreadcrumbList","@id":"https:\/\/www.lifenatura.com\/es\/produto\/propoleo-y-semillas-de-pomelo-bio-50-ml-ladrome\/#breadcrumb","itemListElement":[{"@type":"ListItem","position":1,"name":"In\u00edcio","item":"https:\/\/www.lifenatura.com\/es\/"},{"@type":"ListItem","position":2,"name":"Todos los Productos","item":"https:\/\/www.lifenatura.com\/es\/tienda\/"},{"@type":"ListItem","position":3,"name":"Prop\u00f3leo y Semillas de Pomelo Bio 50 ml &#8211; Ladr\u00f4me"}]},{"@type":"WebSite","@id":"https:\/\/www.lifenatura.com\/es\/#website","url":"https:\/\/www.lifenatura.com\/es\/","name":"Lifenatura","description":"A Lifenatura \u00e9 uma loja de produtos naturais, cosm\u00e9tica natural e alimenta\u00e7\u00e3o Biol\u00f3gica.","publisher":{"@id":"https:\/\/www.lifenatura.com\/es\/#organization"},"potentialAction":[{"@type":"SearchAction","target":{"@type":"EntryPoint","urlTemplate":"https:\/\/www.lifenatura.com\/es\/?s={search_term_string}"},"query-input":{"@type":"PropertyValueSpecification","valueRequired":true,"valueName":"search_term_string"}}],"inLanguage":"es"},{"@type":"Organization","@id":"https:\/\/www.lifenatura.com\/es\/#organization","name":"Lifenatura","url":"https:\/\/www.lifenatura.com\/es\/","logo":{"@type":"ImageObject","inLanguage":"es","@id":"https:\/\/www.lifenatura.com\/es\/#\/schema\/logo\/image\/","url":"https:\/\/www.lifenatura.com\/wp-content\/uploads\/2021\/07\/logo.png","contentUrl":"https:\/\/www.lifenatura.com\/wp-content\/uploads\/2021\/07\/logo.png","width":175,"height":55,"caption":"Lifenatura"},"image":{"@id":"https:\/\/www.lifenatura.com\/es\/#\/schema\/logo\/image\/"},"sameAs":["https:\/\/www.facebook.com\/lifenatura","https:\/\/www.instagram.com\/lifenaturapt\/"],"hasMerchantReturnPolicy":{"@type":"MerchantReturnPolicy","merchantReturnLink":"https:\/\/www.lifenatura.com\/termos-condicoes-lifenatura\/"}}]},"product_price_amount":"20.13","product_price_currency":"EUR","og_availability":"instock","product_availability":"instock","product_retailer_item_id":"3486330103388","product_condition":"new"},"df_price":20.13,"df_sale_price":20.13,"df_regular_price":25.16,"df_image_link":"https:\/\/www.lifenatura.com\/wp-content\/uploads\/2023\/10\/propolis-sementes-toranja-50ml-ladrome-300x300.jpg","_links":{"self":[{"href":"https:\/\/www.lifenatura.com\/es\/wp-json\/wp\/v2\/product\/78008","targetHints":{"allow":["GET"]}}],"collection":[{"href":"https:\/\/www.lifenatura.com\/es\/wp-json\/wp\/v2\/product"}],"about":[{"href":"https:\/\/www.lifenatura.com\/es\/wp-json\/wp\/v2\/types\/product"}],"wp:featuredmedia":[{"embeddable":true,"href":"https:\/\/www.lifenatura.com\/es\/wp-json\/wp\/v2\/media\/78006"}],"wp:attachment":[{"href":"https:\/\/www.lifenatura.com\/es\/wp-json\/wp\/v2\/media?parent=78008"}],"wp:term":[{"taxonomy":"product_brand","embeddable":true,"href":"https:\/\/www.lifenatura.com\/es\/wp-json\/wp\/v2\/product_brand?post=78008"},{"taxonomy":"product_cat","embeddable":true,"href":"https:\/\/www.lifenatura.com\/es\/wp-json\/wp\/v2\/product_cat?post=78008"},{"taxonomy":"product_tag","embeddable":true,"href":"https:\/\/www.lifenatura.com\/es\/wp-json\/wp\/v2\/product_tag?post=78008"}],"curies":[{"name":"wp","href":"https:\/\/api.w.org\/{rel}","templated":true}]}}