{"id":77953,"date":"2023-10-17T09:32:35","date_gmt":"2023-10-17T09:32:35","guid":{"rendered":"https:\/\/www.lifenatura.com\/?post_type=product&#038;p=77953"},"modified":"2026-04-20T02:44:25","modified_gmt":"2026-04-20T02:44:25","slug":"balsamo-labial-fyto-stick-48g-ladrome","status":"publish","type":"product","link":"https:\/\/www.lifenatura.com\/es\/produto\/balsamo-labial-fyto-stick-48g-ladrome\/","title":{"rendered":"B\u00e1lsamo Labial Fyto Stick 4,8g &#8211; Ladr\u00f4me"},"content":{"rendered":"<h2 style=\"text-align: left\"><strong>Fyto Stick B\u00e1lsamo Labial<\/strong><\/h2>\n<p>&nbsp;<\/p>\n<p>Fyto Stick Prop\u00f3leo es un b\u00e1lsamo labial protector a base de prop\u00f3leo y plantas, \u00a1para unos labios suaves, sanos y protegidos todo el a\u00f1o!<\/p>\n<p>Compuesto por extracto BIO de prop\u00f3leo; vitamina E; manteca de karit\u00e9; aceites vegetales y macerados oleosos de plantas; ceras (de abeja, candelilla y carnauba); extractos de plantas y aceites esenciales BIO de naranja dulce y \u00e1rbol del t\u00e9, ayuda a hidratar y suavizar los labios secos y estropeados.<\/p>\n<p><strong>EXTRACTO DE EQUIN\u00c1CEA<\/strong><br \/>\nTiene propiedades inmunoestimulantes, antibacterianas, antivirales y analg\u00e9sicas. En fitoterapia, se utiliza para reforzar las defensas naturales del organismo contra las dolencias cr\u00f3nicas del invierno (gripe, resfriados, dolores de garganta). Tradicionalmente se utilizaba para curar heridas.<\/p>\n<p><strong>EXTRACTO DE ZANAHORIA<\/strong><br \/>\nAumenta la elasticidad, tiene un efecto regenerador y rejuvenecedor, ayuda a restaurar las zonas secas y \u00e1speras de la piel y da a la tez un color saludable. Tambi\u00e9n minimiza la acci\u00f3n de los radicales libres, ayudando as\u00ed a proteger la piel.<\/p>\n<p><strong>MANTECA DE KARIT\u00c9<\/strong><br \/>\nEs una fuente de cinco \u00e1cidos grasos esenciales (principalmente de los \u00e1cidos este\u00e1rico y oleico), fitoesteroles, vitaminas E y D, alanto\u00edna y vitamina A. Ayuda a neutralizar los da\u00f1os causados por los radicales libres y estimula la producci\u00f3n natural de col\u00e1geno de la piel. Suaviza, nutre y da elasticidad a la piel seca, agrietada, deshidratada y sensible. Protege la piel de las agresiones externas como el fr\u00edo, el viento, el sol, el agua de mar o de piscina (cloro).<\/p>\n<p><strong>ACEITES VEGETALES, MACERADOS Y CERAS<\/strong><br \/>\nNaturalmente ricos en \u00e1cidos grasos nutritivos, emolientes y antiinflamatorios, as\u00ed como en vitaminas, ayudan a suavizar, nutrir, regenerar y calmar las pieles secas, deshidratadas, irritadas, debilitadas y sensibles. Algunos, como las ceras y el aceite de ricino, forman incluso una capa lubricante y protectora en la superficie de la piel que evita la p\u00e9rdida de humedad, ayudando as\u00ed a preservar el contenido natural de agua de los tejidos y el contacto directo con los agentes ambientales agresivos (sol, viento, fr\u00edo).<\/p>\n<p><strong>ACEITE ESENCIAL DE NARANJA DULCE<\/strong><br \/>\nAntibacteriano, antiinflamatorio y antioxidante. Su aroma dulce y c\u00edtrico ayuda a proporcionar una sensaci\u00f3n de bienestar y relajaci\u00f3n.<\/p>\n<p><strong>ACEITE ESENCIAL DE \u00c1RBOL DE T\u00c9<\/strong><br \/>\nEs uno de los antis\u00e9pticos naturales m\u00e1s importantes que se conocen, por lo que se utiliza en la elaboraci\u00f3n de infinidad de productos de higiene y cosm\u00e9tica. Act\u00faa como antis\u00e9ptico y protector de la piel, facilitando la cicatrizaci\u00f3n de heridas, quemaduras y peque\u00f1os cortes.<\/p>\n<p><strong>PR\u00d3POLIS<\/strong><br \/>\nAct\u00faa como antis\u00e9ptico, cicatrizante y regenerador de la piel herida e irritada.<\/p>\n<p>Es un complejo resinoso producido por las abejas obreras a partir de las yemas y la resina de los \u00e1rboles. Las abejas lo utilizan para higienizar, aislar y proteger la colmena.<\/p>\n<p>A lo largo de los siglos y gracias a los avances cient\u00edficos, se han identificado numerosos beneficios y usos del prop\u00f3leo. Tiene numerosas propiedades: es antis\u00e9ptico, sobre todo para combatir bacterias y hongos, y tambi\u00e9n es un agente antiv\u00edrico. En la actualidad se utiliza ampliamente por sus propiedades antiinfecciosas, inmunoestimulantes y cicatrizantes en gamas de suplementos y cosm\u00e9ticos destinados a prevenir, apoyar y defender el cuerpo humano contra las enfermedades invernales, es decir, los resfriados y la gripe y sus efectos secundarios.<\/p>\n<p>Para garantizar una extracci\u00f3n m\u00e1s completa de los principios activos del prop\u00f3leo, Ladr\u00f4me produce su propio extracto, en este caso concreto a partir del prop\u00f3leo marr\u00f3n.<\/p>\n<p>El prop\u00f3leo marr\u00f3n se produce principalmente en Europa y procede de \u00e1lamos, abedules, fresnos, sauces, olmos y abetos (entre otras especies de \u00e1rboles comunes en este continente). La maceraci\u00f3n en fr\u00edo del prop\u00f3leo en un disolvente hidroalcoh\u00f3lico permite extraer la m\u00e1xima cantidad de compuestos activos y preservar la riqueza de polifenoles, especialmente flavonoides, presentes de forma natural en el prop\u00f3leo. Cabe se\u00f1alar que el extracto de pr\u00f3polis Ladr\u00f4me tiene un contenido m\u00ednimo de polifenoles del 15%.<\/p>\n<p><strong>VITAMINA E<\/strong><br \/>\nTiene una reconocida acci\u00f3n antioxidante y ayuda a reforzar la barrera cut\u00e1nea frente a da\u00f1os externos, minimizando la aparici\u00f3n de heridas, manchas y cicatrices.<\/p>\n<p><strong>PRESENTACI\u00d3N<\/strong><\/p>\n<p>4,8g<\/p>\n<p>&nbsp;<\/p>\n","protected":false},"excerpt":{"rendered":"<p>Fyto Stick Lip Balm tiene propiedades inmunoestimulantes, antibacterianas, antivirales y analg\u00e9sicas y aumenta la elasticidad. [&#8230;]<\/p>\n<p><a class=\"btn btn-secondary understrap-read-more-link\" href=\"https:\/\/www.lifenatura.com\/es\/produto\/balsamo-labial-fyto-stick-48g-ladrome\/\">Leer m\u00e1s&#8230;<span class=\"screen-reader-text\"> from B\u00e1lsamo Labial Fyto Stick 4,8g &#8211; Ladr\u00f4me<\/span><\/a><\/p>\n","protected":false},"featured_media":77962,"template":"","meta":{"_acf_changed":false},"product_brand":[8338],"product_cat":[7231,7659,7773,7211,7179],"product_tag":[],"class_list":{"0":"post-77953","1":"product","2":"type-product","3":"status-publish","4":"has-post-thumbnail","6":"product_brand-ladrome-es","7":"product_cat-gripe","8":"product_cat-ingrediente-natural-bio","9":"product_cat-propolis-es","10":"product_cat-reforza-la-inmunidad-salud","11":"product_cat-salud","12":"pa_dicas-ladrome-gama-propolis-es","13":"pa_dicas-refuerce-inmunidad-este-invierno","15":"first","16":"instock","17":"sale","18":"featured","19":"shipping-taxable","20":"purchasable","21":"product-type-simple","22":"add-to-wishlist-before_image"},"acf":[],"yoast_head":"<!-- This site is optimized with the Yoast SEO Premium plugin v27.1 (Yoast SEO v27.6) - https:\/\/yoast.com\/product\/yoast-seo-premium-wordpress\/ -->\n<title>B\u00e1lsamo Labial Fyto Stick 4,8g - Ladr\u00f4me - Na Lifenatura ao Melhor Pre\u00e7o | Envio em 48h<\/title>\n<meta name=\"description\" content=\"Fyto Stick Lip Balm tiene propiedades inmunoestimulantes, antibacterianas, antivirales y analg\u00e9sicas y aumenta la elasticidad.\" \/>\n<meta name=\"robots\" content=\"index, follow, max-snippet:-1, max-image-preview:large, max-video-preview:-1\" \/>\n<link rel=\"canonical\" href=\"https:\/\/www.lifenatura.com\/es\/produto\/balsamo-labial-fyto-stick-48g-ladrome\/\" \/>\n<meta property=\"og:locale\" content=\"es_ES\" \/>\n<meta property=\"og:type\" content=\"article\" \/>\n<meta property=\"og:title\" content=\"B\u00e1lsamo Labial Fyto Stick 4,8g - Ladr\u00f4me - Na Lifenatura ao Melhor Pre\u00e7o | Envio 48h\" \/>\n<meta property=\"og:description\" content=\"Compre B\u00e1lsamo Labial Fyto Stick 4,8g - Ladr\u00f4me com envio r\u00e1pido. Entrega em 48h e portes gr\u00e1tis em compras &gt;35\u20ac. Aproveite j\u00e1 na Lifenatura\" \/>\n<meta property=\"og:url\" content=\"https:\/\/www.lifenatura.com\/es\/produto\/balsamo-labial-fyto-stick-48g-ladrome\/\" \/>\n<meta property=\"og:site_name\" content=\"Lifenatura\" \/>\n<meta property=\"article:publisher\" content=\"https:\/\/www.facebook.com\/lifenatura\" \/>\n<meta property=\"article:modified_time\" content=\"2026-04-20T02:44:25+00:00\" \/>\n<meta property=\"og:image\" content=\"https:\/\/www.lifenatura.com\/wp-content\/uploads\/2023\/10\/fyto-stick-propolis-balsamo-labial-ladrome.jpg\" \/>\n\t<meta property=\"og:image:width\" content=\"1000\" \/>\n\t<meta property=\"og:image:height\" content=\"1000\" \/>\n\t<meta property=\"og:image:type\" content=\"image\/jpeg\" \/>\n<meta name=\"twitter:card\" content=\"summary_large_image\" \/>\n<meta name=\"twitter:label1\" content=\"Precio\" \/>\n\t<meta name=\"twitter:data1\" content=\"8,02&nbsp;&euro;\" \/>\n\t<meta name=\"twitter:label2\" content=\"Disponibilidad\" \/>\n\t<meta name=\"twitter:data2\" content=\"Disponible\" \/>\n<script type=\"application\/ld+json\" class=\"yoast-schema-graph\">{\"@context\":\"https:\\\/\\\/schema.org\",\"@graph\":[{\"@type\":\"WebPage\",\"@id\":\"https:\\\/\\\/www.lifenatura.com\\\/es\\\/produto\\\/balsamo-labial-fyto-stick-48g-ladrome\\\/\",\"url\":\"https:\\\/\\\/www.lifenatura.com\\\/es\\\/produto\\\/balsamo-labial-fyto-stick-48g-ladrome\\\/\",\"name\":\"B\u00e1lsamo Labial Fyto Stick 4,8g - Ladr\u00f4me - Na Lifenatura ao Melhor Pre\u00e7o | Envio em 48h\",\"isPartOf\":{\"@id\":\"https:\\\/\\\/www.lifenatura.com\\\/es\\\/#website\"},\"primaryImageOfPage\":{\"@id\":\"https:\\\/\\\/www.lifenatura.com\\\/es\\\/produto\\\/balsamo-labial-fyto-stick-48g-ladrome\\\/#primaryimage\"},\"image\":{\"@id\":\"https:\\\/\\\/www.lifenatura.com\\\/es\\\/produto\\\/balsamo-labial-fyto-stick-48g-ladrome\\\/#primaryimage\"},\"thumbnailUrl\":\"https:\\\/\\\/www.lifenatura.com\\\/wp-content\\\/uploads\\\/2023\\\/10\\\/fyto-stick-propolis-balsamo-labial-ladrome.jpg\",\"datePublished\":\"2023-10-17T09:32:35+00:00\",\"dateModified\":\"2026-04-20T02:44:25+00:00\",\"description\":\"Fyto Stick Lip Balm tiene propiedades inmunoestimulantes, antibacterianas, antivirales y analg\u00e9sicas y aumenta la elasticidad.\",\"breadcrumb\":{\"@id\":\"https:\\\/\\\/www.lifenatura.com\\\/es\\\/produto\\\/balsamo-labial-fyto-stick-48g-ladrome\\\/#breadcrumb\"},\"inLanguage\":\"es\",\"potentialAction\":[{\"@type\":\"ReadAction\",\"target\":[\"https:\\\/\\\/www.lifenatura.com\\\/es\\\/produto\\\/balsamo-labial-fyto-stick-48g-ladrome\\\/\"]}]},{\"@type\":\"ImageObject\",\"inLanguage\":\"es\",\"@id\":\"https:\\\/\\\/www.lifenatura.com\\\/es\\\/produto\\\/balsamo-labial-fyto-stick-48g-ladrome\\\/#primaryimage\",\"url\":\"https:\\\/\\\/www.lifenatura.com\\\/wp-content\\\/uploads\\\/2023\\\/10\\\/fyto-stick-propolis-balsamo-labial-ladrome.jpg\",\"contentUrl\":\"https:\\\/\\\/www.lifenatura.com\\\/wp-content\\\/uploads\\\/2023\\\/10\\\/fyto-stick-propolis-balsamo-labial-ladrome.jpg\",\"width\":1000,\"height\":1000,\"caption\":\"Fyto Stick Pr\u00f3polis B\u00e1lsamo Labial - Ladr\u00f4me\"},{\"@type\":\"BreadcrumbList\",\"@id\":\"https:\\\/\\\/www.lifenatura.com\\\/es\\\/produto\\\/balsamo-labial-fyto-stick-48g-ladrome\\\/#breadcrumb\",\"itemListElement\":[{\"@type\":\"ListItem\",\"position\":1,\"name\":\"In\u00edcio\",\"item\":\"https:\\\/\\\/www.lifenatura.com\\\/es\\\/\"},{\"@type\":\"ListItem\",\"position\":2,\"name\":\"Todos los Productos\",\"item\":\"https:\\\/\\\/www.lifenatura.com\\\/es\\\/tienda\\\/\"},{\"@type\":\"ListItem\",\"position\":3,\"name\":\"B\u00e1lsamo Labial Fyto Stick 4,8g &#8211; Ladr\u00f4me\"}]},{\"@type\":\"WebSite\",\"@id\":\"https:\\\/\\\/www.lifenatura.com\\\/es\\\/#website\",\"url\":\"https:\\\/\\\/www.lifenatura.com\\\/es\\\/\",\"name\":\"Lifenatura\",\"description\":\"A Lifenatura \u00e9 uma loja de produtos naturais, cosm\u00e9tica natural e alimenta\u00e7\u00e3o Biol\u00f3gica.\",\"publisher\":{\"@id\":\"https:\\\/\\\/www.lifenatura.com\\\/es\\\/#organization\"},\"potentialAction\":[{\"@type\":\"SearchAction\",\"target\":{\"@type\":\"EntryPoint\",\"urlTemplate\":\"https:\\\/\\\/www.lifenatura.com\\\/es\\\/?s={search_term_string}\"},\"query-input\":{\"@type\":\"PropertyValueSpecification\",\"valueRequired\":true,\"valueName\":\"search_term_string\"}}],\"inLanguage\":\"es\"},{\"@type\":\"Organization\",\"@id\":\"https:\\\/\\\/www.lifenatura.com\\\/es\\\/#organization\",\"name\":\"Lifenatura\",\"url\":\"https:\\\/\\\/www.lifenatura.com\\\/es\\\/\",\"logo\":{\"@type\":\"ImageObject\",\"inLanguage\":\"es\",\"@id\":\"https:\\\/\\\/www.lifenatura.com\\\/es\\\/#\\\/schema\\\/logo\\\/image\\\/\",\"url\":\"https:\\\/\\\/www.lifenatura.com\\\/wp-content\\\/uploads\\\/2021\\\/07\\\/logo.png\",\"contentUrl\":\"https:\\\/\\\/www.lifenatura.com\\\/wp-content\\\/uploads\\\/2021\\\/07\\\/logo.png\",\"width\":175,\"height\":55,\"caption\":\"Lifenatura\"},\"image\":{\"@id\":\"https:\\\/\\\/www.lifenatura.com\\\/es\\\/#\\\/schema\\\/logo\\\/image\\\/\"},\"sameAs\":[\"https:\\\/\\\/www.facebook.com\\\/lifenatura\",\"https:\\\/\\\/www.instagram.com\\\/lifenaturapt\\\/\"],\"hasMerchantReturnPolicy\":{\"@type\":\"MerchantReturnPolicy\",\"merchantReturnLink\":\"https:\\\/\\\/www.lifenatura.com\\\/termos-condicoes-lifenatura\\\/\"}}]}<\/script>\n<meta property=\"product:price:amount\" content=\"8.02\" \/>\n<meta property=\"product:price:currency\" content=\"EUR\" \/>\n<meta property=\"og:availability\" content=\"instock\" \/>\n<meta property=\"product:availability\" content=\"instock\" \/>\n<meta property=\"product:retailer_item_id\" content=\"3486330022078\" \/>\n<meta property=\"product:condition\" content=\"new\" \/>\n<!-- \/ Yoast SEO Premium plugin. -->","yoast_head_json":{"title":"B\u00e1lsamo Labial Fyto Stick 4,8g - Ladr\u00f4me - Na Lifenatura ao Melhor Pre\u00e7o | Envio em 48h","description":"Fyto Stick Lip Balm tiene propiedades inmunoestimulantes, antibacterianas, antivirales y analg\u00e9sicas y aumenta la elasticidad.","robots":{"index":"index","follow":"follow","max-snippet":"max-snippet:-1","max-image-preview":"max-image-preview:large","max-video-preview":"max-video-preview:-1"},"canonical":"https:\/\/www.lifenatura.com\/es\/produto\/balsamo-labial-fyto-stick-48g-ladrome\/","og_locale":"es_ES","og_type":"article","og_title":"B\u00e1lsamo Labial Fyto Stick 4,8g - Ladr\u00f4me - Na Lifenatura ao Melhor Pre\u00e7o | Envio 48h","og_description":"Compre B\u00e1lsamo Labial Fyto Stick 4,8g - Ladr\u00f4me com envio r\u00e1pido. Entrega em 48h e portes gr\u00e1tis em compras >35\u20ac. Aproveite j\u00e1 na Lifenatura","og_url":"https:\/\/www.lifenatura.com\/es\/produto\/balsamo-labial-fyto-stick-48g-ladrome\/","og_site_name":"Lifenatura","article_publisher":"https:\/\/www.facebook.com\/lifenatura","article_modified_time":"2026-04-20T02:44:25+00:00","og_image":[{"width":1000,"height":1000,"url":"https:\/\/www.lifenatura.com\/wp-content\/uploads\/2023\/10\/fyto-stick-propolis-balsamo-labial-ladrome.jpg","type":"image\/jpeg"}],"twitter_card":"summary_large_image","twitter_misc":{"Precio":"8,02&nbsp;&euro;","Disponibilidad":"Disponible"},"schema":{"@context":"https:\/\/schema.org","@graph":[{"@type":"WebPage","@id":"https:\/\/www.lifenatura.com\/es\/produto\/balsamo-labial-fyto-stick-48g-ladrome\/","url":"https:\/\/www.lifenatura.com\/es\/produto\/balsamo-labial-fyto-stick-48g-ladrome\/","name":"B\u00e1lsamo Labial Fyto Stick 4,8g - Ladr\u00f4me - Na Lifenatura ao Melhor Pre\u00e7o | Envio em 48h","isPartOf":{"@id":"https:\/\/www.lifenatura.com\/es\/#website"},"primaryImageOfPage":{"@id":"https:\/\/www.lifenatura.com\/es\/produto\/balsamo-labial-fyto-stick-48g-ladrome\/#primaryimage"},"image":{"@id":"https:\/\/www.lifenatura.com\/es\/produto\/balsamo-labial-fyto-stick-48g-ladrome\/#primaryimage"},"thumbnailUrl":"https:\/\/www.lifenatura.com\/wp-content\/uploads\/2023\/10\/fyto-stick-propolis-balsamo-labial-ladrome.jpg","datePublished":"2023-10-17T09:32:35+00:00","dateModified":"2026-04-20T02:44:25+00:00","description":"Fyto Stick Lip Balm tiene propiedades inmunoestimulantes, antibacterianas, antivirales y analg\u00e9sicas y aumenta la elasticidad.","breadcrumb":{"@id":"https:\/\/www.lifenatura.com\/es\/produto\/balsamo-labial-fyto-stick-48g-ladrome\/#breadcrumb"},"inLanguage":"es","potentialAction":[{"@type":"ReadAction","target":["https:\/\/www.lifenatura.com\/es\/produto\/balsamo-labial-fyto-stick-48g-ladrome\/"]}]},{"@type":"ImageObject","inLanguage":"es","@id":"https:\/\/www.lifenatura.com\/es\/produto\/balsamo-labial-fyto-stick-48g-ladrome\/#primaryimage","url":"https:\/\/www.lifenatura.com\/wp-content\/uploads\/2023\/10\/fyto-stick-propolis-balsamo-labial-ladrome.jpg","contentUrl":"https:\/\/www.lifenatura.com\/wp-content\/uploads\/2023\/10\/fyto-stick-propolis-balsamo-labial-ladrome.jpg","width":1000,"height":1000,"caption":"Fyto Stick Pr\u00f3polis B\u00e1lsamo Labial - Ladr\u00f4me"},{"@type":"BreadcrumbList","@id":"https:\/\/www.lifenatura.com\/es\/produto\/balsamo-labial-fyto-stick-48g-ladrome\/#breadcrumb","itemListElement":[{"@type":"ListItem","position":1,"name":"In\u00edcio","item":"https:\/\/www.lifenatura.com\/es\/"},{"@type":"ListItem","position":2,"name":"Todos los Productos","item":"https:\/\/www.lifenatura.com\/es\/tienda\/"},{"@type":"ListItem","position":3,"name":"B\u00e1lsamo Labial Fyto Stick 4,8g &#8211; Ladr\u00f4me"}]},{"@type":"WebSite","@id":"https:\/\/www.lifenatura.com\/es\/#website","url":"https:\/\/www.lifenatura.com\/es\/","name":"Lifenatura","description":"A Lifenatura \u00e9 uma loja de produtos naturais, cosm\u00e9tica natural e alimenta\u00e7\u00e3o Biol\u00f3gica.","publisher":{"@id":"https:\/\/www.lifenatura.com\/es\/#organization"},"potentialAction":[{"@type":"SearchAction","target":{"@type":"EntryPoint","urlTemplate":"https:\/\/www.lifenatura.com\/es\/?s={search_term_string}"},"query-input":{"@type":"PropertyValueSpecification","valueRequired":true,"valueName":"search_term_string"}}],"inLanguage":"es"},{"@type":"Organization","@id":"https:\/\/www.lifenatura.com\/es\/#organization","name":"Lifenatura","url":"https:\/\/www.lifenatura.com\/es\/","logo":{"@type":"ImageObject","inLanguage":"es","@id":"https:\/\/www.lifenatura.com\/es\/#\/schema\/logo\/image\/","url":"https:\/\/www.lifenatura.com\/wp-content\/uploads\/2021\/07\/logo.png","contentUrl":"https:\/\/www.lifenatura.com\/wp-content\/uploads\/2021\/07\/logo.png","width":175,"height":55,"caption":"Lifenatura"},"image":{"@id":"https:\/\/www.lifenatura.com\/es\/#\/schema\/logo\/image\/"},"sameAs":["https:\/\/www.facebook.com\/lifenatura","https:\/\/www.instagram.com\/lifenaturapt\/"],"hasMerchantReturnPolicy":{"@type":"MerchantReturnPolicy","merchantReturnLink":"https:\/\/www.lifenatura.com\/termos-condicoes-lifenatura\/"}}]},"product_price_amount":"8.02","product_price_currency":"EUR","og_availability":"instock","product_availability":"instock","product_retailer_item_id":"3486330022078","product_condition":"new"},"df_price":8.02,"df_sale_price":8.02,"df_regular_price":10.03,"df_image_link":"https:\/\/www.lifenatura.com\/wp-content\/uploads\/2023\/10\/fyto-stick-propolis-balsamo-labial-ladrome-300x300.jpg","_links":{"self":[{"href":"https:\/\/www.lifenatura.com\/es\/wp-json\/wp\/v2\/product\/77953","targetHints":{"allow":["GET"]}}],"collection":[{"href":"https:\/\/www.lifenatura.com\/es\/wp-json\/wp\/v2\/product"}],"about":[{"href":"https:\/\/www.lifenatura.com\/es\/wp-json\/wp\/v2\/types\/product"}],"wp:featuredmedia":[{"embeddable":true,"href":"https:\/\/www.lifenatura.com\/es\/wp-json\/wp\/v2\/media\/77962"}],"wp:attachment":[{"href":"https:\/\/www.lifenatura.com\/es\/wp-json\/wp\/v2\/media?parent=77953"}],"wp:term":[{"taxonomy":"product_brand","embeddable":true,"href":"https:\/\/www.lifenatura.com\/es\/wp-json\/wp\/v2\/product_brand?post=77953"},{"taxonomy":"product_cat","embeddable":true,"href":"https:\/\/www.lifenatura.com\/es\/wp-json\/wp\/v2\/product_cat?post=77953"},{"taxonomy":"product_tag","embeddable":true,"href":"https:\/\/www.lifenatura.com\/es\/wp-json\/wp\/v2\/product_tag?post=77953"}],"curies":[{"name":"wp","href":"https:\/\/api.w.org\/{rel}","templated":true}]}}