{"id":77463,"date":"2023-09-21T16:50:42","date_gmt":"2023-09-21T16:50:42","guid":{"rendered":"https:\/\/www.lifenatura.com\/?post_type=product&#038;p=77463"},"modified":"2023-10-11T11:00:02","modified_gmt":"2023-10-11T11:00:02","slug":"aceite-esencial-de-incienso-bio-5-ml-ladrome","status":"publish","type":"product","link":"https:\/\/www.lifenatura.com\/es\/produto\/aceite-esencial-de-incienso-bio-5-ml-ladrome\/","title":{"rendered":"Aceite Esencial de Incienso bio 5 ml &#8211; Ladr\u00f4me"},"content":{"rendered":"<h2 style=\"text-align: left\"><strong>Aceite Esencial de Incienso-Ol\u00edbano<\/strong><\/h2>\n<p>&nbsp;<\/p>\n<p>El \u00e1rbol del incienso es un arbusto de 3 a 5 metros de altura que se encuentra en las regiones \u00e1ridas de \u00c1frica y Arabia. Tiene flores de color blanco amarillento, que aparecen en las axilas de las ramas, y su fruto es una c\u00e1psula.<\/p>\n<p>De las profundas incisiones practicadas en su tronco se obtiene una resina blanca que se solidifica en contacto con el aire y cae al suelo en forma de peque\u00f1as masas llamadas &#8220;l\u00e1grimas&#8221;.<\/p>\n<p>El humo de la combusti\u00f3n de esta resina se utiliza en muchas ceremonias religiosas, as\u00ed como en meditaci\u00f3n, ya que favorece la reflexi\u00f3n y la contemplaci\u00f3n, facilitando el trabajo sobre uno mismo.<\/p>\n<p>En aromaterapia, el aceite esencial obtenido de la destilaci\u00f3n de la resina, tambi\u00e9n conocido como incienso africano, incienso \u00e1rabe u ol\u00edbano, tiene propiedades antiinflamatorias, ansiol\u00edticas y antidepresivas. Ayuda a despejar las v\u00edas respiratorias y aumenta la resistencia natural del organismo.<\/p>\n<p>Tambi\u00e9n es un excelente regenerador de la piel seca, cicatrizada y envejecida. Su acci\u00f3n antienvejecimiento se conoce desde la \u00e9poca de los egipcios, que utilizaban el incienso en sus mascarillas rejuvenecedoras. Tambi\u00e9n se utiliza como fijador en perfumer\u00eda.<\/p>\n<p><strong>PROPIEDADES TERAP\u00c9UTICAS<\/strong><\/p>\n<p>Inmunoestimulante, Expectorante, Antis\u00e9ptico, Anticatarral, Antiinflamatorio.<br \/>\nAstringente, Cicatrizante, Antis\u00e9ptico, Antiinflamatorio, Regenerador.<br \/>\nSedante, Antidepresivo, Armonizador del sistema nervioso central, Relajante, Favorece la elevaci\u00f3n espiritual.<\/p>\n<p><strong>PRINCIPALES INDICACIONES<\/strong><\/p>\n<p>Bronquitis catarral o asm\u00e1tica, Exceso de mucosidad, Laringitis, Inmunodeficiencia, Ayuda contra el c\u00e1ncer.<br \/>\nHeridas, \u00falceras, acn\u00e9, arrugas, envejecimiento cut\u00e1neo.<br \/>\nAnsiedad, Nerviosismo, Agitaci\u00f3n, Estr\u00e9s, Indecisi\u00f3n, Depresi\u00f3n, Pesadillas, Meditaci\u00f3n, Reflexi\u00f3n.<\/p>\n<p><strong>PRESENTACI\u00d3N<\/strong><\/p>\n<p>5 ml<\/p>\n<p>&nbsp;<\/p>\n","protected":false},"excerpt":{"rendered":"<p>El Aceite Esencial de Incienso est\u00e1 indicado para estimular el psiquismo y favorecer la elevaci\u00f3n espiritual, as\u00ed como la resistencia del organismo. [&#8230;]<\/p>\n<p><a class=\"btn btn-secondary understrap-read-more-link\" href=\"https:\/\/www.lifenatura.com\/es\/produto\/aceite-esencial-de-incienso-bio-5-ml-ladrome\/\">Leer m\u00e1s&#8230;<span class=\"screen-reader-text\"> from Aceite Esencial de Incienso bio 5 ml &#8211; Ladr\u00f4me<\/span><\/a><\/p>\n","protected":false},"featured_media":77570,"template":"","meta":{"_acf_changed":false},"product_brand":[8338],"product_cat":[7201,7179],"product_tag":[],"class_list":{"0":"post-77463","1":"product","2":"type-product","3":"status-publish","4":"has-post-thumbnail","6":"product_brand-ladrome-es","7":"product_cat-aromaterapia-salud","8":"product_cat-salud","10":"first","11":"instock","12":"shipping-taxable","13":"purchasable","14":"product-type-simple","15":"add-to-wishlist-before_image"},"acf":[],"yoast_head":"<!-- This site is optimized with the Yoast SEO Premium plugin v27.1 (Yoast SEO v27.3) - https:\/\/yoast.com\/product\/yoast-seo-premium-wordpress\/ -->\n<title>Aceite Esencial de Incienso bio 5 ml - Ladr\u00f4me - Lifenatura<\/title>\n<meta name=\"description\" content=\"El Aceite Esencial de Incienso est\u00e1 indicado para estimular el psiquismo y favorecer la elevaci\u00f3n espiritual, as\u00ed como la resistencia del organismo.\" \/>\n<meta name=\"robots\" content=\"index, follow, max-snippet:-1, max-image-preview:large, max-video-preview:-1\" \/>\n<link rel=\"canonical\" href=\"https:\/\/www.lifenatura.com\/es\/produto\/aceite-esencial-de-incienso-bio-5-ml-ladrome\/\" \/>\n<meta property=\"og:locale\" content=\"es_ES\" \/>\n<meta property=\"og:type\" content=\"article\" \/>\n<meta property=\"og:title\" content=\"Aceite Esencial de Incienso bio 5 ml - Ladr\u00f4me - Lifenatura\" \/>\n<meta property=\"og:description\" content=\"Compre aqui o seu Aceite Esencial de Incienso bio 5 ml - Ladr\u00f4me e a Lifenatura Online envia em 48 H com Portes Gratis &gt;35\u20ac de Pedido.\" \/>\n<meta property=\"og:url\" content=\"https:\/\/www.lifenatura.com\/es\/produto\/aceite-esencial-de-incienso-bio-5-ml-ladrome\/\" \/>\n<meta property=\"og:site_name\" content=\"Lifenatura\" \/>\n<meta property=\"article:publisher\" content=\"https:\/\/www.facebook.com\/lifenatura\" \/>\n<meta property=\"article:modified_time\" content=\"2023-10-11T11:00:02+00:00\" \/>\n<meta property=\"og:image\" content=\"https:\/\/www.lifenatura.com\/wp-content\/uploads\/2023\/09\/oleo-essencial-incenso-5ml-ladrome.jpg\" \/>\n\t<meta property=\"og:image:width\" content=\"1000\" \/>\n\t<meta property=\"og:image:height\" content=\"1000\" \/>\n\t<meta property=\"og:image:type\" content=\"image\/jpeg\" \/>\n<meta name=\"twitter:card\" content=\"summary_large_image\" \/>\n<meta name=\"twitter:label1\" content=\"Precio\" \/>\n\t<meta name=\"twitter:data1\" content=\"15,53&nbsp;&euro;\" \/>\n\t<meta name=\"twitter:label2\" content=\"Disponibilidad\" \/>\n\t<meta name=\"twitter:data2\" content=\"Disponible\" \/>\n<meta property=\"product:price:amount\" content=\"15.53\" \/>\n<meta property=\"product:price:currency\" content=\"EUR\" \/>\n<meta property=\"og:availability\" content=\"instock\" \/>\n<meta property=\"product:availability\" content=\"instock\" \/>\n<meta property=\"product:retailer_item_id\" content=\"3486330112694\" \/>\n<meta property=\"product:condition\" content=\"new\" \/>\n<!-- \/ Yoast SEO Premium plugin. -->","yoast_head_json":{"title":"Aceite Esencial de Incienso bio 5 ml - Ladr\u00f4me - Lifenatura","description":"El Aceite Esencial de Incienso est\u00e1 indicado para estimular el psiquismo y favorecer la elevaci\u00f3n espiritual, as\u00ed como la resistencia del organismo.","robots":{"index":"index","follow":"follow","max-snippet":"max-snippet:-1","max-image-preview":"max-image-preview:large","max-video-preview":"max-video-preview:-1"},"canonical":"https:\/\/www.lifenatura.com\/es\/produto\/aceite-esencial-de-incienso-bio-5-ml-ladrome\/","og_locale":"es_ES","og_type":"article","og_title":"Aceite Esencial de Incienso bio 5 ml - Ladr\u00f4me - Lifenatura","og_description":"Compre aqui o seu Aceite Esencial de Incienso bio 5 ml - Ladr\u00f4me e a Lifenatura Online envia em 48 H com Portes Gratis >35\u20ac de Pedido.","og_url":"https:\/\/www.lifenatura.com\/es\/produto\/aceite-esencial-de-incienso-bio-5-ml-ladrome\/","og_site_name":"Lifenatura","article_publisher":"https:\/\/www.facebook.com\/lifenatura","article_modified_time":"2023-10-11T11:00:02+00:00","og_image":[{"width":1000,"height":1000,"url":"https:\/\/www.lifenatura.com\/wp-content\/uploads\/2023\/09\/oleo-essencial-incenso-5ml-ladrome.jpg","type":"image\/jpeg"}],"twitter_card":"summary_large_image","twitter_misc":{"Precio":"15,53&nbsp;&euro;","Disponibilidad":"Disponible"},"schema":{"@context":"https:\/\/schema.org","@graph":[{"@type":"WebPage","@id":"https:\/\/www.lifenatura.com\/es\/produto\/aceite-esencial-de-incienso-bio-5-ml-ladrome\/","url":"https:\/\/www.lifenatura.com\/es\/produto\/aceite-esencial-de-incienso-bio-5-ml-ladrome\/","name":"Aceite Esencial de Incienso bio 5 ml - Ladr\u00f4me - Lifenatura","isPartOf":{"@id":"https:\/\/www.lifenatura.com\/es\/#website"},"primaryImageOfPage":{"@id":"https:\/\/www.lifenatura.com\/es\/produto\/aceite-esencial-de-incienso-bio-5-ml-ladrome\/#primaryimage"},"image":{"@id":"https:\/\/www.lifenatura.com\/es\/produto\/aceite-esencial-de-incienso-bio-5-ml-ladrome\/#primaryimage"},"thumbnailUrl":"https:\/\/www.lifenatura.com\/wp-content\/uploads\/2023\/09\/oleo-essencial-incenso-5ml-ladrome.jpg","datePublished":"2023-09-21T16:50:42+00:00","dateModified":"2023-10-11T11:00:02+00:00","description":"El Aceite Esencial de Incienso est\u00e1 indicado para estimular el psiquismo y favorecer la elevaci\u00f3n espiritual, as\u00ed como la resistencia del organismo.","breadcrumb":{"@id":"https:\/\/www.lifenatura.com\/es\/produto\/aceite-esencial-de-incienso-bio-5-ml-ladrome\/#breadcrumb"},"inLanguage":"es","potentialAction":[{"@type":"ReadAction","target":["https:\/\/www.lifenatura.com\/es\/produto\/aceite-esencial-de-incienso-bio-5-ml-ladrome\/"]}]},{"@type":"ImageObject","inLanguage":"es","@id":"https:\/\/www.lifenatura.com\/es\/produto\/aceite-esencial-de-incienso-bio-5-ml-ladrome\/#primaryimage","url":"https:\/\/www.lifenatura.com\/wp-content\/uploads\/2023\/09\/oleo-essencial-incenso-5ml-ladrome.jpg","contentUrl":"https:\/\/www.lifenatura.com\/wp-content\/uploads\/2023\/09\/oleo-essencial-incenso-5ml-ladrome.jpg","width":1000,"height":1000,"caption":"\u00d3leo Essencial Incenso 5 ml - Ladr\u00f4me"},{"@type":"BreadcrumbList","@id":"https:\/\/www.lifenatura.com\/es\/produto\/aceite-esencial-de-incienso-bio-5-ml-ladrome\/#breadcrumb","itemListElement":[{"@type":"ListItem","position":1,"name":"In\u00edcio","item":"https:\/\/www.lifenatura.com\/es\/"},{"@type":"ListItem","position":2,"name":"Todos los Productos","item":"https:\/\/www.lifenatura.com\/es\/tienda\/"},{"@type":"ListItem","position":3,"name":"Aceite Esencial de Incienso bio 5 ml &#8211; Ladr\u00f4me"}]},{"@type":"WebSite","@id":"https:\/\/www.lifenatura.com\/es\/#website","url":"https:\/\/www.lifenatura.com\/es\/","name":"Lifenatura","description":"A Lifenatura \u00e9 uma loja de produtos naturais, cosm\u00e9tica natural e alimenta\u00e7\u00e3o Biol\u00f3gica.","publisher":{"@id":"https:\/\/www.lifenatura.com\/es\/#organization"},"potentialAction":[{"@type":"SearchAction","target":{"@type":"EntryPoint","urlTemplate":"https:\/\/www.lifenatura.com\/es\/?s={search_term_string}"},"query-input":{"@type":"PropertyValueSpecification","valueRequired":true,"valueName":"search_term_string"}}],"inLanguage":"es"},{"@type":"Organization","@id":"https:\/\/www.lifenatura.com\/es\/#organization","name":"Lifenatura","url":"https:\/\/www.lifenatura.com\/es\/","logo":{"@type":"ImageObject","inLanguage":"es","@id":"https:\/\/www.lifenatura.com\/es\/#\/schema\/logo\/image\/","url":"https:\/\/www.lifenatura.com\/wp-content\/uploads\/2021\/11\/logo.png","contentUrl":"https:\/\/www.lifenatura.com\/wp-content\/uploads\/2021\/11\/logo.png","width":175,"height":55,"caption":"Lifenatura"},"image":{"@id":"https:\/\/www.lifenatura.com\/es\/#\/schema\/logo\/image\/"},"sameAs":["https:\/\/www.facebook.com\/lifenatura","https:\/\/www.instagram.com\/lifenaturapt\/"]}]},"product_price_amount":"15.53","product_price_currency":"EUR","og_availability":"instock","product_availability":"instock","product_retailer_item_id":"3486330112694","product_condition":"new"},"df_price":15.53,"df_sale_price":"","df_regular_price":15.53,"df_image_link":"https:\/\/www.lifenatura.com\/wp-content\/uploads\/2023\/09\/oleo-essencial-incenso-5ml-ladrome-300x300.jpg","_links":{"self":[{"href":"https:\/\/www.lifenatura.com\/es\/wp-json\/wp\/v2\/product\/77463","targetHints":{"allow":["GET"]}}],"collection":[{"href":"https:\/\/www.lifenatura.com\/es\/wp-json\/wp\/v2\/product"}],"about":[{"href":"https:\/\/www.lifenatura.com\/es\/wp-json\/wp\/v2\/types\/product"}],"wp:featuredmedia":[{"embeddable":true,"href":"https:\/\/www.lifenatura.com\/es\/wp-json\/wp\/v2\/media\/77570"}],"wp:attachment":[{"href":"https:\/\/www.lifenatura.com\/es\/wp-json\/wp\/v2\/media?parent=77463"}],"wp:term":[{"taxonomy":"product_brand","embeddable":true,"href":"https:\/\/www.lifenatura.com\/es\/wp-json\/wp\/v2\/product_brand?post=77463"},{"taxonomy":"product_cat","embeddable":true,"href":"https:\/\/www.lifenatura.com\/es\/wp-json\/wp\/v2\/product_cat?post=77463"},{"taxonomy":"product_tag","embeddable":true,"href":"https:\/\/www.lifenatura.com\/es\/wp-json\/wp\/v2\/product_tag?post=77463"}],"curies":[{"name":"wp","href":"https:\/\/api.w.org\/{rel}","templated":true}]}}