{"id":77382,"date":"2023-09-21T16:51:15","date_gmt":"2023-09-21T16:51:15","guid":{"rendered":"https:\/\/www.lifenatura.com\/?post_type=product&#038;p=77382"},"modified":"2023-10-10T09:04:42","modified_gmt":"2023-10-10T09:04:42","slug":"aceite-esencial-mejorana-bio-10-ml-ladrome","status":"publish","type":"product","link":"https:\/\/www.lifenatura.com\/es\/produto\/aceite-esencial-mejorana-bio-10-ml-ladrome\/","title":{"rendered":"Aceite Esencial Mejorana Bio 10 ml &#8211; Ladr\u00f4me"},"content":{"rendered":"<h2 style=\"text-align: left\"><strong>Aceite esencial de Mejorana<\/strong><\/h2>\n<p>&nbsp;<\/p>\n<p>Originaria de Oriente, la mejorana se cultiva ampliamente en toda la cuenca mediterr\u00e1nea. Es una planta perenne de unos 20 a 60 cm de altura, de tallos cuadrados con hojas ovaladas de color verde oscuro y flores blanquecinas agrupadas en apretadas inflorescencias, que prospera en zonas secas y \u00e1ridas.<\/p>\n<p>Toda la planta es arom\u00e1tica y desprende un olor agradable. No debe confundirse con la mejorana silvestre u or\u00e9gano silvestre (Origanum vulgare) ni con la mejorana silvestre o tomillo espa\u00f1ol (Thymus mastichina).<\/p>\n<p>El aceite esencial obtenido de las partes a\u00e9reas floridas de la mejorana es de color amarillo p\u00e1lido con un aroma dulce y ligeramente alcanforado. En aromaterapia, este aceite es antiespasm\u00f3dico, antibacteriano, antiulceroso, equilibrante, t\u00f3nico nervioso y calmante.<\/p>\n<p>Act\u00faa como antidepresivo, ansiol\u00edtico, sedante, hipotensor, anafrodis\u00edaco, estimulante g\u00e1strico, analg\u00e9sico, antimicrobiano y antis\u00e9ptico. En difusi\u00f3n favorece la relajaci\u00f3n y purifica el aire ambiente.<\/p>\n<p>En el campo de la olfatoterapia psicoenerg\u00e9tica, se utiliza en sinergias para ayudar a las personas a abandonar sus adicciones, tanto f\u00edsicas como mentales. En cocina, siempre se ha utilizado para aromatizar las recetas m\u00e1s diversas.<\/p>\n<p><strong>PROPIEDADES TERAP\u00c9UTICAS<\/strong><\/p>\n<ul>\n<li>Parasimpaticomim\u00e9tico: Sedante, Descontracturante, Vasodilatador, Hipotensor,<\/li>\n<li>Anafrodis\u00edaco; Neurot\u00f3nico, Antiepil\u00e9ptico, Antitiroideo.<\/li>\n<li>T\u00f3nico digestivo, Estomacal, Laxante, Antiespasm\u00f3dico.<\/li>\n<li>Analg\u00e9sico, Antiespasm\u00f3dico.<\/li>\n<li>Antimicrobiano (Antibacteriano, Antimic\u00f3tico), Antis\u00e9ptico.<\/li>\n<\/ul>\n<p><strong>PRINCIPALES INDICACIONES<\/strong><\/p>\n<ul>\n<li>Nerviosismo, Agitaci\u00f3n, Excitaci\u00f3n, Insomnio nervioso, Ansiedad, Angustia, Estr\u00e9s de examen, Neurastenia, Obsesi\u00f3n sexual, Erectismo genital, Epilepsia, Espasmofilia, Diston\u00eda neurovegetativa (S\u00edntomas relacionados con el estr\u00e9s): Cefaleas nerviosas \/ Hipertensi\u00f3n, Erectismo card\u00edaco, Palpitaciones, Arritmias \/ Disnea nerviosa, Bronquitis nerviosa \/ Hipertiroidismo (s\u00edntomas) \/ \u00dalceras gastroduodenales, Hiperclorhidria, Gastralgia, Colitis esp\u00e1stica \/ Tensi\u00f3n menstrual.<\/li>\n<li>Aton\u00eda digestiva, Inapetencia, Indigesti\u00f3n, Dispepsia, Meteorismo, Flatulencia, Estre\u00f1imiento.<\/li>\n<li>Artrosis &#8211; Artritis &#8211; Dolores y calambres musculares &#8211; Lumbago<\/li>\n<li>Infecciones respiratorias (rinitis, rinofaringitis, sinusitis, bronquitis, otitis, tos ferina), Infecciones digestivas (estomatitis, aftas, enterocolitis, colitis infecciosa).<\/li>\n<\/ul>\n<p><strong>ADVERTENCIAS<\/strong><\/p>\n<p>10 ml<\/p>\n<p>&nbsp;<\/p>\n","protected":false},"excerpt":{"rendered":"<p>El Aceite Esencial de Mejorana est\u00e1 indicado para aliviar dolores musculares, calambres y contracturas y tambi\u00e9n para infecciones respiratorias. [&#8230;]<\/p>\n<p><a class=\"btn btn-secondary understrap-read-more-link\" href=\"https:\/\/www.lifenatura.com\/es\/produto\/aceite-esencial-mejorana-bio-10-ml-ladrome\/\">Leer m\u00e1s&#8230;<span class=\"screen-reader-text\"> from Aceite Esencial Mejorana Bio 10 ml &#8211; Ladr\u00f4me<\/span><\/a><\/p>\n","protected":false},"featured_media":77498,"template":"","meta":{"_acf_changed":false},"product_brand":[8338],"product_cat":[7201,7179],"product_tag":[],"class_list":{"0":"post-77382","1":"product","2":"type-product","3":"status-publish","4":"has-post-thumbnail","6":"product_brand-ladrome-es","7":"product_cat-aromaterapia-salud","8":"product_cat-salud","10":"first","11":"outofstock","12":"shipping-taxable","13":"purchasable","14":"product-type-simple","15":"add-to-wishlist-before_image"},"acf":[],"yoast_head":"<!-- This site is optimized with the Yoast SEO Premium plugin v27.1 (Yoast SEO v27.4) - https:\/\/yoast.com\/product\/yoast-seo-premium-wordpress\/ -->\n<title>Aceite Esencial Mejorana Bio 10 ml - Ladr\u00f4me - Lifenatura<\/title>\n<meta name=\"description\" content=\"El Aceite Esencial de Mejorana est\u00e1 indicado para aliviar dolores musculares, calambres y contracturas y tambi\u00e9n para infecciones respiratorias.\" \/>\n<meta name=\"robots\" content=\"index, follow, max-snippet:-1, max-image-preview:large, max-video-preview:-1\" \/>\n<link rel=\"canonical\" href=\"https:\/\/www.lifenatura.com\/es\/produto\/aceite-esencial-mejorana-bio-10-ml-ladrome\/\" \/>\n<meta property=\"og:locale\" content=\"es_ES\" \/>\n<meta property=\"og:type\" content=\"article\" \/>\n<meta property=\"og:title\" content=\"Aceite Esencial Mejorana Bio 10 ml - Ladr\u00f4me - Lifenatura\" \/>\n<meta property=\"og:description\" content=\"Compre aqui o seu Aceite Esencial Mejorana Bio 10 ml - Ladr\u00f4me e a Lifenatura Online envia em 48 H com Portes Gratis &gt;35\u20ac de Pedido.\" \/>\n<meta property=\"og:url\" content=\"https:\/\/www.lifenatura.com\/es\/produto\/aceite-esencial-mejorana-bio-10-ml-ladrome\/\" \/>\n<meta property=\"og:site_name\" content=\"Lifenatura\" \/>\n<meta property=\"article:publisher\" content=\"https:\/\/www.facebook.com\/lifenatura\" \/>\n<meta property=\"article:modified_time\" content=\"2023-10-10T09:04:42+00:00\" \/>\n<meta property=\"og:image\" content=\"https:\/\/www.lifenatura.com\/wp-content\/uploads\/2023\/09\/oleo-essencial-manjerona-10ml-ladrome.jpg\" \/>\n\t<meta property=\"og:image:width\" content=\"1000\" \/>\n\t<meta property=\"og:image:height\" content=\"1000\" \/>\n\t<meta property=\"og:image:type\" content=\"image\/jpeg\" \/>\n<meta name=\"twitter:card\" content=\"summary_large_image\" \/>\n<meta name=\"twitter:label1\" content=\"Precio\" \/>\n\t<meta name=\"twitter:data1\" content=\"19,38&nbsp;&euro;\" \/>\n\t<meta name=\"twitter:label2\" content=\"Disponibilidad\" \/>\n\t<meta name=\"twitter:data2\" content=\"Sin existencias\" \/>\n<meta property=\"product:price:amount\" content=\"19.38\" \/>\n<meta property=\"product:price:currency\" content=\"EUR\" \/>\n<meta property=\"og:availability\" content=\"out of stock\" \/>\n<meta property=\"product:availability\" content=\"out of stock\" \/>\n<meta property=\"product:retailer_item_id\" content=\"3486330017982\" \/>\n<meta property=\"product:condition\" content=\"new\" \/>\n<!-- \/ Yoast SEO Premium plugin. -->","yoast_head_json":{"title":"Aceite Esencial Mejorana Bio 10 ml - Ladr\u00f4me - Lifenatura","description":"El Aceite Esencial de Mejorana est\u00e1 indicado para aliviar dolores musculares, calambres y contracturas y tambi\u00e9n para infecciones respiratorias.","robots":{"index":"index","follow":"follow","max-snippet":"max-snippet:-1","max-image-preview":"max-image-preview:large","max-video-preview":"max-video-preview:-1"},"canonical":"https:\/\/www.lifenatura.com\/es\/produto\/aceite-esencial-mejorana-bio-10-ml-ladrome\/","og_locale":"es_ES","og_type":"article","og_title":"Aceite Esencial Mejorana Bio 10 ml - Ladr\u00f4me - Lifenatura","og_description":"Compre aqui o seu Aceite Esencial Mejorana Bio 10 ml - Ladr\u00f4me e a Lifenatura Online envia em 48 H com Portes Gratis >35\u20ac de Pedido.","og_url":"https:\/\/www.lifenatura.com\/es\/produto\/aceite-esencial-mejorana-bio-10-ml-ladrome\/","og_site_name":"Lifenatura","article_publisher":"https:\/\/www.facebook.com\/lifenatura","article_modified_time":"2023-10-10T09:04:42+00:00","og_image":[{"width":1000,"height":1000,"url":"https:\/\/www.lifenatura.com\/wp-content\/uploads\/2023\/09\/oleo-essencial-manjerona-10ml-ladrome.jpg","type":"image\/jpeg"}],"twitter_card":"summary_large_image","twitter_misc":{"Precio":"19,38&nbsp;&euro;","Disponibilidad":"Sin existencias"},"schema":{"@context":"https:\/\/schema.org","@graph":[{"@type":"WebPage","@id":"https:\/\/www.lifenatura.com\/es\/produto\/aceite-esencial-mejorana-bio-10-ml-ladrome\/","url":"https:\/\/www.lifenatura.com\/es\/produto\/aceite-esencial-mejorana-bio-10-ml-ladrome\/","name":"Aceite Esencial Mejorana Bio 10 ml - Ladr\u00f4me - Lifenatura","isPartOf":{"@id":"https:\/\/www.lifenatura.com\/es\/#website"},"primaryImageOfPage":{"@id":"https:\/\/www.lifenatura.com\/es\/produto\/aceite-esencial-mejorana-bio-10-ml-ladrome\/#primaryimage"},"image":{"@id":"https:\/\/www.lifenatura.com\/es\/produto\/aceite-esencial-mejorana-bio-10-ml-ladrome\/#primaryimage"},"thumbnailUrl":"https:\/\/www.lifenatura.com\/wp-content\/uploads\/2023\/09\/oleo-essencial-manjerona-10ml-ladrome.jpg","datePublished":"2023-09-21T16:51:15+00:00","dateModified":"2023-10-10T09:04:42+00:00","description":"El Aceite Esencial de Mejorana est\u00e1 indicado para aliviar dolores musculares, calambres y contracturas y tambi\u00e9n para infecciones respiratorias.","breadcrumb":{"@id":"https:\/\/www.lifenatura.com\/es\/produto\/aceite-esencial-mejorana-bio-10-ml-ladrome\/#breadcrumb"},"inLanguage":"es","potentialAction":[{"@type":"ReadAction","target":["https:\/\/www.lifenatura.com\/es\/produto\/aceite-esencial-mejorana-bio-10-ml-ladrome\/"]}]},{"@type":"ImageObject","inLanguage":"es","@id":"https:\/\/www.lifenatura.com\/es\/produto\/aceite-esencial-mejorana-bio-10-ml-ladrome\/#primaryimage","url":"https:\/\/www.lifenatura.com\/wp-content\/uploads\/2023\/09\/oleo-essencial-manjerona-10ml-ladrome.jpg","contentUrl":"https:\/\/www.lifenatura.com\/wp-content\/uploads\/2023\/09\/oleo-essencial-manjerona-10ml-ladrome.jpg","width":1000,"height":1000,"caption":"\u00d3leo Essencial Manjerona 10 ml - Ladr\u00f4me"},{"@type":"BreadcrumbList","@id":"https:\/\/www.lifenatura.com\/es\/produto\/aceite-esencial-mejorana-bio-10-ml-ladrome\/#breadcrumb","itemListElement":[{"@type":"ListItem","position":1,"name":"In\u00edcio","item":"https:\/\/www.lifenatura.com\/es\/"},{"@type":"ListItem","position":2,"name":"Todos los Productos","item":"https:\/\/www.lifenatura.com\/es\/tienda\/"},{"@type":"ListItem","position":3,"name":"Aceite Esencial Mejorana Bio 10 ml &#8211; Ladr\u00f4me"}]},{"@type":"WebSite","@id":"https:\/\/www.lifenatura.com\/es\/#website","url":"https:\/\/www.lifenatura.com\/es\/","name":"Lifenatura","description":"A Lifenatura \u00e9 uma loja de produtos naturais, cosm\u00e9tica natural e alimenta\u00e7\u00e3o Biol\u00f3gica.","publisher":{"@id":"https:\/\/www.lifenatura.com\/es\/#organization"},"potentialAction":[{"@type":"SearchAction","target":{"@type":"EntryPoint","urlTemplate":"https:\/\/www.lifenatura.com\/es\/?s={search_term_string}"},"query-input":{"@type":"PropertyValueSpecification","valueRequired":true,"valueName":"search_term_string"}}],"inLanguage":"es"},{"@type":"Organization","@id":"https:\/\/www.lifenatura.com\/es\/#organization","name":"Lifenatura","url":"https:\/\/www.lifenatura.com\/es\/","logo":{"@type":"ImageObject","inLanguage":"es","@id":"https:\/\/www.lifenatura.com\/es\/#\/schema\/logo\/image\/","url":"https:\/\/www.lifenatura.com\/wp-content\/uploads\/2021\/11\/logo.png","contentUrl":"https:\/\/www.lifenatura.com\/wp-content\/uploads\/2021\/11\/logo.png","width":175,"height":55,"caption":"Lifenatura"},"image":{"@id":"https:\/\/www.lifenatura.com\/es\/#\/schema\/logo\/image\/"},"sameAs":["https:\/\/www.facebook.com\/lifenatura","https:\/\/www.instagram.com\/lifenaturapt\/"]}]},"product_price_amount":"19.38","product_price_currency":"EUR","og_availability":"out of stock","product_availability":"out of stock","product_retailer_item_id":"3486330017982","product_condition":"new"},"df_price":19.38,"df_sale_price":"","df_regular_price":19.38,"df_image_link":"https:\/\/www.lifenatura.com\/wp-content\/uploads\/2023\/09\/oleo-essencial-manjerona-10ml-ladrome-300x300.jpg","_links":{"self":[{"href":"https:\/\/www.lifenatura.com\/es\/wp-json\/wp\/v2\/product\/77382","targetHints":{"allow":["GET"]}}],"collection":[{"href":"https:\/\/www.lifenatura.com\/es\/wp-json\/wp\/v2\/product"}],"about":[{"href":"https:\/\/www.lifenatura.com\/es\/wp-json\/wp\/v2\/types\/product"}],"wp:featuredmedia":[{"embeddable":true,"href":"https:\/\/www.lifenatura.com\/es\/wp-json\/wp\/v2\/media\/77498"}],"wp:attachment":[{"href":"https:\/\/www.lifenatura.com\/es\/wp-json\/wp\/v2\/media?parent=77382"}],"wp:term":[{"taxonomy":"product_brand","embeddable":true,"href":"https:\/\/www.lifenatura.com\/es\/wp-json\/wp\/v2\/product_brand?post=77382"},{"taxonomy":"product_cat","embeddable":true,"href":"https:\/\/www.lifenatura.com\/es\/wp-json\/wp\/v2\/product_cat?post=77382"},{"taxonomy":"product_tag","embeddable":true,"href":"https:\/\/www.lifenatura.com\/es\/wp-json\/wp\/v2\/product_tag?post=77382"}],"curies":[{"name":"wp","href":"https:\/\/api.w.org\/{rel}","templated":true}]}}