{"id":76402,"date":"2023-09-21T16:51:02","date_gmt":"2023-09-21T16:51:02","guid":{"rendered":"https:\/\/www.lifenatura.com\/?post_type=product&#038;p=76402"},"modified":"2023-09-29T10:44:40","modified_gmt":"2023-09-29T10:44:40","slug":"aceite-esencial-de-litsea-bio-10-ml-ladrome","status":"publish","type":"product","link":"https:\/\/www.lifenatura.com\/es\/produto\/aceite-esencial-de-litsea-bio-10-ml-ladrome\/","title":{"rendered":"Aceite Esencial de Litsea Bio 10 ml &#8211; Ladr\u00f4me"},"content":{"rendered":"<h2 style=\"text-align: left\"><strong>Aceite esencial de Litsea<\/strong><\/h2>\n<p>&nbsp;<\/p>\n<p>La litsea, conocida como Litsea citronada o verbena ex\u00f3tica, es un peque\u00f1o \u00e1rbol tropical de 5 a 12 metros de altura, con hojas y flores perfumadas con una dulce fragancia parecida a la hierba lim\u00f3n.<\/p>\n<p>Pertenece a la familia de las laur\u00e1ceas y es originario de las zonas meridionales de China (centro y este del r\u00edo Yangts\u00e9), Indonesia y Taiw\u00e1n, donde su uso es muy popular.<\/p>\n<p>Por ejemplo, las ra\u00edces y las ramas se emplean en la medicina tradicional china, y la madera se utiliza a veces para muebles o construcci\u00f3n. De sus bayas, parecidas a las guindillas, se extrae un aceite esencial con un agradable, fresco y dulce aroma a lim\u00f3n muy utilizado en la industria cosm\u00e9tica.<\/p>\n<p>En aromaterapia, este aceite tiene efectos notables en casos de depresi\u00f3n temporal. Sedante, antineur\u00e1lgico y armonizador endocrino, ayuda a disipar los pensamientos sombr\u00edos y negativos.<\/p>\n<p>Est\u00e1 especialmente recomendado para el estr\u00e9s, la ansiedad y la agitaci\u00f3n. Tambi\u00e9n es antiinflamatorio y analg\u00e9sico, y se recomienda su uso en casos de artrosis.<\/p>\n<p>Antis\u00e9ptico, astringente, bactericida, insecticida, purificante y refrescante, es un potente agente limpiador del medio ambiente y de la piel.<\/p>\n<p><strong>PROPIEDADES TERAP\u00c9UTICAS<\/strong><\/p>\n<ul>\n<li>Neuro-regulador: ansiol\u00edtico, sedante, t\u00f3nico general.<\/li>\n<li>Antiinflamatorio, analg\u00e9sico.<\/li>\n<li>Antiviral, antif\u00fangico, antis\u00e9ptico cut\u00e1neo, desodorante.<\/li>\n<li>Insecticida, Desodorante.<\/li>\n<\/ul>\n<p><strong>PRINCIPALES INDICACIONES<\/strong><\/p>\n<ul>\n<li>Ansiedad, Nerviosismo, Agitaci\u00f3n, Fatiga mental, Insomnio, Depresi\u00f3n, Falta de confianza en s\u00ed mismo, Dependencia de la nicotina (apoyo).<\/li>\n<li>Artrosis, Artritis, Neuralgia, Lumbago, Dolor muscular, Inflamaci\u00f3n.<\/li>\n<li>Herpes, Dermatosis, Candidiasis, Acn\u00e9, Piel grasa, Transpiraci\u00f3n excesiva.<\/li>\n<li>Repelente, Olores desagradables.<\/li>\n<\/ul>\n<p><strong>PRESENTACI\u00d3N<\/strong><\/p>\n<p>10 ml<\/p>\n<p>&nbsp;<\/p>\n","protected":false},"excerpt":{"rendered":"<p>El aceite esencial de Litsea se recomienda para la depresi\u00f3n, el estr\u00e9s, la agitaci\u00f3n, la fatiga mental y las dificultades para dormir. [&#8230;]<\/p>\n<p><a class=\"btn btn-secondary understrap-read-more-link\" href=\"https:\/\/www.lifenatura.com\/es\/produto\/aceite-esencial-de-litsea-bio-10-ml-ladrome\/\">Leer m\u00e1s&#8230;<span class=\"screen-reader-text\"> from Aceite Esencial de Litsea Bio 10 ml &#8211; Ladr\u00f4me<\/span><\/a><\/p>\n","protected":false},"featured_media":77505,"template":"","meta":{"_acf_changed":false},"product_brand":[8338],"product_cat":[7201,7179],"product_tag":[],"class_list":{"0":"post-76402","1":"product","2":"type-product","3":"status-publish","4":"has-post-thumbnail","6":"product_brand-ladrome-es","7":"product_cat-aromaterapia-salud","8":"product_cat-salud","10":"first","11":"instock","12":"sale","13":"shipping-taxable","14":"purchasable","15":"product-type-simple","16":"add-to-wishlist-before_image"},"acf":[],"yoast_head":"<!-- This site is optimized with the Yoast SEO Premium plugin v27.1 (Yoast SEO v27.4) - https:\/\/yoast.com\/product\/yoast-seo-premium-wordpress\/ -->\n<title>Aceite Esencial de Litsea Bio 10 ml - Ladr\u00f4me - Lifenatura<\/title>\n<meta name=\"description\" content=\"El aceite esencial de Litsea se recomienda para la depresi\u00f3n, el estr\u00e9s, la agitaci\u00f3n, la fatiga mental y las dificultades para dormir.\" \/>\n<meta name=\"robots\" content=\"index, follow, max-snippet:-1, max-image-preview:large, max-video-preview:-1\" \/>\n<link rel=\"canonical\" href=\"https:\/\/www.lifenatura.com\/es\/produto\/aceite-esencial-de-litsea-bio-10-ml-ladrome\/\" \/>\n<meta property=\"og:locale\" content=\"es_ES\" \/>\n<meta property=\"og:type\" content=\"article\" \/>\n<meta property=\"og:title\" content=\"Aceite Esencial de Litsea Bio 10 ml - Ladr\u00f4me - Lifenatura\" \/>\n<meta property=\"og:description\" content=\"Compre aqui o seu Aceite Esencial de Litsea Bio 10 ml - Ladr\u00f4me e a Lifenatura Online envia em 48 H com Portes Gratis &gt;35\u20ac de Pedido.\" \/>\n<meta property=\"og:url\" content=\"https:\/\/www.lifenatura.com\/es\/produto\/aceite-esencial-de-litsea-bio-10-ml-ladrome\/\" \/>\n<meta property=\"og:site_name\" content=\"Lifenatura\" \/>\n<meta property=\"article:publisher\" content=\"https:\/\/www.facebook.com\/lifenatura\" \/>\n<meta property=\"article:modified_time\" content=\"2023-09-29T10:44:40+00:00\" \/>\n<meta property=\"og:image\" content=\"https:\/\/www.lifenatura.com\/wp-content\/uploads\/2023\/09\/oleo-essencial-litsea-10ml-ladrome.jpg\" \/>\n\t<meta property=\"og:image:width\" content=\"1000\" \/>\n\t<meta property=\"og:image:height\" content=\"1000\" \/>\n\t<meta property=\"og:image:type\" content=\"image\/jpeg\" \/>\n<meta name=\"twitter:card\" content=\"summary_large_image\" \/>\n<meta name=\"twitter:label1\" content=\"Precio\" \/>\n\t<meta name=\"twitter:data1\" content=\"7,53&nbsp;&euro;\" \/>\n\t<meta name=\"twitter:label2\" content=\"Disponibilidad\" \/>\n\t<meta name=\"twitter:data2\" content=\"Disponible\" \/>\n<meta property=\"product:price:amount\" content=\"7.53\" \/>\n<meta property=\"product:price:currency\" content=\"EUR\" \/>\n<meta property=\"og:availability\" content=\"instock\" \/>\n<meta property=\"product:availability\" content=\"instock\" \/>\n<meta property=\"product:retailer_item_id\" content=\"3486330126868\" \/>\n<meta property=\"product:condition\" content=\"new\" \/>\n<!-- \/ Yoast SEO Premium plugin. -->","yoast_head_json":{"title":"Aceite Esencial de Litsea Bio 10 ml - Ladr\u00f4me - Lifenatura","description":"El aceite esencial de Litsea se recomienda para la depresi\u00f3n, el estr\u00e9s, la agitaci\u00f3n, la fatiga mental y las dificultades para dormir.","robots":{"index":"index","follow":"follow","max-snippet":"max-snippet:-1","max-image-preview":"max-image-preview:large","max-video-preview":"max-video-preview:-1"},"canonical":"https:\/\/www.lifenatura.com\/es\/produto\/aceite-esencial-de-litsea-bio-10-ml-ladrome\/","og_locale":"es_ES","og_type":"article","og_title":"Aceite Esencial de Litsea Bio 10 ml - Ladr\u00f4me - Lifenatura","og_description":"Compre aqui o seu Aceite Esencial de Litsea Bio 10 ml - Ladr\u00f4me e a Lifenatura Online envia em 48 H com Portes Gratis >35\u20ac de Pedido.","og_url":"https:\/\/www.lifenatura.com\/es\/produto\/aceite-esencial-de-litsea-bio-10-ml-ladrome\/","og_site_name":"Lifenatura","article_publisher":"https:\/\/www.facebook.com\/lifenatura","article_modified_time":"2023-09-29T10:44:40+00:00","og_image":[{"width":1000,"height":1000,"url":"https:\/\/www.lifenatura.com\/wp-content\/uploads\/2023\/09\/oleo-essencial-litsea-10ml-ladrome.jpg","type":"image\/jpeg"}],"twitter_card":"summary_large_image","twitter_misc":{"Precio":"7,53&nbsp;&euro;","Disponibilidad":"Disponible"},"schema":{"@context":"https:\/\/schema.org","@graph":[{"@type":"WebPage","@id":"https:\/\/www.lifenatura.com\/es\/produto\/aceite-esencial-de-litsea-bio-10-ml-ladrome\/","url":"https:\/\/www.lifenatura.com\/es\/produto\/aceite-esencial-de-litsea-bio-10-ml-ladrome\/","name":"Aceite Esencial de Litsea Bio 10 ml - Ladr\u00f4me - Lifenatura","isPartOf":{"@id":"https:\/\/www.lifenatura.com\/es\/#website"},"primaryImageOfPage":{"@id":"https:\/\/www.lifenatura.com\/es\/produto\/aceite-esencial-de-litsea-bio-10-ml-ladrome\/#primaryimage"},"image":{"@id":"https:\/\/www.lifenatura.com\/es\/produto\/aceite-esencial-de-litsea-bio-10-ml-ladrome\/#primaryimage"},"thumbnailUrl":"https:\/\/www.lifenatura.com\/wp-content\/uploads\/2023\/09\/oleo-essencial-litsea-10ml-ladrome.jpg","datePublished":"2023-09-21T16:51:02+00:00","dateModified":"2023-09-29T10:44:40+00:00","description":"El aceite esencial de Litsea se recomienda para la depresi\u00f3n, el estr\u00e9s, la agitaci\u00f3n, la fatiga mental y las dificultades para dormir.","breadcrumb":{"@id":"https:\/\/www.lifenatura.com\/es\/produto\/aceite-esencial-de-litsea-bio-10-ml-ladrome\/#breadcrumb"},"inLanguage":"es","potentialAction":[{"@type":"ReadAction","target":["https:\/\/www.lifenatura.com\/es\/produto\/aceite-esencial-de-litsea-bio-10-ml-ladrome\/"]}]},{"@type":"ImageObject","inLanguage":"es","@id":"https:\/\/www.lifenatura.com\/es\/produto\/aceite-esencial-de-litsea-bio-10-ml-ladrome\/#primaryimage","url":"https:\/\/www.lifenatura.com\/wp-content\/uploads\/2023\/09\/oleo-essencial-litsea-10ml-ladrome.jpg","contentUrl":"https:\/\/www.lifenatura.com\/wp-content\/uploads\/2023\/09\/oleo-essencial-litsea-10ml-ladrome.jpg","width":1000,"height":1000,"caption":"\u00d3leo Essencial Litsea 10 ml - Ladr\u00f4me"},{"@type":"BreadcrumbList","@id":"https:\/\/www.lifenatura.com\/es\/produto\/aceite-esencial-de-litsea-bio-10-ml-ladrome\/#breadcrumb","itemListElement":[{"@type":"ListItem","position":1,"name":"In\u00edcio","item":"https:\/\/www.lifenatura.com\/es\/"},{"@type":"ListItem","position":2,"name":"Todos los Productos","item":"https:\/\/www.lifenatura.com\/es\/tienda\/"},{"@type":"ListItem","position":3,"name":"Aceite Esencial de Litsea Bio 10 ml &#8211; Ladr\u00f4me"}]},{"@type":"WebSite","@id":"https:\/\/www.lifenatura.com\/es\/#website","url":"https:\/\/www.lifenatura.com\/es\/","name":"Lifenatura","description":"A Lifenatura \u00e9 uma loja de produtos naturais, cosm\u00e9tica natural e alimenta\u00e7\u00e3o Biol\u00f3gica.","publisher":{"@id":"https:\/\/www.lifenatura.com\/es\/#organization"},"potentialAction":[{"@type":"SearchAction","target":{"@type":"EntryPoint","urlTemplate":"https:\/\/www.lifenatura.com\/es\/?s={search_term_string}"},"query-input":{"@type":"PropertyValueSpecification","valueRequired":true,"valueName":"search_term_string"}}],"inLanguage":"es"},{"@type":"Organization","@id":"https:\/\/www.lifenatura.com\/es\/#organization","name":"Lifenatura","url":"https:\/\/www.lifenatura.com\/es\/","logo":{"@type":"ImageObject","inLanguage":"es","@id":"https:\/\/www.lifenatura.com\/es\/#\/schema\/logo\/image\/","url":"https:\/\/www.lifenatura.com\/wp-content\/uploads\/2021\/11\/logo.png","contentUrl":"https:\/\/www.lifenatura.com\/wp-content\/uploads\/2021\/11\/logo.png","width":175,"height":55,"caption":"Lifenatura"},"image":{"@id":"https:\/\/www.lifenatura.com\/es\/#\/schema\/logo\/image\/"},"sameAs":["https:\/\/www.facebook.com\/lifenatura","https:\/\/www.instagram.com\/lifenaturapt\/"]}]},"product_price_amount":"7.53","product_price_currency":"EUR","og_availability":"instock","product_availability":"instock","product_retailer_item_id":"3486330126868","product_condition":"new"},"df_price":7.53,"df_sale_price":7.53,"df_regular_price":8.37,"df_image_link":"https:\/\/www.lifenatura.com\/wp-content\/uploads\/2023\/09\/oleo-essencial-litsea-10ml-ladrome-300x300.jpg","_links":{"self":[{"href":"https:\/\/www.lifenatura.com\/es\/wp-json\/wp\/v2\/product\/76402","targetHints":{"allow":["GET"]}}],"collection":[{"href":"https:\/\/www.lifenatura.com\/es\/wp-json\/wp\/v2\/product"}],"about":[{"href":"https:\/\/www.lifenatura.com\/es\/wp-json\/wp\/v2\/types\/product"}],"wp:featuredmedia":[{"embeddable":true,"href":"https:\/\/www.lifenatura.com\/es\/wp-json\/wp\/v2\/media\/77505"}],"wp:attachment":[{"href":"https:\/\/www.lifenatura.com\/es\/wp-json\/wp\/v2\/media?parent=76402"}],"wp:term":[{"taxonomy":"product_brand","embeddable":true,"href":"https:\/\/www.lifenatura.com\/es\/wp-json\/wp\/v2\/product_brand?post=76402"},{"taxonomy":"product_cat","embeddable":true,"href":"https:\/\/www.lifenatura.com\/es\/wp-json\/wp\/v2\/product_cat?post=76402"},{"taxonomy":"product_tag","embeddable":true,"href":"https:\/\/www.lifenatura.com\/es\/wp-json\/wp\/v2\/product_tag?post=76402"}],"curies":[{"name":"wp","href":"https:\/\/api.w.org\/{rel}","templated":true}]}}