{"id":76399,"date":"2023-09-21T16:49:24","date_gmt":"2023-09-21T16:49:24","guid":{"rendered":"https:\/\/www.lifenatura.com\/?post_type=product&#038;p=76399"},"modified":"2023-09-29T10:01:40","modified_gmt":"2023-09-29T10:01:40","slug":"aceite-esencial-de-cistus-bio-10-ml-ladrome","status":"publish","type":"product","link":"https:\/\/www.lifenatura.com\/es\/produto\/aceite-esencial-de-cistus-bio-10-ml-ladrome\/","title":{"rendered":"Aceite Esencial de Cistus Bio 10 ml &#8211; Ladr\u00f4me"},"content":{"rendered":"<h2 style=\"text-align: left\"><strong>Aceite Esencial de Cistus<\/strong><\/h2>\n<p>&nbsp;<\/p>\n<p>El Cistus es un arbusto de hoja perenne que crece entre 1 y 2 metros de altura y prospera en los matorrales secos del Mediterr\u00e1neo.<\/p>\n<p>Sus hojas y ramas son viscosas y pegajosas, ya que est\u00e1n recubiertas de una goma resinosa arom\u00e1tica llamada &#8220;labdanum&#8221; o l\u00e1dano, que protege a la planta de la deshidrataci\u00f3n durante los calurosos meses de verano. Este arbusto tiene hermosas flores blancas, matizadas con peque\u00f1os toques de p\u00farpura.<\/p>\n<p>El aceite esencial extra\u00eddo de las ramas frondosas de este arbusto se utiliza tradicionalmente en aromaterapia, como cosm\u00e9tico, para favorecer la cicatrizaci\u00f3n de la piel da\u00f1ada, el cuidado de la piel madura (astringente, antiarrugas y reafirmante cut\u00e1neo) y como agente antihemorr\u00e1gico en el tratamiento de cortes y heridas.<\/p>\n<p>Tambi\u00e9n es un agente inmunoestimulante, antiv\u00edrico y antiinflamatorio con notables propiedades cicatrizantes, y se recomienda para todas las infecciones de origen v\u00edrico: mononucleosis, gripe, herpes z\u00f3ster, herpes, hepatitis y enteritis v\u00edrica.<\/p>\n<p>Utilizado en difusi\u00f3n, tiene un efecto relajante y regularizador del sistema nervioso, ayudando en casos de depresi\u00f3n, angustia, ansiedad, estr\u00e9s, choque mental, insomnio y nerviosismo.<\/p>\n<p><strong>PROPIEDADES TERAP\u00c9UTICAS<\/strong><\/p>\n<ul>\n<li>Inmunomodulador, Antiviral.<\/li>\n<li>T\u00f3nico cut\u00e1neo, Cicatrizante, Astringente.<\/li>\n<li>Antihemorr\u00e1gico, Cicatrizante.<\/li>\n<li>Neurot\u00f3nico, Regulador neurovegetativo (regula el sistema parasimp\u00e1tico).<\/li>\n<\/ul>\n<p><strong>PR<\/strong><strong>INCIPALES INDICACIONES<\/strong><\/p>\n<ul>\n<li>Enfermedades infantiles (varicela, sarampi\u00f3n, escarlatina, tos ferina), Enfermedades autoinmunes (apoyo a la artritis reumatoide, esclerosis m\u00faltiple).<\/li>\n<li>Envejecimiento de la piel, arrugas, heridas, grietas, acn\u00e9, cortes, varices.<\/li>\n<li>Hemorragias, hematomas, hemorragias nasales, menstruaci\u00f3n excesiva, fibromas uterinos, artritis.<\/li>\n<li>Diston\u00eda neurovegetativa, Nerviosismo, Ansiedad, Insomnio, Indiferencia emocional.<\/li>\n<\/ul>\n<p><strong>PRESENTACI\u00d3N<\/strong><\/p>\n<p>10 ml<\/p>\n<p>&nbsp;<\/p>\n","protected":false},"excerpt":{"rendered":"<p>El aceite esencial de Cistus se recomienda para cortes y heridas, para curar hematomas y piel irritada, as\u00ed como para reforzar la inmunidad. [&#8230;]<\/p>\n<p><a class=\"btn btn-secondary understrap-read-more-link\" href=\"https:\/\/www.lifenatura.com\/es\/produto\/aceite-esencial-de-cistus-bio-10-ml-ladrome\/\">Leer m\u00e1s&#8230;<span class=\"screen-reader-text\"> from Aceite Esencial de Cistus Bio 10 ml &#8211; Ladr\u00f4me<\/span><\/a><\/p>\n","protected":false},"featured_media":77508,"template":"","meta":{"_acf_changed":false},"product_brand":[8338],"product_cat":[7201,7179],"product_tag":[],"class_list":{"0":"post-76399","1":"product","2":"type-product","3":"status-publish","4":"has-post-thumbnail","6":"product_brand-ladrome-es","7":"product_cat-aromaterapia-salud","8":"product_cat-salud","10":"first","11":"instock","12":"sale","13":"featured","14":"shipping-taxable","15":"purchasable","16":"product-type-simple","17":"add-to-wishlist-before_image"},"acf":[],"yoast_head":"<!-- This site is optimized with the Yoast SEO Premium plugin v27.1 (Yoast SEO v27.5) - https:\/\/yoast.com\/product\/yoast-seo-premium-wordpress\/ -->\n<title>Aceite Esencial de Cistus Bio 10 ml - Ladr\u00f4me - Na Lifenatura ao Melhor Pre\u00e7o | Envio em 48h<\/title>\n<meta name=\"description\" content=\"El aceite esencial de Cistus se recomienda para cortes y heridas, para curar hematomas y piel irritada, as\u00ed como para reforzar la inmunidad.\" \/>\n<meta name=\"robots\" content=\"index, follow, max-snippet:-1, max-image-preview:large, max-video-preview:-1\" \/>\n<link rel=\"canonical\" href=\"https:\/\/www.lifenatura.com\/es\/produto\/aceite-esencial-de-cistus-bio-10-ml-ladrome\/\" \/>\n<meta property=\"og:locale\" content=\"es_ES\" \/>\n<meta property=\"og:type\" content=\"article\" \/>\n<meta property=\"og:title\" content=\"Aceite Esencial de Cistus Bio 10 ml - Ladr\u00f4me - Na Lifenatura ao Melhor Pre\u00e7o | Envio 48h\" \/>\n<meta property=\"og:description\" content=\"Compre Aceite Esencial de Cistus Bio 10 ml - Ladr\u00f4me com envio r\u00e1pido. Entrega em 48h e portes gr\u00e1tis em compras &gt;35\u20ac. Aproveite j\u00e1 na Lifenatura\" \/>\n<meta property=\"og:url\" content=\"https:\/\/www.lifenatura.com\/es\/produto\/aceite-esencial-de-cistus-bio-10-ml-ladrome\/\" \/>\n<meta property=\"og:site_name\" content=\"Lifenatura\" \/>\n<meta property=\"article:publisher\" content=\"https:\/\/www.facebook.com\/lifenatura\" \/>\n<meta property=\"article:modified_time\" content=\"2023-09-29T10:01:40+00:00\" \/>\n<meta property=\"og:image\" content=\"https:\/\/www.lifenatura.com\/wp-content\/uploads\/2023\/09\/oleo-essencial-esteva-10ml-ladrome.jpg\" \/>\n\t<meta property=\"og:image:width\" content=\"1000\" \/>\n\t<meta property=\"og:image:height\" content=\"1000\" \/>\n\t<meta property=\"og:image:type\" content=\"image\/jpeg\" \/>\n<meta name=\"twitter:card\" content=\"summary_large_image\" \/>\n<meta name=\"twitter:label1\" content=\"Precio\" \/>\n\t<meta name=\"twitter:data1\" content=\"38,62&nbsp;&euro;\" \/>\n\t<meta name=\"twitter:label2\" content=\"Disponibilidad\" \/>\n\t<meta name=\"twitter:data2\" content=\"Disponible\" \/>\n<script type=\"application\/ld+json\" class=\"yoast-schema-graph\">{\"@context\":\"https:\\\/\\\/schema.org\",\"@graph\":[{\"@type\":\"WebPage\",\"@id\":\"https:\\\/\\\/www.lifenatura.com\\\/es\\\/produto\\\/aceite-esencial-de-cistus-bio-10-ml-ladrome\\\/\",\"url\":\"https:\\\/\\\/www.lifenatura.com\\\/es\\\/produto\\\/aceite-esencial-de-cistus-bio-10-ml-ladrome\\\/\",\"name\":\"Aceite Esencial de Cistus Bio 10 ml - Ladr\u00f4me - Na Lifenatura ao Melhor Pre\u00e7o | Envio em 48h\",\"isPartOf\":{\"@id\":\"https:\\\/\\\/www.lifenatura.com\\\/es\\\/#website\"},\"primaryImageOfPage\":{\"@id\":\"https:\\\/\\\/www.lifenatura.com\\\/es\\\/produto\\\/aceite-esencial-de-cistus-bio-10-ml-ladrome\\\/#primaryimage\"},\"image\":{\"@id\":\"https:\\\/\\\/www.lifenatura.com\\\/es\\\/produto\\\/aceite-esencial-de-cistus-bio-10-ml-ladrome\\\/#primaryimage\"},\"thumbnailUrl\":\"https:\\\/\\\/www.lifenatura.com\\\/wp-content\\\/uploads\\\/2023\\\/09\\\/oleo-essencial-esteva-10ml-ladrome.jpg\",\"datePublished\":\"2023-09-21T16:49:24+00:00\",\"dateModified\":\"2023-09-29T10:01:40+00:00\",\"description\":\"El aceite esencial de Cistus se recomienda para cortes y heridas, para curar hematomas y piel irritada, as\u00ed como para reforzar la inmunidad.\",\"breadcrumb\":{\"@id\":\"https:\\\/\\\/www.lifenatura.com\\\/es\\\/produto\\\/aceite-esencial-de-cistus-bio-10-ml-ladrome\\\/#breadcrumb\"},\"inLanguage\":\"es\",\"potentialAction\":[{\"@type\":\"ReadAction\",\"target\":[\"https:\\\/\\\/www.lifenatura.com\\\/es\\\/produto\\\/aceite-esencial-de-cistus-bio-10-ml-ladrome\\\/\"]}]},{\"@type\":\"ImageObject\",\"inLanguage\":\"es\",\"@id\":\"https:\\\/\\\/www.lifenatura.com\\\/es\\\/produto\\\/aceite-esencial-de-cistus-bio-10-ml-ladrome\\\/#primaryimage\",\"url\":\"https:\\\/\\\/www.lifenatura.com\\\/wp-content\\\/uploads\\\/2023\\\/09\\\/oleo-essencial-esteva-10ml-ladrome.jpg\",\"contentUrl\":\"https:\\\/\\\/www.lifenatura.com\\\/wp-content\\\/uploads\\\/2023\\\/09\\\/oleo-essencial-esteva-10ml-ladrome.jpg\",\"width\":1000,\"height\":1000,\"caption\":\"\u00d3leo Essencial Esteva 10 ml - Ladr\u00f4me\"},{\"@type\":\"BreadcrumbList\",\"@id\":\"https:\\\/\\\/www.lifenatura.com\\\/es\\\/produto\\\/aceite-esencial-de-cistus-bio-10-ml-ladrome\\\/#breadcrumb\",\"itemListElement\":[{\"@type\":\"ListItem\",\"position\":1,\"name\":\"In\u00edcio\",\"item\":\"https:\\\/\\\/www.lifenatura.com\\\/es\\\/\"},{\"@type\":\"ListItem\",\"position\":2,\"name\":\"Todos los Productos\",\"item\":\"https:\\\/\\\/www.lifenatura.com\\\/es\\\/tienda\\\/\"},{\"@type\":\"ListItem\",\"position\":3,\"name\":\"Aceite Esencial de Cistus Bio 10 ml &#8211; Ladr\u00f4me\"}]},{\"@type\":\"WebSite\",\"@id\":\"https:\\\/\\\/www.lifenatura.com\\\/es\\\/#website\",\"url\":\"https:\\\/\\\/www.lifenatura.com\\\/es\\\/\",\"name\":\"Lifenatura\",\"description\":\"A Lifenatura \u00e9 uma loja de produtos naturais, cosm\u00e9tica natural e alimenta\u00e7\u00e3o Biol\u00f3gica.\",\"publisher\":{\"@id\":\"https:\\\/\\\/www.lifenatura.com\\\/es\\\/#organization\"},\"potentialAction\":[{\"@type\":\"SearchAction\",\"target\":{\"@type\":\"EntryPoint\",\"urlTemplate\":\"https:\\\/\\\/www.lifenatura.com\\\/es\\\/?s={search_term_string}\"},\"query-input\":{\"@type\":\"PropertyValueSpecification\",\"valueRequired\":true,\"valueName\":\"search_term_string\"}}],\"inLanguage\":\"es\"},{\"@type\":\"Organization\",\"@id\":\"https:\\\/\\\/www.lifenatura.com\\\/es\\\/#organization\",\"name\":\"Lifenatura\",\"url\":\"https:\\\/\\\/www.lifenatura.com\\\/es\\\/\",\"logo\":{\"@type\":\"ImageObject\",\"inLanguage\":\"es\",\"@id\":\"https:\\\/\\\/www.lifenatura.com\\\/es\\\/#\\\/schema\\\/logo\\\/image\\\/\",\"url\":\"https:\\\/\\\/www.lifenatura.com\\\/wp-content\\\/uploads\\\/2021\\\/07\\\/logo.png\",\"contentUrl\":\"https:\\\/\\\/www.lifenatura.com\\\/wp-content\\\/uploads\\\/2021\\\/07\\\/logo.png\",\"width\":175,\"height\":55,\"caption\":\"Lifenatura\"},\"image\":{\"@id\":\"https:\\\/\\\/www.lifenatura.com\\\/es\\\/#\\\/schema\\\/logo\\\/image\\\/\"},\"sameAs\":[\"https:\\\/\\\/www.facebook.com\\\/lifenatura\",\"https:\\\/\\\/www.instagram.com\\\/lifenaturapt\\\/\"],\"hasMerchantReturnPolicy\":{\"@type\":\"MerchantReturnPolicy\",\"merchantReturnLink\":\"https:\\\/\\\/www.lifenatura.com\\\/termos-condicoes-lifenatura\\\/\"}}]}<\/script>\n<meta property=\"product:price:amount\" content=\"38.62\" \/>\n<meta property=\"product:price:currency\" content=\"EUR\" \/>\n<meta property=\"og:availability\" content=\"instock\" \/>\n<meta property=\"product:availability\" content=\"instock\" \/>\n<meta property=\"product:retailer_item_id\" content=\"3486330128084\" \/>\n<meta property=\"product:condition\" content=\"new\" \/>\n<!-- \/ Yoast SEO Premium plugin. -->","yoast_head_json":{"title":"Aceite Esencial de Cistus Bio 10 ml - Ladr\u00f4me - Na Lifenatura ao Melhor Pre\u00e7o | Envio em 48h","description":"El aceite esencial de Cistus se recomienda para cortes y heridas, para curar hematomas y piel irritada, as\u00ed como para reforzar la inmunidad.","robots":{"index":"index","follow":"follow","max-snippet":"max-snippet:-1","max-image-preview":"max-image-preview:large","max-video-preview":"max-video-preview:-1"},"canonical":"https:\/\/www.lifenatura.com\/es\/produto\/aceite-esencial-de-cistus-bio-10-ml-ladrome\/","og_locale":"es_ES","og_type":"article","og_title":"Aceite Esencial de Cistus Bio 10 ml - Ladr\u00f4me - Na Lifenatura ao Melhor Pre\u00e7o | Envio 48h","og_description":"Compre Aceite Esencial de Cistus Bio 10 ml - Ladr\u00f4me com envio r\u00e1pido. Entrega em 48h e portes gr\u00e1tis em compras >35\u20ac. Aproveite j\u00e1 na Lifenatura","og_url":"https:\/\/www.lifenatura.com\/es\/produto\/aceite-esencial-de-cistus-bio-10-ml-ladrome\/","og_site_name":"Lifenatura","article_publisher":"https:\/\/www.facebook.com\/lifenatura","article_modified_time":"2023-09-29T10:01:40+00:00","og_image":[{"width":1000,"height":1000,"url":"https:\/\/www.lifenatura.com\/wp-content\/uploads\/2023\/09\/oleo-essencial-esteva-10ml-ladrome.jpg","type":"image\/jpeg"}],"twitter_card":"summary_large_image","twitter_misc":{"Precio":"38,62&nbsp;&euro;","Disponibilidad":"Disponible"},"schema":{"@context":"https:\/\/schema.org","@graph":[{"@type":"WebPage","@id":"https:\/\/www.lifenatura.com\/es\/produto\/aceite-esencial-de-cistus-bio-10-ml-ladrome\/","url":"https:\/\/www.lifenatura.com\/es\/produto\/aceite-esencial-de-cistus-bio-10-ml-ladrome\/","name":"Aceite Esencial de Cistus Bio 10 ml - Ladr\u00f4me - Na Lifenatura ao Melhor Pre\u00e7o | Envio em 48h","isPartOf":{"@id":"https:\/\/www.lifenatura.com\/es\/#website"},"primaryImageOfPage":{"@id":"https:\/\/www.lifenatura.com\/es\/produto\/aceite-esencial-de-cistus-bio-10-ml-ladrome\/#primaryimage"},"image":{"@id":"https:\/\/www.lifenatura.com\/es\/produto\/aceite-esencial-de-cistus-bio-10-ml-ladrome\/#primaryimage"},"thumbnailUrl":"https:\/\/www.lifenatura.com\/wp-content\/uploads\/2023\/09\/oleo-essencial-esteva-10ml-ladrome.jpg","datePublished":"2023-09-21T16:49:24+00:00","dateModified":"2023-09-29T10:01:40+00:00","description":"El aceite esencial de Cistus se recomienda para cortes y heridas, para curar hematomas y piel irritada, as\u00ed como para reforzar la inmunidad.","breadcrumb":{"@id":"https:\/\/www.lifenatura.com\/es\/produto\/aceite-esencial-de-cistus-bio-10-ml-ladrome\/#breadcrumb"},"inLanguage":"es","potentialAction":[{"@type":"ReadAction","target":["https:\/\/www.lifenatura.com\/es\/produto\/aceite-esencial-de-cistus-bio-10-ml-ladrome\/"]}]},{"@type":"ImageObject","inLanguage":"es","@id":"https:\/\/www.lifenatura.com\/es\/produto\/aceite-esencial-de-cistus-bio-10-ml-ladrome\/#primaryimage","url":"https:\/\/www.lifenatura.com\/wp-content\/uploads\/2023\/09\/oleo-essencial-esteva-10ml-ladrome.jpg","contentUrl":"https:\/\/www.lifenatura.com\/wp-content\/uploads\/2023\/09\/oleo-essencial-esteva-10ml-ladrome.jpg","width":1000,"height":1000,"caption":"\u00d3leo Essencial Esteva 10 ml - Ladr\u00f4me"},{"@type":"BreadcrumbList","@id":"https:\/\/www.lifenatura.com\/es\/produto\/aceite-esencial-de-cistus-bio-10-ml-ladrome\/#breadcrumb","itemListElement":[{"@type":"ListItem","position":1,"name":"In\u00edcio","item":"https:\/\/www.lifenatura.com\/es\/"},{"@type":"ListItem","position":2,"name":"Todos los Productos","item":"https:\/\/www.lifenatura.com\/es\/tienda\/"},{"@type":"ListItem","position":3,"name":"Aceite Esencial de Cistus Bio 10 ml &#8211; Ladr\u00f4me"}]},{"@type":"WebSite","@id":"https:\/\/www.lifenatura.com\/es\/#website","url":"https:\/\/www.lifenatura.com\/es\/","name":"Lifenatura","description":"A Lifenatura \u00e9 uma loja de produtos naturais, cosm\u00e9tica natural e alimenta\u00e7\u00e3o Biol\u00f3gica.","publisher":{"@id":"https:\/\/www.lifenatura.com\/es\/#organization"},"potentialAction":[{"@type":"SearchAction","target":{"@type":"EntryPoint","urlTemplate":"https:\/\/www.lifenatura.com\/es\/?s={search_term_string}"},"query-input":{"@type":"PropertyValueSpecification","valueRequired":true,"valueName":"search_term_string"}}],"inLanguage":"es"},{"@type":"Organization","@id":"https:\/\/www.lifenatura.com\/es\/#organization","name":"Lifenatura","url":"https:\/\/www.lifenatura.com\/es\/","logo":{"@type":"ImageObject","inLanguage":"es","@id":"https:\/\/www.lifenatura.com\/es\/#\/schema\/logo\/image\/","url":"https:\/\/www.lifenatura.com\/wp-content\/uploads\/2021\/07\/logo.png","contentUrl":"https:\/\/www.lifenatura.com\/wp-content\/uploads\/2021\/07\/logo.png","width":175,"height":55,"caption":"Lifenatura"},"image":{"@id":"https:\/\/www.lifenatura.com\/es\/#\/schema\/logo\/image\/"},"sameAs":["https:\/\/www.facebook.com\/lifenatura","https:\/\/www.instagram.com\/lifenaturapt\/"],"hasMerchantReturnPolicy":{"@type":"MerchantReturnPolicy","merchantReturnLink":"https:\/\/www.lifenatura.com\/termos-condicoes-lifenatura\/"}}]},"product_price_amount":"38.62","product_price_currency":"EUR","og_availability":"instock","product_availability":"instock","product_retailer_item_id":"3486330128084","product_condition":"new"},"df_price":38.62,"df_sale_price":38.62,"df_regular_price":48.28,"df_image_link":"https:\/\/www.lifenatura.com\/wp-content\/uploads\/2023\/09\/oleo-essencial-esteva-10ml-ladrome-300x300.jpg","_links":{"self":[{"href":"https:\/\/www.lifenatura.com\/es\/wp-json\/wp\/v2\/product\/76399","targetHints":{"allow":["GET"]}}],"collection":[{"href":"https:\/\/www.lifenatura.com\/es\/wp-json\/wp\/v2\/product"}],"about":[{"href":"https:\/\/www.lifenatura.com\/es\/wp-json\/wp\/v2\/types\/product"}],"wp:featuredmedia":[{"embeddable":true,"href":"https:\/\/www.lifenatura.com\/es\/wp-json\/wp\/v2\/media\/77508"}],"wp:attachment":[{"href":"https:\/\/www.lifenatura.com\/es\/wp-json\/wp\/v2\/media?parent=76399"}],"wp:term":[{"taxonomy":"product_brand","embeddable":true,"href":"https:\/\/www.lifenatura.com\/es\/wp-json\/wp\/v2\/product_brand?post=76399"},{"taxonomy":"product_cat","embeddable":true,"href":"https:\/\/www.lifenatura.com\/es\/wp-json\/wp\/v2\/product_cat?post=76399"},{"taxonomy":"product_tag","embeddable":true,"href":"https:\/\/www.lifenatura.com\/es\/wp-json\/wp\/v2\/product_tag?post=76399"}],"curies":[{"name":"wp","href":"https:\/\/api.w.org\/{rel}","templated":true}]}}