{"id":76207,"date":"2023-09-14T16:25:00","date_gmt":"2023-09-14T16:25:00","guid":{"rendered":"https:\/\/www.lifenatura.com\/?post_type=product&#038;p=76207"},"modified":"2023-09-27T17:27:26","modified_gmt":"2023-09-27T17:27:26","slug":"melatonina-60-gominolas-weider","status":"publish","type":"product","link":"https:\/\/www.lifenatura.com\/es\/produto\/melatonina-60-gominolas-weider\/","title":{"rendered":"Melatonina 60 gominolas &#8211; Weider"},"content":{"rendered":"<h2 style=\"text-align: left;\"><strong>Gominolas de melatonina para mejorar la calidad del sue\u00f1o<\/strong><\/h2>\n<p>&nbsp;<\/p>\n<p>Las gominolas de Melatonina Weider son ideales para reducir los efectos del jet lag y tambi\u00e9n para mejorar la calidad del sue\u00f1o, fundamental para el bienestar f\u00edsico y mental.<\/p>\n<p>Dormir es vital para mantener una buena salud e igualmente importante para tener un d\u00eda lleno de energ\u00eda. La falta de sue\u00f1o es un problema que afecta a muchas personas y est\u00e1 estrechamente relacionado con la producci\u00f3n de melatonina.<\/p>\n<p>La melatonina es producida de forma natural por el cerebro durante la noche y act\u00faa como se\u00f1al para indicar que es hora de dormir. La dificultad para conciliar el sue\u00f1o es el resultado de una alteraci\u00f3n en la s\u00edntesis de melatonina. Algo parecido ocurre, por ejemplo, con el jet lag, cuando el ciclo del sue\u00f1o se interrumpe debido a un viaje largo.<\/p>\n<p>Con la edad, el organismo pierde su capacidad de sintetizar melatonina, por lo que las personas mayores suelen tener dificultades para conciliar el sue\u00f1o.<\/p>\n<p><strong>PRESENTACI\u00d3N<\/strong><\/p>\n<p>60 gominolas de ar\u00e1ndanos.<\/p>\n<p>&nbsp;<\/p>\n","protected":false},"excerpt":{"rendered":"<p>La melatonina en gominolas es ideal para mejorar la calidad del sue\u00f1o, con s\u00f3lo 1 gominola al d\u00eda podr\u00e1 recuperar el sue\u00f1o y reducir el jet lag. [&#8230;]<\/p>\n<p><a class=\"btn btn-secondary understrap-read-more-link\" href=\"https:\/\/www.lifenatura.com\/es\/produto\/melatonina-60-gominolas-weider\/\">Leer m\u00e1s&#8230;<span class=\"screen-reader-text\"> from Melatonina 60 gominolas &#8211; Weider<\/span><\/a><\/p>\n","protected":false},"featured_media":76206,"template":"","meta":{"_acf_changed":false},"product_brand":[8383],"product_cat":[7214,7659,8060,7179],"product_tag":[],"class_list":{"0":"post-76207","1":"product","2":"type-product","3":"status-publish","4":"has-post-thumbnail","6":"product_brand-weider","7":"product_cat-para-dormir","8":"product_cat-ingrediente-natural-bio","9":"product_cat-melatonina-es","10":"product_cat-salud","11":"pa_caracteristicas-sin-azucares-anadidos","12":"pa_caracteristicas-sin-gluten","14":"first","15":"instock","16":"shipping-taxable","17":"purchasable","18":"product-type-simple","19":"add-to-wishlist-before_image"},"acf":[],"yoast_head":"<!-- This site is optimized with the Yoast SEO Premium plugin v27.1 (Yoast SEO v27.5) - https:\/\/yoast.com\/product\/yoast-seo-premium-wordpress\/ -->\n<title>Melatonina 60 gominolas - Weider - Na Lifenatura ao Melhor Pre\u00e7o | Envio em 48h<\/title>\n<meta name=\"description\" content=\"La melatonina en gominolas es ideal para mejorar la calidad del sue\u00f1o, con s\u00f3lo 1 gominola al d\u00eda podr\u00e1 recuperar el sue\u00f1o y reducir el jet lag.\" \/>\n<meta name=\"robots\" content=\"index, follow, max-snippet:-1, max-image-preview:large, max-video-preview:-1\" \/>\n<link rel=\"canonical\" href=\"https:\/\/www.lifenatura.com\/es\/produto\/melatonina-60-gominolas-weider\/\" \/>\n<meta property=\"og:locale\" content=\"es_ES\" \/>\n<meta property=\"og:type\" content=\"article\" \/>\n<meta property=\"og:title\" content=\"Melatonina 60 gominolas - Weider - Na Lifenatura ao Melhor Pre\u00e7o | Envio 48h\" \/>\n<meta property=\"og:description\" content=\"Compre Melatonina 60 gominolas - Weider com envio r\u00e1pido. Entrega em 48h e portes gr\u00e1tis em compras &gt;35\u20ac. Aproveite j\u00e1 na Lifenatura\" \/>\n<meta property=\"og:url\" content=\"https:\/\/www.lifenatura.com\/es\/produto\/melatonina-60-gominolas-weider\/\" \/>\n<meta property=\"og:site_name\" content=\"Lifenatura\" \/>\n<meta property=\"article:publisher\" content=\"https:\/\/www.facebook.com\/lifenatura\" \/>\n<meta property=\"article:modified_time\" content=\"2023-09-27T17:27:26+00:00\" \/>\n<meta property=\"og:image\" content=\"https:\/\/www.lifenatura.com\/wp-content\/uploads\/2023\/09\/melatonina-gomas-weider.jpg\" \/>\n\t<meta property=\"og:image:width\" content=\"1000\" \/>\n\t<meta property=\"og:image:height\" content=\"1000\" \/>\n\t<meta property=\"og:image:type\" content=\"image\/jpeg\" \/>\n<meta name=\"twitter:card\" content=\"summary_large_image\" \/>\n<meta name=\"twitter:label1\" content=\"Precio\" \/>\n\t<meta name=\"twitter:data1\" content=\"11,90&nbsp;&euro;\" \/>\n\t<meta name=\"twitter:label2\" content=\"Disponibilidad\" \/>\n\t<meta name=\"twitter:data2\" content=\"Disponible\" \/>\n<script type=\"application\/ld+json\" class=\"yoast-schema-graph\">{\"@context\":\"https:\\\/\\\/schema.org\",\"@graph\":[{\"@type\":\"WebPage\",\"@id\":\"https:\\\/\\\/www.lifenatura.com\\\/es\\\/produto\\\/melatonina-60-gominolas-weider\\\/\",\"url\":\"https:\\\/\\\/www.lifenatura.com\\\/es\\\/produto\\\/melatonina-60-gominolas-weider\\\/\",\"name\":\"Melatonina 60 gominolas - Weider - Na Lifenatura ao Melhor Pre\u00e7o | Envio em 48h\",\"isPartOf\":{\"@id\":\"https:\\\/\\\/www.lifenatura.com\\\/es\\\/#website\"},\"primaryImageOfPage\":{\"@id\":\"https:\\\/\\\/www.lifenatura.com\\\/es\\\/produto\\\/melatonina-60-gominolas-weider\\\/#primaryimage\"},\"image\":{\"@id\":\"https:\\\/\\\/www.lifenatura.com\\\/es\\\/produto\\\/melatonina-60-gominolas-weider\\\/#primaryimage\"},\"thumbnailUrl\":\"https:\\\/\\\/www.lifenatura.com\\\/wp-content\\\/uploads\\\/2023\\\/09\\\/melatonina-gomas-weider.jpg\",\"datePublished\":\"2023-09-14T16:25:00+00:00\",\"dateModified\":\"2023-09-27T17:27:26+00:00\",\"description\":\"La melatonina en gominolas es ideal para mejorar la calidad del sue\u00f1o, con s\u00f3lo 1 gominola al d\u00eda podr\u00e1 recuperar el sue\u00f1o y reducir el jet lag.\",\"breadcrumb\":{\"@id\":\"https:\\\/\\\/www.lifenatura.com\\\/es\\\/produto\\\/melatonina-60-gominolas-weider\\\/#breadcrumb\"},\"inLanguage\":\"es\",\"potentialAction\":[{\"@type\":\"ReadAction\",\"target\":[\"https:\\\/\\\/www.lifenatura.com\\\/es\\\/produto\\\/melatonina-60-gominolas-weider\\\/\"]}]},{\"@type\":\"ImageObject\",\"inLanguage\":\"es\",\"@id\":\"https:\\\/\\\/www.lifenatura.com\\\/es\\\/produto\\\/melatonina-60-gominolas-weider\\\/#primaryimage\",\"url\":\"https:\\\/\\\/www.lifenatura.com\\\/wp-content\\\/uploads\\\/2023\\\/09\\\/melatonina-gomas-weider.jpg\",\"contentUrl\":\"https:\\\/\\\/www.lifenatura.com\\\/wp-content\\\/uploads\\\/2023\\\/09\\\/melatonina-gomas-weider.jpg\",\"width\":1000,\"height\":1000,\"caption\":\"Melatonina da marca Weider\"},{\"@type\":\"BreadcrumbList\",\"@id\":\"https:\\\/\\\/www.lifenatura.com\\\/es\\\/produto\\\/melatonina-60-gominolas-weider\\\/#breadcrumb\",\"itemListElement\":[{\"@type\":\"ListItem\",\"position\":1,\"name\":\"In\u00edcio\",\"item\":\"https:\\\/\\\/www.lifenatura.com\\\/es\\\/\"},{\"@type\":\"ListItem\",\"position\":2,\"name\":\"Todos los Productos\",\"item\":\"https:\\\/\\\/www.lifenatura.com\\\/es\\\/tienda\\\/\"},{\"@type\":\"ListItem\",\"position\":3,\"name\":\"Melatonina 60 gominolas &#8211; Weider\"}]},{\"@type\":\"WebSite\",\"@id\":\"https:\\\/\\\/www.lifenatura.com\\\/es\\\/#website\",\"url\":\"https:\\\/\\\/www.lifenatura.com\\\/es\\\/\",\"name\":\"Lifenatura\",\"description\":\"A Lifenatura \u00e9 uma loja de produtos naturais, cosm\u00e9tica natural e alimenta\u00e7\u00e3o Biol\u00f3gica.\",\"publisher\":{\"@id\":\"https:\\\/\\\/www.lifenatura.com\\\/es\\\/#organization\"},\"potentialAction\":[{\"@type\":\"SearchAction\",\"target\":{\"@type\":\"EntryPoint\",\"urlTemplate\":\"https:\\\/\\\/www.lifenatura.com\\\/es\\\/?s={search_term_string}\"},\"query-input\":{\"@type\":\"PropertyValueSpecification\",\"valueRequired\":true,\"valueName\":\"search_term_string\"}}],\"inLanguage\":\"es\"},{\"@type\":\"Organization\",\"@id\":\"https:\\\/\\\/www.lifenatura.com\\\/es\\\/#organization\",\"name\":\"Lifenatura\",\"url\":\"https:\\\/\\\/www.lifenatura.com\\\/es\\\/\",\"logo\":{\"@type\":\"ImageObject\",\"inLanguage\":\"es\",\"@id\":\"https:\\\/\\\/www.lifenatura.com\\\/es\\\/#\\\/schema\\\/logo\\\/image\\\/\",\"url\":\"https:\\\/\\\/www.lifenatura.com\\\/wp-content\\\/uploads\\\/2021\\\/07\\\/logo.png\",\"contentUrl\":\"https:\\\/\\\/www.lifenatura.com\\\/wp-content\\\/uploads\\\/2021\\\/07\\\/logo.png\",\"width\":175,\"height\":55,\"caption\":\"Lifenatura\"},\"image\":{\"@id\":\"https:\\\/\\\/www.lifenatura.com\\\/es\\\/#\\\/schema\\\/logo\\\/image\\\/\"},\"sameAs\":[\"https:\\\/\\\/www.facebook.com\\\/lifenatura\",\"https:\\\/\\\/www.instagram.com\\\/lifenaturapt\\\/\"],\"hasMerchantReturnPolicy\":{\"@type\":\"MerchantReturnPolicy\",\"merchantReturnLink\":\"https:\\\/\\\/www.lifenatura.com\\\/termos-condicoes-lifenatura\\\/\"}}]}<\/script>\n<meta property=\"product:price:amount\" content=\"11.90\" \/>\n<meta property=\"product:price:currency\" content=\"EUR\" \/>\n<meta property=\"og:availability\" content=\"instock\" \/>\n<meta property=\"product:availability\" content=\"instock\" \/>\n<meta property=\"product:retailer_item_id\" content=\"8414192309810\" \/>\n<meta property=\"product:condition\" content=\"new\" \/>\n<!-- \/ Yoast SEO Premium plugin. -->","yoast_head_json":{"title":"Melatonina 60 gominolas - Weider - Na Lifenatura ao Melhor Pre\u00e7o | Envio em 48h","description":"La melatonina en gominolas es ideal para mejorar la calidad del sue\u00f1o, con s\u00f3lo 1 gominola al d\u00eda podr\u00e1 recuperar el sue\u00f1o y reducir el jet lag.","robots":{"index":"index","follow":"follow","max-snippet":"max-snippet:-1","max-image-preview":"max-image-preview:large","max-video-preview":"max-video-preview:-1"},"canonical":"https:\/\/www.lifenatura.com\/es\/produto\/melatonina-60-gominolas-weider\/","og_locale":"es_ES","og_type":"article","og_title":"Melatonina 60 gominolas - Weider - Na Lifenatura ao Melhor Pre\u00e7o | Envio 48h","og_description":"Compre Melatonina 60 gominolas - Weider com envio r\u00e1pido. Entrega em 48h e portes gr\u00e1tis em compras >35\u20ac. Aproveite j\u00e1 na Lifenatura","og_url":"https:\/\/www.lifenatura.com\/es\/produto\/melatonina-60-gominolas-weider\/","og_site_name":"Lifenatura","article_publisher":"https:\/\/www.facebook.com\/lifenatura","article_modified_time":"2023-09-27T17:27:26+00:00","og_image":[{"width":1000,"height":1000,"url":"https:\/\/www.lifenatura.com\/wp-content\/uploads\/2023\/09\/melatonina-gomas-weider.jpg","type":"image\/jpeg"}],"twitter_card":"summary_large_image","twitter_misc":{"Precio":"11,90&nbsp;&euro;","Disponibilidad":"Disponible"},"schema":{"@context":"https:\/\/schema.org","@graph":[{"@type":"WebPage","@id":"https:\/\/www.lifenatura.com\/es\/produto\/melatonina-60-gominolas-weider\/","url":"https:\/\/www.lifenatura.com\/es\/produto\/melatonina-60-gominolas-weider\/","name":"Melatonina 60 gominolas - Weider - Na Lifenatura ao Melhor Pre\u00e7o | Envio em 48h","isPartOf":{"@id":"https:\/\/www.lifenatura.com\/es\/#website"},"primaryImageOfPage":{"@id":"https:\/\/www.lifenatura.com\/es\/produto\/melatonina-60-gominolas-weider\/#primaryimage"},"image":{"@id":"https:\/\/www.lifenatura.com\/es\/produto\/melatonina-60-gominolas-weider\/#primaryimage"},"thumbnailUrl":"https:\/\/www.lifenatura.com\/wp-content\/uploads\/2023\/09\/melatonina-gomas-weider.jpg","datePublished":"2023-09-14T16:25:00+00:00","dateModified":"2023-09-27T17:27:26+00:00","description":"La melatonina en gominolas es ideal para mejorar la calidad del sue\u00f1o, con s\u00f3lo 1 gominola al d\u00eda podr\u00e1 recuperar el sue\u00f1o y reducir el jet lag.","breadcrumb":{"@id":"https:\/\/www.lifenatura.com\/es\/produto\/melatonina-60-gominolas-weider\/#breadcrumb"},"inLanguage":"es","potentialAction":[{"@type":"ReadAction","target":["https:\/\/www.lifenatura.com\/es\/produto\/melatonina-60-gominolas-weider\/"]}]},{"@type":"ImageObject","inLanguage":"es","@id":"https:\/\/www.lifenatura.com\/es\/produto\/melatonina-60-gominolas-weider\/#primaryimage","url":"https:\/\/www.lifenatura.com\/wp-content\/uploads\/2023\/09\/melatonina-gomas-weider.jpg","contentUrl":"https:\/\/www.lifenatura.com\/wp-content\/uploads\/2023\/09\/melatonina-gomas-weider.jpg","width":1000,"height":1000,"caption":"Melatonina da marca Weider"},{"@type":"BreadcrumbList","@id":"https:\/\/www.lifenatura.com\/es\/produto\/melatonina-60-gominolas-weider\/#breadcrumb","itemListElement":[{"@type":"ListItem","position":1,"name":"In\u00edcio","item":"https:\/\/www.lifenatura.com\/es\/"},{"@type":"ListItem","position":2,"name":"Todos los Productos","item":"https:\/\/www.lifenatura.com\/es\/tienda\/"},{"@type":"ListItem","position":3,"name":"Melatonina 60 gominolas &#8211; Weider"}]},{"@type":"WebSite","@id":"https:\/\/www.lifenatura.com\/es\/#website","url":"https:\/\/www.lifenatura.com\/es\/","name":"Lifenatura","description":"A Lifenatura \u00e9 uma loja de produtos naturais, cosm\u00e9tica natural e alimenta\u00e7\u00e3o Biol\u00f3gica.","publisher":{"@id":"https:\/\/www.lifenatura.com\/es\/#organization"},"potentialAction":[{"@type":"SearchAction","target":{"@type":"EntryPoint","urlTemplate":"https:\/\/www.lifenatura.com\/es\/?s={search_term_string}"},"query-input":{"@type":"PropertyValueSpecification","valueRequired":true,"valueName":"search_term_string"}}],"inLanguage":"es"},{"@type":"Organization","@id":"https:\/\/www.lifenatura.com\/es\/#organization","name":"Lifenatura","url":"https:\/\/www.lifenatura.com\/es\/","logo":{"@type":"ImageObject","inLanguage":"es","@id":"https:\/\/www.lifenatura.com\/es\/#\/schema\/logo\/image\/","url":"https:\/\/www.lifenatura.com\/wp-content\/uploads\/2021\/07\/logo.png","contentUrl":"https:\/\/www.lifenatura.com\/wp-content\/uploads\/2021\/07\/logo.png","width":175,"height":55,"caption":"Lifenatura"},"image":{"@id":"https:\/\/www.lifenatura.com\/es\/#\/schema\/logo\/image\/"},"sameAs":["https:\/\/www.facebook.com\/lifenatura","https:\/\/www.instagram.com\/lifenaturapt\/"],"hasMerchantReturnPolicy":{"@type":"MerchantReturnPolicy","merchantReturnLink":"https:\/\/www.lifenatura.com\/termos-condicoes-lifenatura\/"}}]},"product_price_amount":"11.90","product_price_currency":"EUR","og_availability":"instock","product_availability":"instock","product_retailer_item_id":"8414192309810","product_condition":"new"},"df_price":11.9,"df_sale_price":"","df_regular_price":11.9,"df_image_link":"https:\/\/www.lifenatura.com\/wp-content\/uploads\/2023\/09\/melatonina-gomas-weider-300x300.jpg","_links":{"self":[{"href":"https:\/\/www.lifenatura.com\/es\/wp-json\/wp\/v2\/product\/76207","targetHints":{"allow":["GET"]}}],"collection":[{"href":"https:\/\/www.lifenatura.com\/es\/wp-json\/wp\/v2\/product"}],"about":[{"href":"https:\/\/www.lifenatura.com\/es\/wp-json\/wp\/v2\/types\/product"}],"wp:featuredmedia":[{"embeddable":true,"href":"https:\/\/www.lifenatura.com\/es\/wp-json\/wp\/v2\/media\/76206"}],"wp:attachment":[{"href":"https:\/\/www.lifenatura.com\/es\/wp-json\/wp\/v2\/media?parent=76207"}],"wp:term":[{"taxonomy":"product_brand","embeddable":true,"href":"https:\/\/www.lifenatura.com\/es\/wp-json\/wp\/v2\/product_brand?post=76207"},{"taxonomy":"product_cat","embeddable":true,"href":"https:\/\/www.lifenatura.com\/es\/wp-json\/wp\/v2\/product_cat?post=76207"},{"taxonomy":"product_tag","embeddable":true,"href":"https:\/\/www.lifenatura.com\/es\/wp-json\/wp\/v2\/product_tag?post=76207"}],"curies":[{"name":"wp","href":"https:\/\/api.w.org\/{rel}","templated":true}]}}