{"id":76203,"date":"2023-09-21T16:48:02","date_gmt":"2023-09-21T16:48:02","guid":{"rendered":"https:\/\/www.lifenatura.com\/?post_type=product&#038;p=76203"},"modified":"2023-09-27T16:58:40","modified_gmt":"2023-09-27T16:58:40","slug":"aceite-esencial-de-lavanda-aspic-bio-10-ml-ladrome","status":"publish","type":"product","link":"https:\/\/www.lifenatura.com\/es\/produto\/aceite-esencial-de-lavanda-aspic-bio-10-ml-ladrome\/","title":{"rendered":"Aceite esencial de Lavanda Aspic Bio 10 ml &#8211; Ladr\u00f4me"},"content":{"rendered":"<h2 style=\"text-align: left\"><strong>Aceite esencial de lavanda silvestre<\/strong><\/h2>\n<p>&nbsp;<\/p>\n<p>La lavanda aspic es un arbusto que se encuentra en Espa\u00f1a, Francia y el sur de Inglaterra. Crece en forma de arbusto en peque\u00f1as zonas monta\u00f1osas de clima mediterr\u00e1neo.<\/p>\n<p>Las flores azules o violetas son muy perfumadas y desprenden un olor menos apreciado que el de la lavanda, ya que es m\u00e1s alcanforado.<\/p>\n<p>Originaria de la zona mediterr\u00e1nea, esta planta est\u00e1 muy familiarizada con el sol y produce un aceite esencial incre\u00edblemente eficaz para todo tipo de quemaduras (de 1\u00ba y 2\u00ba grado), y en particular para las famosas quemaduras solares.<\/p>\n<p>Este aceite esencial se recomienda para su botiqu\u00edn de primeros auxilios, ya que tambi\u00e9n es fabuloso para aliviar y tratar las alergias a las plantas, las picaduras de insectos y las mordeduras de animales.<\/p>\n<p>Tambi\u00e9n es un potente agente antiinfeccioso y est\u00e1 indicado para diversas infecciones microbianas (las inhalaciones o nebulizaciones est\u00e1n especialmente recomendadas para la sinusitis y la rinofaringitis).<\/p>\n<p>Antiinflamatorio y cicatrizante, tambi\u00e9n se recomienda para el acn\u00e9.<\/p>\n<p><strong>PROPIEDADES TERAP\u00c9UTICAS<\/strong><\/p>\n<ul>\n<li>Antit\u00f3xica, Antiinflamatoria, Analg\u00e9sica, Antimicrobiana, Astringente, Cicatrizante.<\/li>\n<li>Antiinflamatorio, Analg\u00e9sico.<\/li>\n<li>Expectorante, Mucol\u00edtico, Antimicrobiano.<\/li>\n<li>Equilibrante, Neurot\u00f3nico.<\/li>\n<\/ul>\n<p><strong>PRINCIPALES INDICACIONES<\/strong><\/p>\n<ul>\n<li>Picaduras de insectos y medusas, Mordeduras de serpientes y escorpiones, Heridas, Quemaduras solares, Dermatosis f\u00fangicas, Pie de atleta, Pediculosis, Grietas, Hemorroides, Acn\u00e9, For\u00fanculos, Abscesos, P\u00fastulas, \u00dalceras, Piel grasa, Zona, Herpes (labial y genital), Varicela, Psoriasis, Cabello seco y desvitalizado.<\/li>\n<li>Dolor, Artritis, Reumatismo, Artrosis, Contracturas, Calambres, Esguinces, Neuralgia, Migra\u00f1a.<\/li>\n<li>Bronquitis cr\u00f3nica, Sinusitis, Amigdalitis, Laringitis, Otitis, Gripe, Estomatitis, Odontalgia, Atas, Gingivitis, Hepatitis v\u00edrica, Enterocolitis infecciosa, Nefritis, Leucorrea, Adenitis.<\/li>\n<li>Diston\u00eda neurovegetativa, Neuritis v\u00edrica, Ansiedad, Depresi\u00f3n, Insomnio, Neurastenia, Palpitaciones.<\/li>\n<\/ul>\n<p><strong>PRESENTACI\u00d3N<\/strong><\/p>\n<p>10 ml<\/p>\n<p>&nbsp;<\/p>\n","protected":false},"excerpt":{"rendered":"<p>El Aceite Esencial de Lavanda Aspic est\u00e1 indicado para aliviar dolores de cabeza y migra\u00f1as y para estimular la resistencia de las v\u00edas respiratorias. [&#8230;]<\/p>\n<p><a class=\"btn btn-secondary understrap-read-more-link\" href=\"https:\/\/www.lifenatura.com\/es\/produto\/aceite-esencial-de-lavanda-aspic-bio-10-ml-ladrome\/\">Leer m\u00e1s&#8230;<span class=\"screen-reader-text\"> from Aceite esencial de Lavanda Aspic Bio 10 ml &#8211; Ladr\u00f4me<\/span><\/a><\/p>\n","protected":false},"featured_media":76271,"template":"","meta":{"_acf_changed":false},"product_brand":[8338],"product_cat":[7201,7179],"product_tag":[],"class_list":{"0":"post-76203","1":"product","2":"type-product","3":"status-publish","4":"has-post-thumbnail","6":"product_brand-ladrome-es","7":"product_cat-aromaterapia-salud","8":"product_cat-salud","10":"first","11":"instock","12":"shipping-taxable","13":"purchasable","14":"product-type-simple","15":"add-to-wishlist-before_image"},"acf":[],"yoast_head":"<!-- This site is optimized with the Yoast SEO Premium plugin v27.1 (Yoast SEO v27.4) - https:\/\/yoast.com\/product\/yoast-seo-premium-wordpress\/ -->\n<title>Aceite esencial de Lavanda Aspic Bio 10 ml - Ladr\u00f4me - Lifenatura<\/title>\n<meta name=\"description\" content=\"El Aceite Esencial de Lavanda Aspic est\u00e1 indicado para aliviar dolores de cabeza y migra\u00f1as y para estimular la resistencia de las v\u00edas respiratorias.\" \/>\n<meta name=\"robots\" content=\"index, follow, max-snippet:-1, max-image-preview:large, max-video-preview:-1\" \/>\n<link rel=\"canonical\" href=\"https:\/\/www.lifenatura.com\/es\/produto\/aceite-esencial-de-lavanda-aspic-bio-10-ml-ladrome\/\" \/>\n<meta property=\"og:locale\" content=\"es_ES\" \/>\n<meta property=\"og:type\" content=\"article\" \/>\n<meta property=\"og:title\" content=\"Aceite esencial de Lavanda Aspic Bio 10 ml - Ladr\u00f4me - Lifenatura\" \/>\n<meta property=\"og:description\" content=\"Compre aqui o seu Aceite esencial de Lavanda Aspic Bio 10 ml - Ladr\u00f4me e a Lifenatura Online envia em 48 H com Portes Gratis &gt;35\u20ac de Pedido.\" \/>\n<meta property=\"og:url\" content=\"https:\/\/www.lifenatura.com\/es\/produto\/aceite-esencial-de-lavanda-aspic-bio-10-ml-ladrome\/\" \/>\n<meta property=\"og:site_name\" content=\"Lifenatura\" \/>\n<meta property=\"article:publisher\" content=\"https:\/\/www.facebook.com\/lifenatura\" \/>\n<meta property=\"article:modified_time\" content=\"2023-09-27T16:58:40+00:00\" \/>\n<meta property=\"og:image\" content=\"https:\/\/www.lifenatura.com\/wp-content\/uploads\/2023\/09\/oleo-essencial-alfazema-brava-10ml-ladrome.jpg\" \/>\n\t<meta property=\"og:image:width\" content=\"1000\" \/>\n\t<meta property=\"og:image:height\" content=\"1000\" \/>\n\t<meta property=\"og:image:type\" content=\"image\/jpeg\" \/>\n<meta name=\"twitter:card\" content=\"summary_large_image\" \/>\n<meta name=\"twitter:label1\" content=\"Precio\" \/>\n\t<meta name=\"twitter:data1\" content=\"14,37&nbsp;&euro;\" \/>\n\t<meta name=\"twitter:label2\" content=\"Disponibilidad\" \/>\n\t<meta name=\"twitter:data2\" content=\"Disponible\" \/>\n<meta property=\"product:price:amount\" content=\"14.37\" \/>\n<meta property=\"product:price:currency\" content=\"EUR\" \/>\n<meta property=\"og:availability\" content=\"instock\" \/>\n<meta property=\"product:availability\" content=\"instock\" \/>\n<meta property=\"product:retailer_item_id\" content=\"3486330042212\" \/>\n<meta property=\"product:condition\" content=\"new\" \/>\n<!-- \/ Yoast SEO Premium plugin. -->","yoast_head_json":{"title":"Aceite esencial de Lavanda Aspic Bio 10 ml - Ladr\u00f4me - Lifenatura","description":"El Aceite Esencial de Lavanda Aspic est\u00e1 indicado para aliviar dolores de cabeza y migra\u00f1as y para estimular la resistencia de las v\u00edas respiratorias.","robots":{"index":"index","follow":"follow","max-snippet":"max-snippet:-1","max-image-preview":"max-image-preview:large","max-video-preview":"max-video-preview:-1"},"canonical":"https:\/\/www.lifenatura.com\/es\/produto\/aceite-esencial-de-lavanda-aspic-bio-10-ml-ladrome\/","og_locale":"es_ES","og_type":"article","og_title":"Aceite esencial de Lavanda Aspic Bio 10 ml - Ladr\u00f4me - Lifenatura","og_description":"Compre aqui o seu Aceite esencial de Lavanda Aspic Bio 10 ml - Ladr\u00f4me e a Lifenatura Online envia em 48 H com Portes Gratis >35\u20ac de Pedido.","og_url":"https:\/\/www.lifenatura.com\/es\/produto\/aceite-esencial-de-lavanda-aspic-bio-10-ml-ladrome\/","og_site_name":"Lifenatura","article_publisher":"https:\/\/www.facebook.com\/lifenatura","article_modified_time":"2023-09-27T16:58:40+00:00","og_image":[{"width":1000,"height":1000,"url":"https:\/\/www.lifenatura.com\/wp-content\/uploads\/2023\/09\/oleo-essencial-alfazema-brava-10ml-ladrome.jpg","type":"image\/jpeg"}],"twitter_card":"summary_large_image","twitter_misc":{"Precio":"14,37&nbsp;&euro;","Disponibilidad":"Disponible"},"schema":{"@context":"https:\/\/schema.org","@graph":[{"@type":"WebPage","@id":"https:\/\/www.lifenatura.com\/es\/produto\/aceite-esencial-de-lavanda-aspic-bio-10-ml-ladrome\/","url":"https:\/\/www.lifenatura.com\/es\/produto\/aceite-esencial-de-lavanda-aspic-bio-10-ml-ladrome\/","name":"Aceite esencial de Lavanda Aspic Bio 10 ml - Ladr\u00f4me - Lifenatura","isPartOf":{"@id":"https:\/\/www.lifenatura.com\/es\/#website"},"primaryImageOfPage":{"@id":"https:\/\/www.lifenatura.com\/es\/produto\/aceite-esencial-de-lavanda-aspic-bio-10-ml-ladrome\/#primaryimage"},"image":{"@id":"https:\/\/www.lifenatura.com\/es\/produto\/aceite-esencial-de-lavanda-aspic-bio-10-ml-ladrome\/#primaryimage"},"thumbnailUrl":"https:\/\/www.lifenatura.com\/wp-content\/uploads\/2023\/09\/oleo-essencial-alfazema-brava-10ml-ladrome.jpg","datePublished":"2023-09-21T16:48:02+00:00","dateModified":"2023-09-27T16:58:40+00:00","description":"El Aceite Esencial de Lavanda Aspic est\u00e1 indicado para aliviar dolores de cabeza y migra\u00f1as y para estimular la resistencia de las v\u00edas respiratorias.","breadcrumb":{"@id":"https:\/\/www.lifenatura.com\/es\/produto\/aceite-esencial-de-lavanda-aspic-bio-10-ml-ladrome\/#breadcrumb"},"inLanguage":"es","potentialAction":[{"@type":"ReadAction","target":["https:\/\/www.lifenatura.com\/es\/produto\/aceite-esencial-de-lavanda-aspic-bio-10-ml-ladrome\/"]}]},{"@type":"ImageObject","inLanguage":"es","@id":"https:\/\/www.lifenatura.com\/es\/produto\/aceite-esencial-de-lavanda-aspic-bio-10-ml-ladrome\/#primaryimage","url":"https:\/\/www.lifenatura.com\/wp-content\/uploads\/2023\/09\/oleo-essencial-alfazema-brava-10ml-ladrome.jpg","contentUrl":"https:\/\/www.lifenatura.com\/wp-content\/uploads\/2023\/09\/oleo-essencial-alfazema-brava-10ml-ladrome.jpg","width":1000,"height":1000,"caption":"\u00f3leo essencial de alfazema brava da marca Ladrome"},{"@type":"BreadcrumbList","@id":"https:\/\/www.lifenatura.com\/es\/produto\/aceite-esencial-de-lavanda-aspic-bio-10-ml-ladrome\/#breadcrumb","itemListElement":[{"@type":"ListItem","position":1,"name":"In\u00edcio","item":"https:\/\/www.lifenatura.com\/es\/"},{"@type":"ListItem","position":2,"name":"Todos los Productos","item":"https:\/\/www.lifenatura.com\/es\/tienda\/"},{"@type":"ListItem","position":3,"name":"Aceite esencial de Lavanda Aspic Bio 10 ml &#8211; Ladr\u00f4me"}]},{"@type":"WebSite","@id":"https:\/\/www.lifenatura.com\/es\/#website","url":"https:\/\/www.lifenatura.com\/es\/","name":"Lifenatura","description":"A Lifenatura \u00e9 uma loja de produtos naturais, cosm\u00e9tica natural e alimenta\u00e7\u00e3o Biol\u00f3gica.","publisher":{"@id":"https:\/\/www.lifenatura.com\/es\/#organization"},"potentialAction":[{"@type":"SearchAction","target":{"@type":"EntryPoint","urlTemplate":"https:\/\/www.lifenatura.com\/es\/?s={search_term_string}"},"query-input":{"@type":"PropertyValueSpecification","valueRequired":true,"valueName":"search_term_string"}}],"inLanguage":"es"},{"@type":"Organization","@id":"https:\/\/www.lifenatura.com\/es\/#organization","name":"Lifenatura","url":"https:\/\/www.lifenatura.com\/es\/","logo":{"@type":"ImageObject","inLanguage":"es","@id":"https:\/\/www.lifenatura.com\/es\/#\/schema\/logo\/image\/","url":"https:\/\/www.lifenatura.com\/wp-content\/uploads\/2021\/11\/logo.png","contentUrl":"https:\/\/www.lifenatura.com\/wp-content\/uploads\/2021\/11\/logo.png","width":175,"height":55,"caption":"Lifenatura"},"image":{"@id":"https:\/\/www.lifenatura.com\/es\/#\/schema\/logo\/image\/"},"sameAs":["https:\/\/www.facebook.com\/lifenatura","https:\/\/www.instagram.com\/lifenaturapt\/"]}]},"product_price_amount":"14.37","product_price_currency":"EUR","og_availability":"instock","product_availability":"instock","product_retailer_item_id":"3486330042212","product_condition":"new"},"df_price":14.37,"df_sale_price":"","df_regular_price":14.37,"df_image_link":"https:\/\/www.lifenatura.com\/wp-content\/uploads\/2023\/09\/oleo-essencial-alfazema-brava-10ml-ladrome-300x300.jpg","_links":{"self":[{"href":"https:\/\/www.lifenatura.com\/es\/wp-json\/wp\/v2\/product\/76203","targetHints":{"allow":["GET"]}}],"collection":[{"href":"https:\/\/www.lifenatura.com\/es\/wp-json\/wp\/v2\/product"}],"about":[{"href":"https:\/\/www.lifenatura.com\/es\/wp-json\/wp\/v2\/types\/product"}],"wp:featuredmedia":[{"embeddable":true,"href":"https:\/\/www.lifenatura.com\/es\/wp-json\/wp\/v2\/media\/76271"}],"wp:attachment":[{"href":"https:\/\/www.lifenatura.com\/es\/wp-json\/wp\/v2\/media?parent=76203"}],"wp:term":[{"taxonomy":"product_brand","embeddable":true,"href":"https:\/\/www.lifenatura.com\/es\/wp-json\/wp\/v2\/product_brand?post=76203"},{"taxonomy":"product_cat","embeddable":true,"href":"https:\/\/www.lifenatura.com\/es\/wp-json\/wp\/v2\/product_cat?post=76203"},{"taxonomy":"product_tag","embeddable":true,"href":"https:\/\/www.lifenatura.com\/es\/wp-json\/wp\/v2\/product_tag?post=76203"}],"curies":[{"name":"wp","href":"https:\/\/api.w.org\/{rel}","templated":true}]}}