{"id":76197,"date":"2023-09-21T16:47:56","date_gmt":"2023-09-21T16:47:56","guid":{"rendered":"https:\/\/www.lifenatura.com\/?post_type=product&#038;p=76197"},"modified":"2023-09-27T16:34:50","modified_gmt":"2023-09-27T16:34:50","slug":"aceite-esencial-de-romero-cineol-bio-10-ml-ladrome","status":"publish","type":"product","link":"https:\/\/www.lifenatura.com\/es\/produto\/aceite-esencial-de-romero-cineol-bio-10-ml-ladrome\/","title":{"rendered":"Aceite esencial de Romero Cineol Bio 10 ml &#8211; Ladr\u00f4me"},"content":{"rendered":"<h2 style=\"text-align: left\"><strong>Aceite esencial de romero Cineol<\/strong><\/h2>\n<p>&nbsp;<\/p>\n<p>El romero es una planta perenne de 1 a 2 metros de altura con el t\u00edpico follaje verde plateado y peque\u00f1as flores de color rosa p\u00farpura. Es una planta com\u00fan en la regi\u00f3n mediterr\u00e1nea.<\/p>\n<p>Antiguamente utilizado en Egipto y venerado por griegos y romanos como s\u00edmbolo del amor y la muerte, el aceite esencial de romero es actualmente una materia prima utilizada a menudo en perfumer\u00eda.<\/p>\n<p>En aromaterapia, el aceite esencial de las sumidades floridas se utiliza tradicionalmente por v\u00eda oral como estimulante contra la fatiga, las enfermedades hep\u00e1ticas, las digestiones dif\u00edciles (hinchaz\u00f3n, digesti\u00f3n lenta, flatulencias, etc.) y para aliviar los dolores asociados a los periodos menstruales.<\/p>\n<p>El aceite esencial de romero qt. cineol es incoloro a amarillo p\u00e1lido, de baja viscosidad y olor caracter\u00edstico, con notas predominantemente especiadas y amaderadas, es desinfectante y expectorante.<\/p>\n<p><strong>PROPIEDADES TERAP\u00c9UTICAS<\/strong><\/p>\n<ul>\n<li>Expectorante, Mucol\u00edtico, Anticatarral, Descongestionante, Antiinfeccioso respiratorio, Bactericida.<\/li>\n<li>Antiinfeccioso urinario, Fungicida.<\/li>\n<li>Estimulante, Ayuda a la gl\u00e1ndula suprarrenal, Favorece la concentraci\u00f3n.<\/li>\n<li>Antiinfeccioso intestinal, bactericida, fungicida.<\/li>\n<li>Favorece la circulaci\u00f3n sangu\u00ednea, especialmente en los fol\u00edculos pilosos.<\/li>\n<li>Fungicida.<\/li>\n<\/ul>\n<p><strong>INDICACIONES PRINCIPALES<\/strong><\/p>\n<ul>\n<li>Bronquitis, Infecciones respiratorias con mucosidad, Exceso de mucosidad, Enfriamiento del t\u00f3rax, Congesti\u00f3n de las v\u00edas respiratorias, Gripe, Prevenci\u00f3n de las infecciones respiratorias, Sinusitis, Otitis \/ Candidosis oral.<\/li>\n<li>Cistitis, Candidosis vaginal.<\/li>\n<li>Astenia cr\u00f3nica, Agotamiento mental, Agotamiento f\u00edsico \/ suprarrenal, Cortisol elevado \/ Estados depresivos, Problemas de aprendizaje y memoria, Falta de concentraci\u00f3n, Demencia.<\/li>\n<li>Enterocolitis con fermentaci\u00f3n, colitis.<\/li>\n<li>Cabello fino, quebradizo y d\u00e9bil &#8211; Ca\u00edda del cabello \/ Hipotensi\u00f3n, Palpitaciones, Aterosclerosis.<\/li>\n<li>Pie de atleta, micosis cut\u00e1neas.<\/li>\n<\/ul>\n<p><strong>PRESENTACI\u00d3N<\/strong><\/p>\n<p>10 ml<\/p>\n<p>&nbsp;<\/p>\n","protected":false},"excerpt":{"rendered":"<p>O \u00d3leo Essencial de Alecrim Cineol \u00e9 indicado para favorecer a aprendizagem em casos de problemas de mem\u00f3ria e concentra\u00e7\u00e3o e exaust\u00e3o mental. [&#8230;]<\/p>\n<p><a class=\"btn btn-secondary understrap-read-more-link\" href=\"https:\/\/www.lifenatura.com\/es\/produto\/aceite-esencial-de-romero-cineol-bio-10-ml-ladrome\/\">Leer m\u00e1s&#8230;<span class=\"screen-reader-text\"> from Aceite esencial de Romero Cineol Bio 10 ml &#8211; Ladr\u00f4me<\/span><\/a><\/p>\n","protected":false},"featured_media":76269,"template":"","meta":{"_acf_changed":false},"product_brand":[8338],"product_cat":[7201,7179],"product_tag":[],"class_list":{"0":"post-76197","1":"product","2":"type-product","3":"status-publish","4":"has-post-thumbnail","6":"product_brand-ladrome-es","7":"product_cat-aromaterapia-salud","8":"product_cat-salud","10":"first","11":"instock","12":"shipping-taxable","13":"purchasable","14":"product-type-simple","15":"add-to-wishlist-before_image"},"acf":[],"yoast_head":"<!-- This site is optimized with the Yoast SEO Premium plugin v27.1 (Yoast SEO v27.4) - https:\/\/yoast.com\/product\/yoast-seo-premium-wordpress\/ -->\n<title>Aceite esencial de Romero Cineol Bio 10 ml - Ladr\u00f4me - Lifenatura<\/title>\n<meta name=\"description\" content=\"O \u00d3leo Essencial de Alecrim Cineol \u00e9 indicado para favorecer a aprendizagem em casos de problemas de mem\u00f3ria e concentra\u00e7\u00e3o e exaust\u00e3o mental.\" \/>\n<meta name=\"robots\" content=\"index, follow, max-snippet:-1, max-image-preview:large, max-video-preview:-1\" \/>\n<link rel=\"canonical\" href=\"https:\/\/www.lifenatura.com\/es\/produto\/aceite-esencial-de-romero-cineol-bio-10-ml-ladrome\/\" \/>\n<meta property=\"og:locale\" content=\"es_ES\" \/>\n<meta property=\"og:type\" content=\"article\" \/>\n<meta property=\"og:title\" content=\"Aceite esencial de Romero Cineol Bio 10 ml - Ladr\u00f4me - Lifenatura\" \/>\n<meta property=\"og:description\" content=\"Compre aqui o seu Aceite esencial de Romero Cineol Bio 10 ml - Ladr\u00f4me e a Lifenatura Online envia em 48 H com Portes Gratis &gt;35\u20ac de Pedido.\" \/>\n<meta property=\"og:url\" content=\"https:\/\/www.lifenatura.com\/es\/produto\/aceite-esencial-de-romero-cineol-bio-10-ml-ladrome\/\" \/>\n<meta property=\"og:site_name\" content=\"Lifenatura\" \/>\n<meta property=\"article:publisher\" content=\"https:\/\/www.facebook.com\/lifenatura\" \/>\n<meta property=\"article:modified_time\" content=\"2023-09-27T16:34:50+00:00\" \/>\n<meta property=\"og:image\" content=\"https:\/\/www.lifenatura.com\/wp-content\/uploads\/2023\/09\/oleo-essencial-alecrim-cineol-10ml-ladrome.jpg\" \/>\n\t<meta property=\"og:image:width\" content=\"1000\" \/>\n\t<meta property=\"og:image:height\" content=\"1000\" \/>\n\t<meta property=\"og:image:type\" content=\"image\/jpeg\" \/>\n<meta name=\"twitter:card\" content=\"summary_large_image\" \/>\n<meta name=\"twitter:label1\" content=\"Precio\" \/>\n\t<meta name=\"twitter:data1\" content=\"8,68&nbsp;&euro;\" \/>\n\t<meta name=\"twitter:label2\" content=\"Disponibilidad\" \/>\n\t<meta name=\"twitter:data2\" content=\"Disponible\" \/>\n<meta property=\"product:price:amount\" content=\"8.68\" \/>\n<meta property=\"product:price:currency\" content=\"EUR\" \/>\n<meta property=\"og:availability\" content=\"instock\" \/>\n<meta property=\"product:availability\" content=\"instock\" \/>\n<meta property=\"product:retailer_item_id\" content=\"3486330117415\" \/>\n<meta property=\"product:condition\" content=\"new\" \/>\n<!-- \/ Yoast SEO Premium plugin. -->","yoast_head_json":{"title":"Aceite esencial de Romero Cineol Bio 10 ml - Ladr\u00f4me - Lifenatura","description":"O \u00d3leo Essencial de Alecrim Cineol \u00e9 indicado para favorecer a aprendizagem em casos de problemas de mem\u00f3ria e concentra\u00e7\u00e3o e exaust\u00e3o mental.","robots":{"index":"index","follow":"follow","max-snippet":"max-snippet:-1","max-image-preview":"max-image-preview:large","max-video-preview":"max-video-preview:-1"},"canonical":"https:\/\/www.lifenatura.com\/es\/produto\/aceite-esencial-de-romero-cineol-bio-10-ml-ladrome\/","og_locale":"es_ES","og_type":"article","og_title":"Aceite esencial de Romero Cineol Bio 10 ml - Ladr\u00f4me - Lifenatura","og_description":"Compre aqui o seu Aceite esencial de Romero Cineol Bio 10 ml - Ladr\u00f4me e a Lifenatura Online envia em 48 H com Portes Gratis >35\u20ac de Pedido.","og_url":"https:\/\/www.lifenatura.com\/es\/produto\/aceite-esencial-de-romero-cineol-bio-10-ml-ladrome\/","og_site_name":"Lifenatura","article_publisher":"https:\/\/www.facebook.com\/lifenatura","article_modified_time":"2023-09-27T16:34:50+00:00","og_image":[{"width":1000,"height":1000,"url":"https:\/\/www.lifenatura.com\/wp-content\/uploads\/2023\/09\/oleo-essencial-alecrim-cineol-10ml-ladrome.jpg","type":"image\/jpeg"}],"twitter_card":"summary_large_image","twitter_misc":{"Precio":"8,68&nbsp;&euro;","Disponibilidad":"Disponible"},"schema":{"@context":"https:\/\/schema.org","@graph":[{"@type":"WebPage","@id":"https:\/\/www.lifenatura.com\/es\/produto\/aceite-esencial-de-romero-cineol-bio-10-ml-ladrome\/","url":"https:\/\/www.lifenatura.com\/es\/produto\/aceite-esencial-de-romero-cineol-bio-10-ml-ladrome\/","name":"Aceite esencial de Romero Cineol Bio 10 ml - Ladr\u00f4me - Lifenatura","isPartOf":{"@id":"https:\/\/www.lifenatura.com\/es\/#website"},"primaryImageOfPage":{"@id":"https:\/\/www.lifenatura.com\/es\/produto\/aceite-esencial-de-romero-cineol-bio-10-ml-ladrome\/#primaryimage"},"image":{"@id":"https:\/\/www.lifenatura.com\/es\/produto\/aceite-esencial-de-romero-cineol-bio-10-ml-ladrome\/#primaryimage"},"thumbnailUrl":"https:\/\/www.lifenatura.com\/wp-content\/uploads\/2023\/09\/oleo-essencial-alecrim-cineol-10ml-ladrome.jpg","datePublished":"2023-09-21T16:47:56+00:00","dateModified":"2023-09-27T16:34:50+00:00","description":"O \u00d3leo Essencial de Alecrim Cineol \u00e9 indicado para favorecer a aprendizagem em casos de problemas de mem\u00f3ria e concentra\u00e7\u00e3o e exaust\u00e3o mental.","breadcrumb":{"@id":"https:\/\/www.lifenatura.com\/es\/produto\/aceite-esencial-de-romero-cineol-bio-10-ml-ladrome\/#breadcrumb"},"inLanguage":"es","potentialAction":[{"@type":"ReadAction","target":["https:\/\/www.lifenatura.com\/es\/produto\/aceite-esencial-de-romero-cineol-bio-10-ml-ladrome\/"]}]},{"@type":"ImageObject","inLanguage":"es","@id":"https:\/\/www.lifenatura.com\/es\/produto\/aceite-esencial-de-romero-cineol-bio-10-ml-ladrome\/#primaryimage","url":"https:\/\/www.lifenatura.com\/wp-content\/uploads\/2023\/09\/oleo-essencial-alecrim-cineol-10ml-ladrome.jpg","contentUrl":"https:\/\/www.lifenatura.com\/wp-content\/uploads\/2023\/09\/oleo-essencial-alecrim-cineol-10ml-ladrome.jpg","width":1000,"height":1000,"caption":"\u00f3leo essencial de alecrim cineol da marca Ladrome"},{"@type":"BreadcrumbList","@id":"https:\/\/www.lifenatura.com\/es\/produto\/aceite-esencial-de-romero-cineol-bio-10-ml-ladrome\/#breadcrumb","itemListElement":[{"@type":"ListItem","position":1,"name":"In\u00edcio","item":"https:\/\/www.lifenatura.com\/es\/"},{"@type":"ListItem","position":2,"name":"Todos los Productos","item":"https:\/\/www.lifenatura.com\/es\/tienda\/"},{"@type":"ListItem","position":3,"name":"Aceite esencial de Romero Cineol Bio 10 ml &#8211; Ladr\u00f4me"}]},{"@type":"WebSite","@id":"https:\/\/www.lifenatura.com\/es\/#website","url":"https:\/\/www.lifenatura.com\/es\/","name":"Lifenatura","description":"A Lifenatura \u00e9 uma loja de produtos naturais, cosm\u00e9tica natural e alimenta\u00e7\u00e3o Biol\u00f3gica.","publisher":{"@id":"https:\/\/www.lifenatura.com\/es\/#organization"},"potentialAction":[{"@type":"SearchAction","target":{"@type":"EntryPoint","urlTemplate":"https:\/\/www.lifenatura.com\/es\/?s={search_term_string}"},"query-input":{"@type":"PropertyValueSpecification","valueRequired":true,"valueName":"search_term_string"}}],"inLanguage":"es"},{"@type":"Organization","@id":"https:\/\/www.lifenatura.com\/es\/#organization","name":"Lifenatura","url":"https:\/\/www.lifenatura.com\/es\/","logo":{"@type":"ImageObject","inLanguage":"es","@id":"https:\/\/www.lifenatura.com\/es\/#\/schema\/logo\/image\/","url":"https:\/\/www.lifenatura.com\/wp-content\/uploads\/2021\/11\/logo.png","contentUrl":"https:\/\/www.lifenatura.com\/wp-content\/uploads\/2021\/11\/logo.png","width":175,"height":55,"caption":"Lifenatura"},"image":{"@id":"https:\/\/www.lifenatura.com\/es\/#\/schema\/logo\/image\/"},"sameAs":["https:\/\/www.facebook.com\/lifenatura","https:\/\/www.instagram.com\/lifenaturapt\/"]}]},"product_price_amount":"8.68","product_price_currency":"EUR","og_availability":"instock","product_availability":"instock","product_retailer_item_id":"3486330117415","product_condition":"new"},"df_price":8.68,"df_sale_price":"","df_regular_price":8.68,"df_image_link":"https:\/\/www.lifenatura.com\/wp-content\/uploads\/2023\/09\/oleo-essencial-alecrim-cineol-10ml-ladrome-300x300.jpg","_links":{"self":[{"href":"https:\/\/www.lifenatura.com\/es\/wp-json\/wp\/v2\/product\/76197","targetHints":{"allow":["GET"]}}],"collection":[{"href":"https:\/\/www.lifenatura.com\/es\/wp-json\/wp\/v2\/product"}],"about":[{"href":"https:\/\/www.lifenatura.com\/es\/wp-json\/wp\/v2\/types\/product"}],"wp:featuredmedia":[{"embeddable":true,"href":"https:\/\/www.lifenatura.com\/es\/wp-json\/wp\/v2\/media\/76269"}],"wp:attachment":[{"href":"https:\/\/www.lifenatura.com\/es\/wp-json\/wp\/v2\/media?parent=76197"}],"wp:term":[{"taxonomy":"product_brand","embeddable":true,"href":"https:\/\/www.lifenatura.com\/es\/wp-json\/wp\/v2\/product_brand?post=76197"},{"taxonomy":"product_cat","embeddable":true,"href":"https:\/\/www.lifenatura.com\/es\/wp-json\/wp\/v2\/product_cat?post=76197"},{"taxonomy":"product_tag","embeddable":true,"href":"https:\/\/www.lifenatura.com\/es\/wp-json\/wp\/v2\/product_tag?post=76197"}],"curies":[{"name":"wp","href":"https:\/\/api.w.org\/{rel}","templated":true}]}}