{"id":76178,"date":"2023-09-27T12:45:48","date_gmt":"2023-09-27T12:45:48","guid":{"rendered":"https:\/\/www.lifenatura.com\/?post_type=product&#038;p=76178"},"modified":"2023-09-27T12:50:25","modified_gmt":"2023-09-27T12:50:25","slug":"super-omega-3-60-softgels-life-extension","status":"publish","type":"product","link":"https:\/\/www.lifenatura.com\/es\/produto\/super-omega-3-60-softgels-life-extension\/","title":{"rendered":"Super Omega 3 60 softgels &#8211; Life Extension"},"content":{"rendered":"<h2 style=\"text-align: left;\"><strong>Super Omega 3 para fortalecer el sistema cardiovascular<\/strong><\/h2>\n<p>&nbsp;<\/p>\n<p>Super Omega 3 con EPA y DHA con extracto de s\u00e9samo y oliva, contiene aceite Omega 3 puro y saludable extra\u00eddo cuidadosamente de una fuente natural, que favorece la salud cardiovascular, el antienvejecimiento y la salud cognitiva.<\/p>\n<p>Los beneficios para la salud del Omega 3 son muchos e incluyen el apoyo a la salud del coraz\u00f3n, la funci\u00f3n cerebral y el equilibrio de la respuesta inflamatoria.<\/p>\n<p>Super Omega-3 EPA\/DHA a\u00f1ade lignanos de s\u00e9samo y extracto de oliva a los \u00e1cidos grasos esenciales EPA y DHA del aceite de pescado para aumentar sus beneficios para la salud.<\/p>\n<p>Existen varios Omega-3 en el mercado pero ninguno de ellos combina lignanos de s\u00e9samo y extracto de olivo para ayudar a potenciar los beneficios para la salud de los \u00e1cidos grasos omega-3.<\/p>\n<p><strong>PRESENTACI\u00d3N<\/strong><\/p>\n<p>60 c\u00e1psulas blandas<\/p>\n<p>&nbsp;<\/p>\n","protected":false},"excerpt":{"rendered":"<p>Super Omega 3 es una fuente saludable de EPA y DHA que protege el coraz\u00f3n y beneficia la cognici\u00f3n, adem\u00e1s de ser un antiinflamatorio natural. [&#8230;]<\/p>\n<p><a class=\"btn btn-secondary understrap-read-more-link\" href=\"https:\/\/www.lifenatura.com\/es\/produto\/super-omega-3-60-softgels-life-extension\/\">Leer m\u00e1s&#8230;<span class=\"screen-reader-text\"> from Super Omega 3 60 softgels &#8211; Life Extension<\/span><\/a><\/p>\n","protected":false},"featured_media":76177,"template":"","meta":{"_acf_changed":false},"product_brand":[8339],"product_cat":[7222,7659,7755,7179],"product_tag":[],"class_list":{"0":"post-76178","1":"product","2":"type-product","3":"status-publish","4":"has-post-thumbnail","6":"product_brand-life-extension-es","7":"product_cat-colesterol-salud","8":"product_cat-ingrediente-natural-bio","9":"product_cat-omega-3-es","10":"product_cat-salud","11":"pa_caracteristicas-sin-gluten","12":"pa_caracteristicas-sin-omg","14":"first","15":"instock","16":"shipping-taxable","17":"purchasable","18":"product-type-simple","19":"add-to-wishlist-before_image"},"acf":[],"yoast_head":"<!-- This site is optimized with the Yoast SEO Premium plugin v27.1 (Yoast SEO v27.4) - https:\/\/yoast.com\/product\/yoast-seo-premium-wordpress\/ -->\n<title>Super Omega 3 60 softgels - Life Extension - Lifenatura<\/title>\n<meta name=\"description\" content=\"Super Omega 3 es una fuente saludable de EPA y DHA que protege el coraz\u00f3n y beneficia la cognici\u00f3n, adem\u00e1s de ser un antiinflamatorio natural.\" \/>\n<meta name=\"robots\" content=\"index, follow, max-snippet:-1, max-image-preview:large, max-video-preview:-1\" \/>\n<link rel=\"canonical\" href=\"https:\/\/www.lifenatura.com\/es\/produto\/super-omega-3-60-softgels-life-extension\/\" \/>\n<meta property=\"og:locale\" content=\"es_ES\" \/>\n<meta property=\"og:type\" content=\"article\" \/>\n<meta property=\"og:title\" content=\"Super Omega 3 60 softgels - Life Extension - Lifenatura\" \/>\n<meta property=\"og:description\" content=\"Compre aqui o seu Super Omega 3 60 softgels - Life Extension e a Lifenatura Online envia em 48 H com Portes Gratis &gt;35\u20ac de Pedido.\" \/>\n<meta property=\"og:url\" content=\"https:\/\/www.lifenatura.com\/es\/produto\/super-omega-3-60-softgels-life-extension\/\" \/>\n<meta property=\"og:site_name\" content=\"Lifenatura\" \/>\n<meta property=\"article:publisher\" content=\"https:\/\/www.facebook.com\/lifenatura\" \/>\n<meta property=\"article:modified_time\" content=\"2023-09-27T12:50:25+00:00\" \/>\n<meta property=\"og:image\" content=\"https:\/\/www.lifenatura.com\/wp-content\/uploads\/2023\/09\/super-omega-life-extension.jpg\" \/>\n\t<meta property=\"og:image:width\" content=\"1000\" \/>\n\t<meta property=\"og:image:height\" content=\"1000\" \/>\n\t<meta property=\"og:image:type\" content=\"image\/jpeg\" \/>\n<meta name=\"twitter:card\" content=\"summary_large_image\" \/>\n<meta name=\"twitter:label1\" content=\"Precio\" \/>\n\t<meta name=\"twitter:data1\" content=\"28,90&nbsp;&euro;\" \/>\n\t<meta name=\"twitter:label2\" content=\"Disponibilidad\" \/>\n\t<meta name=\"twitter:data2\" content=\"Disponible\" \/>\n<meta property=\"product:price:amount\" content=\"28.90\" \/>\n<meta property=\"product:price:currency\" content=\"EUR\" \/>\n<meta property=\"og:availability\" content=\"instock\" \/>\n<meta property=\"product:availability\" content=\"instock\" \/>\n<meta property=\"product:retailer_item_id\" content=\"737870198369\" \/>\n<meta property=\"product:condition\" content=\"new\" \/>\n<!-- \/ Yoast SEO Premium plugin. -->","yoast_head_json":{"title":"Super Omega 3 60 softgels - Life Extension - Lifenatura","description":"Super Omega 3 es una fuente saludable de EPA y DHA que protege el coraz\u00f3n y beneficia la cognici\u00f3n, adem\u00e1s de ser un antiinflamatorio natural.","robots":{"index":"index","follow":"follow","max-snippet":"max-snippet:-1","max-image-preview":"max-image-preview:large","max-video-preview":"max-video-preview:-1"},"canonical":"https:\/\/www.lifenatura.com\/es\/produto\/super-omega-3-60-softgels-life-extension\/","og_locale":"es_ES","og_type":"article","og_title":"Super Omega 3 60 softgels - Life Extension - Lifenatura","og_description":"Compre aqui o seu Super Omega 3 60 softgels - Life Extension e a Lifenatura Online envia em 48 H com Portes Gratis >35\u20ac de Pedido.","og_url":"https:\/\/www.lifenatura.com\/es\/produto\/super-omega-3-60-softgels-life-extension\/","og_site_name":"Lifenatura","article_publisher":"https:\/\/www.facebook.com\/lifenatura","article_modified_time":"2023-09-27T12:50:25+00:00","og_image":[{"width":1000,"height":1000,"url":"https:\/\/www.lifenatura.com\/wp-content\/uploads\/2023\/09\/super-omega-life-extension.jpg","type":"image\/jpeg"}],"twitter_card":"summary_large_image","twitter_misc":{"Precio":"28,90&nbsp;&euro;","Disponibilidad":"Disponible"},"schema":{"@context":"https:\/\/schema.org","@graph":[{"@type":"WebPage","@id":"https:\/\/www.lifenatura.com\/es\/produto\/super-omega-3-60-softgels-life-extension\/","url":"https:\/\/www.lifenatura.com\/es\/produto\/super-omega-3-60-softgels-life-extension\/","name":"Super Omega 3 60 softgels - Life Extension - Lifenatura","isPartOf":{"@id":"https:\/\/www.lifenatura.com\/es\/#website"},"primaryImageOfPage":{"@id":"https:\/\/www.lifenatura.com\/es\/produto\/super-omega-3-60-softgels-life-extension\/#primaryimage"},"image":{"@id":"https:\/\/www.lifenatura.com\/es\/produto\/super-omega-3-60-softgels-life-extension\/#primaryimage"},"thumbnailUrl":"https:\/\/www.lifenatura.com\/wp-content\/uploads\/2023\/09\/super-omega-life-extension.jpg","datePublished":"2023-09-27T12:45:48+00:00","dateModified":"2023-09-27T12:50:25+00:00","description":"Super Omega 3 es una fuente saludable de EPA y DHA que protege el coraz\u00f3n y beneficia la cognici\u00f3n, adem\u00e1s de ser un antiinflamatorio natural.","breadcrumb":{"@id":"https:\/\/www.lifenatura.com\/es\/produto\/super-omega-3-60-softgels-life-extension\/#breadcrumb"},"inLanguage":"es","potentialAction":[{"@type":"ReadAction","target":["https:\/\/www.lifenatura.com\/es\/produto\/super-omega-3-60-softgels-life-extension\/"]}]},{"@type":"ImageObject","inLanguage":"es","@id":"https:\/\/www.lifenatura.com\/es\/produto\/super-omega-3-60-softgels-life-extension\/#primaryimage","url":"https:\/\/www.lifenatura.com\/wp-content\/uploads\/2023\/09\/super-omega-life-extension.jpg","contentUrl":"https:\/\/www.lifenatura.com\/wp-content\/uploads\/2023\/09\/super-omega-life-extension.jpg","width":1000,"height":1000,"caption":"super omega 3 da life extension"},{"@type":"BreadcrumbList","@id":"https:\/\/www.lifenatura.com\/es\/produto\/super-omega-3-60-softgels-life-extension\/#breadcrumb","itemListElement":[{"@type":"ListItem","position":1,"name":"In\u00edcio","item":"https:\/\/www.lifenatura.com\/es\/"},{"@type":"ListItem","position":2,"name":"Todos los Productos","item":"https:\/\/www.lifenatura.com\/es\/tienda\/"},{"@type":"ListItem","position":3,"name":"Super Omega 3 60 softgels &#8211; Life Extension"}]},{"@type":"WebSite","@id":"https:\/\/www.lifenatura.com\/es\/#website","url":"https:\/\/www.lifenatura.com\/es\/","name":"Lifenatura","description":"A Lifenatura \u00e9 uma loja de produtos naturais, cosm\u00e9tica natural e alimenta\u00e7\u00e3o Biol\u00f3gica.","publisher":{"@id":"https:\/\/www.lifenatura.com\/es\/#organization"},"potentialAction":[{"@type":"SearchAction","target":{"@type":"EntryPoint","urlTemplate":"https:\/\/www.lifenatura.com\/es\/?s={search_term_string}"},"query-input":{"@type":"PropertyValueSpecification","valueRequired":true,"valueName":"search_term_string"}}],"inLanguage":"es"},{"@type":"Organization","@id":"https:\/\/www.lifenatura.com\/es\/#organization","name":"Lifenatura","url":"https:\/\/www.lifenatura.com\/es\/","logo":{"@type":"ImageObject","inLanguage":"es","@id":"https:\/\/www.lifenatura.com\/es\/#\/schema\/logo\/image\/","url":"https:\/\/www.lifenatura.com\/wp-content\/uploads\/2021\/11\/logo.png","contentUrl":"https:\/\/www.lifenatura.com\/wp-content\/uploads\/2021\/11\/logo.png","width":175,"height":55,"caption":"Lifenatura"},"image":{"@id":"https:\/\/www.lifenatura.com\/es\/#\/schema\/logo\/image\/"},"sameAs":["https:\/\/www.facebook.com\/lifenatura","https:\/\/www.instagram.com\/lifenaturapt\/"]}]},"product_price_amount":"28.90","product_price_currency":"EUR","og_availability":"instock","product_availability":"instock","product_retailer_item_id":"737870198369","product_condition":"new"},"df_price":28.9,"df_sale_price":"","df_regular_price":28.9,"df_image_link":"https:\/\/www.lifenatura.com\/wp-content\/uploads\/2023\/09\/super-omega-life-extension-300x300.jpg","_links":{"self":[{"href":"https:\/\/www.lifenatura.com\/es\/wp-json\/wp\/v2\/product\/76178","targetHints":{"allow":["GET"]}}],"collection":[{"href":"https:\/\/www.lifenatura.com\/es\/wp-json\/wp\/v2\/product"}],"about":[{"href":"https:\/\/www.lifenatura.com\/es\/wp-json\/wp\/v2\/types\/product"}],"wp:featuredmedia":[{"embeddable":true,"href":"https:\/\/www.lifenatura.com\/es\/wp-json\/wp\/v2\/media\/76177"}],"wp:attachment":[{"href":"https:\/\/www.lifenatura.com\/es\/wp-json\/wp\/v2\/media?parent=76178"}],"wp:term":[{"taxonomy":"product_brand","embeddable":true,"href":"https:\/\/www.lifenatura.com\/es\/wp-json\/wp\/v2\/product_brand?post=76178"},{"taxonomy":"product_cat","embeddable":true,"href":"https:\/\/www.lifenatura.com\/es\/wp-json\/wp\/v2\/product_cat?post=76178"},{"taxonomy":"product_tag","embeddable":true,"href":"https:\/\/www.lifenatura.com\/es\/wp-json\/wp\/v2\/product_tag?post=76178"}],"curies":[{"name":"wp","href":"https:\/\/api.w.org\/{rel}","templated":true}]}}