{"id":76066,"date":"2023-09-21T16:48:09","date_gmt":"2023-09-21T16:48:09","guid":{"rendered":"https:\/\/www.lifenatura.com\/?post_type=product&#038;p=76066"},"modified":"2023-09-26T10:59:58","modified_gmt":"2023-09-26T10:59:58","slug":"aceite-esencial-de-lavanda-super-bio-30-ml-ladrome","status":"publish","type":"product","link":"https:\/\/www.lifenatura.com\/es\/produto\/aceite-esencial-de-lavanda-super-bio-30-ml-ladrome\/","title":{"rendered":"Aceite Esencial de Lavanda Super Bio 30 ml &#8211; Ladr\u00f4me"},"content":{"rendered":"<h2 style=\"text-align: left\"><strong>Aceite esencial de Lavanda Super<\/strong><\/h2>\n<p>&nbsp;<\/p>\n<p>La lavanda super, tambi\u00e9n conocida como lavand\u00edn, es el resultado del cruce entre la lavanda verdadera y la lavanda aspic, lo que la convierte en un h\u00edbrido.<\/p>\n<p>Se reconoce f\u00e1cilmente por sus mechones uniformes, muy perfumados, de color azul lila.<\/p>\n<p>Se cultiva mucho porque produce m\u00e1s aceite esencial que las otras dos lavandas (verdadera y aspic) y crece a menor altitud.<\/p>\n<p>Menos cara y con un olor menos sutil que la lavanda verdadera, la lavanda super tiene, sin embargo, propiedades similares a la lavanda verdadera, ya que bioqu\u00edmicamente es muy parecida a ella.<\/p>\n<p>En aromaterapia, el aceite esencial destilado de sus sumidades floridas es ideal para calmar el estr\u00e9s y el nerviosismo.<\/p>\n<p>Se recomienda difundirlo unos minutos antes de acostarse para un sue\u00f1o reparador. Este aceite esencial tambi\u00e9n tiene propiedades relajantes para los m\u00fasculos y las articulaciones cansadas.<\/p>\n<p>Al igual que la aut\u00e9ntica lavanda, purifica, suaviza y repara las pieles irritadas (quemaduras solares, por ejemplo).<\/p>\n<p><strong>PROPIEDADES TERAP\u00c9UTICAS<\/strong><\/p>\n<ul>\n<li>Neurot\u00f3nico, Equilibrante, Calmante, Sedante, Antidepresivo, Estimulante.<\/li>\n<li>Antiespasm\u00f3dico, Relajante muscular, Analg\u00e9sico, Cardiot\u00f3nico, Sedante, Hipotensor, Antiinflamatorio, Analg\u00e9sico; Antis\u00e9ptico cut\u00e1neo, Antimicrobiano, Cicatrizante<\/li>\n<li>Regenerador celular.<\/li>\n<li>Anticoagulante, Fluidificante, Antiinflamatorio.<\/li>\n<\/ul>\n<p><strong>PRINCIPALES INDICACIONES<\/strong><\/p>\n<ul>\n<li>Nerviosismo, Insomnio, Trastornos del sue\u00f1o, Neurastenia, Estr\u00e9s, Cefaleas tensionales, Depresi\u00f3n, Ansiedad, Angustia, Ira, Cambios de humor.<\/li>\n<li>Calambres, Contracturas, Dolores musculares y articulares, Espasmos intestinales, Esguinces, Cardialgia neurovegetativa, Extras\u00edstoles, Palpitaciones, Taquicardia, Hipertensi\u00f3n.<\/li>\n<li>Vacaciones, Abscesos, Quemaduras, Prurito, Costras, Urticaria, Cicatrices, Picaduras de insectos, Dermatosis infecciosas y al\u00e9rgicas, Eczema, \u00dalceras varicosas, Gingivitis.<\/li>\n<li>Flebitis, Paraflebitis, Trombosis (soporte).<\/li>\n<\/ul>\n<p><strong>PRESENTACI\u00d3N<\/strong><\/p>\n<p>30 ml<\/p>\n<p>&nbsp;<\/p>\n","protected":false},"excerpt":{"rendered":"<p>El Aceite Esencial de Lavanda Super 30 ml est\u00e1 indicado para la relajaci\u00f3n y la serenidad, para contracturas, dolores musculares o articulares. [&#8230;]<\/p>\n<p><a class=\"btn btn-secondary understrap-read-more-link\" href=\"https:\/\/www.lifenatura.com\/es\/produto\/aceite-esencial-de-lavanda-super-bio-30-ml-ladrome\/\">Leer m\u00e1s&#8230;<span class=\"screen-reader-text\"> from Aceite Esencial de Lavanda Super Bio 30 ml &#8211; Ladr\u00f4me<\/span><\/a><\/p>\n","protected":false},"featured_media":76275,"template":"","meta":{"_acf_changed":false},"product_brand":[8338],"product_cat":[7201,7179],"product_tag":[],"class_list":{"0":"post-76066","1":"product","2":"type-product","3":"status-publish","4":"has-post-thumbnail","6":"product_brand-ladrome-es","7":"product_cat-aromaterapia-salud","8":"product_cat-salud","10":"first","11":"instock","12":"sale","13":"featured","14":"shipping-taxable","15":"purchasable","16":"product-type-simple","17":"add-to-wishlist-before_image"},"acf":[],"yoast_head":"<!-- This site is optimized with the Yoast SEO Premium plugin v27.1 (Yoast SEO v27.5) - https:\/\/yoast.com\/product\/yoast-seo-premium-wordpress\/ -->\n<title>Aceite Esencial de Lavanda Super Bio 30 ml - Ladr\u00f4me - Na Lifenatura ao Melhor Pre\u00e7o | Envio em 48h<\/title>\n<meta name=\"description\" content=\"El Aceite Esencial de Lavanda Super 30 ml est\u00e1 indicado para la relajaci\u00f3n y la serenidad, para contracturas, dolores musculares o articulares.\" \/>\n<meta name=\"robots\" content=\"index, follow, max-snippet:-1, max-image-preview:large, max-video-preview:-1\" \/>\n<link rel=\"canonical\" href=\"https:\/\/www.lifenatura.com\/es\/produto\/aceite-esencial-de-lavanda-super-bio-30-ml-ladrome\/\" \/>\n<meta property=\"og:locale\" content=\"es_ES\" \/>\n<meta property=\"og:type\" content=\"article\" \/>\n<meta property=\"og:title\" content=\"Aceite Esencial de Lavanda Super Bio 30 ml - Ladr\u00f4me - Na Lifenatura ao Melhor Pre\u00e7o | Envio 48h\" \/>\n<meta property=\"og:description\" content=\"Compre Aceite Esencial de Lavanda Super Bio 30 ml - Ladr\u00f4me com envio r\u00e1pido. Entrega em 48h e portes gr\u00e1tis em compras &gt;35\u20ac. Aproveite j\u00e1 na Lifenatura\" \/>\n<meta property=\"og:url\" content=\"https:\/\/www.lifenatura.com\/es\/produto\/aceite-esencial-de-lavanda-super-bio-30-ml-ladrome\/\" \/>\n<meta property=\"og:site_name\" content=\"Lifenatura\" \/>\n<meta property=\"article:publisher\" content=\"https:\/\/www.facebook.com\/lifenatura\" \/>\n<meta property=\"article:modified_time\" content=\"2023-09-26T10:59:58+00:00\" \/>\n<meta property=\"og:image\" content=\"https:\/\/www.lifenatura.com\/wp-content\/uploads\/2023\/09\/oleo-essencial-alfazema-super-30ml-ladrome.jpg\" \/>\n\t<meta property=\"og:image:width\" content=\"1000\" \/>\n\t<meta property=\"og:image:height\" content=\"1000\" \/>\n\t<meta property=\"og:image:type\" content=\"image\/jpeg\" \/>\n<meta name=\"twitter:card\" content=\"summary_large_image\" \/>\n<meta name=\"twitter:label1\" content=\"Precio\" \/>\n\t<meta name=\"twitter:data1\" content=\"14,85&nbsp;&euro;\" \/>\n\t<meta name=\"twitter:label2\" content=\"Disponibilidad\" \/>\n\t<meta name=\"twitter:data2\" content=\"Disponible\" \/>\n<script type=\"application\/ld+json\" class=\"yoast-schema-graph\">{\"@context\":\"https:\\\/\\\/schema.org\",\"@graph\":[{\"@type\":\"WebPage\",\"@id\":\"https:\\\/\\\/www.lifenatura.com\\\/es\\\/produto\\\/aceite-esencial-de-lavanda-super-bio-30-ml-ladrome\\\/\",\"url\":\"https:\\\/\\\/www.lifenatura.com\\\/es\\\/produto\\\/aceite-esencial-de-lavanda-super-bio-30-ml-ladrome\\\/\",\"name\":\"Aceite Esencial de Lavanda Super Bio 30 ml - Ladr\u00f4me - Na Lifenatura ao Melhor Pre\u00e7o | Envio em 48h\",\"isPartOf\":{\"@id\":\"https:\\\/\\\/www.lifenatura.com\\\/es\\\/#website\"},\"primaryImageOfPage\":{\"@id\":\"https:\\\/\\\/www.lifenatura.com\\\/es\\\/produto\\\/aceite-esencial-de-lavanda-super-bio-30-ml-ladrome\\\/#primaryimage\"},\"image\":{\"@id\":\"https:\\\/\\\/www.lifenatura.com\\\/es\\\/produto\\\/aceite-esencial-de-lavanda-super-bio-30-ml-ladrome\\\/#primaryimage\"},\"thumbnailUrl\":\"https:\\\/\\\/www.lifenatura.com\\\/wp-content\\\/uploads\\\/2023\\\/09\\\/oleo-essencial-alfazema-super-30ml-ladrome.jpg\",\"datePublished\":\"2023-09-21T16:48:09+00:00\",\"dateModified\":\"2023-09-26T10:59:58+00:00\",\"description\":\"El Aceite Esencial de Lavanda Super 30 ml est\u00e1 indicado para la relajaci\u00f3n y la serenidad, para contracturas, dolores musculares o articulares.\",\"breadcrumb\":{\"@id\":\"https:\\\/\\\/www.lifenatura.com\\\/es\\\/produto\\\/aceite-esencial-de-lavanda-super-bio-30-ml-ladrome\\\/#breadcrumb\"},\"inLanguage\":\"es\",\"potentialAction\":[{\"@type\":\"ReadAction\",\"target\":[\"https:\\\/\\\/www.lifenatura.com\\\/es\\\/produto\\\/aceite-esencial-de-lavanda-super-bio-30-ml-ladrome\\\/\"]}]},{\"@type\":\"ImageObject\",\"inLanguage\":\"es\",\"@id\":\"https:\\\/\\\/www.lifenatura.com\\\/es\\\/produto\\\/aceite-esencial-de-lavanda-super-bio-30-ml-ladrome\\\/#primaryimage\",\"url\":\"https:\\\/\\\/www.lifenatura.com\\\/wp-content\\\/uploads\\\/2023\\\/09\\\/oleo-essencial-alfazema-super-30ml-ladrome.jpg\",\"contentUrl\":\"https:\\\/\\\/www.lifenatura.com\\\/wp-content\\\/uploads\\\/2023\\\/09\\\/oleo-essencial-alfazema-super-30ml-ladrome.jpg\",\"width\":1000,\"height\":1000,\"caption\":\"\u00f3leo essencial de alfazema super 30ml da marca Ladrome\"},{\"@type\":\"BreadcrumbList\",\"@id\":\"https:\\\/\\\/www.lifenatura.com\\\/es\\\/produto\\\/aceite-esencial-de-lavanda-super-bio-30-ml-ladrome\\\/#breadcrumb\",\"itemListElement\":[{\"@type\":\"ListItem\",\"position\":1,\"name\":\"In\u00edcio\",\"item\":\"https:\\\/\\\/www.lifenatura.com\\\/es\\\/\"},{\"@type\":\"ListItem\",\"position\":2,\"name\":\"Todos los Productos\",\"item\":\"https:\\\/\\\/www.lifenatura.com\\\/es\\\/tienda\\\/\"},{\"@type\":\"ListItem\",\"position\":3,\"name\":\"Aceite Esencial de Lavanda Super Bio 30 ml &#8211; Ladr\u00f4me\"}]},{\"@type\":\"WebSite\",\"@id\":\"https:\\\/\\\/www.lifenatura.com\\\/es\\\/#website\",\"url\":\"https:\\\/\\\/www.lifenatura.com\\\/es\\\/\",\"name\":\"Lifenatura\",\"description\":\"A Lifenatura \u00e9 uma loja de produtos naturais, cosm\u00e9tica natural e alimenta\u00e7\u00e3o Biol\u00f3gica.\",\"publisher\":{\"@id\":\"https:\\\/\\\/www.lifenatura.com\\\/es\\\/#organization\"},\"potentialAction\":[{\"@type\":\"SearchAction\",\"target\":{\"@type\":\"EntryPoint\",\"urlTemplate\":\"https:\\\/\\\/www.lifenatura.com\\\/es\\\/?s={search_term_string}\"},\"query-input\":{\"@type\":\"PropertyValueSpecification\",\"valueRequired\":true,\"valueName\":\"search_term_string\"}}],\"inLanguage\":\"es\"},{\"@type\":\"Organization\",\"@id\":\"https:\\\/\\\/www.lifenatura.com\\\/es\\\/#organization\",\"name\":\"Lifenatura\",\"url\":\"https:\\\/\\\/www.lifenatura.com\\\/es\\\/\",\"logo\":{\"@type\":\"ImageObject\",\"inLanguage\":\"es\",\"@id\":\"https:\\\/\\\/www.lifenatura.com\\\/es\\\/#\\\/schema\\\/logo\\\/image\\\/\",\"url\":\"https:\\\/\\\/www.lifenatura.com\\\/wp-content\\\/uploads\\\/2021\\\/07\\\/logo.png\",\"contentUrl\":\"https:\\\/\\\/www.lifenatura.com\\\/wp-content\\\/uploads\\\/2021\\\/07\\\/logo.png\",\"width\":175,\"height\":55,\"caption\":\"Lifenatura\"},\"image\":{\"@id\":\"https:\\\/\\\/www.lifenatura.com\\\/es\\\/#\\\/schema\\\/logo\\\/image\\\/\"},\"sameAs\":[\"https:\\\/\\\/www.facebook.com\\\/lifenatura\",\"https:\\\/\\\/www.instagram.com\\\/lifenaturapt\\\/\"],\"hasMerchantReturnPolicy\":{\"@type\":\"MerchantReturnPolicy\",\"merchantReturnLink\":\"https:\\\/\\\/www.lifenatura.com\\\/termos-condicoes-lifenatura\\\/\"}}]}<\/script>\n<meta property=\"product:price:amount\" content=\"14.85\" \/>\n<meta property=\"product:price:currency\" content=\"EUR\" \/>\n<meta property=\"og:availability\" content=\"instock\" \/>\n<meta property=\"product:availability\" content=\"instock\" \/>\n<meta property=\"product:retailer_item_id\" content=\"3486330128343\" \/>\n<meta property=\"product:condition\" content=\"new\" \/>\n<!-- \/ Yoast SEO Premium plugin. -->","yoast_head_json":{"title":"Aceite Esencial de Lavanda Super Bio 30 ml - Ladr\u00f4me - Na Lifenatura ao Melhor Pre\u00e7o | Envio em 48h","description":"El Aceite Esencial de Lavanda Super 30 ml est\u00e1 indicado para la relajaci\u00f3n y la serenidad, para contracturas, dolores musculares o articulares.","robots":{"index":"index","follow":"follow","max-snippet":"max-snippet:-1","max-image-preview":"max-image-preview:large","max-video-preview":"max-video-preview:-1"},"canonical":"https:\/\/www.lifenatura.com\/es\/produto\/aceite-esencial-de-lavanda-super-bio-30-ml-ladrome\/","og_locale":"es_ES","og_type":"article","og_title":"Aceite Esencial de Lavanda Super Bio 30 ml - Ladr\u00f4me - Na Lifenatura ao Melhor Pre\u00e7o | Envio 48h","og_description":"Compre Aceite Esencial de Lavanda Super Bio 30 ml - Ladr\u00f4me com envio r\u00e1pido. Entrega em 48h e portes gr\u00e1tis em compras >35\u20ac. Aproveite j\u00e1 na Lifenatura","og_url":"https:\/\/www.lifenatura.com\/es\/produto\/aceite-esencial-de-lavanda-super-bio-30-ml-ladrome\/","og_site_name":"Lifenatura","article_publisher":"https:\/\/www.facebook.com\/lifenatura","article_modified_time":"2023-09-26T10:59:58+00:00","og_image":[{"width":1000,"height":1000,"url":"https:\/\/www.lifenatura.com\/wp-content\/uploads\/2023\/09\/oleo-essencial-alfazema-super-30ml-ladrome.jpg","type":"image\/jpeg"}],"twitter_card":"summary_large_image","twitter_misc":{"Precio":"14,85&nbsp;&euro;","Disponibilidad":"Disponible"},"schema":{"@context":"https:\/\/schema.org","@graph":[{"@type":"WebPage","@id":"https:\/\/www.lifenatura.com\/es\/produto\/aceite-esencial-de-lavanda-super-bio-30-ml-ladrome\/","url":"https:\/\/www.lifenatura.com\/es\/produto\/aceite-esencial-de-lavanda-super-bio-30-ml-ladrome\/","name":"Aceite Esencial de Lavanda Super Bio 30 ml - Ladr\u00f4me - Na Lifenatura ao Melhor Pre\u00e7o | Envio em 48h","isPartOf":{"@id":"https:\/\/www.lifenatura.com\/es\/#website"},"primaryImageOfPage":{"@id":"https:\/\/www.lifenatura.com\/es\/produto\/aceite-esencial-de-lavanda-super-bio-30-ml-ladrome\/#primaryimage"},"image":{"@id":"https:\/\/www.lifenatura.com\/es\/produto\/aceite-esencial-de-lavanda-super-bio-30-ml-ladrome\/#primaryimage"},"thumbnailUrl":"https:\/\/www.lifenatura.com\/wp-content\/uploads\/2023\/09\/oleo-essencial-alfazema-super-30ml-ladrome.jpg","datePublished":"2023-09-21T16:48:09+00:00","dateModified":"2023-09-26T10:59:58+00:00","description":"El Aceite Esencial de Lavanda Super 30 ml est\u00e1 indicado para la relajaci\u00f3n y la serenidad, para contracturas, dolores musculares o articulares.","breadcrumb":{"@id":"https:\/\/www.lifenatura.com\/es\/produto\/aceite-esencial-de-lavanda-super-bio-30-ml-ladrome\/#breadcrumb"},"inLanguage":"es","potentialAction":[{"@type":"ReadAction","target":["https:\/\/www.lifenatura.com\/es\/produto\/aceite-esencial-de-lavanda-super-bio-30-ml-ladrome\/"]}]},{"@type":"ImageObject","inLanguage":"es","@id":"https:\/\/www.lifenatura.com\/es\/produto\/aceite-esencial-de-lavanda-super-bio-30-ml-ladrome\/#primaryimage","url":"https:\/\/www.lifenatura.com\/wp-content\/uploads\/2023\/09\/oleo-essencial-alfazema-super-30ml-ladrome.jpg","contentUrl":"https:\/\/www.lifenatura.com\/wp-content\/uploads\/2023\/09\/oleo-essencial-alfazema-super-30ml-ladrome.jpg","width":1000,"height":1000,"caption":"\u00f3leo essencial de alfazema super 30ml da marca Ladrome"},{"@type":"BreadcrumbList","@id":"https:\/\/www.lifenatura.com\/es\/produto\/aceite-esencial-de-lavanda-super-bio-30-ml-ladrome\/#breadcrumb","itemListElement":[{"@type":"ListItem","position":1,"name":"In\u00edcio","item":"https:\/\/www.lifenatura.com\/es\/"},{"@type":"ListItem","position":2,"name":"Todos los Productos","item":"https:\/\/www.lifenatura.com\/es\/tienda\/"},{"@type":"ListItem","position":3,"name":"Aceite Esencial de Lavanda Super Bio 30 ml &#8211; Ladr\u00f4me"}]},{"@type":"WebSite","@id":"https:\/\/www.lifenatura.com\/es\/#website","url":"https:\/\/www.lifenatura.com\/es\/","name":"Lifenatura","description":"A Lifenatura \u00e9 uma loja de produtos naturais, cosm\u00e9tica natural e alimenta\u00e7\u00e3o Biol\u00f3gica.","publisher":{"@id":"https:\/\/www.lifenatura.com\/es\/#organization"},"potentialAction":[{"@type":"SearchAction","target":{"@type":"EntryPoint","urlTemplate":"https:\/\/www.lifenatura.com\/es\/?s={search_term_string}"},"query-input":{"@type":"PropertyValueSpecification","valueRequired":true,"valueName":"search_term_string"}}],"inLanguage":"es"},{"@type":"Organization","@id":"https:\/\/www.lifenatura.com\/es\/#organization","name":"Lifenatura","url":"https:\/\/www.lifenatura.com\/es\/","logo":{"@type":"ImageObject","inLanguage":"es","@id":"https:\/\/www.lifenatura.com\/es\/#\/schema\/logo\/image\/","url":"https:\/\/www.lifenatura.com\/wp-content\/uploads\/2021\/07\/logo.png","contentUrl":"https:\/\/www.lifenatura.com\/wp-content\/uploads\/2021\/07\/logo.png","width":175,"height":55,"caption":"Lifenatura"},"image":{"@id":"https:\/\/www.lifenatura.com\/es\/#\/schema\/logo\/image\/"},"sameAs":["https:\/\/www.facebook.com\/lifenatura","https:\/\/www.instagram.com\/lifenaturapt\/"],"hasMerchantReturnPolicy":{"@type":"MerchantReturnPolicy","merchantReturnLink":"https:\/\/www.lifenatura.com\/termos-condicoes-lifenatura\/"}}]},"product_price_amount":"14.85","product_price_currency":"EUR","og_availability":"instock","product_availability":"instock","product_retailer_item_id":"3486330128343","product_condition":"new"},"df_price":14.85,"df_sale_price":14.85,"df_regular_price":18.56,"df_image_link":"https:\/\/www.lifenatura.com\/wp-content\/uploads\/2023\/09\/oleo-essencial-alfazema-super-30ml-ladrome-300x300.jpg","_links":{"self":[{"href":"https:\/\/www.lifenatura.com\/es\/wp-json\/wp\/v2\/product\/76066","targetHints":{"allow":["GET"]}}],"collection":[{"href":"https:\/\/www.lifenatura.com\/es\/wp-json\/wp\/v2\/product"}],"about":[{"href":"https:\/\/www.lifenatura.com\/es\/wp-json\/wp\/v2\/types\/product"}],"wp:featuredmedia":[{"embeddable":true,"href":"https:\/\/www.lifenatura.com\/es\/wp-json\/wp\/v2\/media\/76275"}],"wp:attachment":[{"href":"https:\/\/www.lifenatura.com\/es\/wp-json\/wp\/v2\/media?parent=76066"}],"wp:term":[{"taxonomy":"product_brand","embeddable":true,"href":"https:\/\/www.lifenatura.com\/es\/wp-json\/wp\/v2\/product_brand?post=76066"},{"taxonomy":"product_cat","embeddable":true,"href":"https:\/\/www.lifenatura.com\/es\/wp-json\/wp\/v2\/product_cat?post=76066"},{"taxonomy":"product_tag","embeddable":true,"href":"https:\/\/www.lifenatura.com\/es\/wp-json\/wp\/v2\/product_tag?post=76066"}],"curies":[{"name":"wp","href":"https:\/\/api.w.org\/{rel}","templated":true}]}}