{"id":75362,"date":"2023-09-14T16:24:50","date_gmt":"2023-09-14T16:24:50","guid":{"rendered":"https:\/\/www.lifenatura.com\/?post_type=product&#038;p=75362"},"modified":"2023-09-19T13:19:56","modified_gmt":"2023-09-19T13:19:56","slug":"vinagre-de-sidra-de-manzana-50-gominolas-weider","status":"publish","type":"product","link":"https:\/\/www.lifenatura.com\/es\/produto\/vinagre-de-sidra-de-manzana-50-gominolas-weider\/","title":{"rendered":"Vinagre de sidra de manzana 50 gominolas &#8211; Weider"},"content":{"rendered":"<h2 style=\"text-align: left;\"><strong>Gominolas de sidra de manzana para el control gluc\u00e9mico<\/strong><\/h2>\n<p>&nbsp;<\/p>\n<p>Las Gominolas de Sidra de Manzana Weider son una forma deliciosa y c\u00f3moda de tomar vinagre de sidra de manzana. Adem\u00e1s, su innovadora f\u00f3rmula es apta para dietas ceto porque su base no contiene carbohidratos y tambi\u00e9n contiene MCT procedentes del aceite de coco.<\/p>\n<p>La f\u00f3rmula es s\u00faper completa, ya que combina en una misma gominola varios principios activos con numerosos beneficios, entre los que destaca el vinagre de sidra de manzana, conocido por mejorar la sensibilidad a la insulina, lo que se traduce en un mejor control gluc\u00e9mico, especialmente despu\u00e9s de las comidas.<\/p>\n<p>Estas gominolas proporcionan una ayuda fant\u00e1stica para alcanzar tus objetivos de la forma m\u00e1s c\u00f3moda y deliciosa. Y recuerde que no contienen al\u00e9rgenos y son aptas para veganos.<\/p>\n<p><strong>PRESENTACI\u00d3N<\/strong><\/p>\n<p>50 gominolas sabor manzana<\/p>\n<p>&nbsp;<\/p>\n","protected":false},"excerpt":{"rendered":"<p>Las gominolas de Sidra de Manzana son ideales para controlar la glucemia, especialmente despu\u00e9s de las comidas. No contienen az\u00facar y son aptas para veganos. [&#8230;]<\/p>\n<p><a class=\"btn btn-secondary understrap-read-more-link\" href=\"https:\/\/www.lifenatura.com\/es\/produto\/vinagre-de-sidra-de-manzana-50-gominolas-weider\/\">Leer m\u00e1s&#8230;<span class=\"screen-reader-text\"> from Vinagre de sidra de manzana 50 gominolas &#8211; Weider<\/span><\/a><\/p>\n","protected":false},"featured_media":75359,"template":"","meta":{"_acf_changed":false},"product_brand":[8383],"product_cat":[7224,7179],"product_tag":[],"class_list":{"0":"post-75362","1":"product","2":"type-product","3":"status-publish","4":"has-post-thumbnail","6":"product_brand-weider","7":"product_cat-diabetes-salud","8":"product_cat-salud","9":"pa_caracteristicas-sin-gluten","10":"pa_caracteristicas-vegano","12":"first","13":"outofstock","14":"shipping-taxable","15":"purchasable","16":"product-type-simple","17":"add-to-wishlist-before_image"},"acf":[],"yoast_head":"<!-- This site is optimized with the Yoast SEO Premium plugin v27.1 (Yoast SEO v27.5) - https:\/\/yoast.com\/product\/yoast-seo-premium-wordpress\/ -->\n<title>Vinagre de sidra de manzana 50 gominolas - Weider - Na Lifenatura ao Melhor Pre\u00e7o | Envio em 48h<\/title>\n<meta name=\"description\" content=\"Las gominolas de Sidra de Manzana son ideales para controlar la glucemia, especialmente despu\u00e9s de las comidas. Son aptas para veganos.\" \/>\n<meta name=\"robots\" content=\"index, follow, max-snippet:-1, max-image-preview:large, max-video-preview:-1\" \/>\n<link rel=\"canonical\" href=\"https:\/\/www.lifenatura.com\/es\/produto\/vinagre-de-sidra-de-manzana-50-gominolas-weider\/\" \/>\n<meta property=\"og:locale\" content=\"es_ES\" \/>\n<meta property=\"og:type\" content=\"article\" \/>\n<meta property=\"og:title\" content=\"Vinagre de sidra de manzana 50 gominolas - Weider - Na Lifenatura ao Melhor Pre\u00e7o | Envio 48h\" \/>\n<meta property=\"og:description\" content=\"Compre Vinagre de sidra de manzana 50 gominolas - Weider com envio r\u00e1pido. Entrega em 48h e portes gr\u00e1tis em compras &gt;35\u20ac. Aproveite j\u00e1 na Lifenatura\" \/>\n<meta property=\"og:url\" content=\"https:\/\/www.lifenatura.com\/es\/produto\/vinagre-de-sidra-de-manzana-50-gominolas-weider\/\" \/>\n<meta property=\"og:site_name\" content=\"Lifenatura\" \/>\n<meta property=\"article:publisher\" content=\"https:\/\/www.facebook.com\/lifenatura\" \/>\n<meta property=\"article:modified_time\" content=\"2023-09-19T13:19:56+00:00\" \/>\n<meta property=\"og:image\" content=\"https:\/\/www.lifenatura.com\/wp-content\/uploads\/2023\/09\/vinagre-cidra-maca-weider.jpg\" \/>\n\t<meta property=\"og:image:width\" content=\"1000\" \/>\n\t<meta property=\"og:image:height\" content=\"1000\" \/>\n\t<meta property=\"og:image:type\" content=\"image\/jpeg\" \/>\n<meta name=\"twitter:card\" content=\"summary_large_image\" \/>\n<meta name=\"twitter:label1\" content=\"Precio\" \/>\n\t<meta name=\"twitter:data1\" content=\"15,50&nbsp;&euro;\" \/>\n\t<meta name=\"twitter:label2\" content=\"Disponibilidad\" \/>\n\t<meta name=\"twitter:data2\" content=\"Sin existencias\" \/>\n<script type=\"application\/ld+json\" class=\"yoast-schema-graph\">{\"@context\":\"https:\\\/\\\/schema.org\",\"@graph\":[{\"@type\":\"WebPage\",\"@id\":\"https:\\\/\\\/www.lifenatura.com\\\/es\\\/produto\\\/vinagre-de-sidra-de-manzana-50-gominolas-weider\\\/\",\"url\":\"https:\\\/\\\/www.lifenatura.com\\\/es\\\/produto\\\/vinagre-de-sidra-de-manzana-50-gominolas-weider\\\/\",\"name\":\"Vinagre de sidra de manzana 50 gominolas - Weider - Na Lifenatura ao Melhor Pre\u00e7o | Envio em 48h\",\"isPartOf\":{\"@id\":\"https:\\\/\\\/www.lifenatura.com\\\/es\\\/#website\"},\"primaryImageOfPage\":{\"@id\":\"https:\\\/\\\/www.lifenatura.com\\\/es\\\/produto\\\/vinagre-de-sidra-de-manzana-50-gominolas-weider\\\/#primaryimage\"},\"image\":{\"@id\":\"https:\\\/\\\/www.lifenatura.com\\\/es\\\/produto\\\/vinagre-de-sidra-de-manzana-50-gominolas-weider\\\/#primaryimage\"},\"thumbnailUrl\":\"https:\\\/\\\/www.lifenatura.com\\\/wp-content\\\/uploads\\\/2023\\\/09\\\/vinagre-cidra-maca-weider.jpg\",\"datePublished\":\"2023-09-14T16:24:50+00:00\",\"dateModified\":\"2023-09-19T13:19:56+00:00\",\"description\":\"Las gominolas de Sidra de Manzana son ideales para controlar la glucemia, especialmente despu\u00e9s de las comidas. Son aptas para veganos.\",\"breadcrumb\":{\"@id\":\"https:\\\/\\\/www.lifenatura.com\\\/es\\\/produto\\\/vinagre-de-sidra-de-manzana-50-gominolas-weider\\\/#breadcrumb\"},\"inLanguage\":\"es\",\"potentialAction\":[{\"@type\":\"ReadAction\",\"target\":[\"https:\\\/\\\/www.lifenatura.com\\\/es\\\/produto\\\/vinagre-de-sidra-de-manzana-50-gominolas-weider\\\/\"]}]},{\"@type\":\"ImageObject\",\"inLanguage\":\"es\",\"@id\":\"https:\\\/\\\/www.lifenatura.com\\\/es\\\/produto\\\/vinagre-de-sidra-de-manzana-50-gominolas-weider\\\/#primaryimage\",\"url\":\"https:\\\/\\\/www.lifenatura.com\\\/wp-content\\\/uploads\\\/2023\\\/09\\\/vinagre-cidra-maca-weider.jpg\",\"contentUrl\":\"https:\\\/\\\/www.lifenatura.com\\\/wp-content\\\/uploads\\\/2023\\\/09\\\/vinagre-cidra-maca-weider.jpg\",\"width\":1000,\"height\":1000,\"caption\":\"gomas de vinagre de cidra da marca weider\"},{\"@type\":\"BreadcrumbList\",\"@id\":\"https:\\\/\\\/www.lifenatura.com\\\/es\\\/produto\\\/vinagre-de-sidra-de-manzana-50-gominolas-weider\\\/#breadcrumb\",\"itemListElement\":[{\"@type\":\"ListItem\",\"position\":1,\"name\":\"In\u00edcio\",\"item\":\"https:\\\/\\\/www.lifenatura.com\\\/es\\\/\"},{\"@type\":\"ListItem\",\"position\":2,\"name\":\"Todos los Productos\",\"item\":\"https:\\\/\\\/www.lifenatura.com\\\/es\\\/tienda\\\/\"},{\"@type\":\"ListItem\",\"position\":3,\"name\":\"Vinagre de sidra de manzana 50 gominolas &#8211; Weider\"}]},{\"@type\":\"WebSite\",\"@id\":\"https:\\\/\\\/www.lifenatura.com\\\/es\\\/#website\",\"url\":\"https:\\\/\\\/www.lifenatura.com\\\/es\\\/\",\"name\":\"Lifenatura\",\"description\":\"A Lifenatura \u00e9 uma loja de produtos naturais, cosm\u00e9tica natural e alimenta\u00e7\u00e3o Biol\u00f3gica.\",\"publisher\":{\"@id\":\"https:\\\/\\\/www.lifenatura.com\\\/es\\\/#organization\"},\"potentialAction\":[{\"@type\":\"SearchAction\",\"target\":{\"@type\":\"EntryPoint\",\"urlTemplate\":\"https:\\\/\\\/www.lifenatura.com\\\/es\\\/?s={search_term_string}\"},\"query-input\":{\"@type\":\"PropertyValueSpecification\",\"valueRequired\":true,\"valueName\":\"search_term_string\"}}],\"inLanguage\":\"es\"},{\"@type\":\"Organization\",\"@id\":\"https:\\\/\\\/www.lifenatura.com\\\/es\\\/#organization\",\"name\":\"Lifenatura\",\"url\":\"https:\\\/\\\/www.lifenatura.com\\\/es\\\/\",\"logo\":{\"@type\":\"ImageObject\",\"inLanguage\":\"es\",\"@id\":\"https:\\\/\\\/www.lifenatura.com\\\/es\\\/#\\\/schema\\\/logo\\\/image\\\/\",\"url\":\"https:\\\/\\\/www.lifenatura.com\\\/wp-content\\\/uploads\\\/2021\\\/07\\\/logo.png\",\"contentUrl\":\"https:\\\/\\\/www.lifenatura.com\\\/wp-content\\\/uploads\\\/2021\\\/07\\\/logo.png\",\"width\":175,\"height\":55,\"caption\":\"Lifenatura\"},\"image\":{\"@id\":\"https:\\\/\\\/www.lifenatura.com\\\/es\\\/#\\\/schema\\\/logo\\\/image\\\/\"},\"sameAs\":[\"https:\\\/\\\/www.facebook.com\\\/lifenatura\",\"https:\\\/\\\/www.instagram.com\\\/lifenaturapt\\\/\"],\"hasMerchantReturnPolicy\":{\"@type\":\"MerchantReturnPolicy\",\"merchantReturnLink\":\"https:\\\/\\\/www.lifenatura.com\\\/termos-condicoes-lifenatura\\\/\"}}]}<\/script>\n<meta property=\"product:price:amount\" content=\"15.50\" \/>\n<meta property=\"product:price:currency\" content=\"EUR\" \/>\n<meta property=\"og:availability\" content=\"out of stock\" \/>\n<meta property=\"product:availability\" content=\"out of stock\" \/>\n<meta property=\"product:retailer_item_id\" content=\"8414192314531\" \/>\n<meta property=\"product:condition\" content=\"new\" \/>\n<!-- \/ Yoast SEO Premium plugin. -->","yoast_head_json":{"title":"Vinagre de sidra de manzana 50 gominolas - Weider - Na Lifenatura ao Melhor Pre\u00e7o | Envio em 48h","description":"Las gominolas de Sidra de Manzana son ideales para controlar la glucemia, especialmente despu\u00e9s de las comidas. Son aptas para veganos.","robots":{"index":"index","follow":"follow","max-snippet":"max-snippet:-1","max-image-preview":"max-image-preview:large","max-video-preview":"max-video-preview:-1"},"canonical":"https:\/\/www.lifenatura.com\/es\/produto\/vinagre-de-sidra-de-manzana-50-gominolas-weider\/","og_locale":"es_ES","og_type":"article","og_title":"Vinagre de sidra de manzana 50 gominolas - Weider - Na Lifenatura ao Melhor Pre\u00e7o | Envio 48h","og_description":"Compre Vinagre de sidra de manzana 50 gominolas - Weider com envio r\u00e1pido. Entrega em 48h e portes gr\u00e1tis em compras >35\u20ac. Aproveite j\u00e1 na Lifenatura","og_url":"https:\/\/www.lifenatura.com\/es\/produto\/vinagre-de-sidra-de-manzana-50-gominolas-weider\/","og_site_name":"Lifenatura","article_publisher":"https:\/\/www.facebook.com\/lifenatura","article_modified_time":"2023-09-19T13:19:56+00:00","og_image":[{"width":1000,"height":1000,"url":"https:\/\/www.lifenatura.com\/wp-content\/uploads\/2023\/09\/vinagre-cidra-maca-weider.jpg","type":"image\/jpeg"}],"twitter_card":"summary_large_image","twitter_misc":{"Precio":"15,50&nbsp;&euro;","Disponibilidad":"Sin existencias"},"schema":{"@context":"https:\/\/schema.org","@graph":[{"@type":"WebPage","@id":"https:\/\/www.lifenatura.com\/es\/produto\/vinagre-de-sidra-de-manzana-50-gominolas-weider\/","url":"https:\/\/www.lifenatura.com\/es\/produto\/vinagre-de-sidra-de-manzana-50-gominolas-weider\/","name":"Vinagre de sidra de manzana 50 gominolas - Weider - Na Lifenatura ao Melhor Pre\u00e7o | Envio em 48h","isPartOf":{"@id":"https:\/\/www.lifenatura.com\/es\/#website"},"primaryImageOfPage":{"@id":"https:\/\/www.lifenatura.com\/es\/produto\/vinagre-de-sidra-de-manzana-50-gominolas-weider\/#primaryimage"},"image":{"@id":"https:\/\/www.lifenatura.com\/es\/produto\/vinagre-de-sidra-de-manzana-50-gominolas-weider\/#primaryimage"},"thumbnailUrl":"https:\/\/www.lifenatura.com\/wp-content\/uploads\/2023\/09\/vinagre-cidra-maca-weider.jpg","datePublished":"2023-09-14T16:24:50+00:00","dateModified":"2023-09-19T13:19:56+00:00","description":"Las gominolas de Sidra de Manzana son ideales para controlar la glucemia, especialmente despu\u00e9s de las comidas. Son aptas para veganos.","breadcrumb":{"@id":"https:\/\/www.lifenatura.com\/es\/produto\/vinagre-de-sidra-de-manzana-50-gominolas-weider\/#breadcrumb"},"inLanguage":"es","potentialAction":[{"@type":"ReadAction","target":["https:\/\/www.lifenatura.com\/es\/produto\/vinagre-de-sidra-de-manzana-50-gominolas-weider\/"]}]},{"@type":"ImageObject","inLanguage":"es","@id":"https:\/\/www.lifenatura.com\/es\/produto\/vinagre-de-sidra-de-manzana-50-gominolas-weider\/#primaryimage","url":"https:\/\/www.lifenatura.com\/wp-content\/uploads\/2023\/09\/vinagre-cidra-maca-weider.jpg","contentUrl":"https:\/\/www.lifenatura.com\/wp-content\/uploads\/2023\/09\/vinagre-cidra-maca-weider.jpg","width":1000,"height":1000,"caption":"gomas de vinagre de cidra da marca weider"},{"@type":"BreadcrumbList","@id":"https:\/\/www.lifenatura.com\/es\/produto\/vinagre-de-sidra-de-manzana-50-gominolas-weider\/#breadcrumb","itemListElement":[{"@type":"ListItem","position":1,"name":"In\u00edcio","item":"https:\/\/www.lifenatura.com\/es\/"},{"@type":"ListItem","position":2,"name":"Todos los Productos","item":"https:\/\/www.lifenatura.com\/es\/tienda\/"},{"@type":"ListItem","position":3,"name":"Vinagre de sidra de manzana 50 gominolas &#8211; Weider"}]},{"@type":"WebSite","@id":"https:\/\/www.lifenatura.com\/es\/#website","url":"https:\/\/www.lifenatura.com\/es\/","name":"Lifenatura","description":"A Lifenatura \u00e9 uma loja de produtos naturais, cosm\u00e9tica natural e alimenta\u00e7\u00e3o Biol\u00f3gica.","publisher":{"@id":"https:\/\/www.lifenatura.com\/es\/#organization"},"potentialAction":[{"@type":"SearchAction","target":{"@type":"EntryPoint","urlTemplate":"https:\/\/www.lifenatura.com\/es\/?s={search_term_string}"},"query-input":{"@type":"PropertyValueSpecification","valueRequired":true,"valueName":"search_term_string"}}],"inLanguage":"es"},{"@type":"Organization","@id":"https:\/\/www.lifenatura.com\/es\/#organization","name":"Lifenatura","url":"https:\/\/www.lifenatura.com\/es\/","logo":{"@type":"ImageObject","inLanguage":"es","@id":"https:\/\/www.lifenatura.com\/es\/#\/schema\/logo\/image\/","url":"https:\/\/www.lifenatura.com\/wp-content\/uploads\/2021\/07\/logo.png","contentUrl":"https:\/\/www.lifenatura.com\/wp-content\/uploads\/2021\/07\/logo.png","width":175,"height":55,"caption":"Lifenatura"},"image":{"@id":"https:\/\/www.lifenatura.com\/es\/#\/schema\/logo\/image\/"},"sameAs":["https:\/\/www.facebook.com\/lifenatura","https:\/\/www.instagram.com\/lifenaturapt\/"],"hasMerchantReturnPolicy":{"@type":"MerchantReturnPolicy","merchantReturnLink":"https:\/\/www.lifenatura.com\/termos-condicoes-lifenatura\/"}}]},"product_price_amount":"15.50","product_price_currency":"EUR","og_availability":"out of stock","product_availability":"out of stock","product_retailer_item_id":"8414192314531","product_condition":"new"},"df_price":15.5,"df_sale_price":"","df_regular_price":15.5,"df_image_link":"https:\/\/www.lifenatura.com\/wp-content\/uploads\/2023\/09\/vinagre-cidra-maca-weider-300x300.jpg","_links":{"self":[{"href":"https:\/\/www.lifenatura.com\/es\/wp-json\/wp\/v2\/product\/75362","targetHints":{"allow":["GET"]}}],"collection":[{"href":"https:\/\/www.lifenatura.com\/es\/wp-json\/wp\/v2\/product"}],"about":[{"href":"https:\/\/www.lifenatura.com\/es\/wp-json\/wp\/v2\/types\/product"}],"wp:featuredmedia":[{"embeddable":true,"href":"https:\/\/www.lifenatura.com\/es\/wp-json\/wp\/v2\/media\/75359"}],"wp:attachment":[{"href":"https:\/\/www.lifenatura.com\/es\/wp-json\/wp\/v2\/media?parent=75362"}],"wp:term":[{"taxonomy":"product_brand","embeddable":true,"href":"https:\/\/www.lifenatura.com\/es\/wp-json\/wp\/v2\/product_brand?post=75362"},{"taxonomy":"product_cat","embeddable":true,"href":"https:\/\/www.lifenatura.com\/es\/wp-json\/wp\/v2\/product_cat?post=75362"},{"taxonomy":"product_tag","embeddable":true,"href":"https:\/\/www.lifenatura.com\/es\/wp-json\/wp\/v2\/product_tag?post=75362"}],"curies":[{"name":"wp","href":"https:\/\/api.w.org\/{rel}","templated":true}]}}