{"id":75328,"date":"2023-09-14T16:24:46","date_gmt":"2023-09-14T16:24:46","guid":{"rendered":"https:\/\/www.lifenatura.com\/?post_type=product&#038;p=75328"},"modified":"2023-09-18T21:13:30","modified_gmt":"2023-09-18T21:13:30","slug":"probioticos-junior-60-gominolas-nat-form","status":"publish","type":"product","link":"https:\/\/www.lifenatura.com\/es\/produto\/probioticos-junior-60-gominolas-nat-form\/","title":{"rendered":"Probi\u00f3ticos Junior + 60 gominolas &#8211; Nat Form"},"content":{"rendered":"<h2 style=\"text-align: left;\"><strong>Probi\u00f3ticos en gominolas para regular la flora intestinal<\/strong><\/h2>\n<p>&nbsp;<\/p>\n<p>Probi\u00f3ticos en gominolas infantiles de la marca Nat form, en forma de ositos de peluche con cuatro cepas de fermentos l\u00e1cticos probi\u00f3ticos, para mantener el equilibrio del microbioma, responsable en gran medida de la salud y la respuesta inmunitaria.<\/p>\n<p>Estos probi\u00f3ticos f\u00e1ciles de tomar, que gustan a todos los ni\u00f1os, sirven para reequilibrar y apoyar eficazmente la flora intestinal de los ni\u00f1os.<\/p>\n<p>Estas gominolas con sabor a melocot\u00f3n son ideales para que los ni\u00f1os las tomen a diario y tambi\u00e9n son aptas para veganos.<\/p>\n<p><strong>PRESENTACI\u00d3N<\/strong><\/p>\n<p>60 gominolas con sabor a melocot\u00f3n.<\/p>\n<p>&nbsp;<\/p>\n","protected":false},"excerpt":{"rendered":"<p>Los probi\u00f3ticos Nat Form se presentan en forma de gominolas con sabor a melocot\u00f3n y est\u00e1n indicados para equilibrar la flora y el microbioma intestinal. [&#8230;]<\/p>\n<p><a class=\"btn btn-secondary understrap-read-more-link\" href=\"https:\/\/www.lifenatura.com\/es\/produto\/probioticos-junior-60-gominolas-nat-form\/\">Leer m\u00e1s&#8230;<span class=\"screen-reader-text\"> from Probi\u00f3ticos Junior + 60 gominolas &#8211; Nat Form<\/span><\/a><\/p>\n","protected":false},"featured_media":75327,"template":"","meta":{"_acf_changed":false},"product_brand":[8442],"product_cat":[7185,7659,7180,7770,7179],"product_tag":[],"class_list":{"0":"post-75328","1":"product","2":"type-product","3":"status-publish","4":"has-post-thumbnail","6":"product_brand-nat-form","7":"product_cat-flora-intestinal-para-los-ninos","8":"product_cat-ingrediente-natural-bio","9":"product_cat-para-los-ninos","10":"product_cat-probioticos-es","11":"product_cat-salud","12":"pa_caracteristicas-vegano","14":"first","15":"instock","16":"shipping-taxable","17":"purchasable","18":"product-type-simple","19":"add-to-wishlist-before_image"},"acf":[],"yoast_head":"<!-- This site is optimized with the Yoast SEO Premium plugin v27.1 (Yoast SEO v27.3) - https:\/\/yoast.com\/product\/yoast-seo-premium-wordpress\/ -->\n<title>Probi\u00f3ticos Junior + 60 gominolas - Nat Form - Lifenatura<\/title>\n<meta name=\"description\" content=\"Los probi\u00f3ticos Nat Form se presentan en forma de gominolas con sabor a melocot\u00f3n y est\u00e1n indicados para equilibrar la flora y el microbioma intestinal.\" \/>\n<meta name=\"robots\" content=\"index, follow, max-snippet:-1, max-image-preview:large, max-video-preview:-1\" \/>\n<link rel=\"canonical\" href=\"https:\/\/www.lifenatura.com\/es\/produto\/probioticos-junior-60-gominolas-nat-form\/\" \/>\n<meta property=\"og:locale\" content=\"es_ES\" \/>\n<meta property=\"og:type\" content=\"article\" \/>\n<meta property=\"og:title\" content=\"Probi\u00f3ticos Junior + 60 gominolas - Nat Form - Lifenatura\" \/>\n<meta property=\"og:description\" content=\"Compre aqui o seu Probi\u00f3ticos Junior + 60 gominolas - Nat Form e a Lifenatura Online envia em 48 H com Portes Gratis &gt;35\u20ac de Pedido.\" \/>\n<meta property=\"og:url\" content=\"https:\/\/www.lifenatura.com\/es\/produto\/probioticos-junior-60-gominolas-nat-form\/\" \/>\n<meta property=\"og:site_name\" content=\"Lifenatura\" \/>\n<meta property=\"article:publisher\" content=\"https:\/\/www.facebook.com\/lifenatura\" \/>\n<meta property=\"article:modified_time\" content=\"2023-09-18T21:13:30+00:00\" \/>\n<meta property=\"og:image\" content=\"https:\/\/www.lifenatura.com\/wp-content\/uploads\/2023\/09\/probioticos-goma-nat-form.jpg\" \/>\n\t<meta property=\"og:image:width\" content=\"1000\" \/>\n\t<meta property=\"og:image:height\" content=\"1000\" \/>\n\t<meta property=\"og:image:type\" content=\"image\/jpeg\" \/>\n<meta name=\"twitter:card\" content=\"summary_large_image\" \/>\n<meta name=\"twitter:label1\" content=\"Precio\" \/>\n\t<meta name=\"twitter:data1\" content=\"12,30&nbsp;&euro;\" \/>\n\t<meta name=\"twitter:label2\" content=\"Disponibilidad\" \/>\n\t<meta name=\"twitter:data2\" content=\"Disponible\" \/>\n<meta property=\"product:price:amount\" content=\"12.30\" \/>\n<meta property=\"product:price:currency\" content=\"EUR\" \/>\n<meta property=\"og:availability\" content=\"instock\" \/>\n<meta property=\"product:availability\" content=\"instock\" \/>\n<meta property=\"product:retailer_item_id\" content=\"3535400023658\" \/>\n<meta property=\"product:condition\" content=\"new\" \/>\n<!-- \/ Yoast SEO Premium plugin. -->","yoast_head_json":{"title":"Probi\u00f3ticos Junior + 60 gominolas - Nat Form - Lifenatura","description":"Los probi\u00f3ticos Nat Form se presentan en forma de gominolas con sabor a melocot\u00f3n y est\u00e1n indicados para equilibrar la flora y el microbioma intestinal.","robots":{"index":"index","follow":"follow","max-snippet":"max-snippet:-1","max-image-preview":"max-image-preview:large","max-video-preview":"max-video-preview:-1"},"canonical":"https:\/\/www.lifenatura.com\/es\/produto\/probioticos-junior-60-gominolas-nat-form\/","og_locale":"es_ES","og_type":"article","og_title":"Probi\u00f3ticos Junior + 60 gominolas - Nat Form - Lifenatura","og_description":"Compre aqui o seu Probi\u00f3ticos Junior + 60 gominolas - Nat Form e a Lifenatura Online envia em 48 H com Portes Gratis >35\u20ac de Pedido.","og_url":"https:\/\/www.lifenatura.com\/es\/produto\/probioticos-junior-60-gominolas-nat-form\/","og_site_name":"Lifenatura","article_publisher":"https:\/\/www.facebook.com\/lifenatura","article_modified_time":"2023-09-18T21:13:30+00:00","og_image":[{"width":1000,"height":1000,"url":"https:\/\/www.lifenatura.com\/wp-content\/uploads\/2023\/09\/probioticos-goma-nat-form.jpg","type":"image\/jpeg"}],"twitter_card":"summary_large_image","twitter_misc":{"Precio":"12,30&nbsp;&euro;","Disponibilidad":"Disponible"},"schema":{"@context":"https:\/\/schema.org","@graph":[{"@type":"WebPage","@id":"https:\/\/www.lifenatura.com\/es\/produto\/probioticos-junior-60-gominolas-nat-form\/","url":"https:\/\/www.lifenatura.com\/es\/produto\/probioticos-junior-60-gominolas-nat-form\/","name":"Probi\u00f3ticos Junior + 60 gominolas - Nat Form - Lifenatura","isPartOf":{"@id":"https:\/\/www.lifenatura.com\/es\/#website"},"primaryImageOfPage":{"@id":"https:\/\/www.lifenatura.com\/es\/produto\/probioticos-junior-60-gominolas-nat-form\/#primaryimage"},"image":{"@id":"https:\/\/www.lifenatura.com\/es\/produto\/probioticos-junior-60-gominolas-nat-form\/#primaryimage"},"thumbnailUrl":"https:\/\/www.lifenatura.com\/wp-content\/uploads\/2023\/09\/probioticos-goma-nat-form.jpg","datePublished":"2023-09-14T16:24:46+00:00","dateModified":"2023-09-18T21:13:30+00:00","description":"Los probi\u00f3ticos Nat Form se presentan en forma de gominolas con sabor a melocot\u00f3n y est\u00e1n indicados para equilibrar la flora y el microbioma intestinal.","breadcrumb":{"@id":"https:\/\/www.lifenatura.com\/es\/produto\/probioticos-junior-60-gominolas-nat-form\/#breadcrumb"},"inLanguage":"es","potentialAction":[{"@type":"ReadAction","target":["https:\/\/www.lifenatura.com\/es\/produto\/probioticos-junior-60-gominolas-nat-form\/"]}]},{"@type":"ImageObject","inLanguage":"es","@id":"https:\/\/www.lifenatura.com\/es\/produto\/probioticos-junior-60-gominolas-nat-form\/#primaryimage","url":"https:\/\/www.lifenatura.com\/wp-content\/uploads\/2023\/09\/probioticos-goma-nat-form.jpg","contentUrl":"https:\/\/www.lifenatura.com\/wp-content\/uploads\/2023\/09\/probioticos-goma-nat-form.jpg","width":1000,"height":1000,"caption":"Probioticos da marca Nat Form"},{"@type":"BreadcrumbList","@id":"https:\/\/www.lifenatura.com\/es\/produto\/probioticos-junior-60-gominolas-nat-form\/#breadcrumb","itemListElement":[{"@type":"ListItem","position":1,"name":"In\u00edcio","item":"https:\/\/www.lifenatura.com\/es\/"},{"@type":"ListItem","position":2,"name":"Todos los Productos","item":"https:\/\/www.lifenatura.com\/es\/tienda\/"},{"@type":"ListItem","position":3,"name":"Probi\u00f3ticos Junior + 60 gominolas &#8211; Nat Form"}]},{"@type":"WebSite","@id":"https:\/\/www.lifenatura.com\/es\/#website","url":"https:\/\/www.lifenatura.com\/es\/","name":"Lifenatura","description":"A Lifenatura \u00e9 uma loja de produtos naturais, cosm\u00e9tica natural e alimenta\u00e7\u00e3o Biol\u00f3gica.","publisher":{"@id":"https:\/\/www.lifenatura.com\/es\/#organization"},"potentialAction":[{"@type":"SearchAction","target":{"@type":"EntryPoint","urlTemplate":"https:\/\/www.lifenatura.com\/es\/?s={search_term_string}"},"query-input":{"@type":"PropertyValueSpecification","valueRequired":true,"valueName":"search_term_string"}}],"inLanguage":"es"},{"@type":"Organization","@id":"https:\/\/www.lifenatura.com\/es\/#organization","name":"Lifenatura","url":"https:\/\/www.lifenatura.com\/es\/","logo":{"@type":"ImageObject","inLanguage":"es","@id":"https:\/\/www.lifenatura.com\/es\/#\/schema\/logo\/image\/","url":"https:\/\/www.lifenatura.com\/wp-content\/uploads\/2021\/11\/logo.png","contentUrl":"https:\/\/www.lifenatura.com\/wp-content\/uploads\/2021\/11\/logo.png","width":175,"height":55,"caption":"Lifenatura"},"image":{"@id":"https:\/\/www.lifenatura.com\/es\/#\/schema\/logo\/image\/"},"sameAs":["https:\/\/www.facebook.com\/lifenatura","https:\/\/www.instagram.com\/lifenaturapt\/"]}]},"product_price_amount":"12.30","product_price_currency":"EUR","og_availability":"instock","product_availability":"instock","product_retailer_item_id":"3535400023658","product_condition":"new"},"df_price":12.3,"df_sale_price":"","df_regular_price":12.3,"df_image_link":"https:\/\/www.lifenatura.com\/wp-content\/uploads\/2023\/09\/probioticos-goma-nat-form-300x300.jpg","_links":{"self":[{"href":"https:\/\/www.lifenatura.com\/es\/wp-json\/wp\/v2\/product\/75328","targetHints":{"allow":["GET"]}}],"collection":[{"href":"https:\/\/www.lifenatura.com\/es\/wp-json\/wp\/v2\/product"}],"about":[{"href":"https:\/\/www.lifenatura.com\/es\/wp-json\/wp\/v2\/types\/product"}],"wp:featuredmedia":[{"embeddable":true,"href":"https:\/\/www.lifenatura.com\/es\/wp-json\/wp\/v2\/media\/75327"}],"wp:attachment":[{"href":"https:\/\/www.lifenatura.com\/es\/wp-json\/wp\/v2\/media?parent=75328"}],"wp:term":[{"taxonomy":"product_brand","embeddable":true,"href":"https:\/\/www.lifenatura.com\/es\/wp-json\/wp\/v2\/product_brand?post=75328"},{"taxonomy":"product_cat","embeddable":true,"href":"https:\/\/www.lifenatura.com\/es\/wp-json\/wp\/v2\/product_cat?post=75328"},{"taxonomy":"product_tag","embeddable":true,"href":"https:\/\/www.lifenatura.com\/es\/wp-json\/wp\/v2\/product_tag?post=75328"}],"curies":[{"name":"wp","href":"https:\/\/api.w.org\/{rel}","templated":true}]}}