{"id":74689,"date":"2023-09-12T22:15:39","date_gmt":"2023-09-12T22:15:39","guid":{"rendered":"https:\/\/www.lifenatura.com\/?post_type=product&#038;p=74689"},"modified":"2026-04-15T23:41:35","modified_gmt":"2026-04-15T23:41:35","slug":"super-ubiquinol-coq10-100mg-life-extension","status":"publish","type":"product","link":"https:\/\/www.lifenatura.com\/es\/produto\/super-ubiquinol-coq10-100mg-life-extension\/","title":{"rendered":"Super Ubiquinol CoQ10 100mg 60 C\u00e1psulas &#8211; Life Extension"},"content":{"rendered":"<h2 style=\"text-align: left;\"><strong>CoQ10 y shilajit para la producci\u00f3n de energ\u00eda celular y el apoyo mitocondrial<\/strong><\/h2>\n<p>&nbsp;<\/p>\n<p>El Ubiquinol CoQ10 y el Shilajit pueden, gracias a su f\u00f3rmula de absorci\u00f3n mejorada, favorecer la mitocondria para la producci\u00f3n de energ\u00eda celular y promover la salud del coraz\u00f3n, el cerebro y los ri\u00f1ones.<\/p>\n<p>Nuestro cuerpo tiene varios \u00f3rganos, como el coraz\u00f3n, el cerebro y los ri\u00f1ones, que necesitan mucha energ\u00eda para mantener su funcionamiento normal. Por desgracia, se sabe que la producci\u00f3n de energ\u00eda celular disminuye con la edad. <\/p>\n<p>Super Ubiquinol CoQ10 ayuda directamente a las mitocondrias, que se consideran la &#8220;central energ\u00e9tica&#8221; de la c\u00e9lula, apoyando as\u00ed a \u00f3rganos altamente demandantes de energ\u00eda como el coraz\u00f3n, el cerebro y los ri\u00f1ones.<\/p>\n<p>La CoQ10 es necesaria para desempe\u00f1ar un papel importante en el mantenimiento de los niveles normales de producci\u00f3n de energ\u00eda celular, ya que convierte las grasas y los az\u00facares en energ\u00eda \u00fatil para todas las c\u00e9lulas de tu cuerpo.<\/p>\n<p>Mantener niveles adecuados de CoQ10 es crucial, ya que la producci\u00f3n corporal de CoQ10 disminuye significativamente con la edad. En esta f\u00f3rmula se utiliza Ubiquinol CoQ10 porque se absorbe 8 veces m\u00e1s que la Ubiquinona CoQ10. <\/p>\n<p>Se ha demostrado cl\u00ednicamente que el shilajit aumenta a\u00fan m\u00e1s la absorci\u00f3n de CoQ10, favoreciendo la salud cardiovascular y ayudando a recuperar la energ\u00eda celular de la juventud.<\/p>\n<p><strong>PRESENTACI\u00d3N<\/strong><\/p>\n<p>60 c\u00e1psulas blandas<\/p>\n<p>&nbsp;<\/p>\n","protected":false},"excerpt":{"rendered":"<p><span style=\"color: #ff0000;\">10% DE DESCUENTO en compras superiores a 50\u20ac con el cup\u00f3n <strong>LIFE1009<\/strong> y 15% DE DESCUENTO en compras superiores a 100\u20ac con el cup\u00f3n <strong>LIFE1509<\/strong> &#8211; HASTA <strong>EL 30 DE MAYO DE 2026<\/strong><\/span> [&#8230;]<\/p>\n<p><a class=\"btn btn-secondary understrap-read-more-link\" href=\"https:\/\/www.lifenatura.com\/es\/produto\/super-ubiquinol-coq10-100mg-life-extension\/\">Leer m\u00e1s&#8230;<span class=\"screen-reader-text\"> from Super Ubiquinol CoQ10 100mg 60 C\u00e1psulas &#8211; Life Extension<\/span><\/a><\/p>\n","protected":false},"featured_media":133499,"template":"","meta":{"_acf_changed":false},"product_brand":[8339],"product_cat":[7236,7238,7179],"product_tag":[],"class_list":{"0":"post-74689","1":"product","2":"type-product","3":"status-publish","4":"has-post-thumbnail","6":"product_brand-life-extension-es","7":"product_cat-antioxidantes-salud","8":"product_cat-energizante-natural","9":"product_cat-salud","11":"first","12":"instock","13":"sale","14":"featured","15":"shipping-taxable","16":"purchasable","17":"product-type-simple","18":"add-to-wishlist-before_image"},"acf":[],"yoast_head":"<!-- This site is optimized with the Yoast SEO Premium plugin v27.1 (Yoast SEO v27.5) - https:\/\/yoast.com\/product\/yoast-seo-premium-wordpress\/ -->\n<title>Super Ubiquinol CoQ10 100mg 60 C\u00e1psulas - Life Extension - Na Lifenatura ao Melhor Pre\u00e7o | Envio em 48h<\/title>\n<meta name=\"description\" content=\"El ubiquinol CoQ10 es la forma activa y es esencial para la producci\u00f3n de energ\u00eda y el mantenimiento de unas mitocondrias sanas, invirtiendo el envejecimiento celular.\" \/>\n<meta name=\"robots\" content=\"index, follow, max-snippet:-1, max-image-preview:large, max-video-preview:-1\" \/>\n<link rel=\"canonical\" href=\"https:\/\/www.lifenatura.com\/es\/produto\/super-ubiquinol-coq10-100mg-life-extension\/\" \/>\n<meta property=\"og:locale\" content=\"es_ES\" \/>\n<meta property=\"og:type\" content=\"article\" \/>\n<meta property=\"og:title\" content=\"Super Ubiquinol CoQ10 100mg 60 C\u00e1psulas - Life Extension - Na Lifenatura ao Melhor Pre\u00e7o | Envio 48h\" \/>\n<meta property=\"og:description\" content=\"Compre Super Ubiquinol CoQ10 100mg 60 C\u00e1psulas - Life Extension com envio r\u00e1pido. Entrega em 48h e portes gr\u00e1tis em compras &gt;35\u20ac. Aproveite j\u00e1 na Lifenatura\" \/>\n<meta property=\"og:url\" content=\"https:\/\/www.lifenatura.com\/es\/produto\/super-ubiquinol-coq10-100mg-life-extension\/\" \/>\n<meta property=\"og:site_name\" content=\"Lifenatura\" \/>\n<meta property=\"article:publisher\" content=\"https:\/\/www.facebook.com\/lifenatura\" \/>\n<meta property=\"article:modified_time\" content=\"2026-04-15T23:41:35+00:00\" \/>\n<meta property=\"og:image\" content=\"https:\/\/www.lifenatura.com\/wp-content\/uploads\/2026\/04\/01426_super_ubiquinol_coq10_with_enhanced_mitochondrial_support_1-1.png\" \/>\n\t<meta property=\"og:image:width\" content=\"1396\" \/>\n\t<meta property=\"og:image:height\" content=\"1226\" \/>\n\t<meta property=\"og:image:type\" content=\"image\/png\" \/>\n<meta name=\"twitter:card\" content=\"summary_large_image\" \/>\n<meta name=\"twitter:label1\" content=\"Precio\" \/>\n\t<meta name=\"twitter:data1\" content=\"63,99&nbsp;&euro;\" \/>\n\t<meta name=\"twitter:label2\" content=\"Disponibilidad\" \/>\n\t<meta name=\"twitter:data2\" content=\"Disponible\" \/>\n<script type=\"application\/ld+json\" class=\"yoast-schema-graph\">{\"@context\":\"https:\\\/\\\/schema.org\",\"@graph\":[{\"@type\":\"WebPage\",\"@id\":\"https:\\\/\\\/www.lifenatura.com\\\/es\\\/produto\\\/super-ubiquinol-coq10-100mg-life-extension\\\/\",\"url\":\"https:\\\/\\\/www.lifenatura.com\\\/es\\\/produto\\\/super-ubiquinol-coq10-100mg-life-extension\\\/\",\"name\":\"Super Ubiquinol CoQ10 100mg 60 C\u00e1psulas - Life Extension - Na Lifenatura ao Melhor Pre\u00e7o | Envio em 48h\",\"isPartOf\":{\"@id\":\"https:\\\/\\\/www.lifenatura.com\\\/es\\\/#website\"},\"primaryImageOfPage\":{\"@id\":\"https:\\\/\\\/www.lifenatura.com\\\/es\\\/produto\\\/super-ubiquinol-coq10-100mg-life-extension\\\/#primaryimage\"},\"image\":{\"@id\":\"https:\\\/\\\/www.lifenatura.com\\\/es\\\/produto\\\/super-ubiquinol-coq10-100mg-life-extension\\\/#primaryimage\"},\"thumbnailUrl\":\"https:\\\/\\\/www.lifenatura.com\\\/wp-content\\\/uploads\\\/2026\\\/04\\\/01426_super_ubiquinol_coq10_with_enhanced_mitochondrial_support_1-1.png\",\"datePublished\":\"2023-09-12T22:15:39+00:00\",\"dateModified\":\"2026-04-15T23:41:35+00:00\",\"description\":\"El ubiquinol CoQ10 es la forma activa y es esencial para la producci\u00f3n de energ\u00eda y el mantenimiento de unas mitocondrias sanas, invirtiendo el envejecimiento celular.\",\"breadcrumb\":{\"@id\":\"https:\\\/\\\/www.lifenatura.com\\\/es\\\/produto\\\/super-ubiquinol-coq10-100mg-life-extension\\\/#breadcrumb\"},\"inLanguage\":\"es\",\"potentialAction\":[{\"@type\":\"ReadAction\",\"target\":[\"https:\\\/\\\/www.lifenatura.com\\\/es\\\/produto\\\/super-ubiquinol-coq10-100mg-life-extension\\\/\"]}]},{\"@type\":\"ImageObject\",\"inLanguage\":\"es\",\"@id\":\"https:\\\/\\\/www.lifenatura.com\\\/es\\\/produto\\\/super-ubiquinol-coq10-100mg-life-extension\\\/#primaryimage\",\"url\":\"https:\\\/\\\/www.lifenatura.com\\\/wp-content\\\/uploads\\\/2026\\\/04\\\/01426_super_ubiquinol_coq10_with_enhanced_mitochondrial_support_1-1.png\",\"contentUrl\":\"https:\\\/\\\/www.lifenatura.com\\\/wp-content\\\/uploads\\\/2026\\\/04\\\/01426_super_ubiquinol_coq10_with_enhanced_mitochondrial_support_1-1.png\",\"width\":1396,\"height\":1226},{\"@type\":\"BreadcrumbList\",\"@id\":\"https:\\\/\\\/www.lifenatura.com\\\/es\\\/produto\\\/super-ubiquinol-coq10-100mg-life-extension\\\/#breadcrumb\",\"itemListElement\":[{\"@type\":\"ListItem\",\"position\":1,\"name\":\"In\u00edcio\",\"item\":\"https:\\\/\\\/www.lifenatura.com\\\/es\\\/\"},{\"@type\":\"ListItem\",\"position\":2,\"name\":\"Todos los Productos\",\"item\":\"https:\\\/\\\/www.lifenatura.com\\\/es\\\/tienda\\\/\"},{\"@type\":\"ListItem\",\"position\":3,\"name\":\"Super Ubiquinol CoQ10 100mg 60 C\u00e1psulas &#8211; Life Extension\"}]},{\"@type\":\"WebSite\",\"@id\":\"https:\\\/\\\/www.lifenatura.com\\\/es\\\/#website\",\"url\":\"https:\\\/\\\/www.lifenatura.com\\\/es\\\/\",\"name\":\"Lifenatura\",\"description\":\"A Lifenatura \u00e9 uma loja de produtos naturais, cosm\u00e9tica natural e alimenta\u00e7\u00e3o Biol\u00f3gica.\",\"publisher\":{\"@id\":\"https:\\\/\\\/www.lifenatura.com\\\/es\\\/#organization\"},\"potentialAction\":[{\"@type\":\"SearchAction\",\"target\":{\"@type\":\"EntryPoint\",\"urlTemplate\":\"https:\\\/\\\/www.lifenatura.com\\\/es\\\/?s={search_term_string}\"},\"query-input\":{\"@type\":\"PropertyValueSpecification\",\"valueRequired\":true,\"valueName\":\"search_term_string\"}}],\"inLanguage\":\"es\"},{\"@type\":\"Organization\",\"@id\":\"https:\\\/\\\/www.lifenatura.com\\\/es\\\/#organization\",\"name\":\"Lifenatura\",\"url\":\"https:\\\/\\\/www.lifenatura.com\\\/es\\\/\",\"logo\":{\"@type\":\"ImageObject\",\"inLanguage\":\"es\",\"@id\":\"https:\\\/\\\/www.lifenatura.com\\\/es\\\/#\\\/schema\\\/logo\\\/image\\\/\",\"url\":\"https:\\\/\\\/www.lifenatura.com\\\/wp-content\\\/uploads\\\/2021\\\/07\\\/logo.png\",\"contentUrl\":\"https:\\\/\\\/www.lifenatura.com\\\/wp-content\\\/uploads\\\/2021\\\/07\\\/logo.png\",\"width\":175,\"height\":55,\"caption\":\"Lifenatura\"},\"image\":{\"@id\":\"https:\\\/\\\/www.lifenatura.com\\\/es\\\/#\\\/schema\\\/logo\\\/image\\\/\"},\"sameAs\":[\"https:\\\/\\\/www.facebook.com\\\/lifenatura\",\"https:\\\/\\\/www.instagram.com\\\/lifenaturapt\\\/\"],\"hasMerchantReturnPolicy\":{\"@type\":\"MerchantReturnPolicy\",\"merchantReturnLink\":\"https:\\\/\\\/www.lifenatura.com\\\/termos-condicoes-lifenatura\\\/\"}}]}<\/script>\n<meta property=\"product:price:amount\" content=\"63.99\" \/>\n<meta property=\"product:price:currency\" content=\"EUR\" \/>\n<meta property=\"og:availability\" content=\"instock\" \/>\n<meta property=\"product:availability\" content=\"instock\" \/>\n<meta property=\"product:retailer_item_id\" content=\"737870142669\" \/>\n<meta property=\"product:condition\" content=\"new\" \/>\n<!-- \/ Yoast SEO Premium plugin. -->","yoast_head_json":{"title":"Super Ubiquinol CoQ10 100mg 60 C\u00e1psulas - Life Extension - Na Lifenatura ao Melhor Pre\u00e7o | Envio em 48h","description":"El ubiquinol CoQ10 es la forma activa y es esencial para la producci\u00f3n de energ\u00eda y el mantenimiento de unas mitocondrias sanas, invirtiendo el envejecimiento celular.","robots":{"index":"index","follow":"follow","max-snippet":"max-snippet:-1","max-image-preview":"max-image-preview:large","max-video-preview":"max-video-preview:-1"},"canonical":"https:\/\/www.lifenatura.com\/es\/produto\/super-ubiquinol-coq10-100mg-life-extension\/","og_locale":"es_ES","og_type":"article","og_title":"Super Ubiquinol CoQ10 100mg 60 C\u00e1psulas - Life Extension - Na Lifenatura ao Melhor Pre\u00e7o | Envio 48h","og_description":"Compre Super Ubiquinol CoQ10 100mg 60 C\u00e1psulas - Life Extension com envio r\u00e1pido. Entrega em 48h e portes gr\u00e1tis em compras >35\u20ac. Aproveite j\u00e1 na Lifenatura","og_url":"https:\/\/www.lifenatura.com\/es\/produto\/super-ubiquinol-coq10-100mg-life-extension\/","og_site_name":"Lifenatura","article_publisher":"https:\/\/www.facebook.com\/lifenatura","article_modified_time":"2026-04-15T23:41:35+00:00","og_image":[{"width":1396,"height":1226,"url":"https:\/\/www.lifenatura.com\/wp-content\/uploads\/2026\/04\/01426_super_ubiquinol_coq10_with_enhanced_mitochondrial_support_1-1.png","type":"image\/png"}],"twitter_card":"summary_large_image","twitter_misc":{"Precio":"63,99&nbsp;&euro;","Disponibilidad":"Disponible"},"schema":{"@context":"https:\/\/schema.org","@graph":[{"@type":"WebPage","@id":"https:\/\/www.lifenatura.com\/es\/produto\/super-ubiquinol-coq10-100mg-life-extension\/","url":"https:\/\/www.lifenatura.com\/es\/produto\/super-ubiquinol-coq10-100mg-life-extension\/","name":"Super Ubiquinol CoQ10 100mg 60 C\u00e1psulas - Life Extension - Na Lifenatura ao Melhor Pre\u00e7o | Envio em 48h","isPartOf":{"@id":"https:\/\/www.lifenatura.com\/es\/#website"},"primaryImageOfPage":{"@id":"https:\/\/www.lifenatura.com\/es\/produto\/super-ubiquinol-coq10-100mg-life-extension\/#primaryimage"},"image":{"@id":"https:\/\/www.lifenatura.com\/es\/produto\/super-ubiquinol-coq10-100mg-life-extension\/#primaryimage"},"thumbnailUrl":"https:\/\/www.lifenatura.com\/wp-content\/uploads\/2026\/04\/01426_super_ubiquinol_coq10_with_enhanced_mitochondrial_support_1-1.png","datePublished":"2023-09-12T22:15:39+00:00","dateModified":"2026-04-15T23:41:35+00:00","description":"El ubiquinol CoQ10 es la forma activa y es esencial para la producci\u00f3n de energ\u00eda y el mantenimiento de unas mitocondrias sanas, invirtiendo el envejecimiento celular.","breadcrumb":{"@id":"https:\/\/www.lifenatura.com\/es\/produto\/super-ubiquinol-coq10-100mg-life-extension\/#breadcrumb"},"inLanguage":"es","potentialAction":[{"@type":"ReadAction","target":["https:\/\/www.lifenatura.com\/es\/produto\/super-ubiquinol-coq10-100mg-life-extension\/"]}]},{"@type":"ImageObject","inLanguage":"es","@id":"https:\/\/www.lifenatura.com\/es\/produto\/super-ubiquinol-coq10-100mg-life-extension\/#primaryimage","url":"https:\/\/www.lifenatura.com\/wp-content\/uploads\/2026\/04\/01426_super_ubiquinol_coq10_with_enhanced_mitochondrial_support_1-1.png","contentUrl":"https:\/\/www.lifenatura.com\/wp-content\/uploads\/2026\/04\/01426_super_ubiquinol_coq10_with_enhanced_mitochondrial_support_1-1.png","width":1396,"height":1226},{"@type":"BreadcrumbList","@id":"https:\/\/www.lifenatura.com\/es\/produto\/super-ubiquinol-coq10-100mg-life-extension\/#breadcrumb","itemListElement":[{"@type":"ListItem","position":1,"name":"In\u00edcio","item":"https:\/\/www.lifenatura.com\/es\/"},{"@type":"ListItem","position":2,"name":"Todos los Productos","item":"https:\/\/www.lifenatura.com\/es\/tienda\/"},{"@type":"ListItem","position":3,"name":"Super Ubiquinol CoQ10 100mg 60 C\u00e1psulas &#8211; Life Extension"}]},{"@type":"WebSite","@id":"https:\/\/www.lifenatura.com\/es\/#website","url":"https:\/\/www.lifenatura.com\/es\/","name":"Lifenatura","description":"A Lifenatura \u00e9 uma loja de produtos naturais, cosm\u00e9tica natural e alimenta\u00e7\u00e3o Biol\u00f3gica.","publisher":{"@id":"https:\/\/www.lifenatura.com\/es\/#organization"},"potentialAction":[{"@type":"SearchAction","target":{"@type":"EntryPoint","urlTemplate":"https:\/\/www.lifenatura.com\/es\/?s={search_term_string}"},"query-input":{"@type":"PropertyValueSpecification","valueRequired":true,"valueName":"search_term_string"}}],"inLanguage":"es"},{"@type":"Organization","@id":"https:\/\/www.lifenatura.com\/es\/#organization","name":"Lifenatura","url":"https:\/\/www.lifenatura.com\/es\/","logo":{"@type":"ImageObject","inLanguage":"es","@id":"https:\/\/www.lifenatura.com\/es\/#\/schema\/logo\/image\/","url":"https:\/\/www.lifenatura.com\/wp-content\/uploads\/2021\/07\/logo.png","contentUrl":"https:\/\/www.lifenatura.com\/wp-content\/uploads\/2021\/07\/logo.png","width":175,"height":55,"caption":"Lifenatura"},"image":{"@id":"https:\/\/www.lifenatura.com\/es\/#\/schema\/logo\/image\/"},"sameAs":["https:\/\/www.facebook.com\/lifenatura","https:\/\/www.instagram.com\/lifenaturapt\/"],"hasMerchantReturnPolicy":{"@type":"MerchantReturnPolicy","merchantReturnLink":"https:\/\/www.lifenatura.com\/termos-condicoes-lifenatura\/"}}]},"product_price_amount":"63.99","product_price_currency":"EUR","og_availability":"instock","product_availability":"instock","product_retailer_item_id":"737870142669","product_condition":"new"},"df_price":63.99,"df_sale_price":63.99,"df_regular_price":76.07,"df_image_link":"https:\/\/www.lifenatura.com\/wp-content\/uploads\/2026\/04\/01426_super_ubiquinol_coq10_with_enhanced_mitochondrial_support_1-1-300x263.png","_links":{"self":[{"href":"https:\/\/www.lifenatura.com\/es\/wp-json\/wp\/v2\/product\/74689","targetHints":{"allow":["GET"]}}],"collection":[{"href":"https:\/\/www.lifenatura.com\/es\/wp-json\/wp\/v2\/product"}],"about":[{"href":"https:\/\/www.lifenatura.com\/es\/wp-json\/wp\/v2\/types\/product"}],"wp:featuredmedia":[{"embeddable":true,"href":"https:\/\/www.lifenatura.com\/es\/wp-json\/wp\/v2\/media\/133499"}],"wp:attachment":[{"href":"https:\/\/www.lifenatura.com\/es\/wp-json\/wp\/v2\/media?parent=74689"}],"wp:term":[{"taxonomy":"product_brand","embeddable":true,"href":"https:\/\/www.lifenatura.com\/es\/wp-json\/wp\/v2\/product_brand?post=74689"},{"taxonomy":"product_cat","embeddable":true,"href":"https:\/\/www.lifenatura.com\/es\/wp-json\/wp\/v2\/product_cat?post=74689"},{"taxonomy":"product_tag","embeddable":true,"href":"https:\/\/www.lifenatura.com\/es\/wp-json\/wp\/v2\/product_tag?post=74689"}],"curies":[{"name":"wp","href":"https:\/\/api.w.org\/{rel}","templated":true}]}}