{"id":72954,"date":"2023-08-21T10:00:23","date_gmt":"2023-08-21T10:00:23","guid":{"rendered":"https:\/\/www.lifenatura.com\/?post_type=product&#038;p=72954"},"modified":"2023-08-21T10:13:22","modified_gmt":"2023-08-21T10:13:22","slug":"multivitaminico-uno-por-dia-60-capsulas-life-extension","status":"publish","type":"product","link":"https:\/\/www.lifenatura.com\/es\/produto\/multivitaminico-uno-por-dia-60-capsulas-life-extension\/","title":{"rendered":"Multivitaminico uno por dia 60 Capsulas &#8211; Life Extension"},"content":{"rendered":"<h2 style=\"text-align: left;\"><strong>Multivitam\u00ednico que proporciona todas las vitaminas que necesita para la vida diaria<\/strong><\/h2>\n<p>&nbsp;<\/p>\n<p>Este multivitam\u00ednico se compone de ingredientes activos que contienen una gran cantidad de vitaminas, minerales y antioxidantes de alta potencia y calidad que pueden apoyar su salud en general de innumerables maneras.<\/p>\n<p>El suplemento &#8220;One per Day&#8221; de Life Extension es la elecci\u00f3n inteligente para aquellos que quieren apoyar su salud de forma integral con un solo comprimido al d\u00eda. Este suplemento natural ha sido cuidadosamente formulado para proporcionar una gama de nutrientes esenciales que promueven el bienestar general.<\/p>\n<p>Este suplemento natural contiene una alta densidad de vitaminas y minerales, que le equilibrar\u00e1n y dar\u00e1n a su cuerpo un impulso de energ\u00eda y salud.<\/p>\n<p>La raz\u00f3n principal para tomar este multivitam\u00ednico:<\/p>\n<ul>\n<li>Utiliza todos los ingredientes activos para apoyar una amplia variedad de procesos saludables en tu cuerpo.<\/li>\n<li>Cubren todas las necesidades diarias de vitaminas y minerales esenciales.<\/li>\n<li>Se complementan con antioxidantes para una protecci\u00f3n adicional.<\/li>\n<li>Es pr\u00e1ctico porque puedes obtener una protecci\u00f3n completa con una sola dosis diaria.<\/li>\n<\/ul>\n<p><strong>PRESENTACI\u00d3N<\/strong><\/p>\n<p>60 c\u00e1psulas<\/p>\n<p>&nbsp;<\/p>\n","protected":false},"excerpt":{"rendered":"<p>El multivitam\u00ednico de una tableta al d\u00eda de Life Extension es una excelente opci\u00f3n para aquellos que necesitan vitaminas, minerales y antioxidantes. [&#8230;]<\/p>\n<p><a class=\"btn btn-secondary understrap-read-more-link\" href=\"https:\/\/www.lifenatura.com\/es\/produto\/multivitaminico-uno-por-dia-60-capsulas-life-extension\/\">Leer m\u00e1s&#8230;<span class=\"screen-reader-text\"> from Multivitaminico uno por dia 60 Capsulas &#8211; Life Extension<\/span><\/a><\/p>\n","protected":false},"featured_media":133503,"template":"","meta":{"_acf_changed":false},"product_brand":[8339],"product_cat":[7259,7179,7883],"product_tag":[],"class_list":{"0":"post-72954","1":"product","2":"type-product","3":"status-publish","4":"has-post-thumbnail","6":"product_brand-life-extension-es","7":"product_cat-vitaminas-y-minerales","8":"product_cat-salud","9":"product_cat-suplementos-alimenticios","10":"pa_caracteristicas-sin-gluten","11":"pa_caracteristicas-sin-omg","13":"first","14":"instock","15":"sale","16":"featured","17":"shipping-taxable","18":"purchasable","19":"product-type-simple","20":"add-to-wishlist-before_image"},"acf":[],"yoast_head":"<!-- This site is optimized with the Yoast SEO Premium plugin v27.1 (Yoast SEO v27.4) - https:\/\/yoast.com\/product\/yoast-seo-premium-wordpress\/ -->\n<title>Multivitaminico uno por dia 60 Capsulas - Life Extension - Lifenatura<\/title>\n<meta name=\"description\" content=\"El multivitam\u00ednico de una tableta al d\u00eda de Life Extension es una excelente opci\u00f3n para aquellos que necesitan vitaminas, minerales y antioxidantes.\" \/>\n<meta name=\"robots\" content=\"index, follow, max-snippet:-1, max-image-preview:large, max-video-preview:-1\" \/>\n<link rel=\"canonical\" href=\"https:\/\/www.lifenatura.com\/es\/produto\/multivitaminico-uno-por-dia-60-capsulas-life-extension\/\" \/>\n<meta property=\"og:locale\" content=\"es_ES\" \/>\n<meta property=\"og:type\" content=\"article\" \/>\n<meta property=\"og:title\" content=\"Multivitaminico uno por dia 60 Capsulas - Life Extension - Lifenatura\" \/>\n<meta property=\"og:description\" content=\"Compre aqui o seu Multivitaminico uno por dia 60 Capsulas - Life Extension e a Lifenatura Online envia em 48 H com Portes Gratis &gt;35\u20ac de Pedido.\" \/>\n<meta property=\"og:url\" content=\"https:\/\/www.lifenatura.com\/es\/produto\/multivitaminico-uno-por-dia-60-capsulas-life-extension\/\" \/>\n<meta property=\"og:site_name\" content=\"Lifenatura\" \/>\n<meta property=\"article:publisher\" content=\"https:\/\/www.facebook.com\/lifenatura\" \/>\n<meta property=\"article:modified_time\" content=\"2023-08-21T10:13:22+00:00\" \/>\n<meta property=\"og:image\" content=\"https:\/\/www.lifenatura.com\/wp-content\/uploads\/2023\/08\/one-per-day-60-comprimidos-life-extension.jpg\" \/>\n\t<meta property=\"og:image:width\" content=\"1000\" \/>\n\t<meta property=\"og:image:height\" content=\"1000\" \/>\n\t<meta property=\"og:image:type\" content=\"image\/jpeg\" \/>\n<meta name=\"twitter:card\" content=\"summary_large_image\" \/>\n<meta name=\"twitter:label1\" content=\"Precio\" \/>\n\t<meta name=\"twitter:data1\" content=\"34,65&nbsp;&euro;\" \/>\n\t<meta name=\"twitter:label2\" content=\"Disponibilidad\" \/>\n\t<meta name=\"twitter:data2\" content=\"Disponible\" \/>\n<meta property=\"product:price:amount\" content=\"34.65\" \/>\n<meta property=\"product:price:currency\" content=\"EUR\" \/>\n<meta property=\"og:availability\" content=\"instock\" \/>\n<meta property=\"product:availability\" content=\"instock\" \/>\n<meta property=\"product:retailer_item_id\" content=\"737870231363\" \/>\n<meta property=\"product:condition\" content=\"new\" \/>\n<!-- \/ Yoast SEO Premium plugin. -->","yoast_head_json":{"title":"Multivitaminico uno por dia 60 Capsulas - Life Extension - Lifenatura","description":"El multivitam\u00ednico de una tableta al d\u00eda de Life Extension es una excelente opci\u00f3n para aquellos que necesitan vitaminas, minerales y antioxidantes.","robots":{"index":"index","follow":"follow","max-snippet":"max-snippet:-1","max-image-preview":"max-image-preview:large","max-video-preview":"max-video-preview:-1"},"canonical":"https:\/\/www.lifenatura.com\/es\/produto\/multivitaminico-uno-por-dia-60-capsulas-life-extension\/","og_locale":"es_ES","og_type":"article","og_title":"Multivitaminico uno por dia 60 Capsulas - Life Extension - Lifenatura","og_description":"Compre aqui o seu Multivitaminico uno por dia 60 Capsulas - Life Extension e a Lifenatura Online envia em 48 H com Portes Gratis >35\u20ac de Pedido.","og_url":"https:\/\/www.lifenatura.com\/es\/produto\/multivitaminico-uno-por-dia-60-capsulas-life-extension\/","og_site_name":"Lifenatura","article_publisher":"https:\/\/www.facebook.com\/lifenatura","article_modified_time":"2023-08-21T10:13:22+00:00","og_image":[{"width":1000,"height":1000,"url":"https:\/\/www.lifenatura.com\/wp-content\/uploads\/2023\/08\/one-per-day-60-comprimidos-life-extension.jpg","type":"image\/jpeg"}],"twitter_card":"summary_large_image","twitter_misc":{"Precio":"34,65&nbsp;&euro;","Disponibilidad":"Disponible"},"schema":{"@context":"https:\/\/schema.org","@graph":[{"@type":"WebPage","@id":"https:\/\/www.lifenatura.com\/es\/produto\/multivitaminico-uno-por-dia-60-capsulas-life-extension\/","url":"https:\/\/www.lifenatura.com\/es\/produto\/multivitaminico-uno-por-dia-60-capsulas-life-extension\/","name":"Multivitaminico uno por dia 60 Capsulas - Life Extension - Lifenatura","isPartOf":{"@id":"https:\/\/www.lifenatura.com\/es\/#website"},"primaryImageOfPage":{"@id":"https:\/\/www.lifenatura.com\/es\/produto\/multivitaminico-uno-por-dia-60-capsulas-life-extension\/#primaryimage"},"image":{"@id":"https:\/\/www.lifenatura.com\/es\/produto\/multivitaminico-uno-por-dia-60-capsulas-life-extension\/#primaryimage"},"thumbnailUrl":"https:\/\/www.lifenatura.com\/wp-content\/uploads\/2026\/04\/02313_One-Per-Day20Multivitamin_1-1.png","datePublished":"2023-08-21T10:00:23+00:00","dateModified":"2023-08-21T10:13:22+00:00","description":"El multivitam\u00ednico de una tableta al d\u00eda de Life Extension es una excelente opci\u00f3n para aquellos que necesitan vitaminas, minerales y antioxidantes.","breadcrumb":{"@id":"https:\/\/www.lifenatura.com\/es\/produto\/multivitaminico-uno-por-dia-60-capsulas-life-extension\/#breadcrumb"},"inLanguage":"es","potentialAction":[{"@type":"ReadAction","target":["https:\/\/www.lifenatura.com\/es\/produto\/multivitaminico-uno-por-dia-60-capsulas-life-extension\/"]}]},{"@type":"ImageObject","inLanguage":"es","@id":"https:\/\/www.lifenatura.com\/es\/produto\/multivitaminico-uno-por-dia-60-capsulas-life-extension\/#primaryimage","url":"https:\/\/www.lifenatura.com\/wp-content\/uploads\/2026\/04\/02313_One-Per-Day20Multivitamin_1-1.png","contentUrl":"https:\/\/www.lifenatura.com\/wp-content\/uploads\/2026\/04\/02313_One-Per-Day20Multivitamin_1-1.png","width":1396,"height":1226},{"@type":"BreadcrumbList","@id":"https:\/\/www.lifenatura.com\/es\/produto\/multivitaminico-uno-por-dia-60-capsulas-life-extension\/#breadcrumb","itemListElement":[{"@type":"ListItem","position":1,"name":"In\u00edcio","item":"https:\/\/www.lifenatura.com\/es\/"},{"@type":"ListItem","position":2,"name":"Todos los Productos","item":"https:\/\/www.lifenatura.com\/es\/tienda\/"},{"@type":"ListItem","position":3,"name":"Multivitaminico uno por dia 60 Capsulas &#8211; Life Extension"}]},{"@type":"WebSite","@id":"https:\/\/www.lifenatura.com\/es\/#website","url":"https:\/\/www.lifenatura.com\/es\/","name":"Lifenatura","description":"A Lifenatura \u00e9 uma loja de produtos naturais, cosm\u00e9tica natural e alimenta\u00e7\u00e3o Biol\u00f3gica.","publisher":{"@id":"https:\/\/www.lifenatura.com\/es\/#organization"},"potentialAction":[{"@type":"SearchAction","target":{"@type":"EntryPoint","urlTemplate":"https:\/\/www.lifenatura.com\/es\/?s={search_term_string}"},"query-input":{"@type":"PropertyValueSpecification","valueRequired":true,"valueName":"search_term_string"}}],"inLanguage":"es"},{"@type":"Organization","@id":"https:\/\/www.lifenatura.com\/es\/#organization","name":"Lifenatura","url":"https:\/\/www.lifenatura.com\/es\/","logo":{"@type":"ImageObject","inLanguage":"es","@id":"https:\/\/www.lifenatura.com\/es\/#\/schema\/logo\/image\/","url":"https:\/\/www.lifenatura.com\/wp-content\/uploads\/2021\/11\/logo.png","contentUrl":"https:\/\/www.lifenatura.com\/wp-content\/uploads\/2021\/11\/logo.png","width":175,"height":55,"caption":"Lifenatura"},"image":{"@id":"https:\/\/www.lifenatura.com\/es\/#\/schema\/logo\/image\/"},"sameAs":["https:\/\/www.facebook.com\/lifenatura","https:\/\/www.instagram.com\/lifenaturapt\/"]}]},"product_price_amount":"34.65","product_price_currency":"EUR","og_availability":"instock","product_availability":"instock","product_retailer_item_id":"737870231363","product_condition":"new"},"df_price":34.65,"df_sale_price":34.65,"df_regular_price":41.19,"df_image_link":"https:\/\/www.lifenatura.com\/wp-content\/uploads\/2026\/04\/02313_One-Per-Day20Multivitamin_1-1-300x263.png","_links":{"self":[{"href":"https:\/\/www.lifenatura.com\/es\/wp-json\/wp\/v2\/product\/72954","targetHints":{"allow":["GET"]}}],"collection":[{"href":"https:\/\/www.lifenatura.com\/es\/wp-json\/wp\/v2\/product"}],"about":[{"href":"https:\/\/www.lifenatura.com\/es\/wp-json\/wp\/v2\/types\/product"}],"wp:featuredmedia":[{"embeddable":true,"href":"https:\/\/www.lifenatura.com\/es\/wp-json\/wp\/v2\/media\/133503"}],"wp:attachment":[{"href":"https:\/\/www.lifenatura.com\/es\/wp-json\/wp\/v2\/media?parent=72954"}],"wp:term":[{"taxonomy":"product_brand","embeddable":true,"href":"https:\/\/www.lifenatura.com\/es\/wp-json\/wp\/v2\/product_brand?post=72954"},{"taxonomy":"product_cat","embeddable":true,"href":"https:\/\/www.lifenatura.com\/es\/wp-json\/wp\/v2\/product_cat?post=72954"},{"taxonomy":"product_tag","embeddable":true,"href":"https:\/\/www.lifenatura.com\/es\/wp-json\/wp\/v2\/product_tag?post=72954"}],"curies":[{"name":"wp","href":"https:\/\/api.w.org\/{rel}","templated":true}]}}