{"id":71828,"date":"2023-08-04T11:18:04","date_gmt":"2023-08-04T11:18:04","guid":{"rendered":"https:\/\/www.lifenatura.com\/?post_type=product&#038;p=71828"},"modified":"2023-08-04T11:23:53","modified_gmt":"2023-08-04T11:23:53","slug":"hawa-viric-60-capsulas-hawa-pharma","status":"publish","type":"product","link":"https:\/\/www.lifenatura.com\/es\/produto\/hawa-viric-60-capsulas-hawa-pharma\/","title":{"rendered":"Hawa Viric 60 c\u00e1psulas &#8211; Hawa Pharma"},"content":{"rendered":"<h2 style=\"text-align: left\"><strong>Hawa Viric para fortalecer el sistema respiratorio<\/strong><\/h2>\n<p>&nbsp;<\/p>\n<p>La formulaci\u00f3n hawa\u00aeviric tiene como objetivo contrarrestar la actividad v\u00edrica en el sistema respiratorio superior con el fin de prevenir y eliminar no s\u00f3lo los s\u00edntomas relacionados, sino tambi\u00e9n y sobre todo el proceso etiol\u00f3gico. En lugar de basarse en la acci\u00f3n aislada de una planta, hawa\u00aeviric combina las actividades antivirales e inmunomoduladoras de varios ingredientes, cuyas acciones son necesarias para contrarrestar la actividad de los principales pat\u00f3genos, as\u00ed como para mitigar otras comorbilidades.<\/p>\n<p>Los suplementos a base de plantas se utilizan desde hace mucho tiempo para tratar y prevenir las infecciones respiratorias v\u00edricas. Los compuestos naturales bioactivos suelen tener buena biocompatibilidad, biodisponibilidad y menor toxicidad. La ventaja de los medicamentos a base de plantas es que tienen efectos inmunoestimulantes y moduladores de la inflamaci\u00f3n, lo que significa que pueden ayudar a prevenir una reacci\u00f3n inmunitaria exagerada, ayudando al sistema inmunitario a hacer frente mejor a la infecci\u00f3n.<\/p>\n<p>Los virus respiratorios afectan a personas de todas las edades y son una de las principales causas de morbilidad y mortalidad en todo el mundo.<\/p>\n<p>Los virus son abundantes, ubicuos y desempe\u00f1an un papel importante en la salud de las personas, los animales y las plantas.<\/p>\n<p>La infecci\u00f3n v\u00edrica no es sin\u00f3nimo de enfermedad, ya que muchas infecciones v\u00edricas son subcl\u00ednicas (asintom\u00e1ticas, inaparentes), mientras que otras dan lugar a enfermedades de gravedad variable que suelen ir acompa\u00f1adas de signos cl\u00ednicos caracter\u00edsticos.<\/p>\n<p>Las infecciones v\u00edricas m\u00e1s comunes son las infecciones respiratorias: infecciones de la nariz, la garganta, las v\u00edas respiratorias superiores y los pulmones, que incluyen s\u00edntomas como dolor de garganta, sinusitis y resfriado com\u00fan. Otras infecciones respiratorias v\u00edricas son la gripe, la neumon\u00eda y el coronavirus.<\/p>\n<p>Las infecciones respiratorias son m\u00e1s propensas a causar s\u00edntomas graves en ni\u00f1os, ancianos, pacientes inmunodeprimidos y\/o con enfermedades pulmonares o card\u00edacas.<\/p>\n<p><strong>PRESENTACI\u00d3N<\/strong><\/p>\n<p>60 c\u00e1psulas<\/p>\n<p>&nbsp;<\/p>\n","protected":false},"excerpt":{"rendered":"<p>hawa\u00aeviric tiene como objetivo contrarrestar la actividad viral en el sistema respiratorio superior, en particular el proceso etiol\u00f3gico. [&#8230;]<\/p>\n<p><a class=\"btn btn-secondary understrap-read-more-link\" href=\"https:\/\/www.lifenatura.com\/es\/produto\/hawa-viric-60-capsulas-hawa-pharma\/\">Leer m\u00e1s&#8230;<span class=\"screen-reader-text\"> from Hawa Viric 60 c\u00e1psulas &#8211; Hawa Pharma<\/span><\/a><\/p>\n","protected":false},"featured_media":72630,"template":"","meta":{"_acf_changed":false},"product_brand":[8480],"product_cat":[7231,7211,7179],"product_tag":[],"class_list":{"0":"post-71828","1":"product","2":"type-product","3":"status-publish","4":"has-post-thumbnail","6":"product_brand-hawa-pharma","7":"product_cat-gripe","8":"product_cat-reforza-la-inmunidad-salud","9":"product_cat-salud","11":"first","12":"instock","13":"shipping-taxable","14":"purchasable","15":"product-type-simple","16":"add-to-wishlist-before_image"},"acf":[],"yoast_head":"<!-- This site is optimized with the Yoast SEO Premium plugin v27.1 (Yoast SEO v27.3) - https:\/\/yoast.com\/product\/yoast-seo-premium-wordpress\/ -->\n<title>Hawa Viric 60 c\u00e1psulas - Hawa Pharma - Lifenatura<\/title>\n<meta name=\"description\" content=\"hawa\u00aeviric tiene como objetivo contrarrestar la actividad viral en el sistema respiratorio superior, en particular el proceso etiol\u00f3gico.\" \/>\n<meta name=\"robots\" content=\"index, follow, max-snippet:-1, max-image-preview:large, max-video-preview:-1\" \/>\n<link rel=\"canonical\" href=\"https:\/\/www.lifenatura.com\/es\/produto\/hawa-viric-60-capsulas-hawa-pharma\/\" \/>\n<meta property=\"og:locale\" content=\"es_ES\" \/>\n<meta property=\"og:type\" content=\"article\" \/>\n<meta property=\"og:title\" content=\"Hawa Viric 60 c\u00e1psulas - Hawa Pharma - Lifenatura\" \/>\n<meta property=\"og:description\" content=\"Compre aqui o seu Hawa Viric 60 c\u00e1psulas - Hawa Pharma e a Lifenatura Online envia em 48 H com Portes Gratis &gt;35\u20ac de Pedido.\" \/>\n<meta property=\"og:url\" content=\"https:\/\/www.lifenatura.com\/es\/produto\/hawa-viric-60-capsulas-hawa-pharma\/\" \/>\n<meta property=\"og:site_name\" content=\"Lifenatura\" \/>\n<meta property=\"article:publisher\" content=\"https:\/\/www.facebook.com\/lifenatura\" \/>\n<meta property=\"article:modified_time\" content=\"2023-08-04T11:23:53+00:00\" \/>\n<meta property=\"og:image\" content=\"https:\/\/www.lifenatura.com\/wp-content\/uploads\/2023\/08\/hawa-viric-60-capsulas.jpg\" \/>\n\t<meta property=\"og:image:width\" content=\"1000\" \/>\n\t<meta property=\"og:image:height\" content=\"1000\" \/>\n\t<meta property=\"og:image:type\" content=\"image\/jpeg\" \/>\n<meta name=\"twitter:card\" content=\"summary_large_image\" \/>\n<meta name=\"twitter:label1\" content=\"Precio\" \/>\n\t<meta name=\"twitter:data1\" content=\"23,35&nbsp;&euro;\" \/>\n\t<meta name=\"twitter:label2\" content=\"Disponibilidad\" \/>\n\t<meta name=\"twitter:data2\" content=\"Disponible\" \/>\n<meta property=\"product:price:amount\" content=\"23.35\" \/>\n<meta property=\"product:price:currency\" content=\"EUR\" \/>\n<meta property=\"og:availability\" content=\"instock\" \/>\n<meta property=\"product:availability\" content=\"instock\" \/>\n<meta property=\"product:retailer_item_id\" content=\"5600229712873\" \/>\n<meta property=\"product:condition\" content=\"new\" \/>\n<!-- \/ Yoast SEO Premium plugin. -->","yoast_head_json":{"title":"Hawa Viric 60 c\u00e1psulas - Hawa Pharma - Lifenatura","description":"hawa\u00aeviric tiene como objetivo contrarrestar la actividad viral en el sistema respiratorio superior, en particular el proceso etiol\u00f3gico.","robots":{"index":"index","follow":"follow","max-snippet":"max-snippet:-1","max-image-preview":"max-image-preview:large","max-video-preview":"max-video-preview:-1"},"canonical":"https:\/\/www.lifenatura.com\/es\/produto\/hawa-viric-60-capsulas-hawa-pharma\/","og_locale":"es_ES","og_type":"article","og_title":"Hawa Viric 60 c\u00e1psulas - Hawa Pharma - Lifenatura","og_description":"Compre aqui o seu Hawa Viric 60 c\u00e1psulas - Hawa Pharma e a Lifenatura Online envia em 48 H com Portes Gratis >35\u20ac de Pedido.","og_url":"https:\/\/www.lifenatura.com\/es\/produto\/hawa-viric-60-capsulas-hawa-pharma\/","og_site_name":"Lifenatura","article_publisher":"https:\/\/www.facebook.com\/lifenatura","article_modified_time":"2023-08-04T11:23:53+00:00","og_image":[{"width":1000,"height":1000,"url":"https:\/\/www.lifenatura.com\/wp-content\/uploads\/2023\/08\/hawa-viric-60-capsulas.jpg","type":"image\/jpeg"}],"twitter_card":"summary_large_image","twitter_misc":{"Precio":"23,35&nbsp;&euro;","Disponibilidad":"Disponible"},"schema":{"@context":"https:\/\/schema.org","@graph":[{"@type":"WebPage","@id":"https:\/\/www.lifenatura.com\/es\/produto\/hawa-viric-60-capsulas-hawa-pharma\/","url":"https:\/\/www.lifenatura.com\/es\/produto\/hawa-viric-60-capsulas-hawa-pharma\/","name":"Hawa Viric 60 c\u00e1psulas - Hawa Pharma - Lifenatura","isPartOf":{"@id":"https:\/\/www.lifenatura.com\/es\/#website"},"primaryImageOfPage":{"@id":"https:\/\/www.lifenatura.com\/es\/produto\/hawa-viric-60-capsulas-hawa-pharma\/#primaryimage"},"image":{"@id":"https:\/\/www.lifenatura.com\/es\/produto\/hawa-viric-60-capsulas-hawa-pharma\/#primaryimage"},"thumbnailUrl":"https:\/\/www.lifenatura.com\/wp-content\/uploads\/2023\/08\/hawa-viric-60-capsulas.jpg","datePublished":"2023-08-04T11:18:04+00:00","dateModified":"2023-08-04T11:23:53+00:00","description":"hawa\u00aeviric tiene como objetivo contrarrestar la actividad viral en el sistema respiratorio superior, en particular el proceso etiol\u00f3gico.","breadcrumb":{"@id":"https:\/\/www.lifenatura.com\/es\/produto\/hawa-viric-60-capsulas-hawa-pharma\/#breadcrumb"},"inLanguage":"es","potentialAction":[{"@type":"ReadAction","target":["https:\/\/www.lifenatura.com\/es\/produto\/hawa-viric-60-capsulas-hawa-pharma\/"]}]},{"@type":"ImageObject","inLanguage":"es","@id":"https:\/\/www.lifenatura.com\/es\/produto\/hawa-viric-60-capsulas-hawa-pharma\/#primaryimage","url":"https:\/\/www.lifenatura.com\/wp-content\/uploads\/2023\/08\/hawa-viric-60-capsulas.jpg","contentUrl":"https:\/\/www.lifenatura.com\/wp-content\/uploads\/2023\/08\/hawa-viric-60-capsulas.jpg","width":1000,"height":1000,"caption":"hawa viric da Hawa Pharma"},{"@type":"BreadcrumbList","@id":"https:\/\/www.lifenatura.com\/es\/produto\/hawa-viric-60-capsulas-hawa-pharma\/#breadcrumb","itemListElement":[{"@type":"ListItem","position":1,"name":"In\u00edcio","item":"https:\/\/www.lifenatura.com\/es\/"},{"@type":"ListItem","position":2,"name":"Todos los Productos","item":"https:\/\/www.lifenatura.com\/es\/tienda\/"},{"@type":"ListItem","position":3,"name":"Hawa Viric 60 c\u00e1psulas &#8211; Hawa Pharma"}]},{"@type":"WebSite","@id":"https:\/\/www.lifenatura.com\/es\/#website","url":"https:\/\/www.lifenatura.com\/es\/","name":"Lifenatura","description":"A Lifenatura \u00e9 uma loja de produtos naturais, cosm\u00e9tica natural e alimenta\u00e7\u00e3o Biol\u00f3gica.","publisher":{"@id":"https:\/\/www.lifenatura.com\/es\/#organization"},"potentialAction":[{"@type":"SearchAction","target":{"@type":"EntryPoint","urlTemplate":"https:\/\/www.lifenatura.com\/es\/?s={search_term_string}"},"query-input":{"@type":"PropertyValueSpecification","valueRequired":true,"valueName":"search_term_string"}}],"inLanguage":"es"},{"@type":"Organization","@id":"https:\/\/www.lifenatura.com\/es\/#organization","name":"Lifenatura","url":"https:\/\/www.lifenatura.com\/es\/","logo":{"@type":"ImageObject","inLanguage":"es","@id":"https:\/\/www.lifenatura.com\/es\/#\/schema\/logo\/image\/","url":"https:\/\/www.lifenatura.com\/wp-content\/uploads\/2021\/11\/logo.png","contentUrl":"https:\/\/www.lifenatura.com\/wp-content\/uploads\/2021\/11\/logo.png","width":175,"height":55,"caption":"Lifenatura"},"image":{"@id":"https:\/\/www.lifenatura.com\/es\/#\/schema\/logo\/image\/"},"sameAs":["https:\/\/www.facebook.com\/lifenatura","https:\/\/www.instagram.com\/lifenaturapt\/"]}]},"product_price_amount":"23.35","product_price_currency":"EUR","og_availability":"instock","product_availability":"instock","product_retailer_item_id":"5600229712873","product_condition":"new"},"df_price":23.35,"df_sale_price":"","df_regular_price":23.35,"df_image_link":"https:\/\/www.lifenatura.com\/wp-content\/uploads\/2023\/08\/hawa-viric-60-capsulas-300x300.jpg","_links":{"self":[{"href":"https:\/\/www.lifenatura.com\/es\/wp-json\/wp\/v2\/product\/71828","targetHints":{"allow":["GET"]}}],"collection":[{"href":"https:\/\/www.lifenatura.com\/es\/wp-json\/wp\/v2\/product"}],"about":[{"href":"https:\/\/www.lifenatura.com\/es\/wp-json\/wp\/v2\/types\/product"}],"wp:featuredmedia":[{"embeddable":true,"href":"https:\/\/www.lifenatura.com\/es\/wp-json\/wp\/v2\/media\/72630"}],"wp:attachment":[{"href":"https:\/\/www.lifenatura.com\/es\/wp-json\/wp\/v2\/media?parent=71828"}],"wp:term":[{"taxonomy":"product_brand","embeddable":true,"href":"https:\/\/www.lifenatura.com\/es\/wp-json\/wp\/v2\/product_brand?post=71828"},{"taxonomy":"product_cat","embeddable":true,"href":"https:\/\/www.lifenatura.com\/es\/wp-json\/wp\/v2\/product_cat?post=71828"},{"taxonomy":"product_tag","embeddable":true,"href":"https:\/\/www.lifenatura.com\/es\/wp-json\/wp\/v2\/product_tag?post=71828"}],"curies":[{"name":"wp","href":"https:\/\/api.w.org\/{rel}","templated":true}]}}